{"id":6797,"date":"2025-06-02T12:32:19","date_gmt":"2025-06-02T12:32:19","guid":{"rendered":"https:\/\/sinoextrud.com\/product\/anodized-aluminum-frame-extrusion-for-picture-price-per-pound\/"},"modified":"2025-06-24T06:11:42","modified_gmt":"2025-06-24T06:11:42","slug":"eloxovany-hlinikovy-ramovy-vylisek-pro-obraz-cena-za-libru","status":"publish","type":"product","link":"https:\/\/sinoextrud.com\/cs\/product\/anodized-aluminum-frame-extrusion-for-picture-price-per-pound\/","title":{"rendered":"eloxovan\u00fd hlin\u00edkov\u00fd r\u00e1mov\u00fd v\u00fdlisek pro obraz cena za libru"},"content":{"rendered":"<h2>Podrobnosti o produktech<\/h2>\n<table class=\"custom-table\">\n<tr>\n<td class=\"label\">Polo\u017eka:<\/td>\n<td> eloxovan\u00fd hlin\u00edkov\u00fd r\u00e1mov\u00fd v\u00fdlisek pro obraz cena za libru<\/td>\n<\/tr>\n<tr>\n<td class=\"label\">Profil z le\u0161t\u011bn\u00e9ho hlin\u00edku:<\/td>\n<td> Mechanick\u00e9 le\u0161t\u011bn\u00ed<\/td>\n<\/tr>\n<tr>\n<td class=\"label\">Materi\u00e1l:<\/td>\n<td> 6063-T5, 6463-t5<\/td>\n<\/tr>\n<tr>\n<td class=\"label\">Hloubkov\u00fd proces:<\/td>\n<td> Vrt\u00e1n\u00ed, z\u00e1vitov\u00e1n\u00ed, d\u011brov\u00e1n\u00ed, \u0159ez\u00e1n\u00ed, oh\u00fdb\u00e1n\u00ed<\/td>\n<\/tr>\n<tr>\n<td class=\"label\">P\u016fvod:<\/td>\n<td> \u010c\u00edna<\/td>\n<\/tr>\n<tr>\n<td class=\"label\">Typ:<\/td>\n<td> Dekora\u010dn\u00ed hlin\u00edkov\u00fd profil<\/td>\n<\/tr>\n<tr>\n<td class=\"label\">M\u00edrnost:<\/td>\n<td> T3-T8<\/td>\n<\/tr>\n<tr>\n<td class=\"label\">Slitina:<\/td>\n<td> Slitina<\/td>\n<\/tr>\n<tr>\n<td class=\"label\">Certifikace:<\/td>\n<td> SONCAP, ISO, CIQ, RoHS, TUV<\/td>\n<\/tr>\n<tr>\n<td class=\"label\">V\u00fdrobek:<\/td>\n<td> hlin\u00edkov\u00fd v\u00fdlisek pro r\u00e1m obrazu<\/td>\n<\/tr>\n<tr>\n<td class=\"label\">K\u00f3d HS:<\/td>\n<td> 7604210000<\/td>\n<\/tr>\n<\/table>\n<h2>Na\u0161e v\u00fdrobn\u00ed z\u00e1kladna<\/h2>\n<h3>Panorama tov\u00e1rny<\/h3>\n<p><img decoding=\"async\" src=\"\/wp-content\/uploads\/factory-01.webp\"\/><\/p>\n<h3>D\u00edlna na v\u00fdrobu hlin\u00edkov\u00fdch ty\u010d\u00ed<\/h3>\n<p><img decoding=\"async\" src=\"\/wp-content\/uploads\/factory-02.webp\"\/><\/p>\n<p><img decoding=\"async\" src=\"\/wp-content\/uploads\/factory-03.webp\"\/><\/p>\n<h3>Sklad pl\u00edsn\u00ed<\/h3>\n<p><img decoding=\"async\" src=\"\/wp-content\/uploads\/factory-04.webp\"\/><\/p>\n<h3>43 linek na vytla\u010dov\u00e1n\u00ed hlin\u00edku (500-5500 tun)<\/h3>\n<p><img decoding=\"async\" src=\"\/wp-content\/uploads\/factory-05.webp\"\/><\/p>\n<p><img decoding=\"async\" src=\"\/wp-content\/uploads\/factory-06.webp\"\/><\/p>\n<p><img decoding=\"async\" src=\"\/wp-content\/uploads\/factory-07.webp\"\/><\/p>\n<h3>D\u00edlna pr\u00e1\u0161kov\u00e9ho lakov\u00e1n\u00ed<\/h3>\n<p><img decoding=\"async\" src=\"\/wp-content\/uploads\/factory-09.webp\"\/><\/p>\n<h3>D\u00edlna eloxov\u00e1n\u00ed<\/h3>\n<p><img decoding=\"async\" src=\"\/wp-content\/uploads\/factory-10.webp\"\/><\/p>\n<h3>Workshop o hloubkov\u00e9m zpracov\u00e1n\u00ed<\/h3>\n<p><img decoding=\"async\" src=\"\/wp-content\/uploads\/factory-11.webp\"\/><\/p>\n<h3>D\u00edlna CNC p\u0159esn\u00e9ho obr\u00e1b\u011bn\u00ed<\/h3>\n<p><img decoding=\"async\" src=\"\/wp-content\/uploads\/factory-11.5.webp\"\/><\/p>\n<h3>Sklad hotov\u00fdch v\u00fdrobk\u016f a exportn\u00ed sklad<\/h3>\n<p><img decoding=\"async\" src=\"\/wp-content\/uploads\/factory-12.webp\"\/><\/p>\n<p><img decoding=\"async\" src=\"\/wp-content\/uploads\/factory-13.webp\"\/><\/p>\n<p><img decoding=\"async\" src=\"\/wp-content\/uploads\/factory-14.webp\"\/><\/p>\n<h2>\u010cASTO KLADEN\u00c9 DOTAZY<\/h2>\n<p><p><b>1.Jak\u00e1 je pr\u016fm\u011brn\u00e1 cena za libru eloxovan\u00fdch hlin\u00edkov\u00fdch v\u00fdlisk\u016f pro r\u00e1my obraz\u016f? <\/b><\/p>\n<p> Pr\u016fm\u011brn\u00e1 cena se pohybuje od $3 do $5 za libru v z\u00e1vislosti na slo\u017eitosti profilu, povrchov\u00e9 \u00faprav\u011b a objemu objedn\u00e1vky.<br \/>\n<\/p><br \/>\n<br \/>\n<p><b>2.Pro\u010d zvolit eloxovan\u00fd hlin\u00edk pro r\u00e1my obraz\u016f? <\/b><\/p>\n<p> Eloxovan\u00fd hlin\u00edk nab\u00edz\u00ed zv\u00fd\u0161enou odolnost proti korozi, profesion\u00e1ln\u00ed povrchovou \u00fapravu a n\u00edzkou hmotnost - ide\u00e1ln\u00ed pro r\u00e1mov\u00e1n\u00ed.<br \/>\n<\/p><br \/>\n<br \/>\n<p><b>3.Jak\u00e1 slitina se pou\u017e\u00edv\u00e1 v hlin\u00edkov\u00fdch v\u00fdlisc\u00edch pro r\u00e1my obraz\u016f? <\/b><\/p>\n<p> 6063-T5 se b\u011b\u017en\u011b pou\u017e\u00edv\u00e1 d\u00edky vynikaj\u00edc\u00ed kvalit\u011b povrchu a snadn\u00e9mu vytla\u010dov\u00e1n\u00ed do slo\u017eit\u00fdch ozdobn\u00fdch profil\u016f.<br \/>\n<\/p><br \/>\n<br \/>\n<p><b>4.Lze tyto profily p\u0159izp\u016fsobit z hlediska designu a povrchov\u00e9 \u00fapravy? <\/b><\/p>\n<p> Ano, v\u00fdrobci nab\u00edzej\u00ed slu\u017eby OEM pro vlastn\u00ed velikosti, pr\u016f\u0159ezy a eloxovan\u00e9 barevn\u00e9 varianty, jako je st\u0159\u00edbrn\u00e1, \u010dern\u00e1 a zlat\u00e1.<br \/>\n<\/p><br \/>\n<br \/>\n<p><b>5.Jsou eloxovan\u00e9 hlin\u00edkov\u00e9 r\u00e1my vhodn\u00e9 pro komer\u010dn\u00ed r\u00e1mov\u00e1n\u00ed? <\/b><\/p>\n<p> D\u00edky sv\u00e9 trvanlivosti a estetick\u00e9mu vzhledu jsou obl\u00edben\u00e9 v galeri\u00edch, na v\u00fdstav\u00e1ch a v maloobchodn\u00edch expozic\u00edch.<br \/>\n<\/p><br \/>\n<br \/>\n<p><b>6.Je cenov\u011b v\u00fdhodn\u011bj\u0161\u00ed nakupovat eloxovan\u00e9 hlin\u00edkov\u00e9 r\u00e1my ve velk\u00e9m? <\/b><\/p>\n<p> Ano, n\u00e1kup ve velk\u00e9m z tov\u00e1ren v\u00fdrazn\u011b sni\u017euje n\u00e1klady na kilogram a zaji\u0161\u0165uje st\u00e1lou kvalitu a dod\u00e1vky.<br \/>\n<\/p><br \/>\n<br \/>\n<p><b>7.Jak ovliv\u0148uje eloxov\u00e1n\u00ed trvanlivost hlin\u00edkov\u00fdch r\u00e1m\u016f? <\/b><\/p>\n<p> Eloxov\u00e1n\u00ed zvy\u0161uje tvrdost povrchu, odol\u00e1v\u00e1 po\u0161kr\u00e1b\u00e1n\u00ed a zabra\u0148uje oxidaci, \u010d\u00edm\u017e prodlu\u017euje \u017eivotnost r\u00e1mu.<br \/>\n<\/p><br \/>\n<br \/>\n<p><b>8.Jak\u00e1 pr\u016fmyslov\u00e1 odv\u011btv\u00ed pou\u017e\u00edvaj\u00ed eloxovan\u00e9 hlin\u00edkov\u00e9 v\u00fdlisky pro r\u00e1my obraz\u016f? <\/b><\/p>\n<p> Tyto profily se hojn\u011b pou\u017e\u00edvaj\u00ed v dom\u00e1c\u00edch dekorac\u00edch, um\u011bleck\u00fdch r\u00e1mech, zna\u010den\u00edch a firemn\u00edch zna\u010dkov\u00fdch displej\u00edch.<br \/>\n<\/p><br \/><\/p>","protected":false},"featured_media":6796,"template":"","categories":[67],"class_list":["post-6797","product","type-product","status-publish","has-post-thumbnail","hentry","category-architectural-aluminium-profile"],"meta_box":{"hilight_text_group":{"product_hilight_text":"<li>Lightweight and corrosion-resistant anodized aluminum frame extrusions designed for picture framing<\/li>\r\r\n<li>Manufactured using high-quality 6063-T5 alloy for excellent formability and surface finish<\/li>\r\r\n<li>Available in custom shapes and colors with a durable anodized coating<\/li>\r\r\n<li>Perfect for both decorative and functional use in galleries, retail, and personal framing<\/li>\r\r\n<li>Cost-efficient production with factory-direct pricing per pound for bulk orders<\/li>","product_chanpin_blog":"<ul>\r\r\n<li><a href=\"https:\/\/sinoextrud.com\/t-slot-v-slot-differences\/\" target=\"_blank\">t slot vs v slot<\/a><\/li>\r\r\n<li><a href=\"https:\/\/sinoextrud.com\/what-is-4040-aluminium-extrud\/\" target=\"_blank\">4040 aluminium extrusion<\/a><\/li>\r\r\n<li><a href=\"https:\/\/sinoextrud.com\/what-is-4040-aluminium-extrud\/\" target=\"_blank\">aluminum extrusions for industrial racks<\/a><\/li>\r\r\n<li><a href=\"https:\/\/sinoextrud.com\/powder-coating-aluminium-process\/\" target=\"_blank\">powder coating aluminium<\/a><\/li>\r\r\n<li><a href=\"https:\/\/sinoextrud.com\/what-is-an-aluminium-strip-ceiling\/\" target=\"_blank\">aluminium strip ceiling<\/a><\/li>\r\r\n<li><a href=\"https:\/\/sinoextrud.com\/what-is-a-heat-sink\/\" target=\"_blank\">what is a heat sink<\/a><\/li>\r\r\n<\/ul>","product_chanpin_chanpin":"<li><a href=\"https:\/\/sinoextrud.com\/product\/aluminium-sliding-door-profiles\/\" target=\"_blank\">Aluminium Sliding Door Profiles<\/a><\/li>\r\n<li><a href=\"https:\/\/sinoextrud.com\/product\/aluminium-window-parts-names-sliding-6063-material-framing-profile\/\" target=\"_blank\">aluminium window parts names sliding 6063 material framing profile<\/a><\/li>\r\n<li><a href=\"https:\/\/sinoextrud.com\/product\/aluminum-angle-extrusion\/\" target=\"_blank\">Aluminum Angle Extrusion<\/a><\/li>\r\n<li><a href=\"https:\/\/sinoextrud.com\/product\/aluminium-sliding-door-pictures-new-update-sliding-wardrobe-doors-profile-manufacturers-oem-value-frame-extrusion\/\" target=\"_blank\">aluminium sliding door pictures new update sliding wardrobe doors profile manufacturers OEM value frame extrusion<\/a><\/li>\r\n<li><a href=\"https:\/\/sinoextrud.com\/product\/anodized-aluminum-frame-extrusion-for-picture-price-per-pound\/\" target=\"_blank\">anodized aluminum frame extrusion for picture price per pound<\/a><\/li>\r\n<li><a href=\"https:\/\/sinoextrud.com\/product\/anodise-aluminum-curtain-wall-profile-with-custom-shape-alloy-6063\/\" target=\"_blank\">Anodise Aluminum Curtain Wall Profile With Custom Shape Alloy 6063<\/a><\/li>\r\n<li><a href=\"https:\/\/sinoextrud.com\/product\/sand-blastedsand-blastedaluminium-profile-extuded-for-handrail-and-barrier-with-internation-standard\/\" target=\"_blank\">Sand BlastedSand BlastedAluminium Profile Extuded For Handrail And Barrier With Internation Standard<\/a><\/li>\r\n<li><a href=\"https:\/\/sinoextrud.com\/product\/aluminum-thermal-break-profile-for-window-and-door\/\" target=\"_blank\">Aluminum Thermal Break Profile for Window And Door<\/a><\/li>\r\n<li><a href=\"https:\/\/sinoextrud.com\/product\/aluminium-louver-profile\/\" target=\"_blank\">Aluminium Louver Profile<\/a><\/li>\r\n<li><a href=\"https:\/\/sinoextrud.com\/product\/aluminium-profile-rail\/\" target=\"_blank\">Aluminium Profile Rail<\/a><\/li>\r\n<li><a href=\"https:\/\/sinoextrud.com\/product\/cnc-machined-6063-aluminium-extrusion-product\/\" target=\"_blank\">CNC Machined 6063 Aluminium Extrusion Product<\/a><\/li>"},"feature_list":[]},"_links":{"self":[{"href":"https:\/\/sinoextrud.com\/cs\/wp-json\/wp\/v2\/product\/6797","targetHints":{"allow":["GET"]}}],"collection":[{"href":"https:\/\/sinoextrud.com\/cs\/wp-json\/wp\/v2\/product"}],"about":[{"href":"https:\/\/sinoextrud.com\/cs\/wp-json\/wp\/v2\/types\/product"}],"wp:featuredmedia":[{"embeddable":true,"href":"https:\/\/sinoextrud.com\/cs\/wp-json\/wp\/v2\/media\/6796"}],"wp:attachment":[{"href":"https:\/\/sinoextrud.com\/cs\/wp-json\/wp\/v2\/media?parent=6797"}],"wp:term":[{"taxonomy":"category","embeddable":true,"href":"https:\/\/sinoextrud.com\/cs\/wp-json\/wp\/v2\/categories?post=6797"}],"curies":[{"name":"wp","href":"https:\/\/api.w.org\/{rel}","templated":true}]}}