{"id":6785,"date":"2025-06-01T15:25:04","date_gmt":"2025-06-01T15:25:04","guid":{"rendered":"https:\/\/sinoextrud.com\/product\/extruded-aluminum-profiles-prices-competitive-99-pure-aluminum-ingot-curtain-wall-aluminum-profile-extrusion-manufacturers\/"},"modified":"2025-06-24T06:11:41","modified_gmt":"2025-06-24T06:11:41","slug":"vytlacovane-hlinikove-profily-ceny-konkurencni-99-cisty-hlinikovy-ingot-zavesove-steny-hlinikovy-profil-vytlacovani-vyrobci","status":"publish","type":"product","link":"https:\/\/sinoextrud.com\/cs\/product\/extruded-aluminum-profiles-prices-competitive-99-pure-aluminum-ingot-curtain-wall-aluminum-profile-extrusion-manufacturers\/","title":{"rendered":"Extrudovan\u00e9 hlin\u00edkov\u00e9 profily ceny konkuren\u010dn\u00ed 99% \u010dist\u00fd hlin\u00edkov\u00fd ingot z\u00e1v\u011bsov\u00e9 st\u011bny hlin\u00edkov\u00fd profil vytla\u010dov\u00e1n\u00ed v\u00fdrobc\u016f"},"content":{"rendered":"<h2>Podrobnosti o produktech<\/h2>\n<table class=\"custom-table\">\n<tr>\n<td class=\"label\">T\u0159\u00edda:<\/td>\n<td>\u0158ada 6000<\/td>\n<\/tr>\n<tr>\n<td class=\"label\">Pou\u017eit\u00ed:<\/td>\n<td>hlin\u00edkov\u00e1 z\u00e1v\u011bsov\u00e1 st\u011bna<\/td>\n<\/tr>\n<tr>\n<td class=\"label\">M\u00edrnost:<\/td>\n<td>T3-T8<\/td>\n<\/tr>\n<tr>\n<td class=\"label\">Hlin\u00edkov\u00e9 profily oken a dve\u0159\u00ed:<\/td>\n<td>\u0158ada 6000<\/td>\n<\/tr>\n<tr>\n<td class=\"label\">Slitina:<\/td>\n<td>Slitina<\/td>\n<\/tr>\n<tr>\n<td class=\"label\">Typ podnik\u00e1n\u00ed:<\/td>\n<td>30 let historie v\u00fdroby<\/td>\n<\/tr>\n<tr>\n<td class=\"label\">Dokon\u010den\u00ed:<\/td>\n<td>eloxovan\u00e9, pr\u00e1\u0161kov\u011b lakovan\u00e9, p\u00edskovan\u00e9<\/td>\n<\/tr>\n<tr>\n<td class=\"label\">P\u0159epravn\u00ed bal\u00ed\u010dek:<\/td>\n<td>Plastov\u00fd pap\u00edr zabalen\u00fd v kraftov\u00e9m pap\u00edru<\/td>\n<\/tr>\n<tr>\n<td class=\"label\">P\u016fvod:<\/td>\n<td>\u010c\u00edna, Guangdong<\/td>\n<\/tr>\n<tr>\n<td class=\"label\">Certifikace:<\/td>\n<td>SGS, CE, ISO<\/td>\n<\/tr>\n<tr>\n<td class=\"label\">Tvar:<\/td>\n<td>na m\u00edru<\/td>\n<\/tr>\n<tr>\n<td class=\"label\">Povrchov\u00e1 \u00faprava:<\/td>\n<td>Anodick\u00e1 oxidace<\/td>\n<\/tr>\n<tr>\n<td class=\"label\">Leguj\u00edc\u00ed slo\u017eka:<\/td>\n<td>6063 \u010dist\u00fd hlin\u00edkov\u00fd ingot<\/td>\n<\/tr>\n<tr>\n<td class=\"label\">Profil z le\u0161t\u011bn\u00e9ho hlin\u00edku:<\/td>\n<td>Mechanick\u00e9 le\u0161t\u011bn\u00ed<\/td>\n<\/tr>\n<tr>\n<td class=\"label\">V\u00fdrobek:<\/td>\n<td>Vytla\u010dov\u00e1n\u00ed hlin\u00edkov\u00fdch profil\u016f<\/td>\n<\/tr>\n<tr>\n<td class=\"label\">V\u00fdhoda:<\/td>\n<td>Siln\u00e1 technick\u00e1 podpora<\/td>\n<\/tr>\n<tr>\n<td class=\"label\">Ochrann\u00e1 zn\u00e1mka:<\/td>\n<td>Sinoextrud hlin\u00edkov\u00fd profil vytla\u010dov\u00e1n\u00ed v\u00fdrobc\u016f, OEM<\/td>\n<\/tr>\n<tr>\n<td class=\"label\">Specifikace:<\/td>\n<td>ISO 9001<\/td>\n<\/tr>\n<tr>\n<td class=\"label\">K\u00f3d HS:<\/td>\n<td>760429900<\/td>\n<\/tr>\n<\/table>\n<h2>Na\u0161e v\u00fdrobn\u00ed z\u00e1kladna<\/h2>\n<h3>Panorama tov\u00e1rny<\/h3>\n<p><img decoding=\"async\" src=\"\/wp-content\/uploads\/factory-01.webp\"\/><\/p>\n<h3>D\u00edlna na v\u00fdrobu hlin\u00edkov\u00fdch ty\u010d\u00ed<\/h3>\n<p><img decoding=\"async\" src=\"\/wp-content\/uploads\/factory-02.webp\"\/><\/p>\n<p><img decoding=\"async\" src=\"\/wp-content\/uploads\/factory-03.webp\"\/><\/p>\n<h3>Sklad pl\u00edsn\u00ed<\/h3>\n<p><img decoding=\"async\" src=\"\/wp-content\/uploads\/factory-04.webp\"\/><\/p>\n<h3>43 linek na vytla\u010dov\u00e1n\u00ed hlin\u00edku (500 - 5500 tun)<\/h3>\n<p><img decoding=\"async\" src=\"\/wp-content\/uploads\/factory-05.webp\"\/><\/p>\n<p><img decoding=\"async\" src=\"\/wp-content\/uploads\/factory-06.webp\"\/><\/p>\n<p><img decoding=\"async\" src=\"\/wp-content\/uploads\/factory-07.webp\"\/><\/p>\n<h3>D\u00edlna pr\u00e1\u0161kov\u00e9ho lakov\u00e1n\u00ed<\/h3>\n<p><img decoding=\"async\" src=\"\/wp-content\/uploads\/factory-09.webp\"\/><\/p>\n<h3>D\u00edlna eloxov\u00e1n\u00ed<\/h3>\n<p><img decoding=\"async\" src=\"\/wp-content\/uploads\/factory-10.webp\"\/><\/p>\n<h3>Workshop o hloubkov\u00e9m zpracov\u00e1n\u00ed<\/h3>\n<p><img decoding=\"async\" src=\"\/wp-content\/uploads\/factory-11.webp\"\/><\/p>\n<h3>D\u00edlna CNC p\u0159esn\u00e9ho obr\u00e1b\u011bn\u00ed<\/h3>\n<p><img decoding=\"async\" src=\"\/wp-content\/uploads\/factory-11.5.webp\"\/><\/p>\n<h3>Sklad hotov\u00fdch v\u00fdrobk\u016f a exportn\u00ed sklad<\/h3>\n<p><img decoding=\"async\" src=\"\/wp-content\/uploads\/factory-12.webp\"\/><\/p>\n<p><img decoding=\"async\" src=\"\/wp-content\/uploads\/factory-13.webp\"\/><\/p>\n<p><img decoding=\"async\" src=\"\/wp-content\/uploads\/factory-14.webp\"\/><\/p>\n<h2>\u010cASTO KLADEN\u00c9 DOTAZY<\/h2>\n<p><p><b>1.Co jsou extrudovan\u00e9 hlin\u00edkov\u00e9 profily?<\/b><\/p>\n<p>Extrudovan\u00e9 hlin\u00edkov\u00e9 profily vznikaj\u00ed protla\u010dov\u00e1n\u00edm hlin\u00edku lisovac\u00ed matric\u00ed a vytv\u00e1\u0159ej\u00ed specifick\u00e9 tvary, kter\u00e9 nab\u00edzej\u00ed vysokou p\u0159esnost a pevnost pro r\u016fzn\u00e9 aplikace.<br \/>\n<\/p><br \/>\n<br \/>\n<p><b>2.Pro\u010d jsou va\u0161e extrudovan\u00e9 hlin\u00edkov\u00e9 profily cenov\u011b konkurenceschopn\u00e9?<\/b><\/p>\n<p>D\u00edky efektivn\u00edm v\u00fdrobn\u00edm metod\u00e1m a velkos\u00e9riov\u00e9 v\u00fdrob\u011b nab\u00edz\u00edme konkurenceschopn\u00e9 ceny, tak\u017ee na\u0161e profily jsou cenov\u011b v\u00fdhodn\u00e9 i pro rozs\u00e1hl\u00e9 projekty.<br \/>\n<\/p><br \/>\n<br \/>\n<p><b>3.Jak\u00e1 je v\u00fdhoda pou\u017eit\u00ed \u010dist\u00fdch hlin\u00edkov\u00fdch ingot\u016f 99% pro vytla\u010dov\u00e1n\u00ed?<\/b><\/p>\n<p>Pou\u017eit\u00ed ingot\u016f z \u010dist\u00e9ho hlin\u00edku 99% zaji\u0161\u0165uje vysokou pevnost, vynikaj\u00edc\u00ed odolnost proti korozi a vynikaj\u00edc\u00ed v\u00fdkon v n\u00e1ro\u010dn\u00fdch aplikac\u00edch, jako jsou nap\u0159\u00edklad z\u00e1v\u011bsov\u00e9 st\u011bny.<br \/>\n<\/p><br \/>\n<br \/>\n<p><b>4.Jsou extrudovan\u00e9 hlin\u00edkov\u00e9 profily vhodn\u00e9 pro pou\u017eit\u00ed v z\u00e1v\u011bsov\u00fdch st\u011bn\u00e1ch?<\/b><\/p>\n<p>Ano, na\u0161e extrudovan\u00e9 hlin\u00edkov\u00e9 profily jsou ide\u00e1ln\u00ed pro syst\u00e9my obvodov\u00fdch st\u011bn, proto\u017ee nab\u00edzej\u00ed jak estetick\u00fd vzhled, tak konstruk\u010dn\u00ed pevnost pot\u0159ebnou pro velk\u00e9 budovy.<br \/>\n<\/p><br \/>\n<br \/>\n<p><b>5.Mohu hlin\u00edkov\u00e9 profily p\u0159izp\u016fsobit sv\u00e9mu projektu?<\/b><\/p>\n<p>Ano, nab\u00edz\u00edme p\u0159izp\u016fsobiteln\u00e9 vytla\u010dovac\u00ed profily, kter\u00e9 spl\u0148uj\u00ed specifick\u00e9 po\u017eadavky projektu a umo\u017e\u0148uj\u00ed \u0159e\u0161en\u00ed na m\u00edru v oblasti designu a funk\u010dnosti.<br \/>\n<\/p><br \/>\n<br \/>\n<p><b>6.Jak odoln\u00e9 jsou va\u0161e lisovan\u00e9 hlin\u00edkov\u00e9 profily?<\/b><\/p>\n<p>Na\u0161e extrudovan\u00e9 hlin\u00edkov\u00e9 profily vyroben\u00e9 z vysoce kvalitn\u00edho \u010dist\u00e9ho hlin\u00edku 99% jsou vysoce trvanliv\u00e9 a odoln\u00e9 v\u016f\u010di pov\u011btrnostn\u00edm vliv\u016fm, co\u017e zaru\u010duje jejich dlouhou \u017eivotnost.<br \/>\n<\/p><br \/>\n<br \/>\n<p><b>7.Jsou va\u0161e hlin\u00edkov\u00e9 profily \u0161etrn\u00e9 k \u017eivotn\u00edmu prost\u0159ed\u00ed?<\/b><\/p>\n<p>Ano, hlin\u00edk je pln\u011b recyklovateln\u00fd a vyr\u00e1b\u00ed se udr\u017eiteln\u00fdmi metodami, tak\u017ee na\u0161e profily jsou ekologicky odpov\u011bdnou volbou.<br \/>\n<\/p><br \/>\n<br \/>\n<p><b>8.Jak\u00e9 jsou v\u00fdhody v\u00fdb\u011bru extrudovan\u00e9ho hlin\u00edku oproti jin\u00fdm materi\u00e1l\u016fm?<\/b><\/p>\n<p>Extrudovan\u00fd hlin\u00edk nab\u00edz\u00ed v\u00fdjime\u010dn\u00fd pom\u011br pevnosti a hmotnosti, odolnost proti korozi a flexibilitu p\u0159i navrhov\u00e1n\u00ed, co\u017e z n\u011bj \u010din\u00ed ide\u00e1ln\u00ed volbu pro r\u016fzn\u00e9 aplikace.<br \/>\n<\/p><br \/>\n<br \/>\n<p><b>9.Pro\u010d bych si m\u011bl pro sv\u016fj projekt obvodov\u00e9 st\u011bny vybrat va\u0161e hlin\u00edkov\u00e9 profily?<\/b><\/p>\n<p>Na\u0161e extrudovan\u00e9 hlin\u00edkov\u00e9 profily jsou speci\u00e1ln\u011b navr\u017eeny pro syst\u00e9my obvodov\u00fdch st\u011bn a nab\u00edzej\u00ed vynikaj\u00edc\u00ed v\u00fdkon, trvanlivost a estetickou kvalitu za konkurenceschopn\u00e9 ceny.<br \/>\n<\/p><br \/><\/p>","protected":false},"featured_media":6784,"template":"","categories":[67],"class_list":["post-6785","product","type-product","status-publish","has-post-thumbnail","hentry","category-architectural-aluminium-profile"],"meta_box":{"hilight_text_group":{"product_hilight_text":"<li>Competitive pricing for extruded aluminum profiles, ensuring cost-effective solutions for large projects.<\/li>\r\r\n<li>Made from 99% pure aluminum ingots, offering high strength, durability, and resistance to corrosion.<\/li>\r\r\n<li>Ideal for curtain wall applications, providing excellent structural integrity and aesthetic appeal.<\/li>\r\r\n<li>Customizable extrusion profiles to meet specific project requirements, offering versatility in design.<\/li>\r\r\n<li>Reliable and consistent quality from experienced manufacturers, ensuring long-lasting performance.<\/li>\r\r\n<li>Environmentally friendly, as aluminum is fully recyclable and produced with sustainable practices.<\/li>","product_chanpin_blog":"<ul>\r\r\n<li><a href=\"https:\/\/sinoextrud.com\/t-slot-v-slot-differences\/\" target=\"_blank\">t slot vs v slot<\/a><\/li>\r\r\n<li><a href=\"https:\/\/sinoextrud.com\/what-is-4040-aluminium-extrud\/\" target=\"_blank\">4040 aluminium extrusion<\/a><\/li>\r\r\n<li><a href=\"https:\/\/sinoextrud.com\/what-is-4040-aluminium-extrud\/\" target=\"_blank\">aluminum extrusions for industrial racks<\/a><\/li>\r\r\n<li><a href=\"https:\/\/sinoextrud.com\/powder-coating-aluminium-process\/\" target=\"_blank\">powder coating aluminium<\/a><\/li>\r\r\n<li><a href=\"https:\/\/sinoextrud.com\/what-is-an-aluminium-strip-ceiling\/\" target=\"_blank\">aluminium strip ceiling<\/a><\/li>\r\r\n<li><a href=\"https:\/\/sinoextrud.com\/what-is-a-heat-sink\/\" target=\"_blank\">what is a heat sink<\/a><\/li>\r\r\n<\/ul>","product_chanpin_chanpin":"<li><a href=\"https:\/\/sinoextrud.com\/product\/aluminium-extrusion-profile-for-furniture-aluminum-profile-with-alloy-6063-t5-supplied-by-china-factory\/\" target=\"_blank\">Aluminium Extrusion Profile for Furniture Aluminum Profile With Alloy 6063 T5 Supplied By China Factory<\/a><\/li>\r\n<li><a href=\"https:\/\/sinoextrud.com\/product\/aluminium-shop-front-extrusions\/\" target=\"_blank\">Aluminium Shop Front Extrusions<\/a><\/li>\r\n<li><a href=\"https:\/\/sinoextrud.com\/product\/extruded-aluminum-handrail\/\" target=\"_blank\">Extruded Aluminum Handrail<\/a><\/li>\r\n<li><a href=\"https:\/\/sinoextrud.com\/product\/aluminum-mill-finish\/\" target=\"_blank\">Aluminum Mill Finish<\/a><\/li>\r\n<li><a href=\"https:\/\/sinoextrud.com\/product\/extruded-aluminum-profiles-prices-competitive-99-pure-aluminum-ingot-curtain-wall-aluminum-profile-extrusion-manufacturers\/\" target=\"_blank\">Extruded aluminum profiles prices competitive 99% pure aluminum ingot curtain wall aluminum profile extrusion manufacturers<\/a><\/li>\r\n<li><a href=\"https:\/\/sinoextrud.com\/product\/aluminium-sliding-door-profiles\/\" target=\"_blank\">Aluminium Sliding Door Profiles<\/a><\/li>\r\n<li><a href=\"https:\/\/sinoextrud.com\/product\/aluminium-window-parts-names-sliding-6063-material-framing-profile\/\" target=\"_blank\">aluminium window parts names sliding 6063 material framing profile<\/a><\/li>\r\n<li><a href=\"https:\/\/sinoextrud.com\/product\/aluminum-angle-extrusion\/\" target=\"_blank\">Aluminum Angle Extrusion<\/a><\/li>\r\n<li><a href=\"https:\/\/sinoextrud.com\/product\/aluminium-sliding-door-pictures-new-update-sliding-wardrobe-doors-profile-manufacturers-oem-value-frame-extrusion\/\" target=\"_blank\">aluminium sliding door pictures new update sliding wardrobe doors profile manufacturers OEM value frame extrusion<\/a><\/li>\r\n<li><a href=\"https:\/\/sinoextrud.com\/product\/extude-aluminum-t-slot-and-v-slot-profile\/\" target=\"_blank\">Extude-Aluminum T Slot And V Slot Profile<\/a><\/li>\r\n<li><a href=\"https:\/\/sinoextrud.com\/product\/aluminium-sliding-door-matt-bronze\/\" target=\"_blank\">Aluminium Sliding Door Matt Bronze<\/a><\/li>"},"feature_list":[]},"_links":{"self":[{"href":"https:\/\/sinoextrud.com\/cs\/wp-json\/wp\/v2\/product\/6785","targetHints":{"allow":["GET"]}}],"collection":[{"href":"https:\/\/sinoextrud.com\/cs\/wp-json\/wp\/v2\/product"}],"about":[{"href":"https:\/\/sinoextrud.com\/cs\/wp-json\/wp\/v2\/types\/product"}],"wp:featuredmedia":[{"embeddable":true,"href":"https:\/\/sinoextrud.com\/cs\/wp-json\/wp\/v2\/media\/6784"}],"wp:attachment":[{"href":"https:\/\/sinoextrud.com\/cs\/wp-json\/wp\/v2\/media?parent=6785"}],"wp:term":[{"taxonomy":"category","embeddable":true,"href":"https:\/\/sinoextrud.com\/cs\/wp-json\/wp\/v2\/categories?post=6785"}],"curies":[{"name":"wp","href":"https:\/\/api.w.org\/{rel}","templated":true}]}}