{"id":6783,"date":"2025-06-01T15:23:30","date_gmt":"2025-06-01T15:23:30","guid":{"rendered":"https:\/\/sinoextrud.com\/product\/aluminum-mill-finish\/"},"modified":"2025-06-24T06:11:41","modified_gmt":"2025-06-24T06:11:41","slug":"povrchova-uprava-hlinikovym-mlynem","status":"publish","type":"product","link":"https:\/\/sinoextrud.com\/cs\/product\/aluminum-mill-finish\/","title":{"rendered":"Povrchov\u00e1 \u00faprava hlin\u00edku"},"content":{"rendered":"<h2>Podrobnosti o produktech<\/h2>\n<table class=\"custom-table\">\n<tr>\n<td class=\"label\">Polo\u017eka\/tvar:<\/td>\n<td>Hlin\u00edkov\u00fd ml\u00fdn \/ podle v\u00fdkresu z\u00e1kazn\u00edka<\/td>\n<\/tr>\n<tr>\n<td class=\"label\">M\u00edrnost:<\/td>\n<td>T3-T8<\/td>\n<\/tr>\n<tr>\n<td class=\"label\">Slitina:<\/td>\n<td>Slitina<\/td>\n<\/tr>\n<tr>\n<td class=\"label\">Leguj\u00edc\u00ed slo\u017eka:<\/td>\n<td>6061, 6063, 6082, 6463, 6060, 6005 atd.<\/td>\n<\/tr>\n<tr>\n<td class=\"label\">OEM design\/vzorky:<\/td>\n<td>V\u00edtejte\/p\u0159ijateln\u00e9<\/td>\n<\/tr>\n<tr>\n<td class=\"label\">Ochrann\u00e1 zn\u00e1mka:<\/td>\n<td>OEM<\/td>\n<\/tr>\n<tr>\n<td class=\"label\">K\u00f3d HS:<\/td>\n<td>7604210000<\/td>\n<\/tr>\n<tr>\n<td class=\"label\">Typ:<\/td>\n<td>Hlin\u00edkov\u00fd profil pro okna a dve\u0159e, Dekora\u010dn\u00ed hlin\u00edkov\u00fd profil, Hlin\u00edkov\u00fd profil pro chladi\u010de, Hlin\u00edkov\u00fd profil pro sklen\u011bn\u00e9 st\u011bny, Hlin\u00edkov\u00fd profil pro dopravu, Pr\u016fmyslov\u00fd hlin\u00edkov\u00fd profil<\/td>\n<\/tr>\n<tr>\n<td class=\"label\">Povrchov\u00e1 \u00faprava:<\/td>\n<td>Povrchov\u00e1 \u00faprava Mill Finish<\/td>\n<\/tr>\n<tr>\n<td class=\"label\">Certifikace:<\/td>\n<td>CE, ISO, RoHS, TUV<\/td>\n<\/tr>\n<tr>\n<td class=\"label\">Zpr\u00e1va o zkou\u0161ce:<\/td>\n<td>Ano<\/td>\n<\/tr>\n<tr>\n<td class=\"label\">P\u0159epravn\u00ed bal\u00ed\u010dek:<\/td>\n<td>Ka\u017ed\u00fd kus v\u00e1lcovan\u00fd firmou PE.<br \/>Pros\u00edm, za\u0161lete n\u00e1m v\u00fdkres CAD v dwg \/ pdf \/ igs atd. nebo vzorky pro na\u0161i nab\u00eddku.<\/td>\n<\/tr>\n<\/table>\n<h2>Na\u0161e v\u00fdrobn\u00ed z\u00e1kladna<\/h2>\n<h3>Panorama tov\u00e1rny<\/h3>\n<p><img decoding=\"async\" src=\"\/wp-content\/uploads\/factory-01.webp\"\/><\/p>\n<h3>D\u00edlna na v\u00fdrobu hlin\u00edkov\u00fdch ty\u010d\u00ed<\/h3>\n<p><img decoding=\"async\" src=\"\/wp-content\/uploads\/factory-02.webp\"\/><\/p>\n<p><img decoding=\"async\" src=\"\/wp-content\/uploads\/factory-03.webp\"\/><\/p>\n<h3>Sklad pl\u00edsn\u00ed<\/h3>\n<p><img decoding=\"async\" src=\"\/wp-content\/uploads\/factory-04.webp\"\/><\/p>\n<h3>43 linek na vytla\u010dov\u00e1n\u00ed hlin\u00edku (500-5500 tun)<\/h3>\n<p><img decoding=\"async\" src=\"\/wp-content\/uploads\/factory-05.webp\"\/><\/p>\n<p><img decoding=\"async\" src=\"\/wp-content\/uploads\/factory-06.webp\"\/><\/p>\n<p><img decoding=\"async\" src=\"\/wp-content\/uploads\/factory-07.webp\"\/><\/p>\n<h3>D\u00edlna pr\u00e1\u0161kov\u00e9ho lakov\u00e1n\u00ed<\/h3>\n<p><img decoding=\"async\" src=\"\/wp-content\/uploads\/factory-09.webp\"\/><\/p>\n<h3>D\u00edlna eloxov\u00e1n\u00ed<\/h3>\n<p><img decoding=\"async\" src=\"\/wp-content\/uploads\/factory-10.webp\"\/><\/p>\n<h3>Workshop o hloubkov\u00e9m zpracov\u00e1n\u00ed<\/h3>\n<p><img decoding=\"async\" src=\"\/wp-content\/uploads\/factory-11.webp\"\/><\/p>\n<h3>D\u00edlna CNC p\u0159esn\u00e9ho obr\u00e1b\u011bn\u00ed<\/h3>\n<p><img decoding=\"async\" src=\"\/wp-content\/uploads\/factory-11.5.webp\"\/><\/p>\n<h3>Sklad hotov\u00fdch v\u00fdrobk\u016f a exportn\u00ed sklad<\/h3>\n<p><img decoding=\"async\" src=\"\/wp-content\/uploads\/factory-12.webp\"\/><\/p>\n<p><img decoding=\"async\" src=\"\/wp-content\/uploads\/factory-13.webp\"\/><\/p>\n<p><img decoding=\"async\" src=\"\/wp-content\/uploads\/factory-14.webp\"\/><\/p>\n<h2>\u010cASTO KLADEN\u00c9 DOTAZY<\/h2>\n<p><p><b>1.Co je hlin\u00edkov\u00e1 povrchov\u00e1 \u00faprava?<\/b><\/p>\n<p>Povrchov\u00e1 \u00faprava hlin\u00edku se vztahuje na p\u0159irozen\u00fd vzhled povrchu hlin\u00edku, kter\u00fd je lisovan\u00fd, v\u00e1lcovan\u00fd nebo jinak vyroben\u00fd, bez jak\u00fdchkoli dal\u0161\u00edch povlak\u016f nebo povrchov\u00fdch \u00faprav.<br \/>\n<\/p><br \/>\n<br \/>\n<p><b>2.Jak\u00e9 jsou v\u00fdhody hlin\u00edkov\u00e9 povrchov\u00e9 \u00fapravy?<\/b><\/p>\n<p>Hlin\u00edk s povrchovou \u00fapravou Mill Finish je trvanliv\u00fd, odoln\u00fd proti korozi a vy\u017eaduje minim\u00e1ln\u00ed \u00fadr\u017ebu, tak\u017ee je ide\u00e1ln\u00ed pro pou\u017eit\u00ed v r\u016fzn\u00fdch pr\u016fmyslov\u00fdch odv\u011btv\u00edch.<br \/>\n<\/p><br \/>\n<br \/>\n<p><b>3.Je hlin\u00edkov\u00e1 povrchov\u00e1 \u00faprava \u0161etrn\u00e1 k \u017eivotn\u00edmu prost\u0159ed\u00ed?<\/b><\/p>\n<p>Ano, hlin\u00edkov\u00e1 povrchov\u00e1 \u00faprava Aluminum Mill Finish je pln\u011b recyklovateln\u00e1 a vyr\u00e1b\u00ed se udr\u017eiteln\u00fdmi postupy, tak\u017ee je \u0161etrn\u00e1 k \u017eivotn\u00edmu prost\u0159ed\u00ed.<br \/>\n<\/p><br \/>\n<br \/>\n<p><b>4.Lze hlin\u00edkovou fr\u00e9zovanou povrchovou \u00fapravu pou\u017e\u00edt pro venkovn\u00ed aplikace?<\/b><\/p>\n<p>Ano, hlin\u00edkov\u00e1 fr\u00e9zovan\u00e1 povrchov\u00e1 \u00faprava je vysoce odoln\u00e1 proti pov\u011btrnostn\u00edm vliv\u016fm a korozi, tak\u017ee je vhodn\u00e1 pro venkovn\u00ed pou\u017eit\u00ed.<br \/>\n<\/p><br \/>\n<br \/>\n<p><b>5.Je hlin\u00edkov\u00e1 povrchov\u00e1 \u00faprava Mill Finish n\u00e1kladov\u011b efektivn\u00ed?<\/b><\/p>\n<p>Ano, povrchov\u00e1 \u00faprava hlin\u00edkovou fr\u00e9zou je cenov\u011b v\u00fdhodnou alternativou k jin\u00fdm povrchov\u00fdm \u00faprav\u00e1m, jako je eloxov\u00e1n\u00ed nebo lakov\u00e1n\u00ed, a z\u00e1rove\u0148 nab\u00edz\u00ed vynikaj\u00edc\u00ed odolnost.<br \/>\n<\/p><br \/>\n<br \/>\n<p><b>6.Jak trvanliv\u00e1 je hlin\u00edkov\u00e1 povrchov\u00e1 \u00faprava?<\/b><\/p>\n<p>Hlin\u00edk s povrchovou \u00fapravou Mill Finish je vysoce odoln\u00fd a odoln\u00fd proti korozi, tak\u017ee poskytuje dlouhotrvaj\u00edc\u00ed v\u00fdkon v r\u016fzn\u00fdch prost\u0159ed\u00edch.<br \/>\n<\/p><br \/>\n<br \/>\n<p><b>7.Can hlin\u00edkov\u00fd ml\u00fdn Finish b\u00fdt p\u0159izp\u016fsoben?<\/b><\/p>\n<p>Ano, hlin\u00edkov\u00e9 fr\u00e9zov\u00e1n\u00ed lze snadno p\u0159izp\u016fsobit a opracovat podle konkr\u00e9tn\u00edch pot\u0159eb projektu, tak\u017ee je univerz\u00e1ln\u00ed pro r\u016fzn\u00e9 aplikace.<br \/>\n<\/p><br \/>\n<br \/>\n<p><b>8.Je hlin\u00edkov\u00e1 povrchov\u00e1 \u00faprava bez\u00fadr\u017ebov\u00e1?<\/b><\/p>\n<p>Hlin\u00edkov\u00e1 povrchov\u00e1 \u00faprava Aluminum Mill Finish vy\u017eaduje minim\u00e1ln\u00ed \u00fadr\u017ebu, ale doporu\u010duje se pravideln\u00e9 \u010di\u0161t\u011bn\u00ed, aby si zachovala sv\u016fj nejlep\u0161\u00ed vzhled, zejm\u00e9na v drsn\u00e9m prost\u0159ed\u00ed.<br \/>\n<\/p><br \/>\n<br \/>\n<p><b>9.Jak se srovn\u00e1v\u00e1 hlin\u00edkov\u00e1 fr\u00e9zovan\u00e1 povrchov\u00e1 \u00faprava s eloxovan\u00fdm hlin\u00edkem?<\/b><\/p>\n<p>Hlin\u00edk s povrchovou \u00fapravou Mill Finish je cenov\u011b dostupn\u011bj\u0161\u00ed ne\u017e eloxovan\u00fd hlin\u00edk a nab\u00edz\u00ed podobnou odolnost, ale bez dodate\u010dn\u00fdch n\u00e1klad\u016f na n\u00e1t\u011bry.<br \/>\n<\/p><br \/>\n<br \/>\n<p><b>10.Je hlin\u00edkov\u00e1 povrchov\u00e1 \u00faprava odoln\u00e1 proti po\u0161kr\u00e1b\u00e1n\u00ed?<\/b><\/p>\n<p>Hlin\u00edkov\u00e1 povrchov\u00e1 \u00faprava Mill Finish m\u00e1 p\u0159irozen\u00fd povrch, kter\u00fd je odoln\u00fd proti po\u0161kr\u00e1b\u00e1n\u00ed, ale za ur\u010dit\u00fdch podm\u00ednek jej lze po\u0161kr\u00e1bat abrazivn\u00edmi materi\u00e1ly.<br \/>\n<\/p><br \/><\/p>","protected":false},"featured_media":6782,"template":"","categories":[67],"class_list":["post-6783","product","type-product","status-publish","has-post-thumbnail","hentry","category-architectural-aluminium-profile"],"meta_box":{"hilight_text_group":{"product_hilight_text":"<li>Highly durable and resistant to corrosion, making it ideal for various applications.<\/li>\r\r\n<li>Provides a clean, industrial appearance with a natural finish that requires minimal maintenance.<\/li>\r\r\n<li>Cost-effective alternative to anodized or painted aluminum, offering a more affordable solution.<\/li>\r\r\n<li>Suitable for a wide range of industries including construction, automotive, and manufacturing.<\/li>\r\r\n<li>Environmentally friendly, as it is fully recyclable and uses sustainable production processes.<\/li>\r\r\n<li>Can be easily customized and machined to meet specific project requirements.<\/li>\r\r\n<li>Long-lasting and weather-resistant, making it perfect for outdoor and harsh environment applications.<\/li>","product_chanpin_blog":"<ul>\r\r\n<li><a href=\"https:\/\/sinoextrud.com\/t-slot-v-slot-differences\/\" target=\"_blank\">t slot vs v slot<\/a><\/li>\r\r\n<li><a href=\"https:\/\/sinoextrud.com\/what-is-4040-aluminium-extrud\/\" target=\"_blank\">4040 aluminium extrusion<\/a><\/li>\r\r\n<li><a href=\"https:\/\/sinoextrud.com\/what-is-4040-aluminium-extrud\/\" target=\"_blank\">aluminum extrusions for industrial racks<\/a><\/li>\r\r\n<li><a href=\"https:\/\/sinoextrud.com\/powder-coating-aluminium-process\/\" target=\"_blank\">powder coating aluminium<\/a><\/li>\r\r\n<li><a href=\"https:\/\/sinoextrud.com\/what-is-an-aluminium-strip-ceiling\/\" target=\"_blank\">aluminium strip ceiling<\/a><\/li>\r\r\n<li><a href=\"https:\/\/sinoextrud.com\/what-is-a-heat-sink\/\" target=\"_blank\">what is a heat sink<\/a><\/li>\r\r\n<\/ul>","product_chanpin_chanpin":"<li><a href=\"https:\/\/sinoextrud.com\/product\/anodizing-housings-large-aluminum-extrusions\/\" target=\"_blank\">Anodizing Housings Large Aluminum Extrusions<\/a><\/li>\r\n<li><a href=\"https:\/\/sinoextrud.com\/product\/aluminium-extrusion-profile-for-furniture-aluminum-profile-with-alloy-6063-t5-supplied-by-china-factory\/\" target=\"_blank\">Aluminium Extrusion Profile for Furniture Aluminum Profile With Alloy 6063 T5 Supplied By China Factory<\/a><\/li>\r\n<li><a href=\"https:\/\/sinoextrud.com\/product\/aluminium-shop-front-extrusions\/\" target=\"_blank\">Aluminium Shop Front Extrusions<\/a><\/li>\r\n<li><a href=\"https:\/\/sinoextrud.com\/product\/extruded-aluminum-handrail\/\" target=\"_blank\">Extruded Aluminum Handrail<\/a><\/li>\r\n<li><a href=\"https:\/\/sinoextrud.com\/product\/aluminum-mill-finish\/\" target=\"_blank\">Aluminum Mill Finish<\/a><\/li>\r\n<li><a href=\"https:\/\/sinoextrud.com\/product\/extruded-aluminum-profiles-prices-competitive-99-pure-aluminum-ingot-curtain-wall-aluminum-profile-extrusion-manufacturers\/\" target=\"_blank\">Extruded aluminum profiles prices competitive 99% pure aluminum ingot curtain wall aluminum profile extrusion manufacturers<\/a><\/li>\r\n<li><a href=\"https:\/\/sinoextrud.com\/product\/aluminium-sliding-door-profiles\/\" target=\"_blank\">Aluminium Sliding Door Profiles<\/a><\/li>\r\n<li><a href=\"https:\/\/sinoextrud.com\/product\/aluminium-window-parts-names-sliding-6063-material-framing-profile\/\" target=\"_blank\">aluminium window parts names sliding 6063 material framing profile<\/a><\/li>\r\n<li><a href=\"https:\/\/sinoextrud.com\/product\/aluminum-angle-extrusion\/\" target=\"_blank\">Aluminum Angle Extrusion<\/a><\/li>\r\n<li><a href=\"https:\/\/sinoextrud.com\/product\/customized-matt-electrophoresis-aluminum-extrusions-profile-for-building-material\/\" target=\"_blank\">Customized Matt Electrophoresis Aluminum Extrusions Profile For Building Material<\/a><\/li>\r\n<li><a href=\"https:\/\/sinoextrud.com\/product\/extruded-aluminium-curtain-walls\/\" target=\"_blank\">Extruded Aluminium Curtain Walls<\/a><\/li>"},"feature_list":[]},"_links":{"self":[{"href":"https:\/\/sinoextrud.com\/cs\/wp-json\/wp\/v2\/product\/6783","targetHints":{"allow":["GET"]}}],"collection":[{"href":"https:\/\/sinoextrud.com\/cs\/wp-json\/wp\/v2\/product"}],"about":[{"href":"https:\/\/sinoextrud.com\/cs\/wp-json\/wp\/v2\/types\/product"}],"wp:featuredmedia":[{"embeddable":true,"href":"https:\/\/sinoextrud.com\/cs\/wp-json\/wp\/v2\/media\/6782"}],"wp:attachment":[{"href":"https:\/\/sinoextrud.com\/cs\/wp-json\/wp\/v2\/media?parent=6783"}],"wp:term":[{"taxonomy":"category","embeddable":true,"href":"https:\/\/sinoextrud.com\/cs\/wp-json\/wp\/v2\/categories?post=6783"}],"curies":[{"name":"wp","href":"https:\/\/api.w.org\/{rel}","templated":true}]}}