{"id":6781,"date":"2025-06-01T15:17:36","date_gmt":"2025-06-01T15:17:36","guid":{"rendered":"https:\/\/sinoextrud.com\/product\/extruded-aluminum-handrail\/"},"modified":"2025-06-24T06:11:40","modified_gmt":"2025-06-24T06:11:40","slug":"zabradli-z-extrudovaneho-hliniku","status":"publish","type":"product","link":"https:\/\/sinoextrud.com\/cs\/product\/extruded-aluminum-handrail\/","title":{"rendered":"Extrudovan\u00e9 hlin\u00edkov\u00e9 z\u00e1bradl\u00ed"},"content":{"rendered":"<h2>Podrobnosti o produktech<\/h2>\n<table class=\"custom-table\">\n<tr>\n<td class=\"label\">Tvar:<\/td>\n<td>vytla\u010dov\u00e1n\u00ed ov\u00e1ln\u00e9ho z\u00e1bradl\u00ed z hlin\u00edkov\u00e9ho profilu<\/td>\n<\/tr>\n<tr>\n<td class=\"label\">M\u00edrnost:<\/td>\n<td>T3-T8<\/td>\n<\/tr>\n<tr>\n<td class=\"label\">Slitina:<\/td>\n<td>Slitina<\/td>\n<\/tr>\n<tr>\n<td class=\"label\">Leguj\u00edc\u00ed slo\u017eka:<\/td>\n<td>6063<\/td>\n<\/tr>\n<tr>\n<td class=\"label\">Povrchov\u00e1 \u00faprava:<\/td>\n<td>pr\u00e1\u0161kov\u00e9 lakov\u00e1n\u00ed<\/td>\n<\/tr>\n<tr>\n<td class=\"label\">Firma prov\u00e1d\u011bj\u00edc\u00ed n\u00e1t\u011bry:<\/td>\n<td>60-120 um<\/td>\n<\/tr>\n<tr>\n<td class=\"label\">Dal\u0161\u00ed povrchov\u00e1 \u00faprava:<\/td>\n<td>Le\u0161t\u011bn\u00ed, d\u0159ev\u011bn\u00e9 zrno, zak\u00e1zkov\u00e1 v\u00fdroba.<\/td>\n<\/tr>\n<tr>\n<td class=\"label\">Z\u00e1ruka kvality:<\/td>\n<td>100% Dobr\u00fd v\u00fdrobek p\u0159ed odesl\u00e1n\u00edm<\/td>\n<\/tr>\n<tr>\n<td class=\"label\">P\u0159ijateln\u00e1 m\u011bna:<\/td>\n<td>USD, \u010d\u00ednsk\u00fd RMB, EUR<\/td>\n<\/tr>\n<tr>\n<td class=\"label\">Certifikace:<\/td>\n<td>ISO 9001<\/td>\n<\/tr>\n<tr>\n<td class=\"label\">K\u00f3d HS:<\/td>\n<td>760429900<\/td>\n<\/tr>\n<tr>\n<td class=\"label\">Typ:<\/td>\n<td>Dekora\u010dn\u00ed hlin\u00edkov\u00e9 profily, stavebn\u00ed konstrukce<\/td>\n<\/tr>\n<tr>\n<td class=\"label\">V\u00fdrobek:<\/td>\n<td>hlin\u00edkov\u00fd vytla\u010dovac\u00ed profil<\/td>\n<\/tr>\n<tr>\n<td class=\"label\">Obr\u00e1b\u011bn\u00ed:<\/td>\n<td>Rafinovan\u00e9 \u0159ez\u00e1n\u00ed, fr\u00e9zov\u00e1n\u00ed, vrt\u00e1n\u00ed, d\u011brov\u00e1n\u00ed, CNC<\/td>\n<\/tr>\n<tr>\n<td class=\"label\">Sklen\u011bn\u00e9 zasklen\u00ed:<\/td>\n<td>5-12 mm<\/td>\n<\/tr>\n<tr>\n<td class=\"label\">P\u016fvod:<\/td>\n<td>Foshan, Guangdong.<\/td>\n<\/tr>\n<\/table>\n<h2>Na\u0161e v\u00fdrobn\u00ed z\u00e1kladna<\/h2>\n<h3>Panorama tov\u00e1rny<\/h3>\n<p><img decoding=\"async\" src=\"\/wp-content\/uploads\/factory-01.webp\"\/><\/p>\n<h3>D\u00edlna na v\u00fdrobu hlin\u00edkov\u00fdch ty\u010d\u00ed<\/h3>\n<p><img decoding=\"async\" src=\"\/wp-content\/uploads\/factory-02.webp\"\/><\/p>\n<\/p>\n<p><img decoding=\"async\" src=\"\/wp-content\/uploads\/factory-03.webp\"\/><\/p>\n<h3>Sklad pl\u00edsn\u00ed<\/h3>\n<p><img decoding=\"async\" src=\"\/wp-content\/uploads\/factory-04.webp\"\/><\/p>\n<h3>43 linek na vytla\u010dov\u00e1n\u00ed hlin\u00edku (500 - 5500 tun)<\/h3>\n<p><img decoding=\"async\" src=\"\/wp-content\/uploads\/factory-05.webp\"\/><\/p>\n<p><img decoding=\"async\" src=\"\/wp-content\/uploads\/factory-06.webp\"\/><\/p>\n<p><img decoding=\"async\" src=\"\/wp-content\/uploads\/factory-07.webp\"\/><\/p>\n<h3>D\u00edlna pr\u00e1\u0161kov\u00e9ho lakov\u00e1n\u00ed<\/h3>\n<p><img decoding=\"async\" src=\"\/wp-content\/uploads\/factory-09.webp\"\/><\/p>\n<h3>D\u00edlna eloxov\u00e1n\u00ed<\/h3>\n<p><img decoding=\"async\" src=\"\/wp-content\/uploads\/factory-10.webp\"\/><\/p>\n<h3>Workshop o hloubkov\u00e9m zpracov\u00e1n\u00ed<\/h3>\n<p><img decoding=\"async\" src=\"\/wp-content\/uploads\/factory-11.webp\"\/><\/p>\n<h3>D\u00edlna CNC p\u0159esn\u00e9ho obr\u00e1b\u011bn\u00ed<\/h3>\n<p><img decoding=\"async\" src=\"\/wp-content\/uploads\/factory-11.5.webp\"\/><\/p>\n<h3>Sklad hotov\u00fdch v\u00fdrobk\u016f a exportn\u00ed sklad<\/h3>\n<p><img decoding=\"async\" src=\"\/wp-content\/uploads\/factory-12.webp\"\/><\/p>\n<p><img decoding=\"async\" src=\"\/wp-content\/uploads\/factory-13.webp\"\/><\/p>\n<p><img decoding=\"async\" src=\"\/wp-content\/uploads\/factory-14.webp\"\/><\/p>\n<h2>\u010cASTO KLADEN\u00c9 DOTAZY<\/h2>\n<p><b>1.Co je extrudovan\u00e9 hlin\u00edkov\u00e9 z\u00e1bradl\u00ed? <\/b><\/p>\n<p> Jedn\u00e1 se o z\u00e1bradl\u00ed z extrudovan\u00fdch hlin\u00edkov\u00fdch profil\u016f, ur\u010den\u00e9 pro pou\u017eit\u00ed na schodi\u0161t\u00edch, balkonech, ramp\u00e1ch a bezpe\u010dnostn\u00edch z\u00e1bran\u00e1ch.\n<\/p>\n<p><\/p>\n<p><b>2.Pro\u010d zvolit hlin\u00edk pro z\u00e1bradl\u00ed? <\/b><\/p>\n<p> Hlin\u00edk je lehk\u00fd, odoln\u00fd proti korozi a pevn\u00fd, co\u017e z n\u011bj \u010din\u00ed ide\u00e1ln\u00ed materi\u00e1l pro z\u00e1bradl\u00ed pou\u017e\u00edvan\u00e1 ve vnit\u0159n\u00edm i venkovn\u00edm prost\u0159ed\u00ed.\n<\/p>\n<p><\/p>\n<p><b>3.Jak\u00e9 slitiny se pou\u017e\u00edvaj\u00ed v hlin\u00edkov\u00fdch madlech? <\/b><\/p>\n<p> Slitiny hlin\u00edku 6063 a 6061 se b\u011b\u017en\u011b pou\u017e\u00edvaj\u00ed d\u00edky sv\u00e9 vynikaj\u00edc\u00ed pevnosti, odolnosti a kvalit\u011b povrchov\u00e9 \u00fapravy.\n<\/p>\n<p><\/p>\n<p><b>4.Jsou hlin\u00edkov\u00e1 madla odoln\u00e1 proti pov\u011btrnostn\u00edm vliv\u016fm? <\/b><\/p>\n<p> Ano, hlin\u00edkov\u00e1 z\u00e1bradl\u00ed s eloxovanou nebo pr\u00e1\u0161kovou povrchovou \u00fapravou jsou odoln\u00e1 proti korozi, UV z\u00e1\u0159en\u00ed a vlhkosti, co\u017e zaru\u010duje dlouhou \u017eivotnost ve venkovn\u00edm prost\u0159ed\u00ed.\n<\/p>\n<p><\/p>\n<p><b>5.Can extrudovan\u00e9 hlin\u00edkov\u00e9 z\u00e1bradl\u00ed b\u00fdt p\u0159izp\u016fsoben? <\/b><\/p>\n<p> Lze je zcela jist\u011b p\u0159izp\u016fsobit, pokud jde o tvar profilu, d\u00e9lku, povrchovou \u00fapravu a zp\u016fsob instalace, aby spl\u0148ovaly specifick\u00e9 po\u017eadavky projektu.\n<\/p>\n<p><\/p>\n<p><b>6.Jak\u00e9 povrchov\u00e9 \u00fapravy jsou k dispozici pro hlin\u00edkov\u00e1 madla? <\/b><\/p>\n<p> Povrchov\u00e9 \u00fapravy zahrnuj\u00ed eloxovan\u00e9, pr\u00e1\u0161kov\u00e9, kart\u00e1\u010dovan\u00e9 a d\u0159ev\u011bn\u00e9 efekty, kter\u00e9 poskytuj\u00ed funk\u010dn\u00ed i dekorativn\u00ed mo\u017enosti.\n<\/p>\n<p><\/p>\n<p><b>7.Jsou hlin\u00edkov\u00e1 z\u00e1bradl\u00ed vhodn\u00e1 pro komer\u010dn\u00ed a obytn\u00e9 pou\u017eit\u00ed? <\/b><\/p>\n<p> Ano, d\u00edky sv\u00e9 univerz\u00e1lnosti a dodr\u017eov\u00e1n\u00ed bezpe\u010dnostn\u00edch norem se hojn\u011b pou\u017e\u00edvaj\u00ed v dom\u00e1cnostech, kancel\u00e1\u0159\u00edch, nemocnic\u00edch, ve\u0159ejn\u00fdch budov\u00e1ch a pr\u016fmyslov\u00fdch za\u0159\u00edzen\u00edch.\n<\/p>\n<p><\/p>\n<p><b>8.Je instalace hlin\u00edkov\u00e9ho z\u00e1bradl\u00ed snadn\u00e1? <\/b><\/p>\n<p> Ano, hlin\u00edkov\u00e1 madla jsou lehk\u00e1 a modul\u00e1rn\u00ed, tak\u017ee jejich instalace pomoc\u00ed standardn\u00edho mont\u00e1\u017en\u00edho kov\u00e1n\u00ed je rychl\u00e1 a cenov\u011b v\u00fdhodn\u00e1.\n<\/p>\n<p><\/p>","protected":false},"featured_media":6780,"template":"","categories":[67],"class_list":["post-6781","product","type-product","status-publish","has-post-thumbnail","hentry","category-architectural-aluminium-profile"],"meta_box":{"hilight_text_group":{"product_hilight_text":"<li>Precision-extruded aluminum handrails provide safe, strong, and lightweight support solutions<\/li>\r\r\n<li>Made from corrosion-resistant 6063 or 6061 aluminum alloys for long-lasting durability<\/li>\r\r\n<li>Available in anodized, powder-coated, and brushed finishes for indoor and outdoor use<\/li>\r\r\n<li>Custom shapes, sizes, and mounting options to fit residential, commercial, and industrial applications<\/li>\r\r\n<li>Easy to install and maintain, reducing labor costs and upkeep requirements<\/li>","product_chanpin_blog":"<ul>\r\r\n<li><a href=\"https:\/\/sinoextrud.com\/t-slot-v-slot-differences\/\" target=\"_blank\">t slot vs v slot<\/a><\/li>\r\r\n<li><a href=\"https:\/\/sinoextrud.com\/what-is-4040-aluminium-extrud\/\" target=\"_blank\">4040 aluminium extrusion<\/a><\/li>\r\r\n<li><a href=\"https:\/\/sinoextrud.com\/what-is-4040-aluminium-extrud\/\" target=\"_blank\">aluminum extrusions for industrial racks<\/a><\/li>\r\r\n<li><a href=\"https:\/\/sinoextrud.com\/powder-coating-aluminium-process\/\" target=\"_blank\">powder coating aluminium<\/a><\/li>\r\r\n<li><a href=\"https:\/\/sinoextrud.com\/what-is-an-aluminium-strip-ceiling\/\" target=\"_blank\">aluminium strip ceiling<\/a><\/li>\r\r\n<li><a href=\"https:\/\/sinoextrud.com\/what-is-a-heat-sink\/\" target=\"_blank\">what is a heat sink<\/a><\/li>\r\r\n<\/ul>","product_chanpin_chanpin":"<li><a href=\"https:\/\/sinoextrud.com\/product\/wholesale-aluminium-extrusion-corner-profile\/\" target=\"_blank\">Wholesale Aluminium Extrusion Corner Profile<\/a><\/li>\r\n<li><a href=\"https:\/\/sinoextrud.com\/product\/anodizing-housings-large-aluminum-extrusions\/\" target=\"_blank\">Anodizing Housings Large Aluminum Extrusions<\/a><\/li>\r\n<li><a href=\"https:\/\/sinoextrud.com\/product\/aluminium-extrusion-profile-for-furniture-aluminum-profile-with-alloy-6063-t5-supplied-by-china-factory\/\" target=\"_blank\">Aluminium Extrusion Profile for Furniture Aluminum Profile With Alloy 6063 T5 Supplied By China Factory<\/a><\/li>\r\n<li><a href=\"https:\/\/sinoextrud.com\/product\/aluminium-shop-front-extrusions\/\" target=\"_blank\">Aluminium Shop Front Extrusions<\/a><\/li>\r\n<li><a href=\"https:\/\/sinoextrud.com\/product\/extruded-aluminum-handrail\/\" target=\"_blank\">Extruded Aluminum Handrail<\/a><\/li>\r\n<li><a href=\"https:\/\/sinoextrud.com\/product\/aluminum-mill-finish\/\" target=\"_blank\">Aluminum Mill Finish<\/a><\/li>\r\n<li><a href=\"https:\/\/sinoextrud.com\/product\/extruded-aluminum-profiles-prices-competitive-99-pure-aluminum-ingot-curtain-wall-aluminum-profile-extrusion-manufacturers\/\" target=\"_blank\">Extruded aluminum profiles prices competitive 99% pure aluminum ingot curtain wall aluminum profile extrusion manufacturers<\/a><\/li>\r\n<li><a href=\"https:\/\/sinoextrud.com\/product\/aluminium-sliding-door-profiles\/\" target=\"_blank\">Aluminium Sliding Door Profiles<\/a><\/li>\r\n<li><a href=\"https:\/\/sinoextrud.com\/product\/aluminium-window-parts-names-sliding-6063-material-framing-profile\/\" target=\"_blank\">aluminium window parts names sliding 6063 material framing profile<\/a><\/li>\r\n<li><a href=\"https:\/\/sinoextrud.com\/product\/standard-aluminum-shapes\/\" target=\"_blank\">Standard Aluminum Shapes<\/a><\/li>\r\n<li><a href=\"https:\/\/sinoextrud.com\/product\/aluminum-profiles-led-strip-lighting\/\" target=\"_blank\">Aluminum Profiles Led Strip Lighting<\/a><\/li>"},"feature_list":[]},"_links":{"self":[{"href":"https:\/\/sinoextrud.com\/cs\/wp-json\/wp\/v2\/product\/6781","targetHints":{"allow":["GET"]}}],"collection":[{"href":"https:\/\/sinoextrud.com\/cs\/wp-json\/wp\/v2\/product"}],"about":[{"href":"https:\/\/sinoextrud.com\/cs\/wp-json\/wp\/v2\/types\/product"}],"wp:featuredmedia":[{"embeddable":true,"href":"https:\/\/sinoextrud.com\/cs\/wp-json\/wp\/v2\/media\/6780"}],"wp:attachment":[{"href":"https:\/\/sinoextrud.com\/cs\/wp-json\/wp\/v2\/media?parent=6781"}],"wp:term":[{"taxonomy":"category","embeddable":true,"href":"https:\/\/sinoextrud.com\/cs\/wp-json\/wp\/v2\/categories?post=6781"}],"curies":[{"name":"wp","href":"https:\/\/api.w.org\/{rel}","templated":true}]}}