{"id":6775,"date":"2025-06-01T15:11:28","date_gmt":"2025-06-01T15:11:28","guid":{"rendered":"https:\/\/sinoextrud.com\/product\/anodizing-housings-large-aluminum-extrusions\/"},"modified":"2025-06-24T06:11:39","modified_gmt":"2025-06-24T06:11:39","slug":"eloxovani-krytu-velkych-hlinikovych-vylisku","status":"publish","type":"product","link":"https:\/\/sinoextrud.com\/cs\/product\/anodizing-housings-large-aluminum-extrusions\/","title":{"rendered":"Eloxov\u00e1n\u00ed pouzder Velk\u00fdch hlin\u00edkov\u00fdch v\u00fdlisk\u016f"},"content":{"rendered":"<h2>Podrobnosti o produktech<\/h2>\n<table class=\"custom-table\">\n<tr>\n<td class=\"label\">Polo\u017eka:<\/td>\n<td> Eloxov\u00e1n\u00ed pouzder Velk\u00fdch hlin\u00edkov\u00fdch v\u00fdlisk\u016f<\/td>\n<\/tr>\n<tr>\n<td class=\"label\">Tvar:<\/td>\n<td> Vlastn\u00ed<\/td>\n<\/tr>\n<tr>\n<td class=\"label\">M\u00edrnost:<\/td>\n<td> T3-T8<\/td>\n<\/tr>\n<tr>\n<td class=\"label\">Slitina nebo ne:<\/td>\n<td> Slitina<\/td>\n<\/tr>\n<tr>\n<td class=\"label\">T\u0159\u00edda:<\/td>\n<td> \u0158ada 6000, 6063<\/td>\n<\/tr>\n<tr>\n<td class=\"label\">D\u00e9lka:<\/td>\n<td> 1-9 metr\u016f nebo podle p\u0159\u00e1n\u00ed z\u00e1kazn\u00edka<\/td>\n<\/tr>\n<tr>\n<td class=\"label\">Barva:<\/td>\n<td> Vyrobeno podle zad\u00e1n\u00ed \u010c\u00edslo barvy<\/td>\n<\/tr>\n<tr>\n<td class=\"label\">Pou\u017eit\u00ed\/aplikace:<\/td>\n<td> Eloxov\u00e1n\u00ed pouzder Velk\u00fdch hlin\u00edkov\u00fdch v\u00fdlisk\u016f<\/td>\n<\/tr>\n<tr>\n<td class=\"label\">Doba dod\u00e1n\u00ed:<\/td>\n<td> 20-30 dn\u00ed (podle va\u0161eho mno\u017estv\u00ed)<\/td>\n<\/tr>\n<tr>\n<td class=\"label\">Detail balen\u00ed:<\/td>\n<td> Standardn\u00ed exportn\u00ed balen\u00ed<\/td>\n<\/tr>\n<tr>\n<td class=\"label\">P\u016fvod:<\/td>\n<td> Foshan \u010c\u00edna<\/td>\n<\/tr>\n<tr>\n<td class=\"label\">Povrchov\u00e1 \u00faprava:<\/td>\n<td> eloxovan\u00e9, pr\u00e1\u0161kov\u011b lakovan\u00e9 atd.<\/td>\n<\/tr>\n<tr>\n<td class=\"label\">Certifikace:<\/td>\n<td> ISO Rohs SGS TUV<\/td>\n<\/tr>\n<\/table>\n<h2>Na\u0161e v\u00fdrobn\u00ed z\u00e1kladna<\/h2>\n<h3>Panorama tov\u00e1rny<\/h3>\n<p><img decoding=\"async\" src=\"\/wp-content\/uploads\/factory-01.webp\"\/><\/p>\n<h3>D\u00edlna na v\u00fdrobu hlin\u00edkov\u00fdch ty\u010d\u00ed<\/h3>\n<p><img decoding=\"async\" src=\"\/wp-content\/uploads\/factory-02.webp\"\/><\/p>\n<p><img decoding=\"async\" src=\"\/wp-content\/uploads\/factory-03.webp\"\/><\/p>\n<h3>Sklad pl\u00edsn\u00ed<\/h3>\n<p><img decoding=\"async\" src=\"\/wp-content\/uploads\/factory-04.webp\"\/><\/p>\n<h3>43 linek na vytla\u010dov\u00e1n\u00ed hlin\u00edku (500-5500 tun)<\/h3>\n<p><img decoding=\"async\" src=\"\/wp-content\/uploads\/factory-05.webp\"\/><\/p>\n<p><img decoding=\"async\" src=\"\/wp-content\/uploads\/factory-06.webp\"\/><\/p>\n<p><img decoding=\"async\" src=\"\/wp-content\/uploads\/factory-07.webp\"\/><\/p>\n<h3>D\u00edlna pr\u00e1\u0161kov\u00e9ho lakov\u00e1n\u00ed<\/h3>\n<p><img decoding=\"async\" src=\"\/wp-content\/uploads\/factory-09.webp\"\/><\/p>\n<h3>D\u00edlna eloxov\u00e1n\u00ed<\/h3>\n<p><img decoding=\"async\" src=\"\/wp-content\/uploads\/factory-10.webp\"\/><\/p>\n<h3>Workshop o hloubkov\u00e9m zpracov\u00e1n\u00ed<\/h3>\n<p><img decoding=\"async\" src=\"\/wp-content\/uploads\/factory-11.webp\"\/><\/p>\n<h3>D\u00edlna CNC p\u0159esn\u00e9ho obr\u00e1b\u011bn\u00ed<\/h3>\n<p><img decoding=\"async\" src=\"\/wp-content\/uploads\/factory-11.5.webp\"\/><\/p>\n<h3>Sklad hotov\u00fdch v\u00fdrobk\u016f a exportn\u00ed sklad<\/h3>\n<p><img decoding=\"async\" src=\"\/wp-content\/uploads\/factory-12.webp\"\/><\/p>\n<p><img decoding=\"async\" src=\"\/wp-content\/uploads\/factory-13.webp\"\/><\/p>\n<p><img decoding=\"async\" src=\"\/wp-content\/uploads\/factory-14.webp\"\/><\/p>\n<h2>\u010cASTO KLADEN\u00c9 DOTAZY<\/h2>\n<p><p><b>1.Co jsou to eloxovan\u00e1 pouzdra z velk\u00fdch hlin\u00edkov\u00fdch v\u00fdlisk\u016f? <\/b><\/p>\n<p> Jedn\u00e1 se o rozm\u011brn\u00e9 hlin\u00edkov\u00e9 profily, kter\u00e9 byly eloxov\u00e1ny pro pou\u017eit\u00ed v ochrann\u00fdch krytech, b\u011b\u017en\u011b pou\u017e\u00edvan\u00fdch v elektronice, stroj\u00edrenstv\u00ed a architektu\u0159e.<br \/>\n<\/p><br \/>\n<br \/>\n<p><b>2.Pro\u010d eloxovat velk\u00e9 hlin\u00edkov\u00e9 v\u00fdlisky pou\u017e\u00edvan\u00e9 v pouzdrech? <\/b><\/p>\n<p> Eloxov\u00e1n\u00ed zvy\u0161uje odolnost proti korozi, zvy\u0161uje tvrdost povrchu a zaji\u0161\u0165uje tepelnou izolaci, tak\u017ee jsou v\u00fdlisky ide\u00e1ln\u00ed pro ochrann\u00e9 kryty.<br \/>\n<\/p><br \/>\n<br \/>\n<p><b>3.Kter\u00e9 hlin\u00edkov\u00e9 slitiny se pou\u017e\u00edvaj\u00ed pro velk\u00e9 vytla\u010dovac\u00ed sk\u0159\u00edn\u011b? <\/b><\/p>\n<p> Mezi b\u011b\u017en\u00e9 slitiny pat\u0159\u00ed 6061 a 6063, kter\u00e9 nab\u00edzej\u00ed vynikaj\u00edc\u00ed pevnost, obrobitelnost a eloxovac\u00ed vlastnosti.<br \/>\n<\/p><br \/>\n<br \/>\n<p><b>4.Jak\u00e9 jsou typick\u00e9 aplikace velk\u00fdch eloxovan\u00fdch hlin\u00edkov\u00fdch kryt\u016f? <\/b><\/p>\n<p> Pou\u017e\u00edvaj\u00ed se v pouzdrech LED, sk\u0159\u00edn\u00edch pro elektronick\u00e1 za\u0159\u00edzen\u00ed, ovl\u00e1dac\u00edch sk\u0159\u00ed\u0148k\u00e1ch, venkovn\u00edch sk\u0159\u00edn\u00edch a v konstruk\u010dn\u00edch sk\u0159\u00edn\u00edch pro vysok\u00e9 zat\u00ed\u017een\u00ed.<br \/>\n<\/p><br \/>\n<br \/>\n<p><b>5.Lze tato pouzdra tvarov\u011b a velikostn\u011b p\u0159izp\u016fsobit? <\/b><\/p>\n<p> Ano, velk\u00e9 hlin\u00edkov\u00e9 v\u00fdlisky lze p\u0159izp\u016fsobit specifick\u00fdm rozm\u011br\u016fm a konstruk\u010dn\u00edm specifikac\u00edm, v\u010detn\u011b slo\u017eit\u00fdch pr\u016f\u0159ez\u016f.<br \/>\n<\/p><br \/>\n<br \/>\n<p><b>6.Jsou k dispozici mo\u017enosti barevn\u00e9ho eloxov\u00e1n\u00ed hlin\u00edkov\u00fdch profil\u016f sk\u0159\u00edn\u011b? <\/b><\/p>\n<p> Eloxov\u00e1n\u00ed lze samoz\u0159ejm\u011b prov\u00e1d\u011bt v r\u016fzn\u00fdch barv\u00e1ch, jako je \u010dern\u00e1, st\u0159\u00edbrn\u00e1, bronzov\u00e1 a zlat\u00e1, aby vyhovovalo estetick\u00fdm po\u017eadavk\u016fm a po\u017eadavk\u016fm na zna\u010dku.<br \/>\n<\/p><br \/>\n<br \/>\n<p><b>7.Jak odoln\u00e9 jsou eloxovan\u00e9 hlin\u00edkov\u00e9 v\u00fdlisky pro venkovn\u00ed kryty? <\/b><\/p>\n<p> Velmi odoln\u00e1 eloxovan\u00e1 povrchov\u00e1 \u00faprava je dlouhodob\u011b odoln\u00e1 v\u016f\u010di UV z\u00e1\u0159en\u00ed, pov\u011btrnostn\u00edm vliv\u016fm a od\u011bru, tak\u017ee je ide\u00e1ln\u00ed pro venkovn\u00ed pou\u017eit\u00ed.<br \/>\n<\/p><br \/>\n<br \/>\n<p><b>8.Je eloxovan\u00fd hlin\u00edk ekologicky udr\u017eiteln\u00fd? <\/b><\/p>\n<p> Ano, hlin\u00edk je recyklovateln\u00fd a proces eloxov\u00e1n\u00ed je \u0161etrn\u00fd k \u017eivotn\u00edmu prost\u0159ed\u00ed, co\u017e p\u0159isp\u00edv\u00e1 k ekologick\u00fdm v\u00fdrobn\u00edm standard\u016fm.<br \/>\n<\/p><br \/><\/p>","protected":false},"featured_media":6774,"template":"","categories":[67],"class_list":["post-6775","product","type-product","status-publish","has-post-thumbnail","hentry","category-architectural-aluminium-profile"],"meta_box":{"hilight_text_group":{"product_hilight_text":"<li>Large-scale aluminum extrusions designed for housing and enclosure applications<\/li>\r\r\n<li>Anodized finish enhances corrosion resistance, thermal performance, and durability<\/li>\r\r\n<li>Manufactured from high-strength 6061 or 6063 aluminum alloys for structural integrity<\/li>\r\r\n<li>Suitable for electronics, machinery, and architectural enclosures<\/li>\r\r\n<li>Available in custom shapes, sizes, and anodized colors for specific project needs<\/li>","product_chanpin_blog":"<ul>\r\r\n<li><a href=\"https:\/\/sinoextrud.com\/t-slot-v-slot-differences\/\" target=\"_blank\">t slot vs v slot<\/a><\/li>\r\r\n<li><a href=\"https:\/\/sinoextrud.com\/what-is-4040-aluminium-extrud\/\" target=\"_blank\">4040 aluminium extrusion<\/a><\/li>\r\r\n<li><a href=\"https:\/\/sinoextrud.com\/what-is-4040-aluminium-extrud\/\" target=\"_blank\">aluminum extrusions for industrial racks<\/a><\/li>\r\r\n<li><a href=\"https:\/\/sinoextrud.com\/powder-coating-aluminium-process\/\" target=\"_blank\">powder coating aluminium<\/a><\/li>\r\r\n<li><a href=\"https:\/\/sinoextrud.com\/what-is-an-aluminium-strip-ceiling\/\" target=\"_blank\">aluminium strip ceiling<\/a><\/li>\r\r\n<li><a href=\"https:\/\/sinoextrud.com\/what-is-a-heat-sink\/\" target=\"_blank\">what is a heat sink<\/a><\/li>\r\r\n<\/ul>","product_chanpin_chanpin":"<li><a href=\"https:\/\/sinoextrud.com\/product\/aluminium-square-tube-extrusion-profile-with-6063-t5-alloy-anodized-extruded-aluminium-profile\/\" target=\"_blank\">Aluminium Square Tube Extrusion Profile With 6063 T5 Alloy  Anodized Extruded Aluminium Profile<\/a><\/li>\r\n<li><a href=\"https:\/\/sinoextrud.com\/product\/v-slot-aluminum-profile-factory-bulk-business\/\" target=\"_blank\">v-slot aluminum profile Factory bulk business<\/a><\/li>\r\n<li><a href=\"https:\/\/sinoextrud.com\/product\/anodizing-aluminium-section-sliding-window\/\" target=\"_blank\">Anodizing Aluminium Section Sliding Window<\/a><\/li>\r\n<li><a href=\"https:\/\/sinoextrud.com\/product\/wholesale-aluminium-extrusion-corner-profile\/\" target=\"_blank\">Wholesale Aluminium Extrusion Corner Profile<\/a><\/li>\r\n<li><a href=\"https:\/\/sinoextrud.com\/product\/anodizing-housings-large-aluminum-extrusions\/\" target=\"_blank\">Anodizing Housings Large Aluminum Extrusions<\/a><\/li>\r\n<li><a href=\"https:\/\/sinoextrud.com\/product\/aluminium-extrusion-profile-for-furniture-aluminum-profile-with-alloy-6063-t5-supplied-by-china-factory\/\" target=\"_blank\">Aluminium Extrusion Profile for Furniture Aluminum Profile With Alloy 6063 T5 Supplied By China Factory<\/a><\/li>\r\n<li><a href=\"https:\/\/sinoextrud.com\/product\/aluminium-shop-front-extrusions\/\" target=\"_blank\">Aluminium Shop Front Extrusions<\/a><\/li>\r\n<li><a href=\"https:\/\/sinoextrud.com\/product\/extruded-aluminum-handrail\/\" target=\"_blank\">Extruded Aluminum Handrail<\/a><\/li>\r\n<li><a href=\"https:\/\/sinoextrud.com\/product\/aluminum-mill-finish\/\" target=\"_blank\">Aluminum Mill Finish<\/a><\/li>\r\n<li><a href=\"https:\/\/sinoextrud.com\/product\/led-plant-growth-light-aluminum-profile\/\" target=\"_blank\">Led Plant Growth Light Aluminum Profile<\/a><\/li>\r\n<li><a href=\"https:\/\/sinoextrud.com\/product\/kitchen-cabinet-aluminum-profile\/\" target=\"_blank\">Kitchen Cabinet Aluminum Profile<\/a><\/li>"},"feature_list":[]},"_links":{"self":[{"href":"https:\/\/sinoextrud.com\/cs\/wp-json\/wp\/v2\/product\/6775","targetHints":{"allow":["GET"]}}],"collection":[{"href":"https:\/\/sinoextrud.com\/cs\/wp-json\/wp\/v2\/product"}],"about":[{"href":"https:\/\/sinoextrud.com\/cs\/wp-json\/wp\/v2\/types\/product"}],"wp:featuredmedia":[{"embeddable":true,"href":"https:\/\/sinoextrud.com\/cs\/wp-json\/wp\/v2\/media\/6774"}],"wp:attachment":[{"href":"https:\/\/sinoextrud.com\/cs\/wp-json\/wp\/v2\/media?parent=6775"}],"wp:term":[{"taxonomy":"category","embeddable":true,"href":"https:\/\/sinoextrud.com\/cs\/wp-json\/wp\/v2\/categories?post=6775"}],"curies":[{"name":"wp","href":"https:\/\/api.w.org\/{rel}","templated":true}]}}