{"id":6755,"date":"2025-06-01T14:46:19","date_gmt":"2025-06-01T14:46:19","guid":{"rendered":"https:\/\/sinoextrud.com\/product\/construction-aluminum-profile\/"},"modified":"2025-06-24T06:11:36","modified_gmt":"2025-06-24T06:11:36","slug":"konstrukcni-hlinikovy-profil","status":"publish","type":"product","link":"https:\/\/sinoextrud.com\/cs\/product\/construction-aluminum-profile\/","title":{"rendered":"Konstrukce Hlin\u00edkov\u00fd profil"},"content":{"rendered":"<h2>Podrobnosti o produktech<\/h2>\n<table class=\"custom-table\">\n<tr>\n<td class=\"label\">Polo\u017eka\/materi\u00e1l:<\/td>\n<td>Konstrukce Hlin\u00edkov\u00fd profil\/slitina hlin\u00edku 6063, 6061.<\/td>\n<\/tr>\n<tr>\n<td class=\"label\">M\u00edrnost:<\/td>\n<td>T5, T6.<\/td>\n<\/tr>\n<tr>\n<td class=\"label\">Norma kvality:<\/td>\n<td>ISO 9001-2008, ROHS, CE, SGS<\/td>\n<\/tr>\n<tr>\n<td class=\"label\">Povrchov\u00e1 \u00faprava:<\/td>\n<td>Povrchov\u00e1 \u00faprava fr\u00e9zov\u00e1n\u00edm, eloxov\u00e1n\u00edm, pr\u00e1\u0161kov\u00fdm lakov\u00e1n\u00edm, elektrofor\u00e9zou, p\u00edskov\u00e1n\u00edm atd.<\/td>\n<\/tr>\n<tr>\n<td class=\"label\">Dostupn\u00e1 barva:<\/td>\n<td>St\u0159\u00edbrn\u00e1, K dispozici je libovoln\u00e1.<\/td>\n<\/tr>\n<tr>\n<td class=\"label\">Podrobnosti o balen\u00ed:<\/td>\n<td>Smr\u0161\u0165ovac\u00ed f\u00f3lie; plastov\u00fd a kraftov\u00fd pap\u00edr; d\u0159ev\u011bn\u00e1 paleta. Kartonov\u00e9 balen\u00ed; Podle po\u017eadavk\u016f z\u00e1kazn\u00edka.<\/td>\n<\/tr>\n<tr>\n<td class=\"label\">\u010cas pro vzorky:<\/td>\n<td>P\u0159ibli\u017en\u011b dva t\u00fddny.<\/td>\n<\/tr>\n<tr>\n<td class=\"label\">Dod\u00e1n\u00ed:<\/td>\n<td>20-25 dn\u00ed pro hromadnou v\u00fdrobu.<\/td>\n<\/tr>\n<tr>\n<td class=\"label\">V\u00fdrobn\u00ed kapacita:<\/td>\n<td>3000MT\/m\u011bs\u00edc<\/td>\n<\/tr>\n<tr>\n<td class=\"label\">MOQ:<\/td>\n<td>1 TUNA<\/td>\n<\/tr>\n<tr>\n<td class=\"label\">Platebn\u00ed podm\u00ednky:<\/td>\n<td>T\/T<\/td>\n<\/tr>\n<tr>\n<td class=\"label\">P\u0159\u00edstav:<\/td>\n<td>Foshan, Guangzhou, Shenzhen atd.<\/td>\n<\/tr>\n<\/table>\n<h2>Na\u0161e v\u00fdrobn\u00ed z\u00e1kladna<\/h2>\n<h3>Panorama tov\u00e1rny<\/h3>\n<p><img decoding=\"async\" src=\"\/wp-content\/uploads\/factory-01.webp\"\/><\/p>\n<h3>D\u00edlna na v\u00fdrobu hlin\u00edkov\u00fdch ty\u010d\u00ed<\/h3>\n<p><img decoding=\"async\" src=\"\/wp-content\/uploads\/factory-02.webp\"\/><\/p>\n<p><img decoding=\"async\" src=\"\/wp-content\/uploads\/factory-03.webp\"\/><\/p>\n<h3>Sklad pl\u00edsn\u00ed<\/h3>\n<p><img decoding=\"async\" src=\"\/wp-content\/uploads\/factory-04.webp\"\/><\/p>\n<h3>43 linek na vytla\u010dov\u00e1n\u00ed hlin\u00edku (500 - 5500 tun)<\/h3>\n<p><img decoding=\"async\" src=\"\/wp-content\/uploads\/factory-05.webp\"\/><\/p>\n<p><img decoding=\"async\" src=\"\/wp-content\/uploads\/factory-06.webp\"\/><\/p>\n<p><img decoding=\"async\" src=\"\/wp-content\/uploads\/factory-07.webp\"\/><\/p>\n<h3>D\u00edlna pr\u00e1\u0161kov\u00e9ho lakov\u00e1n\u00ed<\/h3>\n<p><img decoding=\"async\" src=\"\/wp-content\/uploads\/factory-09.webp\"\/><\/p>\n<h3>D\u00edlna eloxov\u00e1n\u00ed<\/h3>\n<p><img decoding=\"async\" src=\"\/wp-content\/uploads\/factory-10.webp\"\/><\/p>\n<h3>Workshop o hloubkov\u00e9m zpracov\u00e1n\u00ed<\/h3>\n<p><img decoding=\"async\" src=\"\/wp-content\/uploads\/factory-11.webp\"\/><\/p>\n<h3>D\u00edlna CNC p\u0159esn\u00e9ho obr\u00e1b\u011bn\u00ed<\/h3>\n<p><img decoding=\"async\" src=\"\/wp-content\/uploads\/factory-11.5.webp\"\/><\/p>\n<h3>Sklad hotov\u00fdch v\u00fdrobk\u016f a exportn\u00ed sklad<\/h3>\n<p><img decoding=\"async\" src=\"\/wp-content\/uploads\/factory-12.webp\"\/><\/p>\n<p><img decoding=\"async\" src=\"\/wp-content\/uploads\/factory-13.webp\"\/><\/p>\n<p><img decoding=\"async\" src=\"\/wp-content\/uploads\/factory-14.webp\"\/><\/p>\n<h2>\u010cASTO KLADEN\u00c9 DOTAZY<\/h2>\n<p><p><b>1.Co je to stavebn\u00ed hlin\u00edkov\u00fd profil? <\/b><\/p>\n<p> Stavebn\u00ed hlin\u00edkov\u00fd profil je extrudovan\u00fd hlin\u00edkov\u00fd profil pou\u017e\u00edvan\u00fd ve stavebn\u00edch a architektonick\u00fdch projektech pro konstruk\u010dn\u00ed podporu a r\u00e1mov\u00e1n\u00ed.<br \/>\n<\/p><br \/>\n<br \/>\n<p><b>2.Pro\u010d pou\u017e\u00edvat hlin\u00edkov\u00e9 profily ve stavebnictv\u00ed? <\/b><\/p>\n<p> Hlin\u00edkov\u00e9 profily jsou pevn\u00e9, lehk\u00e9, odoln\u00e9 proti korozi a snadno se s nimi pracuje, tak\u017ee jsou ide\u00e1ln\u00ed pro modern\u00ed stavebn\u00ed projekty.<br \/>\n<\/p><br \/>\n<br \/>\n<p><b>3.Jsou stavebn\u00ed hlin\u00edkov\u00e9 profily odoln\u00e9 proti pov\u011btrnostn\u00edm vliv\u016fm? <\/b><\/p>\n<p> Ano, stavebn\u00ed hlin\u00edkov\u00e9 profily jsou vysoce odoln\u00e9 v\u016f\u010di pov\u011btrnostn\u00edm vliv\u016fm, UV z\u00e1\u0159en\u00ed a vlhkosti, tak\u017ee jsou vhodn\u00e9 pro venkovn\u00ed pou\u017eit\u00ed.<br \/>\n<\/p><br \/>\n<br \/>\n<p><b>4.Lze stavebn\u00ed hlin\u00edkov\u00e9 profily p\u0159izp\u016fsobit? <\/b><\/p>\n<p> Lze je vyr\u00e1b\u011bt v r\u016fzn\u00fdch tvarech, velikostech a povrchov\u00fdch \u00faprav\u00e1ch, kter\u00e9 odpov\u00eddaj\u00ed specifick\u00fdm architektonick\u00fdm a konstruk\u010dn\u00edm po\u017eadavk\u016fm.<br \/>\n<\/p><br \/>\n<br \/>\n<p><b>5.V jak\u00fdch aplikac\u00edch se pou\u017e\u00edvaj\u00ed stavebn\u00ed hlin\u00edkov\u00e9 profily? <\/b><\/p>\n<p> Tyto profily se pou\u017e\u00edvaj\u00ed v obvodov\u00fdch st\u011bn\u00e1ch, okenn\u00edch r\u00e1mech, fas\u00e1d\u00e1ch, le\u0161en\u00edch a dal\u0161\u00edch konstruk\u010dn\u00edch prvc\u00edch ve stavebnictv\u00ed.<br \/>\n<\/p><br \/>\n<br \/>\n<p><b>6.Je hlin\u00edk udr\u017eiteln\u00fd materi\u00e1l pro stavebnictv\u00ed? <\/b><\/p>\n<p> Ano, hlin\u00edk je 100% recyklovateln\u00fd bez ztr\u00e1ty kvality, co\u017e z n\u011bj \u010din\u00ed ekologickou volbu pro udr\u017eiteln\u00e9 stavebn\u00ed projekty.<br \/>\n<\/p><br \/>\n<br \/>\n<p><b>7.Jak si hlin\u00edkov\u00e9 profily vedou ve srovn\u00e1n\u00ed s ocel\u00ed ve stavebnictv\u00ed? <\/b><\/p>\n<p> Hlin\u00edk je leh\u010d\u00ed, snadn\u011bji se instaluje a je odoln\u011bj\u0161\u00ed proti korozi ne\u017e ocel, p\u0159i\u010dem\u017e st\u00e1le nab\u00edz\u00ed vynikaj\u00edc\u00ed pevnost pro mnoho konstruk\u010dn\u00edch pou\u017eit\u00ed.<br \/>\n<\/p><br \/>\n<br \/>\n<p><b>8.Jak\u00e9 povrchov\u00e9 \u00fapravy jsou k dispozici pro stavebn\u00ed hlin\u00edkov\u00e9 profily? <\/b><\/p>\n<p> Stavebn\u00ed hlin\u00edkov\u00e9 profily mohou b\u00fdt eloxovan\u00e9, pr\u00e1\u0161kov\u011b lakovan\u00e9 nebo fr\u00e9zovan\u00e9 pro zv\u00fd\u0161en\u00ed estetiky a ochrany.<br \/>\n<\/p><br \/><\/p>","protected":false},"featured_media":6754,"template":"","categories":[67],"class_list":["post-6755","product","type-product","status-publish","has-post-thumbnail","hentry","category-architectural-aluminium-profile"],"meta_box":{"hilight_text_group":{"product_hilight_text":"<li>High-strength aluminum profiles designed for demanding construction environments<\/li>\r\r\n<li>Corrosion-resistant for long-term durability in outdoor and industrial applications<\/li>\r\r\n<li>Lightweight yet robust, simplifying transportation and installation<\/li>\r\r\n<li>Available in custom shapes and sizes to meet diverse architectural needs<\/li>\r\r\n<li>Eco-friendly and recyclable material supports sustainable building practices<\/li>","product_chanpin_blog":"<ul>\r\r\n<li><a href=\"https:\/\/sinoextrud.com\/t-slot-v-slot-differences\/\" target=\"_blank\">t slot vs v slot<\/a><\/li>\r\r\n<li><a href=\"https:\/\/sinoextrud.com\/what-is-4040-aluminium-extrud\/\" target=\"_blank\">4040 aluminium extrusion<\/a><\/li>\r\r\n<li><a href=\"https:\/\/sinoextrud.com\/what-is-4040-aluminium-extrud\/\" target=\"_blank\">aluminum extrusions for industrial racks<\/a><\/li>\r\r\n<li><a href=\"https:\/\/sinoextrud.com\/powder-coating-aluminium-process\/\" target=\"_blank\">powder coating aluminium<\/a><\/li>\r\r\n<li><a href=\"https:\/\/sinoextrud.com\/what-is-an-aluminium-strip-ceiling\/\" target=\"_blank\">aluminium strip ceiling<\/a><\/li>\r\r\n<li><a href=\"https:\/\/sinoextrud.com\/what-is-a-heat-sink\/\" target=\"_blank\">what is a heat sink<\/a><\/li>\r\r\n<\/ul>","product_chanpin_chanpin":"<li><a href=\"https:\/\/sinoextrud.com\/product\/kitchen-cabinet-aluminum-profile\/\" target=\"_blank\">Kitchen Cabinet Aluminum Profile<\/a><\/li>\r\n<li><a href=\"https:\/\/sinoextrud.com\/product\/aluminium-supplier-china-offer-aluminium-u-channel-extrusion-shapes-profile-for-show-enclosure-cabin\/\" target=\"_blank\">Aluminium Supplier China Offer Aluminium U Channel Extrusion Shapes Profile For Show Enclosure Cabin<\/a><\/li>\r\n<li><a href=\"https:\/\/sinoextrud.com\/product\/powder-coating-aluminium-profiles-for-industrial\/\" target=\"_blank\">Powder Coating Aluminium Profiles For Industrial<\/a><\/li>\r\n<li><a href=\"https:\/\/sinoextrud.com\/product\/c-beam-v-slot-aluminium-profile\/\" target=\"_blank\">C Beam V Slot Aluminium Profile<\/a><\/li>\r\n<li><a href=\"https:\/\/sinoextrud.com\/product\/construction-aluminum-profile\/\" target=\"_blank\">Construction Aluminum Profile<\/a><\/li>\r\n<li><a href=\"https:\/\/sinoextrud.com\/product\/architectural-aluminum-profile\/\" target=\"_blank\">Architectural Aluminum Profile<\/a><\/li>\r\n<li><a href=\"https:\/\/sinoextrud.com\/product\/color-anodized-structural-aluminum-extrusions-profile-for-window-frame-extruded-aluminium-alloys-6063\/\" target=\"_blank\">Color Anodized structural aluminum extrusions Profile for Window Frame extruded aluminium alloys 6063<\/a><\/li>\r\n<li><a href=\"https:\/\/sinoextrud.com\/product\/building-material-aluminium-extrusion-profiles\/\" target=\"_blank\">Building Material Aluminium Extrusion Profiles<\/a><\/li>\r\n<li><a href=\"https:\/\/sinoextrud.com\/product\/expanded-metal-aluminium-profiles-partition-frame-for-bathroom-doors-busch-polish-light-top-a-grade\/\" target=\"_blank\">expanded metal aluminium profiles partition frame for bathroom doors busch polish light top a grade<\/a><\/li>\r\n<li><a href=\"https:\/\/sinoextrud.com\/product\/extruded-h-beam-aluminum-profile\/\" target=\"_blank\">Extruded H Beam Aluminum Profile<\/a><\/li>\r\n<li><a href=\"https:\/\/sinoextrud.com\/product\/extruded-aluminum-framing\/\" target=\"_blank\">Extruded Aluminum Framing<\/a><\/li>"},"feature_list":[]},"_links":{"self":[{"href":"https:\/\/sinoextrud.com\/cs\/wp-json\/wp\/v2\/product\/6755","targetHints":{"allow":["GET"]}}],"collection":[{"href":"https:\/\/sinoextrud.com\/cs\/wp-json\/wp\/v2\/product"}],"about":[{"href":"https:\/\/sinoextrud.com\/cs\/wp-json\/wp\/v2\/types\/product"}],"wp:featuredmedia":[{"embeddable":true,"href":"https:\/\/sinoextrud.com\/cs\/wp-json\/wp\/v2\/media\/6754"}],"wp:attachment":[{"href":"https:\/\/sinoextrud.com\/cs\/wp-json\/wp\/v2\/media?parent=6755"}],"wp:term":[{"taxonomy":"category","embeddable":true,"href":"https:\/\/sinoextrud.com\/cs\/wp-json\/wp\/v2\/categories?post=6755"}],"curies":[{"name":"wp","href":"https:\/\/api.w.org\/{rel}","templated":true}]}}