{"id":6749,"date":"2025-06-01T14:34:42","date_gmt":"2025-06-01T14:34:42","guid":{"rendered":"https:\/\/sinoextrud.com\/product\/aluminium-supplier-china-offer-aluminium-u-channel-extrusion-shapes-profile-for-show-enclosure-cabin\/"},"modified":"2025-06-24T06:11:34","modified_gmt":"2025-06-24T06:11:34","slug":"hlinikovy-dodavatel-cina-nabidka-hlinikovy-u-kanal-vytlacovani-tvary-profil-pro-show-skrin-kabiny","status":"publish","type":"product","link":"https:\/\/sinoextrud.com\/cs\/product\/aluminium-supplier-china-offer-aluminium-u-channel-extrusion-shapes-profile-for-show-enclosure-cabin\/","title":{"rendered":"Hlin\u00edkov\u00fd dodavatel \u010c\u00edna Nab\u00eddka hlin\u00edkov\u00fdch U kan\u00e1l\u016f Vytla\u010dov\u00e1n\u00ed tvar\u016f profil\u016f pro v\u00fdstavn\u00ed sk\u0159\u00ed\u0148 Cabin"},"content":{"rendered":"<h2>Podrobnosti o produktech<\/h2>\n<table class=\"custom-table\">\n<tr>\n<td class=\"label\">Polo\u017eka:<\/td>\n<td>Hlin\u00edkov\u00fd dodavatel \u010c\u00edna Nab\u00eddka hlin\u00edkov\u00fdch U kan\u00e1l\u016f Vytla\u010dov\u00e1n\u00ed tvar\u016f profil\u016f pro v\u00fdstavn\u00ed sk\u0159\u00ed\u0148 Cabin<\/td>\n<\/tr>\n<tr>\n<td class=\"label\">Materi\u00e1l:<\/td>\n<td>100% slitina hlin\u00edkov\u00fdch profil\u016f: 6063-T5, 6061-T6, 6463-T5,<\/td>\n<\/tr>\n<tr>\n<td class=\"label\">Zna\u010dka :<\/td>\n<td>Sinoextrud hlin\u00edk\/Sinoextrud hlin\u00edkov\u00e9 profily Co., LTD.<\/td>\n<\/tr>\n<tr>\n<td class=\"label\">Velikost:<\/td>\n<td>1m-9m nebo p\u0159izp\u016fsoben\u00e1 velikost<\/td>\n<\/tr>\n<tr>\n<td class=\"label\">Aplikace<\/td>\n<td>N\u00e1bytek, okna a dve\u0159e, dekorace, pr\u016fmysl, stavebnictv\u00ed a dal\u0161\u00ed.<\/td>\n<\/tr>\n<tr>\n<td class=\"label\">Barvy:<\/td>\n<td>Eloxovan\u00e9, d\u0159ev\u011bn\u00e9, pr\u00e1\u0161kov\u00e9, eloxovan\u00e9 le\u0161t\u011bn\u00e9 a kart\u00e1\u010dovan\u00e9, elektrofor\u00e9za, fluorokarbonov\u00e9 pr\u00e1\u0161kov\u00e9 nebo jin\u00e9.<\/td>\n<\/tr>\n<tr>\n<td class=\"label\">MOQ:<\/td>\n<td>200 kg pro ka\u017ed\u00fd profil<\/td>\n<\/tr>\n<tr>\n<td class=\"label\">Slu\u017eba OEM<\/td>\n<td>na z\u00e1klad\u011b v\u00fdkres\u016f nebo vzork\u016f navr\u017een\u00fdch z\u00e1kazn\u00edkem<\/td>\n<\/tr>\n<tr>\n<td class=\"label\">Certifikace je k dispozici<\/td>\n<td>ISO:9001, SONCAP, BV certifik\u00e1t nebo certifik\u00e1t z\u00e1kazn\u00edka k dispozici<\/td>\n<\/tr>\n<tr>\n<td class=\"label\">Podrobnosti o balen\u00ed<\/td>\n<td>(1) Uvnit\u0159: baleno s plastovou ochrannou f\u00f3li\u00ed, kter\u00e1 chr\u00e1n\u00ed ka\u017ed\u00fd profil.<br \/>(2) Vn\u011bj\u0161\u00ed strana: baleno s vod\u011bodoln\u00fdm \u0159emesln\u00fdm pap\u00edrem<\/td>\n<\/tr>\n<tr>\n<td class=\"label\">Doba dod\u00e1n\u00ed:<\/td>\n<td>(1) V\u00fdvoj a zkou\u0161ka vzorku: 12-18dn\u00ed.<br \/>(2) Doba v\u00fdroby: 25-30 dn\u00ed po potvrzen\u00ed vzorku kupuj\u00edc\u00edm.<\/td>\n<\/tr>\n<tr>\n<td class=\"label\">Platebn\u00ed podm\u00ednky:<\/td>\n<td>T\/T, 30% z\u00e1loha, zat\u00edmco z\u016fstatek bude splacen p\u0159ed dod\u00e1n\u00edm.<\/td>\n<\/tr>\n<tr>\n<td class=\"label\">Term\u00edn vypo\u0159\u00e1d\u00e1n\u00ed:<\/td>\n<td>Kone\u010dn\u00e1 platba se prov\u00e1d\u00ed na z\u00e1klad\u011b kone\u010dn\u00e9ho skute\u010dn\u00e9ho fyzick\u00e9ho v\u00e1\u017een\u00ed.<\/td>\n<\/tr>\n<tr>\n<td class=\"label\">V\u00fdrobn\u00ed kapacita:<\/td>\n<td>2400-3000 tun m\u011bs\u00ed\u010dn\u011b.<\/td>\n<\/tr>\n<tr>\n<td class=\"label\">Z\u00e1ruka v\u00fdroby<\/td>\n<td>Barva povrchu vydr\u017e\u00ed 10 a\u017e 20 let p\u0159i pou\u017eit\u00ed v interi\u00e9ru.<\/td>\n<\/tr>\n<tr>\n<td class=\"label\">P\u0159\u00edstav:<\/td>\n<td>FOB, Guangzhou, Foshan<\/td>\n<\/tr>\n<\/table>\n<h2>Na\u0161e v\u00fdrobn\u00ed z\u00e1kladna<\/h2>\n<h3>Panorama tov\u00e1rny<\/h3>\n<p><img decoding=\"async\" src=\"\/wp-content\/uploads\/factory-01.webp\"\/><\/p>\n<h3>D\u00edlna na v\u00fdrobu hlin\u00edkov\u00fdch ty\u010d\u00ed<\/h3>\n<p><img decoding=\"async\" src=\"\/wp-content\/uploads\/factory-02.webp\"\/><\/p>\n<p><img decoding=\"async\" src=\"\/wp-content\/uploads\/factory-03.webp\"\/><\/p>\n<h3>Sklad pl\u00edsn\u00ed<\/h3>\n<p><img decoding=\"async\" src=\"\/wp-content\/uploads\/factory-04.webp\"\/><\/p>\n<h3>43 linek na vytla\u010dov\u00e1n\u00ed hlin\u00edku (500 - 5500 tun)<\/h3>\n<p><img decoding=\"async\" src=\"\/wp-content\/uploads\/factory-05.webp\"\/><\/p>\n<p><img decoding=\"async\" src=\"\/wp-content\/uploads\/factory-06.webp\"\/><\/p>\n<p><img decoding=\"async\" src=\"\/wp-content\/uploads\/factory-07.webp\"\/><\/p>\n<h3>D\u00edlna pr\u00e1\u0161kov\u00e9ho lakov\u00e1n\u00ed<\/h3>\n<p><img decoding=\"async\" src=\"\/wp-content\/uploads\/factory-09.webp\"\/><\/p>\n<h3>D\u00edlna eloxov\u00e1n\u00ed<\/h3>\n<p><img decoding=\"async\" src=\"\/wp-content\/uploads\/factory-10.webp\"\/><\/p>\n<h3>Workshop o hloubkov\u00e9m zpracov\u00e1n\u00ed<\/h3>\n<p><img decoding=\"async\" src=\"\/wp-content\/uploads\/factory-11.webp\"\/><\/p>\n<h3>D\u00edlna CNC p\u0159esn\u00e9ho obr\u00e1b\u011bn\u00ed<\/h3>\n<p><img decoding=\"async\" src=\"\/wp-content\/uploads\/factory-11.5.webp\"\/><\/p>\n<h3>Sklad hotov\u00fdch v\u00fdrobk\u016f a exportn\u00ed sklad<\/h3>\n<p><img decoding=\"async\" src=\"\/wp-content\/uploads\/factory-12.webp\"\/><\/p>\n<p><img decoding=\"async\" src=\"\/wp-content\/uploads\/factory-13.webp\"\/><\/p>\n<p><img decoding=\"async\" src=\"\/wp-content\/uploads\/factory-14.webp\"\/><\/p>\n<h2>\u010cASTO KLADEN\u00c9 DOTAZY<\/h2>\n<p><p><b>1.Co je to hlin\u00edkov\u00fd U kan\u00e1l? <\/b><\/p>\n<p> Hlin\u00edkov\u00fd U kan\u00e1l je hlin\u00edkov\u00fd profil ve tvaru p\u00edsmene U, kter\u00fd se b\u011b\u017en\u011b pou\u017e\u00edv\u00e1 ve stavebn\u00edch a sk\u0159\u00ed\u0148ov\u00fdch syst\u00e9mech, jako jsou kabiny a vitr\u00edny.<br \/>\n<\/p><br \/>\n<br \/>\n<p><b>2.Pro\u010d po\u0159izovat hlin\u00edkov\u00e9 U kan\u00e1ly od \u010d\u00ednsk\u00e9ho dodavatele? <\/b><\/p>\n<p> \u010c\u00edn\u0161t\u00ed dodavatel\u00e9 hlin\u00edku nab\u00edzej\u00ed cenov\u011b v\u00fdhodn\u00e9, vysoce kvalitn\u00ed v\u00fdlisky z U kan\u00e1l\u016f s mo\u017enost\u00ed p\u0159izp\u016fsoben\u00ed pro hromadn\u00e9 objedn\u00e1vky.<br \/>\n<\/p><br \/>\n<br \/>\n<p><b>3.Jak\u00e9 jsou v\u00fdhody pou\u017eit\u00ed hlin\u00edkov\u00fdch U kan\u00e1l\u016f pro v\u00fdstavn\u00ed sk\u0159\u00edn\u011b? <\/b><\/p>\n<p> Hlin\u00edkov\u00e9 U kan\u00e1ly jsou lehk\u00e9, odoln\u00e9 proti korozi a konstruk\u010dn\u011b spolehliv\u00e9, tak\u017ee se skv\u011ble hod\u00ed pro podep\u0159en\u00ed v\u00fdstavn\u00edch sk\u0159\u00edn\u00ed.<br \/>\n<\/p><br \/>\n<br \/>\n<p><b>4.Mohu z\u00edskat vlastn\u00ed tvary a rozm\u011bry hlin\u00edkov\u00fdch U kan\u00e1l\u016f? <\/b><\/p>\n<p> Ano, k dispozici jsou p\u0159izp\u016fsoben\u00e9 tvary a velikosti v\u00fdlisk\u016f, kter\u00e9 vyhovuj\u00ed specifick\u00fdm konstruk\u010dn\u00edm a designov\u00fdm po\u017eadavk\u016fm.<br \/>\n<\/p><br \/>\n<br \/>\n<p><b>5.Je hlin\u00edk pou\u017eit\u00fd v t\u011bchto profilech U kan\u00e1l\u016f odoln\u00fd? <\/b><\/p>\n<p> Hlin\u00edk m\u00e1 vysokou pevnost a je o\u0161et\u0159en proti korozi, aby byla zaji\u0161t\u011bna jeho dlouhodob\u00e1 \u017eivotnost.<br \/>\n<\/p><br \/>\n<br \/>\n<p><b>6.Jsou hlin\u00edkov\u00e9 U profily vhodn\u00e9 pro venkovn\u00ed pou\u017eit\u00ed? <\/b><\/p>\n<p> Ano, tyto profily jsou o\u0161et\u0159eny proti pov\u011btrnostn\u00edm vliv\u016fm a korozi, tak\u017ee jsou vhodn\u00e9 pro venkovn\u00ed kabiny a expozice.<br \/>\n<\/p><br \/>\n<br \/>\n<p><b>7.Jak\u00e9 je srovn\u00e1n\u00ed hlin\u00edkov\u00fdch U kan\u00e1l\u016f s ocelov\u00fdmi kan\u00e1ly? <\/b><\/p>\n<p> Hlin\u00edkov\u00e9 U-kan\u00e1ly jsou leh\u010d\u00ed, odoln\u011bj\u0161\u00ed proti korozi a snadn\u011bji se instaluj\u00ed ne\u017e ocelov\u00e9, p\u0159esto v\u0161ak maj\u00ed pevnou konstrukci.<br \/>\n<\/p><br \/>\n<br \/>\n<p><b>8.Nab\u00edzej\u00ed \u010d\u00edn\u0161t\u00ed dodavatel\u00e9 hlin\u00edku mezin\u00e1rodn\u00ed p\u0159epravu? <\/b><\/p>\n<p> Ano, renomovan\u00ed \u010d\u00edn\u0161t\u00ed dodavatel\u00e9 hlin\u00edku poskytuj\u00ed mezin\u00e1rodn\u00ed logistick\u00e9 a v\u00fdvozn\u00ed slu\u017eby pro glob\u00e1ln\u00ed klienty.<br \/>\n<\/p><br \/><\/p>","protected":false},"featured_media":6701,"template":"","categories":[67],"class_list":["post-6749","product","type-product","status-publish","has-post-thumbnail","hentry","category-architectural-aluminium-profile"],"meta_box":{"hilight_text_group":{"product_hilight_text":"<li>Precision aluminum U channel extrusions ideal for show enclosures and cabins<\/li>\r\r\n<li>High-strength profiles manufactured in China with strict quality control<\/li>\r\r\n<li>Custom shapes and sizes available to meet specific project needs<\/li>\r\r\n<li>Corrosion-resistant and lightweight for easy handling and long-term use<\/li>\r\r\n<li>Cost-effective bulk supply directly from a trusted Chinese aluminum supplier<\/li>","product_chanpin_blog":"<ul>\r\r\n<li><a href=\"https:\/\/sinoextrud.com\/t-slot-v-slot-differences\/\" target=\"_blank\">t slot vs v slot<\/a><\/li>\r\r\n<li><a href=\"https:\/\/sinoextrud.com\/what-is-4040-aluminium-extrud\/\" target=\"_blank\">4040 aluminium extrusion<\/a><\/li>\r\r\n<li><a href=\"https:\/\/sinoextrud.com\/what-is-4040-aluminium-extrud\/\" target=\"_blank\">aluminum extrusions for industrial racks<\/a><\/li>\r\r\n<li><a href=\"https:\/\/sinoextrud.com\/powder-coating-aluminium-process\/\" target=\"_blank\">powder coating aluminium<\/a><\/li>\r\r\n<li><a href=\"https:\/\/sinoextrud.com\/what-is-an-aluminium-strip-ceiling\/\" target=\"_blank\">aluminium strip ceiling<\/a><\/li>\r\r\n<li><a href=\"https:\/\/sinoextrud.com\/what-is-a-heat-sink\/\" target=\"_blank\">what is a heat sink<\/a><\/li>\r\r\n<\/ul>","product_chanpin_chanpin":"<li><a href=\"https:\/\/sinoextrud.com\/product\/500-degree-brightness-polished-aluminum-profile\/\" target=\"_blank\">500 Degree Brightness Polished Aluminum Profile<\/a><\/li>\r\n<li><a href=\"https:\/\/sinoextrud.com\/product\/aluminium-profile\/\" target=\"_blank\">Aluminium profile<\/a><\/li>\r\n<li><a href=\"https:\/\/sinoextrud.com\/product\/aluminium-handrail-tubing\/\" target=\"_blank\">Aluminium Handrail Tubing<\/a><\/li>\r\n<li><a href=\"https:\/\/sinoextrud.com\/product\/kitchen-cabinet-aluminum-profile\/\" target=\"_blank\">Kitchen Cabinet Aluminum Profile<\/a><\/li>\r\n<li><a href=\"https:\/\/sinoextrud.com\/product\/aluminium-supplier-china-offer-aluminium-u-channel-extrusion-shapes-profile-for-show-enclosure-cabin\/\" target=\"_blank\">Aluminium Supplier China Offer Aluminium U Channel Extrusion Shapes Profile For Show Enclosure Cabin<\/a><\/li>\r\n<li><a href=\"https:\/\/sinoextrud.com\/product\/powder-coating-aluminium-profiles-for-industrial\/\" target=\"_blank\">Powder Coating Aluminium Profiles For Industrial<\/a><\/li>\r\n<li><a href=\"https:\/\/sinoextrud.com\/product\/c-beam-v-slot-aluminium-profile\/\" target=\"_blank\">C Beam V Slot Aluminium Profile<\/a><\/li>\r\n<li><a href=\"https:\/\/sinoextrud.com\/product\/construction-aluminum-profile\/\" target=\"_blank\">Construction Aluminum Profile<\/a><\/li>\r\n<li><a href=\"https:\/\/sinoextrud.com\/product\/architectural-aluminum-profile\/\" target=\"_blank\">Architectural Aluminum Profile<\/a><\/li>\r\n<li><a href=\"https:\/\/sinoextrud.com\/product\/aluminum-t-slot-channel\/\" target=\"_blank\">Aluminum T Slot Channel<\/a><\/li>\r\n<li><a href=\"https:\/\/sinoextrud.com\/product\/aluminum-cabinet-frame-extrusions\/\" target=\"_blank\">Aluminum Cabinet Frame Extrusions<\/a><\/li>"},"feature_list":[]},"_links":{"self":[{"href":"https:\/\/sinoextrud.com\/cs\/wp-json\/wp\/v2\/product\/6749","targetHints":{"allow":["GET"]}}],"collection":[{"href":"https:\/\/sinoextrud.com\/cs\/wp-json\/wp\/v2\/product"}],"about":[{"href":"https:\/\/sinoextrud.com\/cs\/wp-json\/wp\/v2\/types\/product"}],"wp:featuredmedia":[{"embeddable":true,"href":"https:\/\/sinoextrud.com\/cs\/wp-json\/wp\/v2\/media\/6701"}],"wp:attachment":[{"href":"https:\/\/sinoextrud.com\/cs\/wp-json\/wp\/v2\/media?parent=6749"}],"wp:term":[{"taxonomy":"category","embeddable":true,"href":"https:\/\/sinoextrud.com\/cs\/wp-json\/wp\/v2\/categories?post=6749"}],"curies":[{"name":"wp","href":"https:\/\/api.w.org\/{rel}","templated":true}]}}