{"id":6692,"date":"2025-05-30T09:47:44","date_gmt":"2025-05-30T09:47:44","guid":{"rendered":"https:\/\/sinoextrud.com\/product\/6063-t5-extruded-aluminium-profile-with-polish-surface\/"},"modified":"2025-06-24T06:11:32","modified_gmt":"2025-06-24T06:11:32","slug":"6063-t5-extrudovany-hlinikovy-profil-s-lestenym-povrchem","status":"publish","type":"product","link":"https:\/\/sinoextrud.com\/cs\/product\/6063-t5-extruded-aluminium-profile-with-polish-surface\/","title":{"rendered":"6063 T5 Extrudovan\u00fd hlin\u00edkov\u00fd profil s le\u0161t\u011bn\u00fdm povrchem"},"content":{"rendered":"<h2>Podrobnosti o produktech<\/h2>\n<table class=\"custom-table\">\n<tr>\n<td class=\"label\">Tvar:<\/td>\n<td> Vyrobeno podle n\u00e1vrhu klienta<\/td>\n<\/tr>\n<tr>\n<td class=\"label\">Polo\u017eka:<\/td>\n<td> 6063 T5 Extrudovan\u00fd hlin\u00edkov\u00fd profil s le\u0161t\u011bn\u00fdm povrchem<\/td>\n<\/tr>\n<tr>\n<td class=\"label\">M\u00edrnost:<\/td>\n<td> T3-T8<\/td>\n<\/tr>\n<tr>\n<td class=\"label\">Slitina:<\/td>\n<td> Slitina<\/td>\n<\/tr>\n<tr>\n<td class=\"label\">Leguj\u00edc\u00ed slo\u017eka:<\/td>\n<td> 6063<\/td>\n<\/tr>\n<tr>\n<td class=\"label\">Hlin\u00edkov\u00fd profil:<\/td>\n<td> Vytla\u010dov\u00e1n\u00ed hlin\u00edku<\/td>\n<\/tr>\n<tr>\n<td class=\"label\">D\u00e9lka:<\/td>\n<td> 1-9M<\/td>\n<\/tr>\n<tr>\n<td class=\"label\">Barvy:<\/td>\n<td> Vyrobeno podle zad\u00e1n\u00ed \u010c\u00edslo barvy<\/td>\n<\/tr>\n<tr>\n<td class=\"label\">P\u0159epravn\u00ed bal\u00ed\u010dek:<\/td>\n<td> Ep Film, plastov\u00e1 f\u00f3lie, karton, d\u0159ev\u011bn\u00e1 krabice atd.<\/td>\n<\/tr>\n<tr>\n<td class=\"label\">P\u016fvod:<\/td>\n<td> Foshan, Guangdong, \u010c\u00edna<\/td>\n<\/tr>\n<tr>\n<td class=\"label\">T\u0159\u00edda:<\/td>\n<td> \u0158ada 6000<\/td>\n<\/tr>\n<tr>\n<td class=\"label\">Typ podnik\u00e1n\u00ed:<\/td>\n<td> V\u00fdrobce hlin\u00edkov\u00fdch profil\u016f<\/td>\n<\/tr>\n<tr>\n<td class=\"label\">Hlin\u00edkov\u00e9 profily oken a dve\u0159\u00ed:<\/td>\n<td> Vyrobeno podle n\u00e1vrhu klienta<\/td>\n<\/tr>\n<tr>\n<td class=\"label\">Povrchov\u00e1 \u00faprava:<\/td>\n<td> eloxovan\u00e9, pr\u00e1\u0161kov\u011b lakovan\u00e9, d\u0159ev\u011bn\u00e9 zrno<\/td>\n<\/tr>\n<tr>\n<td class=\"label\">Certifikace:<\/td>\n<td> ISO, RoHS, SGS<\/td>\n<\/tr>\n<tr>\n<td class=\"label\">Velikosti:<\/td>\n<td> Mohlo by to b\u00fdt na zak\u00e1zku jako poskytnut\u00fd design<\/td>\n<\/tr>\n<tr>\n<td class=\"label\">Obr\u00e1b\u011bc\u00ed slu\u017eby:<\/td>\n<td> Vrt\u00e1n\u00ed, z\u00e1vitov\u00e1n\u00ed, n\u00fdtov\u00e1n\u00ed, mont\u00e1\u017e atd.<\/td>\n<\/tr>\n<tr>\n<td class=\"label\">Specifikace:<\/td>\n<td> SGS, Rohs, ISO<\/td>\n<\/tr>\n<\/table>\n<h2>Na\u0161e v\u00fdrobn\u00ed z\u00e1kladna<\/h2>\n<h3>Panorama tov\u00e1rny<\/h3>\n<p><img decoding=\"async\" src=\"\/wp-content\/uploads\/factory-01.webp\"\/><\/p>\n<h3>D\u00edlna na v\u00fdrobu hlin\u00edkov\u00fdch ty\u010d\u00ed<\/h3>\n<p><img decoding=\"async\" src=\"\/wp-content\/uploads\/factory-02.webp\"\/><\/p>\n<p><img decoding=\"async\" src=\"\/wp-content\/uploads\/factory-03.webp\"\/><\/p>\n<h3>Sklad pl\u00edsn\u00ed<\/h3>\n<p><img decoding=\"async\" src=\"\/wp-content\/uploads\/factory-04.webp\"\/><\/p>\n<h3>43 linek na vytla\u010dov\u00e1n\u00ed hlin\u00edku (500-5500 tun)<\/h3>\n<p><img decoding=\"async\" src=\"\/wp-content\/uploads\/factory-05.webp\"\/><\/p>\n<p><img decoding=\"async\" src=\"\/wp-content\/uploads\/factory-06.webp\"\/><\/p>\n<p><img decoding=\"async\" src=\"\/wp-content\/uploads\/factory-07.webp\"\/><\/p>\n<h3>D\u00edlna pr\u00e1\u0161kov\u00e9ho lakov\u00e1n\u00ed<\/h3>\n<p><img decoding=\"async\" src=\"\/wp-content\/uploads\/factory-09.webp\"\/><\/p>\n<h3>D\u00edlna eloxov\u00e1n\u00ed<\/h3>\n<p><img decoding=\"async\" src=\"\/wp-content\/uploads\/factory-10.webp\"\/><\/p>\n<h3>Workshop o hloubkov\u00e9m zpracov\u00e1n\u00ed<\/h3>\n<p><img decoding=\"async\" src=\"\/wp-content\/uploads\/factory-11.webp\"\/><\/p>\n<h3>D\u00edlna CNC p\u0159esn\u00e9ho obr\u00e1b\u011bn\u00ed<\/h3>\n<p><img decoding=\"async\" src=\"\/wp-content\/uploads\/factory-11.5.webp\"\/><\/p>\n<h3>Sklad hotov\u00fdch v\u00fdrobk\u016f a exportn\u00ed sklad<\/h3>\n<p><img decoding=\"async\" src=\"\/wp-content\/uploads\/factory-12.webp\"\/><\/p>\n<p><img decoding=\"async\" src=\"\/wp-content\/uploads\/factory-13.webp\"\/><\/p>\n<p><img decoding=\"async\" src=\"\/wp-content\/uploads\/factory-14.webp\"\/><\/p>\n<h2>\u010cASTO KLADEN\u00c9 DOTAZY<\/h2>\n<p><p><b>1.Co je extrudovan\u00fd hlin\u00edk 6063 T5? <\/b><\/p>\n<p>6063 T5 ozna\u010duje hlin\u00edkovou slitinu, kter\u00e1 byla vytla\u010dena a zest\u00e1rla na teplotu T5, kter\u00e1 nab\u00edz\u00ed dobrou pevnost, odolnost proti korozi a vynikaj\u00edc\u00ed povrchovou \u00fapravu.<br \/>\n<\/p><br \/>\n<br \/>\n<p><b>2.Pro\u010d si vybrat hlin\u00edkov\u00e9 profily 6063 T5? <\/b><\/p>\n<p>Poskytuj\u00ed vyv\u00e1\u017eenou pevnost, zpracovatelnost a estetickou povrchovou \u00fapravu, tak\u017ee jsou vhodn\u00e9 pro pou\u017eit\u00ed v architektu\u0159e, automobilov\u00e9m pr\u016fmyslu a spot\u0159ebn\u00edm pr\u016fmyslu.<br \/>\n<\/p><br \/>\n<br \/>\n<p><b>3.Jak\u00e9 jsou v\u00fdhody le\u0161t\u011bn\u00e9ho povrchu na profilech 6063 T5? <\/b><\/p>\n<p>Le\u0161t\u011bn\u00fd povrch zlep\u0161uje vzhled, zvy\u0161uje odrazivost a odolnost proti zne\u010di\u0161t\u011bn\u00ed a oxidaci.<br \/>\n<\/p><br \/>\n<br \/>\n<p><b>4.Mohu upravit rozm\u011bry le\u0161t\u011bn\u00fdch profil\u016f 6063 T5? <\/b><\/p>\n<p>Ano, v\u00fdrobci nab\u00edzej\u00ed p\u0159izp\u016fsoben\u00ed tvaru, velikosti, d\u00e9lky a povrchov\u00e9 \u00fapravy, aby vyhovovaly po\u017eadavk\u016fm projektu.<br \/>\n<\/p><br \/>\n<br \/>\n<p><b>5.Jsou le\u0161t\u011bn\u00e9 profily 6063 T5 odoln\u00e9 proti korozi? <\/b><\/p>\n<p>Ano, tato slitina je p\u0159irozen\u011b odoln\u00e1 proti korozi a le\u0161t\u011bn\u00fd povrch d\u00e1le sni\u017euje n\u00e1chylnost k po\u0161kozen\u00ed povrchu.<br \/>\n<\/p><br \/>\n<br \/>\n<p><b>6.V jak\u00fdch aplikac\u00edch se pou\u017e\u00edvaj\u00ed le\u0161t\u011bn\u00e9 hlin\u00edkov\u00e9 profily 6063 T5? <\/b><\/p>\n<p>Mezi b\u011b\u017en\u00e9 aplikace pat\u0159\u00ed okenn\u00ed r\u00e1my, oblo\u017een\u00ed, n\u00e1bytek, displeje, automobilov\u00e9 d\u00edly a \u0161pi\u010dkov\u00e9 dekorativn\u00ed komponenty.<br \/>\n<\/p><br \/>\n<br \/>\n<p><b>7.Je tento materi\u00e1l vhodn\u00fd pro venkovn\u00ed pou\u017eit\u00ed? <\/b><\/p>\n<p>Ano, p\u0159i spr\u00e1vn\u00e9 povrchov\u00e9 \u00faprav\u011b, jako je eloxov\u00e1n\u00ed nebo pr\u00e1\u0161kov\u00e9 lakov\u00e1n\u00ed, se profily 6063 T5 dob\u0159e osv\u011bd\u010duj\u00ed ve venkovn\u00edch podm\u00ednk\u00e1ch.<br \/>\n<\/p><br \/>\n<br \/>\n<p><b>8.Jak\u00e9 povrchov\u00e9 \u00fapravy jsou kompatibiln\u00ed s profily 6063 T5? <\/b><\/p>\n<p>Krom\u011b le\u0161t\u011bn\u00ed jsou k dispozici i povrchov\u00e9 \u00fapravy jako eloxov\u00e1n\u00ed, pr\u00e1\u0161kov\u00e9 lakov\u00e1n\u00ed, kart\u00e1\u010dov\u00e1n\u00ed a fr\u00e9zov\u00e1n\u00ed.<br \/>\n<\/p><br \/>\n<br \/>\n<p><b>9.Je hlin\u00edk 6063 T5 snadno obrobiteln\u00fd? <\/b><\/p>\n<p>Ano, m\u00e1 vynikaj\u00edc\u00ed obrobitelnost, a proto se hojn\u011b pou\u017e\u00edv\u00e1 v p\u0159esn\u00fdch lisovan\u00fdch d\u00edlech a sestav\u00e1ch.<br \/>\n<\/p><br \/>\n<br \/>\n<p><b>10.Vy\u017eaduj\u00ed le\u0161t\u011bn\u00e9 profily zvl\u00e1\u0161tn\u00ed \u00fadr\u017ebu? <\/b><\/p>\n<p>Jsou nen\u00e1ro\u010dn\u00e9 na \u00fadr\u017ebu a k zachov\u00e1n\u00ed lesku jim sta\u010d\u00ed ob\u010dasn\u00e9 \u010di\u0161t\u011bn\u00ed m\u011bkk\u00fdm had\u0159\u00edkem a jemn\u00fdm \u010distic\u00edm prost\u0159edkem.<br \/>\n<\/p><br \/>\n<br \/>\n<p><b>11.Jsou tyto profily vhodn\u00e9 pro konstruk\u010dn\u00ed aplikace? <\/b><\/p>\n<p>Ano, slitina 6063 T5 sice nen\u00ed nejpevn\u011bj\u0161\u00ed, ale nab\u00edz\u00ed dostate\u010dnou pevnost pro mnoho lehk\u00fdch a\u017e st\u0159edn\u011b t\u011b\u017ek\u00fdch konstruk\u010dn\u00edch pot\u0159eb.<br \/>\n<\/p><br \/>\n<br \/>\n<p><b>12.Jak\u00fd je rozd\u00edl mezi temperac\u00ed T5 a T6? <\/b><\/p>\n<p>T5 je po vytla\u010den\u00ed ochlazena a um\u011ble zest\u00e1rla, tak\u017ee m\u00e1 o n\u011bco ni\u017e\u0161\u00ed pevnost ne\u017e T6, kter\u00e1 je tepeln\u011b zpracov\u00e1na a zest\u00e1rla v roztoku.<br \/>\n<\/p><br \/>\n<br \/>\n<p><b>13.Je hlin\u00edk 6063 \u0161etrn\u00fd k \u017eivotn\u00edmu prost\u0159ed\u00ed? <\/b><\/p>\n<p>Ano, hlin\u00edk je pln\u011b recyklovateln\u00fd a slitina 6063 se b\u011b\u017en\u011b pou\u017e\u00edv\u00e1 v udr\u017eiteln\u00fdch stavebn\u00edch a v\u00fdrobn\u00edch postupech.<br \/>\n<\/p><br \/>\n<br \/>\n<p><b>14.Mohu si objednat hromadn\u011b s vlastn\u00edm balen\u00edm? <\/b><\/p>\n<p>Ano, dodavatel\u00e9 B2B obvykle nab\u00edzej\u00ed hromadn\u00e9 objedn\u00e1vky s mo\u017enostmi balen\u00ed na m\u00edru, aby byla zaji\u0161t\u011bna bezpe\u010dnost a \u00fa\u010dinnost produktu.<br \/>\n<\/p><br \/>\n<br \/>\n<p><b>15.Jak\u00e1 je obvykl\u00e1 doba dod\u00e1n\u00ed le\u0161t\u011bn\u00fdch profil\u016f 6063 T5? <\/b><\/p>\n<p>Doba dod\u00e1n\u00ed se obvykle pohybuje od 2 do 5 t\u00fddn\u016f v z\u00e1vislosti na velikosti objedn\u00e1vky a \u00farovni p\u0159izp\u016fsoben\u00ed.<br \/>\n<\/p><br \/><\/p>","protected":false},"featured_media":6691,"template":"","categories":[66],"class_list":["post-6692","product","type-product","status-publish","has-post-thumbnail","hentry","category-brushed-aluminum-profile"],"meta_box":{"hilight_text_group":{"product_hilight_text":"<li>Made from 6063 T5 aluminum alloy for excellent strength and corrosion resistance<\/li>\r\r\n<li>Polished surface finish provides a sleek, reflective appearance for premium applications<\/li>\r\r\n<li>High formability and machinability, ideal for precision extrusion projects<\/li>\r\r\n<li>Custom lengths, shapes, and surface treatments available for industrial and architectural use<\/li>\r\r\n<li>Lightweight and durable, perfect for decorative and structural integration<\/li>","product_chanpin_blog":"<ul>\r\r\n<li><a href=\"https:\/\/sinoextrud.com\/t-slot-v-slot-differences\/\" target=\"_blank\">t slot vs v slot<\/a><\/li>\r\r\n<li><a href=\"https:\/\/sinoextrud.com\/what-is-4040-aluminium-extrud\/\" target=\"_blank\">4040 aluminium extrusion<\/a><\/li>\r\r\n<li><a href=\"https:\/\/sinoextrud.com\/what-is-4040-aluminium-extrud\/\" target=\"_blank\">aluminum extrusions for industrial racks<\/a><\/li>\r\r\n<li><a href=\"https:\/\/sinoextrud.com\/powder-coating-aluminium-process\/\" target=\"_blank\">powder coating aluminium<\/a><\/li>\r\r\n<li><a href=\"https:\/\/sinoextrud.com\/what-is-an-aluminium-strip-ceiling\/\" target=\"_blank\">aluminium strip ceiling<\/a><\/li>\r\r\n<li><a href=\"https:\/\/sinoextrud.com\/what-is-a-heat-sink\/\" target=\"_blank\">what is a heat sink<\/a><\/li>\r\r\n<\/ul>","product_chanpin_chanpin":"<li><a href=\"https:\/\/sinoextrud.com\/product\/aluminum-glazing-extrusions\/\" target=\"_blank\">Aluminum Glazing Extrusions<\/a><\/li>\r\n<li><a href=\"https:\/\/sinoextrud.com\/product\/polished-aluminum-u-channel\/\" target=\"_blank\">Polished Aluminum U Channel<\/a><\/li>\r\n<li><a href=\"https:\/\/sinoextrud.com\/product\/mirror-like-polished-aluminium-extrusion-profiles\/\" target=\"_blank\">Mirror like Polished aluminium extrusion profiles<\/a><\/li>\r\n<li><a href=\"https:\/\/sinoextrud.com\/product\/polished-aluminium-profiles\/\" target=\"_blank\">Polished Aluminium Profiles<\/a><\/li>\r\n<li><a href=\"https:\/\/sinoextrud.com\/product\/6063-t5-extruded-aluminium-profile-with-polish-surface\/\" target=\"_blank\">6063 T5 Extruded Aluminium Profile with Polish Surface<\/a><\/li>\r\n<li><a href=\"https:\/\/sinoextrud.com\/product\/6463-brightness-polished-shower-room-u-channel-aluminum-profile\/\" target=\"_blank\">6463 Brightness Polished Shower Room U Channel Aluminum Profile<\/a><\/li>\r\n<li><a href=\"https:\/\/sinoextrud.com\/product\/500-degree-brightness-polished-aluminum-profile\/\" target=\"_blank\">500 Degree Brightness Polished Aluminum Profile<\/a><\/li>\r\n<li><a href=\"https:\/\/sinoextrud.com\/product\/aluminium-profile\/\" target=\"_blank\">Aluminium profile<\/a><\/li>\r\n<li><a href=\"https:\/\/sinoextrud.com\/product\/aluminium-handrail-tubing\/\" target=\"_blank\">Aluminium Handrail Tubing<\/a><\/li>\r\n<li><a href=\"https:\/\/sinoextrud.com\/product\/aluminum-extrusion-linear-led-lighting-aluminum-profile\/\" target=\"_blank\">Aluminum Extrusion Linear LED Lighting Aluminum Profile<\/a><\/li>\r\n<li><a href=\"https:\/\/sinoextrud.com\/product\/aluminum-extrusion-minimalist-office-partition-aluminum-profiles\/\" target=\"_blank\">Aluminum Extrusion Minimalist Office Partition Aluminum Profiles<\/a><\/li>"},"feature_list":[]},"_links":{"self":[{"href":"https:\/\/sinoextrud.com\/cs\/wp-json\/wp\/v2\/product\/6692","targetHints":{"allow":["GET"]}}],"collection":[{"href":"https:\/\/sinoextrud.com\/cs\/wp-json\/wp\/v2\/product"}],"about":[{"href":"https:\/\/sinoextrud.com\/cs\/wp-json\/wp\/v2\/types\/product"}],"wp:featuredmedia":[{"embeddable":true,"href":"https:\/\/sinoextrud.com\/cs\/wp-json\/wp\/v2\/media\/6691"}],"wp:attachment":[{"href":"https:\/\/sinoextrud.com\/cs\/wp-json\/wp\/v2\/media?parent=6692"}],"wp:term":[{"taxonomy":"category","embeddable":true,"href":"https:\/\/sinoextrud.com\/cs\/wp-json\/wp\/v2\/categories?post=6692"}],"curies":[{"name":"wp","href":"https:\/\/api.w.org\/{rel}","templated":true}]}}