{"id":6684,"date":"2025-05-30T09:37:07","date_gmt":"2025-05-30T09:37:07","guid":{"rendered":"https:\/\/sinoextrud.com\/product\/aluminum-glazing-extrusions\/"},"modified":"2025-06-24T06:11:30","modified_gmt":"2025-06-24T06:11:30","slug":"hlinikove-zasklivaci-profily","status":"publish","type":"product","link":"https:\/\/sinoextrud.com\/cs\/product\/aluminum-glazing-extrusions\/","title":{"rendered":"Hlin\u00edkov\u00e9 zaskl\u00edvac\u00ed profily"},"content":{"rendered":"<h2>Podrobnosti o produktech<\/h2>\n<table class=\"custom-table\">\n<tr>\n<td class=\"label\">Polo\u017eka:<\/td>\n<td>hlin\u00edkov\u00e9 zaskl\u00edvac\u00ed profily<\/td>\n<\/tr>\n<tr>\n<td class=\"label\">Materila:<\/td>\n<td>6463<\/td>\n<\/tr>\n<tr>\n<td class=\"label\">M\u00edrnost:<\/td>\n<td>T5<\/td>\n<\/tr>\n<tr>\n<td class=\"label\">Tvar:<\/td>\n<td>stejn\u011b jako obr\u00e1zky. Mo\u017enost p\u0159izp\u016fsoben\u00ed.<\/td>\n<\/tr>\n<tr>\n<td class=\"label\">Zahu\u0161t\u011bn\u00ed profilu:<\/td>\n<td>0,8 mm v\u00fd\u0161e.<\/td>\n<\/tr>\n<tr>\n<td class=\"label\">Povrchov\u00e1 \u00faprava:<\/td>\n<td>le\u0161t\u011bn\u00ed eloxovan\u00e9ho hlin\u00edku<\/td>\n<\/tr>\n<tr>\n<td class=\"label\">Barva:<\/td>\n<td>K dispozici je st\u0159\u00edbrn\u00e1, zlat\u00e1, p\u0159izp\u016fsoben\u00e1 barva.<\/td>\n<\/tr>\n<tr>\n<td class=\"label\">Firma prov\u00e1d\u011bj\u00edc\u00ed n\u00e1t\u011bry:<\/td>\n<td>4-5um.<\/td>\n<\/tr>\n<tr>\n<td class=\"label\">Pou\u017eit\u00ed:<\/td>\n<td>dekorace, doprava atd.<\/td>\n<\/tr>\n<tr>\n<td class=\"label\">MOQ:<\/td>\n<td>1000 kg pro ka\u017edou polo\u017eku<\/td>\n<\/tr>\n<tr>\n<td class=\"label\">Certifik\u00e1t a norma:<\/td>\n<td>ISO 9008-2001. CQM, SGS<\/td>\n<\/tr>\n<tr>\n<td class=\"label\">Z\u00e1ruka:<\/td>\n<td>Barva povrchu m\u016f\u017ee b\u00fdt stabiln\u00ed po dobu 10 let p\u0159i pou\u017eit\u00ed v interi\u00e9ru.<\/td>\n<\/tr>\n<tr>\n<td class=\"label\">Pou\u017eit\u00ed:<\/td>\n<td>dekorace pouzdra hlin\u00edkov\u00fd v\u00fdlisek r\u00e1mov\u00e1n\u00ed dr\u00e1hy<\/td>\n<\/tr>\n<tr>\n<td class=\"label\">Hloubkov\u00e9 zpracov\u00e1n\u00ed<\/td>\n<td>jako je vrt\u00e1n\u00ed, fr\u00e9zov\u00e1n\u00ed, \u0159ez\u00e1n\u00ed, sva\u0159ov\u00e1n\u00ed, oh\u00fdb\u00e1n\u00ed.<\/td>\n<\/tr>\n<tr>\n<td class=\"label\">P\u016fvod:<\/td>\n<td>Foshan, Guangdong.<\/td>\n<\/tr>\n<tr>\n<td class=\"label\">Tlou\u0161\u0165ka odpov\u00eddaj\u00edc\u00ed t\u0159\u00eddy:<\/td>\n<td>5-8 mm<\/td>\n<\/tr>\n<tr>\n<td class=\"label\">P\u0159\u00edstupy:<\/td>\n<td>NE.<\/td>\n<\/tr>\n<tr>\n<td class=\"label\">K\u00f3d HS:<\/td>\n<td>761699000<\/td>\n<\/tr>\n<\/table>\n<h2>Na\u0161e v\u00fdrobn\u00ed z\u00e1kladna<\/h2>\n<h3>Panorama tov\u00e1rny<\/h3>\n<p><img decoding=\"async\" src=\"\/wp-content\/uploads\/factory-01.webp\"\/><\/p>\n<h3>D\u00edlna na v\u00fdrobu hlin\u00edkov\u00fdch ty\u010d\u00ed<\/h3>\n<p><img decoding=\"async\" src=\"\/wp-content\/uploads\/factory-02.webp\"\/><\/p>\n<p><img decoding=\"async\" src=\"\/wp-content\/uploads\/factory-03.webp\"\/><\/p>\n<h3>Sklad pl\u00edsn\u00ed<\/h3>\n<p><img decoding=\"async\" src=\"\/wp-content\/uploads\/factory-04.webp\"\/><\/p>\n<h3>43 linek na vytla\u010dov\u00e1n\u00ed hlin\u00edku (500 - 5500 tun)<\/h3>\n<p><img decoding=\"async\" src=\"\/wp-content\/uploads\/factory-05.webp\"\/><\/p>\n<p><img decoding=\"async\" src=\"\/wp-content\/uploads\/factory-06.webp\"\/><\/p>\n<p><img decoding=\"async\" src=\"\/wp-content\/uploads\/factory-07.webp\"\/><\/p>\n<h3>D\u00edlna pr\u00e1\u0161kov\u00e9ho lakov\u00e1n\u00ed<\/h3>\n<p><img decoding=\"async\" src=\"\/wp-content\/uploads\/factory-09.webp\"\/><\/p>\n<h3>D\u00edlna eloxov\u00e1n\u00ed<\/h3>\n<p><img decoding=\"async\" src=\"\/wp-content\/uploads\/factory-10.webp\"\/><\/p>\n<h3>Workshop o hloubkov\u00e9m zpracov\u00e1n\u00ed<\/h3>\n<p><img decoding=\"async\" src=\"\/wp-content\/uploads\/factory-11.webp\"\/><\/p>\n<h3>D\u00edlna CNC p\u0159esn\u00e9ho obr\u00e1b\u011bn\u00ed<\/h3>\n<p><img decoding=\"async\" src=\"\/wp-content\/uploads\/factory-11.5.webp\"\/><\/p>\n<h3>Sklad hotov\u00fdch v\u00fdrobk\u016f a exportn\u00ed sklad<\/h3>\n<p><img decoding=\"async\" src=\"\/wp-content\/uploads\/factory-12.webp\"\/><\/p>\n<p><img decoding=\"async\" src=\"\/wp-content\/uploads\/factory-13.webp\"\/><\/p>\n<p><img decoding=\"async\" src=\"\/wp-content\/uploads\/factory-14.webp\"\/><\/p>\n<h2>\u010cASTO KLADEN\u00c9 DOTAZY<\/h2>\n<p><p><b>1.Co jsou hlin\u00edkov\u00e9 zaskl\u00edvac\u00ed v\u00fdlisky? <\/b><\/p>\n<p>Jedn\u00e1 se o hlin\u00edkov\u00e9 profily speci\u00e1ln\u011b navr\u017een\u00e9 pro uchycen\u00ed a ut\u011bsn\u011bn\u00ed sklen\u011bn\u00fdch tabul\u00ed v okenn\u00edch, dve\u0159n\u00edch a fas\u00e1dn\u00edch syst\u00e9mech.<br \/>\n<\/p><br \/>\n<br \/>\n<p><b>2.Jak\u00e9 jsou hlavn\u00ed zp\u016fsoby pou\u017eit\u00ed hlin\u00edkov\u00fdch zaskl\u00edvac\u00edch v\u00fdlisk\u016f? <\/b><\/p>\n<p>Pou\u017e\u00edvaj\u00ed se v architektonick\u00fdch zasklen\u00edch, z\u00e1v\u011bsov\u00fdch st\u011bn\u00e1ch, v\u00fdloh\u00e1ch, p\u0159\u00ed\u010dk\u00e1ch a zimn\u00edch zahrad\u00e1ch.<br \/>\n<\/p><br \/>\n<br \/>\n<p><b>3.Pro\u010d zvolit hlin\u00edk pro zaskl\u00edvac\u00ed v\u00fdlisky? <\/b><\/p>\n<p>Hlin\u00edk nab\u00edz\u00ed pevnost, odolnost proti korozi a elegantn\u00ed vzhled, tak\u017ee je ide\u00e1ln\u00ed pro konstruk\u010dn\u00ed a dekorativn\u00ed zasklen\u00ed.<br \/>\n<\/p><br \/>\n<br \/>\n<p><b>4.Jsou hlin\u00edkov\u00e9 zaskl\u00edvac\u00ed profily odoln\u00e9 proti pov\u011btrnostn\u00edm vliv\u016fm? <\/b><\/p>\n<p>Ano, jsou navr\u017eeny tak, aby odol\u00e1valy pov\u011btrnostn\u00edm vliv\u016fm, vlhkosti a UV z\u00e1\u0159en\u00ed a poskytovaly dlouhodob\u00e9 ut\u011bsn\u011bn\u00ed a podporu.<br \/>\n<\/p><br \/>\n<br \/>\n<p><b>5.Mohu si p\u0159izp\u016fsobit tvar a velikost profilu? <\/b><\/p>\n<p>Ano, hlin\u00edkov\u00e9 zaskl\u00edvac\u00ed v\u00fdlisky jsou k dispozici ve vlastn\u00edch tvarech, velikostech a tlou\u0161\u0165k\u00e1ch, kter\u00e9 spl\u0148uj\u00ed po\u017eadavky projektu.<br \/>\n<\/p><br \/>\n<br \/>\n<p><b>6.Jak\u00e9 povrchov\u00e9 \u00fapravy jsou k dispozici pro hlin\u00edkov\u00e9 zaskl\u00edvac\u00ed v\u00fdlisky? <\/b><\/p>\n<p>Mezi b\u011b\u017en\u00e9 povrchov\u00e9 \u00fapravy pat\u0159\u00ed \u010dir\u00fd elox, \u010dern\u00fd elox, pr\u00e1\u0161kov\u00e9 barvy a kart\u00e1\u010dovan\u00fd hlin\u00edk.<br \/>\n<\/p><br \/>\n<br \/>\n<p><b>7.Funguj\u00ed tyto v\u00fdlisky s dvojit\u00fdm zasklen\u00edm? <\/b><\/p>\n<p>Ano, jsou ur\u010deny pro syst\u00e9my s jednoduch\u00fdm, dvojit\u00fdm nebo dokonce trojit\u00fdm zasklen\u00edm.<br \/>\n<\/p><br \/>\n<br \/>\n<p><b>8.Jak se montuj\u00ed zaskl\u00edvac\u00ed v\u00fdlisky? <\/b><\/p>\n<p>Obvykle se instaluj\u00ed pomoc\u00ed pry\u017eov\u00fdch t\u011bsn\u011bn\u00ed, t\u011bsnic\u00edch materi\u00e1l\u016f nebo sponek a jsou kompatibiln\u00ed se standardn\u00edmi zaskl\u00edvac\u00edmi n\u00e1stroji.<br \/>\n<\/p><br \/>\n<br \/>\n<p><b>9.Jsou hlin\u00edkov\u00e9 zaskl\u00edvac\u00ed profily vhodn\u00e9 pro komer\u010dn\u00ed budovy? <\/b><\/p>\n<p>Ano, d\u00edky sv\u00e9 pevnosti, konstruk\u010dn\u00ed flexibilit\u011b a souladu se stavebn\u00edmi normami se hojn\u011b pou\u017e\u00edvaj\u00ed v komer\u010dn\u00edch aplikac\u00edch.<br \/>\n<\/p><br \/>\n<br \/>\n<p><b>10.Jak\u00e1 je dodac\u00ed lh\u016fta pro hlin\u00edkov\u00e9 zaskl\u00edvac\u00ed v\u00fdlisky? <\/b><\/p>\n<p>Doba dod\u00e1n\u00ed se pohybuje od 2 do 6 t\u00fddn\u016f v z\u00e1vislosti na p\u0159izp\u016fsoben\u00ed a velikosti objedn\u00e1vky.<br \/>\n<\/p><br \/>\n<br \/>\n<p><b>11.Lze pro vnit\u0159n\u00ed p\u0159\u00ed\u010dky pou\u017e\u00edt zaskl\u00edvac\u00ed v\u00fdlisky? <\/b><\/p>\n<p>Ano, mnoho design\u016f je vhodn\u00fdch pro interi\u00e9rov\u00e9 sklen\u011bn\u00e9 p\u0159\u00ed\u010dky, kter\u00e9 poskytuj\u00ed modern\u00ed a \u010distou estetiku.<br \/>\n<\/p><br \/>\n<br \/>\n<p><b>12.Poskytuj\u00ed dodavatel\u00e9 instala\u010dn\u00ed p\u0159\u00edslu\u0161enstv\u00ed? <\/b><\/p>\n<p>Ano, mnoho v\u00fdrobc\u016f nab\u00edz\u00ed kompletn\u00ed syst\u00e9m v\u010detn\u011b t\u011bsn\u011bn\u00ed, roh\u016f a mont\u00e1\u017en\u00edch spon.<br \/>\n<\/p><br \/>\n<br \/>\n<p><b>13.Je hlin\u00edkov\u00e9 zasklen\u00ed recyklovateln\u00e9? <\/b><\/p>\n<p>Ano, hlin\u00edk je 100% recyklovateln\u00fd, tak\u017ee zaskl\u00edvac\u00ed v\u00fdlisky jsou ekologicky odpov\u011bdnou volbou.<br \/>\n<\/p><br \/>\n<br \/>\n<p><b>14.Mohou zaskl\u00edvac\u00ed profily un\u00e9st t\u011b\u017ek\u00e9 sklen\u011bn\u00e9 tabule? <\/b><\/p>\n<p>Ano, pokud jsou spr\u00e1vn\u011b navr\u017eeny, mohou bezpe\u010dn\u011b un\u00e9st t\u011b\u017ek\u00e9 nebo velk\u00e9 sklen\u011bn\u00e9 tabule.<br \/>\n<\/p><br \/>\n<br \/>\n<p><b>15.V jak\u00fdch pr\u016fmyslov\u00fdch odv\u011btv\u00edch se pou\u017e\u00edvaj\u00ed hlin\u00edkov\u00e9 zaskl\u00edvac\u00ed v\u00fdlisky? <\/b><\/p>\n<p>Pou\u017e\u00edvaj\u00ed se ve stavebnictv\u00ed, p\u0159i navrhov\u00e1n\u00ed interi\u00e9r\u016f, v doprav\u011b a p\u0159i v\u00fdrob\u011b displej\u016f.<br \/>\n<\/p><br \/><\/p>","protected":false},"featured_media":6683,"template":"","categories":[66],"class_list":["post-6684","product","type-product","status-publish","has-post-thumbnail","hentry","category-brushed-aluminum-profile"],"meta_box":{"hilight_text_group":{"product_hilight_text":"<li>Engineered for secure and seamless integration of glass panels<\/li>\r\r\n<li>High-strength aluminum ensures long-lasting support and durability<\/li>\r\r\n<li>Weather-resistant design ideal for windows, doors, and curtain walls<\/li>\r\r\n<li>Available in various finishes including anodized, powder-coated, and brushed<\/li>\r\r\n<li>Custom profiles and sizes to suit both commercial and residential glazing systems<\/li>","product_chanpin_blog":"<ul>\r\r\n<li><a href=\"https:\/\/sinoextrud.com\/t-slot-v-slot-differences\/\" target=\"_blank\">t slot vs v slot<\/a><\/li>\r\r\n<li><a href=\"https:\/\/sinoextrud.com\/what-is-4040-aluminium-extrud\/\" target=\"_blank\">4040 aluminium extrusion<\/a><\/li>\r\r\n<li><a href=\"https:\/\/sinoextrud.com\/what-is-4040-aluminium-extrud\/\" target=\"_blank\">aluminum extrusions for industrial racks<\/a><\/li>\r\r\n<li><a href=\"https:\/\/sinoextrud.com\/powder-coating-aluminium-process\/\" target=\"_blank\">powder coating aluminium<\/a><\/li>\r\r\n<li><a href=\"https:\/\/sinoextrud.com\/what-is-an-aluminium-strip-ceiling\/\" target=\"_blank\">aluminium strip ceiling<\/a><\/li>\r\r\n<li><a href=\"https:\/\/sinoextrud.com\/what-is-a-heat-sink\/\" target=\"_blank\">what is a heat sink<\/a><\/li>\r\r\n<\/ul>","product_chanpin_chanpin":"<li><a href=\"https:\/\/sinoextrud.com\/product\/aluminum-extrusion-6063-powder-coating-aluminum-tile-roof-profile\/\" target=\"_blank\">Aluminum Extrusion 6063 Powder Coating Aluminum Tile Roof Profile<\/a><\/li>\r\n<li><a href=\"https:\/\/sinoextrud.com\/product\/brushed-aluminum-profiles\/\" target=\"_blank\">Brushed Aluminum Profiles<\/a><\/li>\r\n<li><a href=\"https:\/\/sinoextrud.com\/product\/aluminum-photo-frame-profile\/\" target=\"_blank\">Aluminum Photo Frame Profile<\/a><\/li>\r\n<li><a href=\"https:\/\/sinoextrud.com\/product\/f-channel-aluminum-extrusion\/\" target=\"_blank\">F Channel Aluminum Extrusion<\/a><\/li>\r\n<li><a href=\"https:\/\/sinoextrud.com\/product\/aluminum-glazing-extrusions\/\" target=\"_blank\">Aluminum Glazing Extrusions<\/a><\/li>\r\n<li><a href=\"https:\/\/sinoextrud.com\/product\/polished-aluminum-u-channel\/\" target=\"_blank\">Polished Aluminum U Channel<\/a><\/li>\r\n<li><a href=\"https:\/\/sinoextrud.com\/product\/mirror-like-polished-aluminium-extrusion-profiles\/\" target=\"_blank\">Mirror like Polished aluminium extrusion profiles<\/a><\/li>\r\n<li><a href=\"https:\/\/sinoextrud.com\/product\/polished-aluminium-profiles\/\" target=\"_blank\">Polished Aluminium Profiles<\/a><\/li>\r\n<li><a href=\"https:\/\/sinoextrud.com\/product\/6063-t5-extruded-aluminium-profile-with-polish-surface\/\" target=\"_blank\">6063 T5 Extruded Aluminium Profile with Polish Surface<\/a><\/li>\r\n<li><a href=\"https:\/\/sinoextrud.com\/product\/weather-resistant-wood-grain-aluminum-profile\/\" target=\"_blank\">Weather Resistant Wood Grain Aluminum Profile<\/a><\/li>\r\n<li><a href=\"https:\/\/sinoextrud.com\/product\/30mm-aluminum-extrusion\/\" target=\"_blank\">30mm Aluminum Extrusion<\/a><\/li>"},"feature_list":[]},"_links":{"self":[{"href":"https:\/\/sinoextrud.com\/cs\/wp-json\/wp\/v2\/product\/6684","targetHints":{"allow":["GET"]}}],"collection":[{"href":"https:\/\/sinoextrud.com\/cs\/wp-json\/wp\/v2\/product"}],"about":[{"href":"https:\/\/sinoextrud.com\/cs\/wp-json\/wp\/v2\/types\/product"}],"wp:featuredmedia":[{"embeddable":true,"href":"https:\/\/sinoextrud.com\/cs\/wp-json\/wp\/v2\/media\/6683"}],"wp:attachment":[{"href":"https:\/\/sinoextrud.com\/cs\/wp-json\/wp\/v2\/media?parent=6684"}],"wp:term":[{"taxonomy":"category","embeddable":true,"href":"https:\/\/sinoextrud.com\/cs\/wp-json\/wp\/v2\/categories?post=6684"}],"curies":[{"name":"wp","href":"https:\/\/api.w.org\/{rel}","templated":true}]}}