{"id":6680,"date":"2025-05-30T09:28:54","date_gmt":"2025-05-30T09:28:54","guid":{"rendered":"https:\/\/sinoextrud.com\/product\/aluminum-photo-frame-profile\/"},"modified":"2025-06-24T06:11:30","modified_gmt":"2025-06-24T06:11:30","slug":"profil-hlinikoveho-fotoramecku","status":"publish","type":"product","link":"https:\/\/sinoextrud.com\/cs\/product\/aluminum-photo-frame-profile\/","title":{"rendered":"Profil hlin\u00edkov\u00e9ho fotor\u00e1me\u010dku"},"content":{"rendered":"<h2>Podrobnosti o produktech<\/h2>\n<table class=\"custom-table\">\n<tr>\n<td class=\"label\">N\u00e1zev produktu<\/td>\n<td>Hlin\u00edkov\u00fd profil fotor\u00e1me\u010dku<\/td>\n<\/tr>\n<tr>\n<td class=\"label\">Materi\u00e1l<\/td>\n<td>6063, 6061, 6043, 6082 Hlin\u00edkov\u00e1 slitina<\/td>\n<\/tr>\n<tr>\n<td class=\"label\">Barva<\/td>\n<td>P\u0159izp\u016fsoben\u00e9<\/td>\n<\/tr>\n<tr>\n<td class=\"label\">T\u0159\u00edda<\/td>\n<td>\u0158ada 6000<\/td>\n<\/tr>\n<tr>\n<td class=\"label\">Tlou\u0161\u0165ka<\/td>\n<td>P\u0159izp\u016fsoben\u00e9<\/td>\n<\/tr>\n<tr>\n<td class=\"label\">Pou\u017eit\u00ed<\/td>\n<td>Dekorace<\/td>\n<\/tr>\n<tr>\n<td class=\"label\">Temperament<\/td>\n<td>T3-T8<\/td>\n<\/tr>\n<tr>\n<td class=\"label\">D\u00e9lka<\/td>\n<td>P\u0159izp\u016fsoben\u00e9<\/td>\n<\/tr>\n<tr>\n<td class=\"label\">Povrchov\u00e1 \u00faprava<\/td>\n<td>Pr\u00e1\u0161kov\u00e9 lakov\u00e1n\u00ed, ml\u00fdnsk\u00e1 povrchov\u00e1 \u00faprava, PVDF, eloxovan\u00e9, d\u0159ev\u011bn\u00e9 zrno, le\u0161t\u011bn\u00e9, kart\u00e1\u010dovan\u00e9 atd.<\/td>\n<\/tr>\n<tr>\n<td class=\"label\">Orgin<\/td>\n<td>\u010c\u00cdNA<\/td>\n<\/tr>\n<tr>\n<td class=\"label\">Je slitina nebo ne<\/td>\n<td>Je slitina<\/td>\n<\/tr>\n<tr>\n<td class=\"label\">P\u0159\u00edstav<\/td>\n<td>Guangzhou, Shenzhen, Foshan<br \/>- Vnit\u0159n\u00ed balen\u00ed: ochrann\u00e1 f\u00f3lie na povrchu bez loga pro ka\u017ed\u00fd kus.<br \/>-Vn\u011bj\u0161\u00ed balen\u00ed: vodot\u011bsn\u00fd \u0159emesln\u00fd pap\u00edr, kter\u00fd zab\u00edr\u00e1 asi 3%-5% hrub\u00e9 hmotnosti.<br \/>-Vnit\u0159n\u00ed balen\u00ed: ochrann\u00fd polybag pro ka\u017ed\u00fd kus.<br \/>-Vn\u011bj\u0161\u00ed balen\u00ed: d\u0159ev\u011bn\u00e9 palety + \u017eelezn\u00fd voz\u00edk.<br \/>K dispozici je po\u017eadavek na p\u0159izp\u016fsoben\u00e9 balen\u00ed.<\/td>\n<\/tr>\n<\/table>\n<h2>Na\u0161e v\u00fdrobn\u00ed z\u00e1kladna<\/h2>\n<h3>Panorama tov\u00e1rny<\/h3>\n<p><img decoding=\"async\" src=\"\/wp-content\/uploads\/factory-01.webp\"\/><\/p>\n<h3>D\u00edlna na v\u00fdrobu hlin\u00edkov\u00fdch ty\u010d\u00ed<\/h3>\n<p><img decoding=\"async\" src=\"\/wp-content\/uploads\/factory-02.webp\"\/><\/p>\n<p><img decoding=\"async\" src=\"\/wp-content\/uploads\/factory-03.webp\"\/><\/p>\n<h3>Sklad pl\u00edsn\u00ed<\/h3>\n<p><img decoding=\"async\" src=\"\/wp-content\/uploads\/factory-04.webp\"\/><\/p>\n<h3>43 linek na vytla\u010dov\u00e1n\u00ed hlin\u00edku (500 - 5500 tun)<\/h3>\n<p><img decoding=\"async\" src=\"\/wp-content\/uploads\/factory-05.webp\"\/><\/p>\n<p><img decoding=\"async\" src=\"\/wp-content\/uploads\/factory-06.webp\"\/><\/p>\n<p><img decoding=\"async\" src=\"\/wp-content\/uploads\/factory-07.webp\"\/><\/p>\n<h3>D\u00edlna pr\u00e1\u0161kov\u00e9ho lakov\u00e1n\u00ed<\/h3>\n<p><img decoding=\"async\" src=\"\/wp-content\/uploads\/factory-09.webp\"\/><\/p>\n<h3>D\u00edlna eloxov\u00e1n\u00ed<\/h3>\n<p><img decoding=\"async\" src=\"\/wp-content\/uploads\/factory-10.webp\"\/><\/p>\n<h3>Workshop o hloubkov\u00e9m zpracov\u00e1n\u00ed<\/h3>\n<p><img decoding=\"async\" src=\"\/wp-content\/uploads\/factory-11.webp\"\/><\/p>\n<h3>D\u00edlna CNC p\u0159esn\u00e9ho obr\u00e1b\u011bn\u00ed<\/h3>\n<p><img decoding=\"async\" src=\"\/wp-content\/uploads\/factory-11.5.webp\"\/><\/p>\n<h3>Sklad hotov\u00fdch v\u00fdrobk\u016f a exportn\u00ed sklad<\/h3>\n<p><img decoding=\"async\" src=\"\/wp-content\/uploads\/factory-12.webp\"\/><\/p>\n<p><img decoding=\"async\" src=\"\/wp-content\/uploads\/factory-13.webp\"\/><\/p>\n<p><img decoding=\"async\" src=\"\/wp-content\/uploads\/factory-14.webp\"\/><\/p>\n<h2>\u010cASTO KLADEN\u00c9 DOTAZY<\/h2>\n<p><p><b>1.Co je profil hlin\u00edkov\u00e9ho fotor\u00e1me\u010dku? <\/b><\/p>\n<p>Jedn\u00e1 se o extrudovan\u00fd hlin\u00edkov\u00fd profil ur\u010den\u00fd speci\u00e1ln\u011b pro mont\u00e1\u017e r\u00e1m\u016f na fotografie nebo um\u011bleck\u00e1 d\u00edla, kter\u00fd nab\u00edz\u00ed elegantn\u00ed a modern\u00ed vzhled.<br \/>\n<\/p><br \/>\n<br \/>\n<p><b>2.Pro\u010d zvolit hlin\u00edkov\u00e9 profily pro fotor\u00e1me\u010dky? <\/b><\/p>\n<p>Hlin\u00edkov\u00e9 profily jsou lehk\u00e9, odoln\u00e9 a poskytuj\u00ed \u0161pi\u010dkovou povrchovou \u00fapravu, kter\u00e1 zlep\u0161uje prezentaci fotografi\u00ed a um\u011bleck\u00fdch d\u011bl.<br \/>\n<\/p><br \/>\n<br \/>\n<p><b>3.Mohou b\u00fdt profily hlin\u00edkov\u00fdch fotor\u00e1me\u010dk\u016f p\u0159izp\u016fsobeny? <\/b><\/p>\n<p>Ano, jsou k dispozici ve vlastn\u00edch d\u00e9lk\u00e1ch, barv\u00e1ch a tvarech, aby vyhovovaly r\u016fzn\u00fdm pot\u0159eb\u00e1m r\u00e1mov\u00e1n\u00ed.<br \/>\n<\/p><br \/>\n<br \/>\n<p><b>4.Jsou hlin\u00edkov\u00e9 profily fotor\u00e1me\u010dk\u016f odoln\u00e9 proti korozi? <\/b><\/p>\n<p>Ano, jsou p\u0159irozen\u011b odoln\u00e9 proti korozi a vhodn\u00e9 pro dlouhodob\u00e9 pou\u017e\u00edv\u00e1n\u00ed v r\u016fzn\u00fdch prost\u0159ed\u00edch.<br \/>\n<\/p><br \/>\n<br \/>\n<p><b>5.Jak\u00e9 povrchov\u00e9 \u00fapravy jsou k dispozici pro hlin\u00edkov\u00e9 r\u00e1mov\u00e9 profily? <\/b><\/p>\n<p>Mezi b\u011b\u017en\u00e9 mo\u017enosti pat\u0159\u00ed eloxovan\u00e9, kart\u00e1\u010dovan\u00e9, matn\u00e9 a pr\u00e1\u0161kov\u00e9 povrchy v r\u016fzn\u00fdch barv\u00e1ch.<br \/>\n<\/p><br \/>\n<br \/>\n<p><b>6.Je mont\u00e1\u017e hlin\u00edkov\u00fdch profil\u016f fotor\u00e1me\u010dk\u016f snadn\u00e1? <\/b><\/p>\n<p>Ano, profily jsou navr\u017eeny pro rychlou a bezpe\u010dnou mont\u00e1\u017e, tak\u017ee jsou ide\u00e1ln\u00ed pro hromadnou v\u00fdrobu nebo pro kutily.<br \/>\n<\/p><br \/>\n<br \/>\n<p><b>7.Jakou tlou\u0161\u0165ku fotografie nebo um\u011bleck\u00e9ho d\u00edla tyto profily podporuj\u00ed? <\/b><\/p>\n<p>V z\u00e1vislosti na konstrukci profilu se do nich vejde \u0159ada tlou\u0161t\u011bk, obvykle od standardn\u00edch v\u00fdtisk\u016f a\u017e po montovan\u00e1 um\u011bleck\u00e1 d\u00edla.<br \/>\n<\/p><br \/>\n<br \/>\n<p><b>8.Jsou tyto profily vhodn\u00e9 pro komer\u010dn\u00ed r\u00e1mov\u00e1n\u00ed? <\/b><\/p>\n<p>Ano, d\u00edky sv\u00e9mu \u010dist\u00e9mu vzhledu a trvanlivosti se hojn\u011b pou\u017e\u00edvaj\u00ed v galeri\u00edch, maloobchodn\u00edch expozic\u00edch a ve firm\u00e1ch.<br \/>\n<\/p><br \/>\n<br \/>\n<p><b>9.Dod\u00e1vaj\u00ed se s p\u0159\u00edslu\u0161enstv\u00edm pro stavbu r\u00e1m\u016f? <\/b><\/p>\n<p>V\u011bt\u0161ina dodavatel\u016f nab\u00edz\u00ed odpov\u00eddaj\u00edc\u00ed p\u0159\u00edslu\u0161enstv\u00ed, jako jsou rohy, zadn\u00ed desky a z\u00e1v\u011bsn\u00e9 kov\u00e1n\u00ed.<br \/>\n<\/p><br \/>\n<br \/>\n<p><b>10.Lze je pou\u017e\u00edt pro r\u00e1my velk\u00fdch rozm\u011br\u016f? <\/b><\/p>\n<p>Ano, n\u011bkter\u00e9 hlin\u00edkov\u00e9 profily jsou navr\u017eeny tak, aby unesly v\u011bt\u0161\u00ed r\u00e1my, ani\u017e by se deformovaly nebo oh\u00fdbaly.<br \/>\n<\/p><br \/>\n<br \/>\n<p><b>11.Jsou hlin\u00edkov\u00e9 profily fotor\u00e1me\u010dk\u016f \u0161etrn\u00e9 k \u017eivotn\u00edmu prost\u0159ed\u00ed? <\/b><\/p>\n<p>Ano, hlin\u00edk je pln\u011b recyklovateln\u00fd, tak\u017ee tyto profily jsou udr\u017eitelnou volbou pro r\u00e1mov\u00e1n\u00ed.<br \/>\n<\/p><br \/>\n<br \/>\n<p><b>12.Jak udr\u017eujete profily hlin\u00edkov\u00fdch fotor\u00e1me\u010dk\u016f? <\/b><\/p>\n<p>Ot\u00edrejte m\u011bkk\u00fdm vlhk\u00fdm had\u0159\u00edkem, abyste odstranili prach a udr\u017eeli povrch \u010dist\u00fd a atraktivn\u00ed.<br \/>\n<\/p><br \/>\n<br \/>\n<p><b>13.Jak\u00e1 je obvykl\u00e1 doba vy\u0159\u00edzen\u00ed objedn\u00e1vky? <\/b><\/p>\n<p>Doba realizace se li\u0161\u00ed, ale standardn\u00ed objedn\u00e1vky jsou obvykle vy\u0159\u00edzeny do 2 a\u017e 4 t\u00fddn\u016f v z\u00e1vislosti na p\u0159izp\u016fsoben\u00ed.<br \/>\n<\/p><br \/>\n<br \/>\n<p><b>14.Nab\u00edzej\u00ed dodavatel\u00e9 slevy na hromadn\u00e9 objedn\u00e1vky? <\/b><\/p>\n<p>Ano, v\u011bt\u0161ina dodavatel\u016f poskytuje mno\u017estevn\u00ed slevy pro velkoobchodn\u00ed nebo B2B objedn\u00e1vky.<br \/>\n<\/p><br \/>\n<br \/>\n<p><b>15.Jsou tyto profily kompatibiln\u00ed se zaskl\u00edvac\u00edmi materi\u00e1ly? <\/b><\/p>\n<p>Ano, jsou navr\u017eeny tak, aby fungovaly s r\u016fzn\u00fdmi mo\u017enostmi zasklen\u00ed, jako je akryl\u00e1t nebo sklo.<br \/>\n<\/p><br \/><\/p>","protected":false},"featured_media":6679,"template":"","categories":[64],"class_list":["post-6680","product","type-product","status-publish","has-post-thumbnail","hentry","category-new-trend-aluminium-products"],"meta_box":{"hilight_text_group":{"product_hilight_text":"<li>Lightweight and durable aluminum construction for long-lasting frame support<\/li>\r\r\n<li>Precision-extruded profiles ensure easy assembly and professional finish<\/li>\r\r\n<li>Corrosion-resistant surface ideal for both indoor and outdoor display frames<\/li>\r\r\n<li>Available in various anodized and powder-coated finishes to match design themes<\/li>\r\r\n<li>Customizable sizes and shapes to suit diverse picture framing applications<\/li>","product_chanpin_blog":"<ul>\r\r\n<li><a href=\"https:\/\/sinoextrud.com\/t-slot-v-slot-differences\/\" target=\"_blank\">t slot vs v slot<\/a><\/li>\r\r\n<li><a href=\"https:\/\/sinoextrud.com\/what-is-4040-aluminium-extrud\/\" target=\"_blank\">4040 aluminium extrusion<\/a><\/li>\r\r\n<li><a href=\"https:\/\/sinoextrud.com\/what-is-4040-aluminium-extrud\/\" target=\"_blank\">aluminum extrusions for industrial racks<\/a><\/li>\r\r\n<li><a href=\"https:\/\/sinoextrud.com\/powder-coating-aluminium-process\/\" target=\"_blank\">powder coating aluminium<\/a><\/li>\r\r\n<li><a href=\"https:\/\/sinoextrud.com\/what-is-an-aluminium-strip-ceiling\/\" target=\"_blank\">aluminium strip ceiling<\/a><\/li>\r\r\n<li><a href=\"https:\/\/sinoextrud.com\/what-is-a-heat-sink\/\" target=\"_blank\">what is a heat sink<\/a><\/li>\r\r\n<\/ul>","product_chanpin_chanpin":"<li><a href=\"https:\/\/sinoextrud.com\/product\/aluminum-extrusion-baseboard-aluminum-skirting-profile\/\" target=\"_blank\">Aluminum Extrusion Baseboard Aluminum Skirting Profile<\/a><\/li>\r\n<li><a href=\"https:\/\/sinoextrud.com\/product\/aluminum-extrusion-aluminum-edge-trim-for-truck-body-cabins-profiles\/\" target=\"_blank\">Aluminum Extrusion Aluminum Edge Trim For Truck Body Cabins Profiles<\/a><\/li>\r\n<li><a href=\"https:\/\/sinoextrud.com\/product\/aluminum-extrusion-6063-powder-coating-aluminum-tile-roof-profile\/\" target=\"_blank\">Aluminum Extrusion 6063 Powder Coating Aluminum Tile Roof Profile<\/a><\/li>\r\n<li><a href=\"https:\/\/sinoextrud.com\/product\/brushed-aluminum-profiles\/\" target=\"_blank\">Brushed Aluminum Profiles<\/a><\/li>\r\n<li><a href=\"https:\/\/sinoextrud.com\/product\/aluminum-photo-frame-profile\/\" target=\"_blank\">Aluminum Photo Frame Profile<\/a><\/li>\r\n<li><a href=\"https:\/\/sinoextrud.com\/product\/f-channel-aluminum-extrusion\/\" target=\"_blank\">F Channel Aluminum Extrusion<\/a><\/li>\r\n<li><a href=\"https:\/\/sinoextrud.com\/product\/aluminum-glazing-extrusions\/\" target=\"_blank\">Aluminum Glazing Extrusions<\/a><\/li>\r\n<li><a href=\"https:\/\/sinoextrud.com\/product\/polished-aluminum-u-channel\/\" target=\"_blank\">Polished Aluminum U Channel<\/a><\/li>\r\n<li><a href=\"https:\/\/sinoextrud.com\/product\/mirror-like-polished-aluminium-extrusion-profiles\/\" target=\"_blank\">Mirror like Polished aluminium extrusion profiles<\/a><\/li>\r\n<li><a href=\"https:\/\/sinoextrud.com\/product\/aluminium-extrusion-pipe\/\" target=\"_blank\">Aluminium Extrusion Pipe<\/a><\/li>\r\n<li><a href=\"https:\/\/sinoextrud.com\/product\/aluminium-solar-frame-profile\/\" target=\"_blank\">Aluminium Solar Frame Profile<\/a><\/li>"},"feature_list":[]},"_links":{"self":[{"href":"https:\/\/sinoextrud.com\/cs\/wp-json\/wp\/v2\/product\/6680","targetHints":{"allow":["GET"]}}],"collection":[{"href":"https:\/\/sinoextrud.com\/cs\/wp-json\/wp\/v2\/product"}],"about":[{"href":"https:\/\/sinoextrud.com\/cs\/wp-json\/wp\/v2\/types\/product"}],"wp:featuredmedia":[{"embeddable":true,"href":"https:\/\/sinoextrud.com\/cs\/wp-json\/wp\/v2\/media\/6679"}],"wp:attachment":[{"href":"https:\/\/sinoextrud.com\/cs\/wp-json\/wp\/v2\/media?parent=6680"}],"wp:term":[{"taxonomy":"category","embeddable":true,"href":"https:\/\/sinoextrud.com\/cs\/wp-json\/wp\/v2\/categories?post=6680"}],"curies":[{"name":"wp","href":"https:\/\/api.w.org\/{rel}","templated":true}]}}