{"id":6675,"date":"2025-05-30T08:09:46","date_gmt":"2025-05-30T08:09:46","guid":{"rendered":"https:\/\/sinoextrud.com\/product\/aluminum-extrusion-6063-powder-coating-aluminum-tile-roof-profile\/"},"modified":"2025-06-24T06:11:29","modified_gmt":"2025-06-24T06:11:29","slug":"hlinikovy-vylisek-6063-praskove-lakovani-hlinikove-stresni-tasky-profil","status":"publish","type":"product","link":"https:\/\/sinoextrud.com\/cs\/product\/aluminum-extrusion-6063-powder-coating-aluminum-tile-roof-profile\/","title":{"rendered":"Hlin\u00edkov\u00fd v\u00fdlisek 6063 pr\u00e1\u0161kov\u00e9 lakov\u00e1n\u00ed Hlin\u00edkov\u00e9 st\u0159e\u0161n\u00ed ta\u0161ky profil"},"content":{"rendered":"<h2>Podrobnosti o produktech<\/h2>\n<table class=\"custom-table\">\n<tr>\n<td class=\"label\">N\u00e1zev produktu<\/td>\n<td>Hlin\u00edkov\u00fd v\u00fdlisek 6063 pr\u00e1\u0161kov\u00e9 lakov\u00e1n\u00ed Hlin\u00edkov\u00e9 st\u0159e\u0161n\u00ed ta\u0161ky profil<\/td>\n<\/tr>\n<tr>\n<td class=\"label\">Sortiment v\u00fdrobk\u016f<\/td>\n<td>Hlin\u00edkov\u00e9 v\u00fdlisky pro v\u00fdlisky pro hlin\u00edkov\u00e9 st\u0159e\u0161n\u00ed krytiny, st\u0159e\u0161n\u00ed profily, lehk\u00e9 st\u0159e\u0161n\u00ed krytiny, odoln\u00e9 st\u0159e\u0161n\u00ed krytiny, st\u0159e\u0161n\u00ed krytiny odoln\u00e9 proti pov\u011btrnostn\u00edm vliv\u016fm 7. \u0158e\u0161en\u00ed pro st\u0159e\u0161n\u00ed krytiny s dlouhou \u017eivotnost\u00ed 8. P\u0159izp\u016fsobiteln\u00e9 st\u0159e\u0161n\u00ed profily 9. Energeticky \u00fasporn\u00e9 st\u0159e\u0161n\u00ed krytiny 10. Mo\u017enosti st\u0159e\u0161n\u00edch krytin \u0161etrn\u00fdch k \u017eivotn\u00edmu prost\u0159ed\u00ed atd.<\/td>\n<\/tr>\n<tr>\n<td class=\"label\">Aplikace<\/td>\n<td>obytn\u00e9 domy, komer\u010dn\u00ed budovy a pr\u016fmyslov\u00e9 objekty atd.<\/td>\n<\/tr>\n<tr>\n<td class=\"label\">Hlin\u00edkov\u00e1 slitina<\/td>\n<td>\u0158ada 6000, 6063<\/td>\n<\/tr>\n<tr>\n<td class=\"label\">Temperament<\/td>\n<td>T5-T8<\/td>\n<\/tr>\n<tr>\n<td class=\"label\">Tvar<\/td>\n<td>p\u0159izp\u016fsoben\u00ed<\/td>\n<\/tr>\n<tr>\n<td class=\"label\">Tlou\u0161\u0165ka<\/td>\n<td>0,65 mm, 0,8 mm, 1,0 mm<\/td>\n<\/tr>\n<tr>\n<td class=\"label\">D\u00e9lka<\/td>\n<td>1-9m<\/td>\n<\/tr>\n<tr>\n<td class=\"label\">Povrchov\u00e1 \u00faprava<\/td>\n<td>v\u00fdkonov\u00e9 lakov\u00e1n\u00ed nebo p\u0159izp\u016fsoben\u00ed<\/td>\n<\/tr>\n<tr>\n<td class=\"label\">Hloubkov\u00e9 zpracov\u00e1n\u00ed CNC<\/td>\n<td>\u0159ez\u00e1n\u00ed, vrt\u00e1n\u00ed, obr\u00e1b\u011bn\u00ed, d\u011brov\u00e1n\u00ed, oh\u00fdb\u00e1n\u00ed, z\u00e1vitov\u00e1n\u00ed atd.<\/td>\n<\/tr>\n<tr>\n<td class=\"label\">Certifikace<\/td>\n<td>CE, ISO, SGS, TUV, ROHS<\/td>\n<\/tr>\n<tr>\n<td class=\"label\">Vzorky<\/td>\n<td>vzorek zdarma. Dod\u00e1n\u00ed do 1-3 dn\u016f.<\/td>\n<\/tr>\n<tr>\n<td class=\"label\">MOQ<\/td>\n<td>200 kg pro ka\u017ed\u00fd profil<\/td>\n<\/tr>\n<tr>\n<td class=\"label\">Doba dod\u00e1n\u00ed<\/td>\n<td>V\u00fdvoj formy a kontrola vzorku trv\u00e1 12-15 dn\u00ed, v\u00fdroba pak 15-25 dn\u00ed po obdr\u017een\u00ed z\u00e1lohy od kupuj\u00edc\u00edho.<\/td>\n<\/tr>\n<tr>\n<td class=\"label\">Platebn\u00ed podm\u00ednky<\/td>\n<td>30% z\u00e1loha p\u0159ed v\u00fdrobou a z\u016fstatek p\u0159ed odesl\u00e1n\u00edm.<\/td>\n<\/tr>\n<\/table>\n<h2>Na\u0161e v\u00fdrobn\u00ed z\u00e1kladna<\/h2>\n<h3>Panorama tov\u00e1rny<\/h3>\n<p><img decoding=\"async\" src=\"\/wp-content\/uploads\/factory-01.webp\"\/><\/p>\n<h3>D\u00edlna na v\u00fdrobu hlin\u00edkov\u00fdch ty\u010d\u00ed<\/h3>\n<p><img decoding=\"async\" src=\"\/wp-content\/uploads\/factory-02.webp\"\/><\/p>\n<p><img decoding=\"async\" src=\"\/wp-content\/uploads\/factory-03.webp\"\/><\/p>\n<h3>Sklad pl\u00edsn\u00ed<\/h3>\n<p><img decoding=\"async\" src=\"\/wp-content\/uploads\/factory-04.webp\"\/><\/p>\n<h3>43 linek na vytla\u010dov\u00e1n\u00ed hlin\u00edku (500 - 5500 tun)<\/h3>\n<p><img decoding=\"async\" src=\"\/wp-content\/uploads\/factory-05.webp\"\/><\/p>\n<p><img decoding=\"async\" src=\"\/wp-content\/uploads\/factory-06.webp\"\/><\/p>\n<p><img decoding=\"async\" src=\"\/wp-content\/uploads\/factory-07.webp\"\/><\/p>\n<h3>D\u00edlna pr\u00e1\u0161kov\u00e9ho lakov\u00e1n\u00ed<\/h3>\n<p><img decoding=\"async\" src=\"\/wp-content\/uploads\/factory-09.webp\"\/><\/p>\n<h3>D\u00edlna eloxov\u00e1n\u00ed<\/h3>\n<p><img decoding=\"async\" src=\"\/wp-content\/uploads\/factory-10.webp\"\/><\/p>\n<h3>Workshop o hloubkov\u00e9m zpracov\u00e1n\u00ed<\/h3>\n<p><img decoding=\"async\" src=\"\/wp-content\/uploads\/factory-11.webp\"\/><\/p>\n<h3>D\u00edlna CNC p\u0159esn\u00e9ho obr\u00e1b\u011bn\u00ed<\/h3>\n<p><img decoding=\"async\" src=\"\/wp-content\/uploads\/factory-11.5.webp\"\/><\/p>\n<h3>Sklad hotov\u00fdch v\u00fdrobk\u016f a exportn\u00ed sklad<\/h3>\n<p><img decoding=\"async\" src=\"\/wp-content\/uploads\/factory-12.webp\"\/><\/p>\n<p><img decoding=\"async\" src=\"\/wp-content\/uploads\/factory-13.webp\"\/><\/p>\n<p><img decoding=\"async\" src=\"\/wp-content\/uploads\/factory-14.webp\"\/><\/p>\n<h2>\u010cASTO KLADEN\u00c9 DOTAZY<\/h2>\n<p><p><b>1.Co je to hlin\u00edkov\u00fd vytla\u010dovac\u00ed profil 6063 s pr\u00e1\u0161kov\u00fdm n\u00e1st\u0159ikem hlin\u00edkov\u00fdch st\u0159e\u0161n\u00edch ta\u0161ek?<\/b><\/p>\n<p>Jedn\u00e1 se o hlin\u00edkov\u00fd profil vyroben\u00fd ze slitiny 6063 s pr\u00e1\u0161kovou povrchovou \u00fapravou, kter\u00fd je ur\u010den pro pou\u017eit\u00ed v ta\u0161kov\u00fdch st\u0159e\u0161n\u00edch syst\u00e9mech a zaji\u0161\u0165uje odolnost a estetick\u00fd vzhled.<br \/>\n<\/p><br \/>\n<br \/>\n<p><b>2.Jak\u00e9 jsou hlavn\u00ed v\u00fdhody hlin\u00edkov\u00fdch st\u0159e\u0161n\u00edch profil\u016f 6063 s pr\u00e1\u0161kov\u00fdm lakov\u00e1n\u00edm?<\/b><\/p>\n<p>Nab\u00edzej\u00ed vynikaj\u00edc\u00ed odolnost proti korozi, lehkou pevnost, ochranu proti UV z\u00e1\u0159en\u00ed, odolnost proti pov\u011btrnostn\u00edm vliv\u016fm a hladk\u00fd, dlouhotrvaj\u00edc\u00ed povrch.<br \/>\n<\/p><br \/>\n<br \/>\n<p><b>3.Pro\u010d zvolit hlin\u00edkovou slitinu 6063 pro st\u0159e\u0161n\u00ed profily?<\/b><\/p>\n<p>Slitina 6063 poskytuje dobr\u00e9 mechanick\u00e9 vlastnosti, vynikaj\u00edc\u00ed mo\u017enosti povrchov\u00e9 \u00fapravy a je ide\u00e1ln\u00ed pro venkovn\u00ed architektonick\u00e9 aplikace, jako jsou st\u0159e\u0161n\u00ed krytiny.<br \/>\n<\/p><br \/>\n<br \/>\n<p><b>4.Can 6063 pr\u00e1\u0161kov\u00e9 lakov\u00e1n\u00ed hlin\u00edkov\u00e9 st\u0159e\u0161n\u00ed profily dla\u017edice b\u00fdt p\u0159izp\u016fsoben?<\/b><\/p>\n<p>Ano, lze je upravit podle tvaru, velikosti, barvy pr\u00e1\u0161kov\u00e9ho lakov\u00e1n\u00ed, struktury a d\u00e9lky, aby spl\u0148ovaly specifick\u00e9 po\u017eadavky na konstrukci a v\u00fdkon st\u0159e\u0161n\u00ed krytiny.<br \/>\n<\/p><br \/>\n<br \/>\n<p><b>5.Jak pr\u00e1\u0161kov\u00e9 lakov\u00e1n\u00ed zvy\u0161uje v\u00fdkonnost hlin\u00edkov\u00fdch st\u0159e\u0161n\u00edch profil\u016f?<\/b><\/p>\n<p>Pr\u00e1\u0161kov\u00e9 lakov\u00e1n\u00ed vytv\u00e1\u0159\u00ed pevnou, rovnom\u011brnou ochrannou vrstvu, kter\u00e1 odol\u00e1v\u00e1 blednut\u00ed, odlupov\u00e1n\u00ed, po\u0161kr\u00e1b\u00e1n\u00ed a po\u0161kozen\u00ed vlivem prost\u0159ed\u00ed.<br \/>\n<\/p><br \/>\n<br \/>\n<p><b>6.Jsou hlin\u00edkov\u00e9 st\u0159e\u0161n\u00ed profily 6063 s pr\u00e1\u0161kov\u00fdm n\u00e1st\u0159ikem vhodn\u00e9 pro v\u0161echny klimatick\u00e9 podm\u00ednky?<\/b><\/p>\n<p>Ano, odol\u00e1vaj\u00ed nep\u0159\u00edzniv\u00e9mu po\u010das\u00ed, UV z\u00e1\u0159en\u00ed, vlhkosti a teplotn\u00edm v\u00fdkyv\u016fm, co\u017e zaru\u010duje dlouhou \u017eivotnost st\u0159e\u0161n\u00edch krytin.<br \/>\n<\/p><br \/>\n<br \/>\n<p><b>7.Kter\u00e1 pr\u016fmyslov\u00e1 odv\u011btv\u00ed b\u011b\u017en\u011b pou\u017e\u00edvaj\u00ed hlin\u00edkov\u00e9 st\u0159e\u0161n\u00ed profily 6063 s pr\u00e1\u0161kovou povrchovou \u00fapravou?<\/b><\/p>\n<p>Stavebn\u00ed, architektonick\u00e9 a pokr\u00fdva\u010dsk\u00e9 firmy pou\u017e\u00edvaj\u00ed tyto profily pro odoln\u00e9 a atraktivn\u00ed st\u0159e\u0161n\u00ed syst\u00e9my.<br \/>\n<\/p><br \/>\n<br \/>\n<p><b>8.Jak podporuj\u00ed hlin\u00edkov\u00e9 st\u0159e\u0161n\u00ed profily 6063 s pr\u00e1\u0161kov\u00fdm n\u00e1st\u0159ikem udr\u017eitelnou v\u00fdstavbu?<\/b><\/p>\n<p>Hlin\u00edk je pln\u011b recyklovateln\u00fd a pr\u00e1\u0161kov\u00e9 lakov\u00e1n\u00ed je ekologicky \u0161etrn\u00e1 povrchov\u00e1 \u00faprava, kter\u00e1 prodlu\u017euje \u017eivotnost v\u00fdrobku a sni\u017euje pot\u0159ebu \u00fadr\u017eby a v\u00fdm\u011bny.<br \/>\n<\/p><br \/><\/p>","protected":false},"featured_media":6674,"template":"","categories":[64],"class_list":["post-6675","product","type-product","status-publish","has-post-thumbnail","hentry","category-new-trend-aluminium-products"],"meta_box":{"hilight_text_group":{"product_hilight_text":"<li>Made from durable 6063 aluminum alloy with excellent corrosion resistance<\/li>\r\r\n<li>Powder coating provides vibrant, long-lasting color and weather protection<\/li>\r\r\n<li>Precision extrusion ensures consistent dimensions for easy installation<\/li>\r\r\n<li>Lightweight design reduces structural load on roofing systems<\/li>\r\r\n<li>Supports custom profiles and bulk orders for diverse roofing projects<\/li>","product_chanpin_blog":"<ul>\r\r\n<li><a href=\"https:\/\/sinoextrud.com\/t-slot-v-slot-differences\/\" target=\"_blank\">t slot vs v slot<\/a><\/li>\r\r\n<li><a href=\"https:\/\/sinoextrud.com\/what-is-4040-aluminium-extrud\/\" target=\"_blank\">4040 aluminium extrusion<\/a><\/li>\r\r\n<li><a href=\"https:\/\/sinoextrud.com\/what-is-4040-aluminium-extrud\/\" target=\"_blank\">aluminum extrusions for industrial racks<\/a><\/li>\r\r\n<li><a href=\"https:\/\/sinoextrud.com\/powder-coating-aluminium-process\/\" target=\"_blank\">powder coating aluminium<\/a><\/li>\r\r\n<li><a href=\"https:\/\/sinoextrud.com\/what-is-an-aluminium-strip-ceiling\/\" target=\"_blank\">aluminium strip ceiling<\/a><\/li>\r\r\n<li><a href=\"https:\/\/sinoextrud.com\/what-is-a-heat-sink\/\" target=\"_blank\">what is a heat sink<\/a><\/li>\r\r\n<\/ul>","product_chanpin_chanpin":"<li><a href=\"https:\/\/sinoextrud.com\/product\/aluminum-extrusion-6063-anodized-wardrobe-clothes-rod-aluminum-profile\/\" target=\"_blank\">Aluminum Extrusion 6063 Anodized Wardrobe Clothes Rod Aluminum Profile<\/a><\/li>\r\n<li><a href=\"https:\/\/sinoextrud.com\/product\/aluminum-extrusion-6063-anodized-clothes-drive-airer-aluminum-rack-profile\/\" target=\"_blank\">Aluminum Extrusion 6063 Anodized Clothes Drive Airer Aluminum Rack Profile<\/a><\/li>\r\n<li><a href=\"https:\/\/sinoextrud.com\/product\/aluminum-extrusion-baseboard-aluminum-skirting-profile\/\" target=\"_blank\">Aluminum Extrusion Baseboard Aluminum Skirting Profile<\/a><\/li>\r\n<li><a href=\"https:\/\/sinoextrud.com\/product\/aluminum-extrusion-aluminum-edge-trim-for-truck-body-cabins-profiles\/\" target=\"_blank\">Aluminum Extrusion Aluminum Edge Trim For Truck Body Cabins Profiles<\/a><\/li>\r\n<li><a href=\"https:\/\/sinoextrud.com\/product\/aluminum-extrusion-6063-powder-coating-aluminum-tile-roof-profile\/\" target=\"_blank\">Aluminum Extrusion 6063 Powder Coating Aluminum Tile Roof Profile<\/a><\/li>\r\n<li><a href=\"https:\/\/sinoextrud.com\/product\/brushed-aluminum-profiles\/\" target=\"_blank\">Brushed Aluminum Profiles<\/a><\/li>\r\n<li><a href=\"https:\/\/sinoextrud.com\/product\/aluminum-photo-frame-profile\/\" target=\"_blank\">Aluminum Photo Frame Profile<\/a><\/li>\r\n<li><a href=\"https:\/\/sinoextrud.com\/product\/f-channel-aluminum-extrusion\/\" target=\"_blank\">F Channel Aluminum Extrusion<\/a><\/li>\r\n<li><a href=\"https:\/\/sinoextrud.com\/product\/aluminum-glazing-extrusions\/\" target=\"_blank\">Aluminum Glazing Extrusions<\/a><\/li>\r\n<li><a href=\"https:\/\/sinoextrud.com\/product\/aluminium-extrusion-enclosure\/\" target=\"_blank\">Aluminium Extrusion Enclosure<\/a><\/li>\r\n<li><a href=\"https:\/\/sinoextrud.com\/product\/aluminium-profile-corner-joint\/\" target=\"_blank\">Aluminium Profile Corner Joint<\/a><\/li>"},"feature_list":[]},"_links":{"self":[{"href":"https:\/\/sinoextrud.com\/cs\/wp-json\/wp\/v2\/product\/6675","targetHints":{"allow":["GET"]}}],"collection":[{"href":"https:\/\/sinoextrud.com\/cs\/wp-json\/wp\/v2\/product"}],"about":[{"href":"https:\/\/sinoextrud.com\/cs\/wp-json\/wp\/v2\/types\/product"}],"wp:featuredmedia":[{"embeddable":true,"href":"https:\/\/sinoextrud.com\/cs\/wp-json\/wp\/v2\/media\/6674"}],"wp:attachment":[{"href":"https:\/\/sinoextrud.com\/cs\/wp-json\/wp\/v2\/media?parent=6675"}],"wp:term":[{"taxonomy":"category","embeddable":true,"href":"https:\/\/sinoextrud.com\/cs\/wp-json\/wp\/v2\/categories?post=6675"}],"curies":[{"name":"wp","href":"https:\/\/api.w.org\/{rel}","templated":true}]}}