{"id":6671,"date":"2025-05-30T08:05:39","date_gmt":"2025-05-30T08:05:39","guid":{"rendered":"https:\/\/sinoextrud.com\/product\/aluminum-extrusion-baseboard-aluminum-skirting-profile\/"},"modified":"2025-06-24T06:11:28","modified_gmt":"2025-06-24T06:11:28","slug":"hlinikovy-vytlacovaci-sokl-hlinikovy-soklovy-profil","status":"publish","type":"product","link":"https:\/\/sinoextrud.com\/cs\/product\/aluminum-extrusion-baseboard-aluminum-skirting-profile\/","title":{"rendered":"Hlin\u00edkov\u00fd profil Baseboard Hlin\u00edkov\u00fd profil Skirting"},"content":{"rendered":"<h2>Podrobnosti o produktech<\/h2>\n<table class=\"custom-table\">\n<tr>\n<td class=\"label\">N\u00e1zev produktu<\/td>\n<td>Hlin\u00edkov\u00fd profil Baseboard Hlin\u00edkov\u00fd profil Skirting<\/td>\n<\/tr>\n<tr>\n<td class=\"label\">Zna\u010dka<\/td>\n<td>Sinoextrud<\/td>\n<\/tr>\n<tr>\n<td class=\"label\">T\u0159\u00edda<\/td>\n<td>5052, 6061, 6063 hlin\u00edkov\u00e1 slitina<\/td>\n<\/tr>\n<tr>\n<td class=\"label\">Aplikace<\/td>\n<td>kancel\u00e1\u0159sk\u00e9 budovy, maloobchodn\u00ed prodejny a obytn\u00e9 domy, stavebn\u00ed projekt<\/td>\n<\/tr>\n<tr>\n<td class=\"label\">Velikost<\/td>\n<td>\u010dtvercov\u00e9, kulat\u00e9, ploch\u00e9, \u00fahlov\u00e9 nebo na m\u00edru<\/td>\n<\/tr>\n<tr>\n<td class=\"label\">Povrchov\u00e1 \u00faprava<\/td>\n<td>eloxov\u00e1n\u00ed, kresba d\u0159eva, elektrick\u00e9 lakov\u00e1n\u00ed, p\u00edskov\u00e1n\u00ed, elektrofor\u00e9za, kart\u00e1\u010dov\u00e1n\u00ed, le\u0161t\u011bn\u00ed atd.<\/td>\n<\/tr>\n<tr>\n<td class=\"label\">Hloubkov\u00e9 zpracov\u00e1n\u00ed CNC<\/td>\n<td>Oh\u00fdb\u00e1n\u00ed, odv\u00edjen\u00ed, sva\u0159ov\u00e1n\u00ed, d\u011brov\u00e1n\u00ed, \u0159ez\u00e1n\u00ed atd.<\/td>\n<\/tr>\n<tr>\n<td class=\"label\">\u010c\u00edslo modelu<\/td>\n<td>Z\u00e1mkov\u00e9 hlin\u00edkov\u00e9 li\u0161ty<\/td>\n<\/tr>\n<tr>\n<td class=\"label\">Standardn\u00ed<\/td>\n<td>St\u0159edn\u011b vysok\u00e1 kvalita<\/td>\n<\/tr>\n<tr>\n<td class=\"label\">Z\u00e1ruka<\/td>\n<td>Certifik\u00e1t BV , SONCAPE , ISO:9001<\/td>\n<\/tr>\n<tr>\n<td class=\"label\">Vzorky<\/td>\n<td>vzorek zdarma. Dod\u00e1n\u00ed do 1-3 dn\u016f.<\/td>\n<\/tr>\n<tr>\n<td class=\"label\">MOQ<\/td>\n<td>200 kg pro ka\u017ed\u00fd profil<\/td>\n<\/tr>\n<tr>\n<td class=\"label\">Doba dod\u00e1n\u00ed<\/td>\n<td>15-20 dn\u00ed.<\/td>\n<\/tr>\n<tr>\n<td class=\"label\">Platebn\u00ed podm\u00ednky<\/td>\n<td>T\/T nebo L\/C.<br \/>, Foshan<\/td>\n<\/tr>\n<\/table>\n<h2>Na\u0161e v\u00fdrobn\u00ed z\u00e1kladna<\/h2>\n<h3>Panorama tov\u00e1rny<\/h3>\n<p><img decoding=\"async\" src=\"\/wp-content\/uploads\/factory-01.webp\"\/><\/p>\n<h3>D\u00edlna na v\u00fdrobu hlin\u00edkov\u00fdch ty\u010d\u00ed<\/h3>\n<p><img decoding=\"async\" src=\"\/wp-content\/uploads\/factory-02.webp\"\/><\/p>\n<p><img decoding=\"async\" src=\"\/wp-content\/uploads\/factory-03.webp\"\/><\/p>\n<h3>Sklad pl\u00edsn\u00ed<\/h3>\n<p><img decoding=\"async\" src=\"\/wp-content\/uploads\/factory-04.webp\"\/><\/p>\n<h3>43 linek na vytla\u010dov\u00e1n\u00ed hlin\u00edku (500 - 5500 tun)<\/h3>\n<p><img decoding=\"async\" src=\"\/wp-content\/uploads\/factory-05.webp\"\/><\/p>\n<p><img decoding=\"async\" src=\"\/wp-content\/uploads\/factory-06.webp\"\/><\/p>\n<p><img decoding=\"async\" src=\"\/wp-content\/uploads\/factory-07.webp\"\/><\/p>\n<h3>D\u00edlna pr\u00e1\u0161kov\u00e9ho lakov\u00e1n\u00ed<\/h3>\n<p><img decoding=\"async\" src=\"\/wp-content\/uploads\/factory-09.webp\"\/><\/p>\n<h3>D\u00edlna eloxov\u00e1n\u00ed<\/h3>\n<p><img decoding=\"async\" src=\"\/wp-content\/uploads\/factory-10.webp\"\/><\/p>\n<h3>Workshop o hloubkov\u00e9m zpracov\u00e1n\u00ed<\/h3>\n<p><img decoding=\"async\" src=\"\/wp-content\/uploads\/factory-11.webp\"\/><\/p>\n<h3>D\u00edlna CNC p\u0159esn\u00e9ho obr\u00e1b\u011bn\u00ed<\/h3>\n<p><img decoding=\"async\" src=\"\/wp-content\/uploads\/factory-11.5.webp\"\/><\/p>\n<h3>Sklad hotov\u00fdch v\u00fdrobk\u016f a exportn\u00ed sklad<\/h3>\n<p><img decoding=\"async\" src=\"\/wp-content\/uploads\/factory-12.webp\"\/><\/p>\n<p><img decoding=\"async\" src=\"\/wp-content\/uploads\/factory-13.webp\"\/><\/p>\n<p><img decoding=\"async\" src=\"\/wp-content\/uploads\/factory-14.webp\"\/><\/p>\n<h2>\u010cASTO KLADEN\u00c9 DOTAZY<\/h2>\n<p><p><b>1.Co je to hlin\u00edkov\u00fd vytla\u010dovac\u00ed soklov\u00fd profil z hlin\u00edku?<\/b><\/p>\n<p>Jedn\u00e1 se o hlin\u00edkov\u00fd profil, kter\u00fd se pou\u017e\u00edv\u00e1 jako podlahov\u00e1 li\u0161ta nebo sokl k zakryt\u00ed sp\u00e1r mezi st\u011bnami a podlahami a poskytuje ochranu a dekorativn\u00ed povrchovou \u00fapravu.<br \/>\n<\/p><br \/>\n<br \/>\n<p><b>2.Jak\u00e9 jsou hlavn\u00ed v\u00fdhody hlin\u00edkov\u00fdch vytla\u010dovac\u00edch li\u0161t a soklov\u00fdch profil\u016f?<\/b><\/p>\n<p>Nab\u00edzej\u00ed vynikaj\u00edc\u00ed trvanlivost, odolnost proti korozi, n\u00edzkou hmotnost, snadnou instalaci a elegantn\u00ed, modern\u00ed vzhled.<br \/>\n<\/p><br \/>\n<br \/>\n<p><b>3.Pro\u010d zvolit hlin\u00edkov\u00e9 soklov\u00e9 profily m\u00edsto tradi\u010dn\u00edch materi\u00e1l\u016f?<\/b><\/p>\n<p>Hlin\u00edkov\u00e9 profily jsou odoln\u00e9 proti vlhkosti, termit\u016fm, deformac\u00edm a opot\u0159eben\u00ed, tak\u017ee jsou ide\u00e1ln\u00ed pro vysoce frekventovan\u00e1 a vlhk\u00e1 prost\u0159ed\u00ed s dlouhou \u017eivotnost\u00ed.<br \/>\n<\/p><br \/>\n<br \/>\n<p><b>4.Can hlin\u00edkov\u00e9 vytla\u010dovac\u00ed podlahov\u00e9 li\u0161ty b\u00fdt p\u0159izp\u016fsobeny?<\/b><\/p>\n<p>Ano, jejich d\u00e9lku, v\u00fd\u0161ku, tlou\u0161\u0165ku, barvu a povrchovou \u00fapravu lze p\u0159izp\u016fsobit konkr\u00e9tn\u00edm styl\u016fm interi\u00e9ru a architektonick\u00fdm po\u017eadavk\u016fm.<br \/>\n<\/p><br \/>\n<br \/>\n<p><b>5.Jak hlin\u00edk zlep\u0161uje funk\u010dnost soklov\u00fdch a li\u0161tov\u00fdch profil\u016f?<\/b><\/p>\n<p>Hlin\u00edk poskytuje silnou ochranu proti n\u00e1raz\u016fm a opot\u0159eben\u00ed a z\u00e1rove\u0148 zachov\u00e1v\u00e1 nerezav\u011bj\u00edc\u00ed, snadno \u010distiteln\u00fd povrch.<br \/>\n<\/p><br \/>\n<br \/>\n<p><b>6.Jsou hlin\u00edkov\u00e9 soklov\u00e9 profily vhodn\u00e9 pro pou\u017eit\u00ed v obytn\u00fdch i komer\u010dn\u00edch prostor\u00e1ch?<\/b><\/p>\n<p>Ano, d\u00edky sv\u00e9 odolnosti a estetick\u00e9mu vzhledu jsou vhodn\u00e9 pro dom\u00e1cnosti, kancel\u00e1\u0159e, obchodn\u00ed prostory i pr\u016fmyslov\u00e9 budovy.<br \/>\n<\/p><br \/>\n<br \/>\n<p><b>7.V jak\u00fdch pr\u016fmyslov\u00fdch odv\u011btv\u00edch se b\u011b\u017en\u011b pou\u017e\u00edvaj\u00ed hlin\u00edkov\u00e9 vytla\u010dovac\u00ed profily pro podlahov\u00e9 li\u0161ty a sokly?<\/b><\/p>\n<p>Stavebnictv\u00ed, interi\u00e9rov\u00fd design, pohostinstv\u00ed a komer\u010dn\u00ed sektor pou\u017e\u00edvaj\u00ed tyto profily pro funk\u010dn\u00ed a dekorativn\u00ed \u00fapravy interi\u00e9r\u016f.<br \/>\n<\/p><br \/>\n<br \/>\n<p><b>8.Jak podporuj\u00ed hlin\u00edkov\u00e9 lisovan\u00e9 podlahov\u00e9 li\u0161ty udr\u017eiteln\u00e9 stavebn\u00ed postupy?<\/b><\/p>\n<p>Hlin\u00edk je pln\u011b recyklovateln\u00fd, odoln\u00fd a sni\u017euje \u010detnost \u00fadr\u017eby a v\u00fdm\u011bny, co\u017e podporuje ekologick\u00e1 a n\u00e1kladov\u011b efektivn\u00ed konstruk\u010dn\u00ed \u0159e\u0161en\u00ed.<br \/>\n<\/p><br \/><\/p>","protected":false},"featured_media":6670,"template":"","categories":[64],"class_list":["post-6671","product","type-product","status-publish","has-post-thumbnail","hentry","category-new-trend-aluminium-products"],"meta_box":{"hilight_text_group":{"product_hilight_text":"<li>Durable aluminum baseboard with corrosion-resistant properties<\/li>\r\r\n<li>Lightweight design simplifies installation and reduces labor costs<\/li>\r\r\n<li>Precision extrusion ensures consistent dimensions and smooth finish<\/li>\r\r\n<li>Available in various sizes and finishes to match interior designs<\/li>\r\r\n<li>Supports bulk orders and custom profiles for diverse project requirements<\/li>","product_chanpin_blog":"<ul>\r\r\n<li><a href=\"https:\/\/sinoextrud.com\/t-slot-v-slot-differences\/\" target=\"_blank\">t slot vs v slot<\/a><\/li>\r\r\n<li><a href=\"https:\/\/sinoextrud.com\/what-is-4040-aluminium-extrud\/\" target=\"_blank\">4040 aluminium extrusion<\/a><\/li>\r\r\n<li><a href=\"https:\/\/sinoextrud.com\/what-is-4040-aluminium-extrud\/\" target=\"_blank\">aluminum extrusions for industrial racks<\/a><\/li>\r\r\n<li><a href=\"https:\/\/sinoextrud.com\/powder-coating-aluminium-process\/\" target=\"_blank\">powder coating aluminium<\/a><\/li>\r\r\n<li><a href=\"https:\/\/sinoextrud.com\/what-is-an-aluminium-strip-ceiling\/\" target=\"_blank\">aluminium strip ceiling<\/a><\/li>\r\r\n<li><a href=\"https:\/\/sinoextrud.com\/what-is-a-heat-sink\/\" target=\"_blank\">what is a heat sink<\/a><\/li>\r\r\n<\/ul>","product_chanpin_chanpin":"<li><a href=\"https:\/\/sinoextrud.com\/product\/custom-high-quality-6063-powder-coating-aluminum-pergola-profile\/\" target=\"_blank\">Custom High-quality 6063 Powder Coating Aluminum Pergola Profile<\/a><\/li>\r\n<li><a href=\"https:\/\/sinoextrud.com\/product\/china-high-quality-polishing-shower-enclosure-aluminum-extrusion-profile\/\" target=\"_blank\">China High-quality Polishing Shower Enclosure Aluminum Extrusion Profile<\/a><\/li>\r\n<li><a href=\"https:\/\/sinoextrud.com\/product\/aluminum-extrusion-6063-anodized-wardrobe-clothes-rod-aluminum-profile\/\" target=\"_blank\">Aluminum Extrusion 6063 Anodized Wardrobe Clothes Rod Aluminum Profile<\/a><\/li>\r\n<li><a href=\"https:\/\/sinoextrud.com\/product\/aluminum-extrusion-6063-anodized-clothes-drive-airer-aluminum-rack-profile\/\" target=\"_blank\">Aluminum Extrusion 6063 Anodized Clothes Drive Airer Aluminum Rack Profile<\/a><\/li>\r\n<li><a href=\"https:\/\/sinoextrud.com\/product\/aluminum-extrusion-baseboard-aluminum-skirting-profile\/\" target=\"_blank\">Aluminum Extrusion Baseboard Aluminum Skirting Profile<\/a><\/li>\r\n<li><a href=\"https:\/\/sinoextrud.com\/product\/aluminum-extrusion-aluminum-edge-trim-for-truck-body-cabins-profiles\/\" target=\"_blank\">Aluminum Extrusion Aluminum Edge Trim For Truck Body Cabins Profiles<\/a><\/li>\r\n<li><a href=\"https:\/\/sinoextrud.com\/product\/aluminum-extrusion-6063-powder-coating-aluminum-tile-roof-profile\/\" target=\"_blank\">Aluminum Extrusion 6063 Powder Coating Aluminum Tile Roof Profile<\/a><\/li>\r\n<li><a href=\"https:\/\/sinoextrud.com\/product\/brushed-aluminum-profiles\/\" target=\"_blank\">Brushed Aluminum Profiles<\/a><\/li>\r\n<li><a href=\"https:\/\/sinoextrud.com\/product\/aluminum-photo-frame-profile\/\" target=\"_blank\">Aluminum Photo Frame Profile<\/a><\/li>\r\n<li><a href=\"https:\/\/sinoextrud.com\/product\/aluminum-profile-solar-panel-wide-width\/\" target=\"_blank\">Aluminum Profile Solar Panel Wide Width<\/a><\/li>\r\n<li><a href=\"https:\/\/sinoextrud.com\/product\/telescopic-aluminium-square-tube\/\" target=\"_blank\">Telescopic Aluminium Square Tube<\/a><\/li>"},"feature_list":[]},"_links":{"self":[{"href":"https:\/\/sinoextrud.com\/cs\/wp-json\/wp\/v2\/product\/6671","targetHints":{"allow":["GET"]}}],"collection":[{"href":"https:\/\/sinoextrud.com\/cs\/wp-json\/wp\/v2\/product"}],"about":[{"href":"https:\/\/sinoextrud.com\/cs\/wp-json\/wp\/v2\/types\/product"}],"wp:featuredmedia":[{"embeddable":true,"href":"https:\/\/sinoextrud.com\/cs\/wp-json\/wp\/v2\/media\/6670"}],"wp:attachment":[{"href":"https:\/\/sinoextrud.com\/cs\/wp-json\/wp\/v2\/media?parent=6671"}],"wp:term":[{"taxonomy":"category","embeddable":true,"href":"https:\/\/sinoextrud.com\/cs\/wp-json\/wp\/v2\/categories?post=6671"}],"curies":[{"name":"wp","href":"https:\/\/api.w.org\/{rel}","templated":true}]}}