{"id":6638,"date":"2025-05-30T02:41:25","date_gmt":"2025-05-30T02:41:25","guid":{"rendered":"https:\/\/sinoextrud.com\/product\/customizable-bathroom-mirror-frame-bent-aluminum-profiles\/"},"modified":"2025-06-24T06:11:23","modified_gmt":"2025-06-24T06:11:23","slug":"prizpusobitelny-ram-koupelnoveho-zrcadla-z-ohybanych-hlinikovych-profilu","status":"publish","type":"product","link":"https:\/\/sinoextrud.com\/cs\/product\/customizable-bathroom-mirror-frame-bent-aluminum-profiles\/","title":{"rendered":"P\u0159izp\u016fsobiteln\u00e9 koupelnov\u00e9 zrcadlo Frame Bent hlin\u00edkov\u00e9 profily"},"content":{"rendered":"<h2>Podrobnosti o produktech<\/h2>\n<table class=\"custom-table\">\n<tr>\n<td class=\"label\">N\u00e1zev produktu<\/td>\n<td>P\u0159izp\u016fsobiteln\u00e9 koupelnov\u00e9 zrcadlo Frame Bent hlin\u00edkov\u00e9 profily<\/td>\n<\/tr>\n<tr>\n<td class=\"label\">Materi\u00e1l<\/td>\n<td>Vysoce kvalitn\u00ed hlin\u00edk<\/td>\n<\/tr>\n<tr>\n<td class=\"label\">Mo\u017enosti p\u0159izp\u016fsoben\u00ed<\/td>\n<td>K dispozici jsou vlastn\u00ed tvary, velikosti a povrchov\u00e9 \u00fapravy (eloxovan\u00e9, pr\u00e1\u0161kov\u011b lakovan\u00e9, kart\u00e1\u010dovan\u00e9).<\/td>\n<\/tr>\n<tr>\n<td class=\"label\">Hmotnost<\/td>\n<td>Lehk\u00e9, snadno ovladateln\u00e9 a instalovateln\u00e9<\/td>\n<\/tr>\n<tr>\n<td class=\"label\">Odolnost<\/td>\n<td>Odolnost proti korozi a opot\u0159eben\u00ed<\/td>\n<\/tr>\n<tr>\n<td class=\"label\">Povrchov\u00e1 \u00faprava<\/td>\n<td>eloxov\u00e1n\u00ed, pr\u00e1\u0161kov\u00e9 lakov\u00e1n\u00ed, kart\u00e1\u010dovan\u00fd povrch<\/td>\n<\/tr>\n<tr>\n<td class=\"label\">Aplikace<\/td>\n<td>R\u00e1mov\u00e1n\u00ed koupelnov\u00fdch zrcadel v obytn\u00fdch a komer\u010dn\u00edch prostor\u00e1ch, zak\u00e1zkov\u00e9 n\u00e1vrhy pro hotely, l\u00e1zn\u011b atd.<\/td>\n<\/tr>\n<tr>\n<td class=\"label\">Slu\u017eby CNC obr\u00e1b\u011bn\u00ed<\/td>\n<td>K dispozici pro p\u0159esn\u00e9 \u0159ez\u00e1n\u00ed, oh\u00fdb\u00e1n\u00ed a tvarov\u00e1n\u00ed<\/td>\n<\/tr>\n<tr>\n<td class=\"label\">Kontrola kvality<\/td>\n<td>P\u0159\u00edsn\u00e9 procesy zaji\u0161t\u011bn\u00ed kvality, v\u010detn\u011b testov\u00e1n\u00ed materi\u00e1lu a z\u00e1v\u011bre\u010dn\u00e9 kontroly.<\/td>\n<\/tr>\n<tr>\n<td class=\"label\">Balen\u00ed<\/td>\n<td>Ochrann\u00e9 obaly a \u0159e\u0161en\u00ed balen\u00ed na zak\u00e1zku<\/td>\n<\/tr>\n<tr>\n<td class=\"label\">Podpora ODM\/OEM<\/td>\n<td>K dispozici pro \u0159e\u0161en\u00ed na m\u00edru<\/td>\n<\/tr>\n<tr>\n<td class=\"label\">Doba realizace<\/td>\n<td>Obvykle 4-6 t\u00fddn\u016f, v z\u00e1vislosti na p\u0159izp\u016fsoben\u00ed a velikosti objedn\u00e1vky.<\/td>\n<\/tr>\n<\/table>\n<h2>Na\u0161e v\u00fdrobn\u00ed z\u00e1kladna<\/h2>\n<h3>Panorama tov\u00e1rny<\/h3>\n<p><img decoding=\"async\" src=\"\/wp-content\/uploads\/factory-01.webp\"\/><\/p>\n<h3>D\u00edlna na v\u00fdrobu hlin\u00edkov\u00fdch ty\u010d\u00ed<\/h3>\n<p><img decoding=\"async\" src=\"\/wp-content\/uploads\/factory-02.webp\"\/><\/p>\n<\/p>\n<p><img decoding=\"async\" src=\"\/wp-content\/uploads\/factory-03.webp\"\/><\/p>\n<h3>Sklad pl\u00edsn\u00ed<\/h3>\n<p><img decoding=\"async\" src=\"\/wp-content\/uploads\/factory-04.webp\"\/><\/p>\n<h3>43 linek na vytla\u010dov\u00e1n\u00ed hlin\u00edku (500-5500 tun)<\/h3>\n<p><img decoding=\"async\" src=\"\/wp-content\/uploads\/factory-05.webp\"\/><\/p>\n<p><img decoding=\"async\" src=\"\/wp-content\/uploads\/factory-06.webp\"\/><\/p>\n<p><img decoding=\"async\" src=\"\/wp-content\/uploads\/factory-07.webp\"\/><\/p>\n<h3>D\u00edlna pr\u00e1\u0161kov\u00e9ho lakov\u00e1n\u00ed<\/h3>\n<p><img decoding=\"async\" src=\"\/wp-content\/uploads\/factory-09.webp\"\/><\/p>\n<h3>D\u00edlna eloxov\u00e1n\u00ed<\/h3>\n<p><img decoding=\"async\" src=\"\/wp-content\/uploads\/factory-10.webp\"\/><\/p>\n<h3>Workshop o hloubkov\u00e9m zpracov\u00e1n\u00ed<\/h3>\n<p><img decoding=\"async\" src=\"\/wp-content\/uploads\/factory-11.webp\"\/><\/p>\n<h3>D\u00edlna CNC p\u0159esn\u00e9ho obr\u00e1b\u011bn\u00ed<\/h3>\n<p><img decoding=\"async\" src=\"\/wp-content\/uploads\/factory-11.5.webp\"\/><\/p>\n<h3>Sklad hotov\u00fdch v\u00fdrobk\u016f a exportn\u00ed sklad<\/h3>\n<p><img decoding=\"async\" src=\"\/wp-content\/uploads\/factory-12.webp\"\/><\/p>\n<p><img decoding=\"async\" src=\"\/wp-content\/uploads\/factory-13.webp\"\/><\/p>\n<p><img decoding=\"async\" src=\"\/wp-content\/uploads\/factory-14.webp\"\/><\/p>\n<h2>\u010cASTO KLADEN\u00c9 DOTAZY<\/h2>\n<p><b>1.Co jsou p\u0159izp\u016fsobiteln\u00e9 hlin\u00edkov\u00e9 profily s oh\u00fdban\u00fdm r\u00e1mem zrcadla v koupeln\u011b?<\/b><\/p>\n<p>Jedn\u00e1 se o hlin\u00edkov\u00e9 profily, kter\u00e9 jsou oh\u00fdb\u00e1ny a tvarov\u00e1ny tak, aby vytv\u00e1\u0159ely r\u00e1my na m\u00edru pro koupelnov\u00e1 zrcadla, a nab\u00edzej\u00ed tak odolnost a flexibilitu designu.\n<\/p>\n<p><\/p>\n<p><b>2.Jak\u00e9 jsou hlavn\u00ed v\u00fdhody oh\u00fdban\u00fdch hlin\u00edkov\u00fdch profil\u016f pro r\u00e1my koupelnov\u00fdch zrcadel?<\/b><\/p>\n<p>Poskytuj\u00ed odolnost proti korozi, lehkou pevnost, snadn\u00e9 p\u0159izp\u016fsoben\u00ed, elegantn\u00ed estetiku a odolnost proti vlhkosti.\n<\/p>\n<p><\/p>\n<p><b>3.Pro\u010d zvolit hlin\u00edkov\u00e9 oh\u00fdban\u00e9 profily pro r\u00e1my koupelnov\u00fdch zrcadel?<\/b><\/p>\n<p>Hlin\u00edk je odoln\u00fd proti korozi a korozi, snadno se vyr\u00e1b\u00ed do slo\u017eit\u00fdch tvar\u016f a nab\u00edz\u00ed modern\u00ed, \u010dist\u00fd povrch ide\u00e1ln\u00ed pro koupelny.\n<\/p>\n<p><\/p>\n<p><b>4.Can koupelnov\u00fd r\u00e1m zrcadla ohnut\u00e9 hlin\u00edkov\u00e9 profily b\u00fdt p\u0159izp\u016fsobeny?<\/b><\/p>\n<p>Ano, jejich rozm\u011bry, \u00fahly ohybu, povrchov\u00e9 \u00fapravy, barvy a designov\u00e9 detaily lze p\u0159izp\u016fsobit konkr\u00e9tn\u00edmu stylu koupelny.\n<\/p>\n<p><\/p>\n<p><b>5.Jak oh\u00fdb\u00e1n\u00ed hlin\u00edkov\u00fdch profil\u016f zlep\u0161uje design koupelnov\u00e9ho r\u00e1mu zrcadla?<\/b><\/p>\n<p>Oh\u00fdb\u00e1n\u00ed umo\u017e\u0148uje vytv\u00e1\u0159et jedine\u010dn\u00e9 tvary, hladk\u00e9 k\u0159ivky a beze\u0161v\u00e9 spoje, co\u017e umo\u017e\u0148uje vytv\u00e1\u0159et r\u00e1my zrcadel na m\u00edru, kter\u00e9 odpov\u00eddaj\u00ed r\u016fzn\u00fdm estetick\u00fdm preferenc\u00edm.\n<\/p>\n<p><\/p>\n<p><b>6.Jsou oh\u00fdban\u00e9 hlin\u00edkov\u00e9 profily vhodn\u00e9 do vlhk\u00fdch koupelnov\u00fdch podm\u00ednek?<\/b><\/p>\n<p>Ano, d\u00edky odolnosti hlin\u00edku proti korozi a vlhkosti jsou oh\u00fdban\u00e9 profily ide\u00e1ln\u00ed pro mokr\u00e9 a vlhk\u00e9 prost\u0159ed\u00ed koupelen.\n<\/p>\n<p><\/p>\n<p><b>7.Ve kter\u00fdch pr\u016fmyslov\u00fdch odv\u011btv\u00edch se b\u011b\u017en\u011b pou\u017e\u00edvaj\u00ed p\u0159izp\u016fsobiteln\u00e9 oh\u00fdban\u00e9 hlin\u00edkov\u00e9 profily pro r\u00e1my zrcadel?<\/b><\/p>\n<p>Tyto profily vyu\u017e\u00edvaj\u00ed v\u00fdrobci koupelnov\u00e9ho vybaven\u00ed, interi\u00e9rov\u00ed design\u00e9\u0159i, prodejci dom\u00e1c\u00edch pot\u0159eb a firmy vyr\u00e1b\u011bj\u00edc\u00ed sk\u0159\u00edn\u011b na zak\u00e1zku.\n<\/p>\n<p><\/p>\n<p><b>8.Jak p\u0159izp\u016fsobiteln\u00e9 oh\u00fdban\u00e9 hlin\u00edkov\u00e9 profily podporuj\u00ed udr\u017eiteln\u00fd design koupelen?<\/b><\/p>\n<p>Hlin\u00edk je 100% recyklovateln\u00fd a odoln\u00fd, co\u017e sni\u017euje mno\u017estv\u00ed odpadu a pot\u0159ebu v\u00fdm\u011bny a z\u00e1rove\u0148 umo\u017e\u0148uje ekologick\u00e9 a dlouhotrvaj\u00edc\u00ed vybaven\u00ed koupelny.\n<\/p>\n<p><\/p>","protected":false},"featured_media":6637,"template":"","categories":[64],"class_list":["post-6638","product","type-product","status-publish","has-post-thumbnail","hentry","category-new-trend-aluminium-products"],"meta_box":{"hilight_text_group":{"product_hilight_text":"<li>Customizable bent aluminum profiles tailored for unique bathroom mirror designs<\/li>\r\r\n<li>High-quality aluminum offers durability and corrosion resistance in humid environments<\/li>\r\r\n<li>Precision bending ensures smooth curves and consistent dimensions<\/li>\r\r\n<li>Available in various finishes to complement modern bathroom aesthetics<\/li>\r\r\n<li>Supports bulk orders with reliable supply and fast delivery<\/li>","product_chanpin_blog":"<ul>\r\r\n<li><a href=\"https:\/\/sinoextrud.com\/t-slot-v-slot-differences\/\" target=\"_blank\">t slot vs v slot<\/a><\/li>\r\r\n<li><a href=\"https:\/\/sinoextrud.com\/what-is-4040-aluminium-extrud\/\" target=\"_blank\">4040 aluminium extrusion<\/a><\/li>\r\r\n<li><a href=\"https:\/\/sinoextrud.com\/what-is-4040-aluminium-extrud\/\" target=\"_blank\">aluminum extrusions for industrial racks<\/a><\/li>\r\r\n<li><a href=\"https:\/\/sinoextrud.com\/powder-coating-aluminium-process\/\" target=\"_blank\">powder coating aluminium<\/a><\/li>\r\r\n<li><a href=\"https:\/\/sinoextrud.com\/what-is-an-aluminium-strip-ceiling\/\" target=\"_blank\">aluminium strip ceiling<\/a><\/li>\r\r\n<li><a href=\"https:\/\/sinoextrud.com\/what-is-a-heat-sink\/\" target=\"_blank\">what is a heat sink<\/a><\/li>\r\r\n<\/ul>","product_chanpin_chanpin":"<li><a href=\"https:\/\/sinoextrud.com\/product\/aluminium-kitchen-cabinet-handles\/\" target=\"_blank\">Aluminium Kitchen Cabinet Handles<\/a><\/li>\r\n<li><a href=\"https:\/\/sinoextrud.com\/product\/aluminum-shower-door-frame-parts-u-channel\/\" target=\"_blank\">Aluminum Shower Door Frame Parts U-channel<\/a><\/li>\r\n<li><a href=\"https:\/\/sinoextrud.com\/product\/aluminium-extrusion-and-aluminium-profile\/\" target=\"_blank\">Aluminium Extrusion and Aluminium Profile<\/a><\/li>\r\n<li><a href=\"https:\/\/sinoextrud.com\/product\/telescopic-aluminium-square-tube\/\" target=\"_blank\">Telescopic Aluminium Square Tube<\/a><\/li>\r\n<li><a href=\"https:\/\/sinoextrud.com\/product\/customizable-bathroom-mirror-frame-bent-aluminum-profiles\/\" target=\"_blank\">Customizable Bathroom Mirror Frame Bent Aluminum Profiles<\/a><\/li>\r\n<li><a href=\"https:\/\/sinoextrud.com\/product\/china-factory-wholesale-6063-aluminum-fence-panels\/\" target=\"_blank\">China Factory Wholesale 6063 Aluminum Fence Panels<\/a><\/li>\r\n<li><a href=\"https:\/\/sinoextrud.com\/product\/aluminum-slatwall-panel-insert-profile\/\" target=\"_blank\">Aluminum Slatwall Panel Insert Profile<\/a><\/li>\r\n<li><a href=\"https:\/\/sinoextrud.com\/product\/custom-high-quality-aluminum-shower-room-mirror-frame-aluminum-profile\/\" target=\"_blank\">Custom High-quality Aluminum Shower Room Mirror Frame Aluminum Profile<\/a><\/li>\r\n<li><a href=\"https:\/\/sinoextrud.com\/product\/20-year-warranty-6061-6063-aluminum-wood-grain-look-aluminum-extruded-square-rectangular-tube\/\" target=\"_blank\">20-Year Warranty 6061 6063 Aluminum Wood Grain Look Aluminum Extruded Square Rectangular Tube<\/a><\/li>\r\n<li><a href=\"https:\/\/sinoextrud.com\/product\/aluminum-extrusion-6005-big-size-industrial-aluminum-profile\/\" target=\"_blank\">Aluminum Extrusion 6005 Big Size Industrial Aluminum Profile<\/a><\/li>\r\n<li><a href=\"https:\/\/sinoextrud.com\/product\/aluminum-profile-clean-room-for-workshop-and-hospital\/\" target=\"_blank\">Aluminum Profile Clean Room for Workshop and Hospital<\/a><\/li>"},"feature_list":[]},"_links":{"self":[{"href":"https:\/\/sinoextrud.com\/cs\/wp-json\/wp\/v2\/product\/6638","targetHints":{"allow":["GET"]}}],"collection":[{"href":"https:\/\/sinoextrud.com\/cs\/wp-json\/wp\/v2\/product"}],"about":[{"href":"https:\/\/sinoextrud.com\/cs\/wp-json\/wp\/v2\/types\/product"}],"wp:featuredmedia":[{"embeddable":true,"href":"https:\/\/sinoextrud.com\/cs\/wp-json\/wp\/v2\/media\/6637"}],"wp:attachment":[{"href":"https:\/\/sinoextrud.com\/cs\/wp-json\/wp\/v2\/media?parent=6638"}],"wp:term":[{"taxonomy":"category","embeddable":true,"href":"https:\/\/sinoextrud.com\/cs\/wp-json\/wp\/v2\/categories?post=6638"}],"curies":[{"name":"wp","href":"https:\/\/api.w.org\/{rel}","templated":true}]}}