{"id":6634,"date":"2025-05-30T02:35:11","date_gmt":"2025-05-30T02:35:11","guid":{"rendered":"https:\/\/sinoextrud.com\/product\/aluminium-extrusion-and-aluminium-profile\/"},"modified":"2025-06-24T06:11:22","modified_gmt":"2025-06-24T06:11:22","slug":"hlinikove-vylisky-a-hlinikove-profily","status":"publish","type":"product","link":"https:\/\/sinoextrud.com\/cs\/product\/aluminium-extrusion-and-aluminium-profile\/","title":{"rendered":"Hlin\u00edkov\u00e9 v\u00fdlisky a hlin\u00edkov\u00e9 profily"},"content":{"rendered":"<h2>Podrobnosti o produktech<\/h2>\n<table class=\"custom-table\">\n<tr>\n<td class=\"label\">Typ v\u00fdrobku<\/td>\n<td>hlin\u00edkov\u00e9 v\u00fdlisky a hlin\u00edkov\u00e9 profily<\/td>\n<\/tr>\n<tr>\n<td class=\"label\">Materi\u00e1l<\/td>\n<td>vysoce kvalitn\u00ed hlin\u00edkov\u00e1 slitina<br \/>\u0158ada 6000 (6061, 6063, 6082 atd.)<br \/>\u0158ada 7000 (7001,7003,7005,7075 atd.)<\/td>\n<\/tr>\n<tr>\n<td class=\"label\">Rozm\u011bry<\/td>\n<td>M\u016f\u017eete si p\u0159izp\u016fsobit jeho d\u00e9lku, \u0161\u00ed\u0159ku, v\u00fd\u0161ku, tlou\u0161\u0165ku atd.<\/td>\n<\/tr>\n<tr>\n<td class=\"label\">Vysoce p\u0159esn\u00fd design na zak\u00e1zku<\/td>\n<td>\u00b1 0,1 mm a\u017e \u00b1 0,03 mm<\/td>\n<\/tr>\n<tr>\n<td class=\"label\">Povrchov\u00e1 \u00faprava<\/td>\n<td>kresba d\u0159eva, eloxov\u00e1n\u00ed, le\u0161t\u011bn\u00ed, kart\u00e1\u010dov\u00e1n\u00ed, p\u00edskov\u00e1n\u00ed, pr\u00e1\u0161kov\u00e9 lakov\u00e1n\u00ed, elektrofor\u00e9za, PVDF povlak, fluorokarbonov\u00fd povlak atd. (z\u00e1ruka a\u017e 20 let).<\/td>\n<\/tr>\n<tr>\n<td class=\"label\">Hloubkov\u00e9 zpracov\u00e1n\u00ed CNC<\/td>\n<td>fr\u00e9zov\u00e1n\u00ed, vyvrt\u00e1v\u00e1n\u00ed, vrt\u00e1n\u00ed, \u0159ez\u00e1n\u00ed, brou\u0161en\u00ed. Zpracov\u00e1n\u00ed z\u00e1vit\u016f, ozuben\u00ed, n\u00e1pisy, grav\u00edrov\u00e1n\u00ed a dal\u0161\u00ed speci\u00e1ln\u00ed procesy zpracov\u00e1n\u00ed.<\/td>\n<\/tr>\n<tr>\n<td class=\"label\">Aplikace<\/td>\n<td>M\u016f\u017eete si je p\u0159izp\u016fsobit konkr\u00e9tn\u00edm pot\u0159eb\u00e1m a aplikac\u00edm.<\/td>\n<\/tr>\n<tr>\n<td class=\"label\">Hlin\u00edkov\u00fd T profil<\/td>\n<td>standardn\u00ed T profil, t\u011b\u017ek\u00fd T profil, lehk\u00fd T profil, posuvn\u00fd T profil, konstruk\u010dn\u00ed T profil, dekorativn\u00ed T profil<\/td>\n<\/tr>\n<tr>\n<td class=\"label\">Hlin\u00edkov\u00fd U profil<\/td>\n<td>standardn\u00ed U-profil, U-profil J-trim, kloboukov\u00fd U-profil, U-profily na m\u00edru atd.<\/td>\n<\/tr>\n<tr>\n<td class=\"label\">Hlin\u00edkov\u00fd profil I<\/td>\n<td>standardn\u00ed I-profil, t\u011b\u017ek\u00fd I-profil, ku\u017eelov\u00fd I-profil, I-profil se zaoblen\u00fdmi hranami, I-profil na m\u00edru atd.<\/td>\n<\/tr>\n<tr>\n<td class=\"label\">Hlin\u00edkov\u00fd \u00fahlov\u00fd profil<\/td>\n<td>prav\u00fd \u00fahel, \u0161ikm\u00fd \u00fahel, zaoblen\u00fd rohov\u00fd \u00fahel, rovnostrann\u00fd \u00fahel, \u00fahel ve tvaru L atd.<\/td>\n<\/tr>\n<tr>\n<td class=\"label\">Hlin\u00edkov\u00fd profil T Slot<\/td>\n<td>typ 2020, typ 3030, typ 4040, typ 4545, typ 8080, 3030R (se zaoblen\u00fdmi rohy), 2020L (se zkosen\u00edm), 4080 (s vy\u0161\u0161\u00ed pr\u016f\u0159ezovou pevnost\u00ed) atd.<\/td>\n<\/tr>\n<tr>\n<td class=\"label\">Dr\u00e1\u017ekovan\u00fd hlin\u00edkov\u00fd profil<\/td>\n<td>profil s jednou dr\u00e1\u017ekou, profil s dvojitou dr\u00e1\u017ekou, profil s trojitou dr\u00e1\u017ekou, profil s v\u00edce dr\u00e1\u017ekami, profil s kulatou dr\u00e1\u017ekou, profil s lehkou dr\u00e1\u017ekou, profil s t\u011b\u017ekou dr\u00e1\u017ekou atd.<\/td>\n<\/tr>\n<tr>\n<td class=\"label\">Hlin\u00edkov\u00e9 trubkov\u00e9 profily<\/td>\n<td>kulat\u00e9, p\u016flkulat\u00e9, ov\u00e1ln\u00e9, obd\u00e9ln\u00edkov\u00e9, \u010dtvercov\u00e9, troj\u00faheln\u00edkov\u00e9, silnost\u011bnn\u00e9, tenkost\u011bnn\u00e9, s velk\u00fdm pr\u016fm\u011brem, s mal\u00fdm pr\u016fm\u011brem, teleskopick\u00e9 atd.<\/td>\n<\/tr>\n<tr>\n<td class=\"label\">Hlin\u00edkov\u00fd trap\u00e9zov\u00fd profil<\/td>\n<td>standardn\u00ed trap\u00e9zov\u00fd profil, \u017eebrovan\u00fd trap\u00e9zov\u00fd profil, izolovan\u00fd trap\u00e9zov\u00fd profil, zak\u0159iven\u00fd trap\u00e9zov\u00fd profil, trap\u00e9zov\u00fd profil se stojatou dr\u00e1\u017ekou, perforovan\u00fd trap\u00e9zov\u00fd profil, vlnit\u00fd trap\u00e9zov\u00fd profil.<\/td>\n<\/tr>\n<tr>\n<td class=\"label\">Hlin\u00edkov\u00fd vkl\u00e1dac\u00ed profil<\/td>\n<td>standardn\u00ed vkl\u00e1dac\u00ed profil, z\u00e1vitov\u00fd vkl\u00e1dac\u00ed profil, vkl\u00e1dac\u00ed profil s T-dr\u00e1\u017ekou, kabelov\u00fd vkl\u00e1dac\u00ed profil, rohov\u00fd vkl\u00e1dac\u00ed profil, profil s lemovac\u00ed vlo\u017ekou, posuvn\u00fd vkl\u00e1dac\u00ed profil, profil s pantovou vlo\u017ekou atd.<\/td>\n<\/tr>\n<tr>\n<td class=\"label\">Hlin\u00edkov\u00fd r\u00e1mov\u00fd profil<\/td>\n<td>hodnotov\u00fd r\u00e1m, r\u00e1m s T dr\u00e1\u017ekou, r\u00e1m obrazovky, r\u00e1m tvaru L, okenn\u00ed r\u00e1m, dve\u0159n\u00ed r\u00e1m, moskyti\u00e9ra, r\u00e1mov\u00fd syst\u00e9m, konstruk\u010dn\u00ed r\u00e1mov\u00e1n\u00ed, r\u00e1m s V dr\u00e1\u017ekou, r\u00e1m pro mont\u00e1\u017e sol\u00e1rn\u00edch panel\u016f, zrcadlov\u00fd r\u00e1m, sklen\u011bn\u00fd r\u00e1m, dve\u0159n\u00ed z\u00e1rube\u0148, profilov\u00fd r\u00e1m, stropn\u00ed r\u00e1m na om\u00edtku, fotor\u00e1me\u010dek, obrazov\u00fd r\u00e1m, n\u00e1st\u011bnn\u00fd r\u00e1m, plak\u00e1tov\u00fd r\u00e1m, snap r\u00e1m<\/td>\n<\/tr>\n<tr>\n<td class=\"label\">Hlin\u00edkov\u00e9 profily pro architekturu<\/td>\n<td>profily pro zav\u011b\u0161en\u00e9 st\u011bny, okenn\u00ed a dve\u0159n\u00ed profily, profily pro p\u0159\u00ed\u010dky, profily pro z\u00e1bradl\u00ed a balustr\u00e1dy, obkladov\u00e9 profily, profily pro r\u00e1my sol\u00e1rn\u00edch panel\u016f, profily pro st\u0159e\u0161n\u00ed okna, profily pro \u017ealuzie, profily pro rampy pro invalidy, konstruk\u010dn\u00ed profily atd.<\/td>\n<\/tr>\n<tr>\n<td class=\"label\">Pr\u016fmyslov\u00fd hlin\u00edkov\u00fd profil<\/td>\n<td>profilov\u00e9 p\u0159\u00edslu\u0161enstv\u00ed, profily pro kryty motor\u016f, profily pro displeje, profily pro led osv\u011btlen\u00ed, profily pro elektroniku atd.<\/td>\n<\/tr>\n<tr>\n<td class=\"label\">Hlin\u00edkov\u00fd sklen\u011bn\u00fd profil<\/td>\n<td>profily okenn\u00edch r\u00e1m\u016f, profily dve\u0159n\u00edch r\u00e1m\u016f, profily sloupk\u016f a p\u0159\u00ed\u010dek z\u00e1v\u011bsov\u00fdch st\u011bn, profily d\u011blic\u00edch st\u011bn, profily v\u00fdloh, profily r\u00e1m\u016f sv\u011btl\u00edk\u016f, profily sklen\u011bn\u00fdch z\u00e1bradl\u00ed, profily sklen\u011bn\u00fdch st\u0159\u00ed\u0161ek, profily sklen\u011bn\u00fdch \u017ealuzi\u00ed, profily vitr\u00edn a v\u00fdkladn\u00edch sk\u0159\u00edn\u00ed.<\/td>\n<\/tr>\n<tr>\n<td class=\"label\">Hlin\u00edkov\u00fd sprchov\u00fd profil<\/td>\n<td>U-kan\u00e1lov\u00e9 profily, profily z\u00e1v\u011bs\u016f, profily z\u00e1hlav\u00ed, rohov\u00e9 profily, profily st\u011bnov\u00fdch z\u00e1rubn\u00ed, prahov\u00e9 profily, profily madel, podp\u011brn\u00e9 ty\u010de a konzoly, profily kan\u00e1l\u016f.<\/td>\n<\/tr>\n<tr>\n<td class=\"label\">Hlin\u00edkov\u00fd profil n\u00e1bytku<\/td>\n<td>profily r\u00e1m\u016f, profily hran, lisovan\u00e9 profily, profily rukojet\u00ed, profily nohou, profily oblo\u017een\u00ed, spojovac\u00ed profily, profily posuvn\u00fdch syst\u00e9m\u016f, profily modul\u00e1rn\u00edch syst\u00e9m\u016f, specializovan\u00e9 profily.<\/td>\n<\/tr>\n<tr>\n<td class=\"label\">LED sv\u011btlo hlin\u00edkov\u00fd profil<\/td>\n<td>chladi\u010d, r\u00e1m nebo kryt, mont\u00e1\u017en\u00ed konzola, sv\u011bteln\u00fd reflektor nebo difuzor, kan\u00e1l nebo kolejnice atd.<\/td>\n<\/tr>\n<tr>\n<td class=\"label\">Hlin\u00edkov\u00fd chladi\u010d<\/td>\n<td>chladi\u010d s \u017eebrov\u00e1n\u00edm, chladi\u010d s \u017eebrov\u00e1n\u00edm, chladi\u010d s tepelnou trubic\u00ed, v\u00edrov\u00fd chladi\u010d, chladi\u010d s ventil\u00e1torem atd.<\/td>\n<\/tr>\n<tr>\n<td class=\"label\">Hlin\u00edkov\u00fd profil pro vozidla<\/td>\n<td>1. R\u00e1m a nosn\u00e9 prvky konstrukce karoserie: r\u00e1my karoseri\u00ed osobn\u00edch a n\u00e1kladn\u00edch automobil\u016f, vlak\u016f, metra a dal\u0161\u00edch dopravn\u00edch prost\u0159edk\u016f.<br \/>2. dve\u0159e a okenn\u00ed r\u00e1my<br \/>3. v\u00fdzdoba interi\u00e9ru: p\u0159\u00edstrojov\u00e1 deska, st\u0159edov\u00e1 konzola, prahov\u00e9 li\u0161ty atd.<br \/>4. n\u00e1boje a kola<br \/>5. leteck\u00e9 a lodn\u00ed konstrukce: k\u0159\u00eddla, trupy a konstrukce lod\u00ed atd.<\/td>\n<\/tr>\n<\/table>\n<h2>Na\u0161e v\u00fdrobn\u00ed z\u00e1kladna<\/h2>\n<h3>Panorama tov\u00e1rny<\/h3>\n<p><img decoding=\"async\" src=\"\/wp-content\/uploads\/factory-01.webp\"\/><\/p>\n<h3>D\u00edlna na v\u00fdrobu hlin\u00edkov\u00fdch ty\u010d\u00ed<\/h3>\n<p><img decoding=\"async\" src=\"\/wp-content\/uploads\/factory-02.webp\"\/><\/p>\n<p><img decoding=\"async\" src=\"\/wp-content\/uploads\/factory-03.webp\"\/><\/p>\n<h3>Sklad pl\u00edsn\u00ed<\/h3>\n<p><img decoding=\"async\" src=\"\/wp-content\/uploads\/factory-04.webp\"\/><\/p>\n<h3>43 linek na vytla\u010dov\u00e1n\u00ed hlin\u00edku (500-5500 tun)<\/h3>\n<p><img decoding=\"async\" src=\"\/wp-content\/uploads\/factory-05.webp\"\/><\/p>\n<p><img decoding=\"async\" src=\"\/wp-content\/uploads\/factory-06.webp\"\/><\/p>\n<p><img decoding=\"async\" src=\"\/wp-content\/uploads\/factory-07.webp\"\/><\/p>\n<h3>D\u00edlna pr\u00e1\u0161kov\u00e9ho lakov\u00e1n\u00ed<\/h3>\n<p><img decoding=\"async\" src=\"\/wp-content\/uploads\/factory-09.webp\"\/><\/p>\n<h3>D\u00edlna eloxov\u00e1n\u00ed<\/h3>\n<p><img decoding=\"async\" src=\"\/wp-content\/uploads\/factory-10.webp\"\/><\/p>\n<h3>Workshop o hloubkov\u00e9m zpracov\u00e1n\u00ed<\/h3>\n<p><img decoding=\"async\" src=\"\/wp-content\/uploads\/factory-11.webp\"\/><\/p>\n<h3>D\u00edlna CNC p\u0159esn\u00e9ho obr\u00e1b\u011bn\u00ed<\/h3>\n<p><img decoding=\"async\" src=\"\/wp-content\/uploads\/factory-11.5.webp\"\/><\/p>\n<h3>Sklad hotov\u00fdch v\u00fdrobk\u016f a exportn\u00ed sklad<\/h3>\n<p><img decoding=\"async\" src=\"\/wp-content\/uploads\/factory-12.webp\"\/><\/p>\n<p><img decoding=\"async\" src=\"\/wp-content\/uploads\/factory-13.webp\"\/><\/p>\n<p><img decoding=\"async\" src=\"\/wp-content\/uploads\/factory-14.webp\"\/><\/p>\n<h2>\u010cASTO KLADEN\u00c9 DOTAZY<\/h2>\n<p><p><b>1.Co je to hlin\u00edkov\u00e9 vytla\u010dov\u00e1n\u00ed a hlin\u00edkov\u00fd profil?<\/b><\/p>\n<p>Vytla\u010dov\u00e1n\u00ed hlin\u00edku je v\u00fdrobn\u00ed proces, p\u0159i kter\u00e9m se hlin\u00edkov\u00e9 profily vytv\u00e1\u0159ej\u00ed protla\u010dov\u00e1n\u00edm hlin\u00edkov\u00e9 slitiny tvarovou matric\u00ed, \u010d\u00edm\u017e se vytv\u00e1\u0159ej\u00ed r\u016fzn\u00e9 pr\u016f\u0159ezy.<br \/>\n<\/p><br \/>\n<br \/>\n<p><b>2.Jak\u00e9 jsou hlavn\u00ed v\u00fdhody hlin\u00edkov\u00e9ho vytla\u010dov\u00e1n\u00ed a hlin\u00edkov\u00fdch profil\u016f?<\/b><\/p>\n<p>Nab\u00edzej\u00ed vysok\u00fd pom\u011br pevnosti a hmotnosti, vynikaj\u00edc\u00ed odolnost proti korozi, konstruk\u010dn\u00ed univerz\u00e1lnost, p\u0159esn\u00e9 rozm\u011bry a snadnou v\u00fdrobu pro r\u016fzn\u00e9 aplikace.<br \/>\n<\/p><br \/>\n<br \/>\n<p><b>3.Pro\u010d si vybrat hlin\u00edkov\u00e9 profily vyr\u00e1b\u011bn\u00e9 vytla\u010dov\u00e1n\u00edm?<\/b><\/p>\n<p>Vytla\u010dov\u00e1n\u00ed umo\u017e\u0148uje vytv\u00e1\u0159et slo\u017eit\u00e9 tvary, dodr\u017eovat p\u0159\u00edsn\u00e9 tolerance a konzistentn\u00ed kvalitu, co\u017e umo\u017e\u0148uje vyr\u00e1b\u011bt lehk\u00e9 a pevn\u00e9 sou\u010d\u00e1sti pro pr\u016fmyslov\u00e1 odv\u011btv\u00ed, jako je stavebnictv\u00ed, automobilov\u00fd pr\u016fmysl a elektronika.<br \/>\n<\/p><br \/>\n<br \/>\n<p><b>4.Lze hlin\u00edkov\u00e9 v\u00fdlisky a profily p\u0159izp\u016fsobit?<\/b><\/p>\n<p>Ano, lze je p\u0159izp\u016fsobit typu slitiny, tvaru, velikosti, povrchov\u00e9 \u00faprav\u011b a mechanick\u00fdm vlastnostem tak, aby spl\u0148ovaly specifick\u00e9 po\u017eadavky projektu.<br \/>\n<\/p><br \/>\n<br \/>\n<p><b>5.Jak vytla\u010dov\u00e1n\u00ed hlin\u00edku zlep\u0161uje vlastnosti v\u00fdrobku?<\/b><\/p>\n<p>Tento proces zlep\u0161uje vlastnosti materi\u00e1lu, zaji\u0161\u0165uje rovnom\u011brn\u00e9 pr\u016f\u0159ezy a umo\u017e\u0148uje integraci funk\u010dn\u00edch prvk\u016f, \u010d\u00edm\u017e se zvy\u0161uje odolnost a funk\u010dnost.<br \/>\n<\/p><br \/>\n<br \/>\n<p><b>6.Jsou hlin\u00edkov\u00e9 v\u00fdlisky a profily vhodn\u00e9 pro venkovn\u00ed pou\u017eit\u00ed?<\/b><\/p>\n<p>Ano, hlin\u00edk je d\u00edky sv\u00e9 p\u0159irozen\u00e9 odolnosti proti korozi a dodate\u010dn\u00fdm povrchov\u00fdm \u00faprav\u00e1m, jako je eloxov\u00e1n\u00ed nebo pr\u00e1\u0161kov\u00e9 lakov\u00e1n\u00ed, ide\u00e1ln\u00ed pro drsn\u00e9 prost\u0159ed\u00ed.<br \/>\n<\/p><br \/>\n<br \/>\n<p><b>7.V jak\u00fdch pr\u016fmyslov\u00fdch odv\u011btv\u00edch se b\u011b\u017en\u011b pou\u017e\u00edvaj\u00ed hlin\u00edkov\u00e9 v\u00fdlisky a hlin\u00edkov\u00e9 profily?<\/b><\/p>\n<p>Stavebn\u00ed, automobilov\u00fd, leteck\u00fd, elektronick\u00fd, n\u00e1bytk\u00e1\u0159sk\u00fd a obalov\u00fd pr\u016fmysl tyto profily hojn\u011b vyu\u017e\u00edv\u00e1 pro jejich pevnost a n\u00edzkou hmotnost.<br \/>\n<\/p><br \/>\n<br \/>\n<p><b>8.Jak podporuj\u00ed vytla\u010dov\u00e1n\u00ed hlin\u00edku a profily udr\u017eitelnou v\u00fdrobu?<\/b><\/p>\n<p>Hlin\u00edk je 100% recyklovateln\u00fd bez ztr\u00e1ty vlastnost\u00ed a p\u0159i vytla\u010dov\u00e1n\u00ed vznik\u00e1 minimum odpadu, co\u017e p\u0159isp\u00edv\u00e1 k ekologicky \u0161etrn\u00fdm v\u00fdrobn\u00edm proces\u016fm.<br \/>\n<\/p><br \/><\/p>","protected":false},"featured_media":6633,"template":"","categories":[64],"class_list":["post-6634","product","type-product","status-publish","has-post-thumbnail","hentry","category-new-trend-aluminium-products"],"meta_box":{"hilight_text_group":{"product_hilight_text":"<li>High-precision extrusion ensures consistent dimensions and superior quality<\/li>\r\r\n<li>Wide range of aluminum profiles suitable for various industrial applications<\/li>\r\r\n<li>Lightweight and corrosion-resistant for long-lasting performance<\/li>\r\r\n<li>Customizable sizes, shapes, and surface finishes to meet project needs<\/li>\r\r\n<li>Reliable bulk supply with competitive pricing and timely delivery<\/li>","product_chanpin_blog":"<ul>\r\r\n<li><a href=\"https:\/\/sinoextrud.com\/t-slot-v-slot-differences\/\" target=\"_blank\">t slot vs v slot<\/a><\/li>\r\r\n<li><a href=\"https:\/\/sinoextrud.com\/what-is-4040-aluminium-extrud\/\" target=\"_blank\">4040 aluminium extrusion<\/a><\/li>\r\r\n<li><a href=\"https:\/\/sinoextrud.com\/what-is-4040-aluminium-extrud\/\" target=\"_blank\">aluminum extrusions for industrial racks<\/a><\/li>\r\r\n<li><a href=\"https:\/\/sinoextrud.com\/powder-coating-aluminium-process\/\" target=\"_blank\">powder coating aluminium<\/a><\/li>\r\r\n<li><a href=\"https:\/\/sinoextrud.com\/what-is-an-aluminium-strip-ceiling\/\" target=\"_blank\">aluminium strip ceiling<\/a><\/li>\r\r\n<li><a href=\"https:\/\/sinoextrud.com\/what-is-a-heat-sink\/\" target=\"_blank\">what is a heat sink<\/a><\/li>\r\r\n<\/ul>","product_chanpin_chanpin":"<li><a href=\"https:\/\/sinoextrud.com\/product\/wood-grain-aluminum-decking\/\" target=\"_blank\">Wood Grain Aluminum Decking<\/a><\/li>\r\n<li><a href=\"https:\/\/sinoextrud.com\/product\/weather-resistant-wood-grain-aluminum-profile\/\" target=\"_blank\">Weather Resistant Wood Grain Aluminum Profile<\/a><\/li>\r\n<li><a href=\"https:\/\/sinoextrud.com\/product\/aluminium-kitchen-cabinet-handles\/\" target=\"_blank\">Aluminium Kitchen Cabinet Handles<\/a><\/li>\r\n<li><a href=\"https:\/\/sinoextrud.com\/product\/aluminum-shower-door-frame-parts-u-channel\/\" target=\"_blank\">Aluminum Shower Door Frame Parts U-channel<\/a><\/li>\r\n<li><a href=\"https:\/\/sinoextrud.com\/product\/aluminium-extrusion-and-aluminium-profile\/\" target=\"_blank\">Aluminium Extrusion and Aluminium Profile<\/a><\/li>\r\n<li><a href=\"https:\/\/sinoextrud.com\/product\/telescopic-aluminium-square-tube\/\" target=\"_blank\">Telescopic Aluminium Square Tube<\/a><\/li>\r\n<li><a href=\"https:\/\/sinoextrud.com\/product\/customizable-bathroom-mirror-frame-bent-aluminum-profiles\/\" target=\"_blank\">Customizable Bathroom Mirror Frame Bent Aluminum Profiles<\/a><\/li>\r\n<li><a href=\"https:\/\/sinoextrud.com\/product\/china-factory-wholesale-6063-aluminum-fence-panels\/\" target=\"_blank\">China Factory Wholesale 6063 Aluminum Fence Panels<\/a><\/li>\r\n<li><a href=\"https:\/\/sinoextrud.com\/product\/aluminum-slatwall-panel-insert-profile\/\" target=\"_blank\">Aluminum Slatwall Panel Insert Profile<\/a><\/li>\r\n<li><a href=\"https:\/\/sinoextrud.com\/product\/aluminium-profile-for-shower-room\/\" target=\"_blank\">Aluminium Profile For Shower Room<\/a><\/li>\r\n<li><a href=\"https:\/\/sinoextrud.com\/product\/aluminium-extrusion-caravan-awning-aluminum-profile\/\" target=\"_blank\">Aluminium Extrusion Caravan Awning Aluminum Profile<\/a><\/li>"},"feature_list":[]},"_links":{"self":[{"href":"https:\/\/sinoextrud.com\/cs\/wp-json\/wp\/v2\/product\/6634","targetHints":{"allow":["GET"]}}],"collection":[{"href":"https:\/\/sinoextrud.com\/cs\/wp-json\/wp\/v2\/product"}],"about":[{"href":"https:\/\/sinoextrud.com\/cs\/wp-json\/wp\/v2\/types\/product"}],"wp:featuredmedia":[{"embeddable":true,"href":"https:\/\/sinoextrud.com\/cs\/wp-json\/wp\/v2\/media\/6633"}],"wp:attachment":[{"href":"https:\/\/sinoextrud.com\/cs\/wp-json\/wp\/v2\/media?parent=6634"}],"wp:term":[{"taxonomy":"category","embeddable":true,"href":"https:\/\/sinoextrud.com\/cs\/wp-json\/wp\/v2\/categories?post=6634"}],"curies":[{"name":"wp","href":"https:\/\/api.w.org\/{rel}","templated":true}]}}