{"id":6626,"date":"2025-05-30T02:15:44","date_gmt":"2025-05-30T02:15:44","guid":{"rendered":"https:\/\/sinoextrud.com\/product\/wood-grain-aluminum-decking\/"},"modified":"2025-06-24T06:11:19","modified_gmt":"2025-06-24T06:11:19","slug":"drevene-hlinikove-palubky","status":"publish","type":"product","link":"https:\/\/sinoextrud.com\/cs\/product\/wood-grain-aluminum-decking\/","title":{"rendered":"Hlin\u00edkov\u00e9 palubky se zrnitost\u00ed d\u0159eva"},"content":{"rendered":"<h2>Podrobnosti o produktech<\/h2>\n<table class=\"custom-table\">\n<tr>\n<td class=\"label\">N\u00e1zev produktu<\/td>\n<td>Hlin\u00edkov\u00e9 palubky se zrnitost\u00ed d\u0159eva<\/td>\n<\/tr>\n<tr>\n<td class=\"label\">Hlin\u00edkov\u00e1 slitina<\/td>\n<td>\u0158ada 1000, \u0159ada 200, \u0159ada 3000, \u0159ada 5000, \u0159ada 6000, \u0159ada 7000<\/td>\n<\/tr>\n<tr>\n<td class=\"label\">Sortiment v\u00fdrobk\u016f<\/td>\n<td>Hlin\u00edkov\u00fd v\u00fdlisek pro hlin\u00edkovou palubn\u00ed desku, hlin\u00edkov\u00e9 palubn\u00ed z\u00e1bradl\u00ed, hlin\u00edkov\u00e9 palubn\u00ed r\u00e1mov\u00e1n\u00ed, hlin\u00edkov\u00e9 palubn\u00ed podlahy, hlin\u00edkov\u00e9 palubn\u00ed obklady, hlin\u00edkov\u00e9 palubn\u00ed z\u00e1bradl\u00ed, hlin\u00edkov\u00fd palubn\u00ed syst\u00e9m, hlin\u00edkov\u00e9 palubn\u00ed z\u00e1bradl\u00ed.<\/td>\n<\/tr>\n<tr>\n<td class=\"label\">Temperament<\/td>\n<td>T3-T8<\/td>\n<\/tr>\n<tr>\n<td class=\"label\">Z\u00e1ruka<\/td>\n<td>Venkovn\u00ed d\u0159ev\u011bn\u00e9 zrno odoln\u00e9 proti pov\u011btrnostn\u00edm vliv\u016fm, d\u0159ev\u011bn\u00e9 zrno Aksu a Menphis, dov\u00e1\u017een\u00e9 d\u0159ev\u011bn\u00e9 zrno odoln\u00e9 proti pov\u011btrnostn\u00edm vliv\u016fm, 10-let\u00e1 z\u00e1ruka, 15let\u00e1 z\u00e1ruka Venkovn\u00ed d\u0159ev\u011bn\u00e9 zrno s vysokou odolnost\u00ed proti pov\u011btrnostn\u00edm vliv\u016fm.<\/td>\n<\/tr>\n<tr>\n<td class=\"label\">Tvar<\/td>\n<td>p\u0159izp\u016fsoben\u00ed<\/td>\n<\/tr>\n<tr>\n<td class=\"label\">Barva<\/td>\n<td>p\u0159izp\u016fsoben\u00ed<\/td>\n<\/tr>\n<tr>\n<td class=\"label\">Povrchov\u00e1 \u00faprava<\/td>\n<td>fr\u00e9zov\u00e1n\u00ed, eloxov\u00e1n\u00ed, d\u0159ev\u011bn\u00e1 struktura, povrchov\u00e1 \u00faprava, p\u00edskov\u00e1n\u00ed, elektrofor\u00e9za, kart\u00e1\u010dov\u00e1n\u00ed, le\u0161t\u011bn\u00ed atd.<\/td>\n<\/tr>\n<tr>\n<td class=\"label\">Hloubkov\u00e9 zpracov\u00e1n\u00ed CNC<\/td>\n<td>\u0159ez\u00e1n\u00ed, vrt\u00e1n\u00ed, obr\u00e1b\u011bn\u00ed, d\u011brov\u00e1n\u00ed, oh\u00fdb\u00e1n\u00ed, z\u00e1vitov\u00e1n\u00ed atd.<\/td>\n<\/tr>\n<tr>\n<td class=\"label\">Certifikace<\/td>\n<td>CE, ISO, SGS, TUV, ROHS<\/td>\n<\/tr>\n<tr>\n<td class=\"label\">Vzorky<\/td>\n<td>vzorek zdarma. Dod\u00e1n\u00ed do 1-3 dn\u016f.<\/td>\n<\/tr>\n<tr>\n<td class=\"label\">MOQ<\/td>\n<td>200 kg pro ka\u017ed\u00fd profil<\/td>\n<\/tr>\n<tr>\n<td class=\"label\">Doba dod\u00e1n\u00ed<\/td>\n<td>V\u00fdvoj formy a kontrola vzorku trv\u00e1 12-15 dn\u00ed, v\u00fdroba pak 15-25 dn\u00ed po obdr\u017een\u00ed z\u00e1lohy od kupuj\u00edc\u00edho.<\/td>\n<\/tr>\n<tr>\n<td class=\"label\">Platebn\u00ed podm\u00ednky<\/td>\n<td>30% z\u00e1loha p\u0159ed v\u00fdrobou a z\u016fstatek p\u0159ed odesl\u00e1n\u00edm.<br \/>, atd.<\/td>\n<\/tr>\n<\/table>\n<h2>Na\u0161e v\u00fdrobn\u00ed z\u00e1kladna<\/h2>\n<h3>Panorama tov\u00e1rny<\/h3>\n<p><img decoding=\"async\" src=\"\/wp-content\/uploads\/factory-01.webp\"\/><\/p>\n<h3>D\u00edlna na v\u00fdrobu hlin\u00edkov\u00fdch ty\u010d\u00ed<\/h3>\n<p><img decoding=\"async\" src=\"\/wp-content\/uploads\/factory-02.webp\"\/><\/p>\n<p><img decoding=\"async\" src=\"\/wp-content\/uploads\/factory-03.webp\"\/><\/p>\n<h3>Sklad pl\u00edsn\u00ed<\/h3>\n<p><img decoding=\"async\" src=\"\/wp-content\/uploads\/factory-04.webp\"\/><\/p>\n<h3>43 linek na vytla\u010dov\u00e1n\u00ed hlin\u00edku (500-5500 tun)<\/h3>\n<p><img decoding=\"async\" src=\"\/wp-content\/uploads\/factory-05.webp\"\/><\/p>\n<p><img decoding=\"async\" src=\"\/wp-content\/uploads\/factory-06.webp\"\/><\/p>\n<p><img decoding=\"async\" src=\"\/wp-content\/uploads\/factory-07.webp\"\/><\/p>\n<h3>D\u00edlna pr\u00e1\u0161kov\u00e9ho lakov\u00e1n\u00ed<\/h3>\n<p><img decoding=\"async\" src=\"\/wp-content\/uploads\/factory-09.webp\"\/><\/p>\n<h3>D\u00edlna eloxov\u00e1n\u00ed<\/h3>\n<p><img decoding=\"async\" src=\"\/wp-content\/uploads\/factory-10.webp\"\/><\/p>\n<h3>Workshop o hloubkov\u00e9m zpracov\u00e1n\u00ed<\/h3>\n<p><img decoding=\"async\" src=\"\/wp-content\/uploads\/factory-11.webp\"\/><\/p>\n<h3>D\u00edlna CNC p\u0159esn\u00e9ho obr\u00e1b\u011bn\u00ed<\/h3>\n<p><img decoding=\"async\" src=\"\/wp-content\/uploads\/factory-11.5.webp\"\/><\/p>\n<h3>Sklad hotov\u00fdch v\u00fdrobk\u016f a exportn\u00ed sklad<\/h3>\n<p><img decoding=\"async\" src=\"\/wp-content\/uploads\/factory-12.webp\"\/><\/p>\n<p><img decoding=\"async\" src=\"\/wp-content\/uploads\/factory-13.webp\"\/><\/p>\n<p><img decoding=\"async\" src=\"\/wp-content\/uploads\/factory-14.webp\"\/><\/p>\n<h2>\u010cASTO KLADEN\u00c9 DOTAZY<\/h2>\n<p><p><b>1.Co je d\u0159ev\u011bn\u00e1 hlin\u00edkov\u00e1 palubka?<\/b><\/p>\n<p>Hlin\u00edkov\u00e9 palubky se strukturou d\u0159eva jsou odoln\u00e9 palubky vyroben\u00e9 z hlin\u00edku s povrchovou \u00fapravou, kter\u00e1 kop\u00edruje p\u0159irozen\u00fd vzhled a strukturu d\u0159eva.<br \/>\n<\/p><br \/>\n<br \/>\n<p><b>2.Jak\u00e9 jsou hlavn\u00ed v\u00fdhody d\u0159ev\u011bn\u00fdch hlin\u00edkov\u00fdch palubek?<\/b><\/p>\n<p>Nab\u00edz\u00ed vynikaj\u00edc\u00ed odolnost proti korozi, n\u00edzkou hmotnost, n\u00edzk\u00e9 n\u00e1roky na \u00fadr\u017ebu, protiskluznost a estetick\u00fd vzhled p\u0159\u00edrodn\u00edho d\u0159eva.<br \/>\n<\/p><br \/>\n<br \/>\n<p><b>3.Pro\u010d zvolit hlin\u00edkov\u00e9 palubky se strukturou d\u0159eva m\u00edsto tradi\u010dn\u00edho d\u0159eva?<\/b><\/p>\n<p>Hlin\u00edkov\u00e9 palubky jsou odoln\u00e9 proti hnilob\u011b, hmyzu, kroucen\u00ed a po\u0161kozen\u00ed pov\u011btrnostn\u00edmi vlivy, maj\u00ed del\u0161\u00ed \u017eivotnost a snadn\u011bj\u0161\u00ed \u00fadr\u017ebu, p\u0159i\u010dem\u017e si zachov\u00e1vaj\u00ed vzhled podobn\u00fd d\u0159evu.<br \/>\n<\/p><br \/>\n<br \/>\n<p><b>4.Can d\u0159ev\u011bn\u00e9 zrno hlin\u00edkov\u00e9 palubky b\u00fdt p\u0159izp\u016fsoben?<\/b><\/p>\n<p>Ano, lze jej p\u0159izp\u016fsobit velikosti, barv\u011b, struktu\u0159e d\u0159eva, povrchov\u00e9 \u00faprav\u011b a tlou\u0161\u0165ce, aby se hodil k r\u016fzn\u00fdm architektonick\u00fdm a krajin\u00e1\u0159sk\u00fdm n\u00e1vrh\u016fm.<br \/>\n<\/p><br \/>\n<br \/>\n<p><b>5.Jak povrchov\u00e1 \u00faprava se strukturou d\u0159eva vylep\u0161uje hlin\u00edkov\u00e9 palubky?<\/b><\/p>\n<p>Povrchov\u00e1 \u00faprava poskytuje realistickou strukturu a vzhled d\u0159eva a z\u00e1rove\u0148 zachov\u00e1v\u00e1 trvanlivost hlin\u00edku, odolnost proti korozi a snadn\u00e9 \u010di\u0161t\u011bn\u00ed.<br \/>\n<\/p><br \/>\n<br \/>\n<p><b>6.Je d\u0159ev\u011bn\u00e1 hlin\u00edkov\u00e1 palubka vhodn\u00e1 pro venkovn\u00ed pou\u017eit\u00ed?<\/b><\/p>\n<p>Ano, je navr\u017een tak, aby odol\u00e1val UV z\u00e1\u0159en\u00ed, vlhkosti a nep\u0159\u00edzniv\u00fdm pov\u011btrnostn\u00edm podm\u00ednk\u00e1m, tak\u017ee je ide\u00e1ln\u00ed na terasy, terasy a k baz\u00e9n\u016fm.<br \/>\n<\/p><br \/>\n<br \/>\n<p><b>7.V jak\u00fdch pr\u016fmyslov\u00fdch odv\u011btv\u00edch se b\u011b\u017en\u011b pou\u017e\u00edvaj\u00ed hlin\u00edkov\u00e9 palubky se strukturou d\u0159eva?<\/b><\/p>\n<p>Tyto palubky se pou\u017e\u00edvaj\u00ed pro svou trvanlivost a estetiku v obytn\u00e9 v\u00fdstavb\u011b, komer\u010dn\u00ed ter\u00e9nn\u00ed \u00faprav\u011b, pohostinstv\u00ed a rekrea\u010dn\u00edch za\u0159\u00edzen\u00edch.<br \/>\n<\/p><br \/>\n<br \/>\n<p><b>8.Jak podporuj\u00ed hlin\u00edkov\u00e9 palubky se strukturou d\u0159eva udr\u017eitelnou v\u00fdstavbu?<\/b><\/p>\n<p>Hlin\u00edk je 100% recyklovateln\u00fd a povrchov\u00e1 \u00faprava d\u0159eva p\u0159edstavuje ekologickou alternativu d\u0159eva, kter\u00e1 sni\u017euje dopad na \u017eivotn\u00ed prost\u0159ed\u00ed a odles\u0148ov\u00e1n\u00ed.<br \/>\n<\/p><br \/><\/p>","protected":false},"featured_media":6625,"template":"","categories":[64],"class_list":["post-6626","product","type-product","status-publish","has-post-thumbnail","hentry","category-new-trend-aluminium-products"],"meta_box":{"hilight_text_group":{"product_hilight_text":"<li>Wood grain finish provides natural aesthetic with aluminum durability<\/li>\r\r\n<li>Corrosion-resistant and weatherproof for long-lasting outdoor use<\/li>\r\r\n<li>Lightweight design simplifies installation and reduces structural load<\/li>\r\r\n<li>Low maintenance compared to traditional wood decking<\/li>\r\r\n<li>Available in custom sizes and finishes to match design preferences<\/li>","product_chanpin_blog":"<ul>\r\r\n<li><a href=\"https:\/\/sinoextrud.com\/t-slot-v-slot-differences\/\" target=\"_blank\">t slot vs v slot<\/a><\/li>\r\r\n<li><a href=\"https:\/\/sinoextrud.com\/what-is-4040-aluminium-extrud\/\" target=\"_blank\">4040 aluminium extrusion<\/a><\/li>\r\r\n<li><a href=\"https:\/\/sinoextrud.com\/what-is-4040-aluminium-extrud\/\" target=\"_blank\">aluminum extrusions for industrial racks<\/a><\/li>\r\r\n<li><a href=\"https:\/\/sinoextrud.com\/powder-coating-aluminium-process\/\" target=\"_blank\">powder coating aluminium<\/a><\/li>\r\r\n<li><a href=\"https:\/\/sinoextrud.com\/what-is-an-aluminium-strip-ceiling\/\" target=\"_blank\">aluminium strip ceiling<\/a><\/li>\r\r\n<li><a href=\"https:\/\/sinoextrud.com\/what-is-a-heat-sink\/\" target=\"_blank\">what is a heat sink<\/a><\/li>\r\r\n<\/ul>","product_chanpin_chanpin":"<li><a href=\"https:\/\/sinoextrud.com\/product\/purification-workshop-aluminum-profiles\/\" target=\"_blank\">Purification Workshop Aluminum Profiles<\/a><\/li>\r\n<li><a href=\"https:\/\/sinoextrud.com\/product\/aluminium-cladding-wall-profile\/\" target=\"_blank\">Aluminium Cladding Wall Profile<\/a><\/li>\r\n<li><a href=\"https:\/\/sinoextrud.com\/product\/medical-instrument-aluminum-profile\/\" target=\"_blank\">Medical Instrument Aluminum Profile<\/a><\/li>\r\n<li><a href=\"https:\/\/sinoextrud.com\/product\/aluminum-t-shape-transition-tile-trim\/\" target=\"_blank\">Aluminum T Shape Transition Tile Trim<\/a><\/li>\r\n<li><a href=\"https:\/\/sinoextrud.com\/product\/wood-grain-aluminum-decking\/\" target=\"_blank\">Wood Grain Aluminum Decking<\/a><\/li>\r\n<li><a href=\"https:\/\/sinoextrud.com\/product\/weather-resistant-wood-grain-aluminum-profile\/\" target=\"_blank\">Weather Resistant Wood Grain Aluminum Profile<\/a><\/li>\r\n<li><a href=\"https:\/\/sinoextrud.com\/product\/aluminium-kitchen-cabinet-handles\/\" target=\"_blank\">Aluminium Kitchen Cabinet Handles<\/a><\/li>\r\n<li><a href=\"https:\/\/sinoextrud.com\/product\/aluminum-shower-door-frame-parts-u-channel\/\" target=\"_blank\">Aluminum Shower Door Frame Parts U-channel<\/a><\/li>\r\n<li><a href=\"https:\/\/sinoextrud.com\/product\/aluminium-extrusion-and-aluminium-profile\/\" target=\"_blank\">Aluminium Extrusion and Aluminium Profile<\/a><\/li>\r\n<li><a href=\"https:\/\/sinoextrud.com\/product\/6061-aluminum-price-per-pound-best-quality-anodized-t-slot-aluminum-profile-extrusion-framing-track\/\" target=\"_blank\">6061 aluminum price per pound best quality anodized t-slot aluminum profile extrusion framing track<\/a><\/li>\r\n<li><a href=\"https:\/\/sinoextrud.com\/product\/aluminium-tube-suppliers-offer-extruded-aluminium-square-tube-profile-with-anodized-powder-coating-surface-treatment\/\" target=\"_blank\">Aluminium Tube Suppliers Offer Extruded Aluminium Square Tube Profile With Anodized Powder Coating Surface Treatment<\/a><\/li>"},"feature_list":[]},"_links":{"self":[{"href":"https:\/\/sinoextrud.com\/cs\/wp-json\/wp\/v2\/product\/6626","targetHints":{"allow":["GET"]}}],"collection":[{"href":"https:\/\/sinoextrud.com\/cs\/wp-json\/wp\/v2\/product"}],"about":[{"href":"https:\/\/sinoextrud.com\/cs\/wp-json\/wp\/v2\/types\/product"}],"wp:featuredmedia":[{"embeddable":true,"href":"https:\/\/sinoextrud.com\/cs\/wp-json\/wp\/v2\/media\/6625"}],"wp:attachment":[{"href":"https:\/\/sinoextrud.com\/cs\/wp-json\/wp\/v2\/media?parent=6626"}],"wp:term":[{"taxonomy":"category","embeddable":true,"href":"https:\/\/sinoextrud.com\/cs\/wp-json\/wp\/v2\/categories?post=6626"}],"curies":[{"name":"wp","href":"https:\/\/api.w.org\/{rel}","templated":true}]}}