{"id":6579,"date":"2025-05-29T09:29:49","date_gmt":"2025-05-29T09:29:49","guid":{"rendered":"https:\/\/sinoextrud.com\/product\/hot-selling-high-quality-powder-coating-wood-grain-single-sided-aluminum-plate\/"},"modified":"2025-06-24T06:11:13","modified_gmt":"2025-06-24T06:11:13","slug":"vysoce-kvalitni-praskove-lakovani-drevenych-zrn-jednostranna-hlinikova-deska-s-horkym-prodejem","status":"publish","type":"product","link":"https:\/\/sinoextrud.com\/cs\/product\/hot-selling-high-quality-powder-coating-wood-grain-single-sided-aluminum-plate\/","title":{"rendered":"Hot Selling Vysoce kvalitn\u00ed pr\u00e1\u0161kov\u00e9 lakov\u00e1n\u00ed d\u0159eva zrno jednostrann\u00fd hlin\u00edkov\u00e9 desky"},"content":{"rendered":"<h2>Podrobnosti o produktech<\/h2>\n<table class=\"custom-table\">\n<tr>\n<td class=\"label\">Polo\u017eka:<\/td>\n<td>Hot Selling Vysoce kvalitn\u00ed pr\u00e1\u0161kov\u00e9 lakov\u00e1n\u00ed d\u0159eva zrno jednostrann\u00fd hlin\u00edkov\u00e9 desky<\/td>\n<\/tr>\n<tr>\n<td class=\"label\">M\u00edrnost:<\/td>\n<td>H12,H24, H18<\/td>\n<\/tr>\n<tr>\n<td class=\"label\">Velikost:<\/td>\n<td>1.22*2.44m<\/td>\n<\/tr>\n<tr>\n<td class=\"label\">Tlou\u0161\u0165ka:<\/td>\n<td>1,0 mm, 2,0 mm nebo na m\u00edru<\/td>\n<\/tr>\n<tr>\n<td class=\"label\">Tolerance:<\/td>\n<td>\u00b10,5%<\/td>\n<\/tr>\n<tr>\n<td class=\"label\">Doba dod\u00e1n\u00ed:<\/td>\n<td>25-30 dn\u00ed<\/td>\n<\/tr>\n<tr>\n<td class=\"label\">Term\u00edn platby:<\/td>\n<td>T\/T (30% z\u00e1loha), L\/C<\/td>\n<\/tr>\n<tr>\n<td class=\"label\">P\u0159\u00edstav:<\/td>\n<td>Guangzhou, Shenzhen<\/td>\n<\/tr>\n<tr>\n<td class=\"label\">Typ:<\/td>\n<td>Hlin\u00edkov\u00fd plech<\/td>\n<\/tr>\n<tr>\n<td class=\"label\">T\u0159\u00edda:<\/td>\n<td>\u0158ada 1000, \u0159ada 3000, \u0159ada 5000. \u0158ada 6000.<\/td>\n<\/tr>\n<tr>\n<td class=\"label\">M\u00edsto p\u016fvodu:<\/td>\n<td>Foshan, Guangdong<\/td>\n<\/tr>\n<tr>\n<td class=\"label\">Slitina nebo ne:<\/td>\n<td>Je slitina<\/td>\n<\/tr>\n<tr>\n<td class=\"label\">Zna\u010dka:<\/td>\n<td>Sinoextrud, Sinoextrud<\/td>\n<\/tr>\n<tr>\n<td class=\"label\">Povrchov\u00e1 \u00faprava:<\/td>\n<td>Ml\u00fdnsk\u00e1 \u00faprava, pr\u00e1\u0161kov\u00e9 lakov\u00e1n\u00ed, kresba d\u0159eva<\/td>\n<\/tr>\n<tr>\n<td class=\"label\">MOQ:<\/td>\n<td>100 KUS\u016e<\/td>\n<\/tr>\n<tr>\n<td class=\"label\">Slu\u017eba zpracov\u00e1n\u00ed:<\/td>\n<td>CNC obr\u00e1b\u011bn\u00ed<\/td>\n<\/tr>\n<tr>\n<td class=\"label\">Barva:<\/td>\n<td>P\u0159izp\u016fsoben\u00e9<\/td>\n<\/tr>\n<tr>\n<td class=\"label\">Pou\u017eit\u00ed:<\/td>\n<td>Vnit\u0159n\u00ed a venkovn\u00ed<\/td>\n<\/tr>\n<\/table>\n<h2>Na\u0161e v\u00fdrobn\u00ed z\u00e1kladna<\/h2>\n<h3>Panorama tov\u00e1rny<\/h3>\n<p><img decoding=\"async\" src=\"\/wp-content\/uploads\/factory-01.webp\"\/><\/p>\n<h3>D\u00edlna na v\u00fdrobu hlin\u00edkov\u00fdch ty\u010d\u00ed<\/h3>\n<p><img decoding=\"async\" src=\"\/wp-content\/uploads\/factory-02.webp\"\/><\/p>\n<p><img decoding=\"async\" src=\"\/wp-content\/uploads\/factory-03.webp\"\/><\/p>\n<h3>Sklad pl\u00edsn\u00ed<\/h3>\n<p><img decoding=\"async\" src=\"\/wp-content\/uploads\/factory-04.webp\"\/><\/p>\n<h3>43 linek na vytla\u010dov\u00e1n\u00ed hlin\u00edku (500-5500 tun)<\/h3>\n<p><img decoding=\"async\" src=\"\/wp-content\/uploads\/factory-05.webp\"\/><\/p>\n<p><img decoding=\"async\" src=\"\/wp-content\/uploads\/factory-06.webp\"\/><\/p>\n<p><img decoding=\"async\" src=\"\/wp-content\/uploads\/factory-07.webp\"\/><\/p>\n<h3>D\u00edlna pr\u00e1\u0161kov\u00e9ho lakov\u00e1n\u00ed<\/h3>\n<p><img decoding=\"async\" src=\"\/wp-content\/uploads\/factory-09.webp\"\/><\/p>\n<h3>D\u00edlna eloxov\u00e1n\u00ed<\/h3>\n<p><img decoding=\"async\" src=\"\/wp-content\/uploads\/factory-10.webp\"\/><\/p>\n<h3>Workshop o hloubkov\u00e9m zpracov\u00e1n\u00ed<\/h3>\n<p><img decoding=\"async\" src=\"\/wp-content\/uploads\/factory-11.webp\"\/><\/p>\n<h3>D\u00edlna CNC p\u0159esn\u00e9ho obr\u00e1b\u011bn\u00ed<\/h3>\n<p><img decoding=\"async\" src=\"\/wp-content\/uploads\/factory-11.5.webp\"\/><\/p>\n<h3>Sklad hotov\u00fdch v\u00fdrobk\u016f a exportn\u00ed sklad<\/h3>\n<p><img decoding=\"async\" src=\"\/wp-content\/uploads\/factory-12.webp\"\/><\/p>\n<p><img decoding=\"async\" src=\"\/wp-content\/uploads\/factory-13.webp\"\/><\/p>\n<p><img decoding=\"async\" src=\"\/wp-content\/uploads\/factory-14.webp\"\/><\/p>\n<h2>\u010cASTO KLADEN\u00c9 DOTAZY<\/h2>\n<p><p><b>1.What je hork\u00fd prodej vysoce kvalitn\u00ed pr\u00e1\u0161kov\u00e9 lakov\u00e1n\u00ed d\u0159eva zrno jednostrann\u00e9 hlin\u00edkov\u00e9 desky?<\/b><\/p>\n<p>Jedn\u00e1 se o hlin\u00edkovou desku s odolnou pr\u00e1\u0161kovou povrchovou \u00fapravou na jedn\u00e9 stran\u011b, kter\u00e1 kop\u00edruje p\u0159irozenou kresbu d\u0159eva a kombinuje pevnost s estetick\u00fdm vzhledem.<br \/>\n<\/p><br \/>\n<br \/>\n<p><b>2.Jak\u00e9 jsou hlavn\u00ed v\u00fdhody pr\u00e1\u0161kov\u00e9ho lakov\u00e1n\u00ed hlin\u00edkov\u00fdch desek se strukturou d\u0159eva?<\/b><\/p>\n<p>Nab\u00edzej\u00ed vynikaj\u00edc\u00ed odolnost proti korozi, ochranu proti UV z\u00e1\u0159en\u00ed, odolnost proti po\u0161kr\u00e1b\u00e1n\u00ed, nen\u00e1ro\u010dnou \u00fadr\u017ebu a realistick\u00fd vzhled d\u0159eva.<br \/>\n<\/p><br \/>\n<br \/>\n<p><b>3.Pro\u010d zvolit jednostrann\u00e9 pr\u00e1\u0161kov\u00e9 lakov\u00e1n\u00ed hlin\u00edkov\u00fdch desek se strukturou d\u0159eva?<\/b><\/p>\n<p>Jednostrann\u00fd n\u00e1t\u011br poskytuje vysoce kvalitn\u00ed dekorativn\u00ed povrchovou \u00fapravu na viditeln\u00e9 stran\u011b a z\u00e1rove\u0148 optimalizuje n\u00e1klady a pou\u017eit\u00ed materi\u00e1lu pro aplikace na zadn\u00ed stran\u011b.<br \/>\n<\/p><br \/>\n<br \/>\n<p><b>4.Can pr\u00e1\u0161kov\u00e9 lakov\u00e1n\u00ed d\u0159eva zrnit\u00e9 hlin\u00edkov\u00e9 desky b\u00fdt p\u0159izp\u016fsobeny?<\/b><\/p>\n<p>Ano, jejich velikost, tlou\u0161\u0165ku, barvu, vzor d\u0159eva a strukturu n\u00e1t\u011bru lze p\u0159izp\u016fsobit konkr\u00e9tn\u00edm pot\u0159eb\u00e1m projektu.<br \/>\n<\/p><br \/>\n<br \/>\n<p><b>5.Jak pr\u00e1\u0161kov\u00e9 lakov\u00e1n\u00ed zv\u00fdrazn\u00ed povrchovou \u00fapravu d\u0159eva na hlin\u00edkov\u00fdch desk\u00e1ch?<\/b><\/p>\n<p>Pr\u00e1\u0161kov\u00e9 lakov\u00e1n\u00ed vytv\u00e1\u0159\u00ed odolnou, jednolitou vrstvu, kter\u00e1 chr\u00e1n\u00ed p\u0159ed vyblednut\u00edm, od\u0161t\u011bpen\u00edm a po\u0161kozen\u00edm vlivem prost\u0159ed\u00ed a zaji\u0161\u0165uje dlouhotrvaj\u00edc\u00ed kr\u00e1su.<br \/>\n<\/p><br \/>\n<br \/>\n<p><b>6.Jsou pr\u00e1\u0161kov\u011b lakovan\u00e9 hlin\u00edkov\u00e9 desky se strukturou d\u0159eva vhodn\u00e9 pro venkovn\u00ed pou\u017eit\u00ed?<\/b><\/p>\n<p>Ano, povrchov\u00e1 \u00faprava nab\u00edz\u00ed vynikaj\u00edc\u00ed odolnost v\u016f\u010di UV z\u00e1\u0159en\u00ed, vlhkosti a nep\u0159\u00edzniv\u00fdm pov\u011btrnostn\u00edm podm\u00ednk\u00e1m, tak\u017ee je ide\u00e1ln\u00ed pro vn\u011bj\u0161\u00ed obklady a dekorativn\u00ed aplikace.<br \/>\n<\/p><br \/>\n<br \/>\n<p><b>7.V jak\u00fdch pr\u016fmyslov\u00fdch odv\u011btv\u00edch se b\u011b\u017en\u011b pou\u017e\u00edvaj\u00ed hlin\u00edkov\u00e9 desky s pr\u00e1\u0161kovou povrchovou \u00fapravou d\u0159eva?<\/b><\/p>\n<p>Tyto desky se pou\u017e\u00edvaj\u00ed ve stavebnictv\u00ed, p\u0159i v\u00fdrob\u011b n\u00e1pis\u016f, v interi\u00e9rov\u00e9m designu a v n\u00e1bytk\u00e1\u0159sk\u00e9m pr\u016fmyslu pro jejich kombinaci trvanlivosti a estetiky podobn\u00e9 d\u0159evu.<br \/>\n<\/p><br \/>\n<br \/>\n<p><b>8.Jak pr\u00e1\u0161kov\u00e9 lakov\u00e1n\u00ed hlin\u00edkov\u00fdch desek se strukturou d\u0159eva podporuje udr\u017eitelnou v\u00fdstavbu?<\/b><\/p>\n<p>Hlin\u00edk je pln\u011b recyklovateln\u00fd a pr\u00e1\u0161kov\u00e9 lakov\u00e1n\u00ed je ekologick\u00fd proces povrchov\u00e9 \u00fapravy, kter\u00fd prodlu\u017euje \u017eivotnost v\u00fdrobku a sni\u017euje dopad na \u017eivotn\u00ed prost\u0159ed\u00ed.<br \/>\n<\/p><br \/><\/p>","protected":false},"featured_media":6578,"template":"","categories":[65],"class_list":["post-6579","product","type-product","status-publish","has-post-thumbnail","hentry","category-wooden-grained-aluminum-profile"],"meta_box":{"hilight_text_group":{"product_hilight_text":"<li>High-quality powder coating provides durable and vibrant wood grain finish<\/li>\r\r\n<li>Single-sided aluminum plate ideal for decorative and architectural applications<\/li>\r\r\n<li>Corrosion-resistant and weatherproof for long-lasting outdoor use<\/li>\r\r\n<li>Lightweight yet strong, easy to install and maintain<\/li>\r\r\n<li>Hot selling product with reliable supply and competitive pricing<\/li>","product_chanpin_blog":"<ul>\r\r\n<li><a href=\"https:\/\/sinoextrud.com\/t-slot-v-slot-differences\/\" target=\"_blank\">t slot vs v slot<\/a><\/li>\r\r\n<li><a href=\"https:\/\/sinoextrud.com\/what-is-4040-aluminium-extrud\/\" target=\"_blank\">4040 aluminium extrusion<\/a><\/li>\r\r\n<li><a href=\"https:\/\/sinoextrud.com\/what-is-4040-aluminium-extrud\/\" target=\"_blank\">aluminum extrusions for industrial racks<\/a><\/li>\r\r\n<li><a href=\"https:\/\/sinoextrud.com\/powder-coating-aluminium-process\/\" target=\"_blank\">powder coating aluminium<\/a><\/li>\r\r\n<li><a href=\"https:\/\/sinoextrud.com\/what-is-an-aluminium-strip-ceiling\/\" target=\"_blank\">aluminium strip ceiling<\/a><\/li>\r\r\n<li><a href=\"https:\/\/sinoextrud.com\/what-is-a-heat-sink\/\" target=\"_blank\">what is a heat sink<\/a><\/li>\r\r\n<\/ul>","product_chanpin_chanpin":"<li><a href=\"https:\/\/sinoextrud.com\/product\/wood-grain-false-ceiling-aluminium-profiles\/\" target=\"_blank\">Wood Grain False Ceiling Aluminium Profiles<\/a><\/li>\r\n<li><a href=\"https:\/\/sinoextrud.com\/product\/wood-grain-finish-extruded-architectural-use-aluminium-profile\/\" target=\"_blank\">Wood grain finish extruded architectural use aluminium profile<\/a><\/li>\r\n<li><a href=\"https:\/\/sinoextrud.com\/product\/wood-grain-aluminium-extrusion-profile-for-furnitures-decoration\/\" target=\"_blank\">Wood Grain Aluminium Extrusion Profile for Furnitures Decoration<\/a><\/li>\r\n<li><a href=\"https:\/\/sinoextrud.com\/product\/wood-grain-finish-aluminium-profiles\/\" target=\"_blank\">Wood Grain Finish Aluminium Profiles<\/a><\/li>\r\n<li><a href=\"https:\/\/sinoextrud.com\/product\/hot-selling-high-quality-powder-coating-wood-grain-single-sided-aluminum-plate\/\" target=\"_blank\">Hot Selling High-quality Powder Coating Wood Grain Single-sided Aluminum Plate<\/a><\/li>\r\n<li><a href=\"https:\/\/sinoextrud.com\/product\/anodized-extrusion-precise-round-square-aluminum-tube\/\" target=\"_blank\">Anodized Extrusion Precise Round Square Aluminum Tube<\/a><\/li>\r\n<li><a href=\"https:\/\/sinoextrud.com\/product\/custom-aluminum-fluorocarbon-wood-grain-fence\/\" target=\"_blank\">Custom Aluminum Fluorocarbon Wood Grain Fence<\/a><\/li>\r\n<li><a href=\"https:\/\/sinoextrud.com\/product\/wood-grain-aluminum-square-tube\/\" target=\"_blank\">Wood Grain Aluminum Square Tube<\/a><\/li>\r\n<li><a href=\"https:\/\/sinoextrud.com\/product\/glass-balcony-railing-aluminum-u-channel-design\/\" target=\"_blank\">Glass Balcony Railing Aluminum U Channel Design<\/a><\/li>\r\n<li><a href=\"https:\/\/sinoextrud.com\/product\/wood-grain-aluminum-square-hollow-profile\/\" target=\"_blank\">Wood Grain Aluminum Square Hollow Profile<\/a><\/li>\r\n<li><a href=\"https:\/\/sinoextrud.com\/product\/aluminium-c-profile\/\" target=\"_blank\">Aluminium C Profile<\/a><\/li>"},"feature_list":[]},"_links":{"self":[{"href":"https:\/\/sinoextrud.com\/cs\/wp-json\/wp\/v2\/product\/6579","targetHints":{"allow":["GET"]}}],"collection":[{"href":"https:\/\/sinoextrud.com\/cs\/wp-json\/wp\/v2\/product"}],"about":[{"href":"https:\/\/sinoextrud.com\/cs\/wp-json\/wp\/v2\/types\/product"}],"wp:featuredmedia":[{"embeddable":true,"href":"https:\/\/sinoextrud.com\/cs\/wp-json\/wp\/v2\/media\/6578"}],"wp:attachment":[{"href":"https:\/\/sinoextrud.com\/cs\/wp-json\/wp\/v2\/media?parent=6579"}],"wp:term":[{"taxonomy":"category","embeddable":true,"href":"https:\/\/sinoextrud.com\/cs\/wp-json\/wp\/v2\/categories?post=6579"}],"curies":[{"name":"wp","href":"https:\/\/api.w.org\/{rel}","templated":true}]}}