{"id":6575,"date":"2025-05-29T09:19:01","date_gmt":"2025-05-29T09:19:01","guid":{"rendered":"https:\/\/sinoextrud.com\/product\/wood-grain-aluminium-extrusion-profile-for-furnitures-decoration\/"},"modified":"2025-06-24T06:11:11","modified_gmt":"2025-06-24T06:11:11","slug":"hlinikovy-vytlacovaci-profil-se-strukturou-dreva-pro-dekoraci-nabytku","status":"publish","type":"product","link":"https:\/\/sinoextrud.com\/cs\/product\/wood-grain-aluminium-extrusion-profile-for-furnitures-decoration\/","title":{"rendered":"Hlin\u00edkov\u00fd vytla\u010dovac\u00ed profil se strukturou d\u0159eva pro dekoraci n\u00e1bytku"},"content":{"rendered":"<h2>Podrobnosti o produktech<\/h2>\n<table class=\"custom-table\">\n<tr>\n<td class=\"label\">Polo\u017eka\uff1a<\/td>\n<td>Hlin\u00edkov\u00fd vytla\u010dovac\u00ed profil se strukturou d\u0159eva pro dekoraci n\u00e1bytku<\/td>\n<\/tr>\n<tr>\n<td class=\"label\">Tvar:<\/td>\n<td> P\u0159izp\u016fsoben\u00e9<\/td>\n<\/tr>\n<tr>\n<td class=\"label\">M\u00edrnost:<\/td>\n<td> T3-T8<\/td>\n<\/tr>\n<tr>\n<td class=\"label\">Slitina:<\/td>\n<td> Slitina<\/td>\n<\/tr>\n<tr>\n<td class=\"label\">T\u0159\u00edda:<\/td>\n<td> \u0158ada 6000<\/td>\n<\/tr>\n<tr>\n<td class=\"label\">Specifikace:<\/td>\n<td> 1m-9m nebo p\u0159izp\u016fsoben\u00e1 velikost<\/td>\n<\/tr>\n<tr>\n<td class=\"label\">P\u016fvod:<\/td>\n<td> Foshan, \u010c\u00edna<\/td>\n<\/tr>\n<tr>\n<td class=\"label\">Typ:<\/td>\n<td> Hlin\u00edkov\u00e9 profily pro okna a dve\u0159e, hlin\u00edkov\u00e9 profily se strukturou d\u0159eva, hlin\u00edkov\u00e9 profily pro dekorace, hlin\u00edkov\u00e9 profily pro chladi\u010de, hlin\u00edkov\u00e9 profily pro sklen\u011bn\u00e9 st\u011bny, hlin\u00edkov\u00e9 profily pro dopravu, hlin\u00edkov\u00fd n\u00e1bytek, hlin\u00edkov\u00e9 profily se strukturou d\u0159eva, hlin\u00edkov\u00e9 profily pro vytla\u010dov\u00e1n\u00ed<\/td>\n<\/tr>\n<\/table>\n<h2>Na\u0161e v\u00fdrobn\u00ed z\u00e1kladna<\/h2>\n<h3>Panorama tov\u00e1rny<\/h3>\n<p><img decoding=\"async\" src=\"\/wp-content\/uploads\/factory-01.webp\"\/><\/p>\n<h3>D\u00edlna na v\u00fdrobu hlin\u00edkov\u00fdch ty\u010d\u00ed<\/h3>\n<p><img decoding=\"async\" src=\"\/wp-content\/uploads\/factory-02.webp\"\/><\/p>\n<p><img decoding=\"async\" src=\"\/wp-content\/uploads\/factory-03.webp\"\/><\/p>\n<h3>Sklad pl\u00edsn\u00ed<\/h3>\n<p><img decoding=\"async\" src=\"\/wp-content\/uploads\/factory-04.webp\"\/><\/p>\n<h3>43 linek na vytla\u010dov\u00e1n\u00ed hlin\u00edku (500-5500 tun)<\/h3>\n<p><img decoding=\"async\" src=\"\/wp-content\/uploads\/factory-05.webp\"\/><\/p>\n<p><img decoding=\"async\" src=\"\/wp-content\/uploads\/factory-06.webp\"\/><\/p>\n<p><img decoding=\"async\" src=\"\/wp-content\/uploads\/factory-07.webp\"\/><\/p>\n<h3>D\u00edlna pr\u00e1\u0161kov\u00e9ho lakov\u00e1n\u00ed<\/h3>\n<p><img decoding=\"async\" src=\"\/wp-content\/uploads\/factory-09.webp\"\/><\/p>\n<h3>D\u00edlna eloxov\u00e1n\u00ed<\/h3>\n<p><img decoding=\"async\" src=\"\/wp-content\/uploads\/factory-10.webp\"\/><\/p>\n<h3>Workshop o hloubkov\u00e9m zpracov\u00e1n\u00ed<\/h3>\n<p><img decoding=\"async\" src=\"\/wp-content\/uploads\/factory-11.webp\"\/><\/p>\n<h3>D\u00edlna CNC p\u0159esn\u00e9ho obr\u00e1b\u011bn\u00ed<\/h3>\n<p><img decoding=\"async\" src=\"\/wp-content\/uploads\/factory-11.5.webp\"\/><\/p>\n<h3>Sklad hotov\u00fdch v\u00fdrobk\u016f a exportn\u00ed sklad<\/h3>\n<p><img decoding=\"async\" src=\"\/wp-content\/uploads\/factory-12.webp\"\/><\/p>\n<p><img decoding=\"async\" src=\"\/wp-content\/uploads\/factory-13.webp\"\/><\/p>\n<p><img decoding=\"async\" src=\"\/wp-content\/uploads\/factory-14.webp\"\/><\/p>\n<h2>\u010cASTO KLADEN\u00c9 DOTAZY<\/h2>\n<p><p><b>1.Co je hlin\u00edkov\u00fd vytla\u010dovac\u00ed profil se strukturou d\u0159eva pro dekoraci n\u00e1bytku?<\/b><\/p>\n<p>Jedn\u00e1 se o hlin\u00edkov\u00fd v\u00fdlisek s povrchovou \u00fapravou s kresbou d\u0159eva ur\u010den\u00fd speci\u00e1ln\u011b pro dekorativn\u00ed aplikace p\u0159i v\u00fdrob\u011b n\u00e1bytku.<br \/>\n<\/p><br \/>\n<br \/>\n<p><b>2.Jak\u00e9 jsou hlavn\u00ed v\u00fdhody d\u0159ev\u011bn\u00fdch hlin\u00edkov\u00fdch profil\u016f pro n\u00e1bytek?<\/b><\/p>\n<p>Nab\u00edzej\u00ed vynikaj\u00edc\u00ed odolnost, n\u00edzkou hmotnost, odolnost proti korozi, nen\u00e1ro\u010dnou \u00fadr\u017ebu a realistick\u00fd vzhled d\u0159eva.<br \/>\n<\/p><br \/>\n<br \/>\n<p><b>3.Pro\u010d si pro dekoraci n\u00e1bytku vybrat hlin\u00edkov\u00fd v\u00fdlisek se strukturou d\u0159eva a ne p\u0159\u00edrodn\u00ed d\u0159evo?<\/b><\/p>\n<p>Hlin\u00edkov\u00e9 profily jsou odoln\u00e9 proti deformac\u00edm, vlhkosti a hmyzu, vy\u017eaduj\u00ed m\u00e9n\u011b \u00fadr\u017eby a z\u00e1rove\u0148 poskytuj\u00ed elegantn\u00ed vzhled p\u0159\u00edrodn\u00edho d\u0159eva.<br \/>\n<\/p><br \/>\n<br \/>\n<p><b>4.Mohou b\u00fdt hlin\u00edkov\u00e9 vytla\u010dovac\u00ed profily se strukturou d\u0159eva p\u0159izp\u016fsobeny pro n\u00e1bytek?<\/b><\/p>\n<p>Ano, jejich velikost, tvar, strukturu d\u0159eva, barvu a povrchovou \u00fapravu lze p\u0159izp\u016fsobit konkr\u00e9tn\u00edm po\u017eadavk\u016fm na design n\u00e1bytku.<br \/>\n<\/p><br \/>\n<br \/>\n<p><b>5.Jak povrchov\u00e1 \u00faprava d\u0159eva zv\u00fdraz\u0148uje hlin\u00edkov\u00e9 profily v dekoru n\u00e1bytku?<\/b><\/p>\n<p>Povrchov\u00e1 \u00faprava zaji\u0161\u0165uje autentick\u00fd estetick\u00fd vzhled d\u0159eva p\u0159i zachov\u00e1n\u00ed pevnosti, odolnosti a snadn\u00e9ho \u010di\u0161t\u011bn\u00ed hlin\u00edku.<br \/>\n<\/p><br \/>\n<br \/>\n<p><b>6.Jsou d\u0159ev\u011bn\u00e9 hlin\u00edkov\u00e9 profily vhodn\u00e9 pro pou\u017eit\u00ed v interi\u00e9ru?<\/b><\/p>\n<p>Ano, jsou ide\u00e1ln\u00ed pro interi\u00e9rov\u00fd n\u00e1bytek, nab\u00edzej\u00ed dlouhotrvaj\u00edc\u00ed kr\u00e1su a odolnost v\u016f\u010di opot\u0159eben\u00ed a vliv\u016fm prost\u0159ed\u00ed.<br \/>\n<\/p><br \/>\n<br \/>\n<p><b>7.V jak\u00fdch pr\u016fmyslov\u00fdch odv\u011btv\u00edch se b\u011b\u017en\u011b pou\u017e\u00edvaj\u00ed hlin\u00edkov\u00e9 profily s d\u0159ev\u011bnou strukturou pro v\u00fdrobu n\u00e1bytku?<\/b><\/p>\n<p>V\u00fdrobci n\u00e1bytku, n\u00e1vrh\u00e1\u0159i interi\u00e9r\u016f a firmy zab\u00fdvaj\u00edc\u00ed se bytov\u00fdmi dekoracemi pou\u017e\u00edvaj\u00ed tyto profily pro jejich kombinaci stylu a funk\u010dnosti.<br \/>\n<\/p><br \/>\n<br \/>\n<p><b>8.Jak podporuj\u00ed hlin\u00edkov\u00e9 vytla\u010dovac\u00ed profily se strukturou d\u0159eva udr\u017eitelnou v\u00fdrobu n\u00e1bytku?<\/b><\/p>\n<p>Hlin\u00edk je pln\u011b recyklovateln\u00fd a povrchov\u00e1 \u00faprava s d\u0159ev\u011bnou kresbou p\u0159edstavuje ekologickou alternativu d\u0159eva, kter\u00e1 sni\u017euje dopad na \u017eivotn\u00ed prost\u0159ed\u00ed a odles\u0148ov\u00e1n\u00ed.<br \/>\n<\/p><br \/><\/p>","protected":false},"featured_media":6574,"template":"","categories":[65],"class_list":["post-6575","product","type-product","status-publish","has-post-thumbnail","hentry","category-wooden-grained-aluminum-profile"],"meta_box":{"hilight_text_group":{"product_hilight_text":"<li>Wood grain finish offers natural wood aesthetics with aluminum durability<\/li>\r\r\n<li>Precision extrusion ensures consistent profiles for furniture decoration<\/li>\r\r\n<li>Lightweight and corrosion-resistant for long-lasting furniture components<\/li>\r\r\n<li>Easy to fabricate, cut, and install for custom furniture designs<\/li>\r\r\n<li>Supports bulk orders and OEM customization for diverse project needs<\/li>","product_chanpin_blog":"<ul>\r\r\n<li><a href=\"https:\/\/sinoextrud.com\/t-slot-v-slot-differences\/\" target=\"_blank\">t slot vs v slot<\/a><\/li>\r\r\n<li><a href=\"https:\/\/sinoextrud.com\/what-is-4040-aluminium-extrud\/\" target=\"_blank\">4040 aluminium extrusion<\/a><\/li>\r\r\n<li><a href=\"https:\/\/sinoextrud.com\/what-is-4040-aluminium-extrud\/\" target=\"_blank\">aluminum extrusions for industrial racks<\/a><\/li>\r\r\n<li><a href=\"https:\/\/sinoextrud.com\/powder-coating-aluminium-process\/\" target=\"_blank\">powder coating aluminium<\/a><\/li>\r\r\n<li><a href=\"https:\/\/sinoextrud.com\/what-is-an-aluminium-strip-ceiling\/\" target=\"_blank\">aluminium strip ceiling<\/a><\/li>\r\r\n<li><a href=\"https:\/\/sinoextrud.com\/what-is-a-heat-sink\/\" target=\"_blank\">what is a heat sink<\/a><\/li>\r\r\n<\/ul>","product_chanpin_chanpin":"<li><a href=\"https:\/\/sinoextrud.com\/product\/extruded-aluminum-wood-grain-tube-profile\/\" target=\"_blank\">Extruded Aluminum Wood Grain Tube Profile<\/a><\/li>\r\n<li><a href=\"https:\/\/sinoextrud.com\/product\/wood-grain-aluminum-box-section\/\" target=\"_blank\">Wood Grain Aluminum Box Section<\/a><\/li>\r\n<li><a href=\"https:\/\/sinoextrud.com\/product\/wood-grain-false-ceiling-aluminium-profiles\/\" target=\"_blank\">Wood Grain False Ceiling Aluminium Profiles<\/a><\/li>\r\n<li><a href=\"https:\/\/sinoextrud.com\/product\/wood-grain-finish-extruded-architectural-use-aluminium-profile\/\" target=\"_blank\">Wood grain finish extruded architectural use aluminium profile<\/a><\/li>\r\n<li><a href=\"https:\/\/sinoextrud.com\/product\/wood-grain-aluminium-extrusion-profile-for-furnitures-decoration\/\" target=\"_blank\">Wood Grain Aluminium Extrusion Profile for Furnitures Decoration<\/a><\/li>\r\n<li><a href=\"https:\/\/sinoextrud.com\/product\/wood-grain-finish-aluminium-profiles\/\" target=\"_blank\">Wood Grain Finish Aluminium Profiles<\/a><\/li>\r\n<li><a href=\"https:\/\/sinoextrud.com\/product\/hot-selling-high-quality-powder-coating-wood-grain-single-sided-aluminum-plate\/\" target=\"_blank\">Hot Selling High-quality Powder Coating Wood Grain Single-sided Aluminum Plate<\/a><\/li>\r\n<li><a href=\"https:\/\/sinoextrud.com\/product\/anodized-extrusion-precise-round-square-aluminum-tube\/\" target=\"_blank\">Anodized Extrusion Precise Round Square Aluminum Tube<\/a><\/li>\r\n<li><a href=\"https:\/\/sinoextrud.com\/product\/custom-aluminum-fluorocarbon-wood-grain-fence\/\" target=\"_blank\">Custom Aluminum Fluorocarbon Wood Grain Fence<\/a><\/li>\r\n<li><a href=\"https:\/\/sinoextrud.com\/product\/custom-industrial-extruded-aluminum-alloy\/\" target=\"_blank\">Custom Industrial Extruded Aluminum Alloy<\/a><\/li>\r\n<li><a href=\"https:\/\/sinoextrud.com\/product\/aluminum-profile-shutter\/\" target=\"_blank\">Aluminum Profile Shutter<\/a><\/li>"},"feature_list":[]},"_links":{"self":[{"href":"https:\/\/sinoextrud.com\/cs\/wp-json\/wp\/v2\/product\/6575","targetHints":{"allow":["GET"]}}],"collection":[{"href":"https:\/\/sinoextrud.com\/cs\/wp-json\/wp\/v2\/product"}],"about":[{"href":"https:\/\/sinoextrud.com\/cs\/wp-json\/wp\/v2\/types\/product"}],"wp:featuredmedia":[{"embeddable":true,"href":"https:\/\/sinoextrud.com\/cs\/wp-json\/wp\/v2\/media\/6574"}],"wp:attachment":[{"href":"https:\/\/sinoextrud.com\/cs\/wp-json\/wp\/v2\/media?parent=6575"}],"wp:term":[{"taxonomy":"category","embeddable":true,"href":"https:\/\/sinoextrud.com\/cs\/wp-json\/wp\/v2\/categories?post=6575"}],"curies":[{"name":"wp","href":"https:\/\/api.w.org\/{rel}","templated":true}]}}