{"id":6573,"date":"2025-05-29T09:11:21","date_gmt":"2025-05-29T09:11:21","guid":{"rendered":"https:\/\/sinoextrud.com\/product\/wood-grain-finish-extruded-architectural-use-aluminium-profile\/"},"modified":"2025-06-24T06:11:11","modified_gmt":"2025-06-24T06:11:11","slug":"extrudovany-hlinikovy-profil-pro-pouziti-v-architekture-s-povrchovou-upravou-dreva","status":"publish","type":"product","link":"https:\/\/sinoextrud.com\/cs\/product\/wood-grain-finish-extruded-architectural-use-aluminium-profile\/","title":{"rendered":"Hlin\u00edkov\u00fd profil pro pou\u017eit\u00ed v architektu\u0159e s povrchovou \u00fapravou d\u0159eva"},"content":{"rendered":"<h2>Podrobnosti o produktech<\/h2>\n<table class=\"custom-table\">\n<tr>\n<td class=\"label\">N\u00e1zev<\/td>\n<td>Hlin\u00edkov\u00fd profil pro pou\u017eit\u00ed v architektu\u0159e s povrchovou \u00fapravou d\u0159eva<\/td>\n<\/tr>\n<\/table>\n<h2>Na\u0161e v\u00fdrobn\u00ed z\u00e1kladna<\/h2>\n<h3>Panorama tov\u00e1rny<\/h3>\n<p><img decoding=\"async\" src=\"\/wp-content\/uploads\/factory-01.webp\"\/><\/p>\n<h3>D\u00edlna na v\u00fdrobu hlin\u00edkov\u00fdch ty\u010d\u00ed<\/h3>\n<p><img decoding=\"async\" src=\"\/wp-content\/uploads\/factory-02.webp\"\/><\/p>\n<p><img decoding=\"async\" src=\"\/wp-content\/uploads\/factory-03.webp\"\/><\/p>\n<h3>Sklad pl\u00edsn\u00ed<\/h3>\n<p><img decoding=\"async\" src=\"\/wp-content\/uploads\/factory-04.webp\"\/><\/p>\n<h3>43 linek na vytla\u010dov\u00e1n\u00ed hlin\u00edku (500-5500 tun)<\/h3>\n<p><img decoding=\"async\" src=\"\/wp-content\/uploads\/factory-05.webp\"\/><\/p>\n<p><img decoding=\"async\" src=\"\/wp-content\/uploads\/factory-06.webp\"\/><\/p>\n<p><img decoding=\"async\" src=\"\/wp-content\/uploads\/factory-07.webp\"\/><\/p>\n<h3>D\u00edlna pr\u00e1\u0161kov\u00e9ho lakov\u00e1n\u00ed<\/h3>\n<p><img decoding=\"async\" src=\"\/wp-content\/uploads\/factory-09.webp\"\/><\/p>\n<h3>D\u00edlna eloxov\u00e1n\u00ed<\/h3>\n<p><img decoding=\"async\" src=\"\/wp-content\/uploads\/factory-10.webp\"\/><\/p>\n<h3>Workshop o hloubkov\u00e9m zpracov\u00e1n\u00ed<\/h3>\n<p><img decoding=\"async\" src=\"\/wp-content\/uploads\/factory-11.webp\"\/><\/p>\n<h3>D\u00edlna CNC p\u0159esn\u00e9ho obr\u00e1b\u011bn\u00ed<\/h3>\n<p><img decoding=\"async\" src=\"\/wp-content\/uploads\/factory-11.5.webp\"\/><\/p>\n<h3>Sklad hotov\u00fdch v\u00fdrobk\u016f a exportn\u00ed sklad<\/h3>\n<p><img decoding=\"async\" src=\"\/wp-content\/uploads\/factory-12.webp\"\/><\/p>\n<p><img decoding=\"async\" src=\"\/wp-content\/uploads\/factory-13.webp\"\/><\/p>\n<p><img decoding=\"async\" src=\"\/wp-content\/uploads\/factory-14.webp\"\/><\/p>\n<h2>\u010cASTO KLADEN\u00c9 DOTAZY<\/h2>\n<p><p><b>1.Co je extrudovan\u00fd hlin\u00edkov\u00fd profil pro pou\u017eit\u00ed v architektu\u0159e s povrchovou \u00fapravou d\u0159eva?<\/b><\/p>\n<p>Jedn\u00e1 se o hlin\u00edkov\u00fd v\u00fdlisek ur\u010den\u00fd pro architektonick\u00e9 aplikace s povrchovou \u00fapravou s kresbou d\u0159eva, kter\u00e1 kombinuje odolnost s estetikou p\u0159\u00edrodn\u00edho d\u0159eva.<br \/>\n<\/p><br \/>\n<br \/>\n<p><b>2.Jak\u00e9 jsou hlavn\u00ed v\u00fdhody extrudovan\u00fdch hlin\u00edkov\u00fdch profil\u016f s povrchovou \u00fapravou d\u0159eva?<\/b><\/p>\n<p>Nab\u00edzej\u00ed vynikaj\u00edc\u00ed odolnost proti korozi, lehkou pevnost, nen\u00e1ro\u010dnou \u00fadr\u017ebu a realistickou strukturu d\u0159eva vhodnou pro pou\u017eit\u00ed v interi\u00e9ru i exteri\u00e9ru.<br \/>\n<\/p><br \/>\n<br \/>\n<p><b>3.Pro\u010d v architektu\u0159e up\u0159ednostnit hlin\u00edkov\u00e9 profily s povrchovou \u00fapravou d\u0159eva p\u0159ed prav\u00fdm d\u0159evem?<\/b><\/p>\n<p>Hlin\u00edkov\u00e9 profily jsou odoln\u00e9 proti hnilob\u011b, hmyzu, vlhkosti a kroucen\u00ed, tak\u017ee maj\u00ed del\u0161\u00ed \u017eivotnost a snadn\u011bj\u0161\u00ed \u00fadr\u017ebu p\u0159i zachov\u00e1n\u00ed estetiky p\u0159\u00edrodn\u00edho d\u0159eva.<br \/>\n<\/p><br \/>\n<br \/>\n<p><b>4.Lze extrudovan\u00e9 hlin\u00edkov\u00e9 profily s povrchovou \u00fapravou d\u0159eva p\u0159izp\u016fsobit?<\/b><\/p>\n<p>Ano, jejich velikost, tvar, vzor d\u0159eva, barvu a povrchovou \u00fapravu lze p\u0159izp\u016fsobit specifick\u00fdm po\u017eadavk\u016fm na architektonick\u00fd design a konstrukci.<br \/>\n<\/p><br \/>\n<br \/>\n<p><b>5.Jak povrchov\u00e1 \u00faprava s kresbou d\u0159eva vylep\u0161uje architektonick\u00e9 hlin\u00edkov\u00e9 profily?<\/b><\/p>\n<p>Povrchov\u00e1 \u00faprava zaji\u0161\u0165uje autentick\u00fd vzhled a strukturu d\u0159eva a z\u00e1rove\u0148 zachov\u00e1v\u00e1 pevnost, odolnost proti pov\u011btrnostn\u00edm vliv\u016fm a n\u00edzkou hmotnost hlin\u00edku.<br \/>\n<\/p><br \/>\n<br \/>\n<p><b>6.Jsou hlin\u00edkov\u00e9 profily s povrchovou \u00fapravou d\u0159eva vhodn\u00e9 pro venkovn\u00ed architektonick\u00e9 aplikace?<\/b><\/p>\n<p>Ano, odol\u00e1vaj\u00ed UV z\u00e1\u0159en\u00ed, vlhkosti a nep\u0159\u00edzniv\u00fdm pov\u011btrnostn\u00edm podm\u00ednk\u00e1m, tak\u017ee jsou ide\u00e1ln\u00ed pro fas\u00e1dy, obklady a dekorativn\u00ed prvky.<br \/>\n<\/p><br \/>\n<br \/>\n<p><b>7.Ve kter\u00fdch pr\u016fmyslov\u00fdch odv\u011btv\u00edch se b\u011b\u017en\u011b pou\u017e\u00edvaj\u00ed hlin\u00edkov\u00e9 profily s povrchovou \u00fapravou d\u0159eva?<\/b><\/p>\n<p>Stavebnictv\u00ed, architektura, interi\u00e9rov\u00fd design a komer\u010dn\u00ed stavebnictv\u00ed vyu\u017e\u00edvaj\u00ed tyto profily pro jejich kombinaci trvanlivosti a estetiky.<br \/>\n<\/p><br \/>\n<br \/>\n<p><b>8.Jak podporuj\u00ed hlin\u00edkov\u00e9 profily s povrchovou \u00fapravou d\u0159eva udr\u017eitelnou architekturu?<\/b><\/p>\n<p>Hlin\u00edk je pln\u011b recyklovateln\u00fd a povrchov\u00e1 \u00faprava s d\u0159ev\u011bnou kresbou p\u0159edstavuje ekologickou alternativu d\u0159eva, kter\u00e1 sni\u017euje dopad na \u017eivotn\u00ed prost\u0159ed\u00ed a odles\u0148ov\u00e1n\u00ed.<br \/>\n<\/p><br \/><\/p>","protected":false},"featured_media":6572,"template":"","categories":[65],"class_list":["post-6573","product","type-product","status-publish","has-post-thumbnail","hentry","category-wooden-grained-aluminum-profile"],"meta_box":{"hilight_text_group":{"product_hilight_text":"<li>Wood grain finish combines natural aesthetics with durable aluminum strength<\/li>\r\r\n<li>Precision extrusion ensures consistent quality and dimensions<\/li>\r\r\n<li>Corrosion-resistant surface ideal for architectural applications<\/li>\r\r\n<li>Lightweight design reduces installation time and structural load<\/li>\r\r\n<li>Supports custom sizes, finishes, and bulk orders for large projects<\/li>","product_chanpin_blog":"<ul>\r\r\n<li><a href=\"https:\/\/sinoextrud.com\/t-slot-v-slot-differences\/\" target=\"_blank\">t slot vs v slot<\/a><\/li>\r\r\n<li><a href=\"https:\/\/sinoextrud.com\/what-is-4040-aluminium-extrud\/\" target=\"_blank\">4040 aluminium extrusion<\/a><\/li>\r\r\n<li><a href=\"https:\/\/sinoextrud.com\/what-is-4040-aluminium-extrud\/\" target=\"_blank\">aluminum extrusions for industrial racks<\/a><\/li>\r\r\n<li><a href=\"https:\/\/sinoextrud.com\/powder-coating-aluminium-process\/\" target=\"_blank\">powder coating aluminium<\/a><\/li>\r\r\n<li><a href=\"https:\/\/sinoextrud.com\/what-is-an-aluminium-strip-ceiling\/\" target=\"_blank\">aluminium strip ceiling<\/a><\/li>\r\r\n<li><a href=\"https:\/\/sinoextrud.com\/what-is-a-heat-sink\/\" target=\"_blank\">what is a heat sink<\/a><\/li>\r\r\n<\/ul>","product_chanpin_chanpin":"<li><a href=\"https:\/\/sinoextrud.com\/product\/commercial-handrail-systems\/\" target=\"_blank\">Commercial Handrail Systems<\/a><\/li>\r\n<li><a href=\"https:\/\/sinoextrud.com\/product\/extruded-aluminum-wood-grain-tube-profile\/\" target=\"_blank\">Extruded Aluminum Wood Grain Tube Profile<\/a><\/li>\r\n<li><a href=\"https:\/\/sinoextrud.com\/product\/wood-grain-aluminum-box-section\/\" target=\"_blank\">Wood Grain Aluminum Box Section<\/a><\/li>\r\n<li><a href=\"https:\/\/sinoextrud.com\/product\/wood-grain-false-ceiling-aluminium-profiles\/\" target=\"_blank\">Wood Grain False Ceiling Aluminium Profiles<\/a><\/li>\r\n<li><a href=\"https:\/\/sinoextrud.com\/product\/wood-grain-finish-extruded-architectural-use-aluminium-profile\/\" target=\"_blank\">Wood grain finish extruded architectural use aluminium profile<\/a><\/li>\r\n<li><a href=\"https:\/\/sinoextrud.com\/product\/wood-grain-aluminium-extrusion-profile-for-furnitures-decoration\/\" target=\"_blank\">Wood Grain Aluminium Extrusion Profile for Furnitures Decoration<\/a><\/li>\r\n<li><a href=\"https:\/\/sinoextrud.com\/product\/wood-grain-finish-aluminium-profiles\/\" target=\"_blank\">Wood Grain Finish Aluminium Profiles<\/a><\/li>\r\n<li><a href=\"https:\/\/sinoextrud.com\/product\/hot-selling-high-quality-powder-coating-wood-grain-single-sided-aluminum-plate\/\" target=\"_blank\">Hot Selling High-quality Powder Coating Wood Grain Single-sided Aluminum Plate<\/a><\/li>\r\n<li><a href=\"https:\/\/sinoextrud.com\/product\/anodized-extrusion-precise-round-square-aluminum-tube\/\" target=\"_blank\">Anodized Extrusion Precise Round Square Aluminum Tube<\/a><\/li>\r\n<li><a href=\"https:\/\/sinoextrud.com\/product\/sell-well-window-and-door-aluminium-profile\/\" target=\"_blank\">Sell Well Window And Door Aluminium Profile<\/a><\/li>\r\n<li><a href=\"https:\/\/sinoextrud.com\/product\/custom-aluminum-fluorocarbon-wood-grain-fence\/\" target=\"_blank\">Custom Aluminum Fluorocarbon Wood Grain Fence<\/a><\/li>"},"feature_list":[]},"_links":{"self":[{"href":"https:\/\/sinoextrud.com\/cs\/wp-json\/wp\/v2\/product\/6573","targetHints":{"allow":["GET"]}}],"collection":[{"href":"https:\/\/sinoextrud.com\/cs\/wp-json\/wp\/v2\/product"}],"about":[{"href":"https:\/\/sinoextrud.com\/cs\/wp-json\/wp\/v2\/types\/product"}],"wp:featuredmedia":[{"embeddable":true,"href":"https:\/\/sinoextrud.com\/cs\/wp-json\/wp\/v2\/media\/6572"}],"wp:attachment":[{"href":"https:\/\/sinoextrud.com\/cs\/wp-json\/wp\/v2\/media?parent=6573"}],"wp:term":[{"taxonomy":"category","embeddable":true,"href":"https:\/\/sinoextrud.com\/cs\/wp-json\/wp\/v2\/categories?post=6573"}],"curies":[{"name":"wp","href":"https:\/\/api.w.org\/{rel}","templated":true}]}}