{"id":6565,"date":"2025-05-29T09:00:57","date_gmt":"2025-05-29T09:00:57","guid":{"rendered":"https:\/\/sinoextrud.com\/product\/commercial-handrail-systems\/"},"modified":"2025-06-24T06:11:10","modified_gmt":"2025-06-24T06:11:10","slug":"komercni-systemy-zabradli","status":"publish","type":"product","link":"https:\/\/sinoextrud.com\/cs\/product\/commercial-handrail-systems\/","title":{"rendered":"Komer\u010dn\u00ed syst\u00e9my z\u00e1bradl\u00ed"},"content":{"rendered":"<h2>Podrobnosti o produktech<\/h2>\n<table class=\"custom-table\">\n<tr>\n<td class=\"label\">Pou\u017eit\u00ed:<\/td>\n<td>komer\u010dn\u00ed syst\u00e9my z\u00e1bradl\u00ed<\/td>\n<\/tr>\n<tr>\n<td class=\"label\">T\u0159\u00edda:<\/td>\n<td>\u0158ada 6000<\/td>\n<\/tr>\n<tr>\n<td class=\"label\">Technika:<\/td>\n<td>Extrudovan\u00e9 hlin\u00edkov\u00e9 profily a CNC zpracov\u00e1n\u00ed<\/td>\n<\/tr>\n<tr>\n<td class=\"label\">M\u00edrnost:<\/td>\n<td>T3 - T8<\/td>\n<\/tr>\n<tr>\n<td class=\"label\">Velikosti:<\/td>\n<td>80*33,2MM<\/td>\n<\/tr>\n<tr>\n<td class=\"label\">Obr\u00e1b\u011bc\u00ed slu\u017eby:<\/td>\n<td>Vrt\u00e1n\u00ed, z\u00e1vitov\u00e1n\u00ed, n\u00fdtov\u00e1n\u00ed, mont\u00e1\u017e atd.<\/td>\n<\/tr>\n<tr>\n<td class=\"label\">Ochrann\u00e1 zn\u00e1mka:<\/td>\n<td>Sinoextrud<\/td>\n<\/tr>\n<tr>\n<td class=\"label\">P\u016fvod:<\/td>\n<td>Guangdong<\/td>\n<\/tr>\n<tr>\n<td class=\"label\">Typ:<\/td>\n<td>Hlin\u00edkov\u00e9 profily pro balkon, slune\u010dn\u00ed pokoj, horn\u00ed patro vily, dekorace p\u0159\u00ed\u010dek<\/td>\n<\/tr>\n<tr>\n<td class=\"label\">Tvar:<\/td>\n<td>Vyrobeno podle n\u00e1vrhu klienta<\/td>\n<\/tr>\n<tr>\n<td class=\"label\">Povrchov\u00e1 \u00faprava:<\/td>\n<td>d\u0159ev\u011bn\u00e1 zrnitost<\/td>\n<\/tr>\n<tr>\n<td class=\"label\">Certifikace:<\/td>\n<td>ISO, RoHS<\/td>\n<\/tr>\n<tr>\n<td class=\"label\">D\u00e9lka:<\/td>\n<td>M\u016f\u017ee \u0159ezat podle specifick\u00fdch pot\u0159eb<\/td>\n<\/tr>\n<tr>\n<td class=\"label\">Barvy:<\/td>\n<td>d\u0159ev\u011bn\u00e9, hn\u011bd\u00e9, zlato\u017elut\u00e9<\/td>\n<\/tr>\n<tr>\n<td class=\"label\">Specifikace:<\/td>\n<td>16,8*15,1 mm<\/td>\n<\/tr>\n<tr>\n<td class=\"label\">K\u00f3d HS:<\/td>\n<td>76042990<\/td>\n<\/tr>\n<\/table>\n<h2>Na\u0161e v\u00fdrobn\u00ed z\u00e1kladna<\/h2>\n<h3>Panorama tov\u00e1rny<\/h3>\n<p><img decoding=\"async\" src=\"\/wp-content\/uploads\/factory-01.webp\"\/><\/p>\n<h3>D\u00edlna na v\u00fdrobu hlin\u00edkov\u00fdch ty\u010d\u00ed<\/h3>\n<p><img decoding=\"async\" src=\"\/wp-content\/uploads\/factory-02.webp\"\/><\/p>\n<p><img decoding=\"async\" src=\"\/wp-content\/uploads\/factory-03.webp\"\/><\/p>\n<h3>Sklad pl\u00edsn\u00ed<\/h3>\n<p><img decoding=\"async\" src=\"\/wp-content\/uploads\/factory-04.webp\"\/><\/p>\n<h3>43 linek na vytla\u010dov\u00e1n\u00ed hlin\u00edku (500 - 5500 tun)<\/h3>\n<p><img decoding=\"async\" src=\"\/wp-content\/uploads\/factory-05.webp\"\/><\/p>\n<p><img decoding=\"async\" src=\"\/wp-content\/uploads\/factory-06.webp\"\/><\/p>\n<p><img decoding=\"async\" src=\"\/wp-content\/uploads\/factory-07.webp\"\/><\/p>\n<h3>D\u00edlna pr\u00e1\u0161kov\u00e9ho lakov\u00e1n\u00ed<\/h3>\n<p><img decoding=\"async\" src=\"\/wp-content\/uploads\/factory-09.webp\"\/><\/p>\n<h3>D\u00edlna eloxov\u00e1n\u00ed<\/h3>\n<p><img decoding=\"async\" src=\"\/wp-content\/uploads\/factory-10.webp\"\/><\/p>\n<h3>Workshop o hloubkov\u00e9m zpracov\u00e1n\u00ed<\/h3>\n<p><img decoding=\"async\" src=\"\/wp-content\/uploads\/factory-11.webp\"\/><\/p>\n<h3>D\u00edlna CNC p\u0159esn\u00e9ho obr\u00e1b\u011bn\u00ed<\/h3>\n<p><img decoding=\"async\" src=\"\/wp-content\/uploads\/factory-11.5.webp\"\/><\/p>\n<h3>Sklad hotov\u00fdch v\u00fdrobk\u016f a exportn\u00ed sklad<\/h3>\n<p><img decoding=\"async\" src=\"\/wp-content\/uploads\/factory-12.webp\"\/><\/p>\n<p><img decoding=\"async\" src=\"\/wp-content\/uploads\/factory-13.webp\"\/><\/p>\n<p><img decoding=\"async\" src=\"\/wp-content\/uploads\/factory-14.webp\"\/><\/p>\n<h2>\u010cASTO KLADEN\u00c9 DOTAZY<\/h2>\n<p><p><b>1.Co jsou komer\u010dn\u00ed syst\u00e9my z\u00e1bradl\u00ed?<\/b><\/p>\n<p>Syst\u00e9my komer\u010dn\u00edho z\u00e1bradl\u00ed jsou bezpe\u010dnostn\u00ed z\u00e1bradl\u00ed ur\u010den\u00e1 pro ve\u0159ejn\u00e9 a komer\u010dn\u00ed prostory, kter\u00e1 poskytuj\u00ed oporu, bezpe\u010dnost a soulad se stavebn\u00edmi p\u0159edpisy.<br \/>\n<\/p><br \/>\n<br \/>\n<p><b>2.Jak\u00e9 jsou hlavn\u00ed v\u00fdhody komer\u010dn\u00edch syst\u00e9m\u016f z\u00e1bradl\u00ed?<\/b><\/p>\n<p>Nab\u00edzej\u00ed trvanlivost, pevnost, estetickou v\u0161estrannost, odolnost proti korozi a snadnou instalaci pro zv\u00fd\u0161en\u00ed bezpe\u010dnosti a designu v komer\u010dn\u00edm prost\u0159ed\u00ed.<br \/>\n<\/p><br \/>\n<br \/>\n<p><b>3.Pro\u010d si vybrat komer\u010dn\u00ed z\u00e1bradl\u00ed pro ve\u0159ejn\u00e9 prostory?<\/b><\/p>\n<p>Tyto syst\u00e9my spl\u0148uj\u00ed p\u0159\u00edsn\u00e9 bezpe\u010dnostn\u00ed normy, poskytuj\u00ed spolehlivou podporu a lze je p\u0159izp\u016fsobit tak, aby dopl\u0148ovaly architektonick\u00e9 styly a materi\u00e1ly.<br \/>\n<\/p><br \/>\n<br \/>\n<p><b>4.Lze komer\u010dn\u00ed syst\u00e9my z\u00e1bradl\u00ed p\u0159izp\u016fsobit?<\/b><\/p>\n<p>Ano, jejich materi\u00e1l, povrchovou \u00fapravu, v\u00fd\u0161ku, d\u00e9lku a design lze p\u0159izp\u016fsobit konkr\u00e9tn\u00edm po\u017eadavk\u016fm stavby a estetick\u00fdm preferenc\u00edm.<br \/>\n<\/p><br \/>\n<br \/>\n<p><b>5.Jak\u00e9 materi\u00e1ly se b\u011b\u017en\u011b pou\u017e\u00edvaj\u00ed v komer\u010dn\u00edch syst\u00e9mech z\u00e1bradl\u00ed?<\/b><\/p>\n<p>Mezi materi\u00e1ly pat\u0159\u00ed nerezov\u00e1 ocel, hlin\u00edk, sklo a d\u0159evo, p\u0159i\u010dem\u017e ka\u017ed\u00fd z nich nab\u00edz\u00ed jedine\u010dn\u00e9 v\u00fdhody, jako je pevnost, odolnost proti korozi a vizu\u00e1ln\u00ed p\u0159ita\u017elivost.<br \/>\n<\/p><br \/>\n<br \/>\n<p><b>6.Jsou komer\u010dn\u00ed syst\u00e9my z\u00e1bradl\u00ed vhodn\u00e9 pro vnit\u0159n\u00ed i venkovn\u00ed pou\u017eit\u00ed?<\/b><\/p>\n<p>Ano, mnoho syst\u00e9m\u016f je navr\u017eeno tak, aby odolaly pov\u011btrnostn\u00edm vliv\u016fm a n\u00e1ro\u010dn\u00e9mu pou\u017e\u00edv\u00e1n\u00ed v r\u016fzn\u00fdch prost\u0159ed\u00edch.<br \/>\n<\/p><br \/>\n<br \/>\n<p><b>7.Jak komer\u010dn\u00ed z\u00e1bradl\u00ed zvy\u0161uj\u00ed bezpe\u010dnost budov?<\/b><\/p>\n<p>Poskytuj\u00ed pevnou oporu a ochranu proti p\u00e1du, \u010d\u00edm\u017e pom\u00e1haj\u00ed p\u0159edch\u00e1zet nehod\u00e1m a zaji\u0161\u0165uj\u00ed soulad s p\u0159edpisy o p\u0159\u00edstupnosti.<br \/>\n<\/p><br \/>\n<br \/>\n<p><b>8.Ve kter\u00fdch odv\u011btv\u00edch se b\u011b\u017en\u011b pou\u017e\u00edvaj\u00ed komer\u010dn\u00ed syst\u00e9my z\u00e1bradl\u00ed?<\/b><\/p>\n<p>Komer\u010dn\u00ed budovy, nemocnice, \u0161koly, leti\u0161t\u011b, n\u00e1kupn\u00ed centra a ve\u0159ejn\u00e9 dopravn\u00ed uzly \u010dasto instaluj\u00ed tyto syst\u00e9my kv\u016fli bezpe\u010dnosti a funk\u010dnosti.<br \/>\n<\/p><br \/>\n<br \/>\n<p><b>9.Jak komer\u010dn\u00ed syst\u00e9my z\u00e1bradl\u00ed podporuj\u00ed udr\u017eiteln\u00e9 stavebn\u00ed postupy?<\/b><\/p>\n<p>Mnoho syst\u00e9m\u016f vyu\u017e\u00edv\u00e1 recyklovateln\u00e9 materi\u00e1ly a odoln\u00e9 povrchov\u00e9 \u00fapravy, kter\u00e9 sni\u017euj\u00ed \u010detnost \u00fadr\u017eby a v\u00fdm\u011bny a podporuj\u00ed ekologickou v\u00fdstavbu.<br \/>\n<\/p><br \/><\/p>","protected":false},"featured_media":6564,"template":"","categories":[65],"class_list":["post-6565","product","type-product","status-publish","has-post-thumbnail","hentry","category-wooden-grained-aluminum-profile"],"meta_box":{"hilight_text_group":{"product_hilight_text":"<li>Robust design ensures safety and durability in commercial environments<\/li>\r\r\n<li>Made from high-quality materials with corrosion-resistant finishes<\/li>\r\r\n<li>Customizable sizes and styles to fit diverse architectural requirements<\/li>\r\r\n<li>Easy to install with modular components for efficient assembly<\/li>\r\r\n<li>Compliant with industry safety standards and building codes<\/li>","product_chanpin_blog":"<ul>\r\r\n<li><a href=\"https:\/\/sinoextrud.com\/t-slot-v-slot-differences\/\" target=\"_blank\">t slot vs v slot<\/a><\/li>\r\r\n<li><a href=\"https:\/\/sinoextrud.com\/what-is-4040-aluminium-extrud\/\" target=\"_blank\">4040 aluminium extrusion<\/a><\/li>\r\r\n<li><a href=\"https:\/\/sinoextrud.com\/what-is-4040-aluminium-extrud\/\" target=\"_blank\">aluminum extrusions for industrial racks<\/a><\/li>\r\r\n<li><a href=\"https:\/\/sinoextrud.com\/powder-coating-aluminium-process\/\" target=\"_blank\">powder coating aluminium<\/a><\/li>\r\r\n<li><a href=\"https:\/\/sinoextrud.com\/what-is-an-aluminium-strip-ceiling\/\" target=\"_blank\">aluminium strip ceiling<\/a><\/li>\r\r\n<li><a href=\"https:\/\/sinoextrud.com\/what-is-a-heat-sink\/\" target=\"_blank\">what is a heat sink<\/a><\/li>\r\r\n<\/ul>","product_chanpin_chanpin":"<li><a href=\"https:\/\/sinoextrud.com\/product\/wood-look-aluminium-cladding\/\" target=\"_blank\">Wood Look Aluminium Cladding<\/a><\/li>\r\n<li><a href=\"https:\/\/sinoextrud.com\/product\/wood-look-aluminium-battens\/\" target=\"_blank\">Wood Look Aluminium Battens<\/a><\/li>\r\n<li><a href=\"https:\/\/sinoextrud.com\/product\/wood-finish-aluminum-tube\/\" target=\"_blank\">Wood Finish Aluminum Tube<\/a><\/li>\r\n<li><a href=\"https:\/\/sinoextrud.com\/product\/3d-wood-grain-aluminium-battens\/\" target=\"_blank\">3D Wood Grain Aluminium Battens<\/a><\/li>\r\n<li><a href=\"https:\/\/sinoextrud.com\/product\/commercial-handrail-systems\/\" target=\"_blank\">Commercial Handrail Systems<\/a><\/li>\r\n<li><a href=\"https:\/\/sinoextrud.com\/product\/extruded-aluminum-wood-grain-tube-profile\/\" target=\"_blank\">Extruded Aluminum Wood Grain Tube Profile<\/a><\/li>\r\n<li><a href=\"https:\/\/sinoextrud.com\/product\/wood-grain-aluminum-box-section\/\" target=\"_blank\">Wood Grain Aluminum Box Section<\/a><\/li>\r\n<li><a href=\"https:\/\/sinoextrud.com\/product\/wood-grain-false-ceiling-aluminium-profiles\/\" target=\"_blank\">Wood Grain False Ceiling Aluminium Profiles<\/a><\/li>\r\n<li><a href=\"https:\/\/sinoextrud.com\/product\/wood-grain-finish-extruded-architectural-use-aluminium-profile\/\" target=\"_blank\">Wood grain finish extruded architectural use aluminium profile<\/a><\/li>\r\n<li><a href=\"https:\/\/sinoextrud.com\/product\/aluminum-extrud-7003-aluminum-pipe\/\" target=\"_blank\">Aluminum Extrusion 7003 Aluminum Pipe<\/a><\/li>\r\n<li><a href=\"https:\/\/sinoextrud.com\/product\/alu-squ-tube-in-wood-grain-painting\/\" target=\"_blank\">Alu squ tube In Wood Grain Painting<\/a><\/li>"},"feature_list":[]},"_links":{"self":[{"href":"https:\/\/sinoextrud.com\/cs\/wp-json\/wp\/v2\/product\/6565","targetHints":{"allow":["GET"]}}],"collection":[{"href":"https:\/\/sinoextrud.com\/cs\/wp-json\/wp\/v2\/product"}],"about":[{"href":"https:\/\/sinoextrud.com\/cs\/wp-json\/wp\/v2\/types\/product"}],"wp:featuredmedia":[{"embeddable":true,"href":"https:\/\/sinoextrud.com\/cs\/wp-json\/wp\/v2\/media\/6564"}],"wp:attachment":[{"href":"https:\/\/sinoextrud.com\/cs\/wp-json\/wp\/v2\/media?parent=6565"}],"wp:term":[{"taxonomy":"category","embeddable":true,"href":"https:\/\/sinoextrud.com\/cs\/wp-json\/wp\/v2\/categories?post=6565"}],"curies":[{"name":"wp","href":"https:\/\/api.w.org\/{rel}","templated":true}]}}