{"id":6559,"date":"2025-05-29T08:51:23","date_gmt":"2025-05-29T08:51:23","guid":{"rendered":"https:\/\/sinoextrud.com\/product\/wood-look-aluminium-battens\/"},"modified":"2025-06-24T06:11:09","modified_gmt":"2025-06-24T06:11:09","slug":"hlinikove-late-vzhledu-dreva","status":"publish","type":"product","link":"https:\/\/sinoextrud.com\/cs\/product\/wood-look-aluminium-battens\/","title":{"rendered":"Hlin\u00edkov\u00e9 lat\u011b vzhledu d\u0159eva"},"content":{"rendered":"<h2>Podrobnosti o produktech<\/h2>\n<table class=\"custom-table\">\n<tr>\n<td class=\"label\">N\u00e1zev<\/td>\n<td>Hlin\u00edkov\u00e9 lat\u011b vzhledu d\u0159eva<\/td>\n<\/tr>\n<tr>\n<td class=\"label\">Materi\u00e1l<\/td>\n<td>slitina hlin\u00edku<\/td>\n<\/tr>\n<tr>\n<td class=\"label\">Povrchov\u00e1 \u00faprava a z\u00e1ruka<\/td>\n<td>b\u011b\u017en\u00fd n\u00e1st\u0159ik d\u0159eva (10 let), speci\u00e1ln\u00ed n\u00e1st\u0159ik d\u0159eva AKSU (15 let).<\/td>\n<\/tr>\n<tr>\n<td class=\"label\">\u0160\u00ed\u0159ka<\/td>\n<td>obvykle 2 palce (cca 5 cm), 3 palce (cca 7,6 cm) nebo 4 palce (cca 10 cm). p\u0159ij\u00edm\u00e1me zak\u00e1zky na m\u00edru.<\/td>\n<\/tr>\n<tr>\n<td class=\"label\">D\u00e9lka<\/td>\n<td>obvykle 10 stop (p\u0159ibli\u017en\u011b 3 metry) nebo 12 stop (p\u0159ibli\u017en\u011b 3,6 metru). p\u0159ij\u00edm\u00e1me zak\u00e1zkov\u00e9 objedn\u00e1vky.<\/td>\n<\/tr>\n<tr>\n<td class=\"label\">Tlou\u0161\u0165ka<\/td>\n<td>obvykle 0,02 palce (asi 0,5 mm) a\u017e 0,08 palce (asi 2 mm). p\u0159ij\u00edm\u00e1me zak\u00e1zky na m\u00edru.<\/td>\n<\/tr>\n<tr>\n<td class=\"label\">Barva<\/td>\n<td>p\u0159\u00edrodn\u00ed, \u010dist\u00e1, realistick\u00e1 imitace d\u0159eva, jako je vzhled d\u0159eva, mahagonu, t\u0159e\u0161n\u011b, o\u0159echu atd.<\/td>\n<\/tr>\n<tr>\n<td class=\"label\">Zp\u016fsob instalace<\/td>\n<td>Mezi b\u011b\u017en\u00e9 zp\u016fsoby instalace pat\u0159\u00ed \u0161rouby, h\u00e1\u010dky atd.<\/td>\n<\/tr>\n<\/table>\n<h2>Na\u0161e v\u00fdrobn\u00ed z\u00e1kladna<\/h2>\n<h3>Panorama tov\u00e1rny<\/h3>\n<p><img decoding=\"async\" src=\"\/wp-content\/uploads\/factory-01.webp\"\/><\/p>\n<h3>D\u00edlna na v\u00fdrobu hlin\u00edkov\u00fdch ty\u010d\u00ed<\/h3>\n<p><img decoding=\"async\" src=\"\/wp-content\/uploads\/factory-02.webp\"\/><\/p>\n<p><img decoding=\"async\" src=\"\/wp-content\/uploads\/factory-03.webp\"\/><\/p>\n<h3>Sklad pl\u00edsn\u00ed<\/h3>\n<p><img decoding=\"async\" src=\"\/wp-content\/uploads\/factory-04.webp\"\/><\/p>\n<h3>43 linek na vytla\u010dov\u00e1n\u00ed hlin\u00edku (500-5500 tun)<\/h3>\n<p><img decoding=\"async\" src=\"\/wp-content\/uploads\/factory-05.webp\"\/><\/p>\n<p><img decoding=\"async\" src=\"\/wp-content\/uploads\/factory-06.webp\"\/><\/p>\n<p><img decoding=\"async\" src=\"\/wp-content\/uploads\/factory-07.webp\"\/><\/p>\n<h3>D\u00edlna pr\u00e1\u0161kov\u00e9ho lakov\u00e1n\u00ed<\/h3>\n<p><img decoding=\"async\" src=\"\/wp-content\/uploads\/factory-09.webp\"\/><\/p>\n<h3>D\u00edlna eloxov\u00e1n\u00ed<\/h3>\n<p><img decoding=\"async\" src=\"\/wp-content\/uploads\/factory-10.webp\"\/><\/p>\n<h3>Workshop o hloubkov\u00e9m zpracov\u00e1n\u00ed<\/h3>\n<p><img decoding=\"async\" src=\"\/wp-content\/uploads\/factory-11.webp\"\/><\/p>\n<h3>D\u00edlna CNC p\u0159esn\u00e9ho obr\u00e1b\u011bn\u00ed<\/h3>\n<p><img decoding=\"async\" src=\"\/wp-content\/uploads\/factory-11.5.webp\"\/><\/p>\n<h3>Sklad hotov\u00fdch v\u00fdrobk\u016f a exportn\u00ed sklad<\/h3>\n<p><img decoding=\"async\" src=\"\/wp-content\/uploads\/factory-12.webp\"\/><\/p>\n<p><img decoding=\"async\" src=\"\/wp-content\/uploads\/factory-13.webp\"\/><\/p>\n<p><img decoding=\"async\" src=\"\/wp-content\/uploads\/factory-14.webp\"\/><\/p>\n<h2>\u010cASTO KLADEN\u00c9 DOTAZY<\/h2>\n<p><p><b>1.Co jsou hlin\u00edkov\u00e9 lat\u011b vzhledu d\u0159eva?<\/b><\/p>\n<p>Hlin\u00edkov\u00e9 li\u0161ty se vzhledem d\u0159eva jsou hlin\u00edkov\u00e9 li\u0161ty s povrchovou \u00fapravou imituj\u00edc\u00ed p\u0159irozenou kresbu d\u0159eva, kter\u00e9 se pou\u017e\u00edvaj\u00ed pro dekorativn\u00ed obklady a architektonick\u00e9 detaily.<br \/>\n<\/p><br \/>\n<br \/>\n<p><b>2.Jak\u00e9 jsou hlavn\u00ed v\u00fdhody hlin\u00edkov\u00fdch lat\u00ed se vzhledem d\u0159eva?<\/b><\/p>\n<p>Poskytuj\u00ed vynikaj\u00edc\u00ed odolnost proti korozi, lehkou pevnost, nen\u00e1ro\u010dnou \u00fadr\u017ebu a realistick\u00fd vzhled d\u0159eva vhodn\u00fd pro vnit\u0159n\u00ed i venkovn\u00ed pou\u017eit\u00ed.<br \/>\n<\/p><br \/>\n<br \/>\n<p><b>3.Pro\u010d zvolit hlin\u00edkov\u00e9 lat\u011b se vzhledem d\u0159eva m\u00edsto prav\u00e9ho d\u0159eva?<\/b><\/p>\n<p>Hlin\u00edkov\u00e9 lat\u011b jsou odoln\u00e9 proti hnilob\u011b, hmyzu, kroucen\u00ed a po\u0161kozen\u00ed pov\u011btrnostn\u00edmi vlivy, maj\u00ed del\u0161\u00ed \u017eivotnost a ni\u017e\u0161\u00ed n\u00e1roky na \u00fadr\u017ebu p\u0159i zachov\u00e1n\u00ed p\u0159irozen\u00e9ho vzhledu d\u0159eva.<br \/>\n<\/p><br \/>\n<br \/>\n<p><b>4.Lze hlin\u00edkov\u00e9 lat\u011b vzhledu d\u0159eva upravit na m\u00edru?<\/b><\/p>\n<p>Ano, jejich velikost, barvu, strukturu d\u0159eva, povrchovou \u00fapravu a d\u00e9lku lze p\u0159izp\u016fsobit specifick\u00fdm po\u017eadavk\u016fm na design a architekturu.<br \/>\n<\/p><br \/>\n<br \/>\n<p><b>5.Jak vzhled d\u0159eva vylep\u0161uje hlin\u00edkov\u00e9 lat\u011b?<\/b><\/p>\n<p>Povrchov\u00e1 \u00faprava zaji\u0161\u0165uje autentick\u00fd estetick\u00fd vzhled d\u0159eva p\u0159i zachov\u00e1n\u00ed trvanlivosti hlin\u00edku, odolnosti v\u016f\u010di pov\u011btrnostn\u00edm vliv\u016fm a snadn\u00e9ho \u010di\u0161t\u011bn\u00ed.<br \/>\n<\/p><br \/>\n<br \/>\n<p><b>6.Jsou hlin\u00edkov\u00e9 lat\u011b se vzhledem d\u0159eva vhodn\u00e9 pro venkovn\u00ed pou\u017eit\u00ed?<\/b><\/p>\n<p>Ano, jsou navr\u017eeny tak, aby odol\u00e1valy UV z\u00e1\u0159en\u00ed, vlhkosti a teplotn\u00edm v\u00fdkyv\u016fm, tak\u017ee jsou ide\u00e1ln\u00ed pro vn\u011bj\u0161\u00ed obklady a st\u00edn\u011bn\u00ed.<br \/>\n<\/p><br \/>\n<br \/>\n<p><b>7.Ve kter\u00fdch pr\u016fmyslov\u00fdch odv\u011btv\u00edch se b\u011b\u017en\u011b pou\u017e\u00edvaj\u00ed hlin\u00edkov\u00e9 lat\u011b se vzhledem d\u0159eva?<\/b><\/p>\n<p>Stavebn\u00ed, krajin\u00e1\u0159sk\u00e9, interi\u00e9rov\u00e9 a architektonick\u00e9 firmy pou\u017e\u00edvaj\u00ed tyto lat\u011b pro jejich kombinaci kr\u00e1sy a v\u00fdkonu.<br \/>\n<\/p><br \/>\n<br \/>\n<p><b>8.Jak podporuj\u00ed hlin\u00edkov\u00e9 lat\u011b vzhledu d\u0159eva udr\u017eiteln\u00fd design?<\/b><\/p>\n<p>Hlin\u00edk je pln\u011b recyklovateln\u00fd a povrchov\u00e1 \u00faprava ve vzhledu d\u0159eva p\u0159edstavuje ekologickou alternativu d\u0159eva, kter\u00e1 sni\u017euje dopad na \u017eivotn\u00ed prost\u0159ed\u00ed a odles\u0148ov\u00e1n\u00ed.<br \/>\n<\/p><br \/><\/p>","protected":false},"featured_media":6558,"template":"","categories":[65],"class_list":["post-6559","product","type-product","status-publish","has-post-thumbnail","hentry","category-wooden-grained-aluminum-profile"],"meta_box":{"hilight_text_group":{"product_hilight_text":"<li>Wood look finish offers natural aesthetic with durable aluminum strength<\/li>\r\r\n<li>Resistant to weather, rot, insects, and requires minimal maintenance<\/li>\r\r\n<li>Lightweight design facilitates easy handling and installation<\/li>\r\r\n<li>Ideal for architectural and decorative applications in indoor and outdoor spaces<\/li>\r\r\n<li>Custom sizes and finishes available to suit project requirements<\/li>","product_chanpin_blog":"<ul>\r\r\n<li><a href=\"https:\/\/sinoextrud.com\/t-slot-v-slot-differences\/\" target=\"_blank\">t slot vs v slot<\/a><\/li>\r\r\n<li><a href=\"https:\/\/sinoextrud.com\/what-is-4040-aluminium-extrud\/\" target=\"_blank\">4040 aluminium extrusion<\/a><\/li>\r\r\n<li><a href=\"https:\/\/sinoextrud.com\/what-is-4040-aluminium-extrud\/\" target=\"_blank\">aluminum extrusions for industrial racks<\/a><\/li>\r\r\n<li><a href=\"https:\/\/sinoextrud.com\/powder-coating-aluminium-process\/\" target=\"_blank\">powder coating aluminium<\/a><\/li>\r\r\n<li><a href=\"https:\/\/sinoextrud.com\/what-is-an-aluminium-strip-ceiling\/\" target=\"_blank\">aluminium strip ceiling<\/a><\/li>\r\r\n<li><a href=\"https:\/\/sinoextrud.com\/what-is-a-heat-sink\/\" target=\"_blank\">what is a heat sink<\/a><\/li>\r\r\n<\/ul>","product_chanpin_chanpin":"<li><a href=\"https:\/\/sinoextrud.com\/product\/wood-look-aluminum-soffit\/\" target=\"_blank\">Wood Look Aluminum Soffit<\/a><\/li>\r\n<li><a href=\"https:\/\/sinoextrud.com\/product\/wood-look-aluminium-slats\/\" target=\"_blank\">Wood Look Aluminium Slats<\/a><\/li>\r\n<li><a href=\"https:\/\/sinoextrud.com\/product\/natural-wood-grain-aluminium-square-tube\/\" target=\"_blank\">Natural Wood Grain Aluminium Square Tube<\/a><\/li>\r\n<li><a href=\"https:\/\/sinoextrud.com\/product\/wood-look-aluminium-cladding\/\" target=\"_blank\">Wood Look Aluminium Cladding<\/a><\/li>\r\n<li><a href=\"https:\/\/sinoextrud.com\/product\/wood-look-aluminium-battens\/\" target=\"_blank\">Wood Look Aluminium Battens<\/a><\/li>\r\n<li><a href=\"https:\/\/sinoextrud.com\/product\/wood-finish-aluminum-tube\/\" target=\"_blank\">Wood Finish Aluminum Tube<\/a><\/li>\r\n<li><a href=\"https:\/\/sinoextrud.com\/product\/3d-wood-grain-aluminium-battens\/\" target=\"_blank\">3D Wood Grain Aluminium Battens<\/a><\/li>\r\n<li><a href=\"https:\/\/sinoextrud.com\/product\/commercial-handrail-systems\/\" target=\"_blank\">Commercial Handrail Systems<\/a><\/li>\r\n<li><a href=\"https:\/\/sinoextrud.com\/product\/extruded-aluminum-wood-grain-tube-profile\/\" target=\"_blank\">Extruded Aluminum Wood Grain Tube Profile<\/a><\/li>\r\n<li><a href=\"https:\/\/sinoextrud.com\/product\/extruded-aluminum-tubing-shapes-supplier\/\" target=\"_blank\">Extruded Aluminum Tubing Shapes Supplier<\/a><\/li>\r\n<li><a href=\"https:\/\/sinoextrud.com\/product\/40x40-aluminium-extrusion\/\" target=\"_blank\">40\u00c3\u201440 Aluminium Extrusion<\/a><\/li>"},"feature_list":[]},"_links":{"self":[{"href":"https:\/\/sinoextrud.com\/cs\/wp-json\/wp\/v2\/product\/6559","targetHints":{"allow":["GET"]}}],"collection":[{"href":"https:\/\/sinoextrud.com\/cs\/wp-json\/wp\/v2\/product"}],"about":[{"href":"https:\/\/sinoextrud.com\/cs\/wp-json\/wp\/v2\/types\/product"}],"wp:featuredmedia":[{"embeddable":true,"href":"https:\/\/sinoextrud.com\/cs\/wp-json\/wp\/v2\/media\/6558"}],"wp:attachment":[{"href":"https:\/\/sinoextrud.com\/cs\/wp-json\/wp\/v2\/media?parent=6559"}],"wp:term":[{"taxonomy":"category","embeddable":true,"href":"https:\/\/sinoextrud.com\/cs\/wp-json\/wp\/v2\/categories?post=6559"}],"curies":[{"name":"wp","href":"https:\/\/api.w.org\/{rel}","templated":true}]}}