{"id":6553,"date":"2025-05-29T08:12:31","date_gmt":"2025-05-29T08:12:31","guid":{"rendered":"https:\/\/sinoextrud.com\/product\/wood-look-aluminium-slats\/"},"modified":"2025-06-24T06:11:09","modified_gmt":"2025-06-24T06:11:09","slug":"hlinikove-lamely-vzhledu-dreva","status":"publish","type":"product","link":"https:\/\/sinoextrud.com\/cs\/product\/wood-look-aluminium-slats\/","title":{"rendered":"Hlin\u00edkov\u00e9 lamely vzhledu d\u0159eva"},"content":{"rendered":"<h2>Podrobnosti o produktech<\/h2>\n<table class=\"custom-table\">\n<tr>\n<td class=\"label\">Materi\u00e1l<\/td>\n<td>vysoce kvalitn\u00ed hlin\u00edkov\u00e1 slitina<\/td>\n<\/tr>\n<tr>\n<td class=\"label\">Povrchov\u00e1 \u00faprava a z\u00e1ruka<\/td>\n<td>b\u011b\u017en\u00fd n\u00e1st\u0159ik d\u0159eva (10 let), speci\u00e1ln\u00ed n\u00e1st\u0159ik d\u0159eva AKSU (15 let).<\/td>\n<\/tr>\n<tr>\n<td class=\"label\">Velikost<\/td>\n<td>obecn\u00e1 \u0161\u00ed\u0159ka je 2 palce (asi 5 cm) nebo 2,5 palce (asi 6,3 cm). D\u00e9lku p\u0159izp\u016fsobte podle aktu\u00e1ln\u00edch pot\u0159eb. P\u0159ij\u00edm\u00e1me zak\u00e1zkov\u00e9 objedn\u00e1vky.<\/td>\n<\/tr>\n<tr>\n<td class=\"label\">Tlou\u0161\u0165ka<\/td>\n<td>obvykle 0,008 palce (asi 0,2 mm) a\u017e 0,02 palce (asi 0,5 mm). P\u0159ij\u00edm\u00e1me zak\u00e1zkov\u00e9 objedn\u00e1vky.<\/td>\n<\/tr>\n<tr>\n<td class=\"label\">Barva<\/td>\n<td>p\u0159\u00edrodn\u00ed, \u010dist\u00e1, realistick\u00e1 imitace d\u0159eva, jako je vzhled d\u0159eva, mahagonu, t\u0159e\u0161n\u011b, o\u0159echu atd.<\/td>\n<\/tr>\n<tr>\n<td class=\"label\">Metoda otev\u00edr\u00e1n\u00ed a uzav\u00edr\u00e1n\u00ed<\/td>\n<td>ru\u010dn\u00ed ovl\u00e1d\u00e1n\u00ed nebo elektrick\u00e9 ovl\u00e1d\u00e1n\u00ed<\/td>\n<\/tr>\n<tr>\n<td class=\"label\">Funkce<\/td>\n<td>Odolnost v\u016f\u010di chemick\u00e9 korozi. Odolnost v\u016f\u010di fyzik\u00e1ln\u00edmu po\u0161kr\u00e1b\u00e1n\u00ed. Odolnost proti hmyzu. Vodot\u011bsnost. Snadno se \u010dist\u00ed. Snadno nevybledne. Nen\u00ed t\u0159eba pravideln\u011b nat\u00edrat.<\/td>\n<\/tr>\n<\/table>\n<h2>Na\u0161e v\u00fdrobn\u00ed z\u00e1kladna<\/h2>\n<h3>Panorama tov\u00e1rny<\/h3>\n<p><img decoding=\"async\" src=\"\/wp-content\/uploads\/factory-01.webp\"\/><\/p>\n<h3>D\u00edlna na v\u00fdrobu hlin\u00edkov\u00fdch ty\u010d\u00ed<\/h3>\n<p><img decoding=\"async\" src=\"\/wp-content\/uploads\/factory-02.webp\"\/><\/p>\n<p><img decoding=\"async\" src=\"\/wp-content\/uploads\/factory-03.webp\"\/><\/p>\n<h3>Sklad pl\u00edsn\u00ed<\/h3>\n<p><img decoding=\"async\" src=\"\/wp-content\/uploads\/factory-04.webp\"\/><\/p>\n<h3>43 linek na vytla\u010dov\u00e1n\u00ed hlin\u00edku (500-5500 tun)<\/h3>\n<p><img decoding=\"async\" src=\"\/wp-content\/uploads\/factory-05.webp\"\/><\/p>\n<p><img decoding=\"async\" src=\"\/wp-content\/uploads\/factory-06.webp\"\/><\/p>\n<p><img decoding=\"async\" src=\"\/wp-content\/uploads\/factory-07.webp\"\/><\/p>\n<h3>D\u00edlna pr\u00e1\u0161kov\u00e9ho lakov\u00e1n\u00ed<\/h3>\n<p><img decoding=\"async\" src=\"\/wp-content\/uploads\/factory-09.webp\"\/><\/p>\n<h3>D\u00edlna eloxov\u00e1n\u00ed<\/h3>\n<p><img decoding=\"async\" src=\"\/wp-content\/uploads\/factory-10.webp\"\/><\/p>\n<h3>Workshop o hloubkov\u00e9m zpracov\u00e1n\u00ed<\/h3>\n<p><img decoding=\"async\" src=\"\/wp-content\/uploads\/factory-11.webp\"\/><\/p>\n<h3>D\u00edlna CNC p\u0159esn\u00e9ho obr\u00e1b\u011bn\u00ed<\/h3>\n<p><img decoding=\"async\" src=\"\/wp-content\/uploads\/factory-11.5.webp\"\/><\/p>\n<h3>Sklad hotov\u00fdch v\u00fdrobk\u016f a exportn\u00ed sklad<\/h3>\n<p><img decoding=\"async\" src=\"\/wp-content\/uploads\/factory-12.webp\"\/><\/p>\n<p><img decoding=\"async\" src=\"\/wp-content\/uploads\/factory-13.webp\"\/><\/p>\n<p><img decoding=\"async\" src=\"\/wp-content\/uploads\/factory-14.webp\"\/><\/p>\n<h2>\u010cASTO KLADEN\u00c9 DOTAZY<\/h2>\n<p><p><b>1.Co jsou hlin\u00edkov\u00e9 lamely vzhledu d\u0159eva?<\/b><\/p>\n<p>Hlin\u00edkov\u00e9 lamely se vzhledem d\u0159eva jsou hlin\u00edkov\u00e9 panely s povrchovou \u00fapravou, kter\u00e1 napodobuje p\u0159irozenou kresbu d\u0159eva, pou\u017e\u00edvan\u00e9 pro dekorativn\u00ed a funk\u010dn\u00ed obklady nebo oplocen\u00ed.<br \/>\n<\/p><br \/>\n<br \/>\n<p><b>2.Jak\u00e9 jsou hlavn\u00ed v\u00fdhody hlin\u00edkov\u00fdch lamel se vzhledem d\u0159eva?<\/b><\/p>\n<p>Poskytuj\u00ed vynikaj\u00edc\u00ed odolnost proti korozi, lehkou pevnost, nen\u00e1ro\u010dnou \u00fadr\u017ebu a realistick\u00fd vzhled d\u0159eva vhodn\u00fd pro vnit\u0159n\u00ed i venkovn\u00ed pou\u017eit\u00ed.<br \/>\n<\/p><br \/>\n<br \/>\n<p><b>3.Pro\u010d zvolit hlin\u00edkov\u00e9 lamely se vzhledem d\u0159eva m\u00edsto p\u0159\u00edrodn\u00edho d\u0159eva?<\/b><\/p>\n<p>Hlin\u00edkov\u00e9 lamely jsou odoln\u00e9 proti hnilob\u011b, hmyzu, kroucen\u00ed a po\u0161kozen\u00ed pov\u011btrnostn\u00edmi vlivy, maj\u00ed del\u0161\u00ed \u017eivotnost a snadn\u011bj\u0161\u00ed \u00fadr\u017ebu ne\u017e p\u0159\u00edrodn\u00ed d\u0159evo.<br \/>\n<\/p><br \/>\n<br \/>\n<p><b>4.Lze hlin\u00edkov\u00e9 lamely vzhledu d\u0159eva p\u0159izp\u016fsobit?<\/b><\/p>\n<p>Ano, jejich velikost, barvu, strukturu d\u0159eva a povrchovou \u00fapravu lze p\u0159izp\u016fsobit specifick\u00fdm po\u017eadavk\u016fm na design a architekturu.<br \/>\n<\/p><br \/>\n<br \/>\n<p><b>5.Jak povrchov\u00e1 \u00faprava d\u0159eva zv\u00fdrazn\u00ed hlin\u00edkov\u00e9 lamely?<\/b><\/p>\n<p>Povrchov\u00e1 \u00faprava zaji\u0161\u0165uje autentick\u00fd estetick\u00fd vzhled d\u0159eva p\u0159i zachov\u00e1n\u00ed trvanlivosti hlin\u00edku, odolnosti v\u016f\u010di pov\u011btrnostn\u00edm vliv\u016fm a snadn\u00e9ho \u010di\u0161t\u011bn\u00ed.<br \/>\n<\/p><br \/>\n<br \/>\n<p><b>6.Jsou hlin\u00edkov\u00e9 lamely se vzhledem d\u0159eva vhodn\u00e9 pro venkovn\u00ed pou\u017eit\u00ed?<\/b><\/p>\n<p>Ano, jsou navr\u017eeny tak, aby odol\u00e1valy UV z\u00e1\u0159en\u00ed, vlhkosti a zm\u011bn\u00e1m teplot, tak\u017ee jsou ide\u00e1ln\u00ed pro vn\u011bj\u0161\u00ed obklady, oplocen\u00ed a st\u00edn\u011bn\u00ed.<br \/>\n<\/p><br \/>\n<br \/>\n<p><b>7.Ve kter\u00fdch pr\u016fmyslov\u00fdch odv\u011btv\u00edch se b\u011b\u017en\u011b pou\u017e\u00edvaj\u00ed hlin\u00edkov\u00e9 lamely se vzhledem d\u0159eva?<\/b><\/p>\n<p>Stavebn\u00ed, krajin\u00e1\u0159sk\u00e9, interi\u00e9rov\u00e9 a architektonick\u00e9 firmy pou\u017e\u00edvaj\u00ed tyto lamely pro jejich kombinaci vzhledu a trvanlivosti.<br \/>\n<\/p><br \/>\n<br \/>\n<p><b>8.Jak hlin\u00edkov\u00e9 lamely se vzhledem d\u0159eva podporuj\u00ed udr\u017eiteln\u00fd design?<\/b><\/p>\n<p>Hlin\u00edk je pln\u011b recyklovateln\u00fd a povrchov\u00e1 \u00faprava ve vzhledu d\u0159eva p\u0159edstavuje ekologickou alternativu d\u0159eva, kter\u00e1 sni\u017euje dopad na \u017eivotn\u00ed prost\u0159ed\u00ed a odles\u0148ov\u00e1n\u00ed.<br \/>\n<\/p><br \/><\/p>","protected":false},"featured_media":6552,"template":"","categories":[65],"class_list":["post-6553","product","type-product","status-publish","has-post-thumbnail","hentry","category-wooden-grained-aluminum-profile"],"meta_box":{"hilight_text_group":{"product_hilight_text":"<li>Wood look finish provides natural beauty with the durability of aluminum<\/li>\r\r\n<li>Resistant to rot, insects, and weathering for long-lasting performance<\/li>\r\r\n<li>Lightweight and easy to install for versatile architectural applications<\/li>\r\r\n<li>Low maintenance compared to traditional wood slats<\/li>\r\r\n<li>Available in custom sizes, colors, and finishes to fit design needs<\/li>","product_chanpin_blog":"<ul>\r\r\n<li><a href=\"https:\/\/sinoextrud.com\/t-slot-v-slot-differences\/\" target=\"_blank\">t slot vs v slot<\/a><\/li>\r\r\n<li><a href=\"https:\/\/sinoextrud.com\/what-is-4040-aluminium-extrud\/\" target=\"_blank\">4040 aluminium extrusion<\/a><\/li>\r\r\n<li><a href=\"https:\/\/sinoextrud.com\/what-is-4040-aluminium-extrud\/\" target=\"_blank\">aluminum extrusions for industrial racks<\/a><\/li>\r\r\n<li><a href=\"https:\/\/sinoextrud.com\/powder-coating-aluminium-process\/\" target=\"_blank\">powder coating aluminium<\/a><\/li>\r\r\n<li><a href=\"https:\/\/sinoextrud.com\/what-is-an-aluminium-strip-ceiling\/\" target=\"_blank\">aluminium strip ceiling<\/a><\/li>\r\r\n<li><a href=\"https:\/\/sinoextrud.com\/what-is-a-heat-sink\/\" target=\"_blank\">what is a heat sink<\/a><\/li>\r\r\n<\/ul>","product_chanpin_chanpin":"<li><a href=\"https:\/\/sinoextrud.com\/product\/pvdf-coating-aluminum-profile\/\" target=\"_blank\">PVDF Coating Aluminum Profile<\/a><\/li>\r\n<li><a href=\"https:\/\/sinoextrud.com\/product\/custom-wood-grain-aluminium-profiles\/\" target=\"_blank\">Custom Wood Grain Aluminium Profiles<\/a><\/li>\r\n<li><a href=\"https:\/\/sinoextrud.com\/product\/wood-grain-aluminum-square-hollow-profile\/\" target=\"_blank\">Wood Grain Aluminum Square Hollow Profile<\/a><\/li>\r\n<li><a href=\"https:\/\/sinoextrud.com\/product\/wood-look-aluminum-soffit\/\" target=\"_blank\">Wood Look Aluminum Soffit<\/a><\/li>\r\n<li><a href=\"https:\/\/sinoextrud.com\/product\/wood-look-aluminium-slats\/\" target=\"_blank\">Wood Look Aluminium Slats<\/a><\/li>\r\n<li><a href=\"https:\/\/sinoextrud.com\/product\/natural-wood-grain-aluminium-square-tube\/\" target=\"_blank\">Natural Wood Grain Aluminium Square Tube<\/a><\/li>\r\n<li><a href=\"https:\/\/sinoextrud.com\/product\/wood-look-aluminium-cladding\/\" target=\"_blank\">Wood Look Aluminium Cladding<\/a><\/li>\r\n<li><a href=\"https:\/\/sinoextrud.com\/product\/wood-look-aluminium-battens\/\" target=\"_blank\">Wood Look Aluminium Battens<\/a><\/li>\r\n<li><a href=\"https:\/\/sinoextrud.com\/product\/wood-finish-aluminum-tube\/\" target=\"_blank\">Wood Finish Aluminum Tube<\/a><\/li>\r\n<li><a href=\"https:\/\/sinoextrud.com\/product\/cabinet-aluminum-profile\/\" target=\"_blank\">Cabinet Aluminum Profile<\/a><\/li>\r\n<li><a href=\"https:\/\/sinoextrud.com\/product\/300mm-aluminium-louvre-extrusion\/\" target=\"_blank\">300mm Aluminium Louvre Extrusion<\/a><\/li>"},"feature_list":[]},"_links":{"self":[{"href":"https:\/\/sinoextrud.com\/cs\/wp-json\/wp\/v2\/product\/6553","targetHints":{"allow":["GET"]}}],"collection":[{"href":"https:\/\/sinoextrud.com\/cs\/wp-json\/wp\/v2\/product"}],"about":[{"href":"https:\/\/sinoextrud.com\/cs\/wp-json\/wp\/v2\/types\/product"}],"wp:featuredmedia":[{"embeddable":true,"href":"https:\/\/sinoextrud.com\/cs\/wp-json\/wp\/v2\/media\/6552"}],"wp:attachment":[{"href":"https:\/\/sinoextrud.com\/cs\/wp-json\/wp\/v2\/media?parent=6553"}],"wp:term":[{"taxonomy":"category","embeddable":true,"href":"https:\/\/sinoextrud.com\/cs\/wp-json\/wp\/v2\/categories?post=6553"}],"curies":[{"name":"wp","href":"https:\/\/api.w.org\/{rel}","templated":true}]}}