{"id":6547,"date":"2025-05-29T07:38:09","date_gmt":"2025-05-29T07:38:09","guid":{"rendered":"https:\/\/sinoextrud.com\/product\/custom-wood-grain-aluminium-profiles\/"},"modified":"2025-06-24T06:11:08","modified_gmt":"2025-06-24T06:11:08","slug":"zakazkove-hlinikove-profily-se-strukturou-dreva","status":"publish","type":"product","link":"https:\/\/sinoextrud.com\/cs\/product\/custom-wood-grain-aluminium-profiles\/","title":{"rendered":"Vlastn\u00ed hlin\u00edkov\u00e9 profily se strukturou d\u0159eva"},"content":{"rendered":"<h2>Podrobnosti o produktech<\/h2>\n<table class=\"custom-table\">\n<tr>\n<td class=\"label\">Struktura d\u0159eva<\/td>\n<td>p\u0159\u00edrodn\u00ed, kr\u00e1sn\u00e1 kresba d\u0159eva (na zak\u00e1zku)<\/td>\n<\/tr>\n<tr>\n<td class=\"label\">Povrchov\u00e1 \u00faprava<\/td>\n<td>speci\u00e1ln\u00ed pr\u00e1\u0161kov\u00e9 lakov\u00e1n\u00ed, b\u011b\u017en\u00e9 lakov\u00e1n\u00ed d\u0159eva nebo velmi odoln\u00e9 speci\u00e1ln\u00ed n\u00e1t\u011bry Aksu.<\/td>\n<\/tr>\n<tr>\n<td class=\"label\">Aplikace<\/td>\n<td>oplocen\u00ed, palubky, obklady, z\u00e1st\u011bny, br\u00e1ny, z\u00e1bradl\u00ed, obklady, sloupky, podhledy, ohrady, mark\u00fdzy, pergoly, lamely atd.<\/td>\n<\/tr>\n<tr>\n<td class=\"label\">Z\u00e1ruka<\/td>\n<td>10-15 let<\/td>\n<\/tr>\n<tr>\n<td class=\"label\">Hlin\u00edkov\u00e9 obklady vzhledu d\u0159eva<\/td>\n<td>Hlin\u00edkov\u00e9 lat\u011b vzhledu d\u0159eva<\/td>\n<\/tr>\n<tr>\n<td class=\"label\">Hlin\u00edkov\u00e9 lamely vzhledu d\u0159eva<\/td>\n<td>Hlin\u00edkov\u00e9 \u017ealuzie vzhledu d\u0159eva<\/td>\n<\/tr>\n<tr>\n<td class=\"label\">Hlin\u00edkov\u00e9 obrazovky vzhledu d\u0159eva<\/td>\n<td>Hlin\u00edkov\u00e9 obklady vzhledu d\u0159eva<\/td>\n<\/tr>\n<tr>\n<td class=\"label\">Hlin\u00edkov\u00e9 podhledy se vzhledem d\u0159eva<\/td>\n<td>Hlin\u00edkov\u00e9 trubky se vzhledem d\u0159eva<\/td>\n<\/tr>\n<\/table>\n<h2>Na\u0161e v\u00fdrobn\u00ed z\u00e1kladna<\/h2>\n<h3>Panorama tov\u00e1rny<\/h3>\n<p><img decoding=\"async\" src=\"\/wp-content\/uploads\/factory-01.webp\"\/><\/p>\n<h3>D\u00edlna na v\u00fdrobu hlin\u00edkov\u00fdch ty\u010d\u00ed<\/h3>\n<p><img decoding=\"async\" src=\"\/wp-content\/uploads\/factory-02.webp\"\/><\/p>\n<p><img decoding=\"async\" src=\"\/wp-content\/uploads\/factory-03.webp\"\/><\/p>\n<h3>Sklad pl\u00edsn\u00ed<\/h3>\n<p><img decoding=\"async\" src=\"\/wp-content\/uploads\/factory-04.webp\"\/><\/p>\n<h3>43 linek na vytla\u010dov\u00e1n\u00ed hlin\u00edku (500 - 5500 tun)<\/h3>\n<p><img decoding=\"async\" src=\"\/wp-content\/uploads\/factory-05.webp\"\/><\/p>\n<p><img decoding=\"async\" src=\"\/wp-content\/uploads\/factory-06.webp\"\/><\/p>\n<p><img decoding=\"async\" src=\"\/wp-content\/uploads\/factory-07.webp\"\/><\/p>\n<h3>D\u00edlna pr\u00e1\u0161kov\u00e9ho lakov\u00e1n\u00ed<\/h3>\n<p><img decoding=\"async\" src=\"\/wp-content\/uploads\/factory-09.webp\"\/><\/p>\n<h3>D\u00edlna eloxov\u00e1n\u00ed<\/h3>\n<p><img decoding=\"async\" src=\"\/wp-content\/uploads\/factory-10.webp\"\/><\/p>\n<h3>Workshop o hloubkov\u00e9m zpracov\u00e1n\u00ed<\/h3>\n<p><img decoding=\"async\" src=\"\/wp-content\/uploads\/factory-11.webp\"\/><\/p>\n<h3>D\u00edlna CNC p\u0159esn\u00e9ho obr\u00e1b\u011bn\u00ed<\/h3>\n<p><img decoding=\"async\" src=\"\/wp-content\/uploads\/factory-11.5.webp\"\/><\/p>\n<h3>Sklad hotov\u00fdch v\u00fdrobk\u016f a exportn\u00ed sklad<\/h3>\n<p><img decoding=\"async\" src=\"\/wp-content\/uploads\/factory-12.webp\"\/><\/p>\n<p><img decoding=\"async\" src=\"\/wp-content\/uploads\/factory-13.webp\"\/><\/p>\n<p><img decoding=\"async\" src=\"\/wp-content\/uploads\/factory-14.webp\"\/><\/p>\n<h2>\u010cASTO KLADEN\u00c9 DOTAZY<\/h2>\n<p><p><b>1.Co jsou hlin\u00edkov\u00e9 profily se strukturou d\u0159eva na zak\u00e1zku?<\/b><\/p>\n<p>Hlin\u00edkov\u00e9 profily s d\u0159ev\u011bnou kresbou na zak\u00e1zku jsou hlin\u00edkov\u00e9 v\u00fdlisky s povrchovou \u00fapravou podobnou d\u0159evu, kter\u00e9 jsou p\u0159izp\u016fsobeny konkr\u00e9tn\u00edm rozm\u011br\u016fm a po\u017eadavk\u016fm na design.<br \/>\n<\/p><br \/>\n<br \/>\n<p><b>2.Jak\u00e9 jsou hlavn\u00ed v\u00fdhody hlin\u00edkov\u00fdch profil\u016f se strukturou d\u0159eva na zak\u00e1zku?<\/b><\/p>\n<p>Kombinuj\u00ed trvanlivost a odolnost proti korozi hlin\u00edku s estetick\u00fdm vzhledem p\u0159\u00edrodn\u00edho d\u0159eva a nab\u00edzej\u00ed nen\u00e1ro\u010dnou \u00fadr\u017ebu a dlouhotrvaj\u00edc\u00ed kr\u00e1su.<br \/>\n<\/p><br \/>\n<br \/>\n<p><b>3.Pro\u010d zvolit hlin\u00edkov\u00e9 profily s kresbou d\u0159eva m\u00edsto prav\u00e9ho d\u0159eva?<\/b><\/p>\n<p>Hlin\u00edkov\u00e9 profily jsou leh\u010d\u00ed, trvanliv\u011bj\u0161\u00ed, odoln\u011bj\u0161\u00ed v\u016f\u010di pov\u011btrnostn\u00edm vliv\u016fm, vy\u017eaduj\u00ed m\u00e9n\u011b \u00fadr\u017eby a z\u00e1rove\u0148 poskytuj\u00ed realistick\u00fd vzhled d\u0159eva.<br \/>\n<\/p><br \/>\n<br \/>\n<p><b>4.Lze p\u0159izp\u016fsobit hlin\u00edkov\u00e9 profily se strukturou d\u0159eva pro konkr\u00e9tn\u00ed projekty?<\/b><\/p>\n<p>Ano, jejich velikost, tvar, vzor zrna, barvu a povrchovou \u00fapravu lze p\u0159izp\u016fsobit jedine\u010dn\u00fdm architektonick\u00fdm a designov\u00fdm pot\u0159eb\u00e1m.<br \/>\n<\/p><br \/>\n<br \/>\n<p><b>5.Jak povrchov\u00e1 \u00faprava se strukturou d\u0159eva vylep\u0161uje hlin\u00edkov\u00e9 profily?<\/b><\/p>\n<p>Povrchov\u00e1 \u00faprava zaji\u0161\u0165uje p\u0159irozenou strukturu a vzhled d\u0159eva, co\u017e zvy\u0161uje vizu\u00e1ln\u00ed p\u0159ita\u017elivost, ani\u017e by byla ohro\u017eena pevnost a odolnost hlin\u00edku proti korozi.<br \/>\n<\/p><br \/>\n<br \/>\n<p><b>6.Jsou hlin\u00edkov\u00e9 profily se strukturou d\u0159eva vhodn\u00e9 pro venkovn\u00ed pou\u017eit\u00ed?<\/b><\/p>\n<p>Ano, odol\u00e1vaj\u00ed UV z\u00e1\u0159en\u00ed, vlhkosti a pov\u011btrnostn\u00edm vliv\u016fm, tak\u017ee jsou ide\u00e1ln\u00ed pro vn\u011bj\u0161\u00ed obklady, ploty a dekorativn\u00ed aplikace.<br \/>\n<\/p><br \/>\n<br \/>\n<p><b>7.V jak\u00fdch pr\u016fmyslov\u00fdch odv\u011btv\u00edch se b\u011b\u017en\u011b pou\u017e\u00edvaj\u00ed hlin\u00edkov\u00e9 profily se strukturou d\u0159eva na zak\u00e1zku?<\/b><\/p>\n<p>Architektura, interi\u00e9rov\u00fd design, v\u00fdroba n\u00e1bytku a stavebnictv\u00ed vyu\u017e\u00edvaj\u00ed tyto profily pro jejich kombinaci estetiky a v\u00fdkonu.<br \/>\n<\/p><br \/>\n<br \/>\n<p><b>8.Jak podporuj\u00ed hlin\u00edkov\u00e9 profily se strukturou d\u0159eva na zak\u00e1zku udr\u017eiteln\u00e9 stavebn\u00ed postupy?<\/b><\/p>\n<p>Hlin\u00edk je 100% recyklovateln\u00fd a povrchov\u00e1 \u00faprava s kresbou d\u0159eva je ekologickou alternativou prav\u00e9ho d\u0159eva, kter\u00e1 sni\u017euje odles\u0148ov\u00e1n\u00ed a dopad na \u017eivotn\u00ed prost\u0159ed\u00ed.<br \/>\n<\/p><br \/><\/p>","protected":false},"featured_media":6546,"template":"","categories":[65],"class_list":["post-6547","product","type-product","status-publish","has-post-thumbnail","hentry","category-wooden-grained-aluminum-profile"],"meta_box":{"hilight_text_group":{"product_hilight_text":"<li>Custom wood grain finish combines natural aesthetics with aluminum durability<\/li>\r\r\n<li>High-quality extrusion ensures consistent dimensions and surface texture<\/li>\r\r\n<li>Corrosion-resistant and suitable for indoor and outdoor applications<\/li>\r\r\n<li>Available in various sizes and profiles to meet project specifications<\/li>\r\r\n<li>Supports bulk orders and OEM customization with reliable supply<\/li>","product_chanpin_blog":"<ul>\r\r\n<li><a href=\"https:\/\/sinoextrud.com\/t-slot-v-slot-differences\/\" target=\"_blank\">t slot vs v slot<\/a><\/li>\r\r\n<li><a href=\"https:\/\/sinoextrud.com\/what-is-4040-aluminium-extrud\/\" target=\"_blank\">4040 aluminium extrusion<\/a><\/li>\r\r\n<li><a href=\"https:\/\/sinoextrud.com\/what-is-4040-aluminium-extrud\/\" target=\"_blank\">aluminum extrusions for industrial racks<\/a><\/li>\r\r\n<li><a href=\"https:\/\/sinoextrud.com\/powder-coating-aluminium-process\/\" target=\"_blank\">powder coating aluminium<\/a><\/li>\r\r\n<li><a href=\"https:\/\/sinoextrud.com\/what-is-an-aluminium-strip-ceiling\/\" target=\"_blank\">aluminium strip ceiling<\/a><\/li>\r\r\n<li><a href=\"https:\/\/sinoextrud.com\/what-is-a-heat-sink\/\" target=\"_blank\">what is a heat sink<\/a><\/li>\r\r\n<\/ul>","product_chanpin_chanpin":"<li><a href=\"https:\/\/sinoextrud.com\/product\/fluorocarbon-coated-aluminium-extrusions\/\" target=\"_blank\">Fluorocarbon Coated Aluminium Extrusions<\/a><\/li>\r\n<li><a href=\"https:\/\/sinoextrud.com\/product\/aluminum-rectangular-tubing-for-wooden-horizontal-aluminum-fence-panels-system\/\" target=\"_blank\">aluminum rectangular tubing for wooden horizontal aluminum fence panels system<\/a><\/li>\r\n<li><a href=\"https:\/\/sinoextrud.com\/product\/fluorocarbon-coating-aluminium-extrusions-anti-fluorite-pvdf-aluminium-profile\/\" target=\"_blank\">Fluorocarbon coating aluminium extrusions Anti fluorite PVDF aluminium profile<\/a><\/li>\r\n<li><a href=\"https:\/\/sinoextrud.com\/product\/pvdf-coating-aluminum-profile\/\" target=\"_blank\">PVDF Coating Aluminum Profile<\/a><\/li>\r\n<li><a href=\"https:\/\/sinoextrud.com\/product\/custom-wood-grain-aluminium-profiles\/\" target=\"_blank\">Custom Wood Grain Aluminium Profiles<\/a><\/li>\r\n<li><a href=\"https:\/\/sinoextrud.com\/product\/wood-grain-aluminum-square-hollow-profile\/\" target=\"_blank\">Wood Grain Aluminum Square Hollow Profile<\/a><\/li>\r\n<li><a href=\"https:\/\/sinoextrud.com\/product\/wood-look-aluminum-soffit\/\" target=\"_blank\">Wood Look Aluminum Soffit<\/a><\/li>\r\n<li><a href=\"https:\/\/sinoextrud.com\/product\/wood-look-aluminium-slats\/\" target=\"_blank\">Wood Look Aluminium Slats<\/a><\/li>\r\n<li><a href=\"https:\/\/sinoextrud.com\/product\/natural-wood-grain-aluminium-square-tube\/\" target=\"_blank\">Natural Wood Grain Aluminium Square Tube<\/a><\/li>\r\n<li><a href=\"https:\/\/sinoextrud.com\/product\/aluminium-door-frame-extrusions\/\" target=\"_blank\">Aluminium Door Frame Extrusions<\/a><\/li>\r\n<li><a href=\"https:\/\/sinoextrud.com\/product\/standard-aluminium-extrusion-profiles-windows-and-doors\/\" target=\"_blank\">Standard Aluminium Extrusion Profiles Windows And Doors<\/a><\/li>"},"feature_list":[]},"_links":{"self":[{"href":"https:\/\/sinoextrud.com\/cs\/wp-json\/wp\/v2\/product\/6547","targetHints":{"allow":["GET"]}}],"collection":[{"href":"https:\/\/sinoextrud.com\/cs\/wp-json\/wp\/v2\/product"}],"about":[{"href":"https:\/\/sinoextrud.com\/cs\/wp-json\/wp\/v2\/types\/product"}],"wp:featuredmedia":[{"embeddable":true,"href":"https:\/\/sinoextrud.com\/cs\/wp-json\/wp\/v2\/media\/6546"}],"wp:attachment":[{"href":"https:\/\/sinoextrud.com\/cs\/wp-json\/wp\/v2\/media?parent=6547"}],"wp:term":[{"taxonomy":"category","embeddable":true,"href":"https:\/\/sinoextrud.com\/cs\/wp-json\/wp\/v2\/categories?post=6547"}],"curies":[{"name":"wp","href":"https:\/\/api.w.org\/{rel}","templated":true}]}}