{"id":6545,"date":"2025-05-29T07:33:51","date_gmt":"2025-05-29T07:33:51","guid":{"rendered":"https:\/\/sinoextrud.com\/product\/pvdf-coating-aluminum-profile\/"},"modified":"2025-06-24T06:11:07","modified_gmt":"2025-06-24T06:11:07","slug":"pvdf-povlak-hlinikovy-profil","status":"publish","type":"product","link":"https:\/\/sinoextrud.com\/cs\/product\/pvdf-coating-aluminum-profile\/","title":{"rendered":"Hlin\u00edkov\u00fd profil s povlakem PVDF"},"content":{"rendered":"<h2>Podrobnosti o produktech<\/h2>\n<table class=\"custom-table\">\n<tr>\n<td class=\"label\">Polo\u017eka<\/td>\n<td>Hlin\u00edkov\u00fd profil s povlakem PVDF<\/td>\n<\/tr>\n<tr>\n<td class=\"label\">Materi\u00e1l<\/td>\n<td>6063 T5\/T6, 6061 T5\/T6, 6463 T6 atd.<\/td>\n<\/tr>\n<tr>\n<td class=\"label\">Povrch Custom<\/td>\n<td>eloxov\u00e1n\u00ed, elektrofor\u00e9za, pr\u00e1\u0161kov\u00e9 lakov\u00e1n\u00ed, PVDF lakov\u00e1n\u00ed,<br \/>malba na d\u0159evo, kart\u00e1\u010dovan\u00e1<\/td>\n<\/tr>\n<tr>\n<td class=\"label\">Barva<\/td>\n<td>St\u0159\u00edbrn\u00e1 b\u00edl\u00e1, bronzov\u00e1, zlat\u00e1, \u010dern\u00e1, \u0161ampa\u0148sk\u00e9, na zak\u00e1zku<\/td>\n<\/tr>\n<tr>\n<td class=\"label\">Tlou\u0161\u0165ka st\u011bny<\/td>\n<td>&gt;0,8 mm, 1,0, 1,2, 2,0, 4,0 atd.<\/td>\n<\/tr>\n<tr>\n<td class=\"label\">Tvar<\/td>\n<td>Cusomized<\/td>\n<\/tr>\n<tr>\n<td class=\"label\">D\u00e9lka<\/td>\n<td>Norm\u00e1ln\u00ed 1-9 metr\u016f nebo na m\u00edru<\/td>\n<\/tr>\n<tr>\n<td class=\"label\">MOQ<\/td>\n<td>1 tuna pro ka\u017edou polo\u017eku<\/td>\n<\/tr>\n<tr>\n<td class=\"label\">V\u00fdroba OEM slu\u017eeb<\/td>\n<td>V\u00fdkresy\/vzorky z\u00e1kazn\u00edk\u016f nebo nab\u00edzen\u00e9 slu\u017eby v oblasti designu<\/td>\n<\/tr>\n<tr>\n<td class=\"label\">Z\u00e1ruka<\/td>\n<td>Barva povrchu m\u016f\u017ee b\u00fdt stabiln\u00ed po dobu 10-20 let p\u0159i pou\u017e\u00edv\u00e1n\u00ed v interi\u00e9ru.<\/td>\n<\/tr>\n<tr>\n<td class=\"label\">V\u00fdroba<\/td>\n<td>Fr\u00e9zov\u00e1n\u00ed, vrt\u00e1n\u00ed, \u0159ez\u00e1n\u00ed, CNC, r\u00e1my oken a dve\u0159\u00ed<\/td>\n<\/tr>\n<tr>\n<td class=\"label\">V\u00fdhody Vlastnosti<\/td>\n<td>1.Air proof, vodot\u011bsnost, tepeln\u00e1 izolace, tepeln\u00e1 izolace, proti st\u00e1rnut\u00ed, odolnost proti n\u00e1raz\u016fm<br \/>2.Environment\u00e1ln\u011b \u0161etrn\u00e9<br \/>3.Corrosion odoln\u00e9, leskl\u00e9<br \/>4.Modern vzhled<\/td>\n<\/tr>\n<tr>\n<td class=\"label\">Testovac\u00ed norma<\/td>\n<td>GB,JIS,AAMA,BS,EN,AS\/NZS,AA<\/td>\n<\/tr>\n<\/table>\n<h2>Na\u0161e v\u00fdrobn\u00ed z\u00e1kladna<\/h2>\n<h3>Panorama tov\u00e1rny<\/h3>\n<p><img decoding=\"async\" src=\"\/wp-content\/uploads\/factory-01.webp\"\/><\/p>\n<h3>D\u00edlna na v\u00fdrobu hlin\u00edkov\u00fdch ty\u010d\u00ed<\/h3>\n<p><img decoding=\"async\" src=\"\/wp-content\/uploads\/factory-02.webp\"\/><\/p>\n<p><img decoding=\"async\" src=\"\/wp-content\/uploads\/factory-03.webp\"\/><\/p>\n<h3>Sklad pl\u00edsn\u00ed<\/h3>\n<p><img decoding=\"async\" src=\"\/wp-content\/uploads\/factory-04.webp\"\/><\/p>\n<h3>43 linek na vytla\u010dov\u00e1n\u00ed hlin\u00edku (500 - 5500 tun)<\/h3>\n<p><img decoding=\"async\" src=\"\/wp-content\/uploads\/factory-05.webp\"\/><\/p>\n<p><img decoding=\"async\" src=\"\/wp-content\/uploads\/factory-06.webp\"\/><\/p>\n<p><img decoding=\"async\" src=\"\/wp-content\/uploads\/factory-07.webp\"\/><\/p>\n<h3>D\u00edlna pr\u00e1\u0161kov\u00e9ho lakov\u00e1n\u00ed<\/h3>\n<p><img decoding=\"async\" src=\"\/wp-content\/uploads\/factory-09.webp\"\/><\/p>\n<h3>D\u00edlna eloxov\u00e1n\u00ed<\/h3>\n<p><img decoding=\"async\" src=\"\/wp-content\/uploads\/factory-10.webp\"\/><\/p>\n<h3>Workshop o hloubkov\u00e9m zpracov\u00e1n\u00ed<\/h3>\n<p><img decoding=\"async\" src=\"\/wp-content\/uploads\/factory-11.webp\"\/><\/p>\n<h3>D\u00edlna CNC p\u0159esn\u00e9ho obr\u00e1b\u011bn\u00ed<\/h3>\n<p><img decoding=\"async\" src=\"\/wp-content\/uploads\/factory-11.5.webp\"\/><\/p>\n<h3>Sklad hotov\u00fdch v\u00fdrobk\u016f a exportn\u00ed sklad<\/h3>\n<p><img decoding=\"async\" src=\"\/wp-content\/uploads\/factory-12.webp\"\/><\/p>\n<p><img decoding=\"async\" src=\"\/wp-content\/uploads\/factory-13.webp\"\/><\/p>\n<p><img decoding=\"async\" src=\"\/wp-content\/uploads\/factory-14.webp\"\/><\/p>\n<h2>\u010cASTO KLADEN\u00c9 DOTAZY<\/h2>\n<p><p><b>1.Co je hlin\u00edkov\u00fd profil s povlakem PVDF?<\/b><\/p>\n<p>Hlin\u00edkov\u00fd profil s povlakem PVDF je hlin\u00edkov\u00fd v\u00fdlisek s povrchovou \u00fapravou z polyvinylidenfluoridu (PVDF), kter\u00fd zaji\u0161\u0165uje vynikaj\u00edc\u00ed odolnost proti pov\u011btrnostn\u00edm vliv\u016fm a trvanlivost pro architektonick\u00e9 aplikace.<br \/>\n<\/p><br \/>\n<br \/>\n<p><b>2.Jak\u00e9 jsou hlavn\u00ed v\u00fdhody povlaku PVDF na hlin\u00edkov\u00fdch profilech?<\/b><\/p>\n<p>Povlaky PVDF maj\u00ed vynikaj\u00edc\u00ed odolnost proti UV z\u00e1\u0159en\u00ed, ochranu proti korozi, st\u00e1lobarevnost, chemickou odolnost a hladk\u00fd, dlouhotrvaj\u00edc\u00ed povrch.<br \/>\n<\/p><br \/>\n<br \/>\n<p><b>3.Pro\u010d zvolit PVDF povlak m\u00edsto jin\u00fdch povrchov\u00fdch \u00faprav hlin\u00edkov\u00fdch profil\u016f?<\/b><\/p>\n<p>PVDF poskytuje lep\u0161\u00ed odolnost proti pov\u011btrnostn\u00edm vliv\u016fm, chemickou odolnost a del\u0161\u00ed barevnou st\u00e1lost ve srovn\u00e1n\u00ed s pr\u00e1\u0161kov\u00fdm lakov\u00e1n\u00edm a eloxov\u00e1n\u00edm.<br \/>\n<\/p><br \/>\n<br \/>\n<p><b>4.Mohou b\u00fdt hlin\u00edkov\u00e9 profily s povlakem PVDF p\u0159izp\u016fsobeny?<\/b><\/p>\n<p>Ano, lze je p\u0159izp\u016fsobit t\u0159\u00edd\u011b slitiny, tvaru profilu, velikosti a barv\u011b povlaku tak, aby spl\u0148ovaly specifick\u00e9 architektonick\u00e9 a pr\u016fmyslov\u00e9 po\u017eadavky.<br \/>\n<\/p><br \/>\n<br \/>\n<p><b>5.Jak povlak PVDF zlep\u0161uje vlastnosti hlin\u00edkov\u00fdch profil\u016f?<\/b><\/p>\n<p>PVDF vytv\u00e1\u0159\u00ed pevn\u00fd, pru\u017en\u00fd film, kter\u00fd odol\u00e1v\u00e1 blednut\u00ed, k\u0159\u00eddov\u00e1n\u00ed, prask\u00e1n\u00ed a odlupov\u00e1n\u00ed, \u010d\u00edm\u017e zvy\u0161uje trvanlivost a estetick\u00fd vzhled.<br \/>\n<\/p><br \/>\n<br \/>\n<p><b>6.Jsou hlin\u00edkov\u00e9 profily s PVDF povlakem vhodn\u00e9 pro venkovn\u00ed pou\u017eit\u00ed?<\/b><\/p>\n<p>Ano, n\u00e1t\u011bry PVDF poskytuj\u00ed vynikaj\u00edc\u00ed ochranu proti UV z\u00e1\u0159en\u00ed, vlhkosti a zne\u010di\u0161\u0165uj\u00edc\u00edm l\u00e1tk\u00e1m, tak\u017ee jsou ide\u00e1ln\u00ed pro pou\u017eit\u00ed v exteri\u00e9ru.<br \/>\n<\/p><br \/>\n<br \/>\n<p><b>7.V jak\u00fdch pr\u016fmyslov\u00fdch odv\u011btv\u00edch se b\u011b\u017en\u011b pou\u017e\u00edvaj\u00ed hlin\u00edkov\u00e9 profily s povlakem PVDF?<\/b><\/p>\n<p>Tyto profily se pou\u017e\u00edvaj\u00ed ve stavebnictv\u00ed, automobilov\u00e9m a leteck\u00e9m pr\u016fmyslu a v architektu\u0159e pro jejich odolnost a prvot\u0159\u00eddn\u00ed povrchovou \u00fapravu.<br \/>\n<\/p><br \/>\n<br \/>\n<p><b>8.Jak podporuje PVDF n\u00e1t\u011br udr\u017eiteln\u00e9 stavebn\u00ed postupy?<\/b><\/p>\n<p>Povlaky PVDF maj\u00ed n\u00edzk\u00fd dopad na \u017eivotn\u00ed prost\u0159ed\u00ed, prodlu\u017euj\u00ed \u017eivotnost v\u00fdrobku a hlin\u00edk je pln\u011b recyklovateln\u00fd, co\u017e p\u0159isp\u00edv\u00e1 k ekologick\u00e9mu stavebnictv\u00ed.<br \/>\n<\/p><br \/><\/p>","protected":false},"featured_media":6544,"template":"","categories":[63],"class_list":["post-6545","product","type-product","status-publish","has-post-thumbnail","hentry","category-fluorocarbon-coating-profile"],"meta_box":{"hilight_text_group":{"product_hilight_text":"<li>PVDF coating ensures excellent weather and UV resistance for outdoor use<\/li>\r\r\n<li>Maintains vibrant color and gloss for extended durability<\/li>\r\r\n<li>High-quality aluminum profiles with precise extrusion standards<\/li>\r\r\n<li>Ideal for architectural facades, windows, and decorative applications<\/li>\r\r\n<li>Supports custom sizes, colors, and bulk manufacturing orders<\/li>","product_chanpin_blog":"<ul>\r\r\n<li><a href=\"https:\/\/sinoextrud.com\/t-slot-v-slot-differences\/\" target=\"_blank\">t slot vs v slot<\/a><\/li>\r\r\n<li><a href=\"https:\/\/sinoextrud.com\/what-is-4040-aluminium-extrud\/\" target=\"_blank\">4040 aluminium extrusion<\/a><\/li>\r\r\n<li><a href=\"https:\/\/sinoextrud.com\/what-is-4040-aluminium-extrud\/\" target=\"_blank\">aluminum extrusions for industrial racks<\/a><\/li>\r\r\n<li><a href=\"https:\/\/sinoextrud.com\/powder-coating-aluminium-process\/\" target=\"_blank\">powder coating aluminium<\/a><\/li>\r\r\n<li><a href=\"https:\/\/sinoextrud.com\/what-is-an-aluminium-strip-ceiling\/\" target=\"_blank\">aluminium strip ceiling<\/a><\/li>\r\r\n<li><a href=\"https:\/\/sinoextrud.com\/what-is-a-heat-sink\/\" target=\"_blank\">what is a heat sink<\/a><\/li>\r\r\n<\/ul>","product_chanpin_chanpin":"<li><a href=\"https:\/\/sinoextrud.com\/product\/eco-friendly-water-borne-fluorocarbon-spraying-decorative-aluminum-profile-for-outdoor-project\/\" target=\"_blank\">ECO-Friendly Water-borne Fluorocarbon Spraying Decorative Aluminum Profile For Outdoor Project<\/a><\/li>\r\n<li><a href=\"https:\/\/sinoextrud.com\/product\/fluorocarbon-coated-aluminium-extrusions\/\" target=\"_blank\">Fluorocarbon Coated Aluminium Extrusions<\/a><\/li>\r\n<li><a href=\"https:\/\/sinoextrud.com\/product\/aluminum-rectangular-tubing-for-wooden-horizontal-aluminum-fence-panels-system\/\" target=\"_blank\">aluminum rectangular tubing for wooden horizontal aluminum fence panels system<\/a><\/li>\r\n<li><a href=\"https:\/\/sinoextrud.com\/product\/fluorocarbon-coating-aluminium-extrusions-anti-fluorite-pvdf-aluminium-profile\/\" target=\"_blank\">Fluorocarbon coating aluminium extrusions Anti fluorite PVDF aluminium profile<\/a><\/li>\r\n<li><a href=\"https:\/\/sinoextrud.com\/product\/pvdf-coating-aluminum-profile\/\" target=\"_blank\">PVDF Coating Aluminum Profile<\/a><\/li>\r\n<li><a href=\"https:\/\/sinoextrud.com\/product\/custom-wood-grain-aluminium-profiles\/\" target=\"_blank\">Custom Wood Grain Aluminium Profiles<\/a><\/li>\r\n<li><a href=\"https:\/\/sinoextrud.com\/product\/wood-grain-aluminum-square-hollow-profile\/\" target=\"_blank\">Wood Grain Aluminum Square Hollow Profile<\/a><\/li>\r\n<li><a href=\"https:\/\/sinoextrud.com\/product\/wood-look-aluminum-soffit\/\" target=\"_blank\">Wood Look Aluminum Soffit<\/a><\/li>\r\n<li><a href=\"https:\/\/sinoextrud.com\/product\/wood-look-aluminium-slats\/\" target=\"_blank\">Wood Look Aluminium Slats<\/a><\/li>\r\n<li><a href=\"https:\/\/sinoextrud.com\/product\/6063-multiple-size-extruded-aluminium-t-slot\/\" target=\"_blank\">6063 Multiple Size Extruded Aluminium T Slot<\/a><\/li>\r\n<li><a href=\"https:\/\/sinoextrud.com\/product\/led-strip-aluminum-profile\/\" target=\"_blank\">Led Strip Aluminum Profile<\/a><\/li>"},"feature_list":[]},"_links":{"self":[{"href":"https:\/\/sinoextrud.com\/cs\/wp-json\/wp\/v2\/product\/6545","targetHints":{"allow":["GET"]}}],"collection":[{"href":"https:\/\/sinoextrud.com\/cs\/wp-json\/wp\/v2\/product"}],"about":[{"href":"https:\/\/sinoextrud.com\/cs\/wp-json\/wp\/v2\/types\/product"}],"wp:featuredmedia":[{"embeddable":true,"href":"https:\/\/sinoextrud.com\/cs\/wp-json\/wp\/v2\/media\/6544"}],"wp:attachment":[{"href":"https:\/\/sinoextrud.com\/cs\/wp-json\/wp\/v2\/media?parent=6545"}],"wp:term":[{"taxonomy":"category","embeddable":true,"href":"https:\/\/sinoextrud.com\/cs\/wp-json\/wp\/v2\/categories?post=6545"}],"curies":[{"name":"wp","href":"https:\/\/api.w.org\/{rel}","templated":true}]}}