{"id":6543,"date":"2025-05-29T07:25:14","date_gmt":"2025-05-29T07:25:14","guid":{"rendered":"https:\/\/sinoextrud.com\/product\/fluorocarbon-coating-aluminium-extrusions-anti-fluorite-pvdf-aluminium-profile\/"},"modified":"2025-06-24T06:11:07","modified_gmt":"2025-06-24T06:11:07","slug":"fluorokarbonovy-povlak-hlinikove-vylisky-proti-fluoritu-pvdf-hlinikovy-profil","status":"publish","type":"product","link":"https:\/\/sinoextrud.com\/cs\/product\/fluorocarbon-coating-aluminium-extrusions-anti-fluorite-pvdf-aluminium-profile\/","title":{"rendered":"Fluorouhl\u00edkov\u00fd povlak hlin\u00edkov\u00fdch v\u00fdlisk\u016f Antifluoritov\u00fd PVDF hlin\u00edkov\u00fd profil"},"content":{"rendered":"<h2>Podrobnosti o produktech<\/h2>\n<table class=\"custom-table\">\n<tr>\n<td class=\"label\">Model NO:<\/td>\n<td>Fluorouhl\u00edkov\u00fd povlak hlin\u00edkov\u00fdch v\u00fdlisk\u016f Antifluoritov\u00fd PVDF hlin\u00edkov\u00fd profil<\/td>\n<\/tr>\n<tr>\n<td class=\"label\">Povrchov\u00e1 \u00faprava:<\/td>\n<td>PVDF<\/td>\n<\/tr>\n<tr>\n<td class=\"label\">V\u00fdrobek:<\/td>\n<td>Fluorouhl\u00edkov\u00e9 povlaky na hlin\u00edkov\u00e9 v\u00fdlisky<\/td>\n<\/tr>\n<tr>\n<td class=\"label\">Leguj\u00edc\u00ed slo\u017eka:<\/td>\n<td>6063<\/td>\n<\/tr>\n<tr>\n<td class=\"label\">Ochrann\u00e1 zn\u00e1mka:<\/td>\n<td>Sinoextrud<\/td>\n<\/tr>\n<tr>\n<td class=\"label\">P\u016fvod:<\/td>\n<td>\u010c\u00edna<\/td>\n<\/tr>\n<tr>\n<td class=\"label\">Tvar:<\/td>\n<td>na m\u00edru<\/td>\n<\/tr>\n<tr>\n<td class=\"label\">Typ:<\/td>\n<td>Upevn\u011bn\u00ed a nastaviteln\u00e1 instalace<\/td>\n<\/tr>\n<tr>\n<td class=\"label\">M\u00edrnost:<\/td>\n<td>T3-T8<\/td>\n<\/tr>\n<tr>\n<td class=\"label\">Slitina:<\/td>\n<td>Slitina<\/td>\n<\/tr>\n<tr>\n<td class=\"label\">Specifikace:<\/td>\n<td>ISO9001-2008<\/td>\n<\/tr>\n<tr>\n<td class=\"label\">K\u00f3d HS:<\/td>\n<td>7604210000<\/td>\n<\/tr>\n<\/table>\n<h2>Na\u0161e v\u00fdrobn\u00ed z\u00e1kladna<\/h2>\n<h3>Panorama tov\u00e1rny<\/h3>\n<p><img decoding=\"async\" src=\"\/wp-content\/uploads\/factory-01.webp\"\/><\/p>\n<h3>D\u00edlna na v\u00fdrobu hlin\u00edkov\u00fdch ty\u010d\u00ed<\/h3>\n<p><img decoding=\"async\" src=\"\/wp-content\/uploads\/factory-02.webp\"\/><\/p>\n<p><img decoding=\"async\" src=\"\/wp-content\/uploads\/factory-03.webp\"\/><\/p>\n<h3>Sklad pl\u00edsn\u00ed<\/h3>\n<p><img decoding=\"async\" src=\"\/wp-content\/uploads\/factory-04.webp\"\/><\/p>\n<h3>43 linek na vytla\u010dov\u00e1n\u00ed hlin\u00edku (500-5500 tun)<\/h3>\n<p><img decoding=\"async\" src=\"\/wp-content\/uploads\/factory-05.webp\"\/><\/p>\n<p><img decoding=\"async\" src=\"\/wp-content\/uploads\/factory-06.webp\"\/><\/p>\n<p><img decoding=\"async\" src=\"\/wp-content\/uploads\/factory-07.webp\"\/><\/p>\n<h3>D\u00edlna pr\u00e1\u0161kov\u00e9ho lakov\u00e1n\u00ed<\/h3>\n<p><img decoding=\"async\" src=\"\/wp-content\/uploads\/factory-09.webp\"\/><\/p>\n<h3>D\u00edlna eloxov\u00e1n\u00ed<\/h3>\n<p><img decoding=\"async\" src=\"\/wp-content\/uploads\/factory-10.webp\"\/><\/p>\n<h3>Workshop o hloubkov\u00e9m zpracov\u00e1n\u00ed<\/h3>\n<p><img decoding=\"async\" src=\"\/wp-content\/uploads\/factory-11.webp\"\/><\/p>\n<h3>D\u00edlna CNC p\u0159esn\u00e9ho obr\u00e1b\u011bn\u00ed<\/h3>\n<p><img decoding=\"async\" src=\"\/wp-content\/uploads\/factory-11.5.webp\"\/><\/p>\n<h3>Sklad hotov\u00fdch v\u00fdrobk\u016f a exportn\u00ed sklad<\/h3>\n<p><img decoding=\"async\" src=\"\/wp-content\/uploads\/factory-12.webp\"\/><\/p>\n<p><img decoding=\"async\" src=\"\/wp-content\/uploads\/factory-13.webp\"\/><\/p>\n<p><img decoding=\"async\" src=\"\/wp-content\/uploads\/factory-14.webp\"\/><\/p>\n<h2>\u010cASTO KLADEN\u00c9 DOTAZY<\/h2>\n<p><p><b>1.Co jsou hlin\u00edkov\u00e9 v\u00fdlisky s fluorouhl\u00edkov\u00fdm povlakem?<\/b><\/p>\n<p>Hlin\u00edkov\u00e9 v\u00fdlisky s fluorokarbonov\u00fdm povlakem jsou hlin\u00edkov\u00e9 profily s povrchovou \u00fapravou na b\u00e1zi fluorokarbonu, kter\u00e1 zaji\u0161\u0165uje vynikaj\u00edc\u00ed odolnost proti pov\u011btrnostn\u00edm vliv\u016fm a trvanlivost.<br \/>\n<\/p><br \/>\n<br \/>\n<p><b>2.Co je antifluoritov\u00fd hlin\u00edkov\u00fd profil PVDF?<\/b><\/p>\n<p>Hlin\u00edkov\u00fd profil PVDF s antifluoritovou \u00fapravou je opat\u0159en polyvinylidenfluoridovou (PVDF) vrstvou, kter\u00e1 odol\u00e1v\u00e1 fluoritov\u00e9 korozi a degradaci vlivem prost\u0159ed\u00ed.<br \/>\n<\/p><br \/>\n<br \/>\n<p><b>3.Jak\u00e9 jsou hlavn\u00ed v\u00fdhody fluorouhl\u00edkov\u00e9ho povlaku na hlin\u00edkov\u00fdch v\u00fdlisc\u00edch?<\/b><\/p>\n<p>Nab\u00edzej\u00ed vynikaj\u00edc\u00ed odolnost proti UV z\u00e1\u0159en\u00ed, ochranu proti korozi, st\u00e1lobarevnost, odolnost proti chemik\u00e1li\u00edm a hladk\u00fd, dlouhotrvaj\u00edc\u00ed povrch.<br \/>\n<\/p><br \/>\n<br \/>\n<p><b>4.Pro\u010d zvolit antifluoritov\u00fd PVDF povlak pro hlin\u00edkov\u00e9 profily?<\/b><\/p>\n<p>Antifluoritov\u00e9 povlaky PVDF chr\u00e1n\u00ed hlin\u00edk p\u0159ed kysel\u00fdm fluoritov\u00fdm zne\u010di\u0161t\u011bn\u00edm, zvy\u0161uj\u00ed odolnost povrchu a udr\u017euj\u00ed estetick\u00fd vzhled v n\u00e1ro\u010dn\u00fdch podm\u00ednk\u00e1ch.<br \/>\n<\/p><br \/>\n<br \/>\n<p><b>5.Mohou b\u00fdt hlin\u00edkov\u00e9 v\u00fdlisky s fluorouhl\u00edkov\u00fdm povlakem p\u0159izp\u016fsobeny?<\/b><\/p>\n<p>Ano, lze je p\u0159izp\u016fsobit typu slitiny, tvaru profilu, velikosti, barv\u011b povlaku a povrchov\u00e9 \u00faprav\u011b tak, aby vyhovovaly specifick\u00fdm architektonick\u00fdm a pr\u016fmyslov\u00fdm pot\u0159eb\u00e1m.<br \/>\n<\/p><br \/>\n<br \/>\n<p><b>6.Jak fluorouhl\u00edkov\u00fd povlak zlep\u0161uje v\u00fdkonnost vytla\u010dov\u00e1n\u00ed hlin\u00edku?<\/b><\/p>\n<p>Povlak vytv\u00e1\u0159\u00ed pevnou a pru\u017enou bari\u00e9ru, kter\u00e1 odol\u00e1v\u00e1 blednut\u00ed, k\u0159\u00eddov\u00e1n\u00ed, prask\u00e1n\u00ed, odlupov\u00e1n\u00ed a po\u0161kozen\u00ed vlivem prost\u0159ed\u00ed, \u010d\u00edm\u017e prodlu\u017euje \u017eivotnost v\u00fdrobku.<br \/>\n<\/p><br \/>\n<br \/>\n<p><b>7.Jsou fluorokarbonov\u00e9 a antifluoritov\u00e9 hlin\u00edkov\u00e9 profily PVDF vhodn\u00e9 pro venkovn\u00ed pou\u017eit\u00ed?<\/b><\/p>\n<p>Ano, poskytuj\u00ed vynikaj\u00edc\u00ed odolnost proti UV z\u00e1\u0159en\u00ed, vlhkosti, zne\u010di\u0161t\u011bn\u00ed a teplotn\u00edm v\u00fdkyv\u016fm, co\u017e je ide\u00e1ln\u00ed pro pou\u017eit\u00ed v exteri\u00e9ru budov.<br \/>\n<\/p><br \/>\n<br \/>\n<p><b>8. V jak\u00fdch pr\u016fmyslov\u00fdch odv\u011btv\u00edch se b\u011b\u017en\u011b pou\u017e\u00edvaj\u00ed fluorouhl\u00edkov\u00e9 povlaky a antifluoritov\u00e9 PVDF hlin\u00edkov\u00e9 v\u00fdlisky?<\/b><\/p>\n<p>Tyto profily se pou\u017e\u00edvaj\u00ed ve stavebnictv\u00ed, automobilov\u00e9m pr\u016fmyslu, leteck\u00e9m pr\u016fmyslu, p\u0159i v\u00fdrob\u011b zna\u010den\u00ed a v architektu\u0159e pro jejich odolnost a prvot\u0159\u00eddn\u00ed ochrann\u00e9 povrchov\u00e9 \u00fapravy.<br \/>\n<\/p><br \/>\n<br \/>\n<p><b>9.Jak fluorouhl\u00edkov\u00e9 a antifluoritov\u00e9 povlaky PVDF podporuj\u00ed udr\u017eitelnou v\u00fdrobu?<\/b><\/p>\n<p>Tyto n\u00e1t\u011bry prodlu\u017euj\u00ed \u017eivotnost hlin\u00edkov\u00fdch v\u00fdrobk\u016f, sni\u017euj\u00ed n\u00e1roky na \u00fadr\u017ebu a recyklovatelnost hlin\u00edku podporuje ekologick\u00e9 stavebn\u00ed postupy.<br \/>\n<\/p><br \/><\/p>","protected":false},"featured_media":6542,"template":"","categories":[63],"class_list":["post-6543","product","type-product","status-publish","has-post-thumbnail","hentry","category-fluorocarbon-coating-profile"],"meta_box":{"hilight_text_group":{"product_hilight_text":"<li>Fluorocarbon coating provides superior weather and UV resistance<\/li>\r\r\n<li>Anti-fluorite PVDF finish enhances surface durability and corrosion protection<\/li>\r\r\n<li>High-quality aluminum extrusions with precise dimensional control<\/li>\r\r\n<li>Ideal for architectural applications requiring long-lasting aesthetic appeal<\/li>\r\r\n<li>Supports custom profiles, colors, and bulk order fulfillment<\/li>","product_chanpin_blog":"<ul>\r\r\n<li><a href=\"https:\/\/sinoextrud.com\/t-slot-v-slot-differences\/\" target=\"_blank\">t slot vs v slot<\/a><\/li>\r\r\n<li><a href=\"https:\/\/sinoextrud.com\/what-is-4040-aluminium-extrud\/\" target=\"_blank\">4040 aluminium extrusion<\/a><\/li>\r\r\n<li><a href=\"https:\/\/sinoextrud.com\/what-is-4040-aluminium-extrud\/\" target=\"_blank\">aluminum extrusions for industrial racks<\/a><\/li>\r\r\n<li><a href=\"https:\/\/sinoextrud.com\/powder-coating-aluminium-process\/\" target=\"_blank\">powder coating aluminium<\/a><\/li>\r\r\n<li><a href=\"https:\/\/sinoextrud.com\/what-is-an-aluminium-strip-ceiling\/\" target=\"_blank\">aluminium strip ceiling<\/a><\/li>\r\r\n<li><a href=\"https:\/\/sinoextrud.com\/what-is-a-heat-sink\/\" target=\"_blank\">what is a heat sink<\/a><\/li>\r\r\n<\/ul>","product_chanpin_chanpin":"<li><a href=\"https:\/\/sinoextrud.com\/product\/soundproofed-watertigh\/\" target=\"_blank\">Soundproofed Watertight Wind resistant occulting frame powder coated Facade Cladding and Glass wall aluminium profile<\/a><\/li>\r\n<li><a href=\"https:\/\/sinoextrud.com\/product\/eco-friendly-water-borne-fluorocarbon-spraying-decorative-aluminum-profile-for-outdoor-project\/\" target=\"_blank\">ECO-Friendly Water-borne Fluorocarbon Spraying Decorative Aluminum Profile For Outdoor Project<\/a><\/li>\r\n<li><a href=\"https:\/\/sinoextrud.com\/product\/fluorocarbon-coated-aluminium-extrusions\/\" target=\"_blank\">Fluorocarbon Coated Aluminium Extrusions<\/a><\/li>\r\n<li><a href=\"https:\/\/sinoextrud.com\/product\/aluminum-rectangular-tubing-for-wooden-horizontal-aluminum-fence-panels-system\/\" target=\"_blank\">aluminum rectangular tubing for wooden horizontal aluminum fence panels system<\/a><\/li>\r\n<li><a href=\"https:\/\/sinoextrud.com\/product\/fluorocarbon-coating-aluminium-extrusions-anti-fluorite-pvdf-aluminium-profile\/\" target=\"_blank\">Fluorocarbon coating aluminium extrusions Anti fluorite PVDF aluminium profile<\/a><\/li>\r\n<li><a href=\"https:\/\/sinoextrud.com\/product\/pvdf-coating-aluminum-profile\/\" target=\"_blank\">PVDF Coating Aluminum Profile<\/a><\/li>\r\n<li><a href=\"https:\/\/sinoextrud.com\/product\/custom-wood-grain-aluminium-profiles\/\" target=\"_blank\">Custom Wood Grain Aluminium Profiles<\/a><\/li>\r\n<li><a href=\"https:\/\/sinoextrud.com\/product\/wood-grain-aluminum-square-hollow-profile\/\" target=\"_blank\">Wood Grain Aluminum Square Hollow Profile<\/a><\/li>\r\n<li><a href=\"https:\/\/sinoextrud.com\/product\/wood-look-aluminum-soffit\/\" target=\"_blank\">Wood Look Aluminum Soffit<\/a><\/li>\r\n<li><a href=\"https:\/\/sinoextrud.com\/product\/extruded-aluminium-housing\/\" target=\"_blank\">Extruded Aluminium Housing<\/a><\/li>\r\n<li><a href=\"https:\/\/sinoextrud.com\/product\/aluminium-exrtrusion-slot\/\" target=\"_blank\">Aluminium Exrtrusion Slot<\/a><\/li>"},"feature_list":[]},"_links":{"self":[{"href":"https:\/\/sinoextrud.com\/cs\/wp-json\/wp\/v2\/product\/6543","targetHints":{"allow":["GET"]}}],"collection":[{"href":"https:\/\/sinoextrud.com\/cs\/wp-json\/wp\/v2\/product"}],"about":[{"href":"https:\/\/sinoextrud.com\/cs\/wp-json\/wp\/v2\/types\/product"}],"wp:featuredmedia":[{"embeddable":true,"href":"https:\/\/sinoextrud.com\/cs\/wp-json\/wp\/v2\/media\/6542"}],"wp:attachment":[{"href":"https:\/\/sinoextrud.com\/cs\/wp-json\/wp\/v2\/media?parent=6543"}],"wp:term":[{"taxonomy":"category","embeddable":true,"href":"https:\/\/sinoextrud.com\/cs\/wp-json\/wp\/v2\/categories?post=6543"}],"curies":[{"name":"wp","href":"https:\/\/api.w.org\/{rel}","templated":true}]}}