{"id":6539,"date":"2025-05-29T07:19:45","date_gmt":"2025-05-29T07:19:45","guid":{"rendered":"https:\/\/sinoextrud.com\/product\/fluorocarbon-coated-aluminium-extrusions\/"},"modified":"2025-06-24T06:11:07","modified_gmt":"2025-06-24T06:11:07","slug":"hlinikove-vylisky-s-fluorouhlikovym-povlakem","status":"publish","type":"product","link":"https:\/\/sinoextrud.com\/cs\/product\/fluorocarbon-coated-aluminium-extrusions\/","title":{"rendered":"Hlin\u00edkov\u00e9 v\u00fdlisky s fluorouhl\u00edkov\u00fdm povlakem"},"content":{"rendered":"<h2>Podrobnosti o produktech<\/h2>\n<table class=\"custom-table\">\n<tr>\n<td class=\"label\">\u0158ada z\u00e1v\u011bsov\u00fdch st\u011bn<\/td>\n<td>\u0158ada dve\u0159\u00ed a oken<\/td>\n<\/tr>\n<tr>\n<td class=\"label\">Sklen\u011bn\u00e9 z\u00e1v\u011bsy \u0159ady 80-200<\/td>\n<td>Lomen\u00e9 m\u016fstkov\u00e9 profily \u0159ady GR50, 508, 55, 65 a 65A pro k\u0159\u00eddlov\u00fd syst\u00e9m<\/td>\n<\/tr>\n<tr>\n<td class=\"label\">Bodov\u011b podep\u0159en\u00e9 z\u00e1v\u011bsov\u00e9 st\u011bny<\/td>\n<td>Lomen\u00e9 mostn\u00ed profily \u0159ady GR85, 958, 90, 95 a 966 pro posuvn\u00fd syst\u00e9m<\/td>\n<\/tr>\n<tr>\n<td class=\"label\">Tepeln\u011b-izola\u010dn\u00ed lomen\u00e9 mostn\u00ed z\u00e1v\u011bsy<\/td>\n<td>YG868, 968, 90A, 50B, 50C, 50E a dal\u0161\u00ed \u0159ady pro b\u011b\u017en\u00e9 posuvn\u00e9 a k\u0159\u00eddlov\u00e9 syst\u00e9my<\/td>\n<\/tr>\n<tr>\n<td class=\"label\">Pr\u016fmyslov\u00e9 profily<\/td>\n<td>Hlin\u00edkov\u00fd plech<\/td>\n<\/tr>\n<tr>\n<td class=\"label\">Automobilov\u00e9 profily<\/td>\n<td>CNC zpracov\u00e1n\u00ed, povlak PVDF, lisov\u00e1n\u00ed na zak\u00e1zku<\/td>\n<\/tr>\n<\/table>\n<h2>Na\u0161e v\u00fdrobn\u00ed z\u00e1kladna<\/h2>\n<h3>Panorama tov\u00e1rny<\/h3>\n<p><img decoding=\"async\" src=\"\/wp-content\/uploads\/factory-01.webp\"\/><\/p>\n<h3>D\u00edlna na v\u00fdrobu hlin\u00edkov\u00fdch ty\u010d\u00ed<\/h3>\n<p><img decoding=\"async\" src=\"\/wp-content\/uploads\/factory-02.webp\"\/><\/p>\n<p><img decoding=\"async\" src=\"\/wp-content\/uploads\/factory-03.webp\"\/><\/p>\n<h3>Sklad pl\u00edsn\u00ed<\/h3>\n<p><img decoding=\"async\" src=\"\/wp-content\/uploads\/factory-04.webp\"\/><\/p>\n<h3>43 linek na vytla\u010dov\u00e1n\u00ed hlin\u00edku (500-5500 tun)<\/h3>\n<p><img decoding=\"async\" src=\"\/wp-content\/uploads\/factory-05.webp\"\/><\/p>\n<p><img decoding=\"async\" src=\"\/wp-content\/uploads\/factory-06.webp\"\/><\/p>\n<p><img decoding=\"async\" src=\"\/wp-content\/uploads\/factory-07.webp\"\/><\/p>\n<h3>D\u00edlna pr\u00e1\u0161kov\u00e9ho lakov\u00e1n\u00ed<\/h3>\n<p><img decoding=\"async\" src=\"\/wp-content\/uploads\/factory-09.webp\"\/><\/p>\n<h3>D\u00edlna eloxov\u00e1n\u00ed<\/h3>\n<p><img decoding=\"async\" src=\"\/wp-content\/uploads\/factory-10.webp\"\/><\/p>\n<h3>Workshop o hloubkov\u00e9m zpracov\u00e1n\u00ed<\/h3>\n<p><img decoding=\"async\" src=\"\/wp-content\/uploads\/factory-11.webp\"\/><\/p>\n<h3>D\u00edlna CNC p\u0159esn\u00e9ho obr\u00e1b\u011bn\u00ed<\/h3>\n<p><img decoding=\"async\" src=\"\/wp-content\/uploads\/factory-11.5.webp\"\/><\/p>\n<h3>Sklad hotov\u00fdch v\u00fdrobk\u016f a exportn\u00ed sklad<\/h3>\n<p><img decoding=\"async\" src=\"\/wp-content\/uploads\/factory-12.webp\"\/><\/p>\n<p><img decoding=\"async\" src=\"\/wp-content\/uploads\/factory-13.webp\"\/><\/p>\n<p><img decoding=\"async\" src=\"\/wp-content\/uploads\/factory-14.webp\"\/><\/p>\n<h2>\u010cASTO KLADEN\u00c9 DOTAZY<\/h2>\n<p><p><b>1.Co jsou hlin\u00edkov\u00e9 v\u00fdlisky s fluorouhl\u00edkov\u00fdm povlakem?<\/b><\/p>\n<p>Hlin\u00edkov\u00e9 v\u00fdlisky s fluorokarbonov\u00fdm povlakem jsou hlin\u00edkov\u00e9 profily s fluorokarbonovou povrchovou \u00fapravou, kter\u00e1 zaji\u0161\u0165uje vynikaj\u00edc\u00ed trvanlivost, odolnost proti korozi a estetick\u00fd vzhled.<br \/>\n<\/p><br \/>\n<br \/>\n<p><b>2.Jak\u00e9 jsou hlavn\u00ed v\u00fdhody hlin\u00edkov\u00fdch v\u00fdlisk\u016f s fluorouhl\u00edkov\u00fdm povlakem?<\/b><\/p>\n<p>Nab\u00edzej\u00ed vynikaj\u00edc\u00ed odolnost proti UV z\u00e1\u0159en\u00ed, odolnost proti pov\u011btrnostn\u00edm vliv\u016fm, st\u00e1lobarevnost, odolnost proti chemik\u00e1li\u00edm a hladk\u00fd, dlouhotrvaj\u00edc\u00ed povrch ide\u00e1ln\u00ed pro pou\u017eit\u00ed v exteri\u00e9ru.<br \/>\n<\/p><br \/>\n<br \/>\n<p><b>3.Pro\u010d zvolit fluorouhl\u00edkov\u00fd povlak pro hlin\u00edkov\u00e9 v\u00fdlisky?<\/b><\/p>\n<p>Fluorouhl\u00edkov\u00e9 n\u00e1t\u011bry poskytuj\u00ed vynikaj\u00edc\u00ed ochranu proti vliv\u016fm prost\u0159ed\u00ed, sni\u017euj\u00ed n\u00e1klady na \u00fadr\u017ebu a ve srovn\u00e1n\u00ed s jin\u00fdmi povrchov\u00fdmi \u00fapravami zachov\u00e1vaj\u00ed \u017eiv\u00e9 barvy po mnoho let.<br \/>\n<\/p><br \/>\n<br \/>\n<p><b>4.Mohou b\u00fdt hlin\u00edkov\u00e9 v\u00fdlisky s fluorouhl\u00edkov\u00fdm povlakem p\u0159izp\u016fsobeny?<\/b><\/p>\n<p>Ano, lze je p\u0159izp\u016fsobit t\u0159\u00edd\u011b slitiny, tvaru profilu, velikosti, barv\u011b povlaku a povrchov\u00e9 \u00faprav\u011b tak, aby spl\u0148ovaly specifick\u00e9 architektonick\u00e9 a pr\u016fmyslov\u00e9 po\u017eadavky.<br \/>\n<\/p><br \/>\n<br \/>\n<p><b>5.Jak fluorouhl\u00edkov\u00fd povlak zlep\u0161uje vlastnosti hlin\u00edkov\u00fdch v\u00fdlisk\u016f?<\/b><\/p>\n<p>Povlak vytv\u00e1\u0159\u00ed pevnou, pru\u017enou vrstvu, kter\u00e1 odol\u00e1v\u00e1 blednut\u00ed, k\u0159\u00eddov\u00e1n\u00ed, prask\u00e1n\u00ed a odlupov\u00e1n\u00ed, \u010d\u00edm\u017e zvy\u0161uje \u017eivotnost a vzhled v\u00fdlisk\u016f.<br \/>\n<\/p><br \/>\n<br \/>\n<p><b>6.Jsou hlin\u00edkov\u00e9 v\u00fdlisky s fluorouhl\u00edkov\u00fdm povlakem vhodn\u00e9 pro venkovn\u00ed pou\u017eit\u00ed?<\/b><\/p>\n<p>Ano, jsou vysoce odoln\u00e9 v\u016f\u010di UV z\u00e1\u0159en\u00ed, vlhkosti, zne\u010di\u0161t\u011bn\u00ed a teplotn\u00edm v\u00fdkyv\u016fm, tak\u017ee jsou ide\u00e1ln\u00ed pro venkovn\u00ed fas\u00e1dy, okna a dve\u0159e.<br \/>\n<\/p><br \/>\n<br \/>\n<p><b>7.Ve kter\u00fdch pr\u016fmyslov\u00fdch odv\u011btv\u00edch se b\u011b\u017en\u011b pou\u017e\u00edvaj\u00ed hlin\u00edkov\u00e9 v\u00fdlisky s fluorouhl\u00edkov\u00fdm povlakem?<\/b><\/p>\n<p>Stavebn\u00ed, automobilov\u00fd, leteck\u00fd a architektonick\u00fd pr\u016fmysl pou\u017e\u00edv\u00e1 tyto v\u00fdlisky pro jejich trvanlivost a prvot\u0159\u00eddn\u00ed povrchovou \u00fapravu.<br \/>\n<\/p><br \/>\n<br \/>\n<p><b>8.Jak fluorouhl\u00edkov\u00fd povlak podporuje udr\u017eitelnou v\u00fdrobu?<\/b><\/p>\n<p>Fluorouhl\u00edkov\u00e9 povlaky prodlu\u017euj\u00ed \u017eivotnost v\u00fdrobku, sni\u017euj\u00ed n\u00e1roky na \u00fadr\u017ebu a hlin\u00edk je pln\u011b recyklovateln\u00fd, co\u017e p\u0159isp\u00edv\u00e1 k ekologick\u00e9mu stavebnictv\u00ed.<br \/>\n<\/p><br \/><\/p>","protected":false},"featured_media":6538,"template":"","categories":[63],"class_list":["post-6539","product","type-product","status-publish","has-post-thumbnail","hentry","category-fluorocarbon-coating-profile"],"meta_box":{"hilight_text_group":{"product_hilight_text":"<li>Fluorocarbon coating offers exceptional weather and UV resistance<\/li>\r\r\n<li>Durable finish maintains color and gloss for extended periods<\/li>\r\r\n<li>High-quality aluminum extrusions with precise dimensions<\/li>\r\r\n<li>Ideal for architectural and industrial applications requiring long-lasting surfaces<\/li>\r\r\n<li>Supports custom profiles, sizes, and bulk production orders<\/li>","product_chanpin_blog":"<ul>\r\r\n<li><a href=\"https:\/\/sinoextrud.com\/t-slot-v-slot-differences\/\" target=\"_blank\">t slot vs v slot<\/a><\/li>\r\r\n<li><a href=\"https:\/\/sinoextrud.com\/what-is-4040-aluminium-extrud\/\" target=\"_blank\">4040 aluminium extrusion<\/a><\/li>\r\r\n<li><a href=\"https:\/\/sinoextrud.com\/what-is-4040-aluminium-extrud\/\" target=\"_blank\">aluminum extrusions for industrial racks<\/a><\/li>\r\r\n<li><a href=\"https:\/\/sinoextrud.com\/powder-coating-aluminium-process\/\" target=\"_blank\">powder coating aluminium<\/a><\/li>\r\r\n<li><a href=\"https:\/\/sinoextrud.com\/what-is-an-aluminium-strip-ceiling\/\" target=\"_blank\">aluminium strip ceiling<\/a><\/li>\r\r\n<li><a href=\"https:\/\/sinoextrud.com\/what-is-a-heat-sink\/\" target=\"_blank\">what is a heat sink<\/a><\/li>\r\r\n<\/ul>","product_chanpin_chanpin":"<li><a href=\"https:\/\/sinoextrud.com\/product\/aluminium-extrusion-press-line-profile-wooden-grained-coating-color-oem\/\" target=\"_blank\">Aluminium Extrusion Press Line profile wooden grained coating color OEM for Door Curtain Wall Ceiling<\/a><\/li>\r\n<li><a href=\"https:\/\/sinoextrud.com\/product\/pvdf-coating-aluminum-profile-curtain-wall\/\" target=\"_blank\">PVDF Coating Aluminum profile Curtain Wall<\/a><\/li>\r\n<li><a href=\"https:\/\/sinoextrud.com\/product\/soundproofed-watertigh\/\" target=\"_blank\">Soundproofed Watertight Wind resistant occulting frame powder coated Facade Cladding and Glass wall aluminium profile<\/a><\/li>\r\n<li><a href=\"https:\/\/sinoextrud.com\/product\/eco-friendly-water-borne-fluorocarbon-spraying-decorative-aluminum-profile-for-outdoor-project\/\" target=\"_blank\">ECO-Friendly Water-borne Fluorocarbon Spraying Decorative Aluminum Profile For Outdoor Project<\/a><\/li>\r\n<li><a href=\"https:\/\/sinoextrud.com\/product\/fluorocarbon-coated-aluminium-extrusions\/\" target=\"_blank\">Fluorocarbon Coated Aluminium Extrusions<\/a><\/li>\r\n<li><a href=\"https:\/\/sinoextrud.com\/product\/aluminum-rectangular-tubing-for-wooden-horizontal-aluminum-fence-panels-system\/\" target=\"_blank\">aluminum rectangular tubing for wooden horizontal aluminum fence panels system<\/a><\/li>\r\n<li><a href=\"https:\/\/sinoextrud.com\/product\/fluorocarbon-coating-aluminium-extrusions-anti-fluorite-pvdf-aluminium-profile\/\" target=\"_blank\">Fluorocarbon coating aluminium extrusions Anti fluorite PVDF aluminium profile<\/a><\/li>\r\n<li><a href=\"https:\/\/sinoextrud.com\/product\/pvdf-coating-aluminum-profile\/\" target=\"_blank\">PVDF Coating Aluminum Profile<\/a><\/li>\r\n<li><a href=\"https:\/\/sinoextrud.com\/product\/custom-wood-grain-aluminium-profiles\/\" target=\"_blank\">Custom Wood Grain Aluminium Profiles<\/a><\/li>\r\n<li><a href=\"https:\/\/sinoextrud.com\/product\/aluminium-extrusion-tube\/\" target=\"_blank\">Aluminium Extrusion Tube<\/a><\/li>\r\n<li><a href=\"https:\/\/sinoextrud.com\/product\/l-aluminum-profile-for-glass-railing\/\" target=\"_blank\">L Aluminum Profile For Glass Railing<\/a><\/li>"},"feature_list":[]},"_links":{"self":[{"href":"https:\/\/sinoextrud.com\/cs\/wp-json\/wp\/v2\/product\/6539","targetHints":{"allow":["GET"]}}],"collection":[{"href":"https:\/\/sinoextrud.com\/cs\/wp-json\/wp\/v2\/product"}],"about":[{"href":"https:\/\/sinoextrud.com\/cs\/wp-json\/wp\/v2\/types\/product"}],"wp:featuredmedia":[{"embeddable":true,"href":"https:\/\/sinoextrud.com\/cs\/wp-json\/wp\/v2\/media\/6538"}],"wp:attachment":[{"href":"https:\/\/sinoextrud.com\/cs\/wp-json\/wp\/v2\/media?parent=6539"}],"wp:term":[{"taxonomy":"category","embeddable":true,"href":"https:\/\/sinoextrud.com\/cs\/wp-json\/wp\/v2\/categories?post=6539"}],"curies":[{"name":"wp","href":"https:\/\/api.w.org\/{rel}","templated":true}]}}