{"id":6524,"date":"2025-05-29T06:47:07","date_gmt":"2025-05-29T06:47:07","guid":{"rendered":"https:\/\/sinoextrud.com\/product\/electrophoretic-wood-surface-aluminum-square-pipe\/"},"modified":"2025-06-24T06:11:04","modified_gmt":"2025-06-24T06:11:04","slug":"elektroforeticky-povrch-dreva-hlinikove-ctvercove-trubky","status":"publish","type":"product","link":"https:\/\/sinoextrud.com\/cs\/product\/electrophoretic-wood-surface-aluminum-square-pipe\/","title":{"rendered":"Elektroforetick\u00fd povrch d\u0159eva a hlin\u00edkov\u00e9 \u010dtvercov\u00e9 trubky"},"content":{"rendered":"<h2>Podrobnosti o produktech<\/h2>\n<table class=\"custom-table\">\n<tr>\n<td class=\"label\">Polo\u017eka<\/td>\n<td>Elektroforetick\u00e9 hedv\u00e1b\u00ed-hlin\u00edkov\u00e9 \u010dtvercov\u00e9 trubky<\/td>\n<\/tr>\n<tr>\n<td class=\"label\">Materi\u00e1l<\/td>\n<td>Hlin\u00edk \u0159ady 6000<\/td>\n<\/tr>\n<tr>\n<td class=\"label\">Temperament<\/td>\n<td>T4, T5, T6<\/td>\n<\/tr>\n<tr>\n<td class=\"label\">Tvar<\/td>\n<td>\u010dtvercov\u00e9, kulat\u00e9, obd\u00e9ln\u00edkov\u00e9, na m\u00edru<\/td>\n<\/tr>\n<tr>\n<td class=\"label\">Aplikace<\/td>\n<td>V n\u00e1bytku, oknech a dve\u0159\u00edch, dekorac\u00edch, pr\u016fmyslu, stavebnictv\u00ed atd.<\/td>\n<\/tr>\n<tr>\n<td class=\"label\">Barvy<\/td>\n<td>Ref pr\u00e1\u0161kov\u00e9 lakov\u00e1n\u00ed barevn\u00fd list a p\u0159izp\u016fsoben\u00e9 barvy k dispozici<\/td>\n<\/tr>\n<tr>\n<td class=\"label\">Hloubkov\u00fd proces<\/td>\n<td>CNC, vrt\u00e1n\u00ed, fr\u00e9zov\u00e1n\u00ed, \u0159ez\u00e1n\u00ed, sva\u0159ov\u00e1n\u00ed, oh\u00fdb\u00e1n\u00ed, mont\u00e1\u017e<\/td>\n<\/tr>\n<tr>\n<td class=\"label\">MOQ<\/td>\n<td>200 kg pro ka\u017edou polo\u017eku<\/td>\n<\/tr>\n<tr>\n<td class=\"label\">Podrobnosti o balen\u00ed<\/td>\n<td>(1) Uvnit\u0159: baleno s plastovou ochrannou f\u00f3li\u00ed, kter\u00e1 chr\u00e1n\u00ed ka\u017ed\u00fd kus.<br \/>(2) Venku: Zabalte svazky do vod\u011bodoln\u00e9ho \u0159emesln\u00e9ho pap\u00edru.<\/td>\n<\/tr>\n<tr>\n<td class=\"label\">Doba dod\u00e1n\u00ed<\/td>\n<td>(1) V\u00fdvoj a testov\u00e1n\u00ed vzork\u016f: 12-18 dn\u00ed.<br \/>(2) Dokon\u010den\u00ed hromadn\u00e9 v\u00fdroby: 20-30 dn\u00ed po potvrzen\u00ed vzorku kupuj\u00edc\u00edm.<\/td>\n<\/tr>\n<tr>\n<td class=\"label\">P\u0159\u00edstav FOB<\/td>\n<td>SHENZHEN \/ GUANGZHOU \/ FOSHAN<\/td>\n<\/tr>\n<tr>\n<td class=\"label\">Platebn\u00ed podm\u00ednky<\/td>\n<td>T\/T 30% pro vklad, z\u016fstatek p\u0159ed odesl\u00e1n\u00edm.<\/td>\n<\/tr>\n<tr>\n<td class=\"label\">Term\u00edn vypo\u0159\u00e1d\u00e1n\u00ed<\/td>\n<td>\u00da\u010dtujte podle kone\u010dn\u00e9 skute\u010dn\u00e9 hmotnosti nebo podle teoretick\u00e9 hmotnosti p\u0159i \u010derp\u00e1n\u00ed.<\/td>\n<\/tr>\n<tr>\n<td class=\"label\">V\u00fdrobn\u00ed kapacita<\/td>\n<td>5000 tun m\u011bs\u00ed\u010dn\u011b, 60000 tun ro\u010dn\u011b.<\/td>\n<\/tr>\n<tr>\n<td class=\"label\">Certifik\u00e1t a norma<\/td>\n<td>CQM, SGS, CE, BV, SONCAP \/ GB, ISO, JIS, AS, NZS, QUALICOAT, QUOLANOD k dispozici<\/td>\n<\/tr>\n<tr>\n<td class=\"label\">Z\u00e1ruka<\/td>\n<td>Barva povrchu m\u016f\u017ee b\u00fdt stabiln\u00ed po dobu 10 ~ 20 let pou\u017e\u00edv\u00e1n\u00ed v interi\u00e9ru.<\/td>\n<\/tr>\n<\/table>\n<h2>Na\u0161e v\u00fdrobn\u00ed z\u00e1kladna<\/h2>\n<h3>Panorama tov\u00e1rny<\/h3>\n<p><img decoding=\"async\" src=\"\/wp-content\/uploads\/factory-01.webp\"\/><\/p>\n<h3>D\u00edlna na v\u00fdrobu hlin\u00edkov\u00fdch ty\u010d\u00ed<\/h3>\n<p><img decoding=\"async\" src=\"\/wp-content\/uploads\/factory-02.webp\"\/><\/p>\n<p><img decoding=\"async\" src=\"\/wp-content\/uploads\/factory-03.webp\"\/><\/p>\n<h3>Sklad pl\u00edsn\u00ed<\/h3>\n<p><img decoding=\"async\" src=\"\/wp-content\/uploads\/factory-04.webp\"\/><\/p>\n<h3>43 linek na vytla\u010dov\u00e1n\u00ed hlin\u00edku (500-5500 tun)<\/h3>\n<p><img decoding=\"async\" src=\"\/wp-content\/uploads\/factory-05.webp\"\/><\/p>\n<p><img decoding=\"async\" src=\"\/wp-content\/uploads\/factory-06.webp\"\/><\/p>\n<p><img decoding=\"async\" src=\"\/wp-content\/uploads\/factory-07.webp\"\/><\/p>\n<h3>D\u00edlna pr\u00e1\u0161kov\u00e9ho lakov\u00e1n\u00ed<\/h3>\n<p><img decoding=\"async\" src=\"\/wp-content\/uploads\/factory-09.webp\"\/><\/p>\n<h3>D\u00edlna eloxov\u00e1n\u00ed<\/h3>\n<p><img decoding=\"async\" src=\"\/wp-content\/uploads\/factory-10.webp\"\/><\/p>\n<h3>Workshop o hloubkov\u00e9m zpracov\u00e1n\u00ed<\/h3>\n<p><img decoding=\"async\" src=\"\/wp-content\/uploads\/factory-11.webp\"\/><\/p>\n<h3>D\u00edlna CNC p\u0159esn\u00e9ho obr\u00e1b\u011bn\u00ed<\/h3>\n<p><img decoding=\"async\" src=\"\/wp-content\/uploads\/factory-11.5.webp\"\/><\/p>\n<h3>Sklad hotov\u00fdch v\u00fdrobk\u016f a exportn\u00ed sklad<\/h3>\n<p><img decoding=\"async\" src=\"\/wp-content\/uploads\/factory-12.webp\"\/><\/p>\n<p><img decoding=\"async\" src=\"\/wp-content\/uploads\/factory-13.webp\"\/><\/p>\n<p><img decoding=\"async\" src=\"\/wp-content\/uploads\/factory-14.webp\"\/><\/p>\n<h2>\u010cASTO KLADEN\u00c9 DOTAZY<\/h2>\n<p><p><b>1.Co je elektroforetick\u00e1 d\u0159ev\u011bn\u00e1 povrchov\u00e1 hlin\u00edkov\u00e1 \u010dtvercov\u00e1 trubka?<\/b><\/p>\n<p>Jedn\u00e1 se o hlin\u00edkovou \u010dtvercovou trubku pota\u017eenou elektroforetickou povrchovou \u00fapravou se strukturou d\u0159eva, kter\u00e1 kombinuje odolnost hlin\u00edku s estetikou p\u0159\u00edrodn\u00edho d\u0159eva.<br \/>\n<\/p><br \/>\n<br \/>\n<p><b>2.Jak\u00e9 jsou kl\u00ed\u010dov\u00e9 v\u00fdhody elektroforetick\u00fdch d\u0159ev\u011bn\u00fdch povrchov\u00fdch hlin\u00edkov\u00fdch \u010dtvercov\u00fdch trubek?<\/b><\/p>\n<p>Nab\u00edzej\u00ed vynikaj\u00edc\u00ed odolnost proti korozi, odolnost proti po\u0161kr\u00e1b\u00e1n\u00ed, ochranu proti UV z\u00e1\u0159en\u00ed a realistick\u00fd vzhled d\u0159eva s n\u00edzk\u00fdmi n\u00e1roky na \u00fadr\u017ebu.<br \/>\n<\/p><br \/>\n<br \/>\n<p><b>3.Pro\u010d zvolit elektroforetick\u00fd povlak na d\u0159ev\u011bn\u00fd povrch hlin\u00edkov\u00fdch \u010dtvercov\u00fdch trubek?<\/b><\/p>\n<p>Elektroforetick\u00fd n\u00e1t\u011br poskytuje rovnom\u011brn\u00e9 pokryt\u00ed, silnou p\u0159ilnavost a dlouhotrvaj\u00edc\u00ed ochranu proti blednut\u00ed a odlupov\u00e1n\u00ed ve srovn\u00e1n\u00ed s tradi\u010dn\u00edmi n\u00e1t\u011bry d\u0159eva.<br \/>\n<\/p><br \/>\n<br \/>\n<p><b>4.Can elektroforetick\u00e9 d\u0159ev\u011bn\u00e9 povrchov\u00e9 hlin\u00edkov\u00e9 \u010dtvercov\u00e9 trubky b\u00fdt p\u0159izp\u016fsobeny?<\/b><\/p>\n<p>Ano, jejich velikost, tlou\u0161\u0165ku, vzor d\u0159eva a intenzitu barev lze p\u0159izp\u016fsobit konkr\u00e9tn\u00edm architektonick\u00fdm a designov\u00fdm pot\u0159eb\u00e1m.<br \/>\n<\/p><br \/>\n<br \/>\n<p><b>5.Jak povrchov\u00e1 \u00faprava d\u0159eva vylep\u0161uje hlin\u00edkov\u00e9 \u010dtvercov\u00e9 trubky?<\/b><\/p>\n<p>Povrchov\u00e1 \u00faprava nab\u00edz\u00ed p\u0159irozen\u00fd vzhled a teplo d\u0159eva p\u0159i zachov\u00e1n\u00ed lehk\u00fdch, nerezav\u011bj\u00edc\u00edch a odoln\u00fdch vlastnost\u00ed hlin\u00edku.<br \/>\n<\/p><br \/>\n<br \/>\n<p><b>6.Jsou elektroforetick\u00e9 d\u0159ev\u011bn\u00e9 povrchov\u00e9 hlin\u00edkov\u00e9 \u010dtvercov\u00e9 trubky vhodn\u00e9 pro venkovn\u00ed pou\u017eit\u00ed?<\/b><\/p>\n<p>Ano, jsou vysoce odoln\u00e9 v\u016f\u010di pov\u011btrnostn\u00edm vliv\u016fm, UV z\u00e1\u0159en\u00ed, vlhkosti a zne\u010di\u0161\u0165uj\u00edc\u00edm l\u00e1tk\u00e1m, tak\u017ee jsou ide\u00e1ln\u00ed pro pou\u017eit\u00ed v exteri\u00e9ru.<br \/>\n<\/p><br \/>\n<br \/>\n<p><b>7. Ve kter\u00fdch pr\u016fmyslov\u00fdch odv\u011btv\u00edch se b\u011b\u017en\u011b pou\u017e\u00edvaj\u00ed elektroforetick\u00e9 d\u0159ev\u011bn\u00e9 povrchov\u011b hlin\u00edkov\u00e9 \u010dtvercov\u00e9 trubky?<\/b><\/p>\n<p>Stavebnictv\u00ed, v\u00fdroba n\u00e1bytku, interi\u00e9rov\u00fd design a architektonick\u00fd pr\u016fmysl pou\u017e\u00edvaj\u00ed tyto trubky pro jejich kombinaci pevnosti a estetiky p\u0159\u00edrodn\u00edho d\u0159eva.<br \/>\n<\/p><br \/>\n<br \/>\n<p><b>8.Jak elektroforetick\u00fd povrch d\u0159eva a hlin\u00edkov\u00e9 \u010dtvercov\u00e9 trubky podporuje udr\u017eiteln\u00fd design?<\/b><\/p>\n<p>Hlin\u00edk je 100% recyklovateln\u00fd a elektroforetick\u00fd n\u00e1t\u011br je ekologick\u00fd proces, kter\u00fd p\u0159edstavuje udr\u017eitelnou alternativu k p\u0159\u00edrodn\u00edmu d\u0159evu.<br \/>\n<\/p><br \/><\/p>","protected":false},"featured_media":6523,"template":"","categories":[62],"class_list":["post-6524","product","type-product","status-publish","has-post-thumbnail","hentry","category-electrophoresis-aluminum-profile"],"meta_box":{"hilight_text_group":{"product_hilight_text":"<li>Electrophoretic wood surface finish combines natural look with durability<\/li>\r\r\n<li>Aluminum square pipe offers strong structural support and lightweight design<\/li>\r\r\n<li>Excellent corrosion resistance for indoor and outdoor applications<\/li>\r\r\n<li>High-precision extrusion ensures consistent dimensions and quality<\/li>\r\r\n<li>Supports custom sizes and bulk orders for architectural and decorative projects<\/li>","product_chanpin_blog":"<ul>\r\r\n<li><a href=\"https:\/\/sinoextrud.com\/t-slot-v-slot-differences\/\" target=\"_blank\">t slot vs v slot<\/a><\/li>\r\r\n<li><a href=\"https:\/\/sinoextrud.com\/what-is-4040-aluminium-extrud\/\" target=\"_blank\">4040 aluminium extrusion<\/a><\/li>\r\r\n<li><a href=\"https:\/\/sinoextrud.com\/what-is-4040-aluminium-extrud\/\" target=\"_blank\">aluminum extrusions for industrial racks<\/a><\/li>\r\r\n<li><a href=\"https:\/\/sinoextrud.com\/powder-coating-aluminium-process\/\" target=\"_blank\">powder coating aluminium<\/a><\/li>\r\r\n<li><a href=\"https:\/\/sinoextrud.com\/what-is-an-aluminium-strip-ceiling\/\" target=\"_blank\">aluminium strip ceiling<\/a><\/li>\r\r\n<li><a href=\"https:\/\/sinoextrud.com\/what-is-a-heat-sink\/\" target=\"_blank\">what is a heat sink<\/a><\/li>\r\r\n<\/ul>","product_chanpin_chanpin":"<li><a href=\"https:\/\/sinoextrud.com\/product\/golden-electrophoresis-aluminum-profile\/\" target=\"_blank\">Golden Electrophoresis Aluminum Profile<\/a><\/li>\r\n<li><a href=\"https:\/\/sinoextrud.com\/product\/aluminum-profile-with-pvdf-coating\/\" target=\"_blank\">Aluminum Profile With PVDF Coating<\/a><\/li>\r\n<li><a href=\"https:\/\/sinoextrud.com\/product\/electrophoresis-aluminum-profile-wood-grain\/\" target=\"_blank\">Electrophoresis Aluminum Profile Wood Grain<\/a><\/li>\r\n<li><a href=\"https:\/\/sinoextrud.com\/product\/elictrophoresis-matte-gold-aluminium-profile-cad\/\" target=\"_blank\">Elictrophoresis matte gold aluminium profile cad download section price per ton extrusions for windows and doors construction<\/a><\/li>\r\n<li><a href=\"https:\/\/sinoextrud.com\/product\/electrophoretic-wood-surface-aluminum-square-pipe\/\" target=\"_blank\">Electrophoretic wood surface-aluminum Square Pipe<\/a><\/li>\r\n<li><a href=\"https:\/\/sinoextrud.com\/product\/aluminum-square-tube-in-wooden-grain\/\" target=\"_blank\">Aluminum Square Tube In Wooden Grain<\/a><\/li>\r\n<li><a href=\"https:\/\/sinoextrud.com\/product\/alu-squ-tube-in-wood-grain-painting\/\" target=\"_blank\">Alu squ tube In Wood Grain Painting<\/a><\/li>\r\n<li><a href=\"https:\/\/sinoextrud.com\/product\/aluminium-extrusion-press-line-profile-wooden-grained-coating-color-oem\/\" target=\"_blank\">Aluminium Extrusion Press Line profile wooden grained coating color OEM for Door Curtain Wall Ceiling<\/a><\/li>\r\n<li><a href=\"https:\/\/sinoextrud.com\/product\/pvdf-coating-aluminum-profile-curtain-wall\/\" target=\"_blank\">PVDF Coating Aluminum profile Curtain Wall<\/a><\/li>\r\n<li><a href=\"https:\/\/sinoextrud.com\/product\/aluminum-heat-sink-box-shapes-profiles\/\" target=\"_blank\">Aluminum Heat Sink Box  Shapes  Profiles<\/a><\/li>\r\n<li><a href=\"https:\/\/sinoextrud.com\/product\/customized-extruded-shaped-aluminum-profiles-6063-anodized-industrial-aluminum-profile\/\" target=\"_blank\">Customized Extruded Shaped Aluminum Profiles 6063 Anodized Industrial Aluminum Profile<\/a><\/li>"},"feature_list":[]},"_links":{"self":[{"href":"https:\/\/sinoextrud.com\/cs\/wp-json\/wp\/v2\/product\/6524","targetHints":{"allow":["GET"]}}],"collection":[{"href":"https:\/\/sinoextrud.com\/cs\/wp-json\/wp\/v2\/product"}],"about":[{"href":"https:\/\/sinoextrud.com\/cs\/wp-json\/wp\/v2\/types\/product"}],"wp:featuredmedia":[{"embeddable":true,"href":"https:\/\/sinoextrud.com\/cs\/wp-json\/wp\/v2\/media\/6523"}],"wp:attachment":[{"href":"https:\/\/sinoextrud.com\/cs\/wp-json\/wp\/v2\/media?parent=6524"}],"wp:term":[{"taxonomy":"category","embeddable":true,"href":"https:\/\/sinoextrud.com\/cs\/wp-json\/wp\/v2\/categories?post=6524"}],"curies":[{"name":"wp","href":"https:\/\/api.w.org\/{rel}","templated":true}]}}