{"id":6522,"date":"2025-05-29T06:41:52","date_gmt":"2025-05-29T06:41:52","guid":{"rendered":"https:\/\/sinoextrud.com\/product\/elictrophoresis-matte-gold-aluminium-profile-cad-download-section-price-per-ton-extrusions-for-windows-and-doors-construction\/"},"modified":"2025-06-24T06:11:04","modified_gmt":"2025-06-24T06:11:04","slug":"elictrophoresis-matny-zlaty-hlinikovy-profil-cad","status":"publish","type":"product","link":"https:\/\/sinoextrud.com\/cs\/product\/elictrophoresis-matte-gold-aluminium-profile-cad\/","title":{"rendered":"Elictrophoresis matn\u00fd zlat\u00fd hlin\u00edkov\u00fd profil cad ke sta\u017een\u00ed cena za tunu v\u00fdlisky pro okna a dve\u0159e konstrukce"},"content":{"rendered":"<h2>Podrobnosti o produktech<\/h2>\n<table class=\"custom-table\">\n<tr>\n<td class=\"label\">Polo\u017eka:<\/td>\n<td> Elictrophoresis matn\u00fd zlat\u00fd hlin\u00edkov\u00fd profil cad ke sta\u017een\u00ed cena za tunu v\u00fdlisky pro okna a dve\u0159e konstrukce<\/td>\n<\/tr>\n<tr>\n<td class=\"label\">Tvar:<\/td>\n<td> konstrukce oken a dve\u0159\u00ed hlin\u00edkov\u00fd profil<\/td>\n<\/tr>\n<tr>\n<td class=\"label\">M\u00edrnost:<\/td>\n<td> T3-T8<\/td>\n<\/tr>\n<tr>\n<td class=\"label\">Slitina:<\/td>\n<td> Slitina<\/td>\n<\/tr>\n<tr>\n<td class=\"label\">Leguj\u00edc\u00ed slo\u017eka:<\/td>\n<td> 6063<\/td>\n<\/tr>\n<tr>\n<td class=\"label\">Profil z le\u0161t\u011bn\u00e9ho hlin\u00edku:<\/td>\n<td> Elichorofor\u00e9za matn\u00e1 zlat\u00e1<\/td>\n<\/tr>\n<tr>\n<td class=\"label\">Ochrann\u00e1 zn\u00e1mka:<\/td>\n<td> Sinoextrud<\/td>\n<\/tr>\n<tr>\n<td class=\"label\">P\u016fvod:<\/td>\n<td> \u010c\u00edna<\/td>\n<\/tr>\n<tr>\n<td class=\"label\">Typ:<\/td>\n<td> hlin\u00edkov\u00fd profil pro dve\u0159e a okna<\/td>\n<\/tr>\n<tr>\n<td class=\"label\">T\u0159\u00edda:<\/td>\n<td> \u0158ada 6000<\/td>\n<\/tr>\n<tr>\n<td class=\"label\">hlin\u00edkov\u00e9 v\u00fdlisky:<\/td>\n<td> \u0158ada 55<\/td>\n<\/tr>\n<tr>\n<td class=\"label\">Povrchov\u00e1 \u00faprava:<\/td>\n<td> Anodick\u00e1 oxidace<\/td>\n<\/tr>\n<tr>\n<td class=\"label\">Certifikace:<\/td>\n<td> CE, ISO<\/td>\n<\/tr>\n<tr>\n<td class=\"label\">Velikost:<\/td>\n<td> Stejn\u011b jako Sinoextrud<\/td>\n<\/tr>\n<tr>\n<td class=\"label\">Specifikace:<\/td>\n<td> SGS<\/td>\n<\/tr>\n<tr>\n<td class=\"label\">K\u00f3d HS:<\/td>\n<td> 76042900<\/td>\n<\/tr>\n<\/table>\n<h2>Na\u0161e v\u00fdrobn\u00ed z\u00e1kladna<\/h2>\n<h3>Panorama tov\u00e1rny<\/h3>\n<p><img decoding=\"async\" src=\"\/wp-content\/uploads\/factory-01.webp\"\/><\/p>\n<h3>D\u00edlna na v\u00fdrobu hlin\u00edkov\u00fdch ty\u010d\u00ed<\/h3>\n<p><img decoding=\"async\" src=\"\/wp-content\/uploads\/factory-02.webp\"\/><\/p>\n<\/p>\n<p><img decoding=\"async\" src=\"\/wp-content\/uploads\/factory-03.webp\"\/><\/p>\n<h3>Sklad pl\u00edsn\u00ed<\/h3>\n<p><img decoding=\"async\" src=\"\/wp-content\/uploads\/factory-04.webp\"\/><\/p>\n<h3>43 linek na vytla\u010dov\u00e1n\u00ed hlin\u00edku (500-5500 tun)<\/h3>\n<p><img decoding=\"async\" src=\"\/wp-content\/uploads\/factory-05.webp\"\/><\/p>\n<p><img decoding=\"async\" src=\"\/wp-content\/uploads\/factory-06.webp\"\/><\/p>\n<p><img decoding=\"async\" src=\"\/wp-content\/uploads\/factory-07.webp\"\/><\/p>\n<h3>D\u00edlna pr\u00e1\u0161kov\u00e9ho lakov\u00e1n\u00ed<\/h3>\n<p><img decoding=\"async\" src=\"\/wp-content\/uploads\/factory-09.webp\"\/><\/p>\n<h3>D\u00edlna eloxov\u00e1n\u00ed<\/h3>\n<p><img decoding=\"async\" src=\"\/wp-content\/uploads\/factory-10.webp\"\/><\/p>\n<h3>Workshop o hloubkov\u00e9m zpracov\u00e1n\u00ed<\/h3>\n<p><img decoding=\"async\" src=\"\/wp-content\/uploads\/factory-11.webp\"\/><\/p>\n<h3>D\u00edlna CNC p\u0159esn\u00e9ho obr\u00e1b\u011bn\u00ed<\/h3>\n<p><img decoding=\"async\" src=\"\/wp-content\/uploads\/factory-11.5.webp\"\/><\/p>\n<h3>Sklad hotov\u00fdch v\u00fdrobk\u016f a exportn\u00ed sklad<\/h3>\n<p><img decoding=\"async\" src=\"\/wp-content\/uploads\/factory-12.webp\"\/><\/p>\n<p><img decoding=\"async\" src=\"\/wp-content\/uploads\/factory-13.webp\"\/><\/p>\n<p><img decoding=\"async\" src=\"\/wp-content\/uploads\/factory-14.webp\"\/><\/p>\n<h2>\u010cASTO KLADEN\u00c9 DOTAZY<\/h2>\n<p><b>1.K \u010demu se pou\u017e\u00edv\u00e1 elektrofor\u00e9zn\u00ed matn\u00fd zlat\u00fd hlin\u00edkov\u00fd profil v konstrukci oken a dve\u0159\u00ed?<\/b><\/p>\n<p>Pou\u017e\u00edv\u00e1 se pro odoln\u00e9 a estetick\u00e9 okenn\u00ed a dve\u0159n\u00ed r\u00e1my, kter\u00e9 jsou odoln\u00e9 proti korozi a maj\u00ed stylov\u00fd matn\u00fd zlat\u00fd povrch.\n<\/p>\n<p><\/p>\n<p><b>2.Jak\u00e9 jsou hlavn\u00ed v\u00fdhody elektrofor\u00e9zy matn\u00fdch zlat\u00fdch hlin\u00edkov\u00fdch profil\u016f?<\/b><\/p>\n<p>Poskytuj\u00ed vynikaj\u00edc\u00ed ochranu proti korozi, rovnom\u011brn\u00fd povlak, odolnost proti po\u0161kr\u00e1b\u00e1n\u00ed, UV stabilitu a prvot\u0159\u00eddn\u00ed matn\u00fd zlat\u00fd vzhled.\n<\/p>\n<p><\/p>\n<p><b>3.Mohu si st\u00e1hnout \u0159ezy CAD pro elektrofor\u00e9zu matn\u011b zlat\u00fdch hlin\u00edkov\u00fdch profil\u016f?<\/b><\/p>\n<p>Ano, mnoho dodavatel\u016f nab\u00edz\u00ed ke sta\u017een\u00ed soubory CAD pro p\u0159esn\u00fd n\u00e1vrh a integraci do architektonick\u00fdch a stavebn\u00edch projekt\u016f.\n<\/p>\n<p><\/p>\n<p><b>4.Jak\u00e1 je obvykl\u00e1 cena za tunu elektrofor\u00e9zn\u00edch matn\u00fdch zlat\u00fdch hlin\u00edkov\u00fdch v\u00fdlisk\u016f?<\/b><\/p>\n<p>Ceny se li\u0161\u00ed podle dodavatele a podm\u00ednek na trhu, ale d\u00edky efektivn\u00ed v\u00fdrob\u011b a z\u00edsk\u00e1v\u00e1n\u00ed materi\u00e1lu jsou konkurenceschopn\u00e9 a nab\u00edzej\u00ed n\u00e1kladov\u011b efektivn\u00ed \u0159e\u0161en\u00ed pro velk\u00e9 projekty.\n<\/p>\n<p><\/p>\n<p><b>5.Jak elektrofor\u00e9zn\u00ed povlak vylep\u0161uje matn\u00e9 zlat\u00e9 hlin\u00edkov\u00e9 v\u00fdlisky?<\/b><\/p>\n<p>Elektrofor\u00e9zn\u00ed n\u00e1t\u011br zaji\u0161\u0165uje rovnom\u011brn\u00e9 pokryt\u00ed, silnou p\u0159ilnavost a dlouhotrvaj\u00edc\u00ed odolnost a zabra\u0148uje odlupov\u00e1n\u00ed a blednut\u00ed v exteri\u00e9ru.\n<\/p>\n<p><\/p>\n<p><b>6.Jsou hlin\u00edkov\u00e9 profily electrophoresis matte gold vhodn\u00e9 pro venkovn\u00ed pou\u017eit\u00ed?<\/b><\/p>\n<p>Ano, d\u00edky odolnosti proti korozi a ochran\u011b proti UV z\u00e1\u0159en\u00ed jsou ide\u00e1ln\u00ed pro venkovn\u00ed okna a dve\u0159e vystaven\u00e9 nep\u0159\u00edzniv\u00e9mu po\u010das\u00ed.\n<\/p>\n<p><\/p>\n<p><b>7.Jak\u00fd p\u0159\u00ednos maj\u00ed elektrofor\u00e9zn\u00ed matn\u011b zlat\u00e9 hlin\u00edkov\u00e9 profily pro v\u00fdrobu oken a dve\u0159\u00ed?<\/b><\/p>\n<p>Zlep\u0161uj\u00ed integritu konstrukce, sni\u017euj\u00ed n\u00e1roky na \u00fadr\u017ebu a dod\u00e1vaj\u00ed budov\u011b prvot\u0159\u00eddn\u00ed estetick\u00fd vzhled, kter\u00fd zvy\u0161uje jej\u00ed hodnotu.\n<\/p>\n<p><\/p>\n<p><b>8.Kde najdu p\u0159esn\u00e9 soubory CAD pro elektrofor\u00e9zn\u00ed matn\u00e9 zlat\u00e9 hlin\u00edkov\u00e9 profily?<\/b><\/p>\n<p>Soubory CAD jsou obvykle k dispozici na webov\u00fdch str\u00e1nk\u00e1ch v\u00fdrobc\u016f nebo dodavatel\u016f na vy\u017e\u00e1d\u00e1n\u00ed, aby pomohly architekt\u016fm a in\u017een\u00fdr\u016fm p\u0159i pl\u00e1nov\u00e1n\u00ed projektu.\n<\/p>\n<p><\/p>\n<p><b>9.Jak ovliv\u0148uje cena za tunu n\u00e1kup elektrofor\u00e9zn\u00edch matn\u00fdch zlat\u00fdch hlin\u00edkov\u00fdch v\u00fdlisk\u016f?<\/b><\/p>\n<p>Znalost ceny za tunu pom\u00e1h\u00e1 kupuj\u00edc\u00edm efektivn\u011b sestavovat rozpo\u010det, vyjedn\u00e1vat lep\u0161\u00ed nab\u00eddky a pl\u00e1novat po\u017eadavky na materi\u00e1l pro projekty oken a dve\u0159\u00ed.\n<\/p>\n<p><\/p>\n<p><b>10.Jak\u00e1 pr\u016fmyslov\u00e1 odv\u011btv\u00ed pou\u017e\u00edvaj\u00ed elektrofor\u00e9zu matn\u00fdch zlat\u00fdch hlin\u00edkov\u00fdch v\u00fdlisk\u016f?<\/b><\/p>\n<p>Tyto v\u00fdlisky se b\u011b\u017en\u011b pou\u017e\u00edvaj\u00ed v architektonick\u00e9m stavebnictv\u00ed, p\u0159i v\u00fdrob\u011b oken a dve\u0159\u00ed pro obytn\u00e9 a komer\u010dn\u00ed \u00fa\u010dely a v interi\u00e9rov\u00e9m designu pro jejich odolnost a elegantn\u00ed povrchovou \u00fapravu.\n<\/p>\n<p><\/p>","protected":false},"featured_media":6521,"template":"","categories":[62],"class_list":["post-6522","product","type-product","status-publish","has-post-thumbnail","hentry","category-electrophoresis-aluminum-profile"],"meta_box":{"hilight_text_group":{"product_hilight_text":"<li>Matte gold electrophoresis finish offers elegant appearance and corrosion resistance<\/li>\r\r\n<li>High-quality aluminum extrusions tailored for windows and doors construction<\/li>\r\r\n<li>Accurate CAD files available for precise design and integration<\/li>\r\r\n<li>Competitive price per ton with reliable bulk supply<\/li>\r\r\n<li>Supports custom profiles and fast delivery for large-scale projects<\/li>","product_chanpin_blog":"<ul>\r\r\n<li><a href=\"https:\/\/sinoextrud.com\/t-slot-v-slot-differences\/\" target=\"_blank\">t slot vs v slot<\/a><\/li>\r\r\n<li><a href=\"https:\/\/sinoextrud.com\/what-is-4040-aluminium-extrud\/\" target=\"_blank\">4040 aluminium extrusion<\/a><\/li>\r\r\n<li><a href=\"https:\/\/sinoextrud.com\/what-is-4040-aluminium-extrud\/\" target=\"_blank\">aluminum extrusions for industrial racks<\/a><\/li>\r\r\n<li><a href=\"https:\/\/sinoextrud.com\/powder-coating-aluminium-process\/\" target=\"_blank\">powder coating aluminium<\/a><\/li>\r\r\n<li><a href=\"https:\/\/sinoextrud.com\/what-is-an-aluminium-strip-ceiling\/\" target=\"_blank\">aluminium strip ceiling<\/a><\/li>\r\r\n<li><a href=\"https:\/\/sinoextrud.com\/what-is-a-heat-sink\/\" target=\"_blank\">what is a heat sink<\/a><\/li>\r\r\n<\/ul>","product_chanpin_chanpin":"<li><a href=\"https:\/\/sinoextrud.com\/product\/electrophoresis-surface-aluminum-profiles\/\" target=\"_blank\">Electrophoresis Surface Aluminum Profiles<\/a><\/li>\r\n<li><a href=\"https:\/\/sinoextrud.com\/product\/golden-electrophoresis-aluminum-profile\/\" target=\"_blank\">Golden Electrophoresis Aluminum Profile<\/a><\/li>\r\n<li><a href=\"https:\/\/sinoextrud.com\/product\/aluminum-profile-with-pvdf-coating\/\" target=\"_blank\">Aluminum Profile With PVDF Coating<\/a><\/li>\r\n<li><a href=\"https:\/\/sinoextrud.com\/product\/electrophoresis-aluminum-profile-wood-grain\/\" target=\"_blank\">Electrophoresis Aluminum Profile Wood Grain<\/a><\/li>\r\n<li><a href=\"https:\/\/sinoextrud.com\/product\/elictrophoresis-matte-gold-aluminium-profile-cad\/\" target=\"_blank\">Elictrophoresis matte gold aluminium profile cad download section price per ton extrusions for windows and doors construction<\/a><\/li>\r\n<li><a href=\"https:\/\/sinoextrud.com\/product\/electrophoretic-wood-surface-aluminum-square-pipe\/\" target=\"_blank\">Electrophoretic wood surface-aluminum Square Pipe<\/a><\/li>\r\n<li><a href=\"https:\/\/sinoextrud.com\/product\/aluminum-square-tube-in-wooden-grain\/\" target=\"_blank\">Aluminum Square Tube In Wooden Grain<\/a><\/li>\r\n<li><a href=\"https:\/\/sinoextrud.com\/product\/alu-squ-tube-in-wood-grain-painting\/\" target=\"_blank\">Alu squ tube In Wood Grain Painting<\/a><\/li>\r\n<li><a href=\"https:\/\/sinoextrud.com\/product\/aluminium-extrusion-press-line-profile-wooden-grained-coating-color-oem\/\" target=\"_blank\">Aluminium Extrusion Press Line profile wooden grained coating color OEM for Door Curtain Wall Ceiling<\/a><\/li>\r\n<li><a href=\"https:\/\/sinoextrud.com\/product\/aluminium-6063\/\" target=\"_blank\">Aluminium 6063<\/a><\/li>\r\n<li><a href=\"https:\/\/sinoextrud.com\/product\/aluminum-alloy-profile\/\" target=\"_blank\">Aluminum Alloy Profile<\/a><\/li>"},"feature_list":[]},"_links":{"self":[{"href":"https:\/\/sinoextrud.com\/cs\/wp-json\/wp\/v2\/product\/6522","targetHints":{"allow":["GET"]}}],"collection":[{"href":"https:\/\/sinoextrud.com\/cs\/wp-json\/wp\/v2\/product"}],"about":[{"href":"https:\/\/sinoextrud.com\/cs\/wp-json\/wp\/v2\/types\/product"}],"wp:featuredmedia":[{"embeddable":true,"href":"https:\/\/sinoextrud.com\/cs\/wp-json\/wp\/v2\/media\/6521"}],"wp:attachment":[{"href":"https:\/\/sinoextrud.com\/cs\/wp-json\/wp\/v2\/media?parent=6522"}],"wp:term":[{"taxonomy":"category","embeddable":true,"href":"https:\/\/sinoextrud.com\/cs\/wp-json\/wp\/v2\/categories?post=6522"}],"curies":[{"name":"wp","href":"https:\/\/api.w.org\/{rel}","templated":true}]}}