{"id":6520,"date":"2025-05-29T06:39:15","date_gmt":"2025-05-29T06:39:15","guid":{"rendered":"https:\/\/sinoextrud.com\/product\/electrophoresis-aluminum-profile-wood-grain\/"},"modified":"2025-06-24T06:11:04","modified_gmt":"2025-06-24T06:11:04","slug":"elektroforeza-hlinikovy-profil-drevena-struktura","status":"publish","type":"product","link":"https:\/\/sinoextrud.com\/cs\/product\/electrophoresis-aluminum-profile-wood-grain\/","title":{"rendered":"Elektrofor\u00e9za hlin\u00edkov\u00fd profil d\u0159ev\u011bn\u00e9 zrno"},"content":{"rendered":"<h2>Podrobnosti o produktech<\/h2>\n<table class=\"custom-table\">\n<tr>\n<td class=\"label\">Model NO:<\/td>\n<td>\u0158ada 6000<\/td>\n<\/tr>\n<tr>\n<td class=\"label\">Povrchov\u00e1 \u00faprava:<\/td>\n<td>Zrno d\u0159eva, na m\u00edru<\/td>\n<\/tr>\n<tr>\n<td class=\"label\">Leguj\u00edc\u00ed slo\u017eka:<\/td>\n<td>6063<\/td>\n<\/tr>\n<tr>\n<td class=\"label\">Certifikace:<\/td>\n<td>CE, SONCAP, ISO, CIQ, ROHS, TUV, SGS<\/td>\n<\/tr>\n<tr>\n<td class=\"label\">Profil z le\u0161t\u011bn\u00e9ho hlin\u00edku:<\/td>\n<td>Mechanick\u00e9 le\u0161t\u011bn\u00ed<\/td>\n<\/tr>\n<tr>\n<td class=\"label\">Materi\u00e1l:<\/td>\n<td>6063-T5, 6061-T6, 6463-T5, 7075-T6, 6082<\/td>\n<\/tr>\n<tr>\n<td class=\"label\">Povrchov\u00e1 \u00faprava:<\/td>\n<td>Elektrofor\u00e9za<\/td>\n<\/tr>\n<tr>\n<td class=\"label\">Hloubkov\u00fd proces:<\/td>\n<td>CNC, vrt\u00e1n\u00ed, z\u00e1vitov\u00e1n\u00ed, d\u011brov\u00e1n\u00ed, \u0159ez\u00e1n\u00ed, oh\u00fdb\u00e1n\u00ed<\/td>\n<\/tr>\n<tr>\n<td class=\"label\">Barva:<\/td>\n<td>d\u0159ev\u011bn\u00e9 zrno (k dispozici jsou r\u016fzn\u00e9 barvy)<\/td>\n<\/tr>\n<tr>\n<td class=\"label\">Gurantee:<\/td>\n<td>10-20 let<\/td>\n<\/tr>\n<tr>\n<td class=\"label\">V\u00fdrobek:<\/td>\n<td>Elektrofor\u00e9za hlin\u00edkov\u00fd profil d\u0159ev\u011bn\u00e9 zrno<\/td>\n<\/tr>\n<tr>\n<td class=\"label\">P\u0159\u00edstav nakl\u00e1dky:<\/td>\n<td>Foshan, Guangdong, \u010c\u00edna<\/td>\n<\/tr>\n<tr>\n<td class=\"label\">Platba:<\/td>\n<td>T\/T 30% pro z\u00e1lohu, z\u016fstatek p\u0159ed dod\u00e1n\u00edm<\/td>\n<\/tr>\n<tr>\n<td class=\"label\">P\u016fvod:<\/td>\n<td>\u010c\u00edna<\/td>\n<\/tr>\n<tr>\n<td class=\"label\">K\u00f3d HS:<\/td>\n<td>7604210000<\/td>\n<\/tr>\n<\/table>\n<h2>Na\u0161e v\u00fdrobn\u00ed z\u00e1kladna<\/h2>\n<h3>Panorama tov\u00e1rny<\/h3>\n<p><img decoding=\"async\" src=\"\/wp-content\/uploads\/factory-01.webp\"\/><\/p>\n<h3>D\u00edlna na v\u00fdrobu hlin\u00edkov\u00fdch ty\u010d\u00ed<\/h3>\n<p><img decoding=\"async\" src=\"\/wp-content\/uploads\/factory-02.webp\"\/><\/p>\n<p><img decoding=\"async\" src=\"\/wp-content\/uploads\/factory-03.webp\"\/><\/p>\n<h3>Sklad pl\u00edsn\u00ed<\/h3>\n<p><img decoding=\"async\" src=\"\/wp-content\/uploads\/factory-04.webp\"\/><\/p>\n<h3>43 linek na vytla\u010dov\u00e1n\u00ed hlin\u00edku (500-5500 tun)<\/h3>\n<p><img decoding=\"async\" src=\"\/wp-content\/uploads\/factory-05.webp\"\/><\/p>\n<p><img decoding=\"async\" src=\"\/wp-content\/uploads\/factory-06.webp\"\/><\/p>\n<p><img decoding=\"async\" src=\"\/wp-content\/uploads\/factory-07.webp\"\/><\/p>\n<h3>D\u00edlna pr\u00e1\u0161kov\u00e9ho lakov\u00e1n\u00ed<\/h3>\n<p><img decoding=\"async\" src=\"\/wp-content\/uploads\/factory-09.webp\"\/><\/p>\n<h3>D\u00edlna eloxov\u00e1n\u00ed<\/h3>\n<p><img decoding=\"async\" src=\"\/wp-content\/uploads\/factory-10.webp\"\/><\/p>\n<h3>Workshop o hloubkov\u00e9m zpracov\u00e1n\u00ed<\/h3>\n<p><img decoding=\"async\" src=\"\/wp-content\/uploads\/factory-11.webp\"\/><\/p>\n<h3>D\u00edlna CNC p\u0159esn\u00e9ho obr\u00e1b\u011bn\u00ed<\/h3>\n<p><img decoding=\"async\" src=\"\/wp-content\/uploads\/factory-11.5.webp\"\/><\/p>\n<h3>Sklad hotov\u00fdch v\u00fdrobk\u016f a exportn\u00ed sklad<\/h3>\n<p><img decoding=\"async\" src=\"\/wp-content\/uploads\/factory-12.webp\"\/><\/p>\n<p><img decoding=\"async\" src=\"\/wp-content\/uploads\/factory-13.webp\"\/><\/p>\n<p><img decoding=\"async\" src=\"\/wp-content\/uploads\/factory-14.webp\"\/><\/p>\n<h2>\u010cASTO KLADEN\u00c9 DOTAZY<\/h2>\n<p><p><b>1.Co je elektrofor\u00e9za hlin\u00edkov\u00e9ho profilu d\u0159ev\u011bn\u00e9 zrno?<\/b><\/p>\n<p>Jedn\u00e1 se o hlin\u00edkov\u00fd v\u00fdlisek o\u0161et\u0159en\u00fd elektroforetick\u00fdm povlakem, kter\u00fd napodobuje vzhled p\u0159\u00edrodn\u00ed kresby d\u0159eva a z\u00e1rove\u0148 nab\u00edz\u00ed odolnost hlin\u00edku.<br \/>\n<\/p><br \/>\n<br \/>\n<p><b>2.Jak\u00e9 jsou hlavn\u00ed v\u00fdhody elektrofor\u00e9zy hlin\u00edkov\u00e9ho profilu d\u0159ev\u011bn\u00e9ho zrna?<\/b><\/p>\n<p>Tyto profily kombinuj\u00ed odolnost proti korozi a pevnost hlin\u00edku s realistickou povrchovou \u00fapravou se strukturou d\u0159eva, co\u017e zaji\u0161\u0165uje estetick\u00fd vzhled a dlouhou \u017eivotnost.<br \/>\n<\/p><br \/>\n<br \/>\n<p><b>3.Pro\u010d zvolit elektrofor\u00e9zn\u00ed povlak pro d\u0159ev\u011bn\u00e9 hlin\u00edkov\u00e9 profily?<\/b><\/p>\n<p>Elektrofor\u00e9zn\u00ed n\u00e1t\u011br zaji\u0161\u0165uje rovnom\u011brn\u00e9 pokryt\u00ed, silnou p\u0159ilnavost a vynikaj\u00edc\u00ed ochranu proti blednut\u00ed, odlupov\u00e1n\u00ed a korozi ve srovn\u00e1n\u00ed s tradi\u010dn\u00edmi n\u00e1t\u011bry d\u0159eva.<br \/>\n<\/p><br \/>\n<br \/>\n<p><b>4.Can elektrofor\u00e9za hlin\u00edkov\u00e9 profily d\u0159evo zrno b\u00fdt p\u0159izp\u016fsoben?<\/b><\/p>\n<p>Ano, jejich velikost, tvar, intenzitu barvy a vzor zrna lze p\u0159izp\u016fsobit specifick\u00fdm po\u017eadavk\u016fm na design a architekturu.<br \/>\n<\/p><br \/>\n<br \/>\n<p><b>5.Jak povrchov\u00e1 \u00faprava se strukturou d\u0159eva vylep\u0161uje hlin\u00edkov\u00e9 profily?<\/b><\/p>\n<p>Povrchov\u00e1 \u00faprava dod\u00e1v\u00e1 hlin\u00edku p\u0159irozen\u00fd, tepl\u00fd vzhled d\u0159eva a z\u00e1rove\u0148 zachov\u00e1v\u00e1 jeho n\u00edzkou hmotnost, odolnost proti korozi a nen\u00e1ro\u010dnou \u00fadr\u017ebu.<br \/>\n<\/p><br \/>\n<br \/>\n<p><b>6.Jsou elektrofor\u00e9zn\u00ed v\u00fdrobky z hlin\u00edkov\u00fdch profil\u016f se strukturou d\u0159eva vhodn\u00e9 pro venkovn\u00ed pou\u017eit\u00ed?<\/b><\/p>\n<p>Ano, jsou vysoce odoln\u00e9 v\u016f\u010di UV z\u00e1\u0159en\u00ed, vlhkosti a pov\u011btrnostn\u00edm vliv\u016fm, tak\u017ee jsou ide\u00e1ln\u00ed pro exteri\u00e9rov\u00e9 architektonick\u00e9 a dekorativn\u00ed aplikace.<br \/>\n<\/p><br \/>\n<br \/>\n<p><b>7.V jak\u00fdch pr\u016fmyslov\u00fdch odv\u011btv\u00edch se b\u011b\u017en\u011b pou\u017e\u00edv\u00e1 elektrofor\u00e9za hlin\u00edkov\u00fdch profil\u016f d\u0159eva?<\/b><\/p>\n<p>Stavebnictv\u00ed, n\u00e1bytk\u00e1\u0159stv\u00ed, interi\u00e9rov\u00fd design a fas\u00e1dn\u00ed pr\u016fmysl pou\u017e\u00edvaj\u00ed tyto profily ke kombinaci odolnosti a elegantn\u00ed estetiky d\u0159eva.<br \/>\n<\/p><br \/>\n<br \/>\n<p><b>8.Jak elektrofor\u00e9za hlin\u00edkov\u00fdch profil\u016f se strukturou d\u0159eva podporuje udr\u017eiteln\u00fd design?<\/b><\/p>\n<p>Hlin\u00edk je 100% recyklovateln\u00fd a elektroforetick\u00fd proces povrchov\u00e9 \u00fapravy je \u0161etrn\u00fd k \u017eivotn\u00edmu prost\u0159ed\u00ed a p\u0159edstavuje udr\u017eitelnou alternativu k p\u0159\u00edrodn\u00edmu d\u0159evu.<br \/>\n<\/p><br \/><\/p>","protected":false},"featured_media":6519,"template":"","categories":[62],"class_list":["post-6520","product","type-product","status-publish","has-post-thumbnail","hentry","category-electrophoresis-aluminum-profile"],"meta_box":{"hilight_text_group":{"product_hilight_text":"<li>Electrophoresis coating provides durable corrosion and wear resistance<\/li>\r\r\n<li>Realistic wood grain finish adds natural aesthetic to aluminum profiles<\/li>\r\r\n<li>Lightweight yet strong, suitable for architectural and decorative use<\/li>\r\r\n<li>High-precision extrusion ensures consistent dimensions and quality<\/li>\r\r\n<li>Supports custom sizes, colors, and bulk orders for large projects<\/li>","product_chanpin_blog":"<ul>\r\r\n<li><a href=\"https:\/\/sinoextrud.com\/t-slot-v-slot-differences\/\" target=\"_blank\">t slot vs v slot<\/a><\/li>\r\r\n<li><a href=\"https:\/\/sinoextrud.com\/what-is-4040-aluminium-extrud\/\" target=\"_blank\">4040 aluminium extrusion<\/a><\/li>\r\r\n<li><a href=\"https:\/\/sinoextrud.com\/what-is-4040-aluminium-extrud\/\" target=\"_blank\">aluminum extrusions for industrial racks<\/a><\/li>\r\r\n<li><a href=\"https:\/\/sinoextrud.com\/powder-coating-aluminium-process\/\" target=\"_blank\">powder coating aluminium<\/a><\/li>\r\r\n<li><a href=\"https:\/\/sinoextrud.com\/what-is-an-aluminium-strip-ceiling\/\" target=\"_blank\">aluminium strip ceiling<\/a><\/li>\r\r\n<li><a href=\"https:\/\/sinoextrud.com\/what-is-a-heat-sink\/\" target=\"_blank\">what is a heat sink<\/a><\/li>\r\r\n<\/ul>","product_chanpin_chanpin":"<li><a href=\"https:\/\/sinoextrud.com\/product\/electrophoretic-grain-square-tube-rosewood\/\" target=\"_blank\">Electrophoretic Grain Square Tube Rosewood<\/a><\/li>\r\n<li><a href=\"https:\/\/sinoextrud.com\/product\/electrophoresis-surface-aluminum-profiles\/\" target=\"_blank\">Electrophoresis Surface Aluminum Profiles<\/a><\/li>\r\n<li><a href=\"https:\/\/sinoextrud.com\/product\/golden-electrophoresis-aluminum-profile\/\" target=\"_blank\">Golden Electrophoresis Aluminum Profile<\/a><\/li>\r\n<li><a href=\"https:\/\/sinoextrud.com\/product\/aluminum-profile-with-pvdf-coating\/\" target=\"_blank\">Aluminum Profile With PVDF Coating<\/a><\/li>\r\n<li><a href=\"https:\/\/sinoextrud.com\/product\/electrophoresis-aluminum-profile-wood-grain\/\" target=\"_blank\">Electrophoresis Aluminum Profile Wood Grain<\/a><\/li>\r\n<li><a href=\"https:\/\/sinoextrud.com\/product\/elictrophoresis-matte-gold-aluminium-profile-cad\/\" target=\"_blank\">Elictrophoresis matte gold aluminium profile cad download section price per ton extrusions for windows and doors construction<\/a><\/li>\r\n<li><a href=\"https:\/\/sinoextrud.com\/product\/electrophoretic-wood-surface-aluminum-square-pipe\/\" target=\"_blank\">Electrophoretic wood surface-aluminum Square Pipe<\/a><\/li>\r\n<li><a href=\"https:\/\/sinoextrud.com\/product\/aluminum-square-tube-in-wooden-grain\/\" target=\"_blank\">Aluminum Square Tube In Wooden Grain<\/a><\/li>\r\n<li><a href=\"https:\/\/sinoextrud.com\/product\/alu-squ-tube-in-wood-grain-painting\/\" target=\"_blank\">Alu squ tube In Wood Grain Painting<\/a><\/li>\r\n<li><a href=\"https:\/\/sinoextrud.com\/product\/the-hexagonal-type-ceiling-system\/\" target=\"_blank\">The Hexagonal Type Ceiling System (Hexagonal Ceiling)<\/a><\/li>\r\n<li><a href=\"https:\/\/sinoextrud.com\/product\/aluminum-extrusion-aluminum-cladding-profile-wood-look-grain-aluminum-panels\/\" target=\"_blank\">Aluminum Extrusion Aluminum Cladding Profile Wood Look Grain Aluminum Panels<\/a><\/li>"},"feature_list":[]},"_links":{"self":[{"href":"https:\/\/sinoextrud.com\/cs\/wp-json\/wp\/v2\/product\/6520","targetHints":{"allow":["GET"]}}],"collection":[{"href":"https:\/\/sinoextrud.com\/cs\/wp-json\/wp\/v2\/product"}],"about":[{"href":"https:\/\/sinoextrud.com\/cs\/wp-json\/wp\/v2\/types\/product"}],"wp:featuredmedia":[{"embeddable":true,"href":"https:\/\/sinoextrud.com\/cs\/wp-json\/wp\/v2\/media\/6519"}],"wp:attachment":[{"href":"https:\/\/sinoextrud.com\/cs\/wp-json\/wp\/v2\/media?parent=6520"}],"wp:term":[{"taxonomy":"category","embeddable":true,"href":"https:\/\/sinoextrud.com\/cs\/wp-json\/wp\/v2\/categories?post=6520"}],"curies":[{"name":"wp","href":"https:\/\/api.w.org\/{rel}","templated":true}]}}