{"id":6499,"date":"2025-05-29T03:44:09","date_gmt":"2025-05-29T03:44:09","guid":{"rendered":"https:\/\/sinoextrud.com\/product\/powder-coated-extrusions-aluminum-corrosion-resistant-for-10-years-in-door\/"},"modified":"2025-06-24T06:11:01","modified_gmt":"2025-06-24T06:11:01","slug":"praskove-lakovane-hlinikove-vylisky-odolne-proti-korozi-po-dobu-10-let-ve-dverich","status":"publish","type":"product","link":"https:\/\/sinoextrud.com\/cs\/product\/powder-coated-extrusions-aluminum-corrosion-resistant-for-10-years-in-door\/","title":{"rendered":"Pr\u00e1\u0161kov\u011b lakovan\u00e9 hlin\u00edkov\u00e9 v\u00fdlisky odoln\u00e9 proti korozi po dobu 10 let ve dve\u0159\u00edch"},"content":{"rendered":"<h2>Podrobnosti o produktech<\/h2>\n<table class=\"custom-table\">\n<tr>\n<td class=\"label\">N\u00e1zev<\/td>\n<td>Pr\u00e1\u0161kov\u011b lakovan\u00e9 hlin\u00edkov\u00e9 v\u00fdlisky odoln\u00e9 proti korozi po dobu 10 let ve dve\u0159\u00edch<\/td>\n<\/tr>\n<\/table>\n<h2>Na\u0161e v\u00fdrobn\u00ed z\u00e1kladna<\/h2>\n<h3>Panorama tov\u00e1rny<\/h3>\n<p><img decoding=\"async\" src=\"\/wp-content\/uploads\/factory-01.webp\"\/><\/p>\n<h3>D\u00edlna na v\u00fdrobu hlin\u00edkov\u00fdch ty\u010d\u00ed<\/h3>\n<p><img decoding=\"async\" src=\"\/wp-content\/uploads\/factory-02.webp\"\/><\/p>\n<p><img decoding=\"async\" src=\"\/wp-content\/uploads\/factory-03.webp\"\/><\/p>\n<h3>Sklad pl\u00edsn\u00ed<\/h3>\n<p><img decoding=\"async\" src=\"\/wp-content\/uploads\/factory-04.webp\"\/><\/p>\n<h3>43 linek na vytla\u010dov\u00e1n\u00ed hlin\u00edku (500-5500 tun)<\/h3>\n<p><img decoding=\"async\" src=\"\/wp-content\/uploads\/factory-05.webp\"\/><\/p>\n<p><img decoding=\"async\" src=\"\/wp-content\/uploads\/factory-06.webp\"\/><\/p>\n<p><img decoding=\"async\" src=\"\/wp-content\/uploads\/factory-07.webp\"\/><\/p>\n<h3>D\u00edlna pr\u00e1\u0161kov\u00e9ho lakov\u00e1n\u00ed<\/h3>\n<p><img decoding=\"async\" src=\"\/wp-content\/uploads\/factory-09.webp\"\/><\/p>\n<h3>D\u00edlna eloxov\u00e1n\u00ed<\/h3>\n<p><img decoding=\"async\" src=\"\/wp-content\/uploads\/factory-10.webp\"\/><\/p>\n<h3>Workshop o hloubkov\u00e9m zpracov\u00e1n\u00ed<\/h3>\n<p><img decoding=\"async\" src=\"\/wp-content\/uploads\/factory-11.webp\"\/><\/p>\n<h3>D\u00edlna CNC p\u0159esn\u00e9ho obr\u00e1b\u011bn\u00ed<\/h3>\n<p><img decoding=\"async\" src=\"\/wp-content\/uploads\/factory-11.5.webp\"\/><\/p>\n<h3>Sklad hotov\u00fdch v\u00fdrobk\u016f a exportn\u00ed sklad<\/h3>\n<p><img decoding=\"async\" src=\"\/wp-content\/uploads\/factory-12.webp\"\/><\/p>\n<p><img decoding=\"async\" src=\"\/wp-content\/uploads\/factory-13.webp\"\/><\/p>\n<p><img decoding=\"async\" src=\"\/wp-content\/uploads\/factory-14.webp\"\/><\/p>\n<h2>\u010cASTO KLADEN\u00c9 DOTAZY<\/h2>\n<p><p><b>1.Co jsou pr\u00e1\u0161kov\u00e9 hlin\u00edkov\u00e9 v\u00fdlisky odoln\u00e9 proti korozi po dobu 10 let pou\u017e\u00edvan\u00e9 ve dve\u0159\u00edch?<\/b><\/p>\n<p>Tyto hlin\u00edkov\u00e9 v\u00fdlisky s pr\u00e1\u0161kov\u00fdm n\u00e1st\u0159ikem se pou\u017e\u00edvaj\u00ed v r\u00e1mech dve\u0159\u00ed, oken a posuvn\u00fdch dve\u0159\u00ed a poskytuj\u00ed dlouhotrvaj\u00edc\u00ed odolnost proti korozi a estetick\u00fd vzhled.<br \/>\n<\/p><br \/>\n<br \/>\n<p><b>2.Jak\u00e9 jsou hlavn\u00ed v\u00fdhody hlin\u00edkov\u00fdch v\u00fdlisk\u016f s pr\u00e1\u0161kov\u00fdm n\u00e1st\u0159ikem a desetiletou odolnost\u00ed proti korozi?<\/b><\/p>\n<p>Nab\u00edzej\u00ed vynikaj\u00edc\u00ed trvanlivost, ochranu proti UV z\u00e1\u0159en\u00ed, odolnost proti po\u0161kr\u00e1b\u00e1n\u00ed a zachov\u00e1vaj\u00ed si povrchovou \u00fapravu bez vyblednut\u00ed nebo odlupov\u00e1n\u00ed po dobu nejm\u00e9n\u011b 10 let.<br \/>\n<\/p><br \/>\n<br \/>\n<p><b>3.Pro\u010d si pro dve\u0159e vybrat hlin\u00edkov\u00e9 v\u00fdlisky s pr\u00e1\u0161kov\u00fdm n\u00e1st\u0159ikem?<\/b><\/p>\n<p>Pr\u00e1\u0161kov\u00e9 lakov\u00e1n\u00ed zvy\u0161uje odolnost proti korozi, zlep\u0161uje odolnost proti pov\u011btrnostn\u00edm vliv\u016fm a zaji\u0161\u0165uje hladk\u00fd, jednolit\u00fd povrch, kter\u00fd odol\u00e1v\u00e1 n\u00e1ro\u010dn\u00fdm podm\u00ednk\u00e1m prost\u0159ed\u00ed.<br \/>\n<\/p><br \/>\n<br \/>\n<p><b>4.Jak pr\u00e1\u0161kov\u00e9 lakov\u00e1n\u00ed prodlu\u017euje \u017eivotnost hlin\u00edkov\u00fdch v\u00fdlisk\u016f ve dve\u0159\u00edch?<\/b><\/p>\n<p>Pr\u00e1\u0161kov\u00e9 lakov\u00e1n\u00ed vytv\u00e1\u0159\u00ed silnou ochrannou vrstvu, kter\u00e1 zabra\u0148uje oxidaci a korozi, sni\u017euje n\u00e1roky na \u00fadr\u017ebu a prodlu\u017euje funk\u010dn\u00ed \u017eivotnost dve\u0159\u00ed.<br \/>\n<\/p><br \/>\n<br \/>\n<p><b>5.Lze pr\u00e1\u0161kov\u011b lakovan\u00e9 hlin\u00edkov\u00e9 v\u00fdlisky p\u0159izp\u016fsobit designu dve\u0159\u00ed?<\/b><\/p>\n<p>Ano, lze je p\u0159izp\u016fsobit barvou, strukturou, tlou\u0161\u0165kou a rozm\u011bry profilu tak, aby odpov\u00eddaly specifick\u00fdm architektonick\u00fdm a funk\u010dn\u00edm po\u017eadavk\u016fm.<br \/>\n<\/p><br \/>\n<br \/>\n<p><b>6.Jsou hlin\u00edkov\u00e9 v\u00fdlisky s pr\u00e1\u0161kov\u00fdm n\u00e1t\u011brem vhodn\u00e9 pro venkovn\u00ed instalaci dve\u0159\u00ed?<\/b><\/p>\n<p>Ano, tyto v\u00fdlisky jsou navr\u017eeny tak, aby odol\u00e1valy UV z\u00e1\u0159en\u00ed, vlhkosti a extr\u00e9mn\u00edm pov\u011btrnostn\u00edm vliv\u016fm, tak\u017ee jsou ide\u00e1ln\u00ed pro pou\u017eit\u00ed ve vn\u011bj\u0161\u00edch dve\u0159\u00edch.<br \/>\n<\/p><br \/>\n<br \/>\n<p><b>7.Jak\u00fd p\u0159\u00ednos m\u00e1 desetilet\u00e1 odolnost proti korozi pro majitele budov?<\/b><\/p>\n<p>Dlouhodob\u00e1 odolnost proti korozi minimalizuje n\u00e1klady na opravy, zachov\u00e1v\u00e1 estetick\u00fd vzhled dve\u0159\u00ed a zaji\u0161\u0165uje struktur\u00e1ln\u00ed integritu, co\u017e p\u0159in\u00e1\u0161\u00ed vynikaj\u00edc\u00ed n\u00e1vratnost investice.<br \/>\n<\/p><br \/>\n<br \/>\n<p><b>8.Kter\u00e1 pr\u016fmyslov\u00e1 odv\u011btv\u00ed vyu\u017e\u00edvaj\u00ed hlin\u00edkov\u00e9 v\u00fdlisky s pr\u00e1\u0161kovou povrchovou \u00fapravou a 10letou odolnost\u00ed proti korozi?<\/b><\/p>\n<p>Tyto odoln\u00e9 v\u00fdlisky se pou\u017e\u00edvaj\u00ed v obytn\u00e9, komer\u010dn\u00ed a pr\u016fmyslov\u00e9 v\u00fdstavb\u011b pro dve\u0159e, okna a syst\u00e9my obvodov\u00fdch st\u011bn.<br \/>\n<\/p><br \/><\/p>","protected":false},"featured_media":6498,"template":"","categories":[61],"class_list":["post-6499","product","type-product","status-publish","has-post-thumbnail","hentry","category-powder-coating-aluminum-profile"],"meta_box":{"hilight_text_group":{"product_hilight_text":"<li>Powder-coated aluminum extrusions offer corrosion resistance for up to 10 years indoors<\/li>\r\r\n<li>Durable finish maintains aesthetic appeal and structural integrity over time<\/li>\r\r\n<li>Lightweight yet strong, ideal for various indoor architectural applications<\/li>\r\r\n<li>Available in custom sizes, colors, and profiles to meet project needs<\/li>\r\r\n<li>Supports bulk orders with consistent quality and reliable supply<\/li>","product_chanpin_blog":"<ul>\r\r\n<li><a href=\"https:\/\/sinoextrud.com\/t-slot-v-slot-differences\/\" target=\"_blank\">t slot vs v slot<\/a><\/li>\r\r\n<li><a href=\"https:\/\/sinoextrud.com\/what-is-4040-aluminium-extrud\/\" target=\"_blank\">4040 aluminium extrusion<\/a><\/li>\r\r\n<li><a href=\"https:\/\/sinoextrud.com\/what-is-4040-aluminium-extrud\/\" target=\"_blank\">aluminum extrusions for industrial racks<\/a><\/li>\r\r\n<li><a href=\"https:\/\/sinoextrud.com\/powder-coating-aluminium-process\/\" target=\"_blank\">powder coating aluminium<\/a><\/li>\r\r\n<li><a href=\"https:\/\/sinoextrud.com\/what-is-an-aluminium-strip-ceiling\/\" target=\"_blank\">aluminium strip ceiling<\/a><\/li>\r\r\n<li><a href=\"https:\/\/sinoextrud.com\/what-is-a-heat-sink\/\" target=\"_blank\">what is a heat sink<\/a><\/li>\r\r\n<\/ul>","product_chanpin_chanpin":"<li><a href=\"https:\/\/sinoextrud.com\/product\/power-coating-standard-aluminium-profiles\/\" target=\"_blank\">Power Coating Standard Aluminium Profiles<\/a><\/li>\r\n<li><a href=\"https:\/\/sinoextrud.com\/product\/aluminum-tube-coated-powder-price-per-kg-for-lowes-aluminum-pipe-fence-china\/\" target=\"_blank\">aluminum tube coated powder price per kg for lowes aluminum pipe fence china<\/a><\/li>\r\n<li><a href=\"https:\/\/sinoextrud.com\/product\/powder-coated-aluminium-extrusion\/\" target=\"_blank\">Powder Coated Aluminium Extrusion<\/a><\/li>\r\n<li><a href=\"https:\/\/sinoextrud.com\/product\/aluminium-extrusion-profile-with-pvdf-coating\/\" target=\"_blank\">Aluminium Extrusion Profile With PVDF Coating<\/a><\/li>\r\n<li><a href=\"https:\/\/sinoextrud.com\/product\/powder-coated-extrusions-aluminum-corrosion-resistant-for-10-years-in-door\/\" target=\"_blank\">Powder Coated Extrusions Aluminum Corrosion Resistant For 10 Years In Door<\/a><\/li>\r\n<li><a href=\"https:\/\/sinoextrud.com\/product\/powder-coating-surface-aluminum-profile\/\" target=\"_blank\">Powder Coating Surface Aluminum Profile<\/a><\/li>\r\n<li><a href=\"https:\/\/sinoextrud.com\/product\/customized-powder-coated-tube-decorative-anodized-aluminum-louver-fence-panel-for-modern-garden\/\" target=\"_blank\">Customized Powder Coated Tube Decorative Anodized Aluminum Louver Fence Panel For Modern Garden<\/a><\/li>\r\n<li><a href=\"https:\/\/sinoextrud.com\/product\/aluminium-6063\/\" target=\"_blank\">Aluminium 6063<\/a><\/li>\r\n<li><a href=\"https:\/\/sinoextrud.com\/product\/extrusion-aluminum-profile-for-powder-coating-window-and-door-alloy-6063\/\" target=\"_blank\">Extrusion Aluminum Profile For Powder Coating Window and Door Alloy 6063<\/a><\/li>\r\n<li><a href=\"https:\/\/sinoextrud.com\/product\/extruded-aluminium-profile-with-sand-blasted-treatment\/\" target=\"_blank\">Extruded Aluminium Profile With Sand Blasted Treatment<\/a><\/li>\r\n<li><a href=\"https:\/\/sinoextrud.com\/product\/round-sunflower-led-light-aluminium-heat-sink\/\" target=\"_blank\">Round Sunflower LED Light Aluminium Heat Sink<\/a><\/li>"},"feature_list":[]},"_links":{"self":[{"href":"https:\/\/sinoextrud.com\/cs\/wp-json\/wp\/v2\/product\/6499","targetHints":{"allow":["GET"]}}],"collection":[{"href":"https:\/\/sinoextrud.com\/cs\/wp-json\/wp\/v2\/product"}],"about":[{"href":"https:\/\/sinoextrud.com\/cs\/wp-json\/wp\/v2\/types\/product"}],"wp:featuredmedia":[{"embeddable":true,"href":"https:\/\/sinoextrud.com\/cs\/wp-json\/wp\/v2\/media\/6498"}],"wp:attachment":[{"href":"https:\/\/sinoextrud.com\/cs\/wp-json\/wp\/v2\/media?parent=6499"}],"wp:term":[{"taxonomy":"category","embeddable":true,"href":"https:\/\/sinoextrud.com\/cs\/wp-json\/wp\/v2\/categories?post=6499"}],"curies":[{"name":"wp","href":"https:\/\/api.w.org\/{rel}","templated":true}]}}