{"id":6497,"date":"2025-05-29T03:41:10","date_gmt":"2025-05-29T03:41:10","guid":{"rendered":"https:\/\/sinoextrud.com\/product\/aluminium-extrusion-profile-with-pvdf-coating\/"},"modified":"2025-06-24T06:11:01","modified_gmt":"2025-06-24T06:11:01","slug":"hlinikovy-vytlacovany-profil-s-povlakem-pvdf","status":"publish","type":"product","link":"https:\/\/sinoextrud.com\/cs\/product\/aluminium-extrusion-profile-with-pvdf-coating\/","title":{"rendered":"Hlin\u00edkov\u00fd vytla\u010dovac\u00ed profil s PVDF povlakem"},"content":{"rendered":"<h2>Podrobnosti o produktech<\/h2>\n<table class=\"custom-table\">\n<tr>\n<td class=\"label\">Model NO:<\/td>\n<td>6061 6063 6082<\/td>\n<\/tr>\n<tr>\n<td class=\"label\">M\u00edrnost:<\/td>\n<td>T3 - T8<\/td>\n<\/tr>\n<tr>\n<td class=\"label\">Povrchov\u00e1 \u00faprava:<\/td>\n<td>PVDF<\/td>\n<\/tr>\n<tr>\n<td class=\"label\">Slitina:<\/td>\n<td>Slitina<\/td>\n<\/tr>\n<tr>\n<td class=\"label\">Povrch:<\/td>\n<td>PVDF<\/td>\n<\/tr>\n<tr>\n<td class=\"label\">Typ:<\/td>\n<td>Hlin\u00edkov\u00e9 profily pro venkovn\u00ed pou\u017eit\u00ed<\/td>\n<\/tr>\n<tr>\n<td class=\"label\">Technika:<\/td>\n<td>Extrudovan\u00e9<\/td>\n<\/tr>\n<tr>\n<td class=\"label\">Ochrann\u00e1 zn\u00e1mka:<\/td>\n<td>OEM<\/td>\n<\/tr>\n<tr>\n<td class=\"label\">P\u016fvod:<\/td>\n<td>Guangdong \u010c\u00edna<\/td>\n<\/tr>\n<tr>\n<td class=\"label\">Tvar:<\/td>\n<td>\u010ctvercov\u00e9, ov\u00e1ln\u00e9, \u017elabov\u00e9, ploch\u00e9<\/td>\n<\/tr>\n<tr>\n<td class=\"label\">Proces:<\/td>\n<td>Vytla\u010dov\u00e1n\u00ed<\/td>\n<\/tr>\n<tr>\n<td class=\"label\">Pou\u017eit\u00ed:<\/td>\n<td>Profily budov<\/td>\n<\/tr>\n<tr>\n<td class=\"label\">Certifikace:<\/td>\n<td>EN, ASTM, GB\/T<\/td>\n<\/tr>\n<tr>\n<td class=\"label\">Velikost:<\/td>\n<td>10 mm - 300 mm<\/td>\n<\/tr>\n<tr>\n<td class=\"label\">K\u00f3d HS:<\/td>\n<td>7604299000<\/td>\n<\/tr>\n<tr>\n<td class=\"label\">Tlou\u0161\u0165ka st\u011bny:<\/td>\n<td>1,0-1,4 mm. Mo\u017enost p\u0159izp\u016fsoben\u00ed<\/td>\n<\/tr>\n<tr>\n<td class=\"label\">Balen\u00ed:<\/td>\n<td>Exportn\u00ed standard, baleno do PE pevn\u00fdch obal\u016f, ka\u017ed\u00fd obal s hn\u011bd\u00fdm pap\u00edrem a plastovou f\u00f3li\u00ed, pak zabaleno na d\u0159ev\u011bn\u00e9 palet\u011b.<\/td>\n<\/tr>\n<tr>\n<td class=\"label\">Doba dod\u00e1n\u00ed:<\/td>\n<td>Do 15-30 dn\u016f po obdr\u017een\u00ed z\u00e1lohy<\/td>\n<\/tr>\n<tr>\n<td class=\"label\">Pozn\u00e1mky:<\/td>\n<td>Specifick\u00e9 po\u017eadavky na slitinu, temperaci nebo specifikaci lze projednat na va\u0161i \u017e\u00e1dost.<\/td>\n<\/tr>\n<\/table>\n<h2>Na\u0161e v\u00fdrobn\u00ed z\u00e1kladna<\/h2>\n<h3>Panorama tov\u00e1rny<\/h3>\n<p><img decoding=\"async\" src=\"\/wp-content\/uploads\/factory-01.webp\"\/><\/p>\n<h3>D\u00edlna na v\u00fdrobu hlin\u00edkov\u00fdch ty\u010d\u00ed<\/h3>\n<p><img decoding=\"async\" src=\"\/wp-content\/uploads\/factory-02.webp\"\/><\/p>\n<p><img decoding=\"async\" src=\"\/wp-content\/uploads\/factory-03.webp\"\/><\/p>\n<h3>Sklad pl\u00edsn\u00ed<\/h3>\n<p><img decoding=\"async\" src=\"\/wp-content\/uploads\/factory-04.webp\"\/><\/p>\n<h3>43 linek na vytla\u010dov\u00e1n\u00ed hlin\u00edku (500-5500 tun)<\/h3>\n<p><img decoding=\"async\" src=\"\/wp-content\/uploads\/factory-05.webp\"\/><\/p>\n<p><img decoding=\"async\" src=\"\/wp-content\/uploads\/factory-06.webp\"\/><\/p>\n<p><img decoding=\"async\" src=\"\/wp-content\/uploads\/factory-07.webp\"\/><\/p>\n<h3>D\u00edlna pr\u00e1\u0161kov\u00e9ho lakov\u00e1n\u00ed<\/h3>\n<p><img decoding=\"async\" src=\"\/wp-content\/uploads\/factory-09.webp\"\/><\/p>\n<h3>D\u00edlna eloxov\u00e1n\u00ed<\/h3>\n<p><img decoding=\"async\" src=\"\/wp-content\/uploads\/factory-10.webp\"\/><\/p>\n<h3>Workshop o hloubkov\u00e9m zpracov\u00e1n\u00ed<\/h3>\n<p><img decoding=\"async\" src=\"\/wp-content\/uploads\/factory-11.webp\"\/><\/p>\n<h3>D\u00edlna CNC p\u0159esn\u00e9ho obr\u00e1b\u011bn\u00ed<\/h3>\n<p><img decoding=\"async\" src=\"\/wp-content\/uploads\/factory-11.5.webp\"\/><\/p>\n<h3>Sklad hotov\u00fdch v\u00fdrobk\u016f a exportn\u00ed sklad<\/h3>\n<p><img decoding=\"async\" src=\"\/wp-content\/uploads\/factory-12.webp\"\/><\/p>\n<p><img decoding=\"async\" src=\"\/wp-content\/uploads\/factory-13.webp\"\/><\/p>\n<p><img decoding=\"async\" src=\"\/wp-content\/uploads\/factory-14.webp\"\/><\/p>\n<h2>\u010cASTO KLADEN\u00c9 DOTAZY<\/h2>\n<p><p><b>1.K \u010demu se pou\u017e\u00edv\u00e1 hlin\u00edkov\u00fd vytla\u010dovac\u00ed profil s PVDF povlakem?<\/b><\/p>\n<p>Hlin\u00edkov\u00e9 vytla\u010dovac\u00ed profily s povrchovou \u00fapravou PVDF se pou\u017e\u00edvaj\u00ed v architektonick\u00fdch fas\u00e1d\u00e1ch, okenn\u00edch r\u00e1mech, zna\u010den\u00edch a pr\u016fmyslov\u00fdch aplikac\u00edch vy\u017eaduj\u00edc\u00edch vysokou trvanlivost a odolnost proti pov\u011btrnostn\u00edm vliv\u016fm.<br \/>\n<\/p><br \/>\n<br \/>\n<p><b>2.Jak\u00e9 jsou hlavn\u00ed v\u00fdhody hlin\u00edkov\u00fdch vytla\u010dovac\u00edch profil\u016f s PVDF povlakem?<\/b><\/p>\n<p>Nab\u00edzej\u00ed v\u00fdjime\u010dnou odolnost proti UV z\u00e1\u0159en\u00ed, vynikaj\u00edc\u00ed ochranu proti korozi, vynikaj\u00edc\u00ed st\u00e1lost barev a hladk\u00fd, leskl\u00fd povrch, kter\u00fd vydr\u017e\u00ed des\u00edtky let.<br \/>\n<\/p><br \/>\n<br \/>\n<p><b>3.Pro\u010d zvolit PVDF povlak nam\u00edsto jin\u00fdch povrchov\u00fdch \u00faprav hlin\u00edkov\u00fdch vytla\u010dovac\u00edch profil\u016f?<\/b><\/p>\n<p>Povlaky PVDF poskytuj\u00ed vynikaj\u00edc\u00ed chemickou odolnost, odolnost proti pov\u011btrnostn\u00edm vliv\u016fm a blednut\u00ed, \u010d\u00edm\u017e v n\u00e1ro\u010dn\u00fdch podm\u00ednk\u00e1ch p\u0159ekon\u00e1vaj\u00ed pr\u00e1\u0161kov\u00e9 lakov\u00e1n\u00ed a eloxov\u00e1n\u00ed.<br \/>\n<\/p><br \/>\n<br \/>\n<p><b>4.Lze hlin\u00edkov\u00e9 vytla\u010dovac\u00ed profily s PVDF povlakem p\u0159izp\u016fsobit?<\/b><\/p>\n<p>Ano, tyto profily lze p\u0159izp\u016fsobit z hlediska tvaru, velikosti, slitiny a barvy povlaku tak, aby spl\u0148ovaly specifick\u00e9 architektonick\u00e9 a technick\u00e9 po\u017eadavky.<br \/>\n<\/p><br \/>\n<br \/>\n<p><b>5.Jak povlak PVDF zvy\u0161uje v\u00fdkonnost hlin\u00edkov\u00fdch vytla\u010dovac\u00edch profil\u016f?<\/b><\/p>\n<p>PVDF vytv\u00e1\u0159\u00ed trvanlivou, pru\u017enou f\u00f3lii, kter\u00e1 odol\u00e1v\u00e1 k\u0159\u00eddov\u00e1n\u00ed, prask\u00e1n\u00ed a odlupov\u00e1n\u00ed a zachov\u00e1v\u00e1 struktur\u00e1ln\u00ed integritu a vzhled profilu.<br \/>\n<\/p><br \/>\n<br \/>\n<p><b>6.Jsou hlin\u00edkov\u00e9 vytla\u010dovac\u00ed profily s PVDF povlakem vhodn\u00e9 pro venkovn\u00ed pou\u017eit\u00ed?<\/b><\/p>\n<p>Ano, hlin\u00edkov\u00e9 profily s povlakem PVDF jsou ide\u00e1ln\u00ed pro exteri\u00e9rov\u00e9 aplikace d\u00edky sv\u00e9 vynikaj\u00edc\u00ed odolnosti v\u016f\u010di UV z\u00e1\u0159en\u00ed, vlhkosti a zne\u010di\u0161\u0165uj\u00edc\u00edm l\u00e1tk\u00e1m.<br \/>\n<\/p><br \/>\n<br \/>\n<p><b>7.Jak pou\u017eit\u00ed hlin\u00edkov\u00fdch profil\u016f s PVDF povlakem podporuje udr\u017eitelnou v\u00fdstavbu?<\/b><\/p>\n<p>Hlin\u00edk je pln\u011b recyklovateln\u00fd a povlaky PVDF maj\u00ed n\u00edzk\u00fd dopad na \u017eivotn\u00ed prost\u0159ed\u00ed a dlouhou \u017eivotnost, co\u017e sni\u017euje pot\u0159ebu \u00fadr\u017eby a v\u00fdm\u011bny.<br \/>\n<\/p><br \/>\n<br \/>\n<p><b>8.Ve kter\u00fdch pr\u016fmyslov\u00fdch odv\u011btv\u00edch se b\u011b\u017en\u011b pou\u017e\u00edvaj\u00ed hlin\u00edkov\u00e9 vytla\u010dovac\u00ed profily s PVDF povlakem?<\/b><\/p>\n<p>Stavebn\u00ed, automobilov\u00fd, zna\u010dka\u0159sk\u00fd a leteck\u00fd pr\u016fmysl vyu\u017e\u00edvaj\u00ed hlin\u00edkov\u00e9 profily s PVDF povlakem pro jejich odolnost, estetick\u00fd vzhled a ochrann\u00e9 vlastnosti.<br \/>\n<\/p><br \/><\/p>","protected":false},"featured_media":6496,"template":"","categories":[61],"class_list":["post-6497","product","type-product","status-publish","has-post-thumbnail","hentry","category-powder-coating-aluminum-profile"],"meta_box":{"hilight_text_group":{"product_hilight_text":"<li>PVDF coating provides superior weather and UV resistance<\/li>\r\r\n<li>Enhanced durability and color retention for outdoor applications<\/li>\r\r\n<li>High-quality aluminum extrusion with precise dimensions<\/li>\r\r\n<li>Suitable for architectural facades, windows, and decorative panels<\/li>\r\r\n<li>Supports custom profiles, colors, and bulk supply<\/li>","product_chanpin_blog":"<ul>\r\r\n<li><a href=\"https:\/\/sinoextrud.com\/t-slot-v-slot-differences\/\" target=\"_blank\">t slot vs v slot<\/a><\/li>\r\r\n<li><a href=\"https:\/\/sinoextrud.com\/what-is-4040-aluminium-extrud\/\" target=\"_blank\">4040 aluminium extrusion<\/a><\/li>\r\r\n<li><a href=\"https:\/\/sinoextrud.com\/what-is-4040-aluminium-extrud\/\" target=\"_blank\">aluminum extrusions for industrial racks<\/a><\/li>\r\r\n<li><a href=\"https:\/\/sinoextrud.com\/powder-coating-aluminium-process\/\" target=\"_blank\">powder coating aluminium<\/a><\/li>\r\r\n<li><a href=\"https:\/\/sinoextrud.com\/what-is-an-aluminium-strip-ceiling\/\" target=\"_blank\">aluminium strip ceiling<\/a><\/li>\r\r\n<li><a href=\"https:\/\/sinoextrud.com\/what-is-a-heat-sink\/\" target=\"_blank\">what is a heat sink<\/a><\/li>\r\r\n<\/ul>","product_chanpin_chanpin":"<li><a href=\"https:\/\/sinoextrud.com\/product\/extruded-aluminum-rectangular-tubing\/\" target=\"_blank\">Extruded Aluminum Rectangular Tubing<\/a><\/li>\r\n<li><a href=\"https:\/\/sinoextrud.com\/product\/power-coating-standard-aluminium-profiles\/\" target=\"_blank\">Power Coating Standard Aluminium Profiles<\/a><\/li>\r\n<li><a href=\"https:\/\/sinoextrud.com\/product\/aluminum-tube-coated-powder-price-per-kg-for-lowes-aluminum-pipe-fence-china\/\" target=\"_blank\">aluminum tube coated powder price per kg for lowes aluminum pipe fence china<\/a><\/li>\r\n<li><a href=\"https:\/\/sinoextrud.com\/product\/powder-coated-aluminium-extrusion\/\" target=\"_blank\">Powder Coated Aluminium Extrusion<\/a><\/li>\r\n<li><a href=\"https:\/\/sinoextrud.com\/product\/aluminium-extrusion-profile-with-pvdf-coating\/\" target=\"_blank\">Aluminium Extrusion Profile With PVDF Coating<\/a><\/li>\r\n<li><a href=\"https:\/\/sinoextrud.com\/product\/powder-coated-extrusions-aluminum-corrosion-resistant-for-10-years-in-door\/\" target=\"_blank\">Powder Coated Extrusions Aluminum Corrosion Resistant For 10 Years In Door<\/a><\/li>\r\n<li><a href=\"https:\/\/sinoextrud.com\/product\/powder-coating-surface-aluminum-profile\/\" target=\"_blank\">Powder Coating Surface Aluminum Profile<\/a><\/li>\r\n<li><a href=\"https:\/\/sinoextrud.com\/product\/customized-powder-coated-tube-decorative-anodized-aluminum-louver-fence-panel-for-modern-garden\/\" target=\"_blank\">Customized Powder Coated Tube Decorative Anodized Aluminum Louver Fence Panel For Modern Garden<\/a><\/li>\r\n<li><a href=\"https:\/\/sinoextrud.com\/product\/aluminium-6063\/\" target=\"_blank\">Aluminium 6063<\/a><\/li>\r\n<li><a href=\"https:\/\/sinoextrud.com\/product\/wholesale-aluminium-extrusion-corner-profile\/\" target=\"_blank\">Wholesale Aluminium Extrusion Corner Profile<\/a><\/li>\r\n<li><a href=\"https:\/\/sinoextrud.com\/product\/aluminium-extrusion-cnc\/\" target=\"_blank\">Aluminium Extrusion CNC<\/a><\/li>"},"feature_list":[]},"_links":{"self":[{"href":"https:\/\/sinoextrud.com\/cs\/wp-json\/wp\/v2\/product\/6497","targetHints":{"allow":["GET"]}}],"collection":[{"href":"https:\/\/sinoextrud.com\/cs\/wp-json\/wp\/v2\/product"}],"about":[{"href":"https:\/\/sinoextrud.com\/cs\/wp-json\/wp\/v2\/types\/product"}],"wp:featuredmedia":[{"embeddable":true,"href":"https:\/\/sinoextrud.com\/cs\/wp-json\/wp\/v2\/media\/6496"}],"wp:attachment":[{"href":"https:\/\/sinoextrud.com\/cs\/wp-json\/wp\/v2\/media?parent=6497"}],"wp:term":[{"taxonomy":"category","embeddable":true,"href":"https:\/\/sinoextrud.com\/cs\/wp-json\/wp\/v2\/categories?post=6497"}],"curies":[{"name":"wp","href":"https:\/\/api.w.org\/{rel}","templated":true}]}}