{"id":6484,"date":"2025-05-29T03:05:24","date_gmt":"2025-05-29T03:05:24","guid":{"rendered":"https:\/\/sinoextrud.com\/product\/extruded-aluminum-rectangular-tubing\/"},"modified":"2025-06-24T06:11:00","modified_gmt":"2025-06-24T06:11:00","slug":"vytlacovane-hlinikove-obdelnikove-trubky","status":"publish","type":"product","link":"https:\/\/sinoextrud.com\/cs\/product\/extruded-aluminum-rectangular-tubing\/","title":{"rendered":"Obd\u00e9ln\u00edkov\u00e9 trubky z extrudovan\u00e9ho hlin\u00edku"},"content":{"rendered":"<h2>Podrobnosti o produktech<\/h2>\n<table class=\"custom-table\">\n<tr>\n<td class=\"label\">Materi\u00e1l:<\/td>\n<td>\u010dtvercov\u00e1 slitina hlin\u00edku<\/td>\n<\/tr>\n<tr>\n<td class=\"label\">Specifikace:<\/td>\n<td>rozsah \u0161\u00ed\u0159ky je 25-150 mm a rozsah v\u00fd\u0161ky bo\u010dnic 30-300 mm.<\/td>\n<\/tr>\n<tr>\n<td class=\"label\">Tlou\u0161\u0165ka:<\/td>\n<td>0,8-10,0 mm<\/td>\n<\/tr>\n<tr>\n<td class=\"label\">D\u00e9lka:<\/td>\n<td>Obecn\u011b je d\u00e9lka 6 m, lze ji p\u0159izp\u016fsobit podle po\u017eadavk\u016f z\u00e1kazn\u00edka.<\/td>\n<\/tr>\n<tr>\n<td class=\"label\">Proces:<\/td>\n<td>pultruzn\u00ed nebo extrudovan\u00e9<\/td>\n<\/tr>\n<tr>\n<td class=\"label\">Povrchov\u00e1 \u00faprava:<\/td>\n<td>pr\u00e1\u0161kov\u00e9 lakov\u00e1n\u00ed, eloxov\u00e1n\u00ed, d\u0159ev\u011bn\u00e1 struktura, le\u0161t\u011bn\u00ed, kart\u00e1\u010dov\u00e1n\u00ed, p\u00edskov\u00e1n\u00ed atd.<\/td>\n<\/tr>\n<tr>\n<td class=\"label\">Barva:<\/td>\n<td>lze upravit podle po\u017eadavk\u016f z\u00e1kazn\u00edka<\/td>\n<\/tr>\n<tr>\n<td class=\"label\">Po\u017e\u00e1rn\u00ed ochrana:<\/td>\n<td>\u017e\u00e1dn\u00e9 spalov\u00e1n\u00ed, vhodn\u00e9 do prost\u0159ed\u00ed s vysokou teplotou<\/td>\n<\/tr>\n<tr>\n<td class=\"label\">Pozn\u00e1mky:<\/td>\n<td>Tlou\u0161\u0165ka zak\u0159iven\u00e9ho hlin\u00edkov\u00e9ho \u010dtverce je 1,2-3,0 mm.<\/td>\n<\/tr>\n<\/table>\n<h2>Na\u0161e v\u00fdrobn\u00ed z\u00e1kladna<\/h2>\n<h3>Panorama tov\u00e1rny<\/h3>\n<p><img decoding=\"async\" src=\"\/wp-content\/uploads\/factory-01.webp\"\/><\/p>\n<h3>D\u00edlna na v\u00fdrobu hlin\u00edkov\u00fdch ty\u010d\u00ed<\/h3>\n<p><img decoding=\"async\" src=\"\/wp-content\/uploads\/factory-02.webp\"\/><\/p>\n<p><img decoding=\"async\" src=\"\/wp-content\/uploads\/factory-03.webp\"\/><\/p>\n<h3>Sklad pl\u00edsn\u00ed<\/h3>\n<p><img decoding=\"async\" src=\"\/wp-content\/uploads\/factory-04.webp\"\/><\/p>\n<h3>43 linek na vytla\u010dov\u00e1n\u00ed hlin\u00edku (500 - 5500 tun)<\/h3>\n<p><img decoding=\"async\" src=\"\/wp-content\/uploads\/factory-05.webp\"\/><\/p>\n<p><img decoding=\"async\" src=\"\/wp-content\/uploads\/factory-06.webp\"\/><\/p>\n<p><img decoding=\"async\" src=\"\/wp-content\/uploads\/factory-07.webp\"\/><\/p>\n<h3>D\u00edlna pr\u00e1\u0161kov\u00e9ho lakov\u00e1n\u00ed<\/h3>\n<p><img decoding=\"async\" src=\"\/wp-content\/uploads\/factory-09.webp\"\/><\/p>\n<h3>D\u00edlna eloxov\u00e1n\u00ed<\/h3>\n<p><img decoding=\"async\" src=\"\/wp-content\/uploads\/factory-10.webp\"\/><\/p>\n<h3>Workshop o hloubkov\u00e9m zpracov\u00e1n\u00ed<\/h3>\n<p><img decoding=\"async\" src=\"\/wp-content\/uploads\/factory-11.webp\"\/><\/p>\n<h3>D\u00edlna CNC p\u0159esn\u00e9ho obr\u00e1b\u011bn\u00ed<\/h3>\n<p><img decoding=\"async\" src=\"\/wp-content\/uploads\/factory-11.5.webp\"\/><\/p>\n<h3>Sklad hotov\u00fdch v\u00fdrobk\u016f a exportn\u00ed sklad<\/h3>\n<p><img decoding=\"async\" src=\"\/wp-content\/uploads\/factory-12.webp\"\/><\/p>\n<p><img decoding=\"async\" src=\"\/wp-content\/uploads\/factory-13.webp\"\/><\/p>\n<p><img decoding=\"async\" src=\"\/wp-content\/uploads\/factory-14.webp\"\/><\/p>\n<h2>\u010cASTO KLADEN\u00c9 DOTAZY<\/h2>\n<p><p><b>1.K \u010demu se pou\u017e\u00edvaj\u00ed vytla\u010dovan\u00e9 hlin\u00edkov\u00e9 obd\u00e9ln\u00edkov\u00e9 trubky?<\/b><\/p>\n<p>Extrudovan\u00e9 hlin\u00edkov\u00e9 obd\u00e9ln\u00edkov\u00e9 trubky se d\u00edky sv\u00e9 pevnosti a n\u00edzk\u00e9 hmotnosti hojn\u011b pou\u017e\u00edvaj\u00ed ve stavebnictv\u00ed, v automobilov\u00fdch r\u00e1mech, p\u0159i v\u00fdrob\u011b n\u00e1bytku a v pr\u016fmyslov\u00fdch aplikac\u00edch.<br \/>\n<\/p><br \/>\n<br \/>\n<p><b>2.Jak\u00e9 jsou hlavn\u00ed v\u00fdhody vytla\u010dovan\u00fdch hlin\u00edkov\u00fdch obd\u00e9ln\u00edkov\u00fdch trubek?<\/b><\/p>\n<p>Extrudovan\u00e9 hlin\u00edkov\u00e9 obd\u00e9ln\u00edkov\u00e9 trubky nab\u00edzej\u00ed vysok\u00fd pom\u011br pevnosti a hmotnosti, vynikaj\u00edc\u00ed odolnost proti korozi, p\u0159esn\u00e9 rozm\u011brov\u00e9 tolerance a snadnou v\u00fdrobu.<br \/>\n<\/p><br \/>\n<br \/>\n<p><b>3.Pro\u010d zvolit vytla\u010dovan\u00e9 hlin\u00edkov\u00e9 obd\u00e9ln\u00edkov\u00e9 trubky m\u00edsto jin\u00fdch materi\u00e1l\u016f?<\/b><\/p>\n<p>Hlin\u00edkov\u00e9 trubky jsou leh\u010d\u00ed ne\u017e ocelov\u00e9, odoln\u011bj\u0161\u00ed proti korozi a snadn\u011bji se obr\u00e1b\u011bj\u00ed a sva\u0159uj\u00ed, co\u017e zkracuje dobu instalace a sni\u017euje n\u00e1klady na \u00fadr\u017ebu.<br \/>\n<\/p><br \/>\n<br \/>\n<p><b>4.Can extrudovan\u00e9 hlin\u00edkov\u00e9 obd\u00e9ln\u00edkov\u00e9 trubky b\u00fdt p\u0159izp\u016fsobeny?<\/b><\/p>\n<p>Ano, je mo\u017en\u00e9 p\u0159izp\u016fsobit velikost, tlou\u0161\u0165ku st\u011bny, typ slitiny a povrchovou \u00fapravu tak, aby spl\u0148ovaly specifick\u00e9 konstruk\u010dn\u00ed a konstruk\u010dn\u00ed po\u017eadavky.<br \/>\n<\/p><br \/>\n<br \/>\n<p><b>5.Jak\u00e9 povrchov\u00e9 \u00fapravy jsou k dispozici pro vytla\u010dovan\u00e9 hlin\u00edkov\u00e9 obd\u00e9ln\u00edkov\u00e9 trubky?<\/b><\/p>\n<p>Mezi b\u011b\u017en\u00e9 povrchov\u00e9 \u00fapravy pat\u0159\u00ed eloxov\u00e1n\u00ed, pr\u00e1\u0161kov\u00e9 lakov\u00e1n\u00ed a fr\u00e9zov\u00e1n\u00ed, kter\u00e9 zvy\u0161uj\u00ed odolnost, ochranu proti korozi a estetick\u00fd vzhled.<br \/>\n<\/p><br \/>\n<br \/>\n<p><b>6.Jsou extrudovan\u00e9 hlin\u00edkov\u00e9 obd\u00e9ln\u00edkov\u00e9 trubky vhodn\u00e9 pro venkovn\u00ed pou\u017eit\u00ed?<\/b><\/p>\n<p>Ano, p\u0159i spr\u00e1vn\u00e9 povrchov\u00e9 \u00faprav\u011b jsou vytla\u010dovan\u00e9 hlin\u00edkov\u00e9 obd\u00e9ln\u00edkov\u00e9 trubky odoln\u00e9 v\u016f\u010di UV z\u00e1\u0159en\u00ed, vlhkosti a drsn\u00fdm pov\u011btrnostn\u00edm podm\u00ednk\u00e1m.<br \/>\n<\/p><br \/>\n<br \/>\n<p><b>7.Jak podporuj\u00ed vytla\u010dovan\u00e9 hlin\u00edkov\u00e9 obd\u00e9ln\u00edkov\u00e9 trubky udr\u017eitelnou v\u00fdrobu?<\/b><\/p>\n<p>Hlin\u00edk je 100% recyklovateln\u00fd a energeticky \u00fasporn\u00fd a jeho vytla\u010dov\u00e1n\u00ed minimalizuje mno\u017estv\u00ed odpadu, tak\u017ee je ekologickou volbou pro ekologick\u00e9 stavby.<br \/>\n<\/p><br \/><\/p>","protected":false},"featured_media":6483,"template":"","categories":[60],"class_list":["post-6484","product","type-product","status-publish","has-post-thumbnail","hentry","category-general-tubes-and-bars"],"meta_box":{"hilight_text_group":{"product_hilight_text":"<li>Precision-extruded rectangular tubing with consistent dimensions<\/li>\r\r\n<li>Made from high-quality aluminum for strength and corrosion resistance<\/li>\r\r\n<li>Lightweight design ideal for structural and architectural applications<\/li>\r\r\n<li>Available in various sizes, wall thicknesses, and custom finishes<\/li>\r\r\n<li>Supports bulk orders and OEM customization for diverse industries<\/li>","product_chanpin_blog":"<ul>\r\r\n<li><a href=\"https:\/\/sinoextrud.com\/t-slot-v-slot-differences\/\" target=\"_blank\">t slot vs v slot<\/a><\/li>\r\r\n<li><a href=\"https:\/\/sinoextrud.com\/what-is-4040-aluminium-extrud\/\" target=\"_blank\">4040 aluminium extrusion<\/a><\/li>\r\r\n<li><a href=\"https:\/\/sinoextrud.com\/what-is-4040-aluminium-extrud\/\" target=\"_blank\">aluminum extrusions for industrial racks<\/a><\/li>\r\r\n<li><a href=\"https:\/\/sinoextrud.com\/powder-coating-aluminium-process\/\" target=\"_blank\">powder coating aluminium<\/a><\/li>\r\r\n<li><a href=\"https:\/\/sinoextrud.com\/what-is-an-aluminium-strip-ceiling\/\" target=\"_blank\">aluminium strip ceiling<\/a><\/li>\r\r\n<li><a href=\"https:\/\/sinoextrud.com\/what-is-a-heat-sink\/\" target=\"_blank\">what is a heat sink<\/a><\/li>\r\r\n<\/ul>","product_chanpin_chanpin":"<li><a href=\"https:\/\/sinoextrud.com\/product\/custom-large-diameter-extruded-aluminum-pipe\/\" target=\"_blank\">Custom Large Diameter Extruded Aluminum Pipe<\/a><\/li>\r\n<li><a href=\"https:\/\/sinoextrud.com\/product\/china-aluminum-extrusion-6061-6063-anodized-aluminum-pipe\/\" target=\"_blank\">China Aluminum Extrusion 6061 6063 Anodized Aluminum Pipe<\/a><\/li>\r\n<li><a href=\"https:\/\/sinoextrud.com\/product\/anodized-aluminum-tubes\/\" target=\"_blank\">Anodized Aluminum Tubes<\/a><\/li>\r\n<li><a href=\"https:\/\/sinoextrud.com\/product\/6061-oval-aluminum-tubing\/\" target=\"_blank\">6061 Oval Aluminum Tubing<\/a><\/li>\r\n<li><a href=\"https:\/\/sinoextrud.com\/product\/extruded-aluminum-rectangular-tubing\/\" target=\"_blank\">Extruded Aluminum Rectangular Tubing<\/a><\/li>\r\n<li><a href=\"https:\/\/sinoextrud.com\/product\/power-coating-standard-aluminium-profiles\/\" target=\"_blank\">Power Coating Standard Aluminium Profiles<\/a><\/li>\r\n<li><a href=\"https:\/\/sinoextrud.com\/product\/aluminum-tube-coated-powder-price-per-kg-for-lowes-aluminum-pipe-fence-china\/\" target=\"_blank\">aluminum tube coated powder price per kg for lowes aluminum pipe fence china<\/a><\/li>\r\n<li><a href=\"https:\/\/sinoextrud.com\/product\/powder-coated-aluminium-extrusion\/\" target=\"_blank\">Powder Coated Aluminium Extrusion<\/a><\/li>\r\n<li><a href=\"https:\/\/sinoextrud.com\/product\/aluminium-extrusion-profile-with-pvdf-coating\/\" target=\"_blank\">Aluminium Extrusion Profile With PVDF Coating<\/a><\/li>\r\n<li><a href=\"https:\/\/sinoextrud.com\/product\/aluminium-gate-fence\/\" target=\"_blank\">Aluminium gate fence<\/a><\/li>\r\n<li><a href=\"https:\/\/sinoextrud.com\/product\/round-aluminum-tube\/\" target=\"_blank\">Round Aluminum Tube<\/a><\/li>"},"feature_list":[]},"_links":{"self":[{"href":"https:\/\/sinoextrud.com\/cs\/wp-json\/wp\/v2\/product\/6484","targetHints":{"allow":["GET"]}}],"collection":[{"href":"https:\/\/sinoextrud.com\/cs\/wp-json\/wp\/v2\/product"}],"about":[{"href":"https:\/\/sinoextrud.com\/cs\/wp-json\/wp\/v2\/types\/product"}],"wp:featuredmedia":[{"embeddable":true,"href":"https:\/\/sinoextrud.com\/cs\/wp-json\/wp\/v2\/media\/6483"}],"wp:attachment":[{"href":"https:\/\/sinoextrud.com\/cs\/wp-json\/wp\/v2\/media?parent=6484"}],"wp:term":[{"taxonomy":"category","embeddable":true,"href":"https:\/\/sinoextrud.com\/cs\/wp-json\/wp\/v2\/categories?post=6484"}],"curies":[{"name":"wp","href":"https:\/\/api.w.org\/{rel}","templated":true}]}}