{"id":6480,"date":"2025-05-29T02:58:31","date_gmt":"2025-05-29T02:58:31","guid":{"rendered":"https:\/\/sinoextrud.com\/product\/anodized-aluminum-tubes\/"},"modified":"2025-06-24T06:11:00","modified_gmt":"2025-06-24T06:11:00","slug":"eloxovane-hlinikove-trubky","status":"publish","type":"product","link":"https:\/\/sinoextrud.com\/cs\/product\/anodized-aluminum-tubes\/","title":{"rendered":"eloxovan\u00e9 hlin\u00edkov\u00e9 trubky"},"content":{"rendered":"<h2>Podrobnosti o produktech<\/h2>\n<table class=\"custom-table\">\n<tr>\n<td class=\"label\">Polo\u017eka<\/td>\n<td>V\u00fdrobce a dodavatel eloxovan\u00fdch hlin\u00edkov\u00fdch trubek<\/td>\n<\/tr>\n<tr>\n<td class=\"label\">Materi\u00e1l<\/td>\n<td>Vysoce kvalitn\u00ed slitiny hlin\u00edku (2024, 3003, 6061, 6063, 6082, 7005, 7075 atd.)<\/td>\n<\/tr>\n<tr>\n<td class=\"label\">Temperament<\/td>\n<td>T5, T6<\/td>\n<\/tr>\n<tr>\n<td class=\"label\">Tvar<\/td>\n<td>Kulat\u00e9, \u010dtvercov\u00e9, obd\u00e9ln\u00edkov\u00e9, ov\u00e1ln\u00e9 nebo vlastn\u00ed lisovan\u00e9 profily.<\/td>\n<\/tr>\n<tr>\n<td class=\"label\">Vn\u011bj\u0161\u00ed pr\u016fm\u011br<\/td>\n<td>5 mm - 500 mm (p\u0159izp\u016fsobiteln\u00e9)<\/td>\n<\/tr>\n<tr>\n<td class=\"label\">Tlou\u0161\u0165ka st\u011bny<\/td>\n<td>0,5 mm - 20 mm<\/td>\n<\/tr>\n<tr>\n<td class=\"label\">D\u00e9lka<\/td>\n<td>Standardn\u00ed: 1 m - 6 m (k dispozici jsou zak\u00e1zkov\u00e9 \u0159ezy)<\/td>\n<\/tr>\n<tr>\n<td class=\"label\">Tlou\u0161\u0165ka eloxov\u00e1n\u00ed<\/td>\n<td>10 \u03bcm - 25 \u03bcm (p\u0159izp\u016fsobiteln\u00e9)<\/td>\n<\/tr>\n<tr>\n<td class=\"label\">Mo\u017enosti barev<\/td>\n<td>\u010cir\u00e1 (st\u0159\u00edbrn\u00e1), \u010dern\u00e1, zlat\u00e1, \u010derven\u00e1, modr\u00e1, zelen\u00e1 (vlastn\u00ed barvy na vy\u017e\u00e1d\u00e1n\u00ed)<\/td>\n<\/tr>\n<tr>\n<td class=\"label\">Povrchov\u00e1 \u00faprava<\/td>\n<td>Matn\u00fd, leskl\u00fd, kart\u00e1\u010dovan\u00fd, p\u00edskovan\u00fd nebo texturovan\u00fd<\/td>\n<\/tr>\n<tr>\n<td class=\"label\">Tolerance<\/td>\n<td>\u00b10,05 mm (k dispozici je vysoce p\u0159esn\u00e9 obr\u00e1b\u011bn\u00ed)<\/td>\n<\/tr>\n<tr>\n<td class=\"label\">Tvrdost (HV)<\/td>\n<td>150 - 500 HV (tvrd\u00e9 eloxov\u00e1n\u00ed a\u017e do 500+ HV)<\/td>\n<\/tr>\n<tr>\n<td class=\"label\">Odolnost proti korozi<\/td>\n<td>Vyhovuje v\u00edce ne\u017e 1 000 hodin\u00e1m testu solnou mlhou (ASTM B117)<\/td>\n<\/tr>\n<tr>\n<td class=\"label\">Elektrick\u00e1 izolace<\/td>\n<td>Eloxovan\u00e1 vrstva zaji\u0161\u0165uje dielektrick\u00e9 vlastnosti (pr\u016frazn\u00e9 nap\u011bt\u00ed: 300-600 V\/\u03bcm)<\/td>\n<\/tr>\n<tr>\n<td class=\"label\">Tepeln\u00e1 odolnost<\/td>\n<td>Stabilita a\u017e do 815 \u00b0C (1 500 \u00b0F) pro tvrd\u011b eloxovan\u00e9 trubky.<\/td>\n<\/tr>\n<tr>\n<td class=\"label\">Sekund\u00e1rn\u00ed zpracov\u00e1n\u00ed<\/td>\n<td>CNC obr\u00e1b\u011bn\u00ed, vrt\u00e1n\u00ed, z\u00e1vitov\u00e1n\u00ed, oh\u00fdb\u00e1n\u00ed, sva\u0159ov\u00e1n\u00ed, \u0159ez\u00e1n\u00ed laserem<\/td>\n<\/tr>\n<tr>\n<td class=\"label\">Certifikace<\/td>\n<td>ISO 9001, RoHS, CE, SUV, GS<\/td>\n<\/tr>\n<tr>\n<td class=\"label\">Balen\u00ed<\/td>\n<td>Plastov\u00e1 v\u00ed\u010dka + p\u011bnov\u00e1 ochrana, d\u0159ev\u011bn\u00e9 bedny na v\u00fdvoz<\/td>\n<\/tr>\n<tr>\n<td class=\"label\">MOQ<\/td>\n<td>N\u00edzk\u00e9 MOQ (vyjednateln\u00e9 pro hromadn\u00e9 objedn\u00e1vky)<\/td>\n<\/tr>\n<tr>\n<td class=\"label\">Doba realizace<\/td>\n<td>15-25 dn\u00ed (standardn\u011b), k dispozici jsou i zrychlen\u00e9 varianty<\/td>\n<\/tr>\n<\/table>\n<h2>Na\u0161e v\u00fdrobn\u00ed z\u00e1kladna<\/h2>\n<h3>Panorama tov\u00e1rny<\/h3>\n<p><img decoding=\"async\" src=\"\/wp-content\/uploads\/factory-01.webp\"\/><\/p>\n<h3>D\u00edlna na v\u00fdrobu hlin\u00edkov\u00fdch ty\u010d\u00ed<\/h3>\n<p><img decoding=\"async\" src=\"\/wp-content\/uploads\/factory-02.webp\"\/><\/p>\n<p><img decoding=\"async\" src=\"\/wp-content\/uploads\/factory-03.webp\"\/><\/p>\n<h3>Sklad pl\u00edsn\u00ed<\/h3>\n<p><img decoding=\"async\" src=\"\/wp-content\/uploads\/factory-04.webp\"\/><\/p>\n<h3>43 linek na vytla\u010dov\u00e1n\u00ed hlin\u00edku (500-5500 tun)<\/h3>\n<p><img decoding=\"async\" src=\"\/wp-content\/uploads\/factory-05.webp\"\/><\/p>\n<p><img decoding=\"async\" src=\"\/wp-content\/uploads\/factory-06.webp\"\/><\/p>\n<p><img decoding=\"async\" src=\"\/wp-content\/uploads\/factory-07.webp\"\/><\/p>\n<h3>D\u00edlna pr\u00e1\u0161kov\u00e9ho lakov\u00e1n\u00ed<\/h3>\n<p><img decoding=\"async\" src=\"\/wp-content\/uploads\/factory-09.webp\"\/><\/p>\n<h3>D\u00edlna eloxov\u00e1n\u00ed<\/h3>\n<p><img decoding=\"async\" src=\"\/wp-content\/uploads\/factory-10.webp\"\/><\/p>\n<h3>Workshop o hloubkov\u00e9m zpracov\u00e1n\u00ed<\/h3>\n<p><img decoding=\"async\" src=\"\/wp-content\/uploads\/factory-11.webp\"\/><\/p>\n<h3>D\u00edlna CNC p\u0159esn\u00e9ho obr\u00e1b\u011bn\u00ed<\/h3>\n<p><img decoding=\"async\" src=\"\/wp-content\/uploads\/factory-11.5.webp\"\/><\/p>\n<h3>Sklad hotov\u00fdch v\u00fdrobk\u016f a exportn\u00ed sklad<\/h3>\n<p><img decoding=\"async\" src=\"\/wp-content\/uploads\/factory-12.webp\"\/><\/p>\n<p><img decoding=\"async\" src=\"\/wp-content\/uploads\/factory-13.webp\"\/><\/p>\n<p><img decoding=\"async\" src=\"\/wp-content\/uploads\/factory-14.webp\"\/><\/p>\n<h2>\u010cASTO KLADEN\u00c9 DOTAZY<\/h2>\n<p><p><b>1.Jak\u00e9 produkty nab\u00edz\u00ed v\u00fdrobce a dodavatel eloxovan\u00fdch hlin\u00edkov\u00fdch trubek?<\/b><\/p>\n<p>Dod\u00e1vaj\u00ed vysoce kvalitn\u00ed eloxovan\u00e9 hlin\u00edkov\u00e9 trubky r\u016fzn\u00fdch velikost\u00ed, slitin a povrchov\u00fdch \u00faprav pro pou\u017eit\u00ed ve stavebnictv\u00ed, automobilov\u00e9m pr\u016fmyslu, elektronice a n\u00e1bytk\u00e1\u0159stv\u00ed.<br \/>\n<\/p><br \/>\n<br \/>\n<p><b>2.Jak\u00e9 jsou hlavn\u00ed v\u00fdhody eloxovan\u00fdch hlin\u00edkov\u00fdch trubek?<\/b><\/p>\n<p>Trubky z eloxovan\u00e9ho hlin\u00edku maj\u00ed zv\u00fd\u0161enou odolnost proti korozi, zv\u00fd\u0161enou tvrdost povrchu, lep\u0161\u00ed estetick\u00fd vzhled a dlouhou \u017eivotnost.<br \/>\n<\/p><br \/>\n<br \/>\n<p><b>3.Pro\u010d si vybrat v\u00fdrobce a dodavatele eloxovan\u00fdch hlin\u00edkov\u00fdch trubek?<\/b><\/p>\n<p>V\u00fdrobci a dodavatel\u00e9 zaji\u0161\u0165uj\u00ed st\u00e1lou kvalitu, p\u0159izp\u016fsobiteln\u00e9 mo\u017enosti, konkurenceschopn\u00e9 ceny a v\u010dasn\u00e9 dod\u00e1vky pro r\u016fzn\u00e9 pr\u016fmyslov\u00e9 pot\u0159eby.<br \/>\n<\/p><br \/>\n<br \/>\n<p><b>4.Mohou b\u00fdt eloxovan\u00e9 hlin\u00edkov\u00e9 trubky p\u0159izp\u016fsobeny?<\/b><\/p>\n<p>Ano, eloxovan\u00e9 hlin\u00edkov\u00e9 trubky lze p\u0159izp\u016fsobit pr\u016fm\u011bru, tlou\u0161\u0165ce st\u011bny, t\u0159\u00edd\u011b slitiny, d\u00e9lce a barv\u011b eloxov\u00e1n\u00ed tak, aby spl\u0148ovaly specifick\u00e9 po\u017eadavky projektu.<br \/>\n<\/p><br \/>\n<br \/>\n<p><b>5.Jak\u00e9 povrchov\u00e9 \u00fapravy nab\u00edzej\u00ed v\u00fdrobci eloxovan\u00fdch hlin\u00edkov\u00fdch trubek?<\/b><\/p>\n<p>Mezi b\u011b\u017en\u00e9 povrchov\u00e9 \u00fapravy pat\u0159\u00ed \u010dir\u00e9 eloxov\u00e1n\u00ed, barevn\u00e9 eloxov\u00e1n\u00ed, matn\u00e9 a leskl\u00e9 varianty, kter\u00e9 zlep\u0161uj\u00ed ochranu proti korozi a vizu\u00e1ln\u00ed p\u0159ita\u017elivost.<br \/>\n<\/p><br \/>\n<br \/>\n<p><b>6.Jsou eloxovan\u00e9 hlin\u00edkov\u00e9 trubky vhodn\u00e9 pro venkovn\u00ed pou\u017eit\u00ed?<\/b><\/p>\n<p>Ano, eloxovan\u00e9 hlin\u00edkov\u00e9 trubky jsou vysoce odoln\u00e9 v\u016f\u010di UV z\u00e1\u0159en\u00ed, vlhkosti a nep\u0159\u00edzniv\u00fdm pov\u011btrnostn\u00edm podm\u00ednk\u00e1m, tak\u017ee jsou ide\u00e1ln\u00ed pro exteri\u00e9r a mo\u0159sk\u00e9 prost\u0159ed\u00ed.<br \/>\n<\/p><br \/>\n<br \/>\n<p><b>7.Jak eloxov\u00e1n\u00ed zvy\u0161uje v\u00fdkon hlin\u00edkov\u00fdch trubek?<\/b><\/p>\n<p>Eloxov\u00e1n\u00ed vytv\u00e1\u0159\u00ed ochrannou vrstvu oxidu, kter\u00e1 zvy\u0161uje odolnost proti korozi, tvrdost povrchu a p\u0159ilnavost barvy a z\u00e1rove\u0148 zabra\u0148uje oxidaci.<br \/>\n<\/p><br \/>\n<br \/>\n<p><b>8.Jak eloxovan\u00e9 hlin\u00edkov\u00e9 trubky podporuj\u00ed udr\u017eitelnou v\u00fdrobu?<\/b><\/p>\n<p>Eloxovan\u00e9 hlin\u00edkov\u00e9 trubky jsou vyrobeny z recyklovateln\u00fdch materi\u00e1l\u016f a eloxov\u00e1n\u00ed je ekologick\u00fd proces povrchov\u00e9 \u00fapravy, kter\u00fd sni\u017euje dopad na \u017eivotn\u00ed prost\u0159ed\u00ed.<br \/>\n<\/p><br \/><\/p>","protected":false},"featured_media":6479,"template":"","categories":[60],"class_list":["post-6480","product","type-product","status-publish","has-post-thumbnail","hentry","category-general-tubes-and-bars"],"meta_box":{"hilight_text_group":{"product_hilight_text":"<li>Expert manufacturer and supplier of high-quality anodized aluminum tubes<\/li>\r\r\n<li>Advanced anodizing process improves corrosion resistance and surface hardness<\/li>\r\r\n<li>Available in various alloys, sizes, and custom finishes<\/li>\r\r\n<li>Reliable bulk supply with consistent quality and fast delivery<\/li>\r\r\n<li>Supports OEM customization and tailored extrusion solutions<\/li>","product_chanpin_blog":"<ul>\r\r\n<li><a href=\"https:\/\/sinoextrud.com\/t-slot-v-slot-differences\/\" target=\"_blank\">t slot vs v slot<\/a><\/li>\r\r\n<li><a href=\"https:\/\/sinoextrud.com\/what-is-4040-aluminium-extrud\/\" target=\"_blank\">4040 aluminium extrusion<\/a><\/li>\r\r\n<li><a href=\"https:\/\/sinoextrud.com\/what-is-4040-aluminium-extrud\/\" target=\"_blank\">aluminum extrusions for industrial racks<\/a><\/li>\r\r\n<li><a href=\"https:\/\/sinoextrud.com\/powder-coating-aluminium-process\/\" target=\"_blank\">powder coating aluminium<\/a><\/li>\r\r\n<li><a href=\"https:\/\/sinoextrud.com\/what-is-an-aluminium-strip-ceiling\/\" target=\"_blank\">aluminium strip ceiling<\/a><\/li>\r\r\n<li><a href=\"https:\/\/sinoextrud.com\/what-is-a-heat-sink\/\" target=\"_blank\">what is a heat sink<\/a><\/li>\r\r\n<\/ul>","product_chanpin_chanpin":"<li><a href=\"https:\/\/sinoextrud.com\/product\/aluminum-extrusion-electrophoresis-aluminum-tube\/\" target=\"_blank\">Aluminum Extrusion Electrophoresis Aluminum Tube<\/a><\/li>\r\n<li><a href=\"https:\/\/sinoextrud.com\/product\/aluminum-square-tube-powder-coating-6063-t5-extruded-profiles\/\" target=\"_blank\">aluminum square tube powder coating 6063 t5 extruded profiles<\/a><\/li>\r\n<li><a href=\"https:\/\/sinoextrud.com\/product\/custom-large-diameter-extruded-aluminum-pipe\/\" target=\"_blank\">Custom Large Diameter Extruded Aluminum Pipe<\/a><\/li>\r\n<li><a href=\"https:\/\/sinoextrud.com\/product\/china-aluminum-extrusion-6061-6063-anodized-aluminum-pipe\/\" target=\"_blank\">China Aluminum Extrusion 6061 6063 Anodized Aluminum Pipe<\/a><\/li>\r\n<li><a href=\"https:\/\/sinoextrud.com\/product\/anodized-aluminum-tubes\/\" target=\"_blank\">Anodized Aluminum Tubes<\/a><\/li>\r\n<li><a href=\"https:\/\/sinoextrud.com\/product\/6061-oval-aluminum-tubing\/\" target=\"_blank\">6061 Oval Aluminum Tubing<\/a><\/li>\r\n<li><a href=\"https:\/\/sinoextrud.com\/product\/extruded-aluminum-rectangular-tubing\/\" target=\"_blank\">Extruded Aluminum Rectangular Tubing<\/a><\/li>\r\n<li><a href=\"https:\/\/sinoextrud.com\/product\/power-coating-standard-aluminium-profiles\/\" target=\"_blank\">Power Coating Standard Aluminium Profiles<\/a><\/li>\r\n<li><a href=\"https:\/\/sinoextrud.com\/product\/aluminum-tube-coated-powder-price-per-kg-for-lowes-aluminum-pipe-fence-china\/\" target=\"_blank\">aluminum tube coated powder price per kg for lowes aluminum pipe fence china<\/a><\/li>\r\n<li><a href=\"https:\/\/sinoextrud.com\/product\/aluminium-round-tube-extrusion-profile-with-anodized-powder-coating-surface-treatment-oem-customized-extruded-aluminium-tube-profile\/\" target=\"_blank\">Aluminium Round Tube Extrusion Profile With Anodized Powder Coating Surface Treatment OEM Customized  Extruded Aluminium Tube Profile<\/a><\/li>\r\n<li><a href=\"https:\/\/sinoextrud.com\/product\/combination-open-cell-ceiling-system\/\" target=\"_blank\">Combination Open Cell Ceiling System<\/a><\/li>"},"feature_list":[]},"_links":{"self":[{"href":"https:\/\/sinoextrud.com\/cs\/wp-json\/wp\/v2\/product\/6480","targetHints":{"allow":["GET"]}}],"collection":[{"href":"https:\/\/sinoextrud.com\/cs\/wp-json\/wp\/v2\/product"}],"about":[{"href":"https:\/\/sinoextrud.com\/cs\/wp-json\/wp\/v2\/types\/product"}],"wp:featuredmedia":[{"embeddable":true,"href":"https:\/\/sinoextrud.com\/cs\/wp-json\/wp\/v2\/media\/6479"}],"wp:attachment":[{"href":"https:\/\/sinoextrud.com\/cs\/wp-json\/wp\/v2\/media?parent=6480"}],"wp:term":[{"taxonomy":"category","embeddable":true,"href":"https:\/\/sinoextrud.com\/cs\/wp-json\/wp\/v2\/categories?post=6480"}],"curies":[{"name":"wp","href":"https:\/\/api.w.org\/{rel}","templated":true}]}}