{"id":6474,"date":"2025-05-29T02:50:06","date_gmt":"2025-05-29T02:50:06","guid":{"rendered":"https:\/\/sinoextrud.com\/product\/aluminum-square-tube-powder-coating-6063-t5-extruded-profiles\/"},"modified":"2025-06-24T06:10:59","modified_gmt":"2025-06-24T06:10:59","slug":"hlinikove-ctvercove-trubky-praskove-lakovani-6063-t5-lisovane-profily","status":"publish","type":"product","link":"https:\/\/sinoextrud.com\/cs\/product\/aluminum-square-tube-powder-coating-6063-t5-extruded-profiles\/","title":{"rendered":"hlin\u00edkov\u00e9 \u010dtvercov\u00e9 trubky pr\u00e1\u0161kov\u00e9 lakov\u00e1n\u00ed 6063 t5 lisovan\u00e9 profily"},"content":{"rendered":"<h2>Podrobnosti o produktech<\/h2>\n<table class=\"custom-table\">\n<tr>\n<td class=\"label\">Povrchov\u00e1 \u00faprava:<\/td>\n<td> pr\u00e1\u0161kov\u00e9 lakov\u00e1n\u00ed hlin\u00edku<\/td>\n<\/tr>\n<tr>\n<td class=\"label\">Doba dod\u00e1n\u00ed:<\/td>\n<td> 20 dn\u00ed po p\u0159ijet\u00ed z\u00e1lohy<\/td>\n<\/tr>\n<tr>\n<td class=\"label\">Term\u00edn platby:<\/td>\n<td> T\/T, 30% z\u00e1loha, zat\u00edmco z\u016fstatek bude zaplacen<\/td>\n<\/tr>\n<tr>\n<td class=\"label\">Z\u00e1ruka:<\/td>\n<td> Barva povrchu je schopna vydr\u017eet 10 ~ 20 let<\/td>\n<\/tr>\n<tr>\n<td class=\"label\">Materi\u00e1l:<\/td>\n<td> 6063-T5, 6061-T6, 6463-T5, 7075-T6, 6082<\/td>\n<\/tr>\n<tr>\n<td class=\"label\">Ochrann\u00e1 zn\u00e1mka:<\/td>\n<td> OEM<\/td>\n<\/tr>\n<tr>\n<td class=\"label\">Specifikace:<\/td>\n<td> 1m-9m nebo p\u0159izp\u016fsoben\u00e1 velikost<\/td>\n<\/tr>\n<tr>\n<td class=\"label\">K\u00f3d HS:<\/td>\n<td> 76042100<\/td>\n<\/tr>\n<tr>\n<td class=\"label\">Tvar:<\/td>\n<td> \u010ctvercov\u00fd, p\u0159izp\u016fsoben\u00fd<\/td>\n<\/tr>\n<tr>\n<td class=\"label\">T\u0159\u00edda:<\/td>\n<td> \u0158ada 6000<\/td>\n<\/tr>\n<tr>\n<td class=\"label\">M\u00edrnost:<\/td>\n<td> T3 - T8<\/td>\n<\/tr>\n<tr>\n<td class=\"label\">Barvy:<\/td>\n<td> Pr\u00e1\u0161kov\u00e9 lakov\u00e1n\u00ed<\/td>\n<\/tr>\n<tr>\n<td class=\"label\">MOQ:<\/td>\n<td> 200KG pro ka\u017edou polo\u017eku<\/td>\n<\/tr>\n<tr>\n<td class=\"label\">P\u0159epravn\u00ed bal\u00ed\u010dek:<\/td>\n<td> Plastov\u00e1 f\u00f3lie nebo polystyrenov\u00fd s\u00e1\u010dek, vod\u011bodoln\u00fd \u0159emesln\u00fd pap\u00edr<\/td>\n<\/tr>\n<tr>\n<td class=\"label\">P\u016fvod:<\/td>\n<td> Foshan, \u010c\u00edna<\/td>\n<\/tr>\n<\/table>\n<h2>Na\u0161e v\u00fdrobn\u00ed z\u00e1kladna<\/h2>\n<h3>Panorama tov\u00e1rny<\/h3>\n<p><img decoding=\"async\" src=\"\/wp-content\/uploads\/factory-01.webp\"\/><\/p>\n<h3>D\u00edlna na v\u00fdrobu hlin\u00edkov\u00fdch ty\u010d\u00ed<\/h3>\n<p><img decoding=\"async\" src=\"\/wp-content\/uploads\/factory-02.webp\"\/><\/p>\n<\/p>\n<p><img decoding=\"async\" src=\"\/wp-content\/uploads\/factory-03.webp\"\/><\/p>\n<h3>Sklad pl\u00edsn\u00ed<\/h3>\n<p><img decoding=\"async\" src=\"\/wp-content\/uploads\/factory-04.webp\"\/><\/p>\n<h3>43 linek na vytla\u010dov\u00e1n\u00ed hlin\u00edku (500 - 5500 tun)<\/h3>\n<p><img decoding=\"async\" src=\"\/wp-content\/uploads\/factory-05.webp\"\/><\/p>\n<p><img decoding=\"async\" src=\"\/wp-content\/uploads\/factory-06.webp\"\/><\/p>\n<p><img decoding=\"async\" src=\"\/wp-content\/uploads\/factory-07.webp\"\/><\/p>\n<h3>D\u00edlna pr\u00e1\u0161kov\u00e9ho lakov\u00e1n\u00ed<\/h3>\n<p><img decoding=\"async\" src=\"\/wp-content\/uploads\/factory-09.webp\"\/><\/p>\n<h3>D\u00edlna eloxov\u00e1n\u00ed<\/h3>\n<p><img decoding=\"async\" src=\"\/wp-content\/uploads\/factory-10.webp\"\/><\/p>\n<h3>Workshop o hloubkov\u00e9m zpracov\u00e1n\u00ed<\/h3>\n<p><img decoding=\"async\" src=\"\/wp-content\/uploads\/factory-11.webp\"\/><\/p>\n<h3>D\u00edlna CNC p\u0159esn\u00e9ho obr\u00e1b\u011bn\u00ed<\/h3>\n<p><img decoding=\"async\" src=\"\/wp-content\/uploads\/factory-11.5.webp\"\/><\/p>\n<h3>Sklad hotov\u00fdch v\u00fdrobk\u016f a exportn\u00ed sklad<\/h3>\n<p><img decoding=\"async\" src=\"\/wp-content\/uploads\/factory-12.webp\"\/><\/p>\n<p><img decoding=\"async\" src=\"\/wp-content\/uploads\/factory-13.webp\"\/><\/p>\n<p><img decoding=\"async\" src=\"\/wp-content\/uploads\/factory-14.webp\"\/><\/p>\n<h2>\u010cASTO KLADEN\u00c9 DOTAZY<\/h2>\n<p><b>1.K \u010demu se pou\u017e\u00edv\u00e1 hlin\u00edkov\u00e1 \u010dtvercov\u00e1 trubka s pr\u00e1\u0161kov\u00fdm n\u00e1t\u011brem 6063 T5 extrudovan\u00e9 profily?<\/b><\/p>\n<p>Tyto profily se pro svou pevnost, trvanlivost a estetickou \u00fapravu hojn\u011b pou\u017e\u00edvaj\u00ed ve stavebnictv\u00ed, automobilov\u00e9m pr\u016fmyslu, n\u00e1bytk\u00e1\u0159stv\u00ed a architektu\u0159e.\n<\/p>\n<p><\/p>\n<p><b>2.Jak\u00e9 jsou hlavn\u00ed v\u00fdhody hlin\u00edkov\u00fdch \u010dtvercov\u00fdch trubek s pr\u00e1\u0161kov\u00fdm lakov\u00e1n\u00edm 6063 T5 lisovan\u00fdch profil\u016f?<\/b><\/p>\n<p>Nab\u00edzej\u00ed vysok\u00fd pom\u011br pevnosti a hmotnosti, vynikaj\u00edc\u00ed odolnost proti korozi a odoln\u00fd, z\u00e1\u0159iv\u00fd pr\u00e1\u0161kov\u00fd povrch, kter\u00fd zvy\u0161uje \u017eivotnost.\n<\/p>\n<p><\/p>\n<p><b>3.Pro\u010d zvolit slitinu 6063 T5 pro hlin\u00edkov\u00e9 \u010dtvercov\u00e9 trubkov\u00e9 v\u00fdlisky?<\/b><\/p>\n<p>Slitina 6063 T5 m\u00e1 vynikaj\u00edc\u00ed mechanick\u00e9 vlastnosti, dobrou obrobitelnost a vynikaj\u00edc\u00ed odolnost proti korozi, tak\u017ee je ide\u00e1ln\u00ed pro konstruk\u010dn\u00ed a dekorativn\u00ed pou\u017eit\u00ed.\n<\/p>\n<p><\/p>\n<p><b>4.Jak pr\u00e1\u0161kov\u00e9 lakov\u00e1n\u00ed prosp\u00edv\u00e1 hlin\u00edkov\u00fdm \u010dtvercov\u00fdm trubk\u00e1m 6063 T5 z extrudovan\u00fdch profil\u016f?<\/b><\/p>\n<p>Pr\u00e1\u0161kov\u00e9 lakov\u00e1n\u00ed zaji\u0161\u0165uje odolnou, jednolitou povrchovou \u00fapravu, kter\u00e1 odol\u00e1v\u00e1 po\u0161kr\u00e1b\u00e1n\u00ed, po\u0161kozen\u00ed UV z\u00e1\u0159en\u00edm a korozi, \u010d\u00edm\u017e zlep\u0161uje trvanlivost i vzhled.\n<\/p>\n<p><\/p>\n<p><b>5.Can hlin\u00edkov\u00e9 \u010dtvercov\u00e9 trubky pr\u00e1\u0161kov\u00e9 lakov\u00e1n\u00ed 6063 T5 extrudovan\u00e9 profily b\u00fdt p\u0159izp\u016fsobeny?<\/b><\/p>\n<p>Ano, tyto profily lze p\u0159izp\u016fsobit velikosti, tlou\u0161\u0165ce st\u011bny, barv\u011b a povrchov\u00e9 \u00faprav\u011b tak, aby spl\u0148ovaly specifick\u00e9 po\u017eadavky projektu.\n<\/p>\n<p><\/p>\n<p><b>6.Jsou hlin\u00edkov\u00e9 \u010dtvercov\u00e9 trubky 6063 T5 s pr\u00e1\u0161kovou povrchovou \u00fapravou vhodn\u00e9 pro venkovn\u00ed pou\u017eit\u00ed?<\/b><\/p>\n<p>Ano, pr\u00e1\u0161kov\u00fd lak poskytuje zv\u00fd\u0161enou ochranu proti pov\u011btrnostn\u00edm vliv\u016fm, UV z\u00e1\u0159en\u00ed a vlhkosti, tak\u017ee je ide\u00e1ln\u00ed pro venkovn\u00ed prost\u0159ed\u00ed.\n<\/p>\n<p><\/p>\n<p><b>7.Jak podporuje pr\u00e1\u0161kov\u00e9 lakov\u00e1n\u00ed hlin\u00edkov\u00fdch \u010dtvercov\u00fdch trubek 6063 T5 udr\u017eitelnou v\u00fdstavbu?<\/b><\/p>\n<p>Hlin\u00edk 6063 T5 je 100% recyklovateln\u00fd a pr\u00e1\u0161kov\u00e9 lakov\u00e1n\u00ed je ekologick\u00fd proces povrchov\u00e9 \u00fapravy, kter\u00fd p\u0159isp\u00edv\u00e1 k udr\u017eiteln\u00fdm stavebn\u00edm postup\u016fm.\n<\/p>\n<p><\/p>\n<p><b>8.Kter\u00e1 pr\u016fmyslov\u00e1 odv\u011btv\u00ed nejv\u00edce t\u011b\u017e\u00ed z pr\u00e1\u0161kov\u00e9ho lakov\u00e1n\u00ed hlin\u00edkov\u00fdch \u010dtvercov\u00fdch trubek 6063 T5 extrudovan\u00fdch profil\u016f?<\/b><\/p>\n<p>Odv\u011btv\u00ed, jako je stavebnictv\u00ed, doprava, v\u00fdroba n\u00e1bytku a architektonick\u00fd design, spol\u00e9haj\u00ed na tyto profily z hlediska pevnosti, odolnosti a estetiky.\n<\/p>\n<p><\/p>","protected":false},"featured_media":6473,"template":"","categories":[60],"class_list":["post-6474","product","type-product","status-publish","has-post-thumbnail","hentry","category-general-tubes-and-bars"],"meta_box":{"hilight_text_group":{"product_hilight_text":"<li>Made from 6063 T5 aluminum alloy for high strength and durability<\/li>\r\r\n<li>Powder coating provides excellent corrosion resistance and vibrant finish<\/li>\r\r\n<li>Precision extruded square tube profiles with consistent dimensions<\/li>\r\r\n<li>Lightweight design suitable for structural and decorative applications<\/li>\r\r\n<li>Supports custom sizes, colors, and bulk orders with reliable supply<\/li>","product_chanpin_blog":"<ul>\r\r\n<li><a href=\"https:\/\/sinoextrud.com\/t-slot-v-slot-differences\/\" target=\"_blank\">t slot vs v slot<\/a><\/li>\r\r\n<li><a href=\"https:\/\/sinoextrud.com\/what-is-4040-aluminium-extrud\/\" target=\"_blank\">4040 aluminium extrusion<\/a><\/li>\r\r\n<li><a href=\"https:\/\/sinoextrud.com\/what-is-4040-aluminium-extrud\/\" target=\"_blank\">aluminum extrusions for industrial racks<\/a><\/li>\r\r\n<li><a href=\"https:\/\/sinoextrud.com\/powder-coating-aluminium-process\/\" target=\"_blank\">powder coating aluminium<\/a><\/li>\r\r\n<li><a href=\"https:\/\/sinoextrud.com\/what-is-an-aluminium-strip-ceiling\/\" target=\"_blank\">aluminium strip ceiling<\/a><\/li>\r\r\n<li><a href=\"https:\/\/sinoextrud.com\/what-is-a-heat-sink\/\" target=\"_blank\">what is a heat sink<\/a><\/li>\r\r\n<\/ul>","product_chanpin_chanpin":"<li><a href=\"https:\/\/sinoextrud.com\/product\/3003-aluminum-tube-and-pipe\/\" target=\"_blank\">3003 Aluminum Tube And Pipe<\/a><\/li>\r\n<li><a href=\"https:\/\/sinoextrud.com\/product\/triangle-champagne-aluminum-extruded-tube\/\" target=\"_blank\">Triangle Champagne Aluminum Extruded Tube<\/a><\/li>\r\n<li><a href=\"https:\/\/sinoextrud.com\/product\/6063-aluminum-pipe-fire-hydrant-aluminum-profile\/\" target=\"_blank\">6063 Aluminum Pipe Fire Hydrant Aluminum Profile<\/a><\/li>\r\n<li><a href=\"https:\/\/sinoextrud.com\/product\/aluminum-extrusion-electrophoresis-aluminum-tube\/\" target=\"_blank\">Aluminum Extrusion Electrophoresis Aluminum Tube<\/a><\/li>\r\n<li><a href=\"https:\/\/sinoextrud.com\/product\/aluminum-square-tube-powder-coating-6063-t5-extruded-profiles\/\" target=\"_blank\">aluminum square tube powder coating 6063 t5 extruded profiles<\/a><\/li>\r\n<li><a href=\"https:\/\/sinoextrud.com\/product\/custom-large-diameter-extruded-aluminum-pipe\/\" target=\"_blank\">Custom Large Diameter Extruded Aluminum Pipe<\/a><\/li>\r\n<li><a href=\"https:\/\/sinoextrud.com\/product\/china-aluminum-extrusion-6061-6063-anodized-aluminum-pipe\/\" target=\"_blank\">China Aluminum Extrusion 6061 6063 Anodized Aluminum Pipe<\/a><\/li>\r\n<li><a href=\"https:\/\/sinoextrud.com\/product\/anodized-aluminum-tubes\/\" target=\"_blank\">Anodized Aluminum Tubes<\/a><\/li>\r\n<li><a href=\"https:\/\/sinoextrud.com\/product\/6061-oval-aluminum-tubing\/\" target=\"_blank\">6061 Oval Aluminum Tubing<\/a><\/li>\r\n<li><a href=\"https:\/\/sinoextrud.com\/product\/color-anodized-structural-aluminum-extrusions-profile-for-window-frame-extruded-aluminium-alloys-6063\/\" target=\"_blank\">Color Anodized structural aluminum extrusions Profile for Window Frame extruded aluminium alloys 6063<\/a><\/li>\r\n<li><a href=\"https:\/\/sinoextrud.com\/product\/double-angle-aluminium-extrusion\/\" target=\"_blank\">Double Angle Aluminium Extrusion<\/a><\/li>"},"feature_list":[]},"_links":{"self":[{"href":"https:\/\/sinoextrud.com\/cs\/wp-json\/wp\/v2\/product\/6474","targetHints":{"allow":["GET"]}}],"collection":[{"href":"https:\/\/sinoextrud.com\/cs\/wp-json\/wp\/v2\/product"}],"about":[{"href":"https:\/\/sinoextrud.com\/cs\/wp-json\/wp\/v2\/types\/product"}],"wp:featuredmedia":[{"embeddable":true,"href":"https:\/\/sinoextrud.com\/cs\/wp-json\/wp\/v2\/media\/6473"}],"wp:attachment":[{"href":"https:\/\/sinoextrud.com\/cs\/wp-json\/wp\/v2\/media?parent=6474"}],"wp:term":[{"taxonomy":"category","embeddable":true,"href":"https:\/\/sinoextrud.com\/cs\/wp-json\/wp\/v2\/categories?post=6474"}],"curies":[{"name":"wp","href":"https:\/\/api.w.org\/{rel}","templated":true}]}}