{"id":6472,"date":"2025-05-29T02:48:17","date_gmt":"2025-05-29T02:48:17","guid":{"rendered":"https:\/\/sinoextrud.com\/product\/aluminum-extrusion-electrophoresis-aluminum-tube\/"},"modified":"2025-06-24T06:10:59","modified_gmt":"2025-06-24T06:10:59","slug":"hlinikova-extruze-elektroforeza-hlinikova-trubka","status":"publish","type":"product","link":"https:\/\/sinoextrud.com\/cs\/product\/aluminum-extrusion-electrophoresis-aluminum-tube\/","title":{"rendered":"Hlin\u00edkov\u00e1 extruze Elektrofor\u00e9za Hlin\u00edkov\u00e1 trubka"},"content":{"rendered":"<h2>Podrobnosti o produktech<\/h2>\n<table class=\"custom-table\">\n<tr>\n<td class=\"label\">Polo\u017eka\uff1a<\/td>\n<td>Hlin\u00edkov\u00e1 extruze Elektrofor\u00e9za Hlin\u00edkov\u00e1 trubka<\/td>\n<\/tr>\n<tr>\n<td class=\"label\">Materi\u00e1l:<\/td>\n<td>Slitina hlin\u00edku 6063\/6061<\/td>\n<\/tr>\n<tr>\n<td class=\"label\">Vn\u011bj\u0161\u00ed pr\u016fm\u011br:<\/td>\n<td>Lze p\u0159izp\u016fsobit podle pot\u0159eb z\u00e1kazn\u00edka<\/td>\n<\/tr>\n<tr>\n<td class=\"label\">Tlou\u0161\u0165ka st\u011bny:<\/td>\n<td>Lze p\u0159izp\u016fsobit podle pot\u0159eb z\u00e1kazn\u00edka<\/td>\n<\/tr>\n<tr>\n<td class=\"label\">D\u00e9lka:<\/td>\n<td>Standardn\u00ed d\u00e9lka je 6 metr\u016f, lze ji tak\u00e9 p\u0159izp\u016fsobit podle pot\u0159eb.<\/td>\n<\/tr>\n<tr>\n<td class=\"label\">Barva:<\/td>\n<td>K dispozici jsou r\u016fzn\u00e9 barvy elektroforetick\u00e9ho povlaku<\/td>\n<\/tr>\n<tr>\n<td class=\"label\">Povrchov\u00e1 \u00faprava:<\/td>\n<td>Elektroforetick\u00e1 povrchov\u00e1 \u00faprava, kter\u00e1 zaji\u0161\u0165uje vynikaj\u00edc\u00ed odolnost proti korozi a estetiku.<\/td>\n<\/tr>\n<tr>\n<td class=\"label\">Hlavn\u00ed funkce:<\/td>\n<td>- Odolnost proti korozi<br \/>- Lehk\u00e1 v\u00e1ha<br \/>- Vysok\u00e1 pevnost<br \/>- Estetika<\/td>\n<\/tr>\n<tr>\n<td class=\"label\">Pou\u017eit\u00ed:<\/td>\n<td>Stavebnictv\u00ed, automobilov\u00fd pr\u016fmysl, elektronika, stroj\u00edrenstv\u00ed a dal\u0161\u00ed pr\u016fmyslov\u00e9 obory.<\/td>\n<\/tr>\n<tr>\n<td class=\"label\">Balen\u00ed:<\/td>\n<td>Obal z ochrann\u00e9ho materi\u00e1lu, pevn\u00fd karton nebo d\u0159ev\u011bn\u00e1 krabice<\/td>\n<\/tr>\n<tr>\n<td class=\"label\">Normy pro kontrolu kvality:<\/td>\n<td>Dodr\u017eov\u00e1n\u00ed mezin\u00e1rodn\u00edch norem kvality a poskytov\u00e1n\u00ed zpr\u00e1v o kontrol\u00e1ch kvality.<\/td>\n<\/tr>\n<tr>\n<td class=\"label\">Slu\u017eby hloubkov\u00e9ho obr\u00e1b\u011bn\u00ed CNC:<\/td>\n<td>\u0158ez\u00e1n\u00ed, vrt\u00e1n\u00ed, \u0159ez\u00e1n\u00ed z\u00e1vit\u016f, fr\u00e9zov\u00e1n\u00ed a dal\u0161\u00ed slu\u017eby zpracov\u00e1n\u00ed na zak\u00e1zku<\/td>\n<\/tr>\n<tr>\n<td class=\"label\">Slu\u017eby na m\u00edru:<\/td>\n<td>Podpora ODM\/OEM pro spln\u011bn\u00ed individu\u00e1ln\u00edch pot\u0159eb z\u00e1kazn\u00edk\u016f<\/td>\n<\/tr>\n<tr>\n<td class=\"label\">Zku\u0161enosti ve spole\u010dnosti:<\/td>\n<td>30 let zku\u0161enost\u00ed s v\u00fdrobou hlin\u00edkov\u00fdch profil\u016f<\/td>\n<\/tr>\n<tr>\n<td class=\"label\">Zaji\u0161t\u011bn\u00ed kvality:<\/td>\n<td>Poskytovat slu\u017eby zaji\u0161t\u011bn\u00ed kvality a aktivn\u011b reagovat na probl\u00e9my z\u00e1kazn\u00edk\u016f.<\/td>\n<\/tr>\n<tr>\n<td class=\"label\">Doba dod\u00e1n\u00ed:<\/td>\n<td>15-25 dn\u00ed<\/td>\n<\/tr>\n<\/table>\n<h2>Na\u0161e v\u00fdrobn\u00ed z\u00e1kladna<\/h2>\n<h3>Panorama tov\u00e1rny<\/h3>\n<p><img decoding=\"async\" src=\"\/wp-content\/uploads\/factory-01.webp\"\/><\/p>\n<h3>D\u00edlna na v\u00fdrobu hlin\u00edkov\u00fdch ty\u010d\u00ed<\/h3>\n<p><img decoding=\"async\" src=\"\/wp-content\/uploads\/factory-02.webp\"\/><\/p>\n<p><img decoding=\"async\" src=\"\/wp-content\/uploads\/factory-03.webp\"\/><\/p>\n<h3>Sklad pl\u00edsn\u00ed<\/h3>\n<p><img decoding=\"async\" src=\"\/wp-content\/uploads\/factory-04.webp\"\/><\/p>\n<h3>43 linek na vytla\u010dov\u00e1n\u00ed hlin\u00edku (500-5500 tun)<\/h3>\n<p><img decoding=\"async\" src=\"\/wp-content\/uploads\/factory-05.webp\"\/><\/p>\n<p><img decoding=\"async\" src=\"\/wp-content\/uploads\/factory-06.webp\"\/><\/p>\n<p><img decoding=\"async\" src=\"\/wp-content\/uploads\/factory-07.webp\"\/><\/p>\n<h3>D\u00edlna pr\u00e1\u0161kov\u00e9ho lakov\u00e1n\u00ed<\/h3>\n<p><img decoding=\"async\" src=\"\/wp-content\/uploads\/factory-09.webp\"\/><\/p>\n<h3>D\u00edlna eloxov\u00e1n\u00ed<\/h3>\n<p><img decoding=\"async\" src=\"\/wp-content\/uploads\/factory-10.webp\"\/><\/p>\n<h3>Workshop o hloubkov\u00e9m zpracov\u00e1n\u00ed<\/h3>\n<p><img decoding=\"async\" src=\"\/wp-content\/uploads\/factory-11.webp\"\/><\/p>\n<h3>D\u00edlna CNC p\u0159esn\u00e9ho obr\u00e1b\u011bn\u00ed<\/h3>\n<p><img decoding=\"async\" src=\"\/wp-content\/uploads\/factory-11.5.webp\"\/><\/p>\n<h3>Sklad hotov\u00fdch v\u00fdrobk\u016f a exportn\u00ed sklad<\/h3>\n<p><img decoding=\"async\" src=\"\/wp-content\/uploads\/factory-12.webp\"\/><\/p>\n<p><img decoding=\"async\" src=\"\/wp-content\/uploads\/factory-13.webp\"\/><\/p>\n<p><img decoding=\"async\" src=\"\/wp-content\/uploads\/factory-14.webp\"\/><\/p>\n<h2>\u010cASTO KLADEN\u00c9 DOTAZY<\/h2>\n<p><p><b>1.Co je elektrofor\u00e9za hlin\u00edkov\u00e9 trubky v hlin\u00edkov\u00e9m vytla\u010dov\u00e1n\u00ed?<\/b><\/p>\n<p>Elektrofor\u00e9zn\u00ed hlin\u00edkov\u00e1 trubka je hlin\u00edkov\u00fd v\u00fdlisek o\u0161et\u0159en\u00fd elektrodepozi\u010dn\u00edm povlakem, kter\u00fd zaji\u0161\u0165uje rovnom\u011brnou, vysoce p\u0159ilnavou povrchovou ochranu a povrchovou \u00fapravu.<br \/>\n<\/p><br \/>\n<br \/>\n<p><b>2.Jak\u00e9 jsou v\u00fdhody elektrofor\u00e9zn\u00edho povlaku na hlin\u00edkov\u00fdch vytla\u010dovac\u00edch trubk\u00e1ch?<\/b><\/p>\n<p>Elektrofor\u00e9zn\u00ed hlin\u00edkov\u00e9 trubky nab\u00edzej\u00ed vynikaj\u00edc\u00ed odolnost proti korozi, rovnom\u011brn\u00e9 pokryt\u00ed ve slo\u017eit\u00fdch profilech a lep\u0161\u00ed p\u0159ilnavost barvy ve srovn\u00e1n\u00ed s b\u011b\u017en\u00fdmi n\u00e1t\u011bry.<br \/>\n<\/p><br \/>\n<br \/>\n<p><b>3.Pro\u010d zvolit elektrofor\u00e9zn\u00ed hlin\u00edkovou trubku m\u00edsto pr\u00e1\u0161kov\u011b lakovan\u00e9ho v\u00fdlisku?<\/b><\/p>\n<p>Hlin\u00edkov\u00e9 trubice pro elektrofor\u00e9zu poskytuj\u00ed ten\u010d\u00ed a rovnom\u011brn\u011bj\u0161\u00ed povlak, kter\u00fd pronik\u00e1 do dr\u00e1\u017eek a prohlubn\u00ed a zaji\u0161\u0165uje \u00faplnou ochranu a konzistentn\u00ed vzhled.<br \/>\n<\/p><br \/>\n<br \/>\n<p><b>4.Can elektrofor\u00e9za hlin\u00edkov\u00e9 vytla\u010dovac\u00ed trubky b\u00fdt p\u0159izp\u016fsobeny?<\/b><\/p>\n<p>Ano, elektroforetick\u00e9 hlin\u00edkov\u00e9 trubky lze p\u0159izp\u016fsobit t\u0159\u00edd\u011b slitiny, rozm\u011br\u016fm trubky, tlou\u0161\u0165ce st\u011bny a elektroforetick\u00e9 barv\u011b, aby spl\u0148ovaly specifick\u00e9 po\u017eadavky na konstrukci.<br \/>\n<\/p><br \/>\n<br \/>\n<p><b>5.Jak elektrofor\u00e9za zlep\u0161uje v\u00fdkonnost hlin\u00edkov\u00fdch vytla\u010dovac\u00edch trubek?<\/b><\/p>\n<p>Proces elektrofor\u00e9zy ut\u011bs\u0148uje hlin\u00edkov\u00fd povrch, zvy\u0161uje chemickou odolnost a zabra\u0148uje korozi pod vrstvou, \u010d\u00edm\u017e prodlu\u017euje \u017eivotnost trubky.<br \/>\n<\/p><br \/>\n<br \/>\n<p><b>6.Jsou elektrofor\u00e9zn\u00ed hlin\u00edkov\u00e9 trubice vhodn\u00e9 pro venkovn\u00ed a n\u00e1mo\u0159n\u00ed pou\u017eit\u00ed?<\/b><\/p>\n<p>Ano, elektrofor\u00e9zn\u00ed hlin\u00edkov\u00e9 trubice jsou vysoce odoln\u00e9 v\u016f\u010di vlhkosti, soln\u00e9 mlze a UV z\u00e1\u0159en\u00ed, tak\u017ee jsou ide\u00e1ln\u00ed pro drsn\u00e9 venkovn\u00ed a mo\u0159sk\u00e9 prost\u0159ed\u00ed.<br \/>\n<\/p><br \/>\n<br \/>\n<p><b>7.Jak\u00e1 pr\u016fmyslov\u00e1 odv\u011btv\u00ed pou\u017e\u00edvaj\u00ed elektrofor\u00e9zn\u00ed hlin\u00edkov\u00e9 vytla\u010dovac\u00ed trubky?<\/b><\/p>\n<p>Pr\u016fmyslov\u00e1 odv\u011btv\u00ed, jako je automobilov\u00fd pr\u016fmysl, sk\u0159\u00edn\u011b pro elektroniku, architektonick\u00e9 z\u00e1v\u011bsy a l\u00e9ka\u0159sk\u00e9 vybaven\u00ed, vyu\u017e\u00edvaj\u00ed elektrofor\u00e9zn\u00ed hlin\u00edkov\u00e9 trubky pro svou odolnost a estetickou kvalitu.<br \/>\n<\/p><br \/><\/p>","protected":false},"featured_media":6471,"template":"","categories":[60],"class_list":["post-6472","product","type-product","status-publish","has-post-thumbnail","hentry","category-general-tubes-and-bars"],"meta_box":{"hilight_text_group":{"product_hilight_text":"<li>Electrophoresis surface treatment enhances corrosion resistance and aesthetics<\/li>\r\r\n<li>High-quality aluminum extrusion ensures strength and dimensional accuracy<\/li>\r\r\n<li>Lightweight and durable, suitable for industrial and architectural use<\/li>\r\r\n<li>Available in custom sizes, finishes, and bulk quantities<\/li>\r\r\n<li>Provides smooth, uniform coating for improved product lifespan<\/li>","product_chanpin_blog":"<ul>\r\r\n<li><a href=\"https:\/\/sinoextrud.com\/t-slot-v-slot-differences\/\" target=\"_blank\">t slot vs v slot<\/a><\/li>\r\r\n<li><a href=\"https:\/\/sinoextrud.com\/what-is-4040-aluminium-extrud\/\" target=\"_blank\">4040 aluminium extrusion<\/a><\/li>\r\r\n<li><a href=\"https:\/\/sinoextrud.com\/what-is-4040-aluminium-extrud\/\" target=\"_blank\">aluminum extrusions for industrial racks<\/a><\/li>\r\r\n<li><a href=\"https:\/\/sinoextrud.com\/powder-coating-aluminium-process\/\" target=\"_blank\">powder coating aluminium<\/a><\/li>\r\r\n<li><a href=\"https:\/\/sinoextrud.com\/what-is-an-aluminium-strip-ceiling\/\" target=\"_blank\">aluminium strip ceiling<\/a><\/li>\r\r\n<li><a href=\"https:\/\/sinoextrud.com\/what-is-a-heat-sink\/\" target=\"_blank\">what is a heat sink<\/a><\/li>\r\r\n<\/ul>","product_chanpin_chanpin":"<li><a href=\"https:\/\/sinoextrud.com\/product\/aluminium-bars\/\" target=\"_blank\">Aluminium Bars<\/a><\/li>\r\n<li><a href=\"https:\/\/sinoextrud.com\/product\/3003-aluminum-tube-and-pipe\/\" target=\"_blank\">3003 Aluminum Tube And Pipe<\/a><\/li>\r\n<li><a href=\"https:\/\/sinoextrud.com\/product\/triangle-champagne-aluminum-extruded-tube\/\" target=\"_blank\">Triangle Champagne Aluminum Extruded Tube<\/a><\/li>\r\n<li><a href=\"https:\/\/sinoextrud.com\/product\/6063-aluminum-pipe-fire-hydrant-aluminum-profile\/\" target=\"_blank\">6063 Aluminum Pipe Fire Hydrant Aluminum Profile<\/a><\/li>\r\n<li><a href=\"https:\/\/sinoextrud.com\/product\/aluminum-extrusion-electrophoresis-aluminum-tube\/\" target=\"_blank\">Aluminum Extrusion Electrophoresis Aluminum Tube<\/a><\/li>\r\n<li><a href=\"https:\/\/sinoextrud.com\/product\/aluminum-square-tube-powder-coating-6063-t5-extruded-profiles\/\" target=\"_blank\">aluminum square tube powder coating 6063 t5 extruded profiles<\/a><\/li>\r\n<li><a href=\"https:\/\/sinoextrud.com\/product\/custom-large-diameter-extruded-aluminum-pipe\/\" target=\"_blank\">Custom Large Diameter Extruded Aluminum Pipe<\/a><\/li>\r\n<li><a href=\"https:\/\/sinoextrud.com\/product\/china-aluminum-extrusion-6061-6063-anodized-aluminum-pipe\/\" target=\"_blank\">China Aluminum Extrusion 6061 6063 Anodized Aluminum Pipe<\/a><\/li>\r\n<li><a href=\"https:\/\/sinoextrud.com\/product\/anodized-aluminum-tubes\/\" target=\"_blank\">Anodized Aluminum Tubes<\/a><\/li>\r\n<li><a href=\"https:\/\/sinoextrud.com\/product\/aluminum-extrusion-material-t-slot\/\" target=\"_blank\">Aluminum Extrusion Material T Slot<\/a><\/li>\r\n<li><a href=\"https:\/\/sinoextrud.com\/product\/aluminium-architectural-sections-profiles6063\/\" target=\"_blank\">Aluminium Architectural Sections Profiles6063<\/a><\/li>"},"feature_list":[]},"_links":{"self":[{"href":"https:\/\/sinoextrud.com\/cs\/wp-json\/wp\/v2\/product\/6472","targetHints":{"allow":["GET"]}}],"collection":[{"href":"https:\/\/sinoextrud.com\/cs\/wp-json\/wp\/v2\/product"}],"about":[{"href":"https:\/\/sinoextrud.com\/cs\/wp-json\/wp\/v2\/types\/product"}],"wp:featuredmedia":[{"embeddable":true,"href":"https:\/\/sinoextrud.com\/cs\/wp-json\/wp\/v2\/media\/6471"}],"wp:attachment":[{"href":"https:\/\/sinoextrud.com\/cs\/wp-json\/wp\/v2\/media?parent=6472"}],"wp:term":[{"taxonomy":"category","embeddable":true,"href":"https:\/\/sinoextrud.com\/cs\/wp-json\/wp\/v2\/categories?post=6472"}],"curies":[{"name":"wp","href":"https:\/\/api.w.org\/{rel}","templated":true}]}}