{"id":6462,"date":"2025-05-29T02:29:17","date_gmt":"2025-05-29T02:29:17","guid":{"rendered":"https:\/\/sinoextrud.com\/product\/40-x-40-aluminium-extrusion\/"},"modified":"2025-06-24T06:10:57","modified_gmt":"2025-06-24T06:10:57","slug":"hlinikovy-vylisek-40-x-40","status":"publish","type":"product","link":"https:\/\/sinoextrud.com\/cs\/product\/40-x-40-aluminium-extrusion\/","title":{"rendered":"40 X 40 hlin\u00edkov\u00fd v\u00fdlisek"},"content":{"rendered":"<h2>Podrobnosti o produktech<\/h2>\n<table class=\"custom-table\">\n<tr>\n<td class=\"label\">Model NO:<\/td>\n<td> 40\u00d740 b\u011b\u017en\u00e1 trubka<\/td>\n<\/tr>\n<tr>\n<td class=\"label\">Povrchov\u00e1 \u00faprava:<\/td>\n<td> podle pot\u0159eby<\/td>\n<\/tr>\n<tr>\n<td class=\"label\">Slitina:<\/td>\n<td> Slitina<\/td>\n<\/tr>\n<tr>\n<td class=\"label\">Materi\u00e1l:<\/td>\n<td> AA6061\/6063<\/td>\n<\/tr>\n<tr>\n<td class=\"label\">Legnth:<\/td>\n<td> do 6000 mm<\/td>\n<\/tr>\n<tr>\n<td class=\"label\">V\u00fd\u0161ka nebo pr\u016fm\u011br:<\/td>\n<td> do 150 mm<\/td>\n<\/tr>\n<tr>\n<td class=\"label\">Teplota hlin\u00edku:<\/td>\n<td> T5\/T6<\/td>\n<\/tr>\n<tr>\n<td class=\"label\">Zp\u016fsob balen\u00ed:<\/td>\n<td> Nejlep\u0161\u00ed vhodn\u00fd zp\u016fsob balen\u00ed<\/td>\n<\/tr>\n<tr>\n<td class=\"label\">P\u0159epravn\u00ed bal\u00ed\u010dek:<\/td>\n<td> Nejlep\u0161\u00ed vhodn\u00fd zp\u016fsob balen\u00ed<\/td>\n<\/tr>\n<tr>\n<td class=\"label\">K\u00f3d HS:<\/td>\n<td> 7608100000<\/td>\n<\/tr>\n<tr>\n<td class=\"label\">Tvar:<\/td>\n<td> V\u00edce druh\u016f<\/td>\n<\/tr>\n<tr>\n<td class=\"label\">T\u0159\u00edda:<\/td>\n<td> \u0158ada 6000<\/td>\n<\/tr>\n<tr>\n<td class=\"label\">M\u00edrnost:<\/td>\n<td> T6<\/td>\n<\/tr>\n<tr>\n<td class=\"label\">\u0160\u00ed\u0159ka nebo pr\u016fm\u011br:<\/td>\n<td> do 150 mm<\/td>\n<\/tr>\n<tr>\n<td class=\"label\">Tlou\u0161\u0165ka st\u011bny:<\/td>\n<td> do 10 mm<\/td>\n<\/tr>\n<tr>\n<td class=\"label\">Povrchov\u00e1 \u00faprava:<\/td>\n<td> Origin\u00e1l, malov\u00e1n\u00ed, pr\u00e1\u0161kov\u00e9 lakov\u00e1n\u00ed, zinkov\u00e1n\u00ed<\/td>\n<\/tr>\n<tr>\n<td class=\"label\">Pou\u017eit\u00ed:<\/td>\n<td> V\u00fdm\u011bn\u00edk tepla a pr\u016fmyslov\u00e9 obory<\/td>\n<\/tr>\n<tr>\n<td class=\"label\">P\u016fvod:<\/td>\n<td> Guangdong, \u010c\u00edna<\/td>\n<\/tr>\n<\/table>\n<h2>Na\u0161e v\u00fdrobn\u00ed z\u00e1kladna<\/h2>\n<h3>Panorama tov\u00e1rny<\/h3>\n<p><img decoding=\"async\" src=\"\/wp-content\/uploads\/factory-01.webp\"\/><\/p>\n<h3>D\u00edlna na v\u00fdrobu hlin\u00edkov\u00fdch ty\u010d\u00ed<\/h3>\n<p><img decoding=\"async\" src=\"\/wp-content\/uploads\/factory-02.webp\"\/><\/p>\n<p><img decoding=\"async\" src=\"\/wp-content\/uploads\/factory-03.webp\"\/><\/p>\n<h3>Sklad pl\u00edsn\u00ed<\/h3>\n<p><img decoding=\"async\" src=\"\/wp-content\/uploads\/factory-04.webp\"\/><\/p>\n<h3>43 linek na vytla\u010dov\u00e1n\u00ed hlin\u00edku (500 - 5500 tun)<\/h3>\n<p><img decoding=\"async\" src=\"\/wp-content\/uploads\/factory-05.webp\"\/><\/p>\n<p><img decoding=\"async\" src=\"\/wp-content\/uploads\/factory-06.webp\"\/><\/p>\n<p><img decoding=\"async\" src=\"\/wp-content\/uploads\/factory-07.webp\"\/><\/p>\n<h3>D\u00edlna pr\u00e1\u0161kov\u00e9ho lakov\u00e1n\u00ed<\/h3>\n<p><img decoding=\"async\" src=\"\/wp-content\/uploads\/factory-09.webp\"\/><\/p>\n<h3>D\u00edlna eloxov\u00e1n\u00ed<\/h3>\n<p><img decoding=\"async\" src=\"\/wp-content\/uploads\/factory-10.webp\"\/><\/p>\n<h3>Workshop o hloubkov\u00e9m zpracov\u00e1n\u00ed<\/h3>\n<p><img decoding=\"async\" src=\"\/wp-content\/uploads\/factory-11.webp\"\/><\/p>\n<h3>D\u00edlna CNC p\u0159esn\u00e9ho obr\u00e1b\u011bn\u00ed<\/h3>\n<p><img decoding=\"async\" src=\"\/wp-content\/uploads\/factory-11.5.webp\"\/><\/p>\n<h3>Sklad hotov\u00fdch v\u00fdrobk\u016f a exportn\u00ed sklad<\/h3>\n<p><img decoding=\"async\" src=\"\/wp-content\/uploads\/factory-12.webp\"\/><\/p>\n<p><img decoding=\"async\" src=\"\/wp-content\/uploads\/factory-13.webp\"\/><\/p>\n<p><img decoding=\"async\" src=\"\/wp-content\/uploads\/factory-14.webp\"\/><\/p>\n<h2>\u010cASTO KLADEN\u00c9 DOTAZY<\/h2>\n<p><p><b>1.K \u010demu se pou\u017e\u00edv\u00e1 hlin\u00edkov\u00fd v\u00fdlisek 40 X 40?<\/b><\/p>\n<p>Hlin\u00edkov\u00fd v\u00fdlisek 40 X 40 se d\u00edky sv\u00e9 standardizovan\u00e9 konstrukci s T-dr\u00e1\u017ekami a univerz\u00e1lnosti \u0161iroce pou\u017e\u00edv\u00e1 v modul\u00e1rn\u00edch r\u00e1mech, krytech stroj\u016f, pracovn\u00edch stanic\u00edch a reg\u00e1lov\u00fdch syst\u00e9mech.<br \/>\n<\/p><br \/>\n<br \/>\n<p><b>2.Jak\u00e9 jsou hlavn\u00ed v\u00fdhody hlin\u00edkov\u00e9ho v\u00fdlisku 40 X 40?<\/b><\/p>\n<p>Hlin\u00edkov\u00fd v\u00fdlisek 40 X 40 nab\u00edz\u00ed vynikaj\u00edc\u00ed pom\u011br pevnosti a hmotnosti, odolnost proti korozi, p\u0159esn\u00e9 tolerance a snadnou mont\u00e1\u017e s kompatibiln\u00edmi konektory.<br \/>\n<\/p><br \/>\n<br \/>\n<p><b>3.Pro\u010d zvolit hlin\u00edkov\u00fd v\u00fdlisek 40 X 40 pro modul\u00e1rn\u00ed r\u00e1mov\u00e1n\u00ed?<\/b><\/p>\n<p>T-dr\u00e1\u017eka na hlin\u00edkov\u00e9m v\u00fdlisku 40 X 40 umo\u017e\u0148uje mont\u00e1\u017e bez pou\u017eit\u00ed n\u00e1\u0159ad\u00ed, flexibiln\u00ed zm\u011bnu polohy panel\u016f a rychlou integraci p\u0159\u00edslu\u0161enstv\u00ed pro rychl\u00e9 sestaven\u00ed.<br \/>\n<\/p><br \/>\n<br \/>\n<p><b>4.Can 40 X 40 hlin\u00edkov\u00e9 vytla\u010dov\u00e1n\u00ed b\u00fdt p\u0159izp\u016fsoben?<\/b><\/p>\n<p>Ano, hlin\u00edkov\u00e9 v\u00fdlisky 40 X 40 lze \u0159ezat na d\u00e9lku, opracov\u00e1vat s vlastn\u00edmi vzory otvor\u016f a kombinovat s r\u016fzn\u00fdmi povrchov\u00fdmi \u00fapravami, aby vyhovovaly specifick\u00fdm konstruk\u010dn\u00edm pot\u0159eb\u00e1m.<br \/>\n<\/p><br \/>\n<br \/>\n<p><b>5.Jak\u00e9 povrchov\u00e9 \u00fapravy jsou k dispozici pro hlin\u00edkov\u00e9 v\u00fdlisky 40 X 40?<\/b><\/p>\n<p>Mezi b\u011b\u017en\u00e9 povrchov\u00e9 \u00fapravy hlin\u00edkov\u00fdch v\u00fdlisk\u016f 40 X 40 pat\u0159\u00ed eloxov\u00e1n\u00ed, pr\u00e1\u0161kov\u00e9 lakov\u00e1n\u00ed a fr\u00e9zov\u00e1n\u00ed, co\u017e zvy\u0161uje odolnost, estetiku a ochranu proti korozi.<br \/>\n<\/p><br \/>\n<br \/>\n<p><b>6.Jsou hlin\u00edkov\u00e9 v\u00fdlisky 40 X 40 vhodn\u00e9 pro n\u00e1ro\u010dn\u00e9 pou\u017eit\u00ed?<\/b><\/p>\n<p>Ano, v kombinaci s vhodn\u00fdmi spojovac\u00edmi prvky s T-dr\u00e1\u017ekou a v\u00fdztuhami mohou hlin\u00edkov\u00e9 v\u00fdlisky 40 X 40 n\u00e9st zna\u010dn\u00e9 zat\u00ed\u017een\u00ed v pr\u016fmyslov\u00fdch aplikac\u00edch.<br \/>\n<\/p><br \/>\n<br \/>\n<p><b>7.Jak podporuje hlin\u00edkov\u00fd v\u00fdlisek 40 X 40 udr\u017eiteln\u00fd design?<\/b><\/p>\n<p>Hlin\u00edkov\u00fd v\u00fdlisek 40 X 40 je 100% recyklovateln\u00fd a energeticky \u00fasporn\u00fd, co\u017e sni\u017euje mno\u017estv\u00ed materi\u00e1lov\u00e9ho odpadu a podporuje ekologickou modul\u00e1rn\u00ed v\u00fdstavbu.<br \/>\n<\/p><br \/><\/p>","protected":false},"featured_media":6461,"template":"","categories":[60],"class_list":["post-6462","product","type-product","status-publish","has-post-thumbnail","hentry","category-general-tubes-and-bars"],"meta_box":{"hilight_text_group":{"product_hilight_text":"<li>Standard 40x40 profile ideal for versatile structural and framing solutions<\/li>\r\r\n<li>Made from high-strength aluminum alloy with excellent corrosion resistance<\/li>\r\r\n<li>Precision extrusion ensures consistent dimensions and smooth finish<\/li>\r\r\n<li>Compatible with a wide range of connectors and modular accessories<\/li>\r\r\n<li>Supports custom lengths and surface treatments for diverse applications<\/li>","product_chanpin_blog":"<ul>\r\r\n<li><a href=\"https:\/\/sinoextrud.com\/t-slot-v-slot-differences\/\" target=\"_blank\">t slot vs v slot<\/a><\/li>\r\r\n<li><a href=\"https:\/\/sinoextrud.com\/what-is-4040-aluminium-extrud\/\" target=\"_blank\">4040 aluminium extrusion<\/a><\/li>\r\r\n<li><a href=\"https:\/\/sinoextrud.com\/what-is-4040-aluminium-extrud\/\" target=\"_blank\">aluminum extrusions for industrial racks<\/a><\/li>\r\r\n<li><a href=\"https:\/\/sinoextrud.com\/powder-coating-aluminium-process\/\" target=\"_blank\">powder coating aluminium<\/a><\/li>\r\r\n<li><a href=\"https:\/\/sinoextrud.com\/what-is-an-aluminium-strip-ceiling\/\" target=\"_blank\">aluminium strip ceiling<\/a><\/li>\r\r\n<li><a href=\"https:\/\/sinoextrud.com\/what-is-a-heat-sink\/\" target=\"_blank\">what is a heat sink<\/a><\/li>\r\r\n<\/ul>","product_chanpin_chanpin":"<li><a href=\"https:\/\/sinoextrud.com\/product\/oval-aluminum-tube\/\" target=\"_blank\">Oval Aluminum Tube<\/a><\/li>\r\n<li><a href=\"https:\/\/sinoextrud.com\/product\/triangle-aluminum-profile\/\" target=\"_blank\">Triangle Aluminum Profile<\/a><\/li>\r\n<li><a href=\"https:\/\/sinoextrud.com\/product\/extruded-aluminium-round-tube\/\" target=\"_blank\">Extruded Aluminium Round Tube<\/a><\/li>\r\n<li><a href=\"https:\/\/sinoextrud.com\/product\/u-shaped-aluminum-extrusion\/\" target=\"_blank\">U Shaped Aluminum Extrusion<\/a><\/li>\r\n<li><a href=\"https:\/\/sinoextrud.com\/product\/40-x-40-aluminium-extrusion\/\" target=\"_blank\">40 X 40 Aluminium Extrusion<\/a><\/li>\r\n<li><a href=\"https:\/\/sinoextrud.com\/product\/aluminium-bars\/\" target=\"_blank\">Aluminium Bars<\/a><\/li>\r\n<li><a href=\"https:\/\/sinoextrud.com\/product\/3003-aluminum-tube-and-pipe\/\" target=\"_blank\">3003 Aluminum Tube And Pipe<\/a><\/li>\r\n<li><a href=\"https:\/\/sinoextrud.com\/product\/triangle-champagne-aluminum-extruded-tube\/\" target=\"_blank\">Triangle Champagne Aluminum Extruded Tube<\/a><\/li>\r\n<li><a href=\"https:\/\/sinoextrud.com\/product\/6063-aluminum-pipe-fire-hydrant-aluminum-profile\/\" target=\"_blank\">6063 Aluminum Pipe Fire Hydrant Aluminum Profile<\/a><\/li>\r\n<li><a href=\"https:\/\/sinoextrud.com\/product\/aerospace-aluminum-extrusions\/\" target=\"_blank\">Aerospace Aluminum Extrusions<\/a><\/li>\r\n<li><a href=\"https:\/\/sinoextrud.com\/product\/anodized-aluminium-profile-value-frame-extrusion\/\" target=\"_blank\">Anodized Aluminium Profile Value Frame Extrusion<\/a><\/li>"},"feature_list":[]},"_links":{"self":[{"href":"https:\/\/sinoextrud.com\/cs\/wp-json\/wp\/v2\/product\/6462","targetHints":{"allow":["GET"]}}],"collection":[{"href":"https:\/\/sinoextrud.com\/cs\/wp-json\/wp\/v2\/product"}],"about":[{"href":"https:\/\/sinoextrud.com\/cs\/wp-json\/wp\/v2\/types\/product"}],"wp:featuredmedia":[{"embeddable":true,"href":"https:\/\/sinoextrud.com\/cs\/wp-json\/wp\/v2\/media\/6461"}],"wp:attachment":[{"href":"https:\/\/sinoextrud.com\/cs\/wp-json\/wp\/v2\/media?parent=6462"}],"wp:term":[{"taxonomy":"category","embeddable":true,"href":"https:\/\/sinoextrud.com\/cs\/wp-json\/wp\/v2\/categories?post=6462"}],"curies":[{"name":"wp","href":"https:\/\/api.w.org\/{rel}","templated":true}]}}