{"id":6460,"date":"2025-05-29T02:26:58","date_gmt":"2025-05-29T02:26:58","guid":{"rendered":"https:\/\/sinoextrud.com\/product\/u-shaped-aluminum-extrusion\/"},"modified":"2025-06-24T06:10:56","modified_gmt":"2025-06-24T06:10:56","slug":"hlinikovy-vylisek-ve-tvaru-u","status":"publish","type":"product","link":"https:\/\/sinoextrud.com\/cs\/product\/u-shaped-aluminum-extrusion\/","title":{"rendered":"Hlin\u00edkov\u00fd v\u00fdlisek ve tvaru p\u00edsmene U"},"content":{"rendered":"<h2>Podrobnosti o produktech<\/h2>\n<table class=\"custom-table\">\n<tr>\n<td class=\"label\">N\u00e1zev<\/td>\n<td>Hlin\u00edkov\u00fd v\u00fdlisek ve tvaru U<\/td>\n<\/tr>\n<tr>\n<td class=\"label\">Zna\u010dka<\/td>\n<td>Sinoextrud<\/td>\n<\/tr>\n<tr>\n<td class=\"label\">Kategorie<\/td>\n<td>Hlin\u00edkov\u00fd v\u00fdlisek<\/td>\n<\/tr>\n<tr>\n<td class=\"label\">Typ<\/td>\n<td>K dispozici je t\u011b\u017ek\u00fd nebo lehk\u00fd typ<\/td>\n<\/tr>\n<tr>\n<td class=\"label\">Materi\u00e1l<\/td>\n<td>6061 je \u0161iroce pou\u017e\u00edv\u00e1n. K dispozici jsou tak\u00e9 6063, 6463, 6005, 6082.<\/td>\n<\/tr>\n<tr>\n<td class=\"label\">Temperament<\/td>\n<td>T5-T8<\/td>\n<\/tr>\n<tr>\n<td class=\"label\">D\u00e9lka<\/td>\n<td>5,8 m pro 20 stop, 5,9 m \/ 6,0 m pro 40'GP<\/td>\n<\/tr>\n<tr>\n<td class=\"label\">Velikost (mm)<\/td>\n<td>K dispozici jsou r\u016fzn\u00e9 velikosti<\/td>\n<\/tr>\n<tr>\n<td class=\"label\">Tvar<\/td>\n<td>Tvar U \/ p\u0159izp\u016fsoben\u00ed<\/td>\n<\/tr>\n<tr>\n<td class=\"label\">Povrchov\u00e1 \u00faprava<\/td>\n<td>Fr\u00e9zov\u00e1n\u00ed, eloxov\u00e1n\u00ed, p\u00edskov\u00e1n\u00ed, elektrofor\u00e9za, povrchov\u00e1 \u00faprava, d\u0159ev\u011bn\u00e9 zrno atd.<\/td>\n<\/tr>\n<tr>\n<td class=\"label\">Barva<\/td>\n<td>St\u0159\u00edbrn\u00e1 nebo p\u0159izp\u016fsoben\u00e1 barva<\/td>\n<\/tr>\n<tr>\n<td class=\"label\">Z\u00e1ruka<\/td>\n<td>BV , Soncap , ISO<\/td>\n<\/tr>\n<tr>\n<td class=\"label\">Standardn\u00ed<\/td>\n<td>St\u0159edn\u00ed a vysok\u00e1 kvalita<\/td>\n<\/tr>\n<tr>\n<td class=\"label\">MOQ<\/td>\n<td>200KGS pro ka\u017edou polo\u017eku<\/td>\n<\/tr>\n<tr>\n<td class=\"label\">Z<\/td>\n<td>Guangdong, \u010c\u00edna<\/td>\n<\/tr>\n<tr>\n<td class=\"label\">Aplikace<\/td>\n<td>Profil odv\u011btv\u00ed, stavebnictv\u00ed, dekorace<\/td>\n<\/tr>\n<\/table>\n<h2>Na\u0161e v\u00fdrobn\u00ed z\u00e1kladna<\/h2>\n<h3>Panorama tov\u00e1rny<\/h3>\n<p><img decoding=\"async\" src=\"\/wp-content\/uploads\/factory-01.webp\"\/><\/p>\n<h3>D\u00edlna na v\u00fdrobu hlin\u00edkov\u00fdch ty\u010d\u00ed<\/h3>\n<p><img decoding=\"async\" src=\"\/wp-content\/uploads\/factory-02.webp\"\/><\/p>\n<p><img decoding=\"async\" src=\"\/wp-content\/uploads\/factory-03.webp\"\/><\/p>\n<h3>Sklad pl\u00edsn\u00ed<\/h3>\n<p><img decoding=\"async\" src=\"\/wp-content\/uploads\/factory-04.webp\"\/><\/p>\n<h3>43 linek na vytla\u010dov\u00e1n\u00ed hlin\u00edku (500-5500 tun)<\/h3>\n<p><img decoding=\"async\" src=\"\/wp-content\/uploads\/factory-05.webp\"\/><\/p>\n<p><img decoding=\"async\" src=\"\/wp-content\/uploads\/factory-06.webp\"\/><\/p>\n<p><img decoding=\"async\" src=\"\/wp-content\/uploads\/factory-07.webp\"\/><\/p>\n<h3>D\u00edlna pr\u00e1\u0161kov\u00e9ho lakov\u00e1n\u00ed<\/h3>\n<p><img decoding=\"async\" src=\"\/wp-content\/uploads\/factory-09.webp\"\/><\/p>\n<h3>D\u00edlna eloxov\u00e1n\u00ed<\/h3>\n<p><img decoding=\"async\" src=\"\/wp-content\/uploads\/factory-10.webp\"\/><\/p>\n<h3>Workshop o hloubkov\u00e9m zpracov\u00e1n\u00ed<\/h3>\n<p><img decoding=\"async\" src=\"\/wp-content\/uploads\/factory-11.webp\"\/><\/p>\n<h3>D\u00edlna CNC p\u0159esn\u00e9ho obr\u00e1b\u011bn\u00ed<\/h3>\n<p><img decoding=\"async\" src=\"\/wp-content\/uploads\/factory-11.5.webp\"\/><\/p>\n<h3>Sklad hotov\u00fdch v\u00fdrobk\u016f a exportn\u00ed sklad<\/h3>\n<p><img decoding=\"async\" src=\"\/wp-content\/uploads\/factory-12.webp\"\/><\/p>\n<p><img decoding=\"async\" src=\"\/wp-content\/uploads\/factory-13.webp\"\/><\/p>\n<p><img decoding=\"async\" src=\"\/wp-content\/uploads\/factory-14.webp\"\/><\/p>\n<h2>\u010cASTO KLADEN\u00c9 DOTAZY<\/h2>\n<p><p><b>1.K \u010demu se pou\u017e\u00edv\u00e1 hlin\u00edkov\u00fd v\u00fdlisek ve tvaru U?<\/b><\/p>\n<p>Hlin\u00edkov\u00e9 v\u00fdlisky ve tvaru U se pou\u017e\u00edvaj\u00ed pro r\u00e1mov\u00e1n\u00ed, ochranu hran, veden\u00ed kabel\u016f a mont\u00e1\u017en\u00ed li\u0161ty ve stavebnictv\u00ed, n\u00e1bytk\u00e1\u0159stv\u00ed a pr\u016fmyslu.<br \/>\n<\/p><br \/>\n<br \/>\n<p><b>2.Jak\u00e9 jsou hlavn\u00ed v\u00fdhody hlin\u00edkov\u00fdch v\u00fdlisk\u016f ve tvaru U?<\/b><\/p>\n<p>Hlin\u00edkov\u00e9 v\u00fdlisky ve tvaru U nab\u00edzej\u00ed vysok\u00fd pom\u011br pevnosti a hmotnosti, odolnost proti korozi a p\u0159esnou geometrii kan\u00e1l\u016f pro spolehlivou podporu a vyrovn\u00e1n\u00ed.<br \/>\n<\/p><br \/>\n<br \/>\n<p><b>3.Pro\u010d zvolit v\u00fdlisek ve tvaru U m\u00edsto ploch\u00fdch ty\u010d\u00ed nebo profil\u016f L?<\/b><\/p>\n<p>Hlin\u00edkov\u00e9 v\u00fdlisky ve tvaru U poskytuj\u00ed integrovanou podporu kan\u00e1l\u016f, \u010dist\u0161\u00ed estetiku a snadn\u011bj\u0161\u00ed instalaci panel\u016f, t\u011bsn\u011bn\u00ed nebo kabel\u00e1\u017ee ve srovn\u00e1n\u00ed s ploch\u00fdmi nebo \u00fahlov\u00fdmi profily.<br \/>\n<\/p><br \/>\n<br \/>\n<p><b>4.Mohou b\u00fdt hlin\u00edkov\u00e9 v\u00fdlisky ve tvaru U p\u0159izp\u016fsobeny?<\/b><\/p>\n<p>Ano, hlin\u00edkov\u00e9 v\u00fdlisky ve tvaru U lze p\u0159izp\u016fsobit \u0161\u00ed\u0159ce kan\u00e1lu, v\u00fd\u0161ce ramene, tlou\u0161\u0165ce st\u011bny, t\u0159\u00edd\u011b slitiny a d\u00e9lce tak, aby spl\u0148ovaly specifick\u00e9 konstruk\u010dn\u00ed a konstruk\u010dn\u00ed po\u017eadavky.<br \/>\n<\/p><br \/>\n<br \/>\n<p><b>5.Jak\u00e9 povrchov\u00e9 \u00fapravy jsou k dispozici pro hlin\u00edkov\u00e9 v\u00fdlisky ve tvaru U?<\/b><\/p>\n<p>Mezi b\u011b\u017en\u00e9 povrchov\u00e9 \u00fapravy pat\u0159\u00ed eloxov\u00e1n\u00ed, pr\u00e1\u0161kov\u00e9 lakov\u00e1n\u00ed a fr\u00e9zov\u00e1n\u00ed, kter\u00e9 zvy\u0161uj\u00ed ochranu proti korozi, odolnost proti opot\u0159eben\u00ed a vizu\u00e1ln\u00ed atraktivitu.<br \/>\n<\/p><br \/>\n<br \/>\n<p><b>6.Jsou hlin\u00edkov\u00e9 v\u00fdlisky ve tvaru U vhodn\u00e9 pro venkovn\u00ed pou\u017eit\u00ed?<\/b><\/p>\n<p>Ano, hlin\u00edkov\u00e9 v\u00fdlisky ve tvaru U s eloxovanou nebo pr\u00e1\u0161kovou povrchovou \u00fapravou jsou odoln\u00e9 v\u016f\u010di UV z\u00e1\u0159en\u00ed, vlhkosti a nep\u0159\u00edzniv\u00fdm pov\u011btrnostn\u00edm podm\u00ednk\u00e1m, tak\u017ee jsou ide\u00e1ln\u00ed pro venkovn\u00ed instalace.<br \/>\n<\/p><br \/>\n<br \/>\n<p><b>7.Jak hlin\u00edkov\u00e9 v\u00fdlisky ve tvaru U zvy\u0161uj\u00ed efektivitu instalace?<\/b><\/p>\n<p>Jednotn\u00e1 konstrukce kan\u00e1l\u016f a t\u011bsn\u00e9 tolerance hlin\u00edkov\u00fdch v\u00fdlisk\u016f ve tvaru U umo\u017e\u0148uj\u00ed rychlou mont\u00e1\u017e panel\u016f, dr\u017e\u00e1k\u016f a p\u0159\u00edslu\u0161enstv\u00ed bez pou\u017eit\u00ed n\u00e1\u0159ad\u00ed, co\u017e zkracuje pracovn\u00ed dobu.<br \/>\n<\/p><br \/>\n<br \/>\n<p><b>8.Jak hlin\u00edkov\u00e9 v\u00fdlisky ve tvaru U podporuj\u00ed udr\u017eiteln\u00fd design?<\/b><\/p>\n<p>Hlin\u00edk je 100% recyklovateln\u00fd a energeticky \u00fasporn\u00fd a v\u00fdlisky ve tvaru U minimalizuj\u00ed odpad materi\u00e1lu d\u00edky p\u0159esn\u00e9mu vytla\u010dov\u00e1n\u00ed a modul\u00e1rn\u00edmu op\u011btovn\u00e9mu pou\u017eit\u00ed.<br \/>\n<\/p><br \/><\/p>","protected":false},"featured_media":6459,"template":"","categories":[60],"class_list":["post-6460","product","type-product","status-publish","has-post-thumbnail","hentry","category-general-tubes-and-bars"],"meta_box":{"hilight_text_group":{"product_hilight_text":"<li>U-shaped design offers strong support and easy integration<\/li>\r\r\n<li>Made from durable, corrosion-resistant aluminum alloy<\/li>\r\r\n<li>Precision extrusion ensures consistent dimensions and smooth finish<\/li>\r\r\n<li>Available in various sizes and thicknesses to meet project needs<\/li>\r\r\n<li>Ideal for construction, framing, and industrial applications<\/li>","product_chanpin_blog":"<ul>\r\r\n<li><a href=\"https:\/\/sinoextrud.com\/t-slot-v-slot-differences\/\" target=\"_blank\">t slot vs v slot<\/a><\/li>\r\r\n<li><a href=\"https:\/\/sinoextrud.com\/what-is-4040-aluminium-extrud\/\" target=\"_blank\">4040 aluminium extrusion<\/a><\/li>\r\r\n<li><a href=\"https:\/\/sinoextrud.com\/what-is-4040-aluminium-extrud\/\" target=\"_blank\">aluminum extrusions for industrial racks<\/a><\/li>\r\r\n<li><a href=\"https:\/\/sinoextrud.com\/powder-coating-aluminium-process\/\" target=\"_blank\">powder coating aluminium<\/a><\/li>\r\r\n<li><a href=\"https:\/\/sinoextrud.com\/what-is-an-aluminium-strip-ceiling\/\" target=\"_blank\">aluminium strip ceiling<\/a><\/li>\r\r\n<li><a href=\"https:\/\/sinoextrud.com\/what-is-a-heat-sink\/\" target=\"_blank\">what is a heat sink<\/a><\/li>\r\r\n<\/ul>","product_chanpin_chanpin":"<li><a href=\"https:\/\/sinoextrud.com\/product\/triangle-aluminium-tube-factory-price\/\" target=\"_blank\">Triangle Aluminium Tube Factory Price<\/a><\/li>\r\n<li><a href=\"https:\/\/sinoextrud.com\/product\/oval-aluminum-tube\/\" target=\"_blank\">Oval Aluminum Tube<\/a><\/li>\r\n<li><a href=\"https:\/\/sinoextrud.com\/product\/triangle-aluminum-profile\/\" target=\"_blank\">Triangle Aluminum Profile<\/a><\/li>\r\n<li><a href=\"https:\/\/sinoextrud.com\/product\/extruded-aluminium-round-tube\/\" target=\"_blank\">Extruded Aluminium Round Tube<\/a><\/li>\r\n<li><a href=\"https:\/\/sinoextrud.com\/product\/u-shaped-aluminum-extrusion\/\" target=\"_blank\">U Shaped Aluminum Extrusion<\/a><\/li>\r\n<li><a href=\"https:\/\/sinoextrud.com\/product\/40-x-40-aluminium-extrusion\/\" target=\"_blank\">40 X 40 Aluminium Extrusion<\/a><\/li>\r\n<li><a href=\"https:\/\/sinoextrud.com\/product\/aluminium-bars\/\" target=\"_blank\">Aluminium Bars<\/a><\/li>\r\n<li><a href=\"https:\/\/sinoextrud.com\/product\/3003-aluminum-tube-and-pipe\/\" target=\"_blank\">3003 Aluminum Tube And Pipe<\/a><\/li>\r\n<li><a href=\"https:\/\/sinoextrud.com\/product\/triangle-champagne-aluminum-extruded-tube\/\" target=\"_blank\">Triangle Champagne Aluminum Extruded Tube<\/a><\/li>\r\n<li><a href=\"https:\/\/sinoextrud.com\/product\/customized-6063-extruded-aluminum-flat-bar\/\" target=\"_blank\">Customized 6063 Extruded Aluminum Flat Bar<\/a><\/li>\r\n<li><a href=\"https:\/\/sinoextrud.com\/product\/aluminium-sections-for-glazing\/\" target=\"_blank\">Aluminium Sections For Glazing<\/a><\/li>"},"feature_list":[]},"_links":{"self":[{"href":"https:\/\/sinoextrud.com\/cs\/wp-json\/wp\/v2\/product\/6460","targetHints":{"allow":["GET"]}}],"collection":[{"href":"https:\/\/sinoextrud.com\/cs\/wp-json\/wp\/v2\/product"}],"about":[{"href":"https:\/\/sinoextrud.com\/cs\/wp-json\/wp\/v2\/types\/product"}],"wp:featuredmedia":[{"embeddable":true,"href":"https:\/\/sinoextrud.com\/cs\/wp-json\/wp\/v2\/media\/6459"}],"wp:attachment":[{"href":"https:\/\/sinoextrud.com\/cs\/wp-json\/wp\/v2\/media?parent=6460"}],"wp:term":[{"taxonomy":"category","embeddable":true,"href":"https:\/\/sinoextrud.com\/cs\/wp-json\/wp\/v2\/categories?post=6460"}],"curies":[{"name":"wp","href":"https:\/\/api.w.org\/{rel}","templated":true}]}}