{"id":6458,"date":"2025-05-29T02:22:36","date_gmt":"2025-05-29T02:22:36","guid":{"rendered":"https:\/\/sinoextrud.com\/product\/extruded-aluminium-round-tube\/"},"modified":"2025-06-24T06:10:56","modified_gmt":"2025-06-24T06:10:56","slug":"extrudovana-hlinikova-kulata-trubka","status":"publish","type":"product","link":"https:\/\/sinoextrud.com\/cs\/product\/extruded-aluminium-round-tube\/","title":{"rendered":"Extrudovan\u00e9 hlin\u00edkov\u00e9 kulat\u00e9 trubky"},"content":{"rendered":"<h2>Podrobnosti o produktech<\/h2>\n<table class=\"custom-table\">\n<tr>\n<td class=\"label\">Polo\u017eka<\/td>\n<td>Extrudovan\u00e9 hlin\u00edkov\u00e9 kulat\u00e9 trubky<\/td>\n<\/tr>\n<tr>\n<td class=\"label\">Materi\u00e1l<\/td>\n<td>6063, 6061, 6463, 6082<\/td>\n<\/tr>\n<tr>\n<td class=\"label\">Temperament<\/td>\n<td>T4, T5, T6<\/td>\n<\/tr>\n<tr>\n<td class=\"label\">Velikost \/ tlou\u0161\u0165ka<\/td>\n<td>Obecn\u00e1 tlou\u0161\u0165ka profil\u016f od 0,8 do 5,0 mm nebo na zak\u00e1zku, d\u00e9lka od 1 m do 9 m nebo na zak\u00e1zku;<br \/>Tlou\u0161\u0165ka eloxovac\u00ed ochrann\u00e9 vrstvy od 8 ~ 20 um, pr\u00e1\u0161kov\u00e9 lakov\u00e1n\u00ed od 40 ~ 120 um.<\/td>\n<\/tr>\n<tr>\n<td class=\"label\">Tvar<\/td>\n<td>\u010dtvercov\u00e9, kulat\u00e9, obd\u00e9ln\u00edkov\u00e9, troj\u00faheln\u00edkov\u00e9 atd. nebo na m\u00edru.<\/td>\n<\/tr>\n<tr>\n<td class=\"label\">Aplikace<\/td>\n<td>okna a dve\u0159e, dekorace, pr\u016fmysl, stavebnictv\u00ed atd.<\/td>\n<\/tr>\n<tr>\n<td class=\"label\">Povrchov\u00e1 \u00faprava<\/td>\n<td>pr\u00e1\u0161kov\u00e9 lakov\u00e1n\u00ed, PVDF, eloxov\u00e1n\u00ed, d\u0159ev\u011bn\u00e9 zrno, elektrofor\u00e9za, kart\u00e1\u010dov\u00e1n\u00ed, le\u0161t\u011bn\u00ed atd.<\/td>\n<\/tr>\n<tr>\n<td class=\"label\">Barvy<\/td>\n<td>Ref pr\u00e1\u0161kov\u00e9 lakov\u00e1n\u00ed barevn\u00fd list a p\u0159izp\u016fsoben\u00e9 barvy k dispozici<\/td>\n<\/tr>\n<tr>\n<td class=\"label\">Hloubkov\u00fd proces<\/td>\n<td>CNC, vrt\u00e1n\u00ed, fr\u00e9zov\u00e1n\u00ed, \u0159ez\u00e1n\u00ed, sva\u0159ov\u00e1n\u00ed, oh\u00fdb\u00e1n\u00ed, mont\u00e1\u017e<\/td>\n<\/tr>\n<tr>\n<td class=\"label\">MOQ<\/td>\n<td>200 kg pro ka\u017edou polo\u017eku<\/td>\n<\/tr>\n<tr>\n<td class=\"label\">Podrobnosti o balen\u00ed<\/td>\n<td>(1) Uvnit\u0159: zabaleno v plastov\u00e9 ochrann\u00e9 f\u00f3lii nebo plastov\u00e9m ochrann\u00e9m s\u00e1\u010dku.<br \/>(2) Venku: Zabalte svazky do vod\u011bodoln\u00e9ho \u0159emesln\u00e9ho pap\u00edru.<\/td>\n<\/tr>\n<tr>\n<td class=\"label\">Doba dod\u00e1n\u00ed<\/td>\n<td>(1) V\u00fdvoj matrice a testov\u00e1n\u00ed vzork\u016f: 10-15 dn\u00ed<br \/>(2) Dokon\u010den\u00ed hromadn\u00e9 v\u00fdroby: 20-30 dn\u00ed po potvrzen\u00ed vzorku kupuj\u00edc\u00edm.<\/td>\n<\/tr>\n<tr>\n<td class=\"label\">P\u0159\u00edstav FOB<\/td>\n<td>Guangzhou, Foshan, Shenzhen<\/td>\n<\/tr>\n<tr>\n<td class=\"label\">platebn\u00ed podm\u00ednky<\/td>\n<td>T\/T, 30% z\u00e1loha a z\u016fstatek mus\u00ed b\u00fdt splacen p\u0159ed odesl\u00e1n\u00edm.<\/td>\n<\/tr>\n<tr>\n<td class=\"label\">K dispozici je certifikace:<\/td>\n<td>ISO:9001, SONCAP, BV certifik\u00e1t nebo certifik\u00e1t z\u00e1kazn\u00edka k dispozici<\/td>\n<\/tr>\n<tr>\n<td class=\"label\">Z\u00e1ruka<\/td>\n<td>Barva povrchu m\u016f\u017ee b\u00fdt stabiln\u00ed po dobu 10 ~ 20 let p\u0159i pou\u017e\u00edv\u00e1n\u00ed v interi\u00e9ru.<\/td>\n<\/tr>\n<\/table>\n<h2>Na\u0161e v\u00fdrobn\u00ed z\u00e1kladna<\/h2>\n<h3>Panorama tov\u00e1rny<\/h3>\n<p><img decoding=\"async\" src=\"\/wp-content\/uploads\/factory-01.webp\"\/><\/p>\n<h3>D\u00edlna na v\u00fdrobu hlin\u00edkov\u00fdch ty\u010d\u00ed<\/h3>\n<p><img decoding=\"async\" src=\"\/wp-content\/uploads\/factory-02.webp\"\/><\/p>\n<p><img decoding=\"async\" src=\"\/wp-content\/uploads\/factory-03.webp\"\/><\/p>\n<h3>Sklad pl\u00edsn\u00ed<\/h3>\n<p><img decoding=\"async\" src=\"\/wp-content\/uploads\/factory-04.webp\"\/><\/p>\n<h3>43 linek na vytla\u010dov\u00e1n\u00ed hlin\u00edku (500 - 5500 tun)<\/h3>\n<p><img decoding=\"async\" src=\"\/wp-content\/uploads\/factory-05.webp\"\/><\/p>\n<p><img decoding=\"async\" src=\"\/wp-content\/uploads\/factory-06.webp\"\/><\/p>\n<p><img decoding=\"async\" src=\"\/wp-content\/uploads\/factory-07.webp\"\/><\/p>\n<h3>D\u00edlna pr\u00e1\u0161kov\u00e9ho lakov\u00e1n\u00ed<\/h3>\n<p><img decoding=\"async\" src=\"\/wp-content\/uploads\/factory-09.webp\"\/><\/p>\n<h3>D\u00edlna eloxov\u00e1n\u00ed<\/h3>\n<p><img decoding=\"async\" src=\"\/wp-content\/uploads\/factory-10.webp\"\/><\/p>\n<h3>Workshop o hloubkov\u00e9m zpracov\u00e1n\u00ed<\/h3>\n<p><img decoding=\"async\" src=\"\/wp-content\/uploads\/factory-11.webp\"\/><\/p>\n<h3>D\u00edlna CNC p\u0159esn\u00e9ho obr\u00e1b\u011bn\u00ed<\/h3>\n<p><img decoding=\"async\" src=\"\/wp-content\/uploads\/factory-11.5.webp\"\/><\/p>\n<h3>Sklad hotov\u00fdch v\u00fdrobk\u016f a exportn\u00ed sklad<\/h3>\n<p><img decoding=\"async\" src=\"\/wp-content\/uploads\/factory-12.webp\"\/><\/p>\n<p><img decoding=\"async\" src=\"\/wp-content\/uploads\/factory-13.webp\"\/><\/p>\n<p><img decoding=\"async\" src=\"\/wp-content\/uploads\/factory-14.webp\"\/><\/p>\n<h2>\u010cASTO KLADEN\u00c9 DOTAZY<\/h2>\n<p><p><b>1.K \u010demu se pou\u017e\u00edv\u00e1 extrudovan\u00e1 hlin\u00edkov\u00e1 kulat\u00e1 trubka?<\/b><\/p>\n<p>Extrudovan\u00e9 hlin\u00edkov\u00e9 kruhov\u00e9 trubky se pou\u017e\u00edvaj\u00ed ve stavebnictv\u00ed, automobilov\u00e9m pr\u016fmyslu, p\u0159i v\u00fdrob\u011b n\u00e1bytku a v pr\u016fmyslov\u00fdch aplikac\u00edch pro svou pevnost, n\u00edzkou hmotnost a v\u0161estrann\u00fd design.<br \/>\n<\/p><br \/>\n<br \/>\n<p><b>2.Jak\u00e9 jsou hlavn\u00ed v\u00fdhody extrudovan\u00fdch hlin\u00edkov\u00fdch kulat\u00fdch trubek?<\/b><\/p>\n<p>Extrudovan\u00e1 hlin\u00edkov\u00e1 kruhov\u00e1 trubka nab\u00edz\u00ed vysok\u00fd pom\u011br pevnosti a hmotnosti, vynikaj\u00edc\u00ed odolnost proti korozi, p\u0159esn\u00e9 rozm\u011bry a hladkou povrchovou \u00fapravu pro spolehliv\u00fd v\u00fdkon.<br \/>\n<\/p><br \/>\n<br \/>\n<p><b>3.Pro\u010d zvolit extrudovanou hlin\u00edkovou kulatou trubku m\u00edsto ocelov\u00fdch nebo plastov\u00fdch trubek?<\/b><\/p>\n<p>Extrudovan\u00e1 hlin\u00edkov\u00e1 kulat\u00e1 trubka je leh\u010d\u00ed ne\u017e ocel, odoln\u011bj\u0161\u00ed ne\u017e plast a poskytuje vynikaj\u00edc\u00ed tepelnou vodivost a odolnost proti korozi pro dlouhodob\u00e9 pou\u017e\u00edv\u00e1n\u00ed.<br \/>\n<\/p><br \/>\n<br \/>\n<p><b>4.Can Extruded hlin\u00edkov\u00e9 kulat\u00e9 trubky b\u00fdt p\u0159izp\u016fsobeny?<\/b><\/p>\n<p>Ano, extrudovan\u00e9 hlin\u00edkov\u00e9 kruhov\u00e9 trubky lze p\u0159izp\u016fsobit pr\u016fm\u011bru, tlou\u0161\u0165ce st\u011bny, t\u0159\u00edd\u011b slitiny, d\u00e9lce a povrchov\u00e9 \u00faprav\u011b tak, aby spl\u0148ovaly specifick\u00e9 po\u017eadavky projektu.<br \/>\n<\/p><br \/>\n<br \/>\n<p><b>5.Jak\u00e9 povrchov\u00e9 \u00fapravy jsou k dispozici pro extrudovan\u00e9 hlin\u00edkov\u00e9 kruhov\u00e9 trubky?<\/b><\/p>\n<p>Mezi b\u011b\u017en\u00e9 povrchov\u00e9 \u00fapravy extrudovan\u00fdch hlin\u00edkov\u00fdch kulat\u00fdch trubek pat\u0159\u00ed fr\u00e9zov\u00e1n\u00ed, eloxov\u00e1n\u00ed a pr\u00e1\u0161kov\u00e9 lakov\u00e1n\u00ed pro zv\u00fd\u0161en\u00ed ochrany proti korozi, odolnosti a estetiky.<br \/>\n<\/p><br \/>\n<br \/>\n<p><b>6.Jsou extrudovan\u00e9 hlin\u00edkov\u00e9 kulat\u00e9 trubky vhodn\u00e9 pro venkovn\u00ed pou\u017eit\u00ed?<\/b><\/p>\n<p>Ano, p\u0159i spr\u00e1vn\u00e9 povrchov\u00e9 \u00faprav\u011b odol\u00e1vaj\u00ed kruhov\u00e9 trubky z extrudovan\u00e9ho hlin\u00edku UV z\u00e1\u0159en\u00ed, vlhkosti a nep\u0159\u00edzniv\u00e9mu po\u010das\u00ed, tak\u017ee jsou ide\u00e1ln\u00ed pro venkovn\u00ed a mo\u0159sk\u00e9 prost\u0159ed\u00ed.<br \/>\n<\/p><br \/>\n<br \/>\n<p><b>7.Jak extrudovan\u00e9 hlin\u00edkov\u00e9 kruhov\u00e9 trubky podporuj\u00ed udr\u017eiteln\u00fd design?<\/b><\/p>\n<p>Extrudovan\u00e1 hlin\u00edkov\u00e1 kulat\u00e1 trubka 100% je recyklovateln\u00e1 a energeticky \u00fasporn\u00e1, co\u017e sni\u017euje mno\u017estv\u00ed materi\u00e1lov\u00e9ho odpadu a podporuje ekologick\u00e9 stavebn\u00ed iniciativy.<br \/>\n<\/p><br \/>\n<br \/>\n<p><b>8.Kter\u00e1 pr\u016fmyslov\u00e1 odv\u011btv\u00ed maj\u00ed nejv\u011bt\u0161\u00ed prosp\u011bch z extrudovan\u00fdch hlin\u00edkov\u00fdch kulat\u00fdch trubek?<\/b><\/p>\n<p>Pr\u016fmyslov\u00e1 odv\u011btv\u00ed, jako je letectv\u00ed, automobilov\u00fd pr\u016fmysl, stavebnictv\u00ed, vzduchotechnika a n\u00e1bytk\u00e1\u0159stv\u00ed, se spol\u00e9haj\u00ed na extrudovan\u00e9 hlin\u00edkov\u00e9 kruhov\u00e9 trubky pro jejich kombinaci pevnosti, n\u00edzk\u00e9 hmotnosti a odolnosti proti korozi.<br \/>\n<\/p><br \/><\/p>","protected":false},"featured_media":6457,"template":"","categories":[60],"class_list":["post-6458","product","type-product","status-publish","has-post-thumbnail","hentry","category-general-tubes-and-bars"],"meta_box":{"hilight_text_group":{"product_hilight_text":"<li>Precision-extruded for consistent round shape and smooth surface finish<\/li>\r\r\n<li>Lightweight aluminum with high strength-to-weight ratio<\/li>\r\r\n<li>Excellent corrosion resistance for indoor and outdoor applications<\/li>\r\r\n<li>Available in various diameters, wall thicknesses, and custom lengths<\/li>\r\r\n<li>Supports bulk orders and OEM customization for diverse industries<\/li>","product_chanpin_blog":"<ul>\r\r\n<li><a href=\"https:\/\/sinoextrud.com\/t-slot-v-slot-differences\/\" target=\"_blank\">t slot vs v slot<\/a><\/li>\r\r\n<li><a href=\"https:\/\/sinoextrud.com\/what-is-4040-aluminium-extrud\/\" target=\"_blank\">4040 aluminium extrusion<\/a><\/li>\r\r\n<li><a href=\"https:\/\/sinoextrud.com\/what-is-4040-aluminium-extrud\/\" target=\"_blank\">aluminum extrusions for industrial racks<\/a><\/li>\r\r\n<li><a href=\"https:\/\/sinoextrud.com\/powder-coating-aluminium-process\/\" target=\"_blank\">powder coating aluminium<\/a><\/li>\r\r\n<li><a href=\"https:\/\/sinoextrud.com\/what-is-an-aluminium-strip-ceiling\/\" target=\"_blank\">aluminium strip ceiling<\/a><\/li>\r\r\n<li><a href=\"https:\/\/sinoextrud.com\/what-is-a-heat-sink\/\" target=\"_blank\">what is a heat sink<\/a><\/li>\r\r\n<\/ul>","product_chanpin_chanpin":"<li><a href=\"https:\/\/sinoextrud.com\/product\/thick-wall-large-diameter-aluminium-pipe\/\" target=\"_blank\">Thick Wall Large Diameter Aluminium Pipe<\/a><\/li>\r\n<li><a href=\"https:\/\/sinoextrud.com\/product\/triangle-aluminium-tube-factory-price\/\" target=\"_blank\">Triangle Aluminium Tube Factory Price<\/a><\/li>\r\n<li><a href=\"https:\/\/sinoextrud.com\/product\/oval-aluminum-tube\/\" target=\"_blank\">Oval Aluminum Tube<\/a><\/li>\r\n<li><a href=\"https:\/\/sinoextrud.com\/product\/triangle-aluminum-profile\/\" target=\"_blank\">Triangle Aluminum Profile<\/a><\/li>\r\n<li><a href=\"https:\/\/sinoextrud.com\/product\/extruded-aluminium-round-tube\/\" target=\"_blank\">Extruded Aluminium Round Tube<\/a><\/li>\r\n<li><a href=\"https:\/\/sinoextrud.com\/product\/u-shaped-aluminum-extrusion\/\" target=\"_blank\">U Shaped Aluminum Extrusion<\/a><\/li>\r\n<li><a href=\"https:\/\/sinoextrud.com\/product\/40-x-40-aluminium-extrusion\/\" target=\"_blank\">40 X 40 Aluminium Extrusion<\/a><\/li>\r\n<li><a href=\"https:\/\/sinoextrud.com\/product\/aluminium-bars\/\" target=\"_blank\">Aluminium Bars<\/a><\/li>\r\n<li><a href=\"https:\/\/sinoextrud.com\/product\/3003-aluminum-tube-and-pipe\/\" target=\"_blank\">3003 Aluminum Tube And Pipe<\/a><\/li>\r\n<li><a href=\"https:\/\/sinoextrud.com\/product\/factory-cnc-precision-aluminum-parts\/\" target=\"_blank\">Factory Cnc Precision Aluminum Parts<\/a><\/li>\r\n<li><a href=\"https:\/\/sinoextrud.com\/product\/wood-grain-finish-aluminium-profiles\/\" target=\"_blank\">Wood Grain Finish Aluminium Profiles<\/a><\/li>"},"feature_list":[]},"_links":{"self":[{"href":"https:\/\/sinoextrud.com\/cs\/wp-json\/wp\/v2\/product\/6458","targetHints":{"allow":["GET"]}}],"collection":[{"href":"https:\/\/sinoextrud.com\/cs\/wp-json\/wp\/v2\/product"}],"about":[{"href":"https:\/\/sinoextrud.com\/cs\/wp-json\/wp\/v2\/types\/product"}],"wp:featuredmedia":[{"embeddable":true,"href":"https:\/\/sinoextrud.com\/cs\/wp-json\/wp\/v2\/media\/6457"}],"wp:attachment":[{"href":"https:\/\/sinoextrud.com\/cs\/wp-json\/wp\/v2\/media?parent=6458"}],"wp:term":[{"taxonomy":"category","embeddable":true,"href":"https:\/\/sinoextrud.com\/cs\/wp-json\/wp\/v2\/categories?post=6458"}],"curies":[{"name":"wp","href":"https:\/\/api.w.org\/{rel}","templated":true}]}}