{"id":6444,"date":"2025-05-29T01:57:14","date_gmt":"2025-05-29T01:57:14","guid":{"rendered":"https:\/\/sinoextrud.com\/product\/aluminum-u-profile\/"},"modified":"2025-06-24T06:10:54","modified_gmt":"2025-06-24T06:10:54","slug":"hlinikovy-u-profil","status":"publish","type":"product","link":"https:\/\/sinoextrud.com\/cs\/product\/aluminum-u-profile\/","title":{"rendered":"Hlin\u00edkov\u00fd U profil"},"content":{"rendered":"<h2>Podrobnosti o produktech<\/h2>\n<table class=\"custom-table\">\n<tr>\n<td class=\"label\">N\u00e1zev produktu<\/td>\n<td>Vytla\u010dov\u00e1n\u00ed hlin\u00edkov\u00e9 \u010dtvercov\u00e9 trubky<\/td>\n<\/tr>\n<tr>\n<td class=\"label\">Materi\u00e1l<\/td>\n<td>\u0158ada 6000\/7000<\/td>\n<\/tr>\n<tr>\n<td class=\"label\">T\u0159\u00edda<\/td>\n<td>6063T3-T8<\/td>\n<\/tr>\n<tr>\n<td class=\"label\">Vn\u011bj\u0161\u00ed pr\u016fm\u011br<\/td>\n<td>P\u0159izp\u016fsoben\u00e9<\/td>\n<\/tr>\n<tr>\n<td class=\"label\">D\u00e9lka<\/td>\n<td>podle po\u017eadavku, standard: 1m-9m<\/td>\n<\/tr>\n<tr>\n<td class=\"label\">Tlou\u0161\u0165ka<\/td>\n<td>na m\u00edru<\/td>\n<\/tr>\n<tr>\n<td class=\"label\">Tvar<\/td>\n<td>Kulat\u00e9, \u010dtvercov\u00e9, obd\u00e9ln\u00edkov\u00e9 atd.<\/td>\n<\/tr>\n<tr>\n<td class=\"label\">Standardn\u00ed<\/td>\n<td>DIN GB ISO JIS BA ANSI<\/td>\n<\/tr>\n<tr>\n<td class=\"label\">Povrchov\u00e9 \u00fapravy<\/td>\n<td>Eloxov\u00e1n\u00ed, le\u0161t\u011bn\u00ed, pr\u00e1\u0161kov\u00e9 lakov\u00e1n\u00ed, elektrofor\u00e9za, p\u00edskov\u00e1n\u00ed, potahov\u00e1 f\u00f3lie atd.<\/td>\n<\/tr>\n<tr>\n<td class=\"label\">Dod\u00e1vka<\/td>\n<td>20-25dn\u00ed<\/td>\n<\/tr>\n<\/table>\n<h2>Na\u0161e v\u00fdrobn\u00ed z\u00e1kladna<\/h2>\n<h3>Panorama tov\u00e1rny<\/h3>\n<p><img decoding=\"async\" src=\"\/wp-content\/uploads\/factory-01.webp\"\/><\/p>\n<h3>D\u00edlna na v\u00fdrobu hlin\u00edkov\u00fdch ty\u010d\u00ed<\/h3>\n<p><img decoding=\"async\" src=\"\/wp-content\/uploads\/factory-02.webp\"\/><\/p>\n<p><img decoding=\"async\" src=\"\/wp-content\/uploads\/factory-03.webp\"\/><\/p>\n<h3>Sklad pl\u00edsn\u00ed<\/h3>\n<p><img decoding=\"async\" src=\"\/wp-content\/uploads\/factory-04.webp\"\/><\/p>\n<h3>43 linek na vytla\u010dov\u00e1n\u00ed hlin\u00edku (500 - 5500 tun)<\/h3>\n<p><img decoding=\"async\" src=\"\/wp-content\/uploads\/factory-05.webp\"\/><\/p>\n<p><img decoding=\"async\" src=\"\/wp-content\/uploads\/factory-06.webp\"\/><\/p>\n<p><img decoding=\"async\" src=\"\/wp-content\/uploads\/factory-07.webp\"\/><\/p>\n<h3>D\u00edlna pr\u00e1\u0161kov\u00e9ho lakov\u00e1n\u00ed<\/h3>\n<p><img decoding=\"async\" src=\"\/wp-content\/uploads\/factory-09.webp\"\/><\/p>\n<h3>D\u00edlna eloxov\u00e1n\u00ed<\/h3>\n<p><img decoding=\"async\" src=\"\/wp-content\/uploads\/factory-10.webp\"\/><\/p>\n<h3>Workshop o hloubkov\u00e9m zpracov\u00e1n\u00ed<\/h3>\n<p><img decoding=\"async\" src=\"\/wp-content\/uploads\/factory-11.webp\"\/><\/p>\n<h3>D\u00edlna CNC p\u0159esn\u00e9ho obr\u00e1b\u011bn\u00ed<\/h3>\n<p><img decoding=\"async\" src=\"\/wp-content\/uploads\/factory-11.5.webp\"\/><\/p>\n<h3>Sklad hotov\u00fdch v\u00fdrobk\u016f a exportn\u00ed sklad<\/h3>\n<p><img decoding=\"async\" src=\"\/wp-content\/uploads\/factory-12.webp\"\/><\/p>\n<p><img decoding=\"async\" src=\"\/wp-content\/uploads\/factory-13.webp\"\/><\/p>\n<p><img decoding=\"async\" src=\"\/wp-content\/uploads\/factory-14.webp\"\/><\/p>\n<h2>\u010cASTO KLADEN\u00c9 DOTAZY<\/h2>\n<p><p><b>1.K \u010demu se pou\u017e\u00edv\u00e1 hlin\u00edkov\u00fd U profil?<\/b><\/p>\n<p>Hlin\u00edkov\u00fd U profil se pou\u017e\u00edv\u00e1 pro ochranu hran, r\u00e1mov\u00e1n\u00ed, posuvn\u00e9 kolejnice a ozdobn\u00e9 li\u0161ty ve stavebnictv\u00ed, n\u00e1bytk\u00e1\u0159stv\u00ed a architektu\u0159e.<br \/>\n<\/p><br \/>\n<br \/>\n<p><b>2.Jak\u00e9 jsou hlavn\u00ed v\u00fdhody hlin\u00edkov\u00e9ho U profilu?<\/b><\/p>\n<p>Hlin\u00edkov\u00fd U profil nab\u00edz\u00ed vysok\u00fd pom\u011br pevnosti a hmotnosti, vynikaj\u00edc\u00ed odolnost proti korozi a p\u0159esn\u00e9 rozm\u011bry pro spolehliv\u00fd v\u00fdkon a dlouhou \u017eivotnost.<br \/>\n<\/p><br \/>\n<br \/>\n<p><b>3.Pro\u010d zvolit hlin\u00edkov\u00fd U profil nam\u00edsto jin\u00fdch tvar\u016f v\u00fdlisk\u016f?<\/b><\/p>\n<p>Hlin\u00edkov\u00fd U profil poskytuje ve srovn\u00e1n\u00ed s ploch\u00fdmi ty\u010demi nebo L-profily vynikaj\u00edc\u00ed podporu kan\u00e1l\u016f, snadnou mont\u00e1\u017e a elegantn\u00ed estetiku.<br \/>\n<\/p><br \/>\n<br \/>\n<p><b>4.Mohou b\u00fdt hlin\u00edkov\u00e9 U profily p\u0159izp\u016fsobeny?<\/b><\/p>\n<p>Ano, hlin\u00edkov\u00e9 U profily lze p\u0159izp\u016fsobit \u0161\u00ed\u0159ce kan\u00e1lu, v\u00fd\u0161ce ramene, tlou\u0161\u0165ce st\u011bny, t\u0159\u00edd\u011b slitiny a povrchov\u00e9 \u00faprav\u011b tak, aby spl\u0148ovaly specifick\u00e9 konstruk\u010dn\u00ed a konstruk\u010dn\u00ed po\u017eadavky.<br \/>\n<\/p><br \/>\n<br \/>\n<p><b>5.Jak\u00e9 povrchov\u00e9 \u00fapravy jsou k dispozici pro hlin\u00edkov\u00e9 U profily?<\/b><\/p>\n<p>Mezi b\u011b\u017en\u00e9 povrchov\u00e9 \u00fapravy hlin\u00edkov\u00fdch U profil\u016f pat\u0159\u00ed eloxov\u00e1n\u00ed, pr\u00e1\u0161kov\u00e9 lakov\u00e1n\u00ed a fr\u00e9zov\u00e1n\u00ed, kter\u00e9 zvy\u0161uj\u00ed ochranu proti korozi, odolnost a vizu\u00e1ln\u00ed p\u0159ita\u017elivost.<br \/>\n<\/p><br \/>\n<br \/>\n<p><b>6.Jsou hlin\u00edkov\u00e9 U profily vhodn\u00e9 pro venkovn\u00ed pou\u017eit\u00ed?<\/b><\/p>\n<p>Ano, hlin\u00edkov\u00e9 U profily s eloxovanou nebo pr\u00e1\u0161kovou povrchovou \u00fapravou jsou vysoce odoln\u00e9 v\u016f\u010di UV z\u00e1\u0159en\u00ed, vlhkosti a nep\u0159\u00edzniv\u00fdm pov\u011btrnostn\u00edm podm\u00ednk\u00e1m.<br \/>\n<\/p><br \/>\n<br \/>\n<p><b>7.Jak hlin\u00edkov\u00fd U profil zvy\u0161uje \u00fa\u010dinnost instalace?<\/b><\/p>\n<p>Jednotn\u00fd kan\u00e1l a p\u0159esn\u00e9 tolerance hlin\u00edkov\u00e9ho U profilu umo\u017e\u0148uj\u00ed rychlou mont\u00e1\u017e panel\u016f, t\u011bsn\u011bn\u00ed a p\u0159\u00edslu\u0161enstv\u00ed bez pou\u017eit\u00ed n\u00e1\u0159ad\u00ed, co\u017e zkracuje pracovn\u00ed dobu.<br \/>\n<\/p><br \/>\n<br \/>\n<p><b>8.Jak hlin\u00edkov\u00e9 U profily podporuj\u00ed udr\u017eiteln\u00fd design?<\/b><\/p>\n<p>Hlin\u00edkov\u00fd U profil 100% je recyklovateln\u00fd a jeho v\u00fdroba je energeticky \u00fasporn\u00e1, co\u017e sni\u017euje materi\u00e1lov\u00fd odpad a dopad na \u017eivotn\u00ed prost\u0159ed\u00ed v ekologick\u00fdch stavebn\u00edch projektech.<br \/>\n<\/p><br \/><\/p>","protected":false},"featured_media":6443,"template":"","categories":[60],"class_list":["post-6444","product","type-product","status-publish","has-post-thumbnail","hentry","category-general-tubes-and-bars"],"meta_box":{"hilight_text_group":{"product_hilight_text":"<li>U-shaped profile offers strong structural support and versatility<\/li>\r\r\n<li>Made from corrosion-resistant aluminum alloy for durability<\/li>\r\r\n<li>Precision extrusion ensures consistent dimensions and smooth finish<\/li>\r\r\n<li>Available in various sizes and thicknesses to suit different applications<\/li>\r\r\n<li>Ideal for construction, framing, and industrial fabrication projects<\/li>","product_chanpin_blog":"<ul>\r\r\n<li><a href=\"https:\/\/sinoextrud.com\/t-slot-v-slot-differences\/\" target=\"_blank\">t slot vs v slot<\/a><\/li>\r\r\n<li><a href=\"https:\/\/sinoextrud.com\/what-is-4040-aluminium-extrud\/\" target=\"_blank\">4040 aluminium extrusion<\/a><\/li>\r\r\n<li><a href=\"https:\/\/sinoextrud.com\/what-is-4040-aluminium-extrud\/\" target=\"_blank\">aluminum extrusions for industrial racks<\/a><\/li>\r\r\n<li><a href=\"https:\/\/sinoextrud.com\/powder-coating-aluminium-process\/\" target=\"_blank\">powder coating aluminium<\/a><\/li>\r\r\n<li><a href=\"https:\/\/sinoextrud.com\/what-is-an-aluminium-strip-ceiling\/\" target=\"_blank\">aluminium strip ceiling<\/a><\/li>\r\r\n<li><a href=\"https:\/\/sinoextrud.com\/what-is-a-heat-sink\/\" target=\"_blank\">what is a heat sink<\/a><\/li>\r\r\n<\/ul>","product_chanpin_chanpin":"<li><a href=\"https:\/\/sinoextrud.com\/product\/extruded-aluminum-z-bar\/\" target=\"_blank\">Extruded Aluminum Z Bar<\/a><\/li>\r\n<li><a href=\"https:\/\/sinoextrud.com\/product\/aluminium-extrusion-pipe\/\" target=\"_blank\">Aluminium Extrusion Pipe<\/a><\/li>\r\n<li><a href=\"https:\/\/sinoextrud.com\/product\/alloy-aluminium\/\" target=\"_blank\">Alloy Aluminium<\/a><\/li>\r\n<li><a href=\"https:\/\/sinoextrud.com\/product\/aluminium-piping\/\" target=\"_blank\">Aluminium Piping<\/a><\/li>\r\n<li><a href=\"https:\/\/sinoextrud.com\/product\/aluminum-u-profile\/\" target=\"_blank\">Aluminum U Profile<\/a><\/li>\r\n<li><a href=\"https:\/\/sinoextrud.com\/product\/short-run-custom-aluminum-extrusions\/\" target=\"_blank\">Short Run Custom Aluminum Extrusions<\/a><\/li>\r\n<li><a href=\"https:\/\/sinoextrud.com\/product\/thick-wall-large-diameter-aluminium-pipe\/\" target=\"_blank\">Thick Wall Large Diameter Aluminium Pipe<\/a><\/li>\r\n<li><a href=\"https:\/\/sinoextrud.com\/product\/triangle-aluminium-tube-factory-price\/\" target=\"_blank\">Triangle Aluminium Tube Factory Price<\/a><\/li>\r\n<li><a href=\"https:\/\/sinoextrud.com\/product\/oval-aluminum-tube\/\" target=\"_blank\">Oval Aluminum Tube<\/a><\/li>\r\n<li><a href=\"https:\/\/sinoextrud.com\/product\/aluminum-profile-led-light-strip-bar\/\" target=\"_blank\">Aluminum Profile LED Light Strip Bar<\/a><\/li>\r\n<li><a href=\"https:\/\/sinoextrud.com\/product\/aluminum-z-section-extrusions\/\" target=\"_blank\">Aluminum Z Section Extrusions<\/a><\/li>"},"feature_list":[]},"_links":{"self":[{"href":"https:\/\/sinoextrud.com\/cs\/wp-json\/wp\/v2\/product\/6444","targetHints":{"allow":["GET"]}}],"collection":[{"href":"https:\/\/sinoextrud.com\/cs\/wp-json\/wp\/v2\/product"}],"about":[{"href":"https:\/\/sinoextrud.com\/cs\/wp-json\/wp\/v2\/types\/product"}],"wp:featuredmedia":[{"embeddable":true,"href":"https:\/\/sinoextrud.com\/cs\/wp-json\/wp\/v2\/media\/6443"}],"wp:attachment":[{"href":"https:\/\/sinoextrud.com\/cs\/wp-json\/wp\/v2\/media?parent=6444"}],"wp:term":[{"taxonomy":"category","embeddable":true,"href":"https:\/\/sinoextrud.com\/cs\/wp-json\/wp\/v2\/categories?post=6444"}],"curies":[{"name":"wp","href":"https:\/\/api.w.org\/{rel}","templated":true}]}}