{"id":6432,"date":"2025-05-28T09:05:51","date_gmt":"2025-05-28T09:05:51","guid":{"rendered":"https:\/\/sinoextrud.com\/product\/extruded-aluminum-z-bar\/"},"modified":"2025-06-24T06:10:53","modified_gmt":"2025-06-24T06:10:53","slug":"extrudovana-hlinikova-tyc-z","status":"publish","type":"product","link":"https:\/\/sinoextrud.com\/cs\/product\/extruded-aluminum-z-bar\/","title":{"rendered":"Extrudovan\u00e1 hlin\u00edkov\u00e1 ty\u010d Z"},"content":{"rendered":"<h2>Podrobnosti o produktech<\/h2>\n<table class=\"custom-table\">\n<tr>\n<td class=\"label\">N\u00e1zev<\/td>\n<td>Extrudovan\u00e1 hlin\u00edkov\u00e1 ty\u010d Z<\/td>\n<\/tr>\n<tr>\n<td class=\"label\">Zna\u010dka<\/td>\n<td>Sinoextrud<\/td>\n<\/tr>\n<tr>\n<td class=\"label\">Kategorie<\/td>\n<td>Hlin\u00edkov\u00e9 sekce<\/td>\n<\/tr>\n<tr>\n<td class=\"label\">Materi\u00e1l<\/td>\n<td>6063 je \u0161iroce pou\u017e\u00edv\u00e1n. K dispozici jsou tak\u00e9 6063, 6463, 6005, 6082.<\/td>\n<\/tr>\n<tr>\n<td class=\"label\">Temperament<\/td>\n<td>T5-T8<\/td>\n<\/tr>\n<tr>\n<td class=\"label\">D\u00e9lka<\/td>\n<td>1-9m nebo p\u0159izp\u016fsoben\u00ed<\/td>\n<\/tr>\n<tr>\n<td class=\"label\">Velikost (mm)<\/td>\n<td>R\u016fzn\u00e9 velikosti, pro podrobnosti se m\u016f\u017eete informovat.<\/td>\n<\/tr>\n<tr>\n<td class=\"label\">Tlou\u0161\u0165ka<\/td>\n<td>Podle va\u0161eho po\u017eadavku<\/td>\n<\/tr>\n<tr>\n<td class=\"label\">Tvar<\/td>\n<td>Tvar Z nebo p\u0159izp\u016fsoben\u00ed<\/td>\n<\/tr>\n<tr>\n<td class=\"label\">Povrchov\u00e1 \u00faprava<\/td>\n<td>Fr\u00e9zov\u00e1n\u00ed, eloxov\u00e1n\u00ed, p\u00edskov\u00e1n\u00ed, elektrofor\u00e9za, povrchov\u00e1 \u00faprava atd.<\/td>\n<\/tr>\n<tr>\n<td class=\"label\">Barva<\/td>\n<td>St\u0159\u00edbrn\u00e1, \u010dern\u00e1, b\u00edl\u00e1, \u010derven\u00e1, \u017elut\u00e1, \u0161ampa\u0148sk\u00e9 nebo barva na m\u00edru<\/td>\n<\/tr>\n<tr>\n<td class=\"label\">Standardn\u00ed<\/td>\n<td>ASTM, GB, DIN<\/td>\n<\/tr>\n<tr>\n<td class=\"label\">Z<\/td>\n<td>Guangdong, \u010c\u00edna<\/td>\n<\/tr>\n<tr>\n<td class=\"label\">Aplikace<\/td>\n<td>Dekorace, Pr\u016fmysl<\/td>\n<\/tr>\n<\/table>\n<h2>Na\u0161e v\u00fdrobn\u00ed z\u00e1kladna<\/h2>\n<h3>Panorama tov\u00e1rny<\/h3>\n<p><img decoding=\"async\" src=\"\/wp-content\/uploads\/factory-01.webp\"\/><\/p>\n<h3>D\u00edlna na v\u00fdrobu hlin\u00edkov\u00fdch ty\u010d\u00ed<\/h3>\n<p><img decoding=\"async\" src=\"\/wp-content\/uploads\/factory-02.webp\"\/><\/p>\n<p><img decoding=\"async\" src=\"\/wp-content\/uploads\/factory-03.webp\"\/><\/p>\n<h3>Sklad pl\u00edsn\u00ed<\/h3>\n<p><img decoding=\"async\" src=\"\/wp-content\/uploads\/factory-04.webp\"\/><\/p>\n<h3>43 linek na vytla\u010dov\u00e1n\u00ed hlin\u00edku (500 - 5500 tun)<\/h3>\n<p><img decoding=\"async\" src=\"\/wp-content\/uploads\/factory-05.webp\"\/><\/p>\n<p><img decoding=\"async\" src=\"\/wp-content\/uploads\/factory-06.webp\"\/><\/p>\n<p><img decoding=\"async\" src=\"\/wp-content\/uploads\/factory-07.webp\"\/><\/p>\n<h3>D\u00edlna pr\u00e1\u0161kov\u00e9ho lakov\u00e1n\u00ed<\/h3>\n<p><img decoding=\"async\" src=\"\/wp-content\/uploads\/factory-09.webp\"\/><\/p>\n<h3>D\u00edlna eloxov\u00e1n\u00ed<\/h3>\n<p><img decoding=\"async\" src=\"\/wp-content\/uploads\/factory-10.webp\"\/><\/p>\n<h3>Workshop o hloubkov\u00e9m zpracov\u00e1n\u00ed<\/h3>\n<p><img decoding=\"async\" src=\"\/wp-content\/uploads\/factory-11.webp\"\/><\/p>\n<h3>D\u00edlna CNC p\u0159esn\u00e9ho obr\u00e1b\u011bn\u00ed<\/h3>\n<p><img decoding=\"async\" src=\"\/wp-content\/uploads\/factory-11.5.webp\"\/><\/p>\n<h3>Sklad hotov\u00fdch v\u00fdrobk\u016f a exportn\u00ed sklad<\/h3>\n<p><img decoding=\"async\" src=\"\/wp-content\/uploads\/factory-12.webp\"\/><\/p>\n<p><img decoding=\"async\" src=\"\/wp-content\/uploads\/factory-13.webp\"\/><\/p>\n<p><img decoding=\"async\" src=\"\/wp-content\/uploads\/factory-14.webp\"\/><\/p>\n<h2>\u010cASTO KLADEN\u00c9 DOTAZY<\/h2>\n<p><p><b>1.K \u010demu se pou\u017e\u00edv\u00e1 extrudovan\u00e1 hlin\u00edkov\u00e1 ty\u010d Z?<\/b><\/p>\n<p>Extrudovan\u00e9 hlin\u00edkov\u00e9 ty\u010de Z se pou\u017e\u00edvaj\u00ed k ochran\u011b okraj\u016f, podpo\u0159e konstrukce a p\u0159echodov\u00fdm li\u0161t\u00e1m ve stavebnictv\u00ed, st\u0159e\u0161n\u00ed technice a architektu\u0159e.<br \/>\n<\/p><br \/>\n<br \/>\n<p><b>2.Jak\u00e9 jsou hlavn\u00ed v\u00fdhody extrudovan\u00fdch hlin\u00edkov\u00fdch ty\u010d\u00ed Z?<\/b><\/p>\n<p>Extrudovan\u00e9 hlin\u00edkov\u00e9 ty\u010de Z maj\u00ed vysok\u00fd pom\u011br pevnosti a hmotnosti, vynikaj\u00edc\u00ed odolnost proti korozi a p\u0159esn\u00e9 rozm\u011bry pro spolehliv\u00fd v\u00fdkon.<br \/>\n<\/p><br \/>\n<br \/>\n<p><b>3.Pro\u010d zvolit extrudovan\u00e9 hlin\u00edkov\u00e9 ty\u010de Z nam\u00edsto ocelov\u00fdch alternativ?<\/b><\/p>\n<p>Hlin\u00edkov\u00e9 ty\u010de Z jsou leh\u010d\u00ed, p\u0159irozen\u011b odoln\u00e9 proti korozi a snadn\u011bji se instaluj\u00ed ne\u017e ocelov\u00e9, co\u017e sni\u017euje n\u00e1klady na pr\u00e1ci a \u00fadr\u017ebu.<br \/>\n<\/p><br \/>\n<br \/>\n<p><b>4.Can extrudovan\u00e9 hlin\u00edkov\u00e9 Z ty\u010de b\u00fdt p\u0159izp\u016fsobeny?<\/b><\/p>\n<p>Ano, extrudovan\u00e9 hlin\u00edkov\u00e9 ty\u010de Z lze p\u0159izp\u016fsobit d\u00e9lce, tlou\u0161\u0165ce, t\u0159\u00edd\u011b slitiny a povrchov\u00e9 \u00faprav\u011b tak, aby spl\u0148ovaly specifick\u00e9 po\u017eadavky projektu.<br \/>\n<\/p><br \/>\n<br \/>\n<p><b>5.Jak\u00e9 povrchov\u00e9 \u00fapravy jsou k dispozici pro extrudovan\u00e9 hlin\u00edkov\u00e9 ty\u010de Z?<\/b><\/p>\n<p>Mezi b\u011b\u017en\u00e9 povrchov\u00e9 \u00fapravy pat\u0159\u00ed eloxov\u00e1n\u00ed, pr\u00e1\u0161kov\u00e9 lakov\u00e1n\u00ed a fr\u00e9zov\u00e1n\u00ed, kter\u00e9 zvy\u0161uj\u00ed odolnost, estetiku a ochranu proti korozi.<br \/>\n<\/p><br \/>\n<br \/>\n<p><b>6.Jsou extrudovan\u00e9 hlin\u00edkov\u00e9 ty\u010de Z vhodn\u00e9 pro venkovn\u00ed pou\u017eit\u00ed?<\/b><\/p>\n<p>Ano, d\u00edky eloxovan\u00fdm nebo lakovan\u00fdm povrchov\u00fdm \u00faprav\u00e1m odol\u00e1vaj\u00ed ty\u010de Z z extrudovan\u00e9ho hlin\u00edku UV z\u00e1\u0159en\u00ed, vlhkosti a drsn\u00fdm pov\u011btrnostn\u00edm podm\u00ednk\u00e1m.<br \/>\n<\/p><br \/>\n<br \/>\n<p><b>7.Jak podporuj\u00ed extrudovan\u00e9 hlin\u00edkov\u00e9 ty\u010de Z udr\u017eiteln\u00fd design?<\/b><\/p>\n<p>Hlin\u00edk je 100% recyklovateln\u00fd a jeho v\u00fdroba je energeticky \u00fasporn\u00e1, tak\u017ee ty\u010de Z jsou ekologickou volbou pro ekologick\u00e9 stavebn\u00ed projekty.<br \/>\n<\/p><br \/><\/p>","protected":false},"featured_media":6431,"template":"","categories":[60],"class_list":["post-6432","product","type-product","status-publish","has-post-thumbnail","hentry","category-general-tubes-and-bars"],"meta_box":{"hilight_text_group":{"product_hilight_text":"<li>Z-shaped design provides excellent structural support and versatility<\/li>\r\r\n<li>Precision extrusion ensures uniform dimensions and smooth finish<\/li>\r\r\n<li>Made from corrosion-resistant aluminum alloy for long-lasting durability<\/li>\r\r\n<li>Available in various sizes and thicknesses to meet project requirements<\/li>\r\r\n<li>Ideal for construction, framing, and industrial fabrication applications<\/li>","product_chanpin_blog":"<ul>\r\r\n<li><a href=\"https:\/\/sinoextrud.com\/t-slot-v-slot-differences\/\" target=\"_blank\">t slot vs v slot<\/a><\/li>\r\r\n<li><a href=\"https:\/\/sinoextrud.com\/what-is-4040-aluminium-extrud\/\" target=\"_blank\">4040 aluminium extrusion<\/a><\/li>\r\r\n<li><a href=\"https:\/\/sinoextrud.com\/what-is-4040-aluminium-extrud\/\" target=\"_blank\">aluminum extrusions for industrial racks<\/a><\/li>\r\r\n<li><a href=\"https:\/\/sinoextrud.com\/powder-coating-aluminium-process\/\" target=\"_blank\">powder coating aluminium<\/a><\/li>\r\r\n<li><a href=\"https:\/\/sinoextrud.com\/what-is-an-aluminium-strip-ceiling\/\" target=\"_blank\">aluminium strip ceiling<\/a><\/li>\r\r\n<li><a href=\"https:\/\/sinoextrud.com\/what-is-a-heat-sink\/\" target=\"_blank\">what is a heat sink<\/a><\/li>\r\r\n<\/ul>","product_chanpin_chanpin":"<li><a href=\"https:\/\/sinoextrud.com\/product\/aluminium-profile-channel\/\" target=\"_blank\">Aluminium Profile Channel<\/a><\/li>\r\n<li><a href=\"https:\/\/sinoextrud.com\/product\/rectangular-aluminum-tube\/\" target=\"_blank\">Rectangular Aluminum Tube<\/a><\/li>\r\n<li><a href=\"https:\/\/sinoextrud.com\/product\/aluminium-angles\/\" target=\"_blank\">Aluminium Angles<\/a><\/li>\r\n<li><a href=\"https:\/\/sinoextrud.com\/product\/thin-wall-extruded-aluminum-tubing\/\" target=\"_blank\">Thin Wall Extruded Aluminum Tubing<\/a><\/li>\r\n<li><a href=\"https:\/\/sinoextrud.com\/product\/extruded-aluminum-z-bar\/\" target=\"_blank\">Extruded Aluminum Z Bar<\/a><\/li>\r\n<li><a href=\"https:\/\/sinoextrud.com\/product\/aluminium-extrusion-pipe\/\" target=\"_blank\">Aluminium Extrusion Pipe<\/a><\/li>\r\n<li><a href=\"https:\/\/sinoextrud.com\/product\/alloy-aluminium\/\" target=\"_blank\">Alloy Aluminium<\/a><\/li>\r\n<li><a href=\"https:\/\/sinoextrud.com\/product\/aluminium-piping\/\" target=\"_blank\">Aluminium Piping<\/a><\/li>\r\n<li><a href=\"https:\/\/sinoextrud.com\/product\/aluminum-u-profile\/\" target=\"_blank\">Aluminum U Profile<\/a><\/li>\r\n<li><a href=\"https:\/\/sinoextrud.com\/product\/anodized-powder-coated-aluminum-extrusion-profile-for-outdoor-louver-shutter\/\" target=\"_blank\">Anodized Powder Coated Aluminum Extrusion Profile For Outdoor Louver Shutter<\/a><\/li>\r\n<li><a href=\"https:\/\/sinoextrud.com\/product\/custom-extra-large-industrial-equipment-aluminum-profile\/\" target=\"_blank\">Custom Extra Large Industrial Equipment Aluminum Profile<\/a><\/li>"},"feature_list":[]},"_links":{"self":[{"href":"https:\/\/sinoextrud.com\/cs\/wp-json\/wp\/v2\/product\/6432","targetHints":{"allow":["GET"]}}],"collection":[{"href":"https:\/\/sinoextrud.com\/cs\/wp-json\/wp\/v2\/product"}],"about":[{"href":"https:\/\/sinoextrud.com\/cs\/wp-json\/wp\/v2\/types\/product"}],"wp:featuredmedia":[{"embeddable":true,"href":"https:\/\/sinoextrud.com\/cs\/wp-json\/wp\/v2\/media\/6431"}],"wp:attachment":[{"href":"https:\/\/sinoextrud.com\/cs\/wp-json\/wp\/v2\/media?parent=6432"}],"wp:term":[{"taxonomy":"category","embeddable":true,"href":"https:\/\/sinoextrud.com\/cs\/wp-json\/wp\/v2\/categories?post=6432"}],"curies":[{"name":"wp","href":"https:\/\/api.w.org\/{rel}","templated":true}]}}