{"id":6371,"date":"2025-05-27T06:20:31","date_gmt":"2025-05-27T06:20:31","guid":{"rendered":"https:\/\/sinoextrud.com\/product\/extruded-aluminum-t-bar\/"},"modified":"2025-06-24T06:10:52","modified_gmt":"2025-06-24T06:10:52","slug":"extrudovany-hlinikovy-t-bar","status":"publish","type":"product","link":"https:\/\/sinoextrud.com\/cs\/product\/extruded-aluminum-t-bar\/","title":{"rendered":"Extrudovan\u00e1 hlin\u00edkov\u00e1 ty\u010d T"},"content":{"rendered":"<h2>Podrobnosti o produktech<\/h2>\n<table class=\"custom-table\">\n<tr>\n<td class=\"label\">N\u00e1zev produktu<\/td>\n<td>Extrudovan\u00e1 hlin\u00edkov\u00e1 ty\u010d T<\/td>\n<\/tr>\n<tr>\n<td class=\"label\">Stupe\u0148 materi\u00e1lu<\/td>\n<td>\u0158ada 6000<\/td>\n<\/tr>\n<tr>\n<td class=\"label\">Tvar<\/td>\n<td>Tvar T nebo jin\u00fd nepravideln\u00fd tvar<\/td>\n<\/tr>\n<tr>\n<td class=\"label\">Tlou\u0161\u0165ka<\/td>\n<td>0,7 mm-10 mm<\/td>\n<\/tr>\n<tr>\n<td class=\"label\">Velikost<\/td>\n<td>Na m\u00edru<\/td>\n<\/tr>\n<tr>\n<td class=\"label\">Tolerance<\/td>\n<td>Podle v\u00fdkresu<\/td>\n<\/tr>\n<tr>\n<td class=\"label\">Typick\u00e9 aplikace<\/td>\n<td>Pr\u016fmyslov\u00e9, elektronick\u00e9, architektonick\u00e9 atd.<\/td>\n<\/tr>\n<tr>\n<td class=\"label\">Proces CNC<\/td>\n<td>CNC fr\u00e9zov\u00e1n\u00ed, vrt\u00e1n\u00ed, d\u011brov\u00e1n\u00ed, vrt\u00e1n\u00ed, z\u00e1vitov\u00e1n\u00ed, oh\u00fdb\u00e1n\u00ed<\/td>\n<\/tr>\n<tr>\n<td class=\"label\">Povrchov\u00e1 \u00faprava<\/td>\n<td>Ml\u00fdn dokon\u010dil, d\u0159ev\u011bn\u00e9 zrno, eloxovan\u00e9, pr\u00e1\u0161kov\u00e9 lakov\u00e1n\u00ed, elektrofor\u00e9za, PVDF povlak, kart\u00e1\u010dovan\u00fd atd.<\/td>\n<\/tr>\n<tr>\n<td class=\"label\">Z\u00e1ruka<\/td>\n<td>ISO9001, ISO4001, CQM, SGS, CE, BV atd.<\/td>\n<\/tr>\n<tr>\n<td class=\"label\">M\u00edsto p\u016fvodu<\/td>\n<td>Guangdong, \u010c\u00edna<\/td>\n<\/tr>\n<\/table>\n<h2>Na\u0161e v\u00fdrobn\u00ed z\u00e1kladna<\/h2>\n<h3>Panorama tov\u00e1rny<\/h3>\n<p><img decoding=\"async\" src=\"\/wp-content\/uploads\/factory-01.webp\"\/><\/p>\n<h3>D\u00edlna na v\u00fdrobu hlin\u00edkov\u00fdch ty\u010d\u00ed<\/h3>\n<p><img decoding=\"async\" src=\"\/wp-content\/uploads\/factory-02.webp\"\/><\/p>\n<p><img decoding=\"async\" src=\"\/wp-content\/uploads\/factory-03.webp\"\/><\/p>\n<h3>Sklad pl\u00edsn\u00ed<\/h3>\n<p><img decoding=\"async\" src=\"\/wp-content\/uploads\/factory-04.webp\"\/><\/p>\n<h3>43 linek na vytla\u010dov\u00e1n\u00ed hlin\u00edku (500 - 5500 tun)<\/h3>\n<p><img decoding=\"async\" src=\"\/wp-content\/uploads\/factory-05.webp\"\/><\/p>\n<p><img decoding=\"async\" src=\"\/wp-content\/uploads\/factory-06.webp\"\/><\/p>\n<p><img decoding=\"async\" src=\"\/wp-content\/uploads\/factory-07.webp\"\/><\/p>\n<h3>D\u00edlna pr\u00e1\u0161kov\u00e9ho lakov\u00e1n\u00ed<\/h3>\n<p><img decoding=\"async\" src=\"\/wp-content\/uploads\/factory-09.webp\"\/><\/p>\n<h3>D\u00edlna eloxov\u00e1n\u00ed<\/h3>\n<p><img decoding=\"async\" src=\"\/wp-content\/uploads\/factory-10.webp\"\/><\/p>\n<h3>Workshop o hloubkov\u00e9m zpracov\u00e1n\u00ed<\/h3>\n<p><img decoding=\"async\" src=\"\/wp-content\/uploads\/factory-11.webp\"\/><\/p>\n<h3>D\u00edlna CNC p\u0159esn\u00e9ho obr\u00e1b\u011bn\u00ed<\/h3>\n<p><img decoding=\"async\" src=\"\/wp-content\/uploads\/factory-11.5.webp\"\/><\/p>\n<h3>Sklad hotov\u00fdch v\u00fdrobk\u016f a exportn\u00ed sklad<\/h3>\n<p><img decoding=\"async\" src=\"\/wp-content\/uploads\/factory-12.webp\"\/><\/p>\n<p><img decoding=\"async\" src=\"\/wp-content\/uploads\/factory-13.webp\"\/><\/p>\n<p><img decoding=\"async\" src=\"\/wp-content\/uploads\/factory-14.webp\"\/><\/p>\n<h2>\u010cASTO KLADEN\u00c9 DOTAZY<\/h2>\n<p><p><b>1.K \u010demu se pou\u017e\u00edv\u00e1 extrudovan\u00e1 hlin\u00edkov\u00e1 T-linka?<\/b><\/p>\n<p>Extrudovan\u00e9 hlin\u00edkov\u00e9 ty\u010de T se pou\u017e\u00edvaj\u00ed ve stavebnictv\u00ed, r\u00e1mov\u00e1n\u00ed, zna\u010den\u00ed a architektonick\u00e9m oblo\u017een\u00ed pro svou nosnost a elegantn\u00ed vzhled.<br \/>\n<\/p><br \/>\n<br \/>\n<p><b>2.Jak\u00e9 jsou hlavn\u00ed v\u00fdhody extrudovan\u00fdch hlin\u00edkov\u00fdch ty\u010d\u00ed T?<\/b><\/p>\n<p>Extrudovan\u00e9 hlin\u00edkov\u00e9 ty\u010de T maj\u00ed vysok\u00fd pom\u011br pevnosti a hmotnosti, odolnost proti korozi a p\u0159esnost rozm\u011br\u016f pro spolehliv\u00e9 konstruk\u010dn\u00ed proveden\u00ed.<br \/>\n<\/p><br \/>\n<br \/>\n<p><b>3.Pro\u010d zvolit extrudovan\u00e9 hlin\u00edkov\u00e9 T ty\u010de m\u00edsto ocelov\u00fdch T ty\u010d\u00ed?<\/b><\/p>\n<p>Hlin\u00edkov\u00e9 ty\u010de T jsou leh\u010d\u00ed, p\u0159irozen\u011b odoln\u00e9 proti korozi a snadn\u011bji se opracov\u00e1vaj\u00ed ne\u017e ocelov\u00e9, co\u017e zkracuje dobu instalace a dlouhodob\u00e9 \u00fadr\u017eby.<br \/>\n<\/p><br \/>\n<br \/>\n<p><b>4.Can extrudovan\u00e9 hlin\u00edkov\u00e9 T ty\u010de b\u00fdt p\u0159izp\u016fsobeny?<\/b><\/p>\n<p>Ano, extrudovan\u00e9 hlin\u00edkov\u00e9 ty\u010de T lze p\u0159izp\u016fsobit d\u00e9lce, \u0161\u00ed\u0159ce p\u0159\u00edruby, tlou\u0161\u0165ce p\u00e1s\u016f, t\u0159\u00edd\u011b slitiny a povrchov\u00e9 \u00faprav\u011b tak, aby spl\u0148ovaly specifick\u00e9 po\u017eadavky projektu.<br \/>\n<\/p><br \/>\n<br \/>\n<p><b>5.Jak\u00e9 povrchov\u00e9 \u00fapravy jsou k dispozici pro extrudovan\u00e9 hlin\u00edkov\u00e9 ty\u010de T?<\/b><\/p>\n<p>Mezi b\u011b\u017en\u00e9 povrchov\u00e9 \u00fapravy pat\u0159\u00ed eloxov\u00e1n\u00ed, pr\u00e1\u0161kov\u00e9 lakov\u00e1n\u00ed a fr\u00e9zov\u00e1n\u00ed, kter\u00e9 zvy\u0161uj\u00ed ochranu proti korozi, odolnost a vizu\u00e1ln\u00ed p\u0159ita\u017elivost.<br \/>\n<\/p><br \/>\n<br \/>\n<p><b>6.Jsou extrudovan\u00e9 hlin\u00edkov\u00e9 ty\u010de T vhodn\u00e9 pro venkovn\u00ed pou\u017eit\u00ed?<\/b><\/p>\n<p>Ano, d\u00edky eloxovan\u00e9 nebo pr\u00e1\u0161kov\u011b lakovan\u00e9 povrchov\u00e9 \u00faprav\u011b jsou extrudovan\u00e9 hlin\u00edkov\u00e9 T-ty\u010de odoln\u00e9 v\u016f\u010di pov\u011btrnostn\u00edm vliv\u016fm, UV z\u00e1\u0159en\u00ed a vlhkosti, tak\u017ee jsou ide\u00e1ln\u00ed pro pou\u017eit\u00ed v exteri\u00e9ru.<br \/>\n<\/p><br \/>\n<br \/>\n<p><b>7.Jak podporuj\u00ed extrudovan\u00e9 hlin\u00edkov\u00e9 ty\u010de T udr\u017eiteln\u00fd design?<\/b><\/p>\n<p>Hlin\u00edk je 100% recyklovateln\u00fd a energeticky \u00fasporn\u00fd, co\u017e z extrudovan\u00fdch T-ty\u010d\u00ed \u010din\u00ed ekologickou volbu pro ekologickou v\u00fdstavbu.<br \/>\n<\/p><br \/>\n<br \/>\n<p><b>8.Jak vytla\u010dov\u00e1n\u00ed zlep\u0161uje kvalitu hlin\u00edkov\u00fdch ty\u010d\u00ed T?<\/b><\/p>\n<p>Proces vytla\u010dov\u00e1n\u00ed zaji\u0161\u0165uje rovnom\u011brn\u00fd pr\u016f\u0159ez, hladk\u00fd povrch a t\u011bsn\u00e9 tolerance, co\u017e zaru\u010duje konzistentn\u00ed kvalitu a vhodnost pro mont\u00e1\u017e.<br \/>\n<\/p><br \/><\/p>","protected":false},"featured_media":6370,"template":"","categories":[60],"class_list":["post-6371","product","type-product","status-publish","has-post-thumbnail","hentry","category-general-tubes-and-bars"],"meta_box":{"hilight_text_group":{"product_hilight_text":"<li>Strong T-bar design provides excellent support and load distribution<\/li>\r\r\n<li>Precision extruded for uniform dimensions and smooth surface finish<\/li>\r\r\n<li>Made from corrosion-resistant aluminum alloy for durability<\/li>\r\r\n<li>Available in various sizes and lengths to suit different applications<\/li>\r\r\n<li>Ideal for construction, framing, and industrial fabrication projects<\/li>","product_chanpin_blog":"<ul>\r\r\n<li><a href=\"https:\/\/sinoextrud.com\/t-slot-v-slot-differences\/\" target=\"_blank\">t slot vs v slot<\/a><\/li>\r\r\n<li><a href=\"https:\/\/sinoextrud.com\/what-is-4040-aluminium-extrud\/\" target=\"_blank\">4040 aluminium extrusion<\/a><\/li>\r\r\n<li><a href=\"https:\/\/sinoextrud.com\/what-is-4040-aluminium-extrud\/\" target=\"_blank\">aluminum extrusions for industrial racks<\/a><\/li>\r\r\n<li><a href=\"https:\/\/sinoextrud.com\/powder-coating-aluminium-process\/\" target=\"_blank\">powder coating aluminium<\/a><\/li>\r\r\n<li><a href=\"https:\/\/sinoextrud.com\/what-is-an-aluminium-strip-ceiling\/\" target=\"_blank\">aluminium strip ceiling<\/a><\/li>\r\r\n<li><a href=\"https:\/\/sinoextrud.com\/what-is-a-heat-sink\/\" target=\"_blank\">what is a heat sink<\/a><\/li>\r\r\n<\/ul>","product_chanpin_chanpin":"<li><a href=\"https:\/\/sinoextrud.com\/product\/anodized-aluminium-tube\/\" target=\"_blank\">anodized aluminium tube<\/a><\/li>\r\n<li><a href=\"https:\/\/sinoextrud.com\/product\/40x40-aluminium-extrusion\/\" target=\"_blank\">40\u00d740 Aluminium Extrusion<\/a><\/li>\r\n<li><a href=\"https:\/\/sinoextrud.com\/product\/aluminium-precision-tubing\/\" target=\"_blank\">Aluminium Precision Tubing<\/a><\/li>\r\n<li><a href=\"https:\/\/sinoextrud.com\/product\/aluminium-pipes-tubes\/\" target=\"_blank\">Aluminium Pipes Tubes<\/a><\/li>\r\n<li><a href=\"https:\/\/sinoextrud.com\/product\/extruded-aluminum-t-bar\/\" target=\"_blank\">Extruded Aluminum T Bar<\/a><\/li>\r\n<li><a href=\"https:\/\/sinoextrud.com\/product\/round-aluminum-tube\/\" target=\"_blank\">Round Aluminum Tube<\/a><\/li>\r\n<li><a href=\"https:\/\/sinoextrud.com\/product\/40x40-aluminium-profile\/\" target=\"_blank\">40\u00d740 Aluminium Profile<\/a><\/li>\r\n<li><a href=\"https:\/\/sinoextrud.com\/product\/aluminium-profile-channel\/\" target=\"_blank\">Aluminium Profile Channel<\/a><\/li>\r\n<li><a href=\"https:\/\/sinoextrud.com\/product\/rectangular-aluminum-tube\/\" target=\"_blank\">Rectangular Aluminum Tube<\/a><\/li>\r\n<li><a href=\"https:\/\/sinoextrud.com\/product\/aluminium-sliding-door-electrophoresis-golden\/\" target=\"_blank\">Aluminium Sliding Door Electrophoresis Golden<\/a><\/li>\r\n<li><a href=\"https:\/\/sinoextrud.com\/product\/anodized-extruded-c-section-aluminium-profile\/\" target=\"_blank\">Anodized Extruded C Section Aluminium Profile<\/a><\/li>"},"feature_list":[]},"_links":{"self":[{"href":"https:\/\/sinoextrud.com\/cs\/wp-json\/wp\/v2\/product\/6371","targetHints":{"allow":["GET"]}}],"collection":[{"href":"https:\/\/sinoextrud.com\/cs\/wp-json\/wp\/v2\/product"}],"about":[{"href":"https:\/\/sinoextrud.com\/cs\/wp-json\/wp\/v2\/types\/product"}],"wp:featuredmedia":[{"embeddable":true,"href":"https:\/\/sinoextrud.com\/cs\/wp-json\/wp\/v2\/media\/6370"}],"wp:attachment":[{"href":"https:\/\/sinoextrud.com\/cs\/wp-json\/wp\/v2\/media?parent=6371"}],"wp:term":[{"taxonomy":"category","embeddable":true,"href":"https:\/\/sinoextrud.com\/cs\/wp-json\/wp\/v2\/categories?post=6371"}],"curies":[{"name":"wp","href":"https:\/\/api.w.org\/{rel}","templated":true}]}}