{"id":6369,"date":"2025-05-27T06:18:10","date_gmt":"2025-05-27T06:18:10","guid":{"rendered":"https:\/\/sinoextrud.com\/product\/aluminium-pipes-tubes\/"},"modified":"2025-06-24T06:10:52","modified_gmt":"2025-06-24T06:10:52","slug":"hlinikove-trubky","status":"publish","type":"product","link":"https:\/\/sinoextrud.com\/cs\/product\/aluminium-pipes-tubes\/","title":{"rendered":"Hlin\u00edkov\u00e9 trubky"},"content":{"rendered":"<h2>Podrobnosti o produktech<\/h2>\n<table class=\"custom-table\">\n<tr>\n<td class=\"label\">Materi\u00e1l<\/td>\n<td>Hlin\u00edkov\u00e1 slitina 6063,6061,6005,6463,6082<\/td>\n<\/tr>\n<tr>\n<td class=\"label\">Temperament<\/td>\n<td>T3-T8<\/td>\n<\/tr>\n<tr>\n<td class=\"label\">Povrch Custom<\/td>\n<td>Fr\u00e9zov\u00e1n\u00ed, eloxov\u00e1n\u00ed, elektrofor\u00e9za, pr\u00e1\u0161kov\u00e9 lakov\u00e1n\u00ed, PVDF lakov\u00e1n\u00ed,<br \/>malov\u00e1n\u00ed d\u0159eva, kart\u00e1\u010dov\u00e1n\u00ed, le\u0161t\u011bn\u00ed, ect<\/td>\n<\/tr>\n<tr>\n<td class=\"label\">Barva<\/td>\n<td>St\u0159\u00edbrn\u00e1 b\u00edl\u00e1, bronzov\u00e1, zlat\u00e1, \u010dern\u00e1, \u0161ampa\u0148sk\u00e9, na zak\u00e1zku<\/td>\n<\/tr>\n<tr>\n<td class=\"label\">Tlou\u0161\u0165ka st\u011bny<\/td>\n<td>&gt;0,8 mm, 1,0, 1,2, 2,0, 4,0 atd.<\/td>\n<\/tr>\n<tr>\n<td class=\"label\">Tvar<\/td>\n<td>\u010ctvercov\u00e9, kulat\u00e9, ploch\u00e9, ov\u00e1ln\u00e9, nepravideln\u00e9 atd.<\/td>\n<\/tr>\n<tr>\n<td class=\"label\">D\u00e9lka<\/td>\n<td>Norm\u00e1ln\u00ed = 5,8 m, 5,9 m, 6 m, 3 m-7 m je p\u0159izp\u016fsoben\u00e1 velikost<\/td>\n<\/tr>\n<tr>\n<td class=\"label\">MOQ<\/td>\n<td>1 tuna\/objedn\u00e1vka, 500 kg\/polo\u017eka<\/td>\n<\/tr>\n<tr>\n<td class=\"label\">V\u00fdroba OEM slu\u017eeb<\/td>\n<td>V\u00fdkresy\/vzorky z\u00e1kazn\u00edk\u016f nebo nab\u00edzen\u00e9 slu\u017eby v oblasti designu<\/td>\n<\/tr>\n<tr>\n<td class=\"label\">Z\u00e1ruka<\/td>\n<td>Barva povrchu m\u016f\u017ee b\u00fdt stabiln\u00ed po dobu 10-20 let p\u0159i pou\u017e\u00edv\u00e1n\u00ed v interi\u00e9ru.<\/td>\n<\/tr>\n<tr>\n<td class=\"label\">V\u00fdroba<\/td>\n<td>Fr\u00e9zov\u00e1n\u00ed, vrt\u00e1n\u00ed, \u0159ez\u00e1n\u00ed, CNC, r\u00e1my oken a dve\u0159\u00ed<\/td>\n<\/tr>\n<tr>\n<td class=\"label\">V\u00fdhody Vlastnosti<\/td>\n<td>1.Air proof, vodot\u011bsnost, tepeln\u00e1 izolace, tepeln\u00e1 izolace, proti st\u00e1rnut\u00ed, odolnost proti n\u00e1raz\u016fm<br \/>2.Environment\u00e1ln\u011b \u0161etrn\u00e9<br \/>3.Corrosion odoln\u00e9, leskl\u00e9<br \/>4.Modern vzhled<\/td>\n<\/tr>\n<tr>\n<td class=\"label\">Testovac\u00ed norma<\/td>\n<td>GB, SGS, CE, ISO<\/td>\n<\/tr>\n<\/table>\n<h2>Na\u0161e v\u00fdrobn\u00ed z\u00e1kladna<\/h2>\n<h3>Panorama tov\u00e1rny<\/h3>\n<p><img decoding=\"async\" src=\"\/wp-content\/uploads\/factory-01.webp\"\/><\/p>\n<h3>D\u00edlna na v\u00fdrobu hlin\u00edkov\u00fdch ty\u010d\u00ed<\/h3>\n<p><img decoding=\"async\" src=\"\/wp-content\/uploads\/factory-02.webp\"\/><\/p>\n<p><img decoding=\"async\" src=\"\/wp-content\/uploads\/factory-03.webp\"\/><\/p>\n<h3>Sklad pl\u00edsn\u00ed<\/h3>\n<p><img decoding=\"async\" src=\"\/wp-content\/uploads\/factory-04.webp\"\/><\/p>\n<h3>43 linek na vytla\u010dov\u00e1n\u00ed hlin\u00edku (500 - 5500 tun)<\/h3>\n<p><img decoding=\"async\" src=\"\/wp-content\/uploads\/factory-05.webp\"\/><\/p>\n<p><img decoding=\"async\" src=\"\/wp-content\/uploads\/factory-06.webp\"\/><\/p>\n<p><img decoding=\"async\" src=\"\/wp-content\/uploads\/factory-07.webp\"\/><\/p>\n<h3>D\u00edlna pr\u00e1\u0161kov\u00e9ho lakov\u00e1n\u00ed<\/h3>\n<p><img decoding=\"async\" src=\"\/wp-content\/uploads\/factory-09.webp\"\/><\/p>\n<h3>D\u00edlna eloxov\u00e1n\u00ed<\/h3>\n<p><img decoding=\"async\" src=\"\/wp-content\/uploads\/factory-10.webp\"\/><\/p>\n<h3>Workshop o hloubkov\u00e9m zpracov\u00e1n\u00ed<\/h3>\n<p><img decoding=\"async\" src=\"\/wp-content\/uploads\/factory-11.webp\"\/><\/p>\n<h3>D\u00edlna CNC p\u0159esn\u00e9ho obr\u00e1b\u011bn\u00ed<\/h3>\n<p><img decoding=\"async\" src=\"\/wp-content\/uploads\/factory-11.5.webp\"\/><\/p>\n<h3>Sklad hotov\u00fdch v\u00fdrobk\u016f a exportn\u00ed sklad<\/h3>\n<p><img decoding=\"async\" src=\"\/wp-content\/uploads\/factory-12.webp\"\/><\/p>\n<p><img decoding=\"async\" src=\"\/wp-content\/uploads\/factory-13.webp\"\/><\/p>\n<p><img decoding=\"async\" src=\"\/wp-content\/uploads\/factory-14.webp\"\/><\/p>\n<h2>\u010cASTO KLADEN\u00c9 DOTAZY<\/h2>\n<p><p><b>1.K \u010demu se pou\u017e\u00edvaj\u00ed hlin\u00edkov\u00e9 trubky a dutinky?<\/b><\/p>\n<p>Hlin\u00edkov\u00e9 trubky a dutinky se d\u00edky sv\u00e9 n\u00edzk\u00e9 hmotnosti a odolnosti proti korozi pou\u017e\u00edvaj\u00ed ve stavebnictv\u00ed, instalat\u00e9rstv\u00ed, syst\u00e9mech HVAC, automobilov\u00fdch sestav\u00e1ch a pr\u016fmyslov\u00fdch konstrukc\u00edch.<br \/>\n<\/p><br \/>\n<br \/>\n<p><b>2.Jak\u00e9 jsou hlavn\u00ed v\u00fdhody hlin\u00edkov\u00fdch trubek a dut\u00fdch profil\u016f?<\/b><\/p>\n<p>Hlin\u00edkov\u00e9 trubky a dutinky maj\u00ed vynikaj\u00edc\u00ed pom\u011br pevnosti a hmotnosti, vynikaj\u00edc\u00ed odolnost proti korozi, tepelnou vodivost a snadnou v\u00fdrobu pro r\u016fzn\u00e9 aplikace.<br \/>\n<\/p><br \/>\n<br \/>\n<p><b>3.Pro\u010d si vybrat hlin\u00edkov\u00e9 trubky a dutinky m\u00edsto ocelov\u00fdch nebo plastov\u00fdch?<\/b><\/p>\n<p>Hlin\u00edkov\u00e9 trubky a potrub\u00ed jsou leh\u010d\u00ed ne\u017e ocel, odoln\u011bj\u0161\u00ed proti korozi ne\u017e plast a poskytuj\u00ed dlouhodobou \u017eivotnost s minim\u00e1ln\u00ed \u00fadr\u017ebou.<br \/>\n<\/p><br \/>\n<br \/>\n<p><b>4.Lze hlin\u00edkov\u00e9 trubky a dutinky upravit na m\u00edru?<\/b><\/p>\n<p>Ano, hlin\u00edkov\u00e9 trubky a dut\u00e9 profily mohou b\u00fdt lisov\u00e1ny nebo ta\u017eeny v r\u016fzn\u00fdch pr\u016fm\u011brech, tlou\u0161\u0165k\u00e1ch st\u011bn, d\u00e9lk\u00e1ch a t\u0159\u00edd\u00e1ch slitin, aby spl\u0148ovaly specifick\u00e9 po\u017eadavky projektu.<br \/>\n<\/p><br \/>\n<br \/>\n<p><b>5.Jak\u00e9 povrchov\u00e9 \u00fapravy jsou k dispozici pro hlin\u00edkov\u00e9 trubky a dutinky?<\/b><\/p>\n<p>Mezi b\u011b\u017en\u00e9 povrchov\u00e9 \u00fapravy pat\u0159\u00ed fr\u00e9zov\u00e1n\u00ed, eloxov\u00e1n\u00ed a pr\u00e1\u0161kov\u00e9 lakov\u00e1n\u00ed, kter\u00e9 zvy\u0161uj\u00ed ochranu proti korozi, estetick\u00fd vzhled a odolnost proti opot\u0159eben\u00ed.<br \/>\n<\/p><br \/>\n<br \/>\n<p><b>6.Jsou hlin\u00edkov\u00e9 trubky a dutinky vhodn\u00e9 pro venkovn\u00ed a mo\u0159sk\u00e9 prost\u0159ed\u00ed?<\/b><\/p>\n<p>Ano, p\u0159i spr\u00e1vn\u00e9 povrchov\u00e9 \u00faprav\u011b jsou hlin\u00edkov\u00e9 trubky a trubky odoln\u00e9 v\u016f\u010di UV z\u00e1\u0159en\u00ed, vlhkosti a soln\u00e9 mlze, tak\u017ee jsou ide\u00e1ln\u00ed pro venkovn\u00ed a n\u00e1mo\u0159n\u00ed pou\u017eit\u00ed.<br \/>\n<\/p><br \/>\n<br \/>\n<p><b>7.Jak hlin\u00edkov\u00e9 trubky a dutinky podporuj\u00ed udr\u017eiteln\u00e9 stroj\u00edrenstv\u00ed?<\/b><\/p>\n<p>Hlin\u00edk je 100% recyklovateln\u00fd a energeticky \u00fasporn\u00fd a pou\u017e\u00edv\u00e1n\u00ed hlin\u00edkov\u00fdch trubek a dutinek sni\u017euje mno\u017estv\u00ed materi\u00e1lov\u00e9ho odpadu a dopad na \u017eivotn\u00ed prost\u0159ed\u00ed b\u011bhem cel\u00e9ho \u017eivotn\u00edho cyklu.<br \/>\n<\/p><br \/>\n<br \/>\n<p><b>8.Pro jak\u00e1 pr\u016fmyslov\u00e1 odv\u011btv\u00ed jsou hlin\u00edkov\u00e9 trubky a dut\u00e9 profily nejv\u00fdhodn\u011bj\u0161\u00ed?<\/b><\/p>\n<p>Pr\u016fmyslov\u00e1 odv\u011btv\u00ed, jako je leteck\u00fd a kosmick\u00fd pr\u016fmysl, automobilov\u00fd pr\u016fmysl, stavebnictv\u00ed, HVAC a potravin\u00e1\u0159stv\u00ed, spol\u00e9haj\u00ed na hlin\u00edkov\u00e9 trubky a dutinky pro jejich spolehlivost, n\u00edzkou hmotnost a hygienick\u00e9 vlastnosti.<br \/>\n<\/p><br \/><\/p>","protected":false},"featured_media":6368,"template":"","categories":[60],"class_list":["post-6369","product","type-product","status-publish","has-post-thumbnail","hentry","category-general-tubes-and-bars"],"meta_box":{"hilight_text_group":{"product_hilight_text":"<li>Lightweight and strong, ideal for various industrial applications<\/li>\r\r\n<li>Excellent corrosion resistance for long-lasting performance<\/li>\r\r\n<li>Available in multiple sizes, alloys, and wall thicknesses<\/li>\r\r\n<li>Easy to fabricate, weld, and machine for custom projects<\/li>\r\r\n<li>Reliable bulk supply with consistent quality and timely delivery<\/li>","product_chanpin_blog":"<ul>\r\r\n<li><a href=\"https:\/\/sinoextrud.com\/t-slot-v-slot-differences\/\" target=\"_blank\">t slot vs v slot<\/a><\/li>\r\r\n<li><a href=\"https:\/\/sinoextrud.com\/what-is-4040-aluminium-extrud\/\" target=\"_blank\">4040 aluminium extrusion<\/a><\/li>\r\r\n<li><a href=\"https:\/\/sinoextrud.com\/what-is-4040-aluminium-extrud\/\" target=\"_blank\">aluminum extrusions for industrial racks<\/a><\/li>\r\r\n<li><a href=\"https:\/\/sinoextrud.com\/powder-coating-aluminium-process\/\" target=\"_blank\">powder coating aluminium<\/a><\/li>\r\r\n<li><a href=\"https:\/\/sinoextrud.com\/what-is-an-aluminium-strip-ceiling\/\" target=\"_blank\">aluminium strip ceiling<\/a><\/li>\r\r\n<li><a href=\"https:\/\/sinoextrud.com\/what-is-a-heat-sink\/\" target=\"_blank\">what is a heat sink<\/a><\/li>\r\r\n<\/ul>","product_chanpin_chanpin":"<li><a href=\"https:\/\/sinoextrud.com\/product\/extruded-aluminium-retangular-tube\/\" target=\"_blank\">Extruded Aluminium Retangular Tube<\/a><\/li>\r\n<li><a href=\"https:\/\/sinoextrud.com\/product\/anodized-aluminium-tube\/\" target=\"_blank\">anodized aluminium tube<\/a><\/li>\r\n<li><a href=\"https:\/\/sinoextrud.com\/product\/40x40-aluminium-extrusion\/\" target=\"_blank\">40\u00d740 Aluminium Extrusion<\/a><\/li>\r\n<li><a href=\"https:\/\/sinoextrud.com\/product\/aluminium-precision-tubing\/\" target=\"_blank\">Aluminium Precision Tubing<\/a><\/li>\r\n<li><a href=\"https:\/\/sinoextrud.com\/product\/aluminium-pipes-tubes\/\" target=\"_blank\">Aluminium Pipes Tubes<\/a><\/li>\r\n<li><a href=\"https:\/\/sinoextrud.com\/product\/extruded-aluminum-t-bar\/\" target=\"_blank\">Extruded Aluminum T Bar<\/a><\/li>\r\n<li><a href=\"https:\/\/sinoextrud.com\/product\/round-aluminum-tube\/\" target=\"_blank\">Round Aluminum Tube<\/a><\/li>\r\n<li><a href=\"https:\/\/sinoextrud.com\/product\/40x40-aluminium-profile\/\" target=\"_blank\">40\u00d740 Aluminium Profile<\/a><\/li>\r\n<li><a href=\"https:\/\/sinoextrud.com\/product\/aluminium-profile-channel\/\" target=\"_blank\">Aluminium Profile Channel<\/a><\/li>\r\n<li><a href=\"https:\/\/sinoextrud.com\/product\/combination-ceiling-system\/\" target=\"_blank\">Combination Ceiling System<\/a><\/li>\r\n<li><a href=\"https:\/\/sinoextrud.com\/product\/custom-aluminum-tongue-and-groove-extrusion-for-floor-decking\/\" target=\"_blank\">Custom Aluminum Tongue And Groove Extrusion for floor decking<\/a><\/li>"},"feature_list":[]},"_links":{"self":[{"href":"https:\/\/sinoextrud.com\/cs\/wp-json\/wp\/v2\/product\/6369","targetHints":{"allow":["GET"]}}],"collection":[{"href":"https:\/\/sinoextrud.com\/cs\/wp-json\/wp\/v2\/product"}],"about":[{"href":"https:\/\/sinoextrud.com\/cs\/wp-json\/wp\/v2\/types\/product"}],"wp:featuredmedia":[{"embeddable":true,"href":"https:\/\/sinoextrud.com\/cs\/wp-json\/wp\/v2\/media\/6368"}],"wp:attachment":[{"href":"https:\/\/sinoextrud.com\/cs\/wp-json\/wp\/v2\/media?parent=6369"}],"wp:term":[{"taxonomy":"category","embeddable":true,"href":"https:\/\/sinoextrud.com\/cs\/wp-json\/wp\/v2\/categories?post=6369"}],"curies":[{"name":"wp","href":"https:\/\/api.w.org\/{rel}","templated":true}]}}