{"id":6367,"date":"2025-05-27T06:16:05","date_gmt":"2025-05-27T06:16:05","guid":{"rendered":"https:\/\/sinoextrud.com\/product\/aluminium-precision-tubing\/"},"modified":"2025-06-24T06:10:51","modified_gmt":"2025-06-24T06:10:51","slug":"presne-hlinikove-trubky","status":"publish","type":"product","link":"https:\/\/sinoextrud.com\/cs\/product\/aluminium-precision-tubing\/","title":{"rendered":"P\u0159esn\u00e9 hlin\u00edkov\u00e9 trubky"},"content":{"rendered":"<h2>Podrobnosti o produktech<\/h2>\n<table class=\"custom-table\">\n<tr>\n<td class=\"label\">Produkt<\/td>\n<td>OEM ODM p\u0159izp\u016fsoben\u00e9 Square tube fabricationhigh precision square tube by stamping tube fabrication service<\/td>\n<\/tr>\n<tr>\n<td class=\"label\">Rozm\u011br<\/td>\n<td>20 mm - 700 mm<\/td>\n<\/tr>\n<tr>\n<td class=\"label\">WT<\/td>\n<td>1,65 mm - 33,5 mm<\/td>\n<\/tr>\n<tr>\n<td class=\"label\">D\u00e9lka<\/td>\n<td>0,5 m - 20 m<\/td>\n<\/tr>\n<tr>\n<td class=\"label\">Pou\u017eit\u00ed<\/td>\n<td>Projekt ocelov\u00e9 konstrukce, stavba most\u016f, d\u00e1lni\u010dn\u00ed svodidla, v\u00fdroba lod\u00ed, projekt montovan\u00fdch obytn\u00fdch dom\u016f,<\/td>\n<\/tr>\n<\/table>\n<h2>Na\u0161e v\u00fdrobn\u00ed z\u00e1kladna<\/h2>\n<h3>Panorama tov\u00e1rny<\/h3>\n<p><img decoding=\"async\" src=\"\/wp-content\/uploads\/factory-01.webp\"\/><\/p>\n<h3>D\u00edlna na v\u00fdrobu hlin\u00edkov\u00fdch ty\u010d\u00ed<\/h3>\n<p><img decoding=\"async\" src=\"\/wp-content\/uploads\/factory-02.webp\"\/><\/p>\n<p><img decoding=\"async\" src=\"\/wp-content\/uploads\/factory-03.webp\"\/><\/p>\n<h3>Sklad pl\u00edsn\u00ed<\/h3>\n<p><img decoding=\"async\" src=\"\/wp-content\/uploads\/factory-04.webp\"\/><\/p>\n<h3>43 linek na vytla\u010dov\u00e1n\u00ed hlin\u00edku (500-5500 tun)<\/h3>\n<p><img decoding=\"async\" src=\"\/wp-content\/uploads\/factory-05.webp\"\/><\/p>\n<p><img decoding=\"async\" src=\"\/wp-content\/uploads\/factory-06.webp\"\/><\/p>\n<p><img decoding=\"async\" src=\"\/wp-content\/uploads\/factory-07.webp\"\/><\/p>\n<h3>D\u00edlna pr\u00e1\u0161kov\u00e9ho lakov\u00e1n\u00ed<\/h3>\n<p><img decoding=\"async\" src=\"\/wp-content\/uploads\/factory-09.webp\"\/><\/p>\n<h3>D\u00edlna eloxov\u00e1n\u00ed<\/h3>\n<p><img decoding=\"async\" src=\"\/wp-content\/uploads\/factory-10.webp\"\/><\/p>\n<h3>Workshop o hloubkov\u00e9m zpracov\u00e1n\u00ed<\/h3>\n<p><img decoding=\"async\" src=\"\/wp-content\/uploads\/factory-11.webp\"\/><\/p>\n<h3>D\u00edlna CNC p\u0159esn\u00e9ho obr\u00e1b\u011bn\u00ed<\/h3>\n<p><img decoding=\"async\" src=\"\/wp-content\/uploads\/factory-11.5.webp\"\/><\/p>\n<h3>Sklad hotov\u00fdch v\u00fdrobk\u016f a exportn\u00ed sklad<\/h3>\n<p><img decoding=\"async\" src=\"\/wp-content\/uploads\/factory-12.webp\"\/><\/p>\n<p><img decoding=\"async\" src=\"\/wp-content\/uploads\/factory-13.webp\"\/><\/p>\n<p><img decoding=\"async\" src=\"\/wp-content\/uploads\/factory-14.webp\"\/><\/p>\n<h2>\u010cASTO KLADEN\u00c9 DOTAZY<\/h2>\n<p><p><b>1.K \u010demu se pou\u017e\u00edvaj\u00ed p\u0159esn\u00e9 hlin\u00edkov\u00e9 trubky?<\/b><\/p>\n<p>P\u0159esn\u00e9 hlin\u00edkov\u00e9 trubky se pou\u017e\u00edvaj\u00ed v letectv\u00ed, zdravotnictv\u00ed, p\u0159\u00edstrojov\u00e9 technice a vysoce p\u0159esn\u00e9m stroj\u00edrenstv\u00ed, kde jsou rozhoduj\u00edc\u00ed p\u0159\u00edsn\u00e9 tolerance a konzistentn\u00ed v\u00fdkon.<br \/>\n<\/p><br \/>\n<br \/>\n<p><b>2.Jak\u00e9 jsou hlavn\u00ed v\u00fdhody p\u0159esn\u00fdch hlin\u00edkov\u00fdch trubek?<\/b><\/p>\n<p>P\u0159esn\u00e9 hlin\u00edkov\u00e9 trubky se vyzna\u010duj\u00ed v\u00fdjime\u010dnou rozm\u011brovou p\u0159esnost\u00ed, vysok\u00fdm pom\u011brem pevnosti a hmotnosti, odolnost\u00ed proti korozi a hladk\u00fdm vnit\u0159n\u00edm povrchem pro spolehliv\u00e9 proud\u011bn\u00ed kapalin a plyn\u016f.<br \/>\n<\/p><br \/>\n<br \/>\n<p><b>3.Pro\u010d zvolit p\u0159esn\u00e9 hlin\u00edkov\u00e9 trubky m\u00edsto standardn\u00edch?<\/b><\/p>\n<p>P\u0159esn\u00e9 hlin\u00edkov\u00e9 trubky poskytuj\u00ed p\u0159\u00edsn\u011bj\u0161\u00ed tolerance (\u010dasto \u00b10,01 mm), vynikaj\u00edc\u00ed kulatost a rovnom\u011brnou tlou\u0161\u0165ku st\u011bny, co\u017e zaji\u0161\u0165uje optim\u00e1ln\u00ed ulo\u017een\u00ed a v\u00fdkon v p\u0159esn\u00fdch sestav\u00e1ch.<br \/>\n<\/p><br \/>\n<br \/>\n<p><b>4.Can hlin\u00edkov\u00e9 p\u0159esn\u00e9 trubky b\u00fdt p\u0159izp\u016fsoben?<\/b><\/p>\n<p>Ano, p\u0159esn\u00e9 hlin\u00edkov\u00e9 trubky lze vytla\u010dit nebo vyt\u00e1hnout na zak\u00e1zku v konkr\u00e9tn\u00edch pr\u016fm\u011brech, tlou\u0161\u0165k\u00e1ch st\u011bn, d\u00e9lk\u00e1ch a t\u0159\u00edd\u00e1ch slitin, aby p\u0159esn\u011b spl\u0148ovaly technick\u00e9 po\u017eadavky.<br \/>\n<\/p><br \/>\n<br \/>\n<p><b>5.Jak\u00e9 povrchov\u00e9 \u00fapravy jsou k dispozici pro p\u0159esn\u00e9 hlin\u00edkov\u00e9 trubky?<\/b><\/p>\n<p>Mezi b\u011b\u017en\u00e9 povrchov\u00e9 \u00fapravy pat\u0159\u00ed leskl\u00e9 \u017e\u00edh\u00e1n\u00ed, fr\u00e9zov\u00e1n\u00ed a eloxov\u00e1n\u00ed, kter\u00e9 zvy\u0161uj\u00ed ochranu proti korozi, kvalitu povrchu a estetick\u00fd vzhled.<br \/>\n<\/p><br \/>\n<br \/>\n<p><b>6.Kter\u00e1 pr\u016fmyslov\u00e1 odv\u011btv\u00ed maj\u00ed z p\u0159esn\u00fdch hlin\u00edkov\u00fdch trubek nejv\u011bt\u0161\u00ed prosp\u011bch?<\/b><\/p>\n<p>Odv\u011btv\u00ed, jako je leteck\u00fd a kosmick\u00fd pr\u016fmysl, automobilov\u00fd pr\u016fmysl, l\u00e9ka\u0159stv\u00ed, p\u0159\u00edstrojov\u00e1 technika a robotika, spol\u00e9haj\u00ed na p\u0159esn\u00e9 hlin\u00edkov\u00e9 trubky pro jejich p\u0159esnost, spolehlivost a n\u00edzkou hmotnost.<br \/>\n<\/p><br \/>\n<br \/>\n<p><b>7.Jak p\u0159esn\u00e9 hlin\u00edkov\u00e9 trubky podporuj\u00ed efektivn\u00ed v\u00fdrobu?<\/b><\/p>\n<p>P\u0159esn\u00e9 hlin\u00edkov\u00e9 trubky s konzistentn\u00ed kvalitou a p\u0159\u00edsn\u00fdmi tolerancemi zkracuj\u00ed dobu obr\u00e1b\u011bn\u00ed, minimalizuj\u00ed zmetky a urychluj\u00ed mont\u00e1\u017en\u00ed procesy.<br \/>\n<\/p><br \/>\n<br \/>\n<p><b>8.Jsou p\u0159esn\u00e9 hlin\u00edkov\u00e9 trubky \u0161etrn\u00e9 k \u017eivotn\u00edmu prost\u0159ed\u00ed?<\/b><\/p>\n<p>Ano, hlin\u00edk je pln\u011b recyklovateln\u00fd a jeho v\u00fdroba je energeticky \u00fasporn\u00e1 a p\u0159esn\u00e9 trubky sni\u017euj\u00ed pl\u00fdtv\u00e1n\u00ed materi\u00e1lem d\u00edky \u0159\u00edzen\u00e9mu vytla\u010dov\u00e1n\u00ed a zpracov\u00e1n\u00ed.<br \/>\n<\/p><br \/><\/p>","protected":false},"featured_media":6366,"template":"","categories":[60],"class_list":["post-6367","product","type-product","status-publish","has-post-thumbnail","hentry","category-general-tubes-and-bars"],"meta_box":{"hilight_text_group":{"product_hilight_text":"<li>High dimensional accuracy for precise engineering and assembly<\/li>\r\r\n<li>Made from premium aluminum alloys with excellent corrosion resistance<\/li>\r\r\n<li>Consistent wall thickness ensures reliable mechanical performance<\/li>\r\r\n<li>Suitable for aerospace, automotive, and medical industries<\/li>\r\r\n<li>Supports custom sizes, finishes, and bulk orders<\/li>","product_chanpin_blog":"<ul>\r\r\n<li><a href=\"https:\/\/sinoextrud.com\/t-slot-v-slot-differences\/\" target=\"_blank\">t slot vs v slot<\/a><\/li>\r\r\n<li><a href=\"https:\/\/sinoextrud.com\/what-is-4040-aluminium-extrud\/\" target=\"_blank\">4040 aluminium extrusion<\/a><\/li>\r\r\n<li><a href=\"https:\/\/sinoextrud.com\/what-is-4040-aluminium-extrud\/\" target=\"_blank\">aluminum extrusions for industrial racks<\/a><\/li>\r\r\n<li><a href=\"https:\/\/sinoextrud.com\/powder-coating-aluminium-process\/\" target=\"_blank\">powder coating aluminium<\/a><\/li>\r\r\n<li><a href=\"https:\/\/sinoextrud.com\/what-is-an-aluminium-strip-ceiling\/\" target=\"_blank\">aluminium strip ceiling<\/a><\/li>\r\r\n<li><a href=\"https:\/\/sinoextrud.com\/what-is-a-heat-sink\/\" target=\"_blank\">what is a heat sink<\/a><\/li>\r\r\n<\/ul>","product_chanpin_chanpin":"<li><a href=\"https:\/\/sinoextrud.com\/product\/extruded-aluminium-square-tube\/\" target=\"_blank\">Extruded Aluminium Square Tube<\/a><\/li>\r\n<li><a href=\"https:\/\/sinoextrud.com\/product\/extruded-aluminium-retangular-tube\/\" target=\"_blank\">Extruded Aluminium Retangular Tube<\/a><\/li>\r\n<li><a href=\"https:\/\/sinoextrud.com\/product\/anodized-aluminium-tube\/\" target=\"_blank\">anodized aluminium tube<\/a><\/li>\r\n<li><a href=\"https:\/\/sinoextrud.com\/product\/40x40-aluminium-extrusion\/\" target=\"_blank\">40\u00d740 Aluminium Extrusion<\/a><\/li>\r\n<li><a href=\"https:\/\/sinoextrud.com\/product\/aluminium-precision-tubing\/\" target=\"_blank\">Aluminium Precision Tubing<\/a><\/li>\r\n<li><a href=\"https:\/\/sinoextrud.com\/product\/aluminium-pipes-tubes\/\" target=\"_blank\">Aluminium Pipes Tubes<\/a><\/li>\r\n<li><a href=\"https:\/\/sinoextrud.com\/product\/extruded-aluminum-t-bar\/\" target=\"_blank\">Extruded Aluminum T Bar<\/a><\/li>\r\n<li><a href=\"https:\/\/sinoextrud.com\/product\/round-aluminum-tube\/\" target=\"_blank\">Round Aluminum Tube<\/a><\/li>\r\n<li><a href=\"https:\/\/sinoextrud.com\/product\/40x40-aluminium-profile\/\" target=\"_blank\">40\u00d740 Aluminium Profile<\/a><\/li>\r\n<li><a href=\"https:\/\/sinoextrud.com\/product\/aluminium-u-channel\/\" target=\"_blank\">Aluminium U Channel<\/a><\/li>\r\n<li><a href=\"https:\/\/sinoextrud.com\/product\/aluminium-profile-channel\/\" target=\"_blank\">Aluminium Profile Channel<\/a><\/li>"},"feature_list":[]},"_links":{"self":[{"href":"https:\/\/sinoextrud.com\/cs\/wp-json\/wp\/v2\/product\/6367","targetHints":{"allow":["GET"]}}],"collection":[{"href":"https:\/\/sinoextrud.com\/cs\/wp-json\/wp\/v2\/product"}],"about":[{"href":"https:\/\/sinoextrud.com\/cs\/wp-json\/wp\/v2\/types\/product"}],"wp:featuredmedia":[{"embeddable":true,"href":"https:\/\/sinoextrud.com\/cs\/wp-json\/wp\/v2\/media\/6366"}],"wp:attachment":[{"href":"https:\/\/sinoextrud.com\/cs\/wp-json\/wp\/v2\/media?parent=6367"}],"wp:term":[{"taxonomy":"category","embeddable":true,"href":"https:\/\/sinoextrud.com\/cs\/wp-json\/wp\/v2\/categories?post=6367"}],"curies":[{"name":"wp","href":"https:\/\/api.w.org\/{rel}","templated":true}]}}