{"id":6359,"date":"2025-05-27T03:41:36","date_gmt":"2025-05-27T03:41:36","guid":{"rendered":"https:\/\/sinoextrud.com\/product\/extruded-aluminium-square-tube\/"},"modified":"2025-06-24T06:10:50","modified_gmt":"2025-06-24T06:10:50","slug":"vytlacovana-hlinikova-ctvercova-trubka","status":"publish","type":"product","link":"https:\/\/sinoextrud.com\/cs\/product\/extruded-aluminium-square-tube\/","title":{"rendered":"Extrudovan\u00e9 hlin\u00edkov\u00e9 \u010dtvercov\u00e9 trubky"},"content":{"rendered":"<h2>Podrobnosti o produktech<\/h2>\n<table class=\"custom-table\">\n<tr>\n<td class=\"label\">Polo\u017eka<\/td>\n<td>Extrudovan\u00e9 hlin\u00edkov\u00e9 \u010dtvercov\u00e9 trubky<\/td>\n<\/tr>\n<tr>\n<td class=\"label\">Materi\u00e1l<\/td>\n<td>\u0158ada 6000<\/td>\n<\/tr>\n<tr>\n<td class=\"label\">Temperament<\/td>\n<td>T4, T5, T6<\/td>\n<\/tr>\n<tr>\n<td class=\"label\">Velikost \/ tlou\u0161\u0165ka<\/td>\n<td>tlou\u0161\u0165ka: 0,8 a\u017e 5,0 mm nebo na zak\u00e1zku, d\u00e9lka: 1m-9m nebo na zak\u00e1zku<\/td>\n<\/tr>\n<tr>\n<td class=\"label\">Tvar<\/td>\n<td>na m\u00edru<\/td>\n<\/tr>\n<tr>\n<td class=\"label\">Aplikace<\/td>\n<td>Pr\u016fmysl, stavebnictv\u00ed, okna a dve\u0159e, dekorace atd.<\/td>\n<\/tr>\n<tr>\n<td class=\"label\">Povrchov\u00e1 \u00faprava<\/td>\n<td>pr\u00e1\u0161kov\u00e9 lakov\u00e1n\u00ed, PVDF, eloxov\u00e1n\u00ed, d\u0159ev\u011bn\u00e9 zrno, elektrofor\u00e9za, kart\u00e1\u010dov\u00e1n\u00ed, le\u0161t\u011bn\u00ed atd.<\/td>\n<\/tr>\n<tr>\n<td class=\"label\">Barvy<\/td>\n<td>Ref pr\u00e1\u0161kov\u00e9 lakov\u00e1n\u00ed barevn\u00fd list a p\u0159izp\u016fsoben\u00e9 barvy k dispozici<\/td>\n<\/tr>\n<tr>\n<td class=\"label\">Hloubkov\u00fd proces<\/td>\n<td>CNC, vrt\u00e1n\u00ed, fr\u00e9zov\u00e1n\u00ed, \u0159ez\u00e1n\u00ed, sva\u0159ov\u00e1n\u00ed, oh\u00fdb\u00e1n\u00ed, mont\u00e1\u017e<\/td>\n<\/tr>\n<tr>\n<td class=\"label\">MOQ<\/td>\n<td>200 kg pro ka\u017ed\u00fd model<\/td>\n<\/tr>\n<tr>\n<td class=\"label\">Podrobnosti o balen\u00ed<\/td>\n<td>(1) Uvnit\u0159: zabaleno v plastov\u00e9 ochrann\u00e9 f\u00f3lii nebo plastov\u00e9m ochrann\u00e9m s\u00e1\u010dku.<br \/>(2) Venku: Zabalte svazky do vod\u011bodoln\u00e9ho \u0159emesln\u00e9ho pap\u00edru.<\/td>\n<\/tr>\n<tr>\n<td class=\"label\">Doba dod\u00e1n\u00ed<\/td>\n<td>(1) V\u00fdvoj matrice a testov\u00e1n\u00ed vzork\u016f: 10-15 dn\u00ed<br \/>(2) Dokon\u010den\u00ed hromadn\u00e9 v\u00fdroby: 20-30 dn\u00ed po potvrzen\u00ed vzorku kupuj\u00edc\u00edm.<\/td>\n<\/tr>\n<tr>\n<td class=\"label\">P\u0159\u00edstav FOB<\/td>\n<td>FOB Guangzhou, Foshan, Shenzhen<\/td>\n<\/tr>\n<tr>\n<td class=\"label\">platebn\u00ed podm\u00ednky<\/td>\n<td>30% z\u00e1loha, 70% z\u016fstatek p\u0159ed dod\u00e1n\u00edm<\/td>\n<\/tr>\n<tr>\n<td class=\"label\">term\u00edn vypo\u0159\u00e1d\u00e1n\u00ed<\/td>\n<td>\u00da\u010dtov\u00e1n\u00ed podle kone\u010dn\u00e9 skute\u010dn\u00e9 hmotnosti nebo teoretick\u00e9 hmotnosti p\u0159i \u010derp\u00e1n\u00ed<\/td>\n<\/tr>\n<tr>\n<td class=\"label\">v\u00fdrobn\u00ed kapacita<\/td>\n<td>V\u00edce ne\u017e 10 000 tun m\u011bs\u00ed\u010dn\u011b<\/td>\n<\/tr>\n<tr>\n<td class=\"label\">Zpracov\u00e1n\u00ed<\/td>\n<td>Popt\u00e1vka - Vzorek nebo v\u00fdkres CAD (dodan\u00fd z\u00e1kazn\u00edkem) - V\u00fdkres CAD (na\u0161e spole\u010dnost) - Potvrzen\u00ed v\u00fdkresu - V\u00fdroba formy - Konformace vzorku - Hromadn\u00e1 v\u00fdroba - Kontrola<\/td>\n<\/tr>\n<tr>\n<td class=\"label\">K dispozici je certifikace:<\/td>\n<td>ISO:9001, SONCAP, BV certifik\u00e1t nebo certifik\u00e1t z\u00e1kazn\u00edka k dispozici<\/td>\n<\/tr>\n<tr>\n<td class=\"label\">Z\u00e1ruka<\/td>\n<td>Barva povrchu m\u016f\u017ee b\u00fdt stabiln\u00ed po dobu 10 ~ 20 let p\u0159i pou\u017e\u00edv\u00e1n\u00ed v interi\u00e9ru.<\/td>\n<\/tr>\n<\/table>\n<h2>Na\u0161e v\u00fdrobn\u00ed z\u00e1kladna<\/h2>\n<h3>Panorama tov\u00e1rny<\/h3>\n<p><img decoding=\"async\" src=\"\/wp-content\/uploads\/factory-01.webp\"\/><\/p>\n<h3>D\u00edlna na v\u00fdrobu hlin\u00edkov\u00fdch ty\u010d\u00ed<\/h3>\n<p><img decoding=\"async\" src=\"\/wp-content\/uploads\/factory-02.webp\"\/><\/p>\n<\/p>\n<p><img decoding=\"async\" src=\"\/wp-content\/uploads\/factory-03.webp\"\/><\/p>\n<h3>Sklad pl\u00edsn\u00ed<\/h3>\n<p><img decoding=\"async\" src=\"\/wp-content\/uploads\/factory-04.webp\"\/><\/p>\n<h3>43 linek na vytla\u010dov\u00e1n\u00ed hlin\u00edku (500 - 5500 tun)<\/h3>\n<p><img decoding=\"async\" src=\"\/wp-content\/uploads\/factory-05.webp\"\/><\/p>\n<p><img decoding=\"async\" src=\"\/wp-content\/uploads\/factory-06.webp\"\/><\/p>\n<p><img decoding=\"async\" src=\"\/wp-content\/uploads\/factory-07.webp\"\/><\/p>\n<h3>D\u00edlna pr\u00e1\u0161kov\u00e9ho lakov\u00e1n\u00ed<\/h3>\n<p><img decoding=\"async\" src=\"\/wp-content\/uploads\/factory-09.webp\"\/><\/p>\n<h3>D\u00edlna eloxov\u00e1n\u00ed<\/h3>\n<p><img decoding=\"async\" src=\"\/wp-content\/uploads\/factory-10.webp\"\/><\/p>\n<h3>Workshop o hloubkov\u00e9m zpracov\u00e1n\u00ed<\/h3>\n<p><img decoding=\"async\" src=\"\/wp-content\/uploads\/factory-11.webp\"\/><\/p>\n<h3>D\u00edlna CNC p\u0159esn\u00e9ho obr\u00e1b\u011bn\u00ed<\/h3>\n<p><img decoding=\"async\" src=\"\/wp-content\/uploads\/factory-11.5.webp\"\/><\/p>\n<h3>Sklad hotov\u00fdch v\u00fdrobk\u016f a exportn\u00ed sklad<\/h3>\n<p><img decoding=\"async\" src=\"\/wp-content\/uploads\/factory-12.webp\"\/><\/p>\n<p><img decoding=\"async\" src=\"\/wp-content\/uploads\/factory-13.webp\"\/><\/p>\n<p><img decoding=\"async\" src=\"\/wp-content\/uploads\/factory-14.webp\"\/><\/p>\n<h2>\u010cASTO KLADEN\u00c9 DOTAZY<\/h2>\n<p><b>1.K \u010demu se pou\u017e\u00edv\u00e1 protla\u010dovan\u00e1 hlin\u00edkov\u00e1 \u010dtvercov\u00e1 trubka?<\/b><\/p>\n<p>Extrudovan\u00e9 hlin\u00edkov\u00e9 \u010dty\u0159hrann\u00e9 trubky se d\u00edky sv\u00e9 konstruk\u010dn\u00ed pevnosti a \u010dist\u00e9mu, modern\u00edmu vzhledu pou\u017e\u00edvaj\u00ed ve stavebnictv\u00ed, r\u00e1mov\u00e1n\u00ed, n\u00e1bytk\u00e1\u0159stv\u00ed a v pr\u016fmyslu.\n<\/p>\n<p><\/p>\n<p><b>2.Jak\u00e9 jsou hlavn\u00ed v\u00fdhody extrudovan\u00fdch hlin\u00edkov\u00fdch \u010dtvercov\u00fdch trubek?<\/b><\/p>\n<p>Extrudovan\u00e9 hlin\u00edkov\u00e9 \u010dty\u0159hrann\u00e9 trubky se vyzna\u010duj\u00ed vysok\u00fdm pom\u011brem pevnosti a hmotnosti, odolnost\u00ed proti korozi, p\u0159esn\u00fdmi rozm\u011bry a snadnou v\u00fdrobou.\n<\/p>\n<p><\/p>\n<p><b>3.Pro\u010d zvolit protla\u010dovan\u00e9 hlin\u00edkov\u00e9 \u010dtvercov\u00e9 trubky m\u00edsto kulat\u00fdch nebo obd\u00e9ln\u00edkov\u00fdch?<\/b><\/p>\n<p>\u010ctvercov\u00e9 trubky poskytuj\u00ed vyv\u00e1\u017eenou podporu na v\u0161ech stran\u00e1ch, tak\u017ee jsou ide\u00e1ln\u00ed pro nosn\u00e9 aplikace a modul\u00e1rn\u00ed konstrukce.\n<\/p>\n<p><\/p>\n<p><b>4.Can extrudovan\u00e9 hlin\u00edkov\u00e9 \u010dtvercov\u00e9 trubky b\u00fdt p\u0159izp\u016fsobeny?<\/b><\/p>\n<p>Ano, extrudovan\u00e9 hlin\u00edkov\u00e9 \u010dty\u0159hrann\u00e9 trubky lze p\u0159izp\u016fsobit rozm\u011brem, tlou\u0161\u0165kou st\u011bny, typem slitiny a povrchovou \u00fapravou tak, aby spl\u0148ovaly specifick\u00e9 po\u017eadavky projektu.\n<\/p>\n<p><\/p>\n<p><b>5.Jak\u00e9 povrchov\u00e9 \u00fapravy jsou k dispozici pro extrudovan\u00e9 hlin\u00edkov\u00e9 \u010dtvercov\u00e9 trubky?<\/b><\/p>\n<p>K dispozici jsou povrchov\u00e9 \u00fapravy eloxov\u00e1n\u00edm, pr\u00e1\u0161kov\u00fdm lakov\u00e1n\u00edm a fr\u00e9zov\u00e1n\u00edm, kter\u00e9 zvy\u0161uj\u00ed odolnost proti korozi, trvanlivost a vzhled.\n<\/p>\n<p><\/p>\n<p><b>6.Jsou extrudovan\u00e9 hlin\u00edkov\u00e9 \u010dty\u0159hrann\u00e9 trubky vhodn\u00e9 pro venkovn\u00ed pou\u017eit\u00ed?<\/b><\/p>\n<p>Ano, s eloxovanou nebo lakovanou povrchovou \u00fapravou se vytla\u010dovan\u00e9 hlin\u00edkov\u00e9 \u010dty\u0159hrann\u00e9 trubky dob\u0159e uplat\u0148uj\u00ed ve venkovn\u00edm prost\u0159ed\u00ed d\u00edky vynikaj\u00edc\u00ed odolnosti v\u016f\u010di pov\u011btrnostn\u00edm vliv\u016fm a UV z\u00e1\u0159en\u00ed.\n<\/p>\n<p><\/p>\n<p><b>7.Jak extrudovan\u00e9 hlin\u00edkov\u00e9 \u010dtvercov\u00e9 trubky podporuj\u00ed udr\u017eiteln\u00fd design?<\/b><\/p>\n<p>Hlin\u00edk je 100% recyklovateln\u00fd a lehk\u00fd, tak\u017ee \u010dtvercov\u00e9 trubky jsou udr\u017eitelnou a energeticky \u00fa\u010dinnou volbou pro ekologick\u00e9 stavebnictv\u00ed a v\u00fdvoj v\u00fdrobk\u016f.\n<\/p>\n<p><\/p>","protected":false},"featured_media":6358,"template":"","categories":[60],"class_list":["post-6359","product","type-product","status-publish","has-post-thumbnail","hentry","category-general-tubes-and-bars"],"meta_box":{"hilight_text_group":{"product_hilight_text":"<li>Square shape provides excellent structural strength and stability<\/li>\r\r\n<li>Precision-extruded for uniform dimensions and smooth surfaces<\/li>\r\r\n<li>Corrosion-resistant aluminum ideal for indoor and outdoor use<\/li>\r\r\n<li>Available in various sizes, wall thicknesses, and surface finishes<\/li>\r\r\n<li>Supports custom fabrication and bulk orders for industrial needs<\/li>","product_chanpin_blog":"<ul>\r\r\n<li><a href=\"https:\/\/sinoextrud.com\/t-slot-v-slot-differences\/\" target=\"_blank\">t slot vs v slot<\/a><\/li>\r\r\n<li><a href=\"https:\/\/sinoextrud.com\/what-is-4040-aluminium-extrud\/\" target=\"_blank\">4040 aluminium extrusion<\/a><\/li>\r\r\n<li><a href=\"https:\/\/sinoextrud.com\/what-is-4040-aluminium-extrud\/\" target=\"_blank\">aluminum extrusions for industrial racks<\/a><\/li>\r\r\n<li><a href=\"https:\/\/sinoextrud.com\/powder-coating-aluminium-process\/\" target=\"_blank\">powder coating aluminium<\/a><\/li>\r\r\n<li><a href=\"https:\/\/sinoextrud.com\/what-is-an-aluminium-strip-ceiling\/\" target=\"_blank\">aluminium strip ceiling<\/a><\/li>\r\r\n<li><a href=\"https:\/\/sinoextrud.com\/what-is-a-heat-sink\/\" target=\"_blank\">what is a heat sink<\/a><\/li>\r\r\n<\/ul>","product_chanpin_chanpin":"<li><a href=\"https:\/\/sinoextrud.com\/product\/3003-round-aluminum-tube-extrusion-in-stock\/\" target=\"_blank\">3003 Round Aluminum Tube Extrusion In Stock<\/a><\/li>\r\n<li><a href=\"https:\/\/sinoextrud.com\/product\/aluminum-round-tube-extrusion\/\" target=\"_blank\">Aluminum Round Tube Extrusion<\/a><\/li>\r\n<li><a href=\"https:\/\/sinoextrud.com\/product\/20mm-x-20mm-aluminum-extrusion\/\" target=\"_blank\">20mm X 20mm Aluminum Extrusion<\/a><\/li>\r\n<li><a href=\"https:\/\/sinoextrud.com\/product\/aluminium-pipe\/\" target=\"_blank\">Aluminium Pipe<\/a><\/li>\r\n<li><a href=\"https:\/\/sinoextrud.com\/product\/extruded-aluminium-square-tube\/\" target=\"_blank\">Extruded Aluminium Square Tube<\/a><\/li>\r\n<li><a href=\"https:\/\/sinoextrud.com\/product\/extruded-aluminium-retangular-tube\/\" target=\"_blank\">Extruded Aluminium Retangular Tube<\/a><\/li>\r\n<li><a href=\"https:\/\/sinoextrud.com\/product\/anodized-aluminium-tube\/\" target=\"_blank\">anodized aluminium tube<\/a><\/li>\r\n<li><a href=\"https:\/\/sinoextrud.com\/product\/40x40-aluminium-extrusion\/\" target=\"_blank\">40\u00c3\u201440 Aluminium Extrusion<\/a><\/li>\r\n<li><a href=\"https:\/\/sinoextrud.com\/product\/aluminium-precision-tubing\/\" target=\"_blank\">Aluminium Precision Tubing<\/a><\/li>\r\n<li><a href=\"https:\/\/sinoextrud.com\/product\/6061-oval-aluminum-tubing\/\" target=\"_blank\">6061 Oval Aluminum Tubing<\/a><\/li>\r\n<li><a href=\"https:\/\/sinoextrud.com\/product\/aluminum-trailer-floor-extrusions\/\" target=\"_blank\">Aluminum Trailer Floor Extrusions<\/a><\/li>"},"feature_list":[]},"_links":{"self":[{"href":"https:\/\/sinoextrud.com\/cs\/wp-json\/wp\/v2\/product\/6359","targetHints":{"allow":["GET"]}}],"collection":[{"href":"https:\/\/sinoextrud.com\/cs\/wp-json\/wp\/v2\/product"}],"about":[{"href":"https:\/\/sinoextrud.com\/cs\/wp-json\/wp\/v2\/types\/product"}],"wp:featuredmedia":[{"embeddable":true,"href":"https:\/\/sinoextrud.com\/cs\/wp-json\/wp\/v2\/media\/6358"}],"wp:attachment":[{"href":"https:\/\/sinoextrud.com\/cs\/wp-json\/wp\/v2\/media?parent=6359"}],"wp:term":[{"taxonomy":"category","embeddable":true,"href":"https:\/\/sinoextrud.com\/cs\/wp-json\/wp\/v2\/categories?post=6359"}],"curies":[{"name":"wp","href":"https:\/\/api.w.org\/{rel}","templated":true}]}}