{"id":6357,"date":"2025-05-27T03:35:09","date_gmt":"2025-05-27T03:35:09","guid":{"rendered":"https:\/\/sinoextrud.com\/product\/aluminium-pipe\/"},"modified":"2025-06-24T06:10:50","modified_gmt":"2025-06-24T06:10:50","slug":"hlinikove-trubky-2","status":"publish","type":"product","link":"https:\/\/sinoextrud.com\/cs\/product\/aluminium-pipe\/","title":{"rendered":"Hlin\u00edkov\u00e9 trubky"},"content":{"rendered":"<h2>Podrobnosti o produktech<\/h2>\n<table class=\"custom-table\">\n<tr>\n<td class=\"label\">Polo\u017eka<\/td>\n<td>Hlin\u00edkov\u00e9 trubky, hlin\u00edkov\u00e9 trubky, hlin\u00edkov\u00e9 trubky s kulat\u00fdm profilem, hlin\u00edkov\u00e9 trubky s \u010dtvercov\u00fdm profilem, hlin\u00edkov\u00e9 trubky s troj\u00faheln\u00edkov\u00fdm profilem<\/td>\n<\/tr>\n<tr>\n<td class=\"label\">Materi\u00e1l<\/td>\n<td>Hlin\u00edkov\u00e1 \u0159ada 6000<\/td>\n<\/tr>\n<tr>\n<td class=\"label\">Temperament<\/td>\n<td>T4,T5,T6<\/td>\n<\/tr>\n<tr>\n<td class=\"label\">Velikost\/tlou\u0161\u0165ka<\/td>\n<td>Obecn\u00e1 tlou\u0161\u0165ka profilu od 0,8 do 5,0 mm, d\u00e9lka od 1 m do 9 m nebo na zak\u00e1zku; tlou\u0161\u0165ka eloxovac\u00edho ochrann\u00e9ho filmu od 8 do 20 mm, pr\u00e1\u0161kov\u00fd lak od 40 do 120 mm.<\/td>\n<\/tr>\n<tr>\n<td class=\"label\">Tvar<\/td>\n<td>\u010dtvercov\u00fd, kulat\u00fd, obd\u00e9ln\u00edkov\u00fd, troj\u00faheln\u00edkov\u00fd, p\u0159izp\u016fsoben\u00fd<\/td>\n<\/tr>\n<tr>\n<td class=\"label\">Aplikace<\/td>\n<td>N\u00e1bytek, okna a dve\u0159e, dekorace, pr\u016fmysl, stavebnictv\u00ed a brzy<\/td>\n<\/tr>\n<tr>\n<td class=\"label\">O\u0161et\u0159en\u00ed povrchu<\/td>\n<td>Pr\u00e1\u0161kov\u00e9 lakov\u00e1n\u00ed, eloxovan\u00e9, d\u0159ev\u011bn\u00e9, elektrofor\u00e9za, kart\u00e1\u010dovan\u00e9, le\u0161t\u011bn\u00ed a dal\u0161\u00ed.<\/td>\n<\/tr>\n<tr>\n<td class=\"label\">Barvy<\/td>\n<td>Barevn\u00fd list pro obnoven\u00ed pr\u00e1\u0161kov\u00e9ho n\u00e1t\u011bru a barvy na m\u00edru jsou k dispozici na .<\/td>\n<\/tr>\n<tr>\n<td class=\"label\">Deepprocess<\/td>\n<td>CNC, vrt\u00e1n\u00ed, fr\u00e9zov\u00e1n\u00ed, \u0159ez\u00e1n\u00ed, sva\u0159ov\u00e1n\u00ed, oh\u00fdb\u00e1n\u00ed, mont\u00e1\u017e<\/td>\n<\/tr>\n<tr>\n<td class=\"label\">MOQ<\/td>\n<td>200 kg pro ka\u017edou polo\u017eku<\/td>\n<\/tr>\n<tr>\n<td class=\"label\">PackingDetails<\/td>\n<td>(1) Uvnit\u0159: baleno s plastovou ochrannou f\u00f3li\u00ed, kter\u00e1 chr\u00e1n\u00ed ka\u017ed\u00fd kus.<\/td>\n<\/tr>\n<tr>\n<td class=\"label\"><\/td>\n<td>(2) Vn\u011bj\u0161\u00ed strana: Zabalte svazek do vod\u011bodoln\u00e9ho pap\u00edru.<\/td>\n<\/tr>\n<tr>\n<td class=\"label\">Deliverytime<\/td>\n<td>(1) V\u00fdvoj a testov\u00e1n\u00ed vzork\u016f: 10-15 dn\u00ed.<\/td>\n<\/tr>\n<tr>\n<td class=\"label\"><\/td>\n<td>(2) Dokon\u010den\u00ed hromadn\u00e9 v\u00fdroby: 20-30 dn\u00ed po potvrzen\u00ed vzorku kupuj\u00edc\u00edm.<\/td>\n<\/tr>\n<tr>\n<td class=\"label\">FOBPort<\/td>\n<td>Guangzhou, Foshan, Shenzhen<\/td>\n<\/tr>\n<tr>\n<td class=\"label\">platebn\u00ed podm\u00ednky<\/td>\n<td>T\/T,30%downpaymentwhilebalanceshallbepaid offbeforedelivery<\/td>\n<\/tr>\n<tr>\n<td class=\"label\">vypo\u0159\u00e1d\u00e1n\u00edterm\u00edn<\/td>\n<td>Poplatek podle kone\u010dn\u00e9 skute\u010dn\u00e9 hmotnosti nebo podle teoretick\u00e9 hmotnosti.<\/td>\n<\/tr>\n<tr>\n<td class=\"label\">v\u00fdrobn\u00ed kapacita<\/td>\n<td>2400-3000Metrictonespermonth<\/td>\n<\/tr>\n<tr>\n<td class=\"label\">Zpracov\u00e1n\u00ed<\/td>\n<td>Popt\u00e1vka-Vzorov\u00fd nebo CAD v\u00fdkres (dodan\u00fd z\u00e1kazn\u00edkem)-CAD v\u00fdkres (na\u0161e spole\u010dnost)-Potvrzen\u00ed v\u00fdkresu-Fabrikace formy-Vzorov\u00e1 konfekce-V\u00fdroba masek-Inspekce<\/td>\n<td>Dod\u00e1vka<\/td>\n<\/tr>\n<tr>\n<td class=\"label\">Certifikace je k dispozici:<\/td>\n<td>ISO:9001, SONCAP, BVC Certifik\u00e1t nebo z\u00e1kaznick\u00fd certifik\u00e1t k dispozici<\/td>\n<\/tr>\n<tr>\n<td class=\"label\">Z\u00e1ruka<\/td>\n<td>Povrchov\u00e1barva m\u016f\u017ee vydr\u017eet 10 a\u017e 20 let ve venkovn\u00edm prost\u0159ed\u00ed.<\/td>\n<\/tr>\n<\/table>\n<h2>Na\u0161e v\u00fdrobn\u00ed z\u00e1kladna<\/h2>\n<h3>Panorama tov\u00e1rny<\/h3>\n<p><img decoding=\"async\" src=\"\/wp-content\/uploads\/factory-01.webp\"\/><\/p>\n<h3>D\u00edlna na v\u00fdrobu hlin\u00edkov\u00fdch ty\u010d\u00ed<\/h3>\n<p><img decoding=\"async\" src=\"\/wp-content\/uploads\/factory-02.webp\"\/><\/p>\n<p><img decoding=\"async\" src=\"\/wp-content\/uploads\/factory-03.webp\"\/><\/p>\n<h3>Sklad pl\u00edsn\u00ed<\/h3>\n<p><img decoding=\"async\" src=\"\/wp-content\/uploads\/factory-04.webp\"\/><\/p>\n<h3>43 linek na vytla\u010dov\u00e1n\u00ed hlin\u00edku (500 - 5500 tun)<\/h3>\n<p><img decoding=\"async\" src=\"\/wp-content\/uploads\/factory-05.webp\"\/><\/p>\n<p><img decoding=\"async\" src=\"\/wp-content\/uploads\/factory-06.webp\"\/><\/p>\n<p><img decoding=\"async\" src=\"\/wp-content\/uploads\/factory-07.webp\"\/><\/p>\n<h3>D\u00edlna pr\u00e1\u0161kov\u00e9ho lakov\u00e1n\u00ed<\/h3>\n<p><img decoding=\"async\" src=\"\/wp-content\/uploads\/factory-09.webp\"\/><\/p>\n<h3>D\u00edlna eloxov\u00e1n\u00ed<\/h3>\n<p><img decoding=\"async\" src=\"\/wp-content\/uploads\/factory-10.webp\"\/><\/p>\n<h3>Workshop o hloubkov\u00e9m zpracov\u00e1n\u00ed<\/h3>\n<p><img decoding=\"async\" src=\"\/wp-content\/uploads\/factory-11.webp\"\/><\/p>\n<h3>D\u00edlna CNC p\u0159esn\u00e9ho obr\u00e1b\u011bn\u00ed<\/h3>\n<p><img decoding=\"async\" src=\"\/wp-content\/uploads\/factory-11.5.webp\"\/><\/p>\n<h3>Sklad hotov\u00fdch v\u00fdrobk\u016f a exportn\u00ed sklad<\/h3>\n<p><img decoding=\"async\" src=\"\/wp-content\/uploads\/factory-12.webp\"\/><\/p>\n<p><img decoding=\"async\" src=\"\/wp-content\/uploads\/factory-13.webp\"\/><\/p>\n<p><img decoding=\"async\" src=\"\/wp-content\/uploads\/factory-14.webp\"\/><\/p>\n<h2>\u010cASTO KLADEN\u00c9 DOTAZY<\/h2>\n<p><p><b>1.K \u010demu se pou\u017e\u00edvaj\u00ed hlin\u00edkov\u00e9 trubky?<\/b><\/p>\n<p>Hlin\u00edkov\u00e9 trubky se d\u00edky sv\u00e9 lehkosti, odolnosti proti korozi a pevnosti pou\u017e\u00edvaj\u00ed ve stavebnictv\u00ed, automobilov\u00e9m pr\u016fmyslu, n\u00e1mo\u0159nictv\u00ed, vzduchotechnice a pr\u016fmyslov\u00fdch aplikac\u00edch.<br \/>\n<\/p><br \/>\n<br \/>\n<p><b>2.Jak\u00e9 jsou hlavn\u00ed v\u00fdhody hlin\u00edkov\u00fdch trubek?<\/b><\/p>\n<p>Hlin\u00edkov\u00e9 trubky se vyzna\u010duj\u00ed vysok\u00fdm pom\u011brem pevnosti a hmotnosti, vynikaj\u00edc\u00ed odolnost\u00ed proti korozi, snadnou obrobitelnost\u00ed a dlouhou \u017eivotnost\u00ed v n\u00e1ro\u010dn\u00fdch prost\u0159ed\u00edch.<br \/>\n<\/p><br \/>\n<br \/>\n<p><b>3.Pro\u010d zvolit hlin\u00edkov\u00e9 trubky m\u00edsto ocelov\u00fdch nebo plastov\u00fdch alternativ?<\/b><\/p>\n<p>Hlin\u00edkov\u00e9 trubky jsou leh\u010d\u00ed ne\u017e ocelov\u00e9 a odoln\u011bj\u0161\u00ed ne\u017e plastov\u00e9 a p\u0159edstavuj\u00ed energeticky \u00fasporn\u00e9 \u0159e\u0161en\u00ed odoln\u00e9 proti korozi pro r\u016fzn\u00e9 aplikace.<br \/>\n<\/p><br \/>\n<br \/>\n<p><b>4.Can hlin\u00edkov\u00e9 trubky b\u00fdt p\u0159izp\u016fsobeny?<\/b><\/p>\n<p>Ano, hlin\u00edkov\u00e9 trubky lze p\u0159izp\u016fsobit pr\u016fm\u011bru, tlou\u0161\u0165ce st\u011bny, d\u00e9lce a typu slitiny tak, aby spl\u0148ovaly specifick\u00e9 po\u017eadavky na v\u00fdkon a konstrukci.<br \/>\n<\/p><br \/>\n<br \/>\n<p><b>5.Jak\u00e9 povrchov\u00e9 \u00fapravy jsou k dispozici pro hlin\u00edkov\u00e9 trubky?<\/b><\/p>\n<p>Mezi b\u011b\u017en\u00e9 povrchov\u00e9 \u00fapravy pat\u0159\u00ed eloxov\u00e1n\u00ed, pr\u00e1\u0161kov\u00e9 lakov\u00e1n\u00ed a fr\u00e9zov\u00e1n\u00ed, kter\u00e9 zvy\u0161uj\u00ed ochranu proti korozi, odolnost proti opot\u0159eben\u00ed a vzhled.<br \/>\n<\/p><br \/>\n<br \/>\n<p><b>6.Jsou hlin\u00edkov\u00e9 trubky vhodn\u00e9 pro venkovn\u00ed a n\u00e1mo\u0159n\u00ed pou\u017eit\u00ed?<\/b><\/p>\n<p>Ano, hlin\u00edkov\u00e9 trubky jsou ide\u00e1ln\u00ed pro venkovn\u00ed a mo\u0159sk\u00e9 prost\u0159ed\u00ed d\u00edky sv\u00e9 p\u0159irozen\u00e9 odolnosti proti korozi a schopnosti odol\u00e1vat drsn\u00fdm pov\u011btrnostn\u00edm podm\u00ednk\u00e1m.<br \/>\n<\/p><br \/>\n<br \/>\n<p><b>7.Jak hlin\u00edkov\u00e9 trubky podporuj\u00ed udr\u017eitelnou v\u00fdstavbu?<\/b><\/p>\n<p>Hlin\u00edk je recyklovateln\u00fd a jeho v\u00fdroba je energeticky \u00fasporn\u00e1, tak\u017ee hlin\u00edkov\u00e9 trubky jsou udr\u017eitelnou volbou pro ekologick\u00e9 stavebnictv\u00ed a ekologickou v\u00fdrobu.<br \/>\n<\/p><br \/><\/p>","protected":false},"featured_media":6356,"template":"","categories":[60],"class_list":["post-6357","product","type-product","status-publish","has-post-thumbnail","hentry","category-general-tubes-and-bars"],"meta_box":{"hilight_text_group":{"product_hilight_text":"<li>Lightweight and durable, suitable for a wide range of applications<\/li>\r\r\n<li>Excellent corrosion resistance for long-term outdoor and industrial use<\/li>\r\r\n<li>Available in multiple sizes, alloys, and wall thicknesses<\/li>\r\r\n<li>Easy to cut, weld, and machine for custom fabrication<\/li>\r\r\n<li>Supports bulk supply with consistent quality and fast delivery<\/li>","product_chanpin_blog":"<ul>\r\r\n<li><a href=\"https:\/\/sinoextrud.com\/t-slot-v-slot-differences\/\" target=\"_blank\">t slot vs v slot<\/a><\/li>\r\r\n<li><a href=\"https:\/\/sinoextrud.com\/what-is-4040-aluminium-extrud\/\" target=\"_blank\">4040 aluminium extrusion<\/a><\/li>\r\r\n<li><a href=\"https:\/\/sinoextrud.com\/what-is-4040-aluminium-extrud\/\" target=\"_blank\">aluminum extrusions for industrial racks<\/a><\/li>\r\r\n<li><a href=\"https:\/\/sinoextrud.com\/powder-coating-aluminium-process\/\" target=\"_blank\">powder coating aluminium<\/a><\/li>\r\r\n<li><a href=\"https:\/\/sinoextrud.com\/what-is-an-aluminium-strip-ceiling\/\" target=\"_blank\">aluminium strip ceiling<\/a><\/li>\r\r\n<li><a href=\"https:\/\/sinoextrud.com\/what-is-a-heat-sink\/\" target=\"_blank\">what is a heat sink<\/a><\/li>\r\r\n<\/ul>","product_chanpin_chanpin":"<li><a href=\"https:\/\/sinoextrud.com\/product\/powder-coated-aluminum-tube\/\" target=\"_blank\">Powder Coated Aluminum Tube<\/a><\/li>\r\n<li><a href=\"https:\/\/sinoextrud.com\/product\/3003-round-aluminum-tube-extrusion-in-stock\/\" target=\"_blank\">3003 Round Aluminum Tube Extrusion In Stock<\/a><\/li>\r\n<li><a href=\"https:\/\/sinoextrud.com\/product\/aluminum-round-tube-extrusion\/\" target=\"_blank\">Aluminum Round Tube Extrusion<\/a><\/li>\r\n<li><a href=\"https:\/\/sinoextrud.com\/product\/20mm-x-20mm-aluminum-extrusion\/\" target=\"_blank\">20mm X 20mm Aluminum Extrusion<\/a><\/li>\r\n<li><a href=\"https:\/\/sinoextrud.com\/product\/aluminium-pipe\/\" target=\"_blank\">Aluminium Pipe<\/a><\/li>\r\n<li><a href=\"https:\/\/sinoextrud.com\/product\/extruded-aluminium-square-tube\/\" target=\"_blank\">Extruded Aluminium Square Tube<\/a><\/li>\r\n<li><a href=\"https:\/\/sinoextrud.com\/product\/extruded-aluminium-retangular-tube\/\" target=\"_blank\">Extruded Aluminium Retangular Tube<\/a><\/li>\r\n<li><a href=\"https:\/\/sinoextrud.com\/product\/anodized-aluminium-tube\/\" target=\"_blank\">anodized aluminium tube<\/a><\/li>\r\n<li><a href=\"https:\/\/sinoextrud.com\/product\/40x40-aluminium-extrusion\/\" target=\"_blank\">40\u00c3\u201440 Aluminium Extrusion<\/a><\/li>\r\n<li><a href=\"https:\/\/sinoextrud.com\/product\/aluminum-slatwall-panel-insert-profile\/\" target=\"_blank\">Aluminum Slatwall Panel Insert Profile<\/a><\/li>\r\n<li><a href=\"https:\/\/sinoextrud.com\/product\/anodized-small-machining-aluminum-parts\/\" target=\"_blank\">Anodized Small Machining Aluminum Parts<\/a><\/li>"},"feature_list":[]},"_links":{"self":[{"href":"https:\/\/sinoextrud.com\/cs\/wp-json\/wp\/v2\/product\/6357","targetHints":{"allow":["GET"]}}],"collection":[{"href":"https:\/\/sinoextrud.com\/cs\/wp-json\/wp\/v2\/product"}],"about":[{"href":"https:\/\/sinoextrud.com\/cs\/wp-json\/wp\/v2\/types\/product"}],"wp:featuredmedia":[{"embeddable":true,"href":"https:\/\/sinoextrud.com\/cs\/wp-json\/wp\/v2\/media\/6356"}],"wp:attachment":[{"href":"https:\/\/sinoextrud.com\/cs\/wp-json\/wp\/v2\/media?parent=6357"}],"wp:term":[{"taxonomy":"category","embeddable":true,"href":"https:\/\/sinoextrud.com\/cs\/wp-json\/wp\/v2\/categories?post=6357"}],"curies":[{"name":"wp","href":"https:\/\/api.w.org\/{rel}","templated":true}]}}