{"id":6351,"date":"2025-05-27T03:20:26","date_gmt":"2025-05-27T03:20:26","guid":{"rendered":"https:\/\/sinoextrud.com\/product\/3003-round-aluminum-tube-extrusion-in-stock\/"},"modified":"2025-06-24T06:10:49","modified_gmt":"2025-06-24T06:10:49","slug":"3003-kulate-hlinikove-trubky-na-sklade","status":"publish","type":"product","link":"https:\/\/sinoextrud.com\/cs\/product\/3003-round-aluminum-tube-extrusion-in-stock\/","title":{"rendered":"3003 kulat\u00e9 hlin\u00edkov\u00e9 trubky vytla\u010dov\u00e1n\u00ed na sklad\u011b"},"content":{"rendered":"<h2>Podrobnosti o produktech<\/h2>\n<table class=\"custom-table\">\n<tr>\n<td class=\"label\">Polo\u017eka:<\/td>\n<td>3003 kulat\u00e9 hlin\u00edkov\u00e9 trubky vytla\u010dov\u00e1n\u00ed na sklad\u011b<\/td>\n<\/tr>\n<tr>\n<td class=\"label\">Skladem nebo ne:<\/td>\n<td>Skladem<\/td>\n<\/tr>\n<tr>\n<td class=\"label\">Tvar:<\/td>\n<td>Trubka, ov\u00e1l, \u010dtverec nebo na m\u00edru<\/td>\n<\/tr>\n<tr>\n<td class=\"label\">Tolerance:<\/td>\n<td>\u00b10,01 mm<\/td>\n<\/tr>\n<tr>\n<td class=\"label\">Funkce:<\/td>\n<td>bez tvrdosti<\/td>\n<\/tr>\n<tr>\n<td class=\"label\">Doba dod\u00e1n\u00ed:<\/td>\n<td>15-20?dn\u016f<\/td>\n<\/tr>\n<tr>\n<td class=\"label\">Term\u00edn platby:<\/td>\n<td>T\/T (30% z\u00e1loha, 70% z\u016fstatek p\u0159ed odesl\u00e1n\u00edm), L\/C<\/td>\n<\/tr>\n<tr>\n<td class=\"label\">P\u0159\u00edstav:<\/td>\n<td>FOB Guangzhou, Shenzhen, Foshan<\/td>\n<\/tr>\n<tr>\n<td class=\"label\">Standardn\u00ed:<\/td>\n<td>Mezin\u00e1rodn\u00ed standard<\/td>\n<\/tr>\n<tr>\n<td class=\"label\">Materi\u00e1l:<\/td>\n<td>\u0158ada 3000, 3003<\/td>\n<\/tr>\n<tr>\n<td class=\"label\">M\u00edsto p\u016fvodu:<\/td>\n<td>Foshan, Guangdong<\/td>\n<\/tr>\n<tr>\n<td class=\"label\">Slitina nebo ne:<\/td>\n<td>Slitina hlin\u00edku<\/td>\n<\/tr>\n<tr>\n<td class=\"label\">Zna\u010dka:<\/td>\n<td>Sinoextrud<\/td>\n<\/tr>\n<tr>\n<td class=\"label\">Povrchov\u00e1 \u00faprava:<\/td>\n<td>eloxov\u00e1n\u00ed, elektrofor\u00e9za, ?le\u0161t\u011bn\u00ed, p\u00edskov\u00e1n\u00ed<\/td>\n<\/tr>\n<tr>\n<td class=\"label\">MOQ:<\/td>\n<td>200 kg pro ka\u017edou polo\u017eku<\/td>\n<\/tr>\n<tr>\n<td class=\"label\">Slu\u017eba zpracov\u00e1n\u00ed:<\/td>\n<td>Vrt\u00e1n\u00ed, sva\u0159ov\u00e1n\u00ed, d\u011brov\u00e1n\u00ed, \u0159ez\u00e1n\u00ed<\/td>\n<\/tr>\n<tr>\n<td class=\"label\">D\u00e9lka:<\/td>\n<td>1-9m nebo na m\u00edru<\/td>\n<\/tr>\n<\/table>\n<h2>Na\u0161e v\u00fdrobn\u00ed z\u00e1kladna<\/h2>\n<h3>Panorama tov\u00e1rny<\/h3>\n<p><img decoding=\"async\" src=\"\/wp-content\/uploads\/factory-01.webp\"\/><\/p>\n<h3>D\u00edlna na v\u00fdrobu hlin\u00edkov\u00fdch ty\u010d\u00ed<\/h3>\n<p><img decoding=\"async\" src=\"\/wp-content\/uploads\/factory-02.webp\"\/><\/p>\n<p><img decoding=\"async\" src=\"\/wp-content\/uploads\/factory-03.webp\"\/><\/p>\n<h3>Sklad pl\u00edsn\u00ed<\/h3>\n<p><img decoding=\"async\" src=\"\/wp-content\/uploads\/factory-04.webp\"\/><\/p>\n<h3>43 linek na vytla\u010dov\u00e1n\u00ed hlin\u00edku (500-5500 tun)<\/h3>\n<p><img decoding=\"async\" src=\"\/wp-content\/uploads\/factory-05.webp\"\/><\/p>\n<p><img decoding=\"async\" src=\"\/wp-content\/uploads\/factory-06.webp\"\/><\/p>\n<p><img decoding=\"async\" src=\"\/wp-content\/uploads\/factory-07.webp\"\/><\/p>\n<h3>D\u00edlna pr\u00e1\u0161kov\u00e9ho lakov\u00e1n\u00ed<\/h3>\n<p><img decoding=\"async\" src=\"\/wp-content\/uploads\/factory-09.webp\"\/><\/p>\n<h3>D\u00edlna eloxov\u00e1n\u00ed<\/h3>\n<p><img decoding=\"async\" src=\"\/wp-content\/uploads\/factory-10.webp\"\/><\/p>\n<h3>Workshop o hloubkov\u00e9m zpracov\u00e1n\u00ed<\/h3>\n<p><img decoding=\"async\" src=\"\/wp-content\/uploads\/factory-11.webp\"\/><\/p>\n<h3>D\u00edlna CNC p\u0159esn\u00e9ho obr\u00e1b\u011bn\u00ed<\/h3>\n<p><img decoding=\"async\" src=\"\/wp-content\/uploads\/factory-11.5.webp\"\/><\/p>\n<h3>Sklad hotov\u00fdch v\u00fdrobk\u016f a exportn\u00ed sklad<\/h3>\n<p><img decoding=\"async\" src=\"\/wp-content\/uploads\/factory-12.webp\"\/><\/p>\n<p><img decoding=\"async\" src=\"\/wp-content\/uploads\/factory-13.webp\"\/><\/p>\n<p><img decoding=\"async\" src=\"\/wp-content\/uploads\/factory-14.webp\"\/><\/p>\n<h2>\u010cASTO KLADEN\u00c9 DOTAZY<\/h2>\n<p><p><b>1.K \u010demu se pou\u017e\u00edv\u00e1 vytla\u010dov\u00e1n\u00ed kulat\u00fdch hlin\u00edkov\u00fdch trubek 3003?<\/b><\/p>\n<p>Kulat\u00e9 hlin\u00edkov\u00e9 trubky 3003 se b\u011b\u017en\u011b pou\u017e\u00edvaj\u00ed ve vzduchotechnice, st\u0159e\u0161n\u00edch krytin\u00e1ch, potrubn\u00edch syst\u00e9mech a dekorativn\u00edch aplikac\u00edch d\u00edky sv\u00e9 vynikaj\u00edc\u00ed odolnosti proti korozi a tvarovatelnosti.<br \/>\n<\/p><br \/>\n<br \/>\n<p><b>2.Jak\u00e9 jsou hlavn\u00ed v\u00fdhody vytla\u010dov\u00e1n\u00ed kulat\u00fdch hlin\u00edkov\u00fdch trubek 3003?<\/b><\/p>\n<p>Hlin\u00edkov\u00e9 trubky 3003 maj\u00ed vysokou odolnost proti korozi, dobrou sva\u0159itelnost a vynikaj\u00edc\u00ed zpracovatelnost, tak\u017ee jsou ide\u00e1ln\u00ed pro konstruk\u010dn\u00ed i funk\u010dn\u00ed aplikace.<br \/>\n<\/p><br \/>\n<br \/>\n<p><b>3.Pro\u010d zvolit slitinu 3003 pro vytla\u010dov\u00e1n\u00ed kulat\u00fdch hlin\u00edkov\u00fdch trubek?<\/b><\/p>\n<p>Slitina 3003 poskytuje vynikaj\u00edc\u00ed odolnost proti atmosf\u00e9rick\u00e9 a chemick\u00e9 korozi, zejm\u00e9na v n\u00e1mo\u0159n\u00edm a pr\u016fmyslov\u00e9m prost\u0159ed\u00ed.<br \/>\n<\/p><br \/>\n<br \/>\n<p><b>4.Is 3003 kulat\u00e9 hlin\u00edkov\u00e9 trubky vytla\u010dov\u00e1n\u00ed k dispozici na sklad\u011b?<\/b><\/p>\n<p>Ano, mnoho dodavatel\u016f m\u00e1 kulat\u00e9 hlin\u00edkov\u00e9 trubkov\u00e9 v\u00fdlisky 3003 skladem pro rychl\u00e9 dod\u00e1n\u00ed, co\u017e podporuje rychl\u00e9 doby realizace projekt\u016f.<br \/>\n<\/p><br \/>\n<br \/>\n<p><b>5.Can 3003 kulat\u00e9 hlin\u00edkov\u00e9 trubky b\u00fdt p\u0159izp\u016fsobeny?<\/b><\/p>\n<p>Ano, jejich pr\u016fm\u011br, tlou\u0161\u0165ku st\u011bny a d\u00e9lku lze p\u0159izp\u016fsobit specifick\u00fdm konstruk\u010dn\u00edm nebo technick\u00fdm po\u017eadavk\u016fm.<br \/>\n<\/p><br \/>\n<br \/>\n<p><b>6.Jak\u00e9 povrchov\u00e9 \u00fapravy jsou k dispozici pro kulat\u00e9 hlin\u00edkov\u00e9 trubkov\u00e9 v\u00fdlisky 3003?<\/b><\/p>\n<p>Pro zv\u00fd\u0161en\u00ed ochrany proti korozi a zlep\u0161en\u00ed vzhledu jsou k dispozici povrchov\u00e9 \u00fapravy, jako je fr\u00e9zov\u00e1n\u00ed, eloxov\u00e1n\u00ed a pr\u00e1\u0161kov\u00e9 lakov\u00e1n\u00ed.<br \/>\n<\/p><br \/>\n<br \/>\n<p><b>7.Jsou kulat\u00e9 hlin\u00edkov\u00e9 trubky 3003 vhodn\u00e9 pro venkovn\u00ed pou\u017eit\u00ed?<\/b><\/p>\n<p>Ano, d\u00edky sv\u00e9 vynikaj\u00edc\u00ed odolnosti proti korozi jsou kulat\u00e9 hlin\u00edkov\u00e9 trubky 3003 ide\u00e1ln\u00ed pro venkovn\u00ed, mo\u0159sk\u00e9 a vlhk\u00e9 prost\u0159ed\u00ed.<br \/>\n<\/p><br \/>\n<br \/>\n<p><b>8.Jak podporuje vytla\u010dov\u00e1n\u00ed kulat\u00fdch hlin\u00edkov\u00fdch trubek 3003 udr\u017eitelnost?<\/b><\/p>\n<p>Hlin\u00edk 100% je recyklovateln\u00fd a odolnost slitiny 3003 sni\u017euje pot\u0159ebu \u00fadr\u017eby, tak\u017ee je udr\u017eitelnou volbou pro dlouhodob\u00e9 pou\u017e\u00edv\u00e1n\u00ed.<br \/>\n<\/p><br \/><\/p>","protected":false},"featured_media":6350,"template":"","categories":[60],"class_list":["post-6351","product","type-product","status-publish","has-post-thumbnail","hentry","category-general-tubes-and-bars"],"meta_box":{"hilight_text_group":{"product_hilight_text":"<li>Made from 3003 aluminum alloy with excellent corrosion resistance<\/li>\r\r\n<li>Round tube design suitable for fluid handling and structural support<\/li>\r\r\n<li>In-stock availability ensures fast delivery and reduced lead times<\/li>\r\r\n<li>Good formability and weldability for easy processing<\/li>\r\r\n<li>Ideal for HVAC, marine, and general industrial applications<\/li>","product_chanpin_blog":"<ul>\r\r\n<li><a href=\"https:\/\/sinoextrud.com\/t-slot-v-slot-differences\/\" target=\"_blank\">t slot vs v slot<\/a><\/li>\r\r\n<li><a href=\"https:\/\/sinoextrud.com\/what-is-4040-aluminium-extrud\/\" target=\"_blank\">4040 aluminium extrusion<\/a><\/li>\r\r\n<li><a href=\"https:\/\/sinoextrud.com\/what-is-4040-aluminium-extrud\/\" target=\"_blank\">aluminum extrusions for industrial racks<\/a><\/li>\r\r\n<li><a href=\"https:\/\/sinoextrud.com\/powder-coating-aluminium-process\/\" target=\"_blank\">powder coating aluminium<\/a><\/li>\r\r\n<li><a href=\"https:\/\/sinoextrud.com\/what-is-an-aluminium-strip-ceiling\/\" target=\"_blank\">aluminium strip ceiling<\/a><\/li>\r\r\n<li><a href=\"https:\/\/sinoextrud.com\/what-is-a-heat-sink\/\" target=\"_blank\">what is a heat sink<\/a><\/li>\r\r\n<\/ul>","product_chanpin_chanpin":"<li><a href=\"https:\/\/sinoextrud.com\/product\/aluminium-profile-10x10\/\" target=\"_blank\">Aluminium Profile 10\u00c3\u201410<\/a><\/li>\r\n<li><a href=\"https:\/\/sinoextrud.com\/product\/aluminium-square-tubes\/\" target=\"_blank\">Aluminium Square tubes<\/a><\/li>\r\n<li><a href=\"https:\/\/sinoextrud.com\/product\/oval-aluminum-extrusion\/\" target=\"_blank\">Oval Aluminum Extrusion<\/a><\/li>\r\n<li><a href=\"https:\/\/sinoextrud.com\/product\/powder-coated-aluminum-tube\/\" target=\"_blank\">Powder Coated Aluminum Tube<\/a><\/li>\r\n<li><a href=\"https:\/\/sinoextrud.com\/product\/3003-round-aluminum-tube-extrusion-in-stock\/\" target=\"_blank\">3003 Round Aluminum Tube Extrusion In Stock<\/a><\/li>\r\n<li><a href=\"https:\/\/sinoextrud.com\/product\/aluminum-round-tube-extrusion\/\" target=\"_blank\">Aluminum Round Tube Extrusion<\/a><\/li>\r\n<li><a href=\"https:\/\/sinoextrud.com\/product\/20mm-x-20mm-aluminum-extrusion\/\" target=\"_blank\">20mm X 20mm Aluminum Extrusion<\/a><\/li>\r\n<li><a href=\"https:\/\/sinoextrud.com\/product\/aluminium-pipe\/\" target=\"_blank\">Aluminium Pipe<\/a><\/li>\r\n<li><a href=\"https:\/\/sinoextrud.com\/product\/extruded-aluminium-square-tube\/\" target=\"_blank\">Extruded Aluminium Square Tube<\/a><\/li>\r\n<li><a href=\"https:\/\/sinoextrud.com\/product\/extruded-aluminium-profiles-heat-sink\/\" target=\"_blank\">Extruded Aluminium Profiles Heat Sink<\/a><\/li>\r\n<li><a href=\"https:\/\/sinoextrud.com\/product\/custom-extruded-aluminum-shapes-sunflower-heat-sink\/\" target=\"_blank\">Custom Extruded Aluminum Shapes Sunflower Heat Sink<\/a><\/li>"},"feature_list":[]},"_links":{"self":[{"href":"https:\/\/sinoextrud.com\/cs\/wp-json\/wp\/v2\/product\/6351","targetHints":{"allow":["GET"]}}],"collection":[{"href":"https:\/\/sinoextrud.com\/cs\/wp-json\/wp\/v2\/product"}],"about":[{"href":"https:\/\/sinoextrud.com\/cs\/wp-json\/wp\/v2\/types\/product"}],"wp:featuredmedia":[{"embeddable":true,"href":"https:\/\/sinoextrud.com\/cs\/wp-json\/wp\/v2\/media\/6350"}],"wp:attachment":[{"href":"https:\/\/sinoextrud.com\/cs\/wp-json\/wp\/v2\/media?parent=6351"}],"wp:term":[{"taxonomy":"category","embeddable":true,"href":"https:\/\/sinoextrud.com\/cs\/wp-json\/wp\/v2\/categories?post=6351"}],"curies":[{"name":"wp","href":"https:\/\/api.w.org\/{rel}","templated":true}]}}