{"id":6347,"date":"2025-05-27T03:09:45","date_gmt":"2025-05-27T03:09:45","guid":{"rendered":"https:\/\/sinoextrud.com\/product\/oval-aluminum-extrusion\/"},"modified":"2025-06-24T06:10:48","modified_gmt":"2025-06-24T06:10:48","slug":"ovalny-hlinikovy-vylisek","status":"publish","type":"product","link":"https:\/\/sinoextrud.com\/cs\/product\/oval-aluminum-extrusion\/","title":{"rendered":"Ov\u00e1ln\u00e9 hlin\u00edkov\u00e9 v\u00fdlisky"},"content":{"rendered":"<h2>Podrobnosti o produktech<\/h2>\n<table class=\"custom-table\">\n<tr>\n<td class=\"label\">N\u00e1zev produktu:<\/td>\n<td>Ov\u00e1ln\u00fd hlin\u00edkov\u00fd v\u00fdlisek<\/td>\n<\/tr>\n<tr>\n<td class=\"label\">Slitina:<\/td>\n<td>6063, 6060, 6005, 6061, 6082, 6101, 6106 atd.<\/td>\n<\/tr>\n<tr>\n<td class=\"label\">Certifik\u00e1t:<\/td>\n<td>CE, ISO9001,OHSAS18001,ISO14001<\/td>\n<\/tr>\n<tr>\n<td class=\"label\">Povrchov\u00e1 \u00faprava:<\/td>\n<td>eloxov\u00e1n\u00ed, pr\u00e1\u0161kov\u00e9 lakov\u00e1n\u00ed, lakov\u00e1n\u00ed d\u0159eva, elektrofor\u00e9za, PVDF atd.<\/td>\n<\/tr>\n<tr>\n<td class=\"label\">Velikost:<\/td>\n<td>0,5 m - 11,85 m, na m\u00edru.<\/td>\n<\/tr>\n<tr>\n<td class=\"label\">Tvar:<\/td>\n<td>Na m\u00edru.<\/td>\n<\/tr>\n<tr>\n<td class=\"label\">Tlou\u0161\u0165ka:<\/td>\n<td>Na m\u00edru.<\/td>\n<\/tr>\n<tr>\n<td class=\"label\">Pou\u017eit\u00ed:<\/td>\n<td>Architektonick\u00e9, pr\u016fmyslov\u00e9, dekora\u010dn\u00ed atd.<\/td>\n<\/tr>\n<tr>\n<td class=\"label\">Proces:<\/td>\n<td>Vrt\u00e1n\u00ed, oh\u00fdb\u00e1n\u00ed, sva\u0159ov\u00e1n\u00ed, p\u0159esn\u00e9 \u0159ez\u00e1n\u00ed, d\u011brov\u00e1n\u00ed atd.<\/td>\n<\/tr>\n<\/table>\n<h2>Na\u0161e v\u00fdrobn\u00ed z\u00e1kladna<\/h2>\n<h3>Panorama tov\u00e1rny<\/h3>\n<p><img decoding=\"async\" src=\"\/wp-content\/uploads\/factory-01.webp\"\/><\/p>\n<h3>D\u00edlna na v\u00fdrobu hlin\u00edkov\u00fdch ty\u010d\u00ed<\/h3>\n<p><img decoding=\"async\" src=\"\/wp-content\/uploads\/factory-02.webp\"\/><\/p>\n<p><img decoding=\"async\" src=\"\/wp-content\/uploads\/factory-03.webp\"\/><\/p>\n<h3>Sklad pl\u00edsn\u00ed<\/h3>\n<p><img decoding=\"async\" src=\"\/wp-content\/uploads\/factory-04.webp\"\/><\/p>\n<h3>43 linek na vytla\u010dov\u00e1n\u00ed hlin\u00edku (500 - 5500 tun)<\/h3>\n<p><img decoding=\"async\" src=\"\/wp-content\/uploads\/factory-05.webp\"\/><\/p>\n<p><img decoding=\"async\" src=\"\/wp-content\/uploads\/factory-06.webp\"\/><\/p>\n<p><img decoding=\"async\" src=\"\/wp-content\/uploads\/factory-07.webp\"\/><\/p>\n<h3>D\u00edlna pr\u00e1\u0161kov\u00e9ho lakov\u00e1n\u00ed<\/h3>\n<p><img decoding=\"async\" src=\"\/wp-content\/uploads\/factory-09.webp\"\/><\/p>\n<h3>D\u00edlna eloxov\u00e1n\u00ed<\/h3>\n<p><img decoding=\"async\" src=\"\/wp-content\/uploads\/factory-10.webp\"\/><\/p>\n<h3>Workshop o hloubkov\u00e9m zpracov\u00e1n\u00ed<\/h3>\n<p><img decoding=\"async\" src=\"\/wp-content\/uploads\/factory-11.webp\"\/><\/p>\n<h3>D\u00edlna CNC p\u0159esn\u00e9ho obr\u00e1b\u011bn\u00ed<\/h3>\n<p><img decoding=\"async\" src=\"\/wp-content\/uploads\/factory-11.5.webp\"\/><\/p>\n<h3>Sklad hotov\u00fdch v\u00fdrobk\u016f a exportn\u00ed sklad<\/h3>\n<p><img decoding=\"async\" src=\"\/wp-content\/uploads\/factory-12.webp\"\/><\/p>\n<p><img decoding=\"async\" src=\"\/wp-content\/uploads\/factory-13.webp\"\/><\/p>\n<p><img decoding=\"async\" src=\"\/wp-content\/uploads\/factory-14.webp\"\/><\/p>\n<h2>\u010cASTO KLADEN\u00c9 DOTAZY<\/h2>\n<p><p><b>1.K \u010demu se pou\u017e\u00edv\u00e1 ov\u00e1ln\u00fd hlin\u00edkov\u00fd v\u00fdlisek?<\/b><\/p>\n<p>Ov\u00e1ln\u00fd hlin\u00edkov\u00fd v\u00fdlisek se d\u00edky sv\u00e9mu aerodynamick\u00e9mu tvaru a modern\u00edmu vzhledu b\u011b\u017en\u011b pou\u017e\u00edv\u00e1 v n\u00e1bytk\u00e1\u0159stv\u00ed, automobilov\u00e9m pr\u016fmyslu, lodn\u00edm pr\u016fmyslu a architektu\u0159e.<br \/>\n<\/p><br \/>\n<br \/>\n<p><b>2.Jak\u00e9 jsou hlavn\u00ed v\u00fdhody ov\u00e1ln\u00e9ho vytla\u010dov\u00e1n\u00ed hlin\u00edku?<\/b><\/p>\n<p>Ov\u00e1ln\u00e9 hlin\u00edkov\u00e9 v\u00fdlisky nab\u00edzej\u00ed lehkou pevnost, odolnost proti korozi, elegantn\u00ed estetiku a lep\u0161\u00ed aerodynamiku pro funk\u010dn\u00ed i dekorativn\u00ed pou\u017eit\u00ed.<br \/>\n<\/p><br \/>\n<br \/>\n<p><b>3.Pro\u010d zvolit ov\u00e1ln\u00fd hlin\u00edkov\u00fd v\u00fdlisek m\u00edsto kulat\u00fdch nebo \u010dtvercov\u00fdch profil\u016f?<\/b><\/p>\n<p>Ov\u00e1ln\u00e9 profily poskytuj\u00ed jedine\u010dn\u00fd vzhled, lep\u0161\u00ed v\u00fdkon proud\u011bn\u00ed vzduchu a struktur\u00e1ln\u00ed integritu, tak\u017ee jsou ide\u00e1ln\u00ed pro aplikace, kde je kladen d\u016fraz na design a v\u00fdkon.<br \/>\n<\/p><br \/>\n<br \/>\n<p><b>4.Can ov\u00e1ln\u00e9 hlin\u00edkov\u00e9 v\u00fdlisky b\u00fdt p\u0159izp\u016fsobeny?<\/b><\/p>\n<p>Ano, ov\u00e1ln\u00e9 hlin\u00edkov\u00e9 v\u00fdlisky lze p\u0159izp\u016fsobit z hlediska velikosti, tlou\u0161\u0165ky st\u011bny, slitiny a povrchov\u00e9 \u00fapravy tak, aby spl\u0148ovaly specifick\u00e9 po\u017eadavky projektu.<br \/>\n<\/p><br \/>\n<br \/>\n<p><b>5.Jak\u00e9 povrchov\u00e9 \u00fapravy jsou k dispozici pro ov\u00e1ln\u00e9 hlin\u00edkov\u00e9 v\u00fdlisky?<\/b><\/p>\n<p>K dispozici jsou povrchov\u00e9 \u00fapravy eloxov\u00e1n\u00edm, pr\u00e1\u0161kov\u00fdm lakov\u00e1n\u00edm a fr\u00e9zov\u00e1n\u00edm, kter\u00e9 zvy\u0161uj\u00ed odolnost proti korozi, trvanlivost a vzhled.<br \/>\n<\/p><br \/>\n<br \/>\n<p><b>6.Jsou ov\u00e1ln\u00e9 hlin\u00edkov\u00e9 v\u00fdlisky vhodn\u00e9 pro venkovn\u00ed pou\u017eit\u00ed?<\/b><\/p>\n<p>Ano, p\u0159i spr\u00e1vn\u00e9 povrchov\u00e9 \u00faprav\u011b jsou ov\u00e1ln\u00e9 hlin\u00edkov\u00e9 v\u00fdlisky vysoce odoln\u00e9 v\u016f\u010di pov\u011btrnostn\u00edm vliv\u016fm, UV z\u00e1\u0159en\u00ed a korozi ve venkovn\u00edm prost\u0159ed\u00ed.<br \/>\n<\/p><br \/>\n<br \/>\n<p><b>7.Jak ov\u00e1ln\u00e9 hlin\u00edkov\u00e9 v\u00fdlisky podporuj\u00ed udr\u017eiteln\u00fd design?<\/b><\/p>\n<p>Hlin\u00edk je 100% recyklovateln\u00fd a lehk\u00fd, tak\u017ee ov\u00e1ln\u00e9 v\u00fdlisky jsou udr\u017eitelnou a energeticky \u00fa\u010dinnou volbou pro ekologick\u00e9 stavebnictv\u00ed a design v\u00fdrobk\u016f.<br \/>\n<\/p><br \/><\/p>","protected":false},"featured_media":6346,"template":"","categories":[60],"class_list":["post-6347","product","type-product","status-publish","has-post-thumbnail","hentry","category-general-tubes-and-bars"],"meta_box":{"hilight_text_group":{"product_hilight_text":"<li>Sleek oval design ideal for aesthetic and aerodynamic applications<\/li>\r\r\n<li>Made from high-quality aluminum for strength and durability<\/li>\r\r\n<li>Corrosion-resistant surface suitable for indoor and outdoor use<\/li>\r\r\n<li>Available in custom sizes, wall thicknesses, and finishes<\/li>\r\r\n<li>Supports OEM services and bulk production for various industries<\/li>","product_chanpin_blog":"<ul>\r\r\n<li><a href=\"https:\/\/sinoextrud.com\/t-slot-v-slot-differences\/\" target=\"_blank\">t slot vs v slot<\/a><\/li>\r\r\n<li><a href=\"https:\/\/sinoextrud.com\/what-is-4040-aluminium-extrud\/\" target=\"_blank\">4040 aluminium extrusion<\/a><\/li>\r\r\n<li><a href=\"https:\/\/sinoextrud.com\/what-is-4040-aluminium-extrud\/\" target=\"_blank\">aluminum extrusions for industrial racks<\/a><\/li>\r\r\n<li><a href=\"https:\/\/sinoextrud.com\/powder-coating-aluminium-process\/\" target=\"_blank\">powder coating aluminium<\/a><\/li>\r\r\n<li><a href=\"https:\/\/sinoextrud.com\/what-is-an-aluminium-strip-ceiling\/\" target=\"_blank\">aluminium strip ceiling<\/a><\/li>\r\r\n<li><a href=\"https:\/\/sinoextrud.com\/what-is-a-heat-sink\/\" target=\"_blank\">what is a heat sink<\/a><\/li>\r\r\n<\/ul>","product_chanpin_chanpin":"<li><a href=\"https:\/\/sinoextrud.com\/product\/quarter-round-aluminum-extrusion\/\" target=\"_blank\">Quarter Round Aluminum Extrusion<\/a><\/li>\r\n<li><a href=\"https:\/\/sinoextrud.com\/product\/extruded-aluminum-bar\/\" target=\"_blank\">Extruded Aluminum Bar<\/a><\/li>\r\n<li><a href=\"https:\/\/sinoextrud.com\/product\/aluminium-profile-10x10\/\" target=\"_blank\">Aluminium Profile 10\u00c3\u201410<\/a><\/li>\r\n<li><a href=\"https:\/\/sinoextrud.com\/product\/aluminium-square-tubes\/\" target=\"_blank\">Aluminium Square tubes<\/a><\/li>\r\n<li><a href=\"https:\/\/sinoextrud.com\/product\/oval-aluminum-extrusion\/\" target=\"_blank\">Oval Aluminum Extrusion<\/a><\/li>\r\n<li><a href=\"https:\/\/sinoextrud.com\/product\/powder-coated-aluminum-tube\/\" target=\"_blank\">Powder Coated Aluminum Tube<\/a><\/li>\r\n<li><a href=\"https:\/\/sinoextrud.com\/product\/3003-round-aluminum-tube-extrusion-in-stock\/\" target=\"_blank\">3003 Round Aluminum Tube Extrusion In Stock<\/a><\/li>\r\n<li><a href=\"https:\/\/sinoextrud.com\/product\/aluminum-round-tube-extrusion\/\" target=\"_blank\">Aluminum Round Tube Extrusion<\/a><\/li>\r\n<li><a href=\"https:\/\/sinoextrud.com\/product\/20mm-x-20mm-aluminum-extrusion\/\" target=\"_blank\">20mm X 20mm Aluminum Extrusion<\/a><\/li>\r\n<li><a href=\"https:\/\/sinoextrud.com\/product\/aluminium-sliding-door-matt-grey\/\" target=\"_blank\">Aluminium Sliding Door Matt Grey<\/a><\/li>\r\n<li><a href=\"https:\/\/sinoextrud.com\/product\/oem-aluminum-extrusion-profile-for-windows-and-doors\/\" target=\"_blank\">OEM Aluminum Extrusion Profile for Windows and Doors<\/a><\/li>"},"feature_list":[]},"_links":{"self":[{"href":"https:\/\/sinoextrud.com\/cs\/wp-json\/wp\/v2\/product\/6347","targetHints":{"allow":["GET"]}}],"collection":[{"href":"https:\/\/sinoextrud.com\/cs\/wp-json\/wp\/v2\/product"}],"about":[{"href":"https:\/\/sinoextrud.com\/cs\/wp-json\/wp\/v2\/types\/product"}],"wp:featuredmedia":[{"embeddable":true,"href":"https:\/\/sinoextrud.com\/cs\/wp-json\/wp\/v2\/media\/6346"}],"wp:attachment":[{"href":"https:\/\/sinoextrud.com\/cs\/wp-json\/wp\/v2\/media?parent=6347"}],"wp:term":[{"taxonomy":"category","embeddable":true,"href":"https:\/\/sinoextrud.com\/cs\/wp-json\/wp\/v2\/categories?post=6347"}],"curies":[{"name":"wp","href":"https:\/\/api.w.org\/{rel}","templated":true}]}}