{"id":6345,"date":"2025-05-27T03:06:36","date_gmt":"2025-05-27T03:06:36","guid":{"rendered":"https:\/\/sinoextrud.com\/product\/aluminium-square-tubes\/"},"modified":"2025-06-24T06:10:47","modified_gmt":"2025-06-24T06:10:47","slug":"hlinikove-ctvercove-trubky","status":"publish","type":"product","link":"https:\/\/sinoextrud.com\/cs\/product\/aluminium-square-tubes\/","title":{"rendered":"Hlin\u00edkov\u00e9 \u010dtvercov\u00e9 trubky"},"content":{"rendered":"<h2>Podrobnosti o produktech<\/h2>\n<table class=\"custom-table\">\n<tr>\n<td class=\"label\">N\u00e1zev produktu<\/td>\n<td>Hlin\u00edkov\u00e9 \u010dtvercov\u00e9 trubky<\/td>\n<\/tr>\n<tr>\n<td class=\"label\">Materi\u00e1l<\/td>\n<td>\u0158ada 6000\/7000<\/td>\n<\/tr>\n<tr>\n<td class=\"label\">T\u0159\u00edda<\/td>\n<td>6063T3-T8<\/td>\n<\/tr>\n<tr>\n<td class=\"label\">Vn\u011bj\u0161\u00ed pr\u016fm\u011br<\/td>\n<td>P\u0159izp\u016fsoben\u00e9<\/td>\n<\/tr>\n<tr>\n<td class=\"label\">D\u00e9lka<\/td>\n<td>podle po\u017eadavku, standard: 1m-9m<\/td>\n<\/tr>\n<tr>\n<td class=\"label\">Tlou\u0161\u0165ka<\/td>\n<td>na m\u00edru<\/td>\n<\/tr>\n<tr>\n<td class=\"label\">Tvar<\/td>\n<td>Kulat\u00e9, \u010dtvercov\u00e9, obd\u00e9ln\u00edkov\u00e9 atd.<\/td>\n<\/tr>\n<tr>\n<td class=\"label\">Standardn\u00ed<\/td>\n<td>DIN GB ISO JIS BA ANSI<\/td>\n<\/tr>\n<tr>\n<td class=\"label\">Povrchov\u00e9 \u00fapravy<\/td>\n<td>Eloxov\u00e1n\u00ed, le\u0161t\u011bn\u00ed, pr\u00e1\u0161kov\u00e9 lakov\u00e1n\u00ed, elektrofor\u00e9za, p\u00edskov\u00e1n\u00ed, potahov\u00e1 f\u00f3lie atd.<\/td>\n<\/tr>\n<tr>\n<td class=\"label\">Dod\u00e1vka<\/td>\n<td>20-25dn\u00ed<\/td>\n<\/tr>\n<\/table>\n<h2>Na\u0161e v\u00fdrobn\u00ed z\u00e1kladna<\/h2>\n<h3>Panorama tov\u00e1rny<\/h3>\n<p><img decoding=\"async\" src=\"\/wp-content\/uploads\/factory-01.webp\"\/><\/p>\n<h3>D\u00edlna na v\u00fdrobu hlin\u00edkov\u00fdch ty\u010d\u00ed<\/h3>\n<p><img decoding=\"async\" src=\"\/wp-content\/uploads\/factory-02.webp\"\/><\/p>\n<p><img decoding=\"async\" src=\"\/wp-content\/uploads\/factory-03.webp\"\/><\/p>\n<h3>Sklad pl\u00edsn\u00ed<\/h3>\n<p><img decoding=\"async\" src=\"\/wp-content\/uploads\/factory-04.webp\"\/><\/p>\n<h3>43 linek na vytla\u010dov\u00e1n\u00ed hlin\u00edku (500 - 5500 tun)<\/h3>\n<p><img decoding=\"async\" src=\"\/wp-content\/uploads\/factory-05.webp\"\/><\/p>\n<p><img decoding=\"async\" src=\"\/wp-content\/uploads\/factory-06.webp\"\/><\/p>\n<p><img decoding=\"async\" src=\"\/wp-content\/uploads\/factory-07.webp\"\/><\/p>\n<h3>D\u00edlna pr\u00e1\u0161kov\u00e9ho lakov\u00e1n\u00ed<\/h3>\n<p><img decoding=\"async\" src=\"\/wp-content\/uploads\/factory-09.webp\"\/><\/p>\n<h3>D\u00edlna eloxov\u00e1n\u00ed<\/h3>\n<p><img decoding=\"async\" src=\"\/wp-content\/uploads\/factory-10.webp\"\/><\/p>\n<h3>Workshop o hloubkov\u00e9m zpracov\u00e1n\u00ed<\/h3>\n<p><img decoding=\"async\" src=\"\/wp-content\/uploads\/factory-11.webp\"\/><\/p>\n<h3>D\u00edlna CNC p\u0159esn\u00e9ho obr\u00e1b\u011bn\u00ed<\/h3>\n<p><img decoding=\"async\" src=\"\/wp-content\/uploads\/factory-11.5.webp\"\/><\/p>\n<h3>Sklad hotov\u00fdch v\u00fdrobk\u016f a exportn\u00ed sklad<\/h3>\n<p><img decoding=\"async\" src=\"\/wp-content\/uploads\/factory-12.webp\"\/><\/p>\n<p><img decoding=\"async\" src=\"\/wp-content\/uploads\/factory-13.webp\"\/><\/p>\n<p><img decoding=\"async\" src=\"\/wp-content\/uploads\/factory-14.webp\"\/><\/p>\n<h2>\u010cASTO KLADEN\u00c9 DOTAZY<\/h2>\n<p><p><b>1.K \u010demu se pou\u017e\u00edvaj\u00ed hlin\u00edkov\u00e9 \u010dtvercov\u00e9 trubky?<\/b><\/p>\n<p>Hlin\u00edkov\u00e9 \u010dty\u0159hrann\u00e9 trubky se d\u00edky sv\u00e9 pevnosti, rovnom\u011brn\u00e9mu tvaru a n\u00edzk\u00e9 hmotnosti hojn\u011b pou\u017e\u00edvaj\u00ed ve stavebnictv\u00ed, p\u0159i v\u00fdrob\u011b r\u00e1m\u016f, n\u00e1bytku a v pr\u016fmyslu.<br \/>\n<\/p><br \/>\n<br \/>\n<p><b>2.Jak\u00e9 jsou hlavn\u00ed v\u00fdhody hlin\u00edkov\u00fdch \u010dtvercov\u00fdch trubek?<\/b><\/p>\n<p>Hlin\u00edkov\u00e9 \u010dty\u0159hrann\u00e9 trubky nab\u00edzej\u00ed vysok\u00fd pom\u011br pevnosti a hmotnosti, odolnost proti korozi, snadnou v\u00fdrobu a \u010dist\u00fd, modern\u00ed vzhled.<br \/>\n<\/p><br \/>\n<br \/>\n<p><b>3.Pro\u010d zvolit hlin\u00edkov\u00e9 \u010dtvercov\u00e9 trubky m\u00edsto ocelov\u00fdch nebo plastov\u00fdch alternativ?<\/b><\/p>\n<p>Hlin\u00edkov\u00e9 \u010dty\u0159hrann\u00e9 trubky jsou leh\u010d\u00ed ne\u017e ocel a odoln\u011bj\u0161\u00ed ne\u017e plast, tak\u017ee p\u0159edstavuj\u00ed cenov\u011b v\u00fdhodn\u00e9 \u0159e\u0161en\u00ed odoln\u00e9 proti korozi pro konstruk\u010dn\u00ed a dekorativn\u00ed pou\u017eit\u00ed.<br \/>\n<\/p><br \/>\n<br \/>\n<p><b>4.Can hlin\u00edkov\u00e9 \u010dtvercov\u00e9 trubky b\u00fdt p\u0159izp\u016fsobeny?<\/b><\/p>\n<p>Ano, hlin\u00edkov\u00e9 \u010dty\u0159hrann\u00e9 trubky lze p\u0159izp\u016fsobit z hlediska velikosti, tlou\u0161\u0165ky st\u011bny, d\u00e9lky, slitiny a povrchov\u00e9 \u00fapravy tak, aby spl\u0148ovaly specifick\u00e9 po\u017eadavky projektu.<br \/>\n<\/p><br \/>\n<br \/>\n<p><b>5.Jak\u00e9 povrchov\u00e9 \u00fapravy jsou k dispozici pro hlin\u00edkov\u00e9 \u010dtvercov\u00e9 trubky?<\/b><\/p>\n<p>Mezi b\u011b\u017en\u00e9 povrchov\u00e9 \u00fapravy pat\u0159\u00ed eloxov\u00e1n\u00ed, pr\u00e1\u0161kov\u00e9 lakov\u00e1n\u00ed a fr\u00e9zov\u00e1n\u00ed, kter\u00e9 zvy\u0161uj\u00ed ochranu proti korozi, odolnost a vizu\u00e1ln\u00ed p\u0159ita\u017elivost.<br \/>\n<\/p><br \/>\n<br \/>\n<p><b>6.Jsou hlin\u00edkov\u00e9 \u010dtvercov\u00e9 trubky vhodn\u00e9 pro venkovn\u00ed pou\u017eit\u00ed?<\/b><\/p>\n<p>Ano, p\u0159i spr\u00e1vn\u00e9 povrchov\u00e9 \u00faprav\u011b jsou hlin\u00edkov\u00e9 \u010dty\u0159hrann\u00e9 trubky ide\u00e1ln\u00ed pro venkovn\u00ed prost\u0159ed\u00ed d\u00edky sv\u00e9 vynikaj\u00edc\u00ed odolnosti v\u016f\u010di pov\u011btrnostn\u00edm vliv\u016fm a UV z\u00e1\u0159en\u00ed.<br \/>\n<\/p><br \/>\n<br \/>\n<p><b>7.Jak hlin\u00edkov\u00e9 \u010dtvercov\u00e9 trubky podporuj\u00ed udr\u017eitelnou v\u00fdstavbu?<\/b><\/p>\n<p>Hlin\u00edk je 100% recyklovateln\u00fd a energeticky \u00fasporn\u00fd, tak\u017ee hlin\u00edkov\u00e9 \u010dty\u0159hrann\u00e9 trubky jsou udr\u017eitelnou volbou pro ekologick\u00e9 stavebn\u00ed projekty.<br \/>\n<\/p><br \/><\/p>","protected":false},"featured_media":6344,"template":"","categories":[60],"class_list":["post-6345","product","type-product","status-publish","has-post-thumbnail","hentry","category-general-tubes-and-bars"],"meta_box":{"hilight_text_group":{"product_hilight_text":"<li>Strong and lightweight structure ideal for framing and support<\/li>\r\r\n<li>Corrosion-resistant aluminum suitable for indoor and outdoor use<\/li>\r\r\n<li>Available in various sizes, wall thicknesses, and finishes<\/li>\r\r\n<li>Easy to cut, weld, and machine for flexible fabrication<\/li>\r\r\n<li>Supports custom orders and bulk supply with fast delivery<\/li>","product_chanpin_blog":"<ul>\r\r\n<li><a href=\"https:\/\/sinoextrud.com\/t-slot-v-slot-differences\/\" target=\"_blank\">t slot vs v slot<\/a><\/li>\r\r\n<li><a href=\"https:\/\/sinoextrud.com\/what-is-4040-aluminium-extrud\/\" target=\"_blank\">4040 aluminium extrusion<\/a><\/li>\r\r\n<li><a href=\"https:\/\/sinoextrud.com\/what-is-4040-aluminium-extrud\/\" target=\"_blank\">aluminum extrusions for industrial racks<\/a><\/li>\r\r\n<li><a href=\"https:\/\/sinoextrud.com\/powder-coating-aluminium-process\/\" target=\"_blank\">powder coating aluminium<\/a><\/li>\r\r\n<li><a href=\"https:\/\/sinoextrud.com\/what-is-an-aluminium-strip-ceiling\/\" target=\"_blank\">aluminium strip ceiling<\/a><\/li>\r\r\n<li><a href=\"https:\/\/sinoextrud.com\/what-is-a-heat-sink\/\" target=\"_blank\">what is a heat sink<\/a><\/li>\r\r\n<\/ul>","product_chanpin_chanpin":"<li><a href=\"https:\/\/sinoextrud.com\/product\/aluminum-tube-suppliers\/\" target=\"_blank\">Aluminum Tube Suppliers<\/a><\/li>\r\n<li><a href=\"https:\/\/sinoextrud.com\/product\/quarter-round-aluminum-extrusion\/\" target=\"_blank\">Quarter Round Aluminum Extrusion<\/a><\/li>\r\n<li><a href=\"https:\/\/sinoextrud.com\/product\/extruded-aluminum-bar\/\" target=\"_blank\">Extruded Aluminum Bar<\/a><\/li>\r\n<li><a href=\"https:\/\/sinoextrud.com\/product\/aluminium-profile-10x10\/\" target=\"_blank\">Aluminium Profile 10\u00c3\u201410<\/a><\/li>\r\n<li><a href=\"https:\/\/sinoextrud.com\/product\/aluminium-square-tubes\/\" target=\"_blank\">Aluminium Square tubes<\/a><\/li>\r\n<li><a href=\"https:\/\/sinoextrud.com\/product\/oval-aluminum-extrusion\/\" target=\"_blank\">Oval Aluminum Extrusion<\/a><\/li>\r\n<li><a href=\"https:\/\/sinoextrud.com\/product\/powder-coated-aluminum-tube\/\" target=\"_blank\">Powder Coated Aluminum Tube<\/a><\/li>\r\n<li><a href=\"https:\/\/sinoextrud.com\/product\/3003-round-aluminum-tube-extrusion-in-stock\/\" target=\"_blank\">3003 Round Aluminum Tube Extrusion In Stock<\/a><\/li>\r\n<li><a href=\"https:\/\/sinoextrud.com\/product\/aluminum-round-tube-extrusion\/\" target=\"_blank\">Aluminum Round Tube Extrusion<\/a><\/li>\r\n<li><a href=\"https:\/\/sinoextrud.com\/product\/aluminium-profile-structure\/\" target=\"_blank\">Aluminium Profile Structure<\/a><\/li>\r\n<li><a href=\"https:\/\/sinoextrud.com\/product\/joining-aluminium-extrusions\/\" target=\"_blank\">Joining Aluminium Extrusions<\/a><\/li>"},"feature_list":[]},"_links":{"self":[{"href":"https:\/\/sinoextrud.com\/cs\/wp-json\/wp\/v2\/product\/6345","targetHints":{"allow":["GET"]}}],"collection":[{"href":"https:\/\/sinoextrud.com\/cs\/wp-json\/wp\/v2\/product"}],"about":[{"href":"https:\/\/sinoextrud.com\/cs\/wp-json\/wp\/v2\/types\/product"}],"wp:featuredmedia":[{"embeddable":true,"href":"https:\/\/sinoextrud.com\/cs\/wp-json\/wp\/v2\/media\/6344"}],"wp:attachment":[{"href":"https:\/\/sinoextrud.com\/cs\/wp-json\/wp\/v2\/media?parent=6345"}],"wp:term":[{"taxonomy":"category","embeddable":true,"href":"https:\/\/sinoextrud.com\/cs\/wp-json\/wp\/v2\/categories?post=6345"}],"curies":[{"name":"wp","href":"https:\/\/api.w.org\/{rel}","templated":true}]}}