{"id":6316,"date":"2025-05-26T09:55:17","date_gmt":"2025-05-26T09:55:17","guid":{"rendered":"https:\/\/sinoextrud.com\/product\/extruded-aluminum-stock-shapes\/"},"modified":"2025-06-24T06:10:42","modified_gmt":"2025-06-24T06:10:42","slug":"tvary-z-extrudovaneho-hliniku","status":"publish","type":"product","link":"https:\/\/sinoextrud.com\/cs\/product\/extruded-aluminum-stock-shapes\/","title":{"rendered":"Extrudovan\u00e9 tvary z hlin\u00edku"},"content":{"rendered":"<h2>Podrobnosti o produktech<\/h2>\n<table class=\"custom-table\">\n<tr>\n<td class=\"label\">Polo\u017eka<\/td>\n<td>Extrudovan\u00e9 hlin\u00edkov\u00e9 trubky, Extrudovan\u00e9 hlin\u00edkov\u00e9 trubky, Extrudovan\u00e9 hlin\u00edkov\u00e9 \u010dtvercov\u00e9 trubky, Extrudovan\u00e9 hlin\u00edkov\u00e9 \u010dtvercov\u00e9 trubky, Extrudovan\u00e9 hlin\u00edkov\u00e9 skladov\u00e9 tvary<\/td>\n<\/tr>\n<tr>\n<td class=\"label\">Materi\u00e1l<\/td>\n<td>Hlin\u00edk \u0159ady 6000 (6063, 6061, 6463, 6082)<\/td>\n<\/tr>\n<tr>\n<td class=\"label\">Temperament<\/td>\n<td>T4, T5, T6<\/td>\n<\/tr>\n<tr>\n<td class=\"label\">Velikost \/ tlou\u0161\u0165ka<\/td>\n<td>Obecn\u00e1 tlou\u0161\u0165ka profil\u016f od 0,8 do 5,0 mm nebo p\u0159izp\u016fsoben\u00e1, d\u00e9lka od 3 m do 6 m nebo p\u0159izp\u016fsoben\u00e1; tlou\u0161\u0165ka eloxovac\u00edho ochrann\u00e9ho filmu od 8 ~ 20 um, pr\u00e1\u0161kov\u00e9 lakov\u00e1n\u00ed od 40 ~ 120 um.<\/td>\n<\/tr>\n<tr>\n<td class=\"label\">Tvar<\/td>\n<td>\u010dtvercov\u00e9, kulat\u00e9, obd\u00e9ln\u00edkov\u00e9, troj\u00faheln\u00edkov\u00e9 atd. nebo na m\u00edru.<\/td>\n<\/tr>\n<tr>\n<td class=\"label\">Aplikace<\/td>\n<td>V n\u00e1bytku, oknech a dve\u0159\u00edch, dekorac\u00edch, pr\u016fmyslu, stavebnictv\u00ed atd.<\/td>\n<\/tr>\n<tr>\n<td class=\"label\">Povrchov\u00e1 \u00faprava<\/td>\n<td>pr\u00e1\u0161kov\u00e9 lakov\u00e1n\u00ed, PVDF, eloxov\u00e1n\u00ed, d\u0159ev\u011bn\u00e9 zrno, elektrofor\u00e9za, kart\u00e1\u010dov\u00e1n\u00ed, le\u0161t\u011bn\u00ed atd.<\/td>\n<\/tr>\n<\/table>\n<h2>Na\u0161e v\u00fdrobn\u00ed z\u00e1kladna<\/h2>\n<h3>Panorama tov\u00e1rny<\/h3>\n<p><img decoding=\"async\" src=\"\/wp-content\/uploads\/factory-01.webp\"\/><\/p>\n<h3>D\u00edlna na v\u00fdrobu hlin\u00edkov\u00fdch ty\u010d\u00ed<\/h3>\n<p><img decoding=\"async\" src=\"\/wp-content\/uploads\/factory-02.webp\"\/><\/p>\n<p><img decoding=\"async\" src=\"\/wp-content\/uploads\/factory-03.webp\"\/><\/p>\n<h3>Sklad pl\u00edsn\u00ed<\/h3>\n<p><img decoding=\"async\" src=\"\/wp-content\/uploads\/factory-04.webp\"\/><\/p>\n<h3>43 linek na vytla\u010dov\u00e1n\u00ed hlin\u00edku (500 - 5500 tun)<\/h3>\n<p><img decoding=\"async\" src=\"\/wp-content\/uploads\/factory-05.webp\"\/><\/p>\n<p><img decoding=\"async\" src=\"\/wp-content\/uploads\/factory-06.webp\"\/><\/p>\n<p><img decoding=\"async\" src=\"\/wp-content\/uploads\/factory-07.webp\"\/><\/p>\n<h3>D\u00edlna pr\u00e1\u0161kov\u00e9ho lakov\u00e1n\u00ed<\/h3>\n<p><img decoding=\"async\" src=\"\/wp-content\/uploads\/factory-09.webp\"\/><\/p>\n<h3>D\u00edlna eloxov\u00e1n\u00ed<\/h3>\n<p><img decoding=\"async\" src=\"\/wp-content\/uploads\/factory-10.webp\"\/><\/p>\n<h3>Workshop o hloubkov\u00e9m zpracov\u00e1n\u00ed<\/h3>\n<p><img decoding=\"async\" src=\"\/wp-content\/uploads\/factory-11.webp\"\/><\/p>\n<h3>D\u00edlna CNC p\u0159esn\u00e9ho obr\u00e1b\u011bn\u00ed<\/h3>\n<p><img decoding=\"async\" src=\"\/wp-content\/uploads\/factory-11.5.webp\"\/><\/p>\n<h3>Sklad hotov\u00fdch v\u00fdrobk\u016f a exportn\u00ed sklad<\/h3>\n<p><img decoding=\"async\" src=\"\/wp-content\/uploads\/factory-12.webp\"\/><\/p>\n<p><img decoding=\"async\" src=\"\/wp-content\/uploads\/factory-13.webp\"\/><\/p>\n<p><img decoding=\"async\" src=\"\/wp-content\/uploads\/factory-14.webp\"\/><\/p>\n<h2>\u010cASTO KLADEN\u00c9 DOTAZY<\/h2>\n<p><p><b>1.K \u010demu se pou\u017e\u00edvaj\u00ed lisovan\u00e9 hlin\u00edkov\u00e9 tvarovky?<\/b><\/p>\n<p>Extrudovan\u00e9 hlin\u00edkov\u00e9 tvarovky se pou\u017e\u00edvaj\u00ed ve stavebnictv\u00ed, doprav\u011b, elektronice a v\u00fdrob\u011b pro svou n\u00edzkou hmotnost a p\u0159esn\u00fd tvar.<br \/>\n<\/p><br \/>\n<br \/>\n<p><b>2.Jak\u00e9 jsou hlavn\u00ed v\u00fdhody vytla\u010dovan\u00fdch hlin\u00edkov\u00fdch profil\u016f?<\/b><\/p>\n<p>Extrudovan\u00e9 tvary z hlin\u00edkov\u00e9ho plechu nab\u00edzej\u00ed vysok\u00fd pom\u011br pevnosti a hmotnosti, odolnost proti korozi a flexibilitu konstrukce pro \u0161irokou \u0161k\u00e1lu aplikac\u00ed.<br \/>\n<\/p><br \/>\n<br \/>\n<p><b>3.Pro\u010d zvolit lisovan\u00e9 hlin\u00edkov\u00e9 tvarovky m\u00edsto jin\u00fdch materi\u00e1l\u016f?<\/b><\/p>\n<p>Hlin\u00edkov\u00e9 tvarovky se snadn\u011bji obr\u00e1b\u011bj\u00ed, jsou odoln\u011bj\u0161\u00ed proti korozi a leh\u010d\u00ed ne\u017e ocel, tak\u017ee jsou ide\u00e1ln\u00ed pro n\u00e1kladov\u011b efektivn\u00ed a odoln\u00e9 konstrukce.<br \/>\n<\/p><br \/>\n<br \/>\n<p><b>4.Jak\u00e9 typy vytla\u010dovan\u00fdch hlin\u00edkov\u00fdch profil\u016f jsou k dispozici?<\/b><\/p>\n<p>Mezi b\u011b\u017en\u00e9 tvary pat\u0159\u00ed \u00faheln\u00edky, kan\u00e1ly, trubky, ty\u010de, pruty a zak\u00e1zkov\u00e9 profily, kter\u00e9 se vyr\u00e1b\u011bj\u00ed s p\u0159\u00edsn\u00fdmi tolerancemi a vysokou konzistenc\u00ed.<br \/>\n<\/p><br \/>\n<br \/>\n<p><b>5.Can extrudovan\u00e9 hlin\u00edkov\u00e9 z\u00e1soby tvary b\u00fdt p\u0159izp\u016fsobeny?<\/b><\/p>\n<p>Ano, lisovan\u00e9 tvarov\u00e9 d\u00edly lze p\u0159izp\u016fsobit typu slitiny, pr\u016f\u0159ezu, rozm\u011br\u016fm a povrchov\u00e9 \u00faprav\u011b tak, aby spl\u0148ovaly specifick\u00e9 po\u017eadavky.<br \/>\n<\/p><br \/>\n<br \/>\n<p><b>6.Jak\u00e9 povrchov\u00e9 \u00fapravy jsou nab\u00edzeny u hlin\u00edkov\u00fdch profil\u016f?<\/b><\/p>\n<p>Povrchov\u00e9 \u00fapravy, jako je eloxov\u00e1n\u00ed, pr\u00e1\u0161kov\u00e9 lakov\u00e1n\u00ed a fr\u00e9zov\u00e1n\u00ed, zvy\u0161uj\u00ed ochranu proti korozi, vzhled a odolnost proti opot\u0159eben\u00ed.<br \/>\n<\/p><br \/>\n<br \/>\n<p><b>7.Jsou tvary z extrudovan\u00e9ho hlin\u00edku vhodn\u00e9 pro venkovn\u00ed a pr\u016fmyslov\u00e9 pou\u017eit\u00ed?<\/b><\/p>\n<p>Ano, lisovan\u00e9 hlin\u00edkov\u00e9 tvarovky jsou d\u00edky sv\u00e9 trvanlivosti a odolnosti v\u016f\u010di pov\u011btrnostn\u00edm vliv\u016fm ide\u00e1ln\u00ed pro venkovn\u00ed i pr\u016fmyslov\u00e9 prost\u0159ed\u00ed.<br \/>\n<\/p><br \/>\n<br \/>\n<p><b>8.Jak podporuj\u00ed tvary z extrudovan\u00e9ho hlin\u00edku udr\u017eiteln\u00fd design?<\/b><\/p>\n<p>Hlin\u00edk je 100% recyklovateln\u00fd a lehk\u00fd, tak\u017ee lisovan\u00e9 tvary jsou ekologickou volbou pro energeticky \u00fa\u010dinn\u00e9 a udr\u017eiteln\u00e9 projekty.<br \/>\n<\/p><br \/><\/p>","protected":false},"featured_media":6315,"template":"","categories":[60],"class_list":["post-6316","product","type-product","status-publish","has-post-thumbnail","hentry","category-general-tubes-and-bars"],"meta_box":{"hilight_text_group":{"product_hilight_text":"<li>Wide variety of standard shapes ready for immediate use<\/li>\r\r\n<li>High dimensional accuracy from advanced extrusion processes<\/li>\r\r\n<li>Durable and lightweight for versatile industrial applications<\/li>\r\r\n<li>Available in different alloys, sizes, and surface finishes<\/li>\r\r\n<li>Supports bulk orders with fast lead times and stable supply<\/li>","product_chanpin_chanpin":"<li><a href=\"https:\/\/sinoextrud.com\/product\/aluminum-oval-tubing-with-competitive-price\/\" target=\"_blank\">Aluminum Oval Tubing With Competitive Price<\/a><\/li>\r\n<li><a href=\"https:\/\/sinoextrud.com\/product\/anodized-aluminum-alloy-pipe-supplier\/\" target=\"_blank\">Anodized Aluminum Alloy Pipe Supplier<\/a><\/li>\r\n<li><a href=\"https:\/\/sinoextrud.com\/product\/aluminium-extrusion-channel-profiles\/\" target=\"_blank\">Aluminium Extrusion Channel Profiles<\/a><\/li>\r\n<li><a href=\"https:\/\/sinoextrud.com\/product\/round-aluminum-extrusion-profiles\/\" target=\"_blank\">Round Aluminum Extrusion Profiles<\/a><\/li>\r\n<li><a href=\"https:\/\/sinoextrud.com\/product\/extruded-aluminum-stock-shapes\/\" target=\"_blank\">Extruded Aluminum Stock Shapes<\/a><\/li>\r\n<li><a href=\"https:\/\/sinoextrud.com\/product\/aluminium-tube-profiles\/\" target=\"_blank\">Aluminium Tube Profiles<\/a><\/li>\r\n<li><a href=\"https:\/\/sinoextrud.com\/product\/aluminum-rectangular-extrusion\/\" target=\"_blank\">Aluminum Rectangular Extrusion<\/a><\/li>\r\n<li><a href=\"https:\/\/sinoextrud.com\/product\/aluminum-channel\/\" target=\"_blank\">Aluminum Channel<\/a><\/li>\r\n<li><a href=\"https:\/\/sinoextrud.com\/product\/square-extruded-aluminum\/\" target=\"_blank\">Square Extruded Aluminum<\/a><\/li>\r\n<li><a href=\"https:\/\/sinoextrud.com\/product\/aluminum-profile-for-office-partition-catalog\/\" target=\"_blank\">Aluminum Profile For Office Partition Catalog<\/a><\/li>\r\n<li><a href=\"https:\/\/sinoextrud.com\/product\/aluminium-t-track-extrusions\/\" target=\"_blank\">Aluminium T Track Extrusions<\/a><\/li>"},"feature_list":[]},"_links":{"self":[{"href":"https:\/\/sinoextrud.com\/cs\/wp-json\/wp\/v2\/product\/6316","targetHints":{"allow":["GET"]}}],"collection":[{"href":"https:\/\/sinoextrud.com\/cs\/wp-json\/wp\/v2\/product"}],"about":[{"href":"https:\/\/sinoextrud.com\/cs\/wp-json\/wp\/v2\/types\/product"}],"wp:featuredmedia":[{"embeddable":true,"href":"https:\/\/sinoextrud.com\/cs\/wp-json\/wp\/v2\/media\/6315"}],"wp:attachment":[{"href":"https:\/\/sinoextrud.com\/cs\/wp-json\/wp\/v2\/media?parent=6316"}],"wp:term":[{"taxonomy":"category","embeddable":true,"href":"https:\/\/sinoextrud.com\/cs\/wp-json\/wp\/v2\/categories?post=6316"}],"curies":[{"name":"wp","href":"https:\/\/api.w.org\/{rel}","templated":true}]}}