{"id":6314,"date":"2025-05-26T09:53:04","date_gmt":"2025-05-26T09:53:04","guid":{"rendered":"https:\/\/sinoextrud.com\/product\/round-aluminum-extrusion-profiles\/"},"modified":"2025-06-24T06:10:42","modified_gmt":"2025-06-24T06:10:42","slug":"kulate-hlinikove-vytlacovaci-profily","status":"publish","type":"product","link":"https:\/\/sinoextrud.com\/cs\/product\/round-aluminum-extrusion-profiles\/","title":{"rendered":"Kulat\u00e9 hlin\u00edkov\u00e9 vytla\u010dovac\u00ed profily"},"content":{"rendered":"<h2>Podrobnosti o produktech<\/h2>\n<table class=\"custom-table\">\n<tr>\n<td class=\"label\">Polo\u017eka<\/td>\n<td>Extrudovan\u00e9 hlin\u00edkov\u00e9 trubky, Extrudovan\u00e9 hlin\u00edkov\u00e9 trubky, Extrudovan\u00e9 hlin\u00edkov\u00e9 kulat\u00e9 trubky, Extrudovan\u00e9 hlin\u00edkov\u00e9 kulat\u00e9 trubky<\/td>\n<\/tr>\n<tr>\n<td class=\"label\">Materi\u00e1l<\/td>\n<td>Hlin\u00edk \u0159ady 6000 (6063, 6061, 6463, 6082)<\/td>\n<\/tr>\n<tr>\n<td class=\"label\">Temperament<\/td>\n<td>T5-T8<\/td>\n<\/tr>\n<tr>\n<td class=\"label\">Velikost \/ tlou\u0161\u0165ka<\/td>\n<td>Obecn\u00e1 tlou\u0161\u0165ka profil\u016f od 0,8 do 5,0 mm nebo p\u0159izp\u016fsoben\u00e1, d\u00e9lka od 3 m do 6 m nebo p\u0159izp\u016fsoben\u00e1; tlou\u0161\u0165ka eloxovac\u00edho ochrann\u00e9ho filmu od 8 ~ 20 um, pr\u00e1\u0161kov\u00e9 lakov\u00e1n\u00ed od 40 ~ 120 um.<\/td>\n<\/tr>\n<tr>\n<td class=\"label\">Tvar<\/td>\n<td>\u010dtvercov\u00e9, kulat\u00e9, obd\u00e9ln\u00edkov\u00e9, troj\u00faheln\u00edkov\u00e9 atd. nebo na m\u00edru.<\/td>\n<\/tr>\n<tr>\n<td class=\"label\">Aplikace<\/td>\n<td>V n\u00e1bytku, oknech a dve\u0159\u00edch, dekorac\u00edch, pr\u016fmyslu, stavebnictv\u00ed atd.<\/td>\n<\/tr>\n<tr>\n<td class=\"label\">Povrchov\u00e1 \u00faprava<\/td>\n<td>pr\u00e1\u0161kov\u00e9 lakov\u00e1n\u00ed, PVDF, eloxov\u00e1n\u00ed, d\u0159ev\u011bn\u00e9 zrno, elektrofor\u00e9za, kart\u00e1\u010dov\u00e1n\u00ed, le\u0161t\u011bn\u00ed atd.<\/td>\n<\/tr>\n<tr>\n<td class=\"label\">Barvy<\/td>\n<td>Ref pr\u00e1\u0161kov\u00e9 lakov\u00e1n\u00ed barevn\u00fd list a p\u0159izp\u016fsoben\u00e9 barvy k dispozici<\/td>\n<\/tr>\n<tr>\n<td class=\"label\">Hloubkov\u00fd proces<\/td>\n<td>CNC, vrt\u00e1n\u00ed, fr\u00e9zov\u00e1n\u00ed, \u0159ez\u00e1n\u00ed, sva\u0159ov\u00e1n\u00ed, oh\u00fdb\u00e1n\u00ed, mont\u00e1\u017e<\/td>\n<\/tr>\n<tr>\n<td class=\"label\">MOQ<\/td>\n<td>200 kg pro ka\u017edou polo\u017eku<\/td>\n<\/tr>\n<tr>\n<td class=\"label\">Podrobnosti o balen\u00ed<\/td>\n<td>(1) Uvnit\u0159: zabaleno v plastov\u00e9 ochrann\u00e9 f\u00f3lii nebo plastov\u00e9m ochrann\u00e9m s\u00e1\u010dku.<br \/>(2) Venku: Zabalte svazky do vod\u011bodoln\u00e9ho \u0159emesln\u00e9ho pap\u00edru.<\/td>\n<\/tr>\n<tr>\n<td class=\"label\">Doba dod\u00e1n\u00ed<\/td>\n<td>(1) V\u00fdvoj matrice a testov\u00e1n\u00ed vzork\u016f: 10-15 dn\u00ed<br \/>(2) Dokon\u010den\u00ed hromadn\u00e9 v\u00fdroby: 20-30 dn\u00ed po potvrzen\u00ed vzorku kupuj\u00edc\u00edm.<\/td>\n<\/tr>\n<tr>\n<td class=\"label\">P\u0159\u00edstav FOB<\/td>\n<td>Guangzhou, Foshan, Shenzhen<\/td>\n<\/tr>\n<tr>\n<td class=\"label\">platebn\u00ed podm\u00ednky<\/td>\n<td>T\/T, 30% z\u00e1loha a z\u016fstatek mus\u00ed b\u00fdt splacen p\u0159ed odesl\u00e1n\u00edm.<\/td>\n<\/tr>\n<tr>\n<td class=\"label\">term\u00edn vypo\u0159\u00e1d\u00e1n\u00ed<\/td>\n<td>\u00da\u010dtov\u00e1n\u00ed podle kone\u010dn\u00e9 skute\u010dn\u00e9 hmotnosti nebo teoretick\u00e9 hmotnosti p\u0159i \u010derp\u00e1n\u00ed<\/td>\n<\/tr>\n<tr>\n<td class=\"label\">v\u00fdrobn\u00ed kapacita<\/td>\n<td>2400-3000 tun za m\u011bs\u00edc<\/td>\n<\/tr>\n<tr>\n<td class=\"label\">Zpracov\u00e1n\u00ed<\/td>\n<td>Popt\u00e1vka - Vzorek nebo v\u00fdkres CAD (dodan\u00fd z\u00e1kazn\u00edkem) - V\u00fdkres CAD (na\u0161e spole\u010dnost) - Potvrzen\u00ed v\u00fdkresu - V\u00fdroba formy - Konformace vzorku - Hromadn\u00e1 v\u00fdroba - Kontrola<\/td>\n<td>Dod\u00e1vka<\/td>\n<\/tr>\n<tr>\n<td class=\"label\">K dispozici je certifikace:<\/td>\n<td>ISO:9001, SONCAP, BV certifik\u00e1t nebo certifik\u00e1t z\u00e1kazn\u00edka k dispozici<\/td>\n<\/tr>\n<tr>\n<td class=\"label\">Z\u00e1ruka<\/td>\n<td>Barva povrchu m\u016f\u017ee b\u00fdt stabiln\u00ed po dobu 10 ~ 20 let p\u0159i pou\u017e\u00edv\u00e1n\u00ed v interi\u00e9ru.<\/td>\n<\/tr>\n<\/table>\n<h2>Na\u0161e v\u00fdrobn\u00ed z\u00e1kladna<\/h2>\n<h3>Panorama tov\u00e1rny<\/h3>\n<p><img decoding=\"async\" src=\"\/wp-content\/uploads\/factory-01.webp\"\/><\/p>\n<h3>D\u00edlna na v\u00fdrobu hlin\u00edkov\u00fdch ty\u010d\u00ed<\/h3>\n<p><img decoding=\"async\" src=\"\/wp-content\/uploads\/factory-02.webp\"\/><\/p>\n<p><img decoding=\"async\" src=\"\/wp-content\/uploads\/factory-03.webp\"\/><\/p>\n<h3>Sklad pl\u00edsn\u00ed<\/h3>\n<p><img decoding=\"async\" src=\"\/wp-content\/uploads\/factory-04.webp\"\/><\/p>\n<h3>43 linek na vytla\u010dov\u00e1n\u00ed hlin\u00edku (500 - 5500 tun)<\/h3>\n<p><img decoding=\"async\" src=\"\/wp-content\/uploads\/factory-05.webp\"\/><\/p>\n<p><img decoding=\"async\" src=\"\/wp-content\/uploads\/factory-06.webp\"\/><\/p>\n<p><img decoding=\"async\" src=\"\/wp-content\/uploads\/factory-07.webp\"\/><\/p>\n<h3>D\u00edlna pr\u00e1\u0161kov\u00e9ho lakov\u00e1n\u00ed<\/h3>\n<p><img decoding=\"async\" src=\"\/wp-content\/uploads\/factory-09.webp\"\/><\/p>\n<h3>D\u00edlna eloxov\u00e1n\u00ed<\/h3>\n<p><img decoding=\"async\" src=\"\/wp-content\/uploads\/factory-10.webp\"\/><\/p>\n<h3>Workshop o hloubkov\u00e9m zpracov\u00e1n\u00ed<\/h3>\n<p><img decoding=\"async\" src=\"\/wp-content\/uploads\/factory-11.webp\"\/><\/p>\n<h3>D\u00edlna CNC p\u0159esn\u00e9ho obr\u00e1b\u011bn\u00ed<\/h3>\n<p><img decoding=\"async\" src=\"\/wp-content\/uploads\/factory-11.5.webp\"\/><\/p>\n<h3>Sklad hotov\u00fdch v\u00fdrobk\u016f a exportn\u00ed sklad<\/h3>\n<p><img decoding=\"async\" src=\"\/wp-content\/uploads\/factory-12.webp\"\/><\/p>\n<p><img decoding=\"async\" src=\"\/wp-content\/uploads\/factory-13.webp\"\/><\/p>\n<p><img decoding=\"async\" src=\"\/wp-content\/uploads\/factory-14.webp\"\/><\/p>\n<h2>\u010cASTO KLADEN\u00c9 DOTAZY<\/h2>\n<p><p><b>1.K \u010demu se pou\u017e\u00edvaj\u00ed kulat\u00e9 hlin\u00edkov\u00e9 vytla\u010dovac\u00ed profily?<\/b><\/p>\n<p>Kulat\u00e9 hlin\u00edkov\u00e9 vytla\u010dovac\u00ed profily se d\u00edky sv\u00e9 pevnosti a estetick\u00e9mu vzhledu b\u011b\u017en\u011b pou\u017e\u00edvaj\u00ed v konstruk\u010dn\u00edch r\u00e1mech, automobilov\u00fdch komponentech, zobrazovac\u00edch syst\u00e9mech a v architektu\u0159e.<br \/>\n<\/p><br \/>\n<br \/>\n<p><b>2.Jak\u00e9 jsou hlavn\u00ed v\u00fdhody kulat\u00fdch hlin\u00edkov\u00fdch vytla\u010dovac\u00edch profil\u016f?<\/b><\/p>\n<p>Kulat\u00e9 hlin\u00edkov\u00e9 vytla\u010dovac\u00ed profily nab\u00edzej\u00ed lehkou pevnost, vynikaj\u00edc\u00ed odolnost proti korozi a jednotn\u00fd tvar pro funk\u010dn\u00ed i dekorativn\u00ed \u00fa\u010dely.<br \/>\n<\/p><br \/>\n<br \/>\n<p><b>3.Pro\u010d zvolit kulat\u00e9 hlin\u00edkov\u00e9 v\u00fdlisky nam\u00edsto jin\u00fdch tvar\u016f?<\/b><\/p>\n<p>Kulat\u00e9 hlin\u00edkov\u00e9 v\u00fdlisky poskytuj\u00ed hladk\u00e9 k\u0159ivky, lep\u0161\u00ed aerodynamiku a rovnom\u011brn\u00e9 rozlo\u017een\u00ed nap\u011bt\u00ed, tak\u017ee jsou ide\u00e1ln\u00ed pro konstruk\u010dn\u00ed a designov\u00e9 aplikace.<br \/>\n<\/p><br \/>\n<br \/>\n<p><b>4.Mohou b\u00fdt kulat\u00e9 hlin\u00edkov\u00e9 vytla\u010dovac\u00ed profily p\u0159izp\u016fsobeny?<\/b><\/p>\n<p>Ano, kulat\u00e9 hlin\u00edkov\u00e9 profily lze p\u0159izp\u016fsobit pr\u016fm\u011bru, tlou\u0161\u0165ce st\u011bny, typu slitiny a povrchov\u00e9 \u00faprav\u011b tak, aby spl\u0148ovaly specifick\u00e9 po\u017eadavky projektu.<br \/>\n<\/p><br \/>\n<br \/>\n<p><b>5.Jak\u00e9 povrchov\u00e9 \u00fapravy jsou k dispozici pro kruhov\u00e9 hlin\u00edkov\u00e9 v\u00fdlisky?<\/b><\/p>\n<p>K dispozici jsou povrchov\u00e9 \u00fapravy eloxov\u00e1n\u00edm, pr\u00e1\u0161kov\u00fdm lakov\u00e1n\u00edm a fr\u00e9zov\u00e1n\u00edm, kter\u00e9 zvy\u0161uj\u00ed odolnost proti korozi, trvanlivost a vizu\u00e1ln\u00ed kvalitu.<br \/>\n<\/p><br \/>\n<br \/>\n<p><b>6.Jsou kulat\u00e9 hlin\u00edkov\u00e9 lisovan\u00e9 profily vhodn\u00e9 pro venkovn\u00ed prost\u0159ed\u00ed?<\/b><\/p>\n<p>Ano, kulat\u00e9 hlin\u00edkov\u00e9 v\u00fdlisky s eloxovan\u00fdm nebo pr\u00e1\u0161kov\u011b lakovan\u00fdm povrchem jsou vysoce odoln\u00e9 v\u016f\u010di pov\u011btrnostn\u00edm vliv\u016fm, UV z\u00e1\u0159en\u00ed a korozi.<br \/>\n<\/p><br \/><\/p>","protected":false},"featured_media":6313,"template":"","categories":[60],"class_list":["post-6314","product","type-product","status-publish","has-post-thumbnail","hentry","category-general-tubes-and-bars"],"meta_box":{"hilight_text_group":{"product_hilight_text":"<li>High-precision round profiles suitable for mechanical and structural use<\/li>\r\r\n<li>Made from quality aluminum alloy for strength and corrosion resistance<\/li>\r\r\n<li>Lightweight design reduces transportation and installation costs<\/li>\r\r\n<li>Available in multiple diameters and wall thicknesses<\/li>\r\r\n<li>Supports anodizing, powder coating, and custom surface finishes<\/li>","product_chanpin_chanpin":"<li><a href=\"https:\/\/sinoextrud.com\/product\/large-diameter-aluminum-pipe-for-sale\/\" target=\"_blank\">Large Diameter Aluminum Pipe For Sale<\/a><\/li>\r\n<li><a href=\"https:\/\/sinoextrud.com\/product\/aluminum-oval-tubing-with-competitive-price\/\" target=\"_blank\">Aluminum Oval Tubing With Competitive Price<\/a><\/li>\r\n<li><a href=\"https:\/\/sinoextrud.com\/product\/anodized-aluminum-alloy-pipe-supplier\/\" target=\"_blank\">Anodized Aluminum Alloy Pipe Supplier<\/a><\/li>\r\n<li><a href=\"https:\/\/sinoextrud.com\/product\/aluminium-extrusion-channel-profiles\/\" target=\"_blank\">Aluminium Extrusion Channel Profiles<\/a><\/li>\r\n<li><a href=\"https:\/\/sinoextrud.com\/product\/round-aluminum-extrusion-profiles\/\" target=\"_blank\">Round Aluminum Extrusion Profiles<\/a><\/li>\r\n<li><a href=\"https:\/\/sinoextrud.com\/product\/extruded-aluminum-stock-shapes\/\" target=\"_blank\">Extruded Aluminum Stock Shapes<\/a><\/li>\r\n<li><a href=\"https:\/\/sinoextrud.com\/product\/aluminium-tube-profiles\/\" target=\"_blank\">Aluminium Tube Profiles<\/a><\/li>\r\n<li><a href=\"https:\/\/sinoextrud.com\/product\/aluminum-rectangular-extrusion\/\" target=\"_blank\">Aluminum Rectangular Extrusion<\/a><\/li>\r\n<li><a href=\"https:\/\/sinoextrud.com\/product\/aluminum-channel\/\" target=\"_blank\">Aluminum Channel<\/a><\/li>\r\n<li><a href=\"https:\/\/sinoextrud.com\/product\/extruded-aluminium-square-tube\/\" target=\"_blank\">Extruded Aluminium Square Tube<\/a><\/li>\r\n<li><a href=\"https:\/\/sinoextrud.com\/product\/aluminium-extrusion-3003-6082-7003-7075-aluminum-profile\/\" target=\"_blank\">Aluminium Extrusion 3003 6082 7003 7075 Aluminum Profile<\/a><\/li>"},"feature_list":[]},"_links":{"self":[{"href":"https:\/\/sinoextrud.com\/cs\/wp-json\/wp\/v2\/product\/6314","targetHints":{"allow":["GET"]}}],"collection":[{"href":"https:\/\/sinoextrud.com\/cs\/wp-json\/wp\/v2\/product"}],"about":[{"href":"https:\/\/sinoextrud.com\/cs\/wp-json\/wp\/v2\/types\/product"}],"wp:featuredmedia":[{"embeddable":true,"href":"https:\/\/sinoextrud.com\/cs\/wp-json\/wp\/v2\/media\/6313"}],"wp:attachment":[{"href":"https:\/\/sinoextrud.com\/cs\/wp-json\/wp\/v2\/media?parent=6314"}],"wp:term":[{"taxonomy":"category","embeddable":true,"href":"https:\/\/sinoextrud.com\/cs\/wp-json\/wp\/v2\/categories?post=6314"}],"curies":[{"name":"wp","href":"https:\/\/api.w.org\/{rel}","templated":true}]}}