{"id":6310,"date":"2025-05-26T09:40:17","date_gmt":"2025-05-26T09:40:17","guid":{"rendered":"https:\/\/sinoextrud.com\/product\/anodized-aluminum-alloy-pipe-supplier\/"},"modified":"2025-06-24T06:10:40","modified_gmt":"2025-06-24T06:10:40","slug":"dodavatel-eloxovanych-trubek-z-hlinikove-slitiny","status":"publish","type":"product","link":"https:\/\/sinoextrud.com\/cs\/product\/anodized-aluminum-alloy-pipe-supplier\/","title":{"rendered":"Dodavatel trubek z eloxovan\u00e9 hlin\u00edkov\u00e9 slitiny"},"content":{"rendered":"<h2>Podrobnosti o produktech<\/h2>\n<table class=\"custom-table\">\n<tr>\n<td class=\"label\">Polo\u017eka:<\/td>\n<td> Trubka z eloxovan\u00e9 hlin\u00edkov\u00e9 slitiny<\/td>\n<\/tr>\n<tr>\n<td class=\"label\">M\u00edrnost:<\/td>\n<td> T3-T8<\/td>\n<\/tr>\n<tr>\n<td class=\"label\">Typ:<\/td>\n<td> Hlin\u00edkov\u00e9 profily Extursion<\/td>\n<\/tr>\n<tr>\n<td class=\"label\">Slitina:<\/td>\n<td> Slitina<\/td>\n<\/tr>\n<tr>\n<td class=\"label\">T\u0159\u00edda:<\/td>\n<td> \u0158ada 6000<\/td>\n<\/tr>\n<tr>\n<td class=\"label\">D\u00e9lka:<\/td>\n<td> 1-9 metr\u016f nebo na m\u00edru<\/td>\n<\/tr>\n<tr>\n<td class=\"label\">Velikost:<\/td>\n<td> Vlastn\u00ed<\/td>\n<\/tr>\n<tr>\n<td class=\"label\">Povrchov\u00e1 \u00faprava:<\/td>\n<td> Eloxovan\u00e9<\/td>\n<\/tr>\n<tr>\n<td class=\"label\">Kontrola kvality:<\/td>\n<td> 100% Kontrola p\u0159ed odesl\u00e1n\u00edm<\/td>\n<\/tr>\n<tr>\n<td class=\"label\">Specifikace:<\/td>\n<td> ISO9001, ISO14001<\/td>\n<\/tr>\n<tr>\n<td class=\"label\">P\u016fvod:<\/td>\n<td> Foshan, \u010c\u00edna<\/td>\n<\/tr>\n<tr>\n<td class=\"label\">Ochrann\u00e1 zn\u00e1mka:<\/td>\n<td> Sinoextrud(Sinoextrud)\/OEM<\/td>\n<\/tr>\n<tr>\n<td class=\"label\">Typ:<\/td>\n<td> Hlin\u00edkov\u00fd profil pro okna a dve\u0159e, Dekora\u010dn\u00ed hlin\u00edkov\u00fd profil, Trubka z eloxovan\u00e9 hlin\u00edkov\u00e9 slitiny, Hlin\u00edkov\u00fd profil pro chladi\u010de, Hlin\u00edkov\u00fd profil pro sklen\u011bn\u00e9 st\u011bny, Pr\u016fmyslov\u00fd hlin\u00edkov\u00fd profil, Hlin\u00edkov\u00e1 trubka s d\u0159ev\u011bn\u00fdmi vl\u00e1kny, Hlin\u00edkov\u00e1 eloxovan\u00e1 trubka<\/td>\n<\/tr>\n<\/table>\n<h2>Na\u0161e v\u00fdrobn\u00ed z\u00e1kladna<\/h2>\n<h3>Panorama tov\u00e1rny<\/h3>\n<p><img decoding=\"async\" src=\"\/wp-content\/uploads\/factory-01.webp\"\/><\/p>\n<h3>D\u00edlna na v\u00fdrobu hlin\u00edkov\u00fdch ty\u010d\u00ed<\/h3>\n<p><img decoding=\"async\" src=\"\/wp-content\/uploads\/factory-02.webp\"\/><\/p>\n<p><img decoding=\"async\" src=\"\/wp-content\/uploads\/factory-03.webp\"\/><\/p>\n<h3>Sklad pl\u00edsn\u00ed<\/h3>\n<p><img decoding=\"async\" src=\"\/wp-content\/uploads\/factory-04.webp\"\/><\/p>\n<h3>43 linek na vytla\u010dov\u00e1n\u00ed hlin\u00edku (500 - 5500 tun)<\/h3>\n<p><img decoding=\"async\" src=\"\/wp-content\/uploads\/factory-05.webp\"\/><\/p>\n<p><img decoding=\"async\" src=\"\/wp-content\/uploads\/factory-06.webp\"\/><\/p>\n<p><img decoding=\"async\" src=\"\/wp-content\/uploads\/factory-07.webp\"\/><\/p>\n<h3>D\u00edlna pr\u00e1\u0161kov\u00e9ho lakov\u00e1n\u00ed<\/h3>\n<p><img decoding=\"async\" src=\"\/wp-content\/uploads\/factory-09.webp\"\/><\/p>\n<h3>D\u00edlna eloxov\u00e1n\u00ed<\/h3>\n<p><img decoding=\"async\" src=\"\/wp-content\/uploads\/factory-10.webp\"\/><\/p>\n<h3>Workshop o hloubkov\u00e9m zpracov\u00e1n\u00ed<\/h3>\n<p><img decoding=\"async\" src=\"\/wp-content\/uploads\/factory-11.webp\"\/><\/p>\n<h3>D\u00edlna CNC p\u0159esn\u00e9ho obr\u00e1b\u011bn\u00ed<\/h3>\n<p><img decoding=\"async\" src=\"\/wp-content\/uploads\/factory-11.5.webp\"\/><\/p>\n<h3>Sklad hotov\u00fdch v\u00fdrobk\u016f a exportn\u00ed sklad<\/h3>\n<p><img decoding=\"async\" src=\"\/wp-content\/uploads\/factory-12.webp\"\/><\/p>\n<p><img decoding=\"async\" src=\"\/wp-content\/uploads\/factory-13.webp\"\/><\/p>\n<p><img decoding=\"async\" src=\"\/wp-content\/uploads\/factory-14.webp\"\/><\/p>\n<h2>\u010cASTO KLADEN\u00c9 DOTAZY<\/h2>\n<p><p><b>1.Co nab\u00edz\u00ed dodavatel trubek z eloxovan\u00e9 hlin\u00edkov\u00e9 slitiny?<\/b><\/p>\n<p>Dodavatel trubek z eloxovan\u00e9 hlin\u00edkov\u00e9 slitiny poskytuje vysoce kvalitn\u00ed trubky se zv\u00fd\u0161enou odolnost\u00ed proti korozi, trvanlivost\u00ed a povrchovou \u00fapravou vhodnou pro pr\u016fmyslov\u00e9 a architektonick\u00e9 pou\u017eit\u00ed.<br \/>\n<\/p><br \/>\n<br \/>\n<p><b>2.Jak\u00e9 jsou v\u00fdhody trubek z eloxovan\u00e9 hlin\u00edkov\u00e9 slitiny?<\/b><\/p>\n<p>Trubky z eloxovan\u00e9 hlin\u00edkov\u00e9 slitiny poskytuj\u00ed vynikaj\u00edc\u00ed ochranu proti korozi, zv\u00fd\u0161enou tvrdost povrchu a atraktivn\u00ed povrchovou \u00fapravu s dlouhou \u017eivotnost\u00ed.<br \/>\n<\/p><br \/>\n<br \/>\n<p><b>3.Pro\u010d zvolit eloxovan\u00e9 hlin\u00edkov\u00e9 trubky m\u00edsto neeloxovan\u00fdch variant?<\/b><\/p>\n<p>Eloxovan\u00e9 hlin\u00edkov\u00e9 trubky maj\u00ed ochrannou vrstvu oxidu, kter\u00e1 odol\u00e1v\u00e1 korozi, opot\u0159eben\u00ed a po\u0161kozen\u00ed UV z\u00e1\u0159en\u00edm, tak\u017ee jsou odoln\u011bj\u0161\u00ed v drsn\u00e9m prost\u0159ed\u00ed.<br \/>\n<\/p><br \/>\n<br \/>\n<p><b>4.Can eloxovan\u00e9 trubky z hlin\u00edkov\u00e9 slitiny lze p\u0159izp\u016fsobit?<\/b><\/p>\n<p>Ano, dodavatel\u00e9 nab\u00edzej\u00ed p\u0159izp\u016fsobiteln\u00e9 mo\u017enosti t\u0159\u00eddy slitiny, rozm\u011br\u016f trubek, tlou\u0161\u0165ky st\u011bny a barvy eloxov\u00e1n\u00ed, aby splnili konkr\u00e9tn\u00ed po\u017eadavky projektu.<br \/>\n<\/p><br \/>\n<br \/>\n<p><b>5.Jak\u00e1 odv\u011btv\u00ed pou\u017e\u00edvaj\u00ed trubky z eloxovan\u00e9 hlin\u00edkov\u00e9 slitiny?<\/b><\/p>\n<p>Odv\u011btv\u00ed, jako je stavebnictv\u00ed, doprava, n\u00e1mo\u0159n\u00ed pr\u016fmysl a n\u00e1bytk\u00e1\u0159stv\u00ed, b\u011b\u017en\u011b pou\u017e\u00edvaj\u00ed eloxovan\u00e9 hlin\u00edkov\u00e9 trubky pro jejich lehkou pevnost a estetickou povrchovou \u00fapravu.<br \/>\n<\/p><br \/>\n<br \/>\n<p><b>6.Jak eloxov\u00e1n\u00ed zlep\u0161uje v\u00fdkon hlin\u00edkov\u00fdch trubek?<\/b><\/p>\n<p>Eloxov\u00e1n\u00ed vytv\u00e1\u0159\u00ed tvrdou, nevodivou vrstvu oxidu, kter\u00e1 zvy\u0161uje odolnost proti korozi, ochranu proti opot\u0159eben\u00ed a lepen\u00ed n\u00e1t\u011br\u016f nebo lepidel.<br \/>\n<\/p><br \/>\n<br \/>\n<p><b>7.Kde najdu spolehliv\u00e9ho dodavatele trubek z eloxovan\u00e9 hlin\u00edkov\u00e9 slitiny?<\/b><\/p>\n<p>Renomovan\u00ed dodavatel\u00e9 eloxovan\u00fdch hlin\u00edkov\u00fdch trubek nab\u00edzej\u00ed certifikace kvality, konkurenceschopn\u00e9 ceny a slu\u017eby v\u00fdroby na zak\u00e1zku pro glob\u00e1ln\u00ed z\u00e1kazn\u00edky.<br \/>\n<\/p><br \/><\/p>","protected":false},"featured_media":6309,"template":"","categories":[60],"class_list":["post-6310","product","type-product","status-publish","has-post-thumbnail","hentry","category-general-tubes-and-bars"],"meta_box":{"hilight_text_group":{"product_hilight_text":"<li>Specialized in supplying anodized aluminum alloy pipes with high durability<\/li>\r\r\n<li>Enhanced corrosion resistance and surface hardness through anodizing<\/li>\r\r\n<li>Available in various alloys, sizes, and colors for diverse applications<\/li>\r\r\n<li>Stable bulk supply with consistent quality and on-time delivery<\/li>\r\r\n<li>Supports OEM services and customized specifications<\/li>","product_chanpin_chanpin":"<li><a href=\"https:\/\/sinoextrud.com\/product\/professional-aluminium-tubing\/\" target=\"_blank\">Professional Aluminium Tubing<\/a><\/li>\r\n<li><a href=\"https:\/\/sinoextrud.com\/product\/extruded-aluminum-pipe\/\" target=\"_blank\">Extruded Aluminum Pipe<\/a><\/li>\r\n<li><a href=\"https:\/\/sinoextrud.com\/product\/large-diameter-aluminum-pipe-for-sale\/\" target=\"_blank\">Large Diameter Aluminum Pipe For Sale<\/a><\/li>\r\n<li><a href=\"https:\/\/sinoextrud.com\/product\/aluminum-oval-tubing-with-competitive-price\/\" target=\"_blank\">Aluminum Oval Tubing With Competitive Price<\/a><\/li>\r\n<li><a href=\"https:\/\/sinoextrud.com\/product\/anodized-aluminum-alloy-pipe-supplier\/\" target=\"_blank\">Anodized Aluminum Alloy Pipe Supplier<\/a><\/li>\r\n<li><a href=\"https:\/\/sinoextrud.com\/product\/aluminium-extrusion-channel-profiles\/\" target=\"_blank\">Aluminium Extrusion Channel Profiles<\/a><\/li>\r\n<li><a href=\"https:\/\/sinoextrud.com\/product\/round-aluminum-extrusion-profiles\/\" target=\"_blank\">Round Aluminum Extrusion Profiles<\/a><\/li>\r\n<li><a href=\"https:\/\/sinoextrud.com\/product\/extruded-aluminum-stock-shapes\/\" target=\"_blank\">Extruded Aluminum Stock Shapes<\/a><\/li>\r\n<li><a href=\"https:\/\/sinoextrud.com\/product\/aluminium-tube-profiles\/\" target=\"_blank\">Aluminium Tube Profiles<\/a><\/li>\r\n<li><a href=\"https:\/\/sinoextrud.com\/product\/t-slot-aluminium-profile\/\" target=\"_blank\">T Slot Aluminium Profile<\/a><\/li>\r\n<li><a href=\"https:\/\/sinoextrud.com\/product\/round-aluminum-extrusion-architeture-fabrication\/\" target=\"_blank\">Round Aluminum Extrusion Architeture Fabrication<\/a><\/li>"},"feature_list":[]},"_links":{"self":[{"href":"https:\/\/sinoextrud.com\/cs\/wp-json\/wp\/v2\/product\/6310","targetHints":{"allow":["GET"]}}],"collection":[{"href":"https:\/\/sinoextrud.com\/cs\/wp-json\/wp\/v2\/product"}],"about":[{"href":"https:\/\/sinoextrud.com\/cs\/wp-json\/wp\/v2\/types\/product"}],"wp:featuredmedia":[{"embeddable":true,"href":"https:\/\/sinoextrud.com\/cs\/wp-json\/wp\/v2\/media\/6309"}],"wp:attachment":[{"href":"https:\/\/sinoextrud.com\/cs\/wp-json\/wp\/v2\/media?parent=6310"}],"wp:term":[{"taxonomy":"category","embeddable":true,"href":"https:\/\/sinoextrud.com\/cs\/wp-json\/wp\/v2\/categories?post=6310"}],"curies":[{"name":"wp","href":"https:\/\/api.w.org\/{rel}","templated":true}]}}